{"id":31136,"date":"2026-02-22T16:43:17","date_gmt":"2026-02-22T16:43:17","guid":{"rendered":"https:\/\/comprasyconsejos.store\/product\/wacom-intuos-pro-small-the-compact-and-lightweight-graphic-pen-tablet-with-wacom-pro-pen-3-creators-on-the-move-and-small-desktop-spaces-without-sacrificing-performance\/"},"modified":"2026-02-22T16:43:21","modified_gmt":"2026-02-22T16:43:21","slug":"wacom-intuos-pro-small-the-compact-and-lightweight-graphic-pen-tablet-with-wacom-pro-pen-3-creators-on-the-move-and-small-desktop-spaces-without-sacrificing-performance","status":"publish","type":"product","link":"https:\/\/comprasyconsejos.store\/en\/product\/wacom-intuos-pro-small-the-compact-and-lightweight-graphic-pen-tablet-with-wacom-pro-pen-3-creators-on-the-move-and-small-desktop-spaces-without-sacrificing-performance\/","title":{"rendered":"Wacom Intuos Pro Small, the compact and lightweight graphic pen tablet with Wacom Pro Pen 3, Creators on the Move and small desktop spaces, without sacrificing Performance."},"content":{"rendered":"<p>Price: <span style=\"color:#b12704\"><del>\u20ac274.99<\/del> - \u20ac259.99<\/span><br \/><i><small>(as of Feb 22, 2026 16:43:18 UTC &#8211; <span class=\"wp_automatic_amazon_disclaimer\" title=\"Product prices and availability are accurate as of the date\/time indicated and are subject to change. Any price and availability information displayed on [relevant Amazon Site(s), as applicable] at the time of purchase will apply to the purchase of this product.\">Details<\/span>)<\/small><\/i><\/p>\n<p><a href=\"https:\/\/amazon.es\/dp\/B0F443F3NV?tag=man008-21\"><img decoding=\"async\" src=\"https:\/\/valvepress.s3.amazonaws.com\/imgs\/buy_now.png\"><\/a><br \/>\n<\/p>\n<p>                                             From the manufacturer   <\/p>\n<p>                                                                             <img decoding=\"async\" alt=\"Wacom Intuos Pro S professional pen tablet\" src=\"https:\/\/images-na.ssl-images-amazon.com\/images\/G\/01\/x-locale\/common\/grey-pixel.gif\" class=\"a-spacing-base a-lazy-loaded\" data-src=\"https:\/\/m.media-amazon.com\/images\/S\/aplus-media-library-service-media\/e476a09a-df7c-4feb-add0-36ccc89bb090.__CR0,0,970,600_PT0_SX970_V1___.jpg\"><img decoding=\"async\" alt=\"Wacom Intuos Pro S professional pen tablet\" src=\"https:\/\/m.media-amazon.com\/images\/S\/aplus-media-library-service-media\/e476a09a-df7c-4feb-add0-36ccc89bb090.__CR0,0,970,600_PT0_SX970_V1___.jpg\">                                                                    <\/p>\n<h3 class=\"a-size-extra-large aplus-13-heading-text a-text-bold\"> Un flujo de trabajo que funciona <\/h3>\n<p class=\"description\"> El trabajo es c\u00f3mo creas. El flujo es la sensaci\u00f3n de crear. Experimenta la armon\u00eda perfecta entre Trabajo y Flujo con Wacom Intuos Pro, la l\u00ednea insignia de tabletas profesionales con l\u00e1piz de Wacom. Completamente redise\u00f1adas, ofrecen un nuevo nivel de precisi\u00f3n y control \u2013 y una experiencia creativa intuitiva que permite que tus ideas fluyan de forma natural. <\/p>\n<p class=\"apm-text-center\">\n                                                      <img decoding=\"async\" alt=\"Wacom Intuos Pro ExpressKeys and mechanical dial\" src=\"https:\/\/images-na.ssl-images-amazon.com\/images\/G\/01\/x-locale\/common\/grey-pixel.gif\" class=\"a-spacing-mini a-lazy-loaded\" data-src=\"https:\/\/m.media-amazon.com\/images\/S\/aplus-media-library-service-media\/ebddba49-d389-47f5-8366-6e493a78a6ca.__CR0,0,300,300_PT0_SX300_V1___.jpg\"><img decoding=\"async\" alt=\"Wacom Intuos Pro ExpressKeys and mechanical dial\" src=\"https:\/\/m.media-amazon.com\/images\/S\/aplus-media-library-service-media\/ebddba49-d389-47f5-8366-6e493a78a6ca.__CR0,0,300,300_PT0_SX300_V1___.jpg\">  <\/p>\n<p>                                                    Atajos m\u00e1s inteligentes, mejor control                                       <\/p>\n<p> Los nuevos ExpressKeys montados en la parte superior est\u00e1n m\u00e1s cerca del teclado para acceder m\u00e1s r\u00e1pido a tus atajos m\u00e1s usados \u2013 como deshacer, cambiar herramientas o abrir men\u00fas de pinceles. Personalizables individualmente o en grupos, se adaptan a cada aplicaci\u00f3n creativa en tu flujo de trabajo. Combinados con un dial mec\u00e1nico redise\u00f1ado, obtienes un control m\u00e1s fluido y preciso sobre el zoom, tama\u00f1o del pincel y m\u00e1s. <\/p>\n<p class=\"apm-text-center\">\n                                                      <img decoding=\"async\" alt=\"Exceptional Precision Meets Natural Comfort.\" src=\"https:\/\/images-na.ssl-images-amazon.com\/images\/G\/01\/x-locale\/common\/grey-pixel.gif\" class=\"a-spacing-mini a-lazy-loaded\" data-src=\"https:\/\/m.media-amazon.com\/images\/S\/aplus-media-library-service-media\/3a4bc909-3f61-4f7f-a473-9a41a517b8d7.__CR0,0,300,300_PT0_SX300_V1___.jpg\"><img decoding=\"async\" alt=\"Exceptional Precision Meets Natural Comfort.\" src=\"https:\/\/m.media-amazon.com\/images\/S\/aplus-media-library-service-media\/3a4bc909-3f61-4f7f-a473-9a41a517b8d7.__CR0,0,300,300_PT0_SX300_V1___.jpg\">  <\/p>\n<p>                                                    Precisi\u00f3n excepcional con comodidad natural                                       <\/p>\n<p> El Wacom Intuos Pro (2025) cuenta con una zona activa ampliada con una relaci\u00f3n de aspecto de 16:9, que se alinea perfectamente con las pantallas panor\u00e1micas modernas para una asignaci\u00f3n intuitiva entre l\u00e1piz y pantalla. Con 8.192 niveles de sensibilidad a la presi\u00f3n y reconocimiento de inclinaci\u00f3n, el Wacom Pro Pen 3 ofrece trazos naturales y precisos \u2013 capturando tu visi\u00f3n creativa con una precisi\u00f3n excepcional. <\/p>\n<p class=\"apm-text-center\">\n                                                      <img decoding=\"async\" alt=\"Your Pen That Fits Exactly to Your Way.\" src=\"https:\/\/images-na.ssl-images-amazon.com\/images\/G\/01\/x-locale\/common\/grey-pixel.gif\" class=\"a-spacing-mini a-lazy-loaded\" data-src=\"https:\/\/m.media-amazon.com\/images\/S\/aplus-media-library-service-media\/865e8da2-0010-4ef8-a74d-0bf1c6459e28.__CR0,0,300,300_PT0_SX300_V1___.jpg\"><img decoding=\"async\" alt=\"Your Pen That Fits Exactly to Your Way.\" src=\"https:\/\/m.media-amazon.com\/images\/S\/aplus-media-library-service-media\/865e8da2-0010-4ef8-a74d-0bf1c6459e28.__CR0,0,300,300_PT0_SX300_V1___.jpg\">  <\/p>\n<p>                                                    Tu l\u00e1piz, adaptado exactamente a tu forma de trabajar                                       <\/p>\n<p> El Wacom Pro Pen 3 se basa en m\u00e1s de 40 a\u00f1os de innovaci\u00f3n de Wacom para ofrecer nuestro rendimiento de l\u00e1piz m\u00e1s preciso y natural hasta la fecha. Pero una gran respuesta de trazo es solo el principio \u2013 personaliza el agarre, la disposici\u00f3n de los botones, el tipo de punta e incluso el peso, para que el l\u00e1piz se ajuste perfectamente a tu mano y flujo de trabajo. Y sin necesidad de bater\u00eda ni carga, siempre est\u00e1 listo cuando t\u00fa lo est\u00e1s. <\/p>\n<p class=\"apm-text-center\">\n                                                      <img decoding=\"async\" alt=\"Seamless Connection for Maximum Compatibility.\" src=\"https:\/\/images-na.ssl-images-amazon.com\/images\/G\/01\/x-locale\/common\/grey-pixel.gif\" class=\"a-spacing-mini a-lazy-loaded\" data-src=\"https:\/\/m.media-amazon.com\/images\/S\/aplus-media-library-service-media\/011dc859-40d5-4608-b66d-b5e67992c005.__CR0,0,300,300_PT0_SX300_V1___.jpg\"><img decoding=\"async\" alt=\"Seamless Connection for Maximum Compatibility.\" src=\"https:\/\/m.media-amazon.com\/images\/S\/aplus-media-library-service-media\/011dc859-40d5-4608-b66d-b5e67992c005.__CR0,0,300,300_PT0_SX300_V1___.jpg\">  <\/p>\n<p>                                                    Conexi\u00f3n sin interrupciones para m\u00e1xima compatibilidad                                       <\/p>\n<p> Ya sea que te conectes por USB-C o inal\u00e1mbricamente con Bluetooth 5.3, Wacom Intuos Pro te ofrece la flexibilidad de crear como desees. Disfruta de un emparejamiento m\u00e1s r\u00e1pido, conexiones m\u00e1s fuertes y un rendimiento fiable \u2013 donde sea que trabajes. Compatible con Windows 10 o superior y macOS 13 o superior, est\u00e1 optimizado para el software creativo l\u00edder actual. <\/p>\n<p class=\"apm-text-center\">\n                                                      <img decoding=\"async\" alt=\"Slim. Strong. Designed to Match Your Style. \" src=\"https:\/\/images-na.ssl-images-amazon.com\/images\/G\/01\/x-locale\/common\/grey-pixel.gif\" class=\"a-spacing-mini a-lazy-loaded\" data-src=\"https:\/\/m.media-amazon.com\/images\/S\/aplus-media-library-service-media\/f5b19f91-eb9f-4647-a897-26cdb744b02a.__CR0,0,300,300_PT0_SX300_V1___.jpg\"><img decoding=\"async\" alt=\"Slim. Strong. Designed to Match Your Style. \" src=\"https:\/\/m.media-amazon.com\/images\/S\/aplus-media-library-service-media\/f5b19f91-eb9f-4647-a897-26cdb744b02a.__CR0,0,300,300_PT0_SX300_V1___.jpg\">  <\/p>\n<p>                                                    Delgado. Fuerte. Dise\u00f1ado para adaptarse a tu estilo                                       <\/p>\n<p> Con un perfil delgado de 4 mm y un cuerpo de aleaci\u00f3n de magnesio resistente, Wacom Intuos Pro est\u00e1 hecho para acompa\u00f1arte donde la inspiraci\u00f3n te encuentre. A pesar de su dise\u00f1o ligero, es lo suficientemente robusto para el uso diario \u2013 en el estudio o de viaje. Y con un dise\u00f1o ambidiestro, es perfectamente c\u00f3modo tanto para diestros como para zurdos. <\/p>\n<p class=\"apm-text-center\">\n                                                      <img decoding=\"async\" alt=\"Ready When You Are. From Start to Finish. \" src=\"https:\/\/images-na.ssl-images-amazon.com\/images\/G\/01\/x-locale\/common\/grey-pixel.gif\" class=\"a-spacing-mini a-lazy-loaded\" data-src=\"https:\/\/m.media-amazon.com\/images\/S\/aplus-media-library-service-media\/c3e88d09-cd7c-40f4-9022-233588361d9d.__CR0,0,300,300_PT0_SX300_V1___.jpg\"><img decoding=\"async\" alt=\"Ready When You Are. From Start to Finish. \" src=\"https:\/\/m.media-amazon.com\/images\/S\/aplus-media-library-service-media\/c3e88d09-cd7c-40f4-9022-233588361d9d.__CR0,0,300,300_PT0_SX300_V1___.jpg\">  <\/p>\n<p>                                                    Listo cuando t\u00fa lo est\u00e9s. De principio a fin                                       <\/p>\n<p> Trabaja de forma inal\u00e1mbrica hasta 16 horas con una sola carga \u2013 ideal para d\u00edas creativos completos, donde sea que est\u00e9s. Sin cables, sin desorden \u2013 solo concentraci\u00f3n y flujo, de principio a fin. Y cuando sea el momento de recargar, la carga r\u00e1pida por USB-C y el rendimiento inmediato mantienen tus ideas fluyendo sin interrupciones. <\/p>\n<p>                         Add To Basket  <\/p>\n<p>                         Add To Basket  <\/p>\n<p>                         Add To Basket  <\/p>\n<p>                             Customer Reviews  <\/p>\n<p>                    4.6 out of 5 stars  1,840  <\/p>\n<p>                    4.6 out of 5 stars  1,840  <\/p>\n<p>                    4.6 out of 5 stars  1,840  <\/p>\n<p>                    4.5 out of 5 stars  705  <\/p>\n<p>                             Price  <\/p>\n<p>                                    \u20ac259.99\u20ac259.99                  \u20ac439.38\u20ac439.38                  \u20ac548.97\u20ac548.97<br \/>\n                                            \u2014 no data<\/p>\n<p>                             Grupo objetivo<br \/>\n                                Profesionales creativos con espacio limitado o en movimiento               Ilustradores, dise\u00f1adores y editores fotogr\u00e1ficos               Edici\u00f3n de video, modelado 3D y animaci\u00f3n               Tama\u00f1o compacto para creativos con verdadera pasi\u00f3n por la fotograf\u00eda, el arte y el dise\u00f1o.              <\/p>\n<p>                             Dimensiones (La. x An. x Al.) \/ \u00c1rea activa \/ Peso<br \/>\n                                215 x 163 x 4~7 mm \/ 187 x 105 mm \/ 240 g               291 x 206 x 4~7 mm \/ 263 x 148 mm \/ 411 g               377 x 253 x 4~7 mm \/ 349 x 195 mm \/ 660 g               269 x 170 x 8.45 mm \/  160 x 100 mm \/ 450 g              <\/p>\n<p>                             L\u00e1piz<br \/>\n                                Wacom Pro Pen 3 (modular, personalizable) \u2013 todos sin bater\u00eda               Wacom Pro Pen 3 (modular, personalizable) \u2013 todos sin bater\u00eda               Wacom Pro Pen 3 (modular, personalizable) \u2013 todos sin bater\u00eda               Wacom Pro Pen 2              <\/p>\n<p>                             Compatibilidad con l\u00e1pices EMR de terceros<br \/>\n                                S\u00ed               S\u00ed               S\u00ed               No              <\/p>\n<p>                             Sensibilidad a la presi\u00f3n<br \/>\n                                8.192 niveles               8.192 niveles               8.192 niveles               8.192 niveles              <\/p>\n<p>                             Controles personalizables<br \/>\n                                ExpressKeys en la parte superior + dial mec\u00e1nico               ExpressKeys en la parte superior + dial mec\u00e1nico               ExpressKeys en la parte superior + dial mec\u00e1nico               ExpressKeys laterales + anillo t\u00e1ctil              <\/p>\n<p>                             Conectividad<br \/>\n                                USB-C, Bluetooth 5.3               USB-C, Bluetooth 5.3               USB-C, Bluetooth 5.3               USB, Bluetooth 4.2              <\/p>\n<p>                             Duraci\u00f3n de la bater\u00eda (inal\u00e1mbrico)<br \/>\n                                Hasta 16 horas + carga r\u00e1pida por USB-C               Hasta 16 horas + carga r\u00e1pida por USB-C               Hasta 16 horas + carga r\u00e1pida por USB-C               5 Vatios-hora              <\/p>\n<p>                             Dise\u00f1o y construcci\u00f3n<br \/>\n                                4 mm de grosor, aleaci\u00f3n de magnesio, dise\u00f1o ambidiestro               4 mm de grosor, aleaci\u00f3n de magnesio, dise\u00f1o ambidiestro               4 mm de grosor, aleaci\u00f3n de magnesio, dise\u00f1o ambidiestro               8 mm, superficie de aluminio, dise\u00f1o ambidiestro              <\/p>\n<p>                             Compatibilidad del sistema<br \/>\n                                Windows 10 o superior, macOS 13 o superior               Windows 10 o superior, macOS 13 o superior               Windows 10 o superior, macOS 13 o superior               Windows 7+, macOS 10+              <\/p>\n<p> Product Dimensions                                            \u200f                                            :                                            \u200e                                            21.5 x 16.3 x 0.1 cm; 620 g   <br \/> Manufacturer                                            \u200f                                            :                                            \u200e                                            Wacom   <br \/> ASIN                                            \u200f                                            :                                            \u200e                                            B0F443F3NV   <br \/> Item model number                                            \u200f                                            :                                            \u200e                                            PTK470K0B   <br \/> Country of origin                                            \u200f                                            :                                            \u200e                                            China   <br \/> Guaranteed software updates until                                            \u200f                                            :                                            \u200e                                            unknown   <br \/>  Customer reviews:                                                                                            4.6               4.6 out of 5 stars                                  (1,840)                                              var dpAcrHasRegisteredArcLinkClickAction;                    P.when(&#8216;A&#8217;, &#8216;ready&#8217;).execute(function(A) {                        if (dpAcrHasRegisteredArcLinkClickAction !== true) {                            dpAcrHasRegisteredArcLinkClickAction = true;                            A.declarative(                                &#8216;acrLink-click-metrics&#8217;, &#8216;click&#8217;,                                { \u00aballowLinkDefault\u00bb: true },                                function (event) {                                    if (window.ue) {                                        ue.count(\u00abacrLinkClickCount\u00bb, (ue.count(\u00abacrLinkClickCount\u00bb) || 0) + 1);                                    }                                }                            );                        }                    });                                             P.when(&#8216;A&#8217;, &#8216;cf&#8217;).execute(function(A) {                A.declarative(&#8216;acrStarsLink-click-metrics&#8217;, &#8216;click&#8217;, { \u00aballowLinkDefault\u00bb : true },  function(event){                    if(window.ue) {                        ue.count(\u00abacrStarsLinkWithPopoverClickCount\u00bb, (ue.count(\u00abacrStarsLinkWithPopoverClickCount\u00bb) || 0) + 1);                    }                });            });                          <\/p>\n<p>The Wacom flagship tablet (Graphic Tablet) has been completely redesigned with advanced pen technology, an ergonomic design and an ultra-slim 16:9 format. It offers exceptional accuracy, convenience and versatility, with USB and Bluetooth connectivity, allowing creators to strike a perfect balance between work and creativity. Compatible with Windows and Mac.<br \/>The Wacom Intuos Pro Small (2025) concentrates professional power in a compact, easy-to-carry design. Designed for creators who need top-notch performance without the bulk, it&#8217;s the trusted tool for everything from photo editing and illustration to sketching on the go. Backed by 40 years of Wacom experience, it delivers the precision and control professionals trust, no matter where creativity arises.<br \/>The ergonomic design of the new ExpressKeys and mechanical dials suit both right- and left-handed users, while configurable pen buttons, combined with easy wired USB and Bluetooth connectivity with multiple pairing, simplify even the most complex workflows. With a battery life of up to 16 hours, you can keep your creative flow longer without interruptions<br \/>The Wacom Pro Pen 3, with its 8,192 levels of pressure sensitivity, delivers ultra-precise strokes and is the perfect companion to the Wacom Intuos Pro tablet range. With customizable weights, buttons and grips, it also ensures exceptional comfort and a fully optimized workflow.<br \/>Contents: Wacom Intuos Pro Small (215 x 163 x 4~7 mm, active area 187&#215;105 mm), USB-C to A cable (1.8 m), Pro Pen 3 with accessories, stand with tips, extra grips, quick guide, IPI sheet and warranty.<\/p>\n\n","protected":false},"excerpt":{"rendered":"<p> From the manufacturer Un flujo de trabajo que funciona El trabajo es c\u00f3mo creas. El<\/p>","protected":false},"featured_media":31137,"comment_status":"open","ping_status":"closed","template":"","meta":[],"product_brand":[],"product_cat":[93],"product_tag":[651,646,648,650,1004,2772,787,655,6525,7322,956,9016,836,1551,163,9017,647,293,7482,157,652,653,649,654,7321],"class_list":{"0":"post-31136","1":"product","2":"type-product","3":"status-publish","4":"has-post-thumbnail","6":"product_cat-android-tablets","7":"product_tag-10-inch-tablet","8":"product_tag-android-tablet","9":"product_tag-best-android-tablet","10":"product_tag-budget-android-tablet","11":"product_tag-compact","12":"product_tag-creators","13":"product_tag-desktop","14":"product_tag-gaming-tablet","15":"product_tag-graphic","16":"product_tag-intuos","17":"product_tag-lightweight","18":"product_tag-move","19":"product_tag-pen","20":"product_tag-performance","21":"product_tag-pro","22":"product_tag-sacrificing","23":"product_tag-samsung-android-tablet","24":"product_tag-small","25":"product_tag-spaces","26":"product_tag-tablet","27":"product_tag-tablet-for-kids","28":"product_tag-tablet-for-study","29":"product_tag-tablet-with-sim","30":"product_tag-tablet-with-stylus","31":"product_tag-wacom","33":"first","34":"instock","35":"sale","36":"shipping-taxable","37":"product-type-external"},"_links":{"self":[{"href":"https:\/\/comprasyconsejos.store\/en\/wp-json\/wp\/v2\/product\/31136","targetHints":{"allow":["GET"]}}],"collection":[{"href":"https:\/\/comprasyconsejos.store\/en\/wp-json\/wp\/v2\/product"}],"about":[{"href":"https:\/\/comprasyconsejos.store\/en\/wp-json\/wp\/v2\/types\/product"}],"replies":[{"embeddable":true,"href":"https:\/\/comprasyconsejos.store\/en\/wp-json\/wp\/v2\/comments?post=31136"}],"version-history":[{"count":0,"href":"https:\/\/comprasyconsejos.store\/en\/wp-json\/wp\/v2\/product\/31136\/revisions"}],"wp:featuredmedia":[{"embeddable":true,"href":"https:\/\/comprasyconsejos.store\/en\/wp-json\/wp\/v2\/media\/31137"}],"wp:attachment":[{"href":"https:\/\/comprasyconsejos.store\/en\/wp-json\/wp\/v2\/media?parent=31136"}],"wp:term":[{"taxonomy":"product_brand","embeddable":true,"href":"https:\/\/comprasyconsejos.store\/en\/wp-json\/wp\/v2\/product_brand?post=31136"},{"taxonomy":"product_cat","embeddable":true,"href":"https:\/\/comprasyconsejos.store\/en\/wp-json\/wp\/v2\/product_cat?post=31136"},{"taxonomy":"product_tag","embeddable":true,"href":"https:\/\/comprasyconsejos.store\/en\/wp-json\/wp\/v2\/product_tag?post=31136"}],"curies":[{"name":"wp","href":"https:\/\/api.w.org\/{rel}","templated":true}]}}