{"id":31179,"date":"2026-02-22T17:20:53","date_gmt":"2026-02-22T17:20:53","guid":{"rendered":"https:\/\/comprasyconsejos.store\/product\/kf-concept-np-fz100-2x2600mah-battery-and-charger-compatible-with-sony-a7iii-a7iv-fx3-fx30-a6700-a7r-a9-a6600-a7riii-a7riv-a7r3-a7c-zv-e1-zv-e10ii-a7s3-a9r-and-plus\/"},"modified":"2026-02-22T17:21:00","modified_gmt":"2026-02-22T17:21:00","slug":"kf-concept-np-fz100-2x2600mah-battery-and-charger-compatible-with-sony-a7iii-a7iv-fx3-fx30-a6700-a7r-a9-a6600-a7riii-a7riv-a7r3-a7c-zv-e1-zv-e10ii-a7s3-a9r-and-plus","status":"publish","type":"product","link":"https:\/\/comprasyconsejos.store\/en\/product\/kf-concept-np-fz100-2x2600mah-battery-and-charger-compatible-with-sony-a7iii-a7iv-fx3-fx30-a6700-a7r-a9-a6600-a7riii-a7riv-a7r3-a7c-zv-e1-zv-e10ii-a7s3-a9r-and-plus\/","title":{"rendered":"K&#038;F CONCEPT NP-FZ100 2X2600mAh Battery and Charger, Compatible with Sony A7iii, A7iv, FX3, FX30, A6700, A7R, A9, A6600, A7Riii, A7Riv, A7R3, A7C, ZV-E1, ZV-E10ii, A7S3, A9R and plus"},"content":{"rendered":"<p>Price: <span style=\"color:#b12704\">\u20ac65.99<\/span><br \/><i><small>(as of Feb 22, 2026 17:20:53 UTC &#8211; <span class=\"wp_automatic_amazon_disclaimer\" title=\"Product prices and availability are accurate as of the date\/time indicated and are subject to change. Any price and availability information displayed on [relevant Amazon Site(s), as applicable] at the time of purchase will apply to the purchase of this product.\">Details<\/span>)<\/small><\/i><\/p>\n<p><a href=\"https:\/\/amazon.es\/dp\/B0F9YDL58B?tag=man008-21\"><img decoding=\"async\" src=\"https:\/\/valvepress.s3.amazonaws.com\/imgs\/buy_now.png\"><\/a><br \/>\n<\/p>\n<p>                                             From the brand   <\/p>\n<p>                                              <img decoding=\"async\" alt=\"FILTRO DE LENTE\" src=\"https:\/\/images-na.ssl-images-amazon.com\/images\/G\/01\/x-locale\/common\/grey-pixel.gif\" class=\"a-lazy-loaded\" data-src=\"https:\/\/m.media-amazon.com\/images\/S\/aplus-media-library-service-media\/627cfca3-fbab-435a-94b6-02d12c9ed148.__CR0,1,1464,625_PT0_SX1464_V1___.jpg\"><img decoding=\"async\" alt=\"FILTRO DE LENTE\" src=\"https:\/\/m.media-amazon.com\/images\/S\/aplus-media-library-service-media\/627cfca3-fbab-435a-94b6-02d12c9ed148.__CR0,1,1464,625_PT0_SX1464_V1___.jpg\">  <\/p>\n<p>                                              <img decoding=\"async\" alt=\"Texto en espa\u00f1ol que describe la filosof\u00eda de una empresa seg\u00fan la cual la percepci\u00f3n \u00fanica es el origen de todo, mencionando K&amp;amp;F Concept\" src=\"https:\/\/images-na.ssl-images-amazon.com\/images\/G\/01\/x-locale\/common\/grey-pixel.gif\" class=\"a-lazy-loaded\" data-src=\"https:\/\/m.media-amazon.com\/images\/S\/aplus-media-library-service-media\/967daa48-faae-43b1-8c05-e1d0e85a4f87.__CR0,0,364,455_PT0_SX362_V1___.jpg\"><img decoding=\"async\" alt=\"Texto en espa\u00f1ol que describe la filosof\u00eda de una empresa seg\u00fan la cual la percepci\u00f3n \u00fanica es el origen de todo, mencionando K&amp;amp;F Concept\" src=\"https:\/\/m.media-amazon.com\/images\/S\/aplus-media-library-service-media\/967daa48-faae-43b1-8c05-e1d0e85a4f87.__CR0,0,364,455_PT0_SX362_V1___.jpg\">  <\/p>\n<p>                                              <img decoding=\"async\" alt=\"aplus content image\" src=\"https:\/\/images-na.ssl-images-amazon.com\/images\/G\/01\/x-locale\/common\/grey-pixel.gif\" class=\"a-lazy-loaded\" data-src=\"https:\/\/m.media-amazon.com\/images\/S\/aplus-media-library-service-media\/aac54959-f0a7-4eae-bec7-caadcba532da.__CR0,0,364,455_PT0_SX362_V1___.jpg\"><img decoding=\"async\" alt=\"aplus content image\" src=\"https:\/\/m.media-amazon.com\/images\/S\/aplus-media-library-service-media\/aac54959-f0a7-4eae-bec7-caadcba532da.__CR0,0,364,455_PT0_SX362_V1___.jpg\">  <\/p>\n<h3> Serie de Bater\u00edas NP-FZ100 <\/h3>\n<p>                                              <img decoding=\"async\" alt=\"El texto dice \u00ab168 premios mundiales y patentes innovadoras\u00bb con los logotipos de los premios iF. Dise\u00f1o de pancarta con elementos curvos de color rojo y m\u00faltiples s\u00edmbolos de certificaci\u00f3n de premios.\" src=\"https:\/\/images-na.ssl-images-amazon.com\/images\/G\/01\/x-locale\/common\/grey-pixel.gif\" class=\"a-lazy-loaded\" data-src=\"https:\/\/m.media-amazon.com\/images\/S\/aplus-media-library-service-media\/f6e9cc34-668f-4bd1-b8af-f746c3523f4f.__CR0,0,364,455_PT0_SX362_V1___.jpg\"><img decoding=\"async\" alt=\"El texto dice \u00ab168 premios mundiales y patentes innovadoras\u00bb con los logotipos de los premios iF. Dise\u00f1o de pancarta con elementos curvos de color rojo y m\u00faltiples s\u00edmbolos de certificaci\u00f3n de premios.\" src=\"https:\/\/m.media-amazon.com\/images\/S\/aplus-media-library-service-media\/f6e9cc34-668f-4bd1-b8af-f746c3523f4f.__CR0,0,364,455_PT0_SX362_V1___.jpg\">  <\/p>\n<h3> Serie de Bater\u00edas NP-FW50 <\/h3>\n<p>                                              <img decoding=\"async\" alt=\"El texto dice \u00abMedia 205\u00bb, \u00ab205 veces recomendado por las autoridades fotogr\u00e1ficas mundiales\u00bb. Primer plano del elemento del objetivo de la c\u00e1mara con los logotipos de las autoridades fotogr\u00e1ficas en la parte inferior.\" src=\"https:\/\/images-na.ssl-images-amazon.com\/images\/G\/01\/x-locale\/common\/grey-pixel.gif\" class=\"a-lazy-loaded\" data-src=\"https:\/\/m.media-amazon.com\/images\/S\/aplus-media-library-service-media\/519cb6ff-60e5-47af-acd5-ee3dce3907bc.__CR0,0,364,455_PT0_SX362_V1___.jpg\"><img decoding=\"async\" alt=\"El texto dice \u00abMedia 205\u00bb, \u00ab205 veces recomendado por las autoridades fotogr\u00e1ficas mundiales\u00bb. Primer plano del elemento del objetivo de la c\u00e1mara con los logotipos de las autoridades fotogr\u00e1ficas en la parte inferior.\" src=\"https:\/\/m.media-amazon.com\/images\/S\/aplus-media-library-service-media\/519cb6ff-60e5-47af-acd5-ee3dce3907bc.__CR0,0,364,455_PT0_SX362_V1___.jpg\">  <\/p>\n<h3> Serie de Bater\u00edas LP-E17 <\/h3>\n<p>                                              <img decoding=\"async\" alt=\"aplus content image\" src=\"https:\/\/images-na.ssl-images-amazon.com\/images\/G\/01\/x-locale\/common\/grey-pixel.gif\" class=\"a-lazy-loaded\" data-src=\"https:\/\/m.media-amazon.com\/images\/S\/aplus-media-library-service-media\/6c995ea5-dab7-4f9a-a284-9feca6ffbc38.__CR0,0,364,455_PT0_SX362_V1___.jpg\"><img decoding=\"async\" alt=\"aplus content image\" src=\"https:\/\/m.media-amazon.com\/images\/S\/aplus-media-library-service-media\/6c995ea5-dab7-4f9a-a284-9feca6ffbc38.__CR0,0,364,455_PT0_SX362_V1___.jpg\">  <\/p>\n<h3> Serie de Bater\u00edas LP-E6NH <\/h3>\n<p>                                              <img decoding=\"async\" alt=\"que usa una c\u00e1mara montada en un tr\u00edpode en exteriores. Usar ropa abrigada, posiblemente en climas fr\u00edos.\" src=\"https:\/\/images-na.ssl-images-amazon.com\/images\/G\/01\/x-locale\/common\/grey-pixel.gif\" class=\"a-lazy-loaded\" data-src=\"https:\/\/m.media-amazon.com\/images\/S\/aplus-media-library-service-media\/c5c7e1e6-80e5-47ed-901a-c730e9aa48bd.__CR0,0,364,455_PT0_SX362_V1___.jpg\"><img decoding=\"async\" alt=\"que usa una c\u00e1mara montada en un tr\u00edpode en exteriores. Usar ropa abrigada, posiblemente en climas fr\u00edos.\" src=\"https:\/\/m.media-amazon.com\/images\/S\/aplus-media-library-service-media\/c5c7e1e6-80e5-47ed-901a-c730e9aa48bd.__CR0,0,364,455_PT0_SX362_V1___.jpg\">  <\/p>\n<h3> Serie de Bater\u00edas V-mount <\/h3>\n<p>                                              <img decoding=\"async\" alt=\"El texto dice \u00abiF DESIGN AWARD 2023\u00bb. Se muestra una herramienta de precisi\u00f3n o un instrumento de escritura negros sobre un fondo blanco, con detalles en rojo visibles.\" src=\"https:\/\/images-na.ssl-images-amazon.com\/images\/G\/01\/x-locale\/common\/grey-pixel.gif\" class=\"a-lazy-loaded\" data-src=\"https:\/\/m.media-amazon.com\/images\/S\/aplus-media-library-service-media\/a0813a6e-ddbd-468a-8987-d54de7414fe9.__CR1,0,1515,1896_PT0_SX362_V1___.jpg\"><img decoding=\"async\" alt=\"El texto dice \u00abiF DESIGN AWARD 2023\u00bb. Se muestra una herramienta de precisi\u00f3n o un instrumento de escritura negros sobre un fondo blanco, con detalles en rojo visibles.\" src=\"https:\/\/m.media-amazon.com\/images\/S\/aplus-media-library-service-media\/a0813a6e-ddbd-468a-8987-d54de7414fe9.__CR1,0,1515,1896_PT0_SX362_V1___.jpg\">  <\/p>\n<p>                                              <img decoding=\"async\" alt=\"Excursionista con una mochila negra con tirantes, de pie en una monta\u00f1a con nubes brumosas de fondo\" src=\"https:\/\/images-na.ssl-images-amazon.com\/images\/G\/01\/x-locale\/common\/grey-pixel.gif\" class=\"a-lazy-loaded\" data-src=\"https:\/\/m.media-amazon.com\/images\/S\/aplus-media-library-service-media\/935c7662-a098-413a-890d-de09fb40413e.__CR0,0,364,455_PT0_SX362_V1___.jpg\"><img decoding=\"async\" alt=\"Excursionista con una mochila negra con tirantes, de pie en una monta\u00f1a con nubes brumosas de fondo\" src=\"https:\/\/m.media-amazon.com\/images\/S\/aplus-media-library-service-media\/935c7662-a098-413a-890d-de09fb40413e.__CR0,0,364,455_PT0_SX362_V1___.jpg\">  <\/p>\n<p> Batteries                                            \u200f                                            :                                            \u200e                                            2 C batteries required. (included)   <br \/> Product Dimensions                                            \u200f                                            :                                            \u200e                                            10 x 16 x 2 cm; 180 g   <br \/> Date First Available                                            \u200f                                            :                                            \u200e                                            9 Jun. 2025   <br \/> Manufacturer                                            \u200f                                            :                                            \u200e                                            Shenzhen Zhuoer Photograph   <br \/> ASIN                                            \u200f                                            :                                            \u200e                                            B0F9YDL58B   <br \/> Item model number                                            \u200f                                            :                                            \u200e                                            NP FZ100   <br \/> Country of origin                                            \u200f                                            :                                            \u200e                                            China   <br \/>       Best Sellers Rank:  2,229 in Climate Pledge Friendly (See Top 100 in Climate Pledge Friendly)    2 in Camera Battery &#038; Charger Sets   2,229 in Climate Pledge Friendly: Shop all      <br \/>  Customer reviews:                                                                                            4.6               4.6 out of 5 stars                                  (101)                                              var dpAcrHasRegisteredArcLinkClickAction;                    P.when(&#8216;A&#8217;, &#8216;ready&#8217;).execute(function(A) {                        if (dpAcrHasRegisteredArcLinkClickAction !== true) {                            dpAcrHasRegisteredArcLinkClickAction = true;                            A.declarative(                                &#8216;acrLink-click-metrics&#8217;, &#8216;click&#8217;,                                { \u00aballowLinkDefault\u00bb: true },                                function (event) {                                    if (window.ue) {                                        ue.count(\u00abacrLinkClickCount\u00bb, (ue.count(\u00abacrLinkClickCount\u00bb) || 0) + 1);                                    }                                }                            );                        }                    });                                             P.when(&#8216;A&#8217;, &#8216;cf&#8217;).execute(function(A) {                A.declarative(&#8216;acrStarsLink-click-metrics&#8217;, &#8216;click&#8217;, { \u00aballowLinkDefault\u00bb : true },  function(event){                    if(window.ue) {                        ue.count(\u00abacrStarsLinkWithPopoverClickCount\u00bb, (ue.count(\u00abacrStarsLinkWithPopoverClickCount\u00bb) || 0) + 1);                    }                });            });                          <\/p>\n<p>[2 x 2600 mAh High Capacity Battery] Our Sony A7iii battery has a high capacity of 2600 mAh, which gives you greater power and a longer life. Capture precious moments during your travels or outdoor activities<br \/>[Perfect Compatibility] Our FX3 battery is fully compatible with cameras NP-FZ100 battery. Compatible with Sony A7III, A7IV, A7C, ZV-E1, FX3, FX30, A9, A6600, A6700, Alpha 9\/9S, A7R III\/IV\/V, etc.<br \/>[Dual Slot Charger with LCD Display] Our a7iv charger set can charge two np-fz100 series batteries at the same time, and the LCD screen clearly shows the charging status of each battery.<br \/>[Dual Input Charging Mode] This type of fx30 charger is equipped with a micro USB port and a Type-C port (5V\/2.1A), and can be charged by connecting it to a wall charger, a car adapter, a power bank, etc. Through the Type-C 5V 2.4A charging port, 3 batteries can be fully charged within 6 hours.<br \/>[Multi-layer Safety Protection Function] Features a double safety protection mechanism for the battery and charger, which includes protection against overcharging, overheating, over-current, over-voltage and short-circuit<\/p>\n\n","protected":false},"excerpt":{"rendered":"<p> From the brand Serie de Bater\u00edas NP-FZ100 Serie de Bater\u00edas NP-FW50 Serie de Bater\u00edas LP-E17<\/p>","protected":false},"featured_media":31180,"comment_status":"open","ping_status":"closed","template":"","meta":[],"product_brand":[],"product_cat":[99],"product_tag":[3028,9023,5349,2753,5940,4980,5347,5936,5939,5937,5938,5942,9024,292,3020,152,3030,201,3809,3025,3022,5934,5935,3027,3023,3032,3018,3033,3029,1856,3024,3035,3034,3021,5932,2155,3026,3019,3031,7078,5941],"class_list":{"0":"post-31179","1":"product","2":"type-product","3":"status-publish","4":"has-post-thumbnail","6":"product_cat-mirrorless","7":"product_tag-24-70mm-mirrorless","8":"product_tag-2x2600mah","9":"product_tag-a6600","10":"product_tag-a6700","11":"product_tag-a7c","12":"product_tag-a7iii","13":"product_tag-a7iv","14":"product_tag-a7r","15":"product_tag-a7r3","16":"product_tag-a7riii","17":"product_tag-a7riv","18":"product_tag-a7s3","19":"product_tag-a9r","20":"product_tag-battery","21":"product_tag-canon-mirrorless","22":"product_tag-charger","23":"product_tag-compact-mirrorless","24":"product_tag-compatible","25":"product_tag-concept","26":"product_tag-e-mount-lens","27":"product_tag-fujifilm-mirrorless","28":"product_tag-fx3","29":"product_tag-fx30","30":"product_tag-lumix-lens","31":"product_tag-micro-four-thirds-lens","32":"product_tag-mirrorless-body-only","33":"product_tag-mirrorless-camera","34":"product_tag-mirrorless-camera-accessories","35":"product_tag-mirrorless-camera-bundle","36":"product_tag-mirrorless-cameras","37":"product_tag-mirrorless-lens","38":"product_tag-mirrorless-stabilizer","39":"product_tag-mirrorless-tripod","40":"product_tag-nikon-mirrorless","41":"product_tag-npfz100","42":"product_tag-sony","43":"product_tag-sony-a6000-lens","44":"product_tag-sony-mirrorless","45":"product_tag-travel-mirrorless","46":"product_tag-zve1","47":"product_tag-zve10ii","49":"first","50":"instock","51":"shipping-taxable","52":"product-type-external"},"_links":{"self":[{"href":"https:\/\/comprasyconsejos.store\/en\/wp-json\/wp\/v2\/product\/31179","targetHints":{"allow":["GET"]}}],"collection":[{"href":"https:\/\/comprasyconsejos.store\/en\/wp-json\/wp\/v2\/product"}],"about":[{"href":"https:\/\/comprasyconsejos.store\/en\/wp-json\/wp\/v2\/types\/product"}],"replies":[{"embeddable":true,"href":"https:\/\/comprasyconsejos.store\/en\/wp-json\/wp\/v2\/comments?post=31179"}],"version-history":[{"count":0,"href":"https:\/\/comprasyconsejos.store\/en\/wp-json\/wp\/v2\/product\/31179\/revisions"}],"wp:featuredmedia":[{"embeddable":true,"href":"https:\/\/comprasyconsejos.store\/en\/wp-json\/wp\/v2\/media\/31180"}],"wp:attachment":[{"href":"https:\/\/comprasyconsejos.store\/en\/wp-json\/wp\/v2\/media?parent=31179"}],"wp:term":[{"taxonomy":"product_brand","embeddable":true,"href":"https:\/\/comprasyconsejos.store\/en\/wp-json\/wp\/v2\/product_brand?post=31179"},{"taxonomy":"product_cat","embeddable":true,"href":"https:\/\/comprasyconsejos.store\/en\/wp-json\/wp\/v2\/product_cat?post=31179"},{"taxonomy":"product_tag","embeddable":true,"href":"https:\/\/comprasyconsejos.store\/en\/wp-json\/wp\/v2\/product_tag?post=31179"}],"curies":[{"name":"wp","href":"https:\/\/api.w.org\/{rel}","templated":true}]}}