{"id":31189,"date":"2026-02-22T17:24:18","date_gmt":"2026-02-22T17:24:18","guid":{"rendered":"https:\/\/comprasyconsejos.store\/product\/fpvtosky-lanyard-for-dji-rc-rc-2-rc-pro-2-rc-plus-rc-neck-strap-leather-strap-compatible-with-mavic-4-pro-mini-3-4-5-pro-remote-controller-accessories\/"},"modified":"2026-02-22T17:24:23","modified_gmt":"2026-02-22T17:24:23","slug":"fpvtosky-lanyard-for-dji-rc-rc-2-rc-pro-2-rc-plus-rc-neck-strap-leather-strap-compatible-with-mavic-4-pro-mini-3-4-5-pro-remote-controller-accessories","status":"publish","type":"product","link":"https:\/\/comprasyconsejos.store\/en\/product\/fpvtosky-lanyard-for-dji-rc-rc-2-rc-pro-2-rc-plus-rc-neck-strap-leather-strap-compatible-with-mavic-4-pro-mini-3-4-5-pro-remote-controller-accessories\/","title":{"rendered":"FPVtosky Lanyard for DJI RC\/RC 2 \/ RC Pro 2\/RC Plus, RC Neck Strap, Leather Strap Compatible with Mavic 4 Pro\/Mini 3\/4\/5 Pro Remote Controller Accessories"},"content":{"rendered":"<p>Price: <span style=\"color:#b12704\">\u20ac15.79<\/span><br \/><i><small>(as of Feb 22, 2026 17:24:18 UTC &#8211; <span class=\"wp_automatic_amazon_disclaimer\" title=\"Product prices and availability are accurate as of the date\/time indicated and are subject to change. Any price and availability information displayed on [relevant Amazon Site(s), as applicable] at the time of purchase will apply to the purchase of this product.\">Details<\/span>)<\/small><\/i><\/p>\n<p><a href=\"https:\/\/amazon.es\/dp\/B0B518TW5T?tag=man008-21\"><img decoding=\"async\" src=\"https:\/\/valvepress.s3.amazonaws.com\/imgs\/buy_now.png\"><\/a><br \/>\n<\/p>\n<p>                                             Product Description   <\/p>\n<h3 class=\"a-spacing-mini\"> Cord\u00f3n de cuello FPVtosky para controlador DJI RC y DJI RC Pro <\/h3>\n<p>                                          <img decoding=\"async\" alt=\"El cord\u00f3n de controlador FPVtosky puede adaptarse perfectamente al controlador DJI RC o al controlador DJI RC Pro\" src=\"https:\/\/images-na.ssl-images-amazon.com\/images\/G\/01\/x-locale\/common\/grey-pixel.gif\" class=\"a-spacing-base a-lazy-loaded\" data-src=\"https:\/\/m.media-amazon.com\/images\/S\/aplus-media-library-service-media\/108b9e03-afd4-43b5-8a9e-eb9be27dc5cb.__CR0,0,1940,1200_PT0_SX970_V1___.png\"><img decoding=\"async\" alt=\"El cord\u00f3n de controlador FPVtosky puede adaptarse perfectamente al controlador DJI RC o al controlador DJI RC Pro\" src=\"https:\/\/m.media-amazon.com\/images\/S\/aplus-media-library-service-media\/108b9e03-afd4-43b5-8a9e-eb9be27dc5cb.__CR0,0,1940,1200_PT0_SX970_V1___.png\">                                                                       <\/p>\n<h3 class=\"a-spacing-mini\"> Especificaciones del cord\u00f3n de cuero del controlador RC FPVtosky DJI <\/h3>\n<p>                                          <img decoding=\"async\" alt=\"Especificaciones del cord\u00f3n de cuero del controlador RC FPVtosky DJI\" src=\"https:\/\/images-na.ssl-images-amazon.com\/images\/G\/01\/x-locale\/common\/grey-pixel.gif\" class=\"a-spacing-base a-lazy-loaded\" data-src=\"https:\/\/m.media-amazon.com\/images\/S\/aplus-media-library-service-media\/9e41b14c-e4c9-47d4-a351-7ae74cd808d6.__CR0,0,1940,1200_PT0_SX970_V1___.png\"><img decoding=\"async\" alt=\"Especificaciones del cord\u00f3n de cuero del controlador RC FPVtosky DJI\" src=\"https:\/\/m.media-amazon.com\/images\/S\/aplus-media-library-service-media\/9e41b14c-e4c9-47d4-a351-7ae74cd808d6.__CR0,0,1940,1200_PT0_SX970_V1___.png\">                                                                    <\/p>\n<p>                                                                             <img decoding=\"async\" alt=\"Haz un cord\u00f3n DJI RC de alta calidad\" src=\"https:\/\/images-na.ssl-images-amazon.com\/images\/G\/01\/x-locale\/common\/grey-pixel.gif\" class=\"a-spacing-base a-lazy-loaded\" data-src=\"https:\/\/m.media-amazon.com\/images\/S\/aplus-media-library-service-media\/d29d4a71-52ea-4b1d-aa49-25e4ee655924.__CR0,0,1940,1200_PT0_SX970_V1___.png\"><img decoding=\"async\" alt=\"Haz un cord\u00f3n DJI RC de alta calidad\" src=\"https:\/\/m.media-amazon.com\/images\/S\/aplus-media-library-service-media\/d29d4a71-52ea-4b1d-aa49-25e4ee655924.__CR0,0,1940,1200_PT0_SX970_V1___.png\">                                                                     <\/p>\n<p class=\"a-spacing-base\"> Piel sint\u00e9tica suave y de alta calidad, el gamuza interior es muy suave, agradable al tacto y no contiene sustancias nocivas. Las personas con piel sensible tambi\u00e9n pueden llevarlo con tranquilidad. La costura de cada aguja e hilo es muy ordenada, precisa y firme. Hace que la correa de cuero sea muy fuerte y duradera, con excelente capacidad de carga. Hay una hebilla de ajuste en los lados izquierdo y derecho del cord\u00f3n, que es muy simple, conveniente y r\u00e1pido de ajustar la longitud. El tornillo plegable sobresale aproximadamente 0,5 cm despu\u00e9s de plegarse, el controlador se puede almacenar f\u00e1cilmente en varios tipos de funda de transporte o bolsa de almacenamiento sin quitar el tornillo. <\/p>\n<h3 class=\"a-spacing-mini\"> Tornillos plegables, ocupaci\u00f3n de espacio m\u00e1s peque\u00f1o, adecuados para m\u00e1s bolsas. <\/h3>\n<p>                                          <img decoding=\"async\" alt=\"Tornillos plegables, ocupaci\u00f3n de espacio m\u00e1s peque\u00f1o, adecuados para m\u00e1s bolsas.\" src=\"https:\/\/images-na.ssl-images-amazon.com\/images\/G\/01\/x-locale\/common\/grey-pixel.gif\" class=\"a-spacing-base a-lazy-loaded\" data-src=\"https:\/\/m.media-amazon.com\/images\/S\/aplus-media-library-service-media\/535e2a60-563e-4442-8d9c-3c32cee3baae.__CR0,0,1940,1200_PT0_SX970_V1___.png\"><img decoding=\"async\" alt=\"Tornillos plegables, ocupaci\u00f3n de espacio m\u00e1s peque\u00f1o, adecuados para m\u00e1s bolsas.\" src=\"https:\/\/m.media-amazon.com\/images\/S\/aplus-media-library-service-media\/535e2a60-563e-4442-8d9c-3c32cee3baae.__CR0,0,1940,1200_PT0_SX970_V1___.png\">                                                                    <\/p>\n<p>                                                                             <img decoding=\"async\" alt=\"Funciona con nuestra funda de transporte RC\" src=\"https:\/\/images-na.ssl-images-amazon.com\/images\/G\/01\/x-locale\/common\/grey-pixel.gif\" class=\"a-spacing-base a-lazy-loaded\" data-src=\"https:\/\/m.media-amazon.com\/images\/S\/aplus-media-library-service-media\/dae53288-5742-49db-b5ce-96d9e47be2a5.__CR0,0,1940,1200_PT0_SX970_V1___.png\"><img decoding=\"async\" alt=\"Funciona con nuestra funda de transporte RC\" src=\"https:\/\/m.media-amazon.com\/images\/S\/aplus-media-library-service-media\/dae53288-5742-49db-b5ce-96d9e47be2a5.__CR0,0,1940,1200_PT0_SX970_V1___.png\">                                                                    <\/p>\n<p>                         Add To Basket  <\/p>\n<p>                         Add To Basket  <\/p>\n<p>                         Add To Basket  <\/p>\n<p>                         Add To Basket  <\/p>\n<p>                         Add To Basket  <\/p>\n<p>                         Add To Basket  <\/p>\n<p>                             Customer Reviews  <\/p>\n<p>                    4.7 out of 5 stars  800  <\/p>\n<p>                    4.5 out of 5 stars  2,035  <\/p>\n<p>                    4.6 out of 5 stars  813  <\/p>\n<p>                    4.2 out of 5 stars  510  <\/p>\n<p>                    4.7 out of 5 stars  521  <\/p>\n<p>                    4.5 out of 5 stars  127  <\/p>\n<p>                             Price  <\/p>\n<p>                                    \u20ac19.89\u20ac19.89                  \u20ac20.99\u20ac20.99                  \u20ac20.99\u20ac20.99                  \u20ac36.99\u20ac36.99                  \u20ac30.99\u20ac30.99                  \u20ac29.99\u20ac29.99        <\/p>\n<p>                             Compatible con<br \/>\n                                  no data<br \/>\n                                                            Controlador DJI RC-N1                 no data<br \/>\n                                                              no data<br \/>\n                                                              no data<br \/>\n                                                              no data<\/p>\n<p> Product Dimensions                                            \u200f                                            :                                            \u200e                                            70 x 3.2 x 0.3 cm; 72 g   <br \/> Date First Available                                            \u200f                                            :                                            \u200e                                            24 Jun. 2022   <br \/> Manufacturer                                            \u200f                                            :                                            \u200e                                            FPVtosky   <br \/> ASIN                                            \u200f                                            :                                            \u200e                                            B0B518TW5T   <br \/> Item model number                                            \u200f                                            :                                            \u200e                                            FP-GE-PZGS-S01   <br \/> Country of origin                                            \u200f                                            :                                            \u200e                                            China   <br \/> Department                                            \u200f                                            :                                            \u200e                                            Unisex   <br \/>       Best Sellers Rank:  5,891 in Toys &#038; Games (See Top 100 in Toys &#038; Games)    73 in Remote &#038; App Controlled Vehicles      <br \/>  Customer reviews:                                                                                            4.7               4.7 out of 5 stars                                  (2,876)                                              var dpAcrHasRegisteredArcLinkClickAction;                    P.when(&#8216;A&#8217;, &#8216;ready&#8217;).execute(function(A) {                        if (dpAcrHasRegisteredArcLinkClickAction !== true) {                            dpAcrHasRegisteredArcLinkClickAction = true;                            A.declarative(                                &#8216;acrLink-click-metrics&#8217;, &#8216;click&#8217;,                                { \u00aballowLinkDefault\u00bb: true },                                function (event) {                                    if (window.ue) {                                        ue.count(\u00abacrLinkClickCount\u00bb, (ue.count(\u00abacrLinkClickCount\u00bb) || 0) + 1);                                    }                                }                            );                        }                    });                                             P.when(&#8216;A&#8217;, &#8216;cf&#8217;).execute(function(A) {                A.declarative(&#8216;acrStarsLink-click-metrics&#8217;, &#8216;click&#8217;, { \u00aballowLinkDefault\u00bb : true },  function(event){                    if(window.ue) {                        ue.count(\u00abacrStarsLinkWithPopoverClickCount\u00bb, (ue.count(\u00abacrStarsLinkWithPopoverClickCount\u00bb) || 0) + 1);                    }                });            });                          <\/p>\n\n","protected":false},"excerpt":{"rendered":"<p> Product Description Cord\u00f3n de cuello FPVtosky para controlador DJI RC y DJI RC Pro Especificaciones<\/p>","protected":false},"featured_media":31190,"comment_status":"open","ping_status":"closed","template":"","meta":[],"product_brand":[],"product_cat":[98],"product_tag":[9027,2681,2845,201,2152,2358,2854,2852,2855,2853,2842,2844,2848,2846,2850,2838,2849,2839,2840,7627,2843,9025,5259,4066,2851,9028,163,1215,2841,9026,2515,2847,2744],"class_list":{"0":"post-31189","1":"product","2":"type-product","3":"status-publish","4":"has-post-thumbnail","6":"product_cat-drones","7":"product_tag-2rc","8":"product_tag-accessories","9":"product_tag-beginner-drone","10":"product_tag-compatible","11":"product_tag-controller","12":"product_tag-dji","13":"product_tag-dji-drone","14":"product_tag-dji-mavic","15":"product_tag-dji-mini-2","16":"product_tag-drone","17":"product_tag-drone-accessories","18":"product_tag-drone-battery","19":"product_tag-drone-gimbal","20":"product_tag-drone-propellers","21":"product_tag-drone-spare-parts","22":"product_tag-drone-with-camera","23":"product_tag-drones-under-200","24":"product_tag-foldable-drone","25":"product_tag-fpv-drone","26":"product_tag-fpvtosky","27":"product_tag-hd-drone","28":"product_tag-lanyard","29":"product_tag-leather","30":"product_tag-mavic","31":"product_tag-mini-drone","32":"product_tag-neck","33":"product_tag-pro","34":"product_tag-promini","35":"product_tag-quadcopter","36":"product_tag-rcrc","37":"product_tag-remote","38":"product_tag-remote-control-drone","39":"product_tag-strap","41":"first","42":"instock","43":"shipping-taxable","44":"product-type-external"},"_links":{"self":[{"href":"https:\/\/comprasyconsejos.store\/en\/wp-json\/wp\/v2\/product\/31189","targetHints":{"allow":["GET"]}}],"collection":[{"href":"https:\/\/comprasyconsejos.store\/en\/wp-json\/wp\/v2\/product"}],"about":[{"href":"https:\/\/comprasyconsejos.store\/en\/wp-json\/wp\/v2\/types\/product"}],"replies":[{"embeddable":true,"href":"https:\/\/comprasyconsejos.store\/en\/wp-json\/wp\/v2\/comments?post=31189"}],"version-history":[{"count":0,"href":"https:\/\/comprasyconsejos.store\/en\/wp-json\/wp\/v2\/product\/31189\/revisions"}],"wp:featuredmedia":[{"embeddable":true,"href":"https:\/\/comprasyconsejos.store\/en\/wp-json\/wp\/v2\/media\/31190"}],"wp:attachment":[{"href":"https:\/\/comprasyconsejos.store\/en\/wp-json\/wp\/v2\/media?parent=31189"}],"wp:term":[{"taxonomy":"product_brand","embeddable":true,"href":"https:\/\/comprasyconsejos.store\/en\/wp-json\/wp\/v2\/product_brand?post=31189"},{"taxonomy":"product_cat","embeddable":true,"href":"https:\/\/comprasyconsejos.store\/en\/wp-json\/wp\/v2\/product_cat?post=31189"},{"taxonomy":"product_tag","embeddable":true,"href":"https:\/\/comprasyconsejos.store\/en\/wp-json\/wp\/v2\/product_tag?post=31189"}],"curies":[{"name":"wp","href":"https:\/\/api.w.org\/{rel}","templated":true}]}}