{"id":31202,"date":"2026-02-22T17:37:31","date_gmt":"2026-02-22T17:37:31","guid":{"rendered":"https:\/\/comprasyconsejos.store\/product\/avm-fritzbox-5690-pro-international-router-wifi-7-tribanda-with-up-to-18-5-gbps-mesh-2-5-gb-wan-4-x-gigabit-lan-1-x-usb-3-1-dect-base-multimedia-server-spanish-interface\/"},"modified":"2026-02-22T17:37:35","modified_gmt":"2026-02-22T17:37:35","slug":"avm-fritzbox-5690-pro-international-router-wifi-7-tribanda-with-up-to-18-5-gbps-mesh-2-5-gb-wan-4-x-gigabit-lan-1-x-usb-3-1-dect-base-multimedia-server-spanish-interface","status":"publish","type":"product","link":"https:\/\/comprasyconsejos.store\/en\/product\/avm-fritzbox-5690-pro-international-router-wifi-7-tribanda-with-up-to-18-5-gbps-mesh-2-5-gb-wan-4-x-gigabit-lan-1-x-usb-3-1-dect-base-multimedia-server-spanish-interface\/","title":{"rendered":"AVM FRITZ!Box 5690 Pro International \u2013 Router, WiFi 7, TriBanda with up to 18.5 Gbps, Mesh, 2.5 GB WAN, 4 x Gigabit LAN, 1 x USB 3.1, DECT Base, Multimedia Server, Spanish Interface"},"content":{"rendered":"<p>Price: <span style=\"color:#b12704\"><del>\u20ac369.00<\/del> - \u20ac343.14<\/span><br \/><i><small>(as of Feb 22, 2026 17:37:31 UTC &#8211; <span class=\"wp_automatic_amazon_disclaimer\" title=\"Product prices and availability are accurate as of the date\/time indicated and are subject to change. Any price and availability information displayed on [relevant Amazon Site(s), as applicable] at the time of purchase will apply to the purchase of this product.\">Details<\/span>)<\/small><\/i><\/p>\n<p><a href=\"https:\/\/amazon.es\/dp\/B0DFWMZ168?tag=man008-21\"><img decoding=\"async\" src=\"https:\/\/valvepress.s3.amazonaws.com\/imgs\/buy_now.png\"><\/a><br \/>\n<\/p>\n<p>                                             From the manufacturer   <\/p>\n<p>                                                                                                       <img decoding=\"async\" alt=\"FRITZ!Box 5690 Pro\" src=\"https:\/\/images-na.ssl-images-amazon.com\/images\/G\/01\/x-locale\/common\/grey-pixel.gif\" class=\"a-lazy-loaded\" data-src=\"https:\/\/m.media-amazon.com\/images\/S\/aplus-media-library-service-media\/9fe3f795-0918-499b-947b-1c38c6d4ac1a.__CR0,0,1464,600_PT0_SX1464_V1___.jpg\"><img decoding=\"async\" alt=\"FRITZ!Box 5690 Pro\" src=\"https:\/\/m.media-amazon.com\/images\/S\/aplus-media-library-service-media\/9fe3f795-0918-499b-947b-1c38c6d4ac1a.__CR0,0,1464,600_PT0_SX1464_V1___.jpg\">                                                 Para fibra \u00f3ptica con Wi-Fi 7 y Zigbee                                             FRITZ!Box 5690 Pro Edition International                                        <\/p>\n<p class=\"aplus-p2 aplus-module-2-description\"> Con Wi-Fi 7 integrado en la nueva frecuencia de 6 GHz, el FRITZ!Box 5690 Pro impresiona con una mejor latencia, velocidad y capacidad, ofreciendo un rendimiento m\u00e1ximo. La integraci\u00f3n del est\u00e1ndar de comunicaci\u00f3n Zigbee permite el uso de muchas aplicaciones de dom\u00f3tica. <\/p>\n<p>                                                                                              <img decoding=\"async\" alt=\"Wi-Fi 7\" src=\"https:\/\/images-na.ssl-images-amazon.com\/images\/G\/01\/x-locale\/common\/grey-pixel.gif\" class=\"a-lazy-loaded\" data-src=\"https:\/\/m.media-amazon.com\/images\/S\/aplus-media-library-service-media\/f7a93ec1-4e45-4e3a-a509-74228d8e9b23.__CR0,0,800,600_PT0_SX300_V1___.jpg\"><img decoding=\"async\" alt=\"Wi-Fi 7\" src=\"https:\/\/m.media-amazon.com\/images\/S\/aplus-media-library-service-media\/f7a93ec1-4e45-4e3a-a509-74228d8e9b23.__CR0,0,800,600_PT0_SX300_V1___.jpg\">                                            Wi-Fi 7: una red ultrarr\u00e1pida                                         <\/p>\n<p class=\"aplus-p3\"> El FRITZ!Box 5690 Pro ofrece Wi-Fi 7 con velocidad Multi-Gigabit. La banda de 6 GHz proporciona un ancho de canal de hasta 320 MHz. <\/p>\n<p>                                           <img decoding=\"async\" alt=\"Fiber y DSL\" src=\"https:\/\/images-na.ssl-images-amazon.com\/images\/G\/01\/x-locale\/common\/grey-pixel.gif\" class=\"a-lazy-loaded\" data-src=\"https:\/\/m.media-amazon.com\/images\/S\/aplus-media-library-service-media\/5609df68-5536-402e-b5cf-674add884400.__CR0,0,800,600_PT0_SX300_V1___.jpg\"><img decoding=\"async\" alt=\"Fiber y DSL\" src=\"https:\/\/m.media-amazon.com\/images\/S\/aplus-media-library-service-media\/5609df68-5536-402e-b5cf-674add884400.__CR0,0,800,600_PT0_SX300_V1___.jpg\">                                            Para fibra \u00f3ptica y DSL                                         <\/p>\n<p class=\"aplus-p3\"> El paquete incluye dos m\u00f3dulos SFP para los est\u00e1ndares GPON y AON, tambi\u00e9n posee 1x WAN de 2,5 Gbps para su uso con un m\u00f3dem de fibra \u00f3ptica. <\/p>\n<p>                                           <img decoding=\"async\" alt=\"Wi-Fi Mesh\" src=\"https:\/\/images-na.ssl-images-amazon.com\/images\/G\/01\/x-locale\/common\/grey-pixel.gif\" class=\"a-lazy-loaded\" data-src=\"https:\/\/m.media-amazon.com\/images\/S\/aplus-media-library-service-media\/fa28392e-58bc-4082-bcf8-4438a0e61f30.__CR0,0,600,450_PT0_SX300_V1___.jpg\"><img decoding=\"async\" alt=\"Wi-Fi Mesh\" src=\"https:\/\/m.media-amazon.com\/images\/S\/aplus-media-library-service-media\/fa28392e-58bc-4082-bcf8-4438a0e61f30.__CR0,0,600,450_PT0_SX300_V1___.jpg\">                                            Tribanda y Wi-Fi Mesh                                         <\/p>\n<p class=\"aplus-p3\"> Para garantizar que los v\u00eddeos, la m\u00fasica y las fotos de la red local lleguen hasta el \u00faltimo rinc\u00f3n, el FRITZ!Box 5690 Pro utiliza Wi-Fi Mesh. <\/p>\n<p>                                           <img decoding=\"async\" alt=\"Zigbee\" src=\"https:\/\/images-na.ssl-images-amazon.com\/images\/G\/01\/x-locale\/common\/grey-pixel.gif\" class=\"a-lazy-loaded\" data-src=\"https:\/\/m.media-amazon.com\/images\/S\/aplus-media-library-service-media\/1e3ef469-98ef-439a-87dd-43c555e38ab2.__CR501,331,2844,2133_PT0_SX300_V1___.jpg\"><img decoding=\"async\" alt=\"Zigbee\" src=\"https:\/\/m.media-amazon.com\/images\/S\/aplus-media-library-service-media\/1e3ef469-98ef-439a-87dd-43c555e38ab2.__CR501,331,2844,2133_PT0_SX300_V1___.jpg\">                                            Dom\u00f3tica con DECT y Zigbee                                         <\/p>\n<p class=\"aplus-p3\"> Facilita la integraci\u00f3n de bombillas led Zigbee y DECT ULE de varios fabricantes en el hogar inteligente de FRITZ!Box. <\/p>\n<p>                                                                <img decoding=\"async\" alt=\"\" src=\"https:\/\/images-na.ssl-images-amazon.com\/images\/G\/01\/x-locale\/common\/grey-pixel.gif\" class=\"a-lazy-loaded\" data-src=\"https:\/\/m.media-amazon.com\/images\/S\/aplus-media-library-service-media\/37d635ca-cf93-46d3-92da-65c45f1581d8.__CR0,0,1464,600_PT0_SX1464_V1___.jpg\"><img decoding=\"async\" alt=\"\" src=\"https:\/\/m.media-amazon.com\/images\/S\/aplus-media-library-service-media\/37d635ca-cf93-46d3-92da-65c45f1581d8.__CR0,0,1464,600_PT0_SX1464_V1___.jpg\">        <\/p>\n<p>                                                                                                                                                                                                                         Cinco veces m\u00e1s r\u00e1pido que el Wi-Fi 6                                             La nueva generaci\u00f3n Wi-Fi 7: la Wi-Fi con Multi Gigabit    <\/p>\n<p class=\"aplus-p2\"> El nuevo est\u00e1ndar Wi-Fi 7 es hasta 5 veces m\u00e1s r\u00e1pido que Wi-Fi 6. Los tiempos de transmisi\u00f3n se reducen notablemente. El poderoso Wi-Fi 7 est\u00e1 dise\u00f1ado para todas las aplicaciones actuales y futuras, incluyendo VR, computaci\u00f3n en la nube y juegos online. <\/p>\n<p>The video showcases the product in use.The video guides you through product setup.The video compares multiple products.The video shows the product being unpacked.<\/p>\n<p>                                                             M\u00e1s rendimiento con la de frecuencia de 6 GHz                                             6 GHz hasta 11,5 Gbps    <\/p>\n<p class=\"aplus-p2\"> Wi-Fi 7 permite el uso de la banda de frecuencia de 6 GHz adem\u00e1s de las  bandas habituales de 2.4 y 5 GHz. Esto da lugar a una nueva autopista  libre de interferencias. El carril adicional es menos transitado y  permite a los datos llegar a su destino m\u00e1s r\u00e1pido, sin atascos ni  demoras. <\/p>\n<p>The video showcases the product in use.The video guides you through product setup.The video compares multiple products.The video shows the product being unpacked.<\/p>\n<p>                                                             Ancho de banda duplicado en 6 GHz con 320 MHz                                       <\/p>\n<p class=\"aplus-p2\"> Al utilizar la nueva banda de frecuencia, se duplica el ancho de banda  m\u00e1ximo del canal de 160 MHz (5 GHz) a 320 MHz (6 GHz). El alto ancho de  banda es comparable con una autopista m\u00e1s amplia y carriles adicionales.  Aqu\u00ed, se pueden transportar m\u00e1s datos simult\u00e1neamente y sin  interrupciones. <\/p>\n<p>The video showcases the product in use.The video guides you through product setup.The video compares multiple products.The video shows the product being unpacked.<\/p>\n<p>                                                             Puncturing                                              Interferencias que a penas interfieren    <\/p>\n<p class=\"aplus-p2\"> Dispositivos cercanos, como microondas, pueden interrumpir las  conexiones Wi-Fi. El \u00abPunctured Mode\u00bb de Wi-Fi 7 a\u00edsla estas secuencias de  interferencia de manera espec\u00edfica, sin detener todo el flujo de datos.  La informaci\u00f3n se redirige, se evitan obst\u00e1culos y todos los datos se  transportan sin problemas. <\/p>\n<p>The video showcases the product in use.The video guides you through product setup.The video compares multiple products.The video shows the product being unpacked.<\/p>\n<p>                                                             Multi Link Operation (MLO)                                        <\/p>\n<p class=\"aplus-p2\"> Con Wi-Fi 6, los dispositivos Wi-Fi ten\u00edan que elegir entre el uso de las bandas de frecuencia de 2,4 y 5 GHz. Con Wi-Fi 7, gracias a la Operaci\u00f3n Multienlace (MLO), los datos ahora se env\u00edan y reciben simult\u00e1neamente a trav\u00e9s de varias bandas. Si alguna de las bandas est\u00e1 sobrecargada, los datos cambian sin problemas a otra. <\/p>\n<p>The video showcases the product in use.The video guides you through product setup.The video compares multiple products.The video shows the product being unpacked.<\/p>\n<h3 class=\"a-text-center aplus-h1 a-text-bold\"> Comparar modelos <\/h3>\n<p>                         Add To Basket  <\/p>\n<p>                         Add To Basket  <\/p>\n<p>                         Add To Basket  <\/p>\n<p>                         Add To Basket  <\/p>\n<p>                         Add To Basket  <\/p>\n<p>                                     Customer Reviews  <\/p>\n<p>                    4.5 out of 5 stars  372  <\/p>\n<p>                    4.0 out of 5 stars  60  <\/p>\n<p>                    3.4 out of 5 stars  13  <\/p>\n<p>                    4.4 out of 5 stars  2,028  <\/p>\n<p>                    4.4 out of 5 stars  2,028  <\/p>\n<p>                                     Price  <\/p>\n<p>                                                        \u20ac343.14\u20ac343.14     <\/p>\n<p>                                                        \u20ac315.00\u20ac315.00     <\/p>\n<p>                                                        \u20ac354.62\u20ac354.62     <\/p>\n<p>                                                        \u20ac228.04\u20ac228.04     <\/p>\n<p>                                                        \u20ac294.13\u20ac294.13     <\/p>\n<p>                                     Est\u00e1ndares de fibra \u00f3ptica  <\/p>\n<p>                                                AON y GPON     <\/p>\n<p>                                                AON y GPON     <\/p>\n<p>                                                XGS-PON    <\/p>\n<p>                                                AON y GPON     <\/p>\n<p>                                                XGS-PON    <\/p>\n<p>                                     Est\u00e1ndar Wi-Fi   <\/p>\n<p>                                                Wi-Fi 7     <\/p>\n<p>                                                Wi-Fi 6    <\/p>\n<p>                                                Wi-Fi 6    <\/p>\n<p>                                                Wi-Fi 6    <\/p>\n<p>                                                Wi-Fi 6    <\/p>\n<p>                                     Banda (GHz)   <\/p>\n<p>                                                6 y 5 y 2,4    <\/p>\n<p>                                                2,4 y 5    <\/p>\n<p>                                                2,4 y 5    <\/p>\n<p>                                                2,4 y 5    <\/p>\n<p>                                                2,4 y 5    <\/p>\n<p>                                     M\u00e1x. Mbps   <\/p>\n<p>                                                11.530 + 5.760 + 1.200    <\/p>\n<p>                                                2.400 + 1.200    <\/p>\n<p>                                                2.400 + 1.200    <\/p>\n<p>                                                2.400 + 600     <\/p>\n<p>                                                2.400 + 600     <\/p>\n<p>                                     LAN Gigabit   <\/p>\n<p>                                                4x LAN Gigabit    <\/p>\n<p>                                                1x 2,5 Gigabit, 4x Gigabit    <\/p>\n<p>                                                1x 2,5 Gigabit, 4x Gigabit    <\/p>\n<p>                                                1x 2,5 Gigabit, 2x Gigabit     <\/p>\n<p>                                                1x 2,5 Gigabit, 2x Gigabit     <\/p>\n<p>                                     Puerto USB   <\/p>\n<p>                                                1x USB 3.1     <\/p>\n<p>                                                1x USB 3.0     <\/p>\n<p>                                                1x USB 3.0     <\/p>\n<p>                                                &#8211;    <\/p>\n<p>                                                &#8211;    <\/p>\n<p>                                     Base DECT  <\/p>\n<p>                                                    \u2714       <\/p>\n<p>                                                    \u2714       <\/p>\n<p>                                                    \u2714       <\/p>\n<p>                                                    \u2714       <\/p>\n<p>                                                    \u2714       <\/p>\n<p>                                     Telefon\u00eda VoIP\/HD   <\/p>\n<p>                                                    \u2714       <\/p>\n<p>                                                    \u2714       <\/p>\n<p>                                                    \u2714       <\/p>\n<p>                                                    \u2714       <\/p>\n<p>                                                    \u2714       <\/p>\n<p>                                     Puerto WAN   <\/p>\n<p>                                                1x    <\/p>\n<p>                                                1x    <\/p>\n<p>                                                1x    <\/p>\n<p>                                                v\u00eda LAN 1    <\/p>\n<p>                                                v\u00eda LAN 1    <\/p>\n<p>                                     Puerta de enlace Zigbee  <\/p>\n<p>                                                    \u2714       <\/p>\n<p>                                                    \u2718      <\/p>\n<p>                                                    \u2718      <\/p>\n<p>                                                    \u2718      <\/p>\n<p>                                                    \u2718      <\/p>\n<p>                                                                                                                     FRITZ!Box 5690 Pro ideal en combinaci\u00f3n con:<br \/>\n                                                                                     <img decoding=\"async\" alt=\"FRITZ!Repeater 6000\" src=\"https:\/\/m.media-amazon.com\/images\/S\/aplus-media-library-service-media\/98577b7e-48be-4a89-a956-c540057a14ee.__CR286,598,3491,1431_PT0_SX1464_V1___.jpg\">                                                    FRITZ!Repeater 6000                                         <\/p>\n<p class=\"aplus-p3\"> Garantiza el m\u00e1s alto rendimiento Wi-Fi en la red local con el \u00faltimo Wi-Fi 6. Con tres unidades de radio puede alcanzar una velocidad de hasta 6.000 Mbps. <\/p>\n<p>                                                                                     <img decoding=\"async\" alt=\"fritz!repeate 1200ax\" src=\"https:\/\/m.media-amazon.com\/images\/S\/aplus-media-library-service-media\/10701a2e-39d1-4e9b-8c70-27f7e3a93f07.__CR0,591,3840,1574_PT0_SX1464_V1___.jpg\">                                                    FRITZ!Repeater 1200 AX                                         <\/p>\n<p class=\"aplus-p3\"> El repetidor aumenta el alcance de la red inal\u00e1mbrica de forma r\u00e1pida y  sencilla. El innovador Wi-Fi 6 garantiza una mayor velocidad de datos y  una mejor distribuci\u00f3n del ancho de banda disponible. <\/p>\n<p>                                                                                     <img decoding=\"async\" alt=\"FRITZ!Powerline 1240 AX WLAN Set\" src=\"https:\/\/m.media-amazon.com\/images\/S\/aplus-media-library-service-media\/1ae84755-cf3e-4b4d-9df7-b0f703cd9031.__CR395,0,3050,1250_PT0_SX1464_V1___.jpg\">                                                    FRITZ!Powerline 1240 AX WLAN Set                                         <\/p>\n<p class=\"aplus-p3\"> Ampl\u00eda la red local de forma sencilla y segura con Gigabit PLC y Wi-Fi  6. Gigabit PLC de hasta 1200 Mbps y la tecnolog\u00eda MIMO 2&#215;2 permiten conexiones robustas y transferencias de datos elevadas. <\/p>\n<p>                                                                                     <img decoding=\"async\" alt=\"FRITZ!Fon X6 blanco\" src=\"https:\/\/m.media-amazon.com\/images\/S\/aplus-media-library-service-media\/ff691374-0c8f-4df7-a9a3-2204697cc864.__CR0,552,3840,1574_PT0_SX1464_V1___.jpg\">                                                    FRITZ!Fon X6                                         <\/p>\n<p class=\"aplus-p3\"> El multitalento para telefon\u00eda y dom\u00f3tica. Equipado con contestador autom\u00e1tico, restricci\u00f3n de llamadas y funciones de confort, tambi\u00e9n impresiona con una bater\u00eda de larga duraci\u00f3n. <\/p>\n<p>                                                                                     <img decoding=\"async\" alt=\"DECT200\" src=\"https:\/\/m.media-amazon.com\/images\/S\/aplus-media-library-service-media\/7ee8f674-569f-4f7a-b417-9594ff2ed87c.__CR0,247,1920,787_PT0_SX1464_V1___.jpg\">                                                    FRITZ!DECT 200                                         <\/p>\n<p class=\"aplus-p3\"> Con el FRITZ!DECT 200 podr\u00e1 encender y apagar cualquier dispositivo el\u00e9ctrico de forma manual o totalmente autom\u00e1tica. <\/p>\n<p>                                                                                     <img decoding=\"async\" alt=\"FRITZ!DECT 302\" src=\"https:\/\/m.media-amazon.com\/images\/S\/aplus-media-library-service-media\/9edbabc1-3817-4a30-9e4c-f91311a5134c.__CR0,493,3840,1574_PT0_SX1464_V1___.jpg\">                                                    FRITZ!DECT 302                                         <\/p>\n<p class=\"aplus-p3\"> El termostato de radiador FRITZ!DECT 302 regula de forma c\u00f3moda la temperatura ambiente y ayuda a ahorrar energ\u00eda. A trav\u00e9s de la frecuencia DECT ULE,  se conecta a cualquier FRITZ!Box con base DECT. <\/p>\n<p> Package Dimensions                                            \u200f                                            :                                            \u200e                                            37.2 x 21.7 x 10.2 cm; 1.1 kg   <br \/> Manufacturer                                            \u200f                                            :                                            \u200e                                            AVM   <br \/> ASIN                                            \u200f                                            :                                            \u200e                                            B0DFWMZ168   <br \/> Item model number                                            \u200f                                            :                                            \u200e                                            20003058   <br \/> Guaranteed software updates until                                            \u200f                                            :                                            \u200e                                            unknown   <br \/>  Customer reviews:                                                                                            4.5               4.5 out of 5 stars                                  (372)                                              var dpAcrHasRegisteredArcLinkClickAction;                    P.when(&#8216;A&#8217;, &#8216;ready&#8217;).execute(function(A) {                        if (dpAcrHasRegisteredArcLinkClickAction !== true) {                            dpAcrHasRegisteredArcLinkClickAction = true;                            A.declarative(                                &#8216;acrLink-click-metrics&#8217;, &#8216;click&#8217;,                                { \u00aballowLinkDefault\u00bb: true },                                function (event) {                                    if (window.ue) {                                        ue.count(\u00abacrLinkClickCount\u00bb, (ue.count(\u00abacrLinkClickCount\u00bb) || 0) + 1);                                    }                                }                            );                        }                    });                                             P.when(&#8216;A&#8217;, &#8216;cf&#8217;).execute(function(A) {                A.declarative(&#8216;acrStarsLink-click-metrics&#8217;, &#8216;click&#8217;, { \u00aballowLinkDefault\u00bb : true },  function(event){                    if(window.ue) {                        ue.count(\u00abacrStarsLinkWithPopoverClickCount\u00bb, (ue.count(\u00abacrStarsLinkWithPopoverClickCount\u00bb) || 0) + 1);                    }                });            });                          <\/p>\n<p>Router with innovative Wi-Fi 7, Triple Band (up to 11.5Gbps on 6GHz, up to 5.7Gbps on 5GHz and up to 1.2Gbps on 2.4GHz), Mesh, offers an ultra-fast and stable Internet connection, the best solution for a fast local network<br \/>Flexible and direct connection to GPON and AON standards. 2.5Gb WAN port for connecting to any existing telephone or fiber optic modem. Simultaneously manage 4K broadcasts, video chats, downloads, cloud applications, reach every corner smoothly and at maximum speed. 4 Gigabit LAN ports for connecting computers and game consoles, integrated media server (NAS) 1 x USB 3.1 for storage media<br \/>Telephone system for IP-based connections and 2 analog telephone connections (up to 6 cordless phones, 5 integrated answering machines, including voicemail)Exchange unit for IP (VoIP) and\/or fixed telephony, 1 port for an analog telephone, up to 6 cordless phones, 5 answering machines (Voice to Mail) and Fax. and integrated DECT base to connect up to 6 cordless phones, and connect home automation devices such as FRITZ!DECT smart plugs<br \/>Configurable parental control, with free periodic updates, powerful Wi-Fi Mesh: automatic combination of FRITZ products! on a single smart Wi-Fi network with optimal performance. DECT ULE and Zigbee integration for easy integration of FRIT!DECT and different manufacturers smart home devices into the home network<br \/>What&#8217;s in the Box: FRITZ!Box 5690 Pro, Fiber Optic Cable (LC\/APC-LC\/APC) 4m, 4m DSL Cable, 1.5m LAN Cable, Power Supply, FRITZ!SFP AON, FRITZ!SFP GPON, Service Card (FRITZ! Notes), quick installation guide in Spanish<\/p>\n\n","protected":false},"excerpt":{"rendered":"<p> From the manufacturer Para fibra \u00f3ptica con Wi-Fi 7 y Zigbee FRITZ!Box 5690 Pro Edition<\/p>","protected":false},"featured_media":31203,"comment_status":"open","ping_status":"closed","template":"","meta":[],"product_brand":[],"product_cat":[72],"product_tag":[9030,4186,7176,2110,7175,2090,1092,2116,3121,3371,791,2114,2449,2118,1005,2112,163,2088,1721,5273,6138,133,2108,4475,543,2104,2120,2102,2106],"class_list":{"0":"post-31202","1":"product","2":"type-product","3":"status-publish","4":"has-post-thumbnail","6":"product_cat-wifi-sticks","7":"product_tag-avm","8":"product_tag-base","9":"product_tag-dect","10":"product_tag-dual-band-wifi-adapter","11":"product_tag-fritzbox","12":"product_tag-gbps","13":"product_tag-gigabit","14":"product_tag-high-speed-wifi-usb","15":"product_tag-interface","16":"product_tag-international","17":"product_tag-lan","18":"product_tag-laptop-wifi-adapter","19":"product_tag-mesh","20":"product_tag-mini-wifi-adapter","21":"product_tag-multimedia","22":"product_tag-pc-wifi-adapter","23":"product_tag-pro","24":"product_tag-router","25":"product_tag-server","26":"product_tag-spanish","27":"product_tag-tribanda","28":"product_tag-usb","29":"product_tag-usb-wifi-dongle","30":"product_tag-wan","31":"product_tag-wifi","32":"product_tag-wifi-stick","33":"product_tag-wifi-stick-price","34":"product_tag-wifi-usb-adapter","35":"product_tag-wireless-usb-adapter","37":"first","38":"instock","39":"sale","40":"shipping-taxable","41":"product-type-external"},"_links":{"self":[{"href":"https:\/\/comprasyconsejos.store\/en\/wp-json\/wp\/v2\/product\/31202","targetHints":{"allow":["GET"]}}],"collection":[{"href":"https:\/\/comprasyconsejos.store\/en\/wp-json\/wp\/v2\/product"}],"about":[{"href":"https:\/\/comprasyconsejos.store\/en\/wp-json\/wp\/v2\/types\/product"}],"replies":[{"embeddable":true,"href":"https:\/\/comprasyconsejos.store\/en\/wp-json\/wp\/v2\/comments?post=31202"}],"version-history":[{"count":0,"href":"https:\/\/comprasyconsejos.store\/en\/wp-json\/wp\/v2\/product\/31202\/revisions"}],"wp:featuredmedia":[{"embeddable":true,"href":"https:\/\/comprasyconsejos.store\/en\/wp-json\/wp\/v2\/media\/31203"}],"wp:attachment":[{"href":"https:\/\/comprasyconsejos.store\/en\/wp-json\/wp\/v2\/media?parent=31202"}],"wp:term":[{"taxonomy":"product_brand","embeddable":true,"href":"https:\/\/comprasyconsejos.store\/en\/wp-json\/wp\/v2\/product_brand?post=31202"},{"taxonomy":"product_cat","embeddable":true,"href":"https:\/\/comprasyconsejos.store\/en\/wp-json\/wp\/v2\/product_cat?post=31202"},{"taxonomy":"product_tag","embeddable":true,"href":"https:\/\/comprasyconsejos.store\/en\/wp-json\/wp\/v2\/product_tag?post=31202"}],"curies":[{"name":"wp","href":"https:\/\/api.w.org\/{rel}","templated":true}]}}