{"id":31208,"date":"2026-02-22T17:39:59","date_gmt":"2026-02-22T17:39:59","guid":{"rendered":"https:\/\/comprasyconsejos.store\/product\/mercusys-mr27be-be3600mbps-dual-band-wifi-7-router-2-5gbps-ports-4-high-gain-antennas-160-mhz-channels-mlo-easymesh-support-wpa3-security-control-via-a\/"},"modified":"2026-02-22T17:40:09","modified_gmt":"2026-02-22T17:40:09","slug":"mercusys-mr27be-be3600mbps-dual-band-wifi-7-router-2-5gbps-ports-4-high-gain-antennas-160-mhz-channels-mlo-easymesh-support-wpa3-security-control-via-a","status":"publish","type":"product","link":"https:\/\/comprasyconsejos.store\/en\/product\/mercusys-mr27be-be3600mbps-dual-band-wifi-7-router-2-5gbps-ports-4-high-gain-antennas-160-mhz-channels-mlo-easymesh-support-wpa3-security-control-via-a\/","title":{"rendered":"Mercusys MR27BE | BE3600Mbps Dual Band WiFi 7 Router, 2.5Gbps Ports, 4 High Gain Antennas, 160 MHz Channels, MLO, EasyMesh Support, WPA3 Security, Control via a"},"content":{"rendered":"<p>Price: <span style=\"color:#b12704\">\u20ac52.99<\/span><br \/><i><small>(as of Feb 22, 2026 17:40:00 UTC &#8211; <span class=\"wp_automatic_amazon_disclaimer\" title=\"Product prices and availability are accurate as of the date\/time indicated and are subject to change. Any price and availability information displayed on [relevant Amazon Site(s), as applicable] at the time of purchase will apply to the purchase of this product.\">Details<\/span>)<\/small><\/i><\/p>\n<p><a href=\"https:\/\/amazon.es\/dp\/B0DPG6BHSB?tag=man008-21\"><img decoding=\"async\" src=\"https:\/\/valvepress.s3.amazonaws.com\/imgs\/buy_now.png\"><\/a><br \/>\n<\/p>\n<p>                                             From the manufacturer   <\/p>\n<p>                                                                                                       <img decoding=\"async\" alt=\"Mercusys MR27BE - Nuevo Router Wi-Fi 7 de Doble Banda BE3600\" src=\"https:\/\/images-na.ssl-images-amazon.com\/images\/G\/01\/x-locale\/common\/grey-pixel.gif\" class=\"a-lazy-loaded\" data-src=\"https:\/\/m.media-amazon.com\/images\/S\/aplus-media-library-service-media\/0f624c0d-0096-47c7-bb25-d021465cd2b2.__CR0,0,1464,600_PT0_SX1464_V1___.jpg\"><img decoding=\"async\" alt=\"Mercusys MR27BE - Nuevo Router Wi-Fi 7 de Doble Banda BE3600\" src=\"https:\/\/m.media-amazon.com\/images\/S\/aplus-media-library-service-media\/0f624c0d-0096-47c7-bb25-d021465cd2b2.__CR0,0,1464,600_PT0_SX1464_V1___.jpg\">                                               <\/p>\n<p>                                                                                                       <img decoding=\"async\" alt=\"Mercusys MR27BE - Nuevo Router Wi-Fi 7 de Doble Banda BE3600\" src=\"https:\/\/images-na.ssl-images-amazon.com\/images\/G\/01\/x-locale\/common\/grey-pixel.gif\" class=\"a-lazy-loaded\" data-src=\"https:\/\/m.media-amazon.com\/images\/S\/aplus-media-library-service-media\/f898a4f3-b41c-459d-a319-e29971b02ca4.__CR0,0,1464,600_PT0_SX1464_V1___.jpg\"><img decoding=\"async\" alt=\"Mercusys MR27BE - Nuevo Router Wi-Fi 7 de Doble Banda BE3600\" src=\"https:\/\/m.media-amazon.com\/images\/S\/aplus-media-library-service-media\/f898a4f3-b41c-459d-a319-e29971b02ca4.__CR0,0,1464,600_PT0_SX1464_V1___.jpg\">                                               <\/p>\n<p>                                                                                                                <img decoding=\"async\" alt=\"Mercusys MR27BE - Nuevo Router Wi-Fi 7 de Doble Banda BE3600\" src=\"https:\/\/m.media-amazon.com\/images\/S\/aplus-media-library-service-media\/231e0095-ad1a-4a0c-8a07-96fe09342d5c.__CR0,0,1464,600_PT0_SX1464_V1___.jpg\">                                                                                           Wi-Fi 7 de Doble Banda BE3600                                       <\/p>\n<p class=\"description aplus-p1\"> Disfruta de streaming 8K fluido, VR\/AR, videollamadas, gaming y descargas r\u00e1pidas. <\/p>\n<p>                                                      <img decoding=\"async\" alt=\"Mercusys MR27BE - Nuevo Router Wi-Fi 7 de Doble Banda BE3600\" src=\"https:\/\/m.media-amazon.com\/images\/S\/aplus-media-library-service-media\/d83b6135-62bf-4e1d-8f7e-f7b0a11b483c.__CR0,0,1464,600_PT0_SX1464_V1___.jpg\">                                                                                           Tecnolog\u00eda Wi-Fi 7                                       <\/p>\n<p class=\"description aplus-p1\"> El \u00faltimo est\u00e1ndar Wi-Fi ofrece mayor rendimiento y eficiencia y menor latencia. <\/p>\n<p>                                                      <img decoding=\"async\" alt=\"Mercusys MR27BE - Nuevo Router Wi-Fi 7 de Doble Banda BE3600\" src=\"https:\/\/m.media-amazon.com\/images\/S\/aplus-media-library-service-media\/42ebf5cf-c856-4c46-b0ba-a6735ab8a016.__CR0,0,1464,600_PT0_SX1464_V1___.jpg\">                                                                                           Puertos de 2,5 Gbps                                       <\/p>\n<p class=\"description aplus-p1\"> Conecta tu PCs, Smart TV, consola o NAS para disfrutar de conexi\u00f3n por cable ultrarr\u00e1pida. <\/p>\n<p>                            1 Velocidad Wi-Fi 7 BE3600 <\/p>\n<p>                            2 Tecnolog\u00eda Wi-Fi 7 <\/p>\n<p>                            3 Puertos de 2,5 Gbps <\/p>\n<p>                                                                     4\u00d7 Antenas Externas para Mayor Cobertura Wi-Fi 7                                            <img decoding=\"async\" alt=\"Mercusys MR27BE - Nuevo Router Wi-Fi 7 de Doble Banda BE3600\" src=\"https:\/\/images-na.ssl-images-amazon.com\/images\/G\/01\/x-locale\/common\/grey-pixel.gif\" class=\"a-lazy-loaded\" data-src=\"https:\/\/m.media-amazon.com\/images\/S\/aplus-media-library-service-media\/1b5f3cad-7dbf-4550-b3f2-42ffe24cd64d.__CR0,0,1464,600_PT0_SX1464_V1___.jpg\"><img decoding=\"async\" alt=\"Mercusys MR27BE - Nuevo Router Wi-Fi 7 de Doble Banda BE3600\" src=\"https:\/\/m.media-amazon.com\/images\/S\/aplus-media-library-service-media\/1b5f3cad-7dbf-4550-b3f2-42ffe24cd64d.__CR0,0,1464,600_PT0_SX1464_V1___.jpg\">                                         <\/p>\n<p class=\"aplus-description aplus-container-3 aplus-p1\"> Las 4 antenas omnidireccionales, la optimizaci\u00f3n Wi-Fi patentada y la tecnolog\u00eda Beamforming ofrecen una cobertura m\u00e1s amplia, m\u00e1s capacidad, conexiones m\u00e1s potentes y fiables, y menos interferencias. <\/p>\n<p>                                                                     Cubre Toda la Casa de Wi-Fi con EasyMesh                                            <img decoding=\"async\" alt=\"Mercusys MR27BE - Nuevo Router Wi-Fi 7 de Doble Banda BE3600\" src=\"https:\/\/images-na.ssl-images-amazon.com\/images\/G\/01\/x-locale\/common\/grey-pixel.gif\" class=\"a-lazy-loaded\" data-src=\"https:\/\/m.media-amazon.com\/images\/S\/aplus-media-library-service-media\/7ab9378c-2dbb-4aec-a2a4-4f624405ddf2.__CR0,0,1464,600_PT0_SX1464_V1___.jpg\"><img decoding=\"async\" alt=\"Mercusys MR27BE - Nuevo Router Wi-Fi 7 de Doble Banda BE3600\" src=\"https:\/\/m.media-amazon.com\/images\/S\/aplus-media-library-service-media\/7ab9378c-2dbb-4aec-a2a4-4f624405ddf2.__CR0,0,1464,600_PT0_SX1464_V1___.jpg\">                                         <\/p>\n<p class=\"aplus-description aplus-container-3 aplus-p1\"> MR27BE es compatible con EasyMesh, lo que te permite configurar una red de malla en toda la casa con un \u00fanico nombre y contrase\u00f1a Wi-Fi con cualquier otro repetidor que admita EasyMesh. <\/p>\n<p>                                                                                                       <img decoding=\"async\" alt=\"Mercusys MR27BE - Nuevo Router Wi-Fi 7 de Doble Banda BE3600\" src=\"https:\/\/images-na.ssl-images-amazon.com\/images\/G\/01\/x-locale\/common\/grey-pixel.gif\" class=\"a-lazy-loaded\" data-src=\"https:\/\/m.media-amazon.com\/images\/S\/aplus-media-library-service-media\/7a9aea8b-b775-4caa-ae46-0228f7013426.__CR0,0,1464,600_PT0_SX1464_V1___.jpg\"><img decoding=\"async\" alt=\"Mercusys MR27BE - Nuevo Router Wi-Fi 7 de Doble Banda BE3600\" src=\"https:\/\/m.media-amazon.com\/images\/S\/aplus-media-library-service-media\/7a9aea8b-b775-4caa-ae46-0228f7013426.__CR0,0,1464,600_PT0_SX1464_V1___.jpg\">                                                 Controles Parentales y mucho m\u00e1s                                             Gesti\u00f3n Sencilla con la App Mercusys                                        <\/p>\n<p class=\"aplus-p2 aplus-module-2-description\"> Protege a tus hijos en l\u00ednea gestionando f\u00e1cilmente su tiempo y acceso a contenidos mediante perfiles personalizados, l\u00edmites de uso, bloqueo de sitios inapropiados y pausas de conexi\u00f3n, todo de forma r\u00e1pida y sencilla desde la app MERCUSYS, sin necesidad de conocimientos t\u00e9cnicos. <\/p>\n<p>                                                                                                       <img decoding=\"async\" alt=\"Mercusys MR27BE - Nuevo Router Wi-Fi 7 de Doble Banda BE3600\" src=\"https:\/\/images-na.ssl-images-amazon.com\/images\/G\/01\/x-locale\/common\/grey-pixel.gif\" class=\"a-lazy-loaded\" data-src=\"https:\/\/m.media-amazon.com\/images\/S\/aplus-media-library-service-media\/34552462-f614-4b36-a50d-5ad590c82c76.__CR0,0,1464,600_PT0_SX1464_V1___.jpg\"><img decoding=\"async\" alt=\"Mercusys MR27BE - Nuevo Router Wi-Fi 7 de Doble Banda BE3600\" src=\"https:\/\/m.media-amazon.com\/images\/S\/aplus-media-library-service-media\/34552462-f614-4b36-a50d-5ad590c82c76.__CR0,0,1464,600_PT0_SX1464_V1___.jpg\">                                                                                    WPA3 Protege tu Red Personal                                        <\/p>\n<p class=\"aplus-p2 aplus-module-2-description\"> El \u00faltimo est\u00e1ndar de seguridad, WPA3, ofrece una protecci\u00f3n Wi-Fi integral mejorada para defender tus dispositivos e informaci\u00f3n privada frente a ataques de fuerza bruta. <\/p>\n<p> Product Dimensions                                            \u200f                                            :                                            \u200e                                            12 x 5 x 25 cm; 1.03 kg   <br \/> Manufacturer                                            \u200f                                            :                                            \u200e                                            Mercusys   <br \/> ASIN                                            \u200f                                            :                                            \u200e                                            B0DPG6BHSB   <br \/> Item model number                                            \u200f                                            :                                            \u200e                                            MR27BE   <br \/> Country of origin                                            \u200f                                            :                                            \u200e                                            China   <br \/> Guaranteed software updates until                                            \u200f                                            :                                            \u200e                                            unknown   <br \/>  Customer reviews:                                                                                            4.4               4.4 out of 5 stars                                  (550)                                              var dpAcrHasRegisteredArcLinkClickAction;                    P.when(&#8216;A&#8217;, &#8216;ready&#8217;).execute(function(A) {                        if (dpAcrHasRegisteredArcLinkClickAction !== true) {                            dpAcrHasRegisteredArcLinkClickAction = true;                            A.declarative(                                &#8216;acrLink-click-metrics&#8217;, &#8216;click&#8217;,                                { \u00aballowLinkDefault\u00bb: true },                                function (event) {                                    if (window.ue) {                                        ue.count(\u00abacrLinkClickCount\u00bb, (ue.count(\u00abacrLinkClickCount\u00bb) || 0) + 1);                                    }                                }                            );                        }                    });                                             P.when(&#8216;A&#8217;, &#8216;cf&#8217;).execute(function(A) {                A.declarative(&#8216;acrStarsLink-click-metrics&#8217;, &#8216;click&#8217;, { \u00aballowLinkDefault\u00bb : true },  function(event){                    if(window.ue) {                        ue.count(\u00abacrStarsLinkWithPopoverClickCount\u00bb, (ue.count(\u00abacrStarsLinkWithPopoverClickCount\u00bb) || 0) + 1);                    }                });            });                          <\/p>\n<p>Super Fast 3.6Gbps Dual Band Speeds: Allows your devices to run at maximum speed. Enjoy smooth 4K\/8K streams, immersive AR\/VR games and ultra-fast downloads.<br \/>New WiFi 7: Equipped with 160 MHz channels, 4K-QAM, MLO and other features that WiFi 7 offers, your network will reach amazing performance.<br \/>Multi-Link Operation (MLO): Increases performance, reduces latency, and improves reliability for emerging applications.<br \/>2.5G PORTS &#8211; 1 2.5Gbps WAN port, 1 2.5Gbps LAN port and 2 1Gbps LAN ports overcome the limitation of 1G, bringing your devices to peak performance. \u00a7<br \/>Maximized Coverage: 4 omni-directional antennas, proprietary Wi-Fi optimization and Beamforming technology provide greater coverage, more capacity, stronger, more reliable connections, and less interference.<br \/>EasyMesh Compatible &#8211; Works with EasyMesh routers and extenders to form a Mesh WiFi system throughout the home, preventing drops and delays when moving between signals. *<br \/>Easy Setup and Use: Network management has never been easier thanks to the app MERCUSYS.<\/p>\n\n","protected":false},"excerpt":{"rendered":"<p> From the manufacturer Wi-Fi 7 de Doble Banda BE3600 Disfruta de streaming 8K fluido, VR\/AR,<\/p>","protected":false},"featured_media":31209,"comment_status":"open","ping_status":"closed","template":"","meta":[],"product_brand":[],"product_cat":[71],"product_tag":[3385,2080,2093,2217,9032,2084,2456,1124,298,2078,5153,2216,2079,197,2081,2083,2086,2082,2223,2455,9031,382,2088,2085,2096,1098,543,2076,2077,2095],"class_list":{"0":"post-31208","1":"product","2":"type-product","3":"status-publish","4":"has-post-thumbnail","6":"product_cat-wifi-routers","7":"product_tag-2-5gbps","8":"product_tag-5ghz-router","9":"product_tag-antennas","10":"product_tag-band","11":"product_tag-be3600mbps","12":"product_tag-best-wifi-router","13":"product_tag-channels","14":"product_tag-control","15":"product_tag-dual","16":"product_tag-dual-band-router","17":"product_tag-easymesh","18":"product_tag-gain","19":"product_tag-gaming-wifi-router","20":"product_tag-high","21":"product_tag-high-speed-router","22":"product_tag-home-wifi-router","23":"product_tag-mercusys","24":"product_tag-mesh-wifi-router","25":"product_tag-mhz","26":"product_tag-mlo","27":"product_tag-mr27be","28":"product_tag-ports","29":"product_tag-router","30":"product_tag-router-price","31":"product_tag-security","32":"product_tag-support","33":"product_tag-wifi","34":"product_tag-wifi-router","35":"product_tag-wireless-router","36":"product_tag-wpa3","38":"first","39":"instock","40":"shipping-taxable","41":"product-type-external"},"_links":{"self":[{"href":"https:\/\/comprasyconsejos.store\/en\/wp-json\/wp\/v2\/product\/31208","targetHints":{"allow":["GET"]}}],"collection":[{"href":"https:\/\/comprasyconsejos.store\/en\/wp-json\/wp\/v2\/product"}],"about":[{"href":"https:\/\/comprasyconsejos.store\/en\/wp-json\/wp\/v2\/types\/product"}],"replies":[{"embeddable":true,"href":"https:\/\/comprasyconsejos.store\/en\/wp-json\/wp\/v2\/comments?post=31208"}],"version-history":[{"count":0,"href":"https:\/\/comprasyconsejos.store\/en\/wp-json\/wp\/v2\/product\/31208\/revisions"}],"wp:featuredmedia":[{"embeddable":true,"href":"https:\/\/comprasyconsejos.store\/en\/wp-json\/wp\/v2\/media\/31209"}],"wp:attachment":[{"href":"https:\/\/comprasyconsejos.store\/en\/wp-json\/wp\/v2\/media?parent=31208"}],"wp:term":[{"taxonomy":"product_brand","embeddable":true,"href":"https:\/\/comprasyconsejos.store\/en\/wp-json\/wp\/v2\/product_brand?post=31208"},{"taxonomy":"product_cat","embeddable":true,"href":"https:\/\/comprasyconsejos.store\/en\/wp-json\/wp\/v2\/product_cat?post=31208"},{"taxonomy":"product_tag","embeddable":true,"href":"https:\/\/comprasyconsejos.store\/en\/wp-json\/wp\/v2\/product_tag?post=31208"}],"curies":[{"name":"wp","href":"https:\/\/api.w.org\/{rel}","templated":true}]}}