{"id":31218,"date":"2026-02-22T17:44:32","date_gmt":"2026-02-22T17:44:32","guid":{"rendered":"https:\/\/comprasyconsejos.store\/product\/goneo-charging-cable-type-2-22kw-5m-32a-mode-3-charging-cable-for-electric-car-type-2-and-3-phases-for-e-auto-ev-phev-type-2-to-type-2-with-carry-bag\/"},"modified":"2026-02-22T17:44:43","modified_gmt":"2026-02-22T17:44:43","slug":"goneo-charging-cable-type-2-22kw-5m-32a-mode-3-charging-cable-for-electric-car-type-2-and-3-phases-for-e-auto-ev-phev-type-2-to-type-2-with-carry-bag","status":"publish","type":"product","link":"https:\/\/comprasyconsejos.store\/en\/product\/goneo-charging-cable-type-2-22kw-5m-32a-mode-3-charging-cable-for-electric-car-type-2-and-3-phases-for-e-auto-ev-phev-type-2-to-type-2-with-carry-bag\/","title":{"rendered":"GONEO Charging Cable Type 2 22kW 5M 32A Mode 3 Charging Cable for Electric Car Type 2 and 3 Phases for E Auto EV\/PHEV Type 2 to Type 2 with Carry Bag"},"content":{"rendered":"<p>Price: <span style=\"color:#b12704\"><del>\u20ac129.99<\/del> - \u20ac99.99<\/span><br \/><i><small>(as of Feb 22, 2026 17:44:32 UTC &#8211; <span class=\"wp_automatic_amazon_disclaimer\" title=\"Product prices and availability are accurate as of the date\/time indicated and are subject to change. Any price and availability information displayed on [relevant Amazon Site(s), as applicable] at the time of purchase will apply to the purchase of this product.\">Details<\/span>)<\/small><\/i><\/p>\n<p><a href=\"https:\/\/amazon.es\/dp\/B0CN2Q246Y?tag=man008-21\"><img decoding=\"async\" src=\"https:\/\/valvepress.s3.amazonaws.com\/imgs\/buy_now.png\"><\/a><br \/>\n<\/p>\n<p>                                             From the brand   <\/p>\n<p>                                              <img decoding=\"async\" alt=\"Dos conectores negros de carga para veh\u00edculos el\u00e9ctricos con varios pines, que se muestran sobre un fondo oscuro de agua y colinas. El logotipo de la marca Goneo est\u00e1 visible.\" src=\"https:\/\/images-na.ssl-images-amazon.com\/images\/G\/01\/x-locale\/common\/grey-pixel.gif\" class=\"a-lazy-loaded\" data-src=\"https:\/\/m.media-amazon.com\/images\/S\/aplus-media-library-service-media\/d3926ce0-bc30-4658-9ef0-64fdaef9c05a.__CR0,0,1464,625_PT0_SX1464_V1___.jpg\"><img decoding=\"async\" alt=\"Dos conectores negros de carga para veh\u00edculos el\u00e9ctricos con varios pines, que se muestran sobre un fondo oscuro de agua y colinas. El logotipo de la marca Goneo est\u00e1 visible.\" src=\"https:\/\/m.media-amazon.com\/images\/S\/aplus-media-library-service-media\/d3926ce0-bc30-4658-9ef0-64fdaef9c05a.__CR0,0,1464,625_PT0_SX1464_V1___.jpg\">  <\/p>\n<p>                                              <img decoding=\"async\" alt=\"GONEO\" src=\"https:\/\/images-na.ssl-images-amazon.com\/images\/G\/01\/x-locale\/common\/grey-pixel.gif\" class=\"a-lazy-loaded\" data-src=\"https:\/\/m.media-amazon.com\/images\/S\/aplus-media-library-service-media\/c40cb73d-ea50-490b-acb6-b2c3df81fd38.__CR0,0,362,453_PT0_SX362_V1___.jpg\"><img decoding=\"async\" alt=\"GONEO\" src=\"https:\/\/m.media-amazon.com\/images\/S\/aplus-media-library-service-media\/c40cb73d-ea50-490b-acb6-b2c3df81fd38.__CR0,0,362,453_PT0_SX362_V1___.jpg\">  <\/p>\n<p>                                              <img decoding=\"async\" alt=\"GONEO\" src=\"https:\/\/images-na.ssl-images-amazon.com\/images\/G\/01\/x-locale\/common\/grey-pixel.gif\" class=\"a-lazy-loaded\" data-src=\"https:\/\/m.media-amazon.com\/images\/S\/aplus-media-library-service-media\/d3c86a95-1466-4ad1-9bde-3b280623a16a.__CR0,0,362,453_PT0_SX362_V1___.jpg\"><img decoding=\"async\" alt=\"GONEO\" src=\"https:\/\/m.media-amazon.com\/images\/S\/aplus-media-library-service-media\/d3c86a95-1466-4ad1-9bde-3b280623a16a.__CR0,0,362,453_PT0_SX362_V1___.jpg\">  <\/p>\n<h3> Cable de carga tipo 2 <\/h3>\n<h3> Caja de pared m\u00f3vil <\/h3>\n<h3> GONEO Wallbox <\/h3>\n<p>                                              <img decoding=\"async\" alt=\"\" src=\"https:\/\/images-na.ssl-images-amazon.com\/images\/G\/01\/x-locale\/common\/grey-pixel.gif\" class=\"a-lazy-loaded\" data-src=\"https:\/\/m.media-amazon.com\/images\/S\/aplus-media-library-service-media\/435728bc-4aa1-4275-ad5a-eb761a7a653a.__CR0,0,362,453_PT0_SX362_V1___.jpg\"><img decoding=\"async\" alt=\"\" src=\"https:\/\/m.media-amazon.com\/images\/S\/aplus-media-library-service-media\/435728bc-4aa1-4275-ad5a-eb761a7a653a.__CR0,0,362,453_PT0_SX362_V1___.jpg\">  <\/p>\n<h3> 10 m, 7 m, 5 m de longitud <\/h3>\n<p>                                              <img decoding=\"async\" alt=\"\" src=\"https:\/\/images-na.ssl-images-amazon.com\/images\/G\/01\/x-locale\/common\/grey-pixel.gif\" class=\"a-lazy-loaded\" data-src=\"https:\/\/m.media-amazon.com\/images\/S\/aplus-media-library-service-media\/46a543ed-119a-48e1-888c-ef8f64a3a222.__CR0,0,362,453_PT0_SX362_V1___.jpg\"><img decoding=\"async\" alt=\"\" src=\"https:\/\/m.media-amazon.com\/images\/S\/aplus-media-library-service-media\/46a543ed-119a-48e1-888c-ef8f64a3a222.__CR0,0,362,453_PT0_SX362_V1___.jpg\">  <\/p>\n<h3> 10,000 prueba de plug-in\/out <\/h3>\n<p>                                              <img decoding=\"async\" alt=\"\" src=\"https:\/\/images-na.ssl-images-amazon.com\/images\/G\/01\/x-locale\/common\/grey-pixel.gif\" class=\"a-lazy-loaded\" data-src=\"https:\/\/m.media-amazon.com\/images\/S\/aplus-media-library-service-media\/21972491-7153-4dbb-bdae-25cf1ff277e0.__CR0,0,362,453_PT0_SX362_V1___.jpg\"><img decoding=\"async\" alt=\"\" src=\"https:\/\/m.media-amazon.com\/images\/S\/aplus-media-library-service-media\/21972491-7153-4dbb-bdae-25cf1ff277e0.__CR0,0,362,453_PT0_SX362_V1___.jpg\">  <\/p>\n<h3> Capacidad de carga 2T <\/h3>\n<p>                                              <img decoding=\"async\" alt=\"\" src=\"https:\/\/images-na.ssl-images-amazon.com\/images\/G\/01\/x-locale\/common\/grey-pixel.gif\" class=\"a-lazy-loaded\" data-src=\"https:\/\/m.media-amazon.com\/images\/S\/aplus-media-library-service-media\/c27309de-d03e-4042-8579-48707150a7ca.__CR0,0,362,453_PT0_SX362_V1___.jpg\"><img decoding=\"async\" alt=\"\" src=\"https:\/\/m.media-amazon.com\/images\/S\/aplus-media-library-service-media\/c27309de-d03e-4042-8579-48707150a7ca.__CR0,0,362,453_PT0_SX362_V1___.jpg\">  <\/p>\n<h3> 20,000 pruebas de flexi\u00f3n <\/h3>\n<p>                                              <img decoding=\"async\" alt=\"Tabla de compatibilidad de veh\u00edculos que muestra siluetas de varios modelos de autom\u00f3viles para los sistemas de carga CCS2 EVS\/PHEVS de tipo 2\" src=\"https:\/\/images-na.ssl-images-amazon.com\/images\/G\/01\/x-locale\/common\/grey-pixel.gif\" class=\"a-lazy-loaded\" data-src=\"https:\/\/m.media-amazon.com\/images\/S\/aplus-media-library-service-media\/32d07199-ec04-4fec-83c6-de5aa215a8fd.__CR0,0,724,906_PT0_SX362_V1___.jpg\"><img decoding=\"async\" alt=\"Tabla de compatibilidad de veh\u00edculos que muestra siluetas de varios modelos de autom\u00f3viles para los sistemas de carga CCS2 EVS\/PHEVS de tipo 2\" src=\"https:\/\/m.media-amazon.com\/images\/S\/aplus-media-library-service-media\/32d07199-ec04-4fec-83c6-de5aa215a8fd.__CR0,0,724,906_PT0_SX362_V1___.jpg\">  <\/p>\n<p>                                              <img decoding=\"async\" alt=\"de Pr\u00fcfengel para el cable de carga GONEO tipo 2 de 11 kW y 5 m. Muestra el per\u00edodo de prueba de 2024 y la etiqueta \u00ab\" src=\"https:\/\/images-na.ssl-images-amazon.com\/images\/G\/01\/x-locale\/common\/grey-pixel.gif\" class=\"a-lazy-loaded\" data-src=\"https:\/\/m.media-amazon.com\/images\/S\/aplus-media-library-service-media\/2cf7fa0f-ebc3-4bf7-a5a4-3c79da9960bb.__CR0,89,3141,3931_PT0_SX362_V1___.png\"><img decoding=\"async\" alt=\"de Pr\u00fcfengel para el cable de carga GONEO tipo 2 de 11 kW y 5 m. Muestra el per\u00edodo de prueba de 2024 y la etiqueta \u00ab\" src=\"https:\/\/m.media-amazon.com\/images\/S\/aplus-media-library-service-media\/2cf7fa0f-ebc3-4bf7-a5a4-3c79da9960bb.__CR0,89,3141,3931_PT0_SX362_V1___.png\">  <\/p>\n<p>                                              <img decoding=\"async\" alt=\"\" src=\"https:\/\/images-na.ssl-images-amazon.com\/images\/G\/01\/x-locale\/common\/grey-pixel.gif\" class=\"a-lazy-loaded\" data-src=\"https:\/\/m.media-amazon.com\/images\/S\/aplus-media-library-service-media\/dc9a2237-b3a9-448a-af37-2b75e2cd0ab6.__CR0,0,362,453_PT0_SX362_V1___.jpg\"><img decoding=\"async\" alt=\"\" src=\"https:\/\/m.media-amazon.com\/images\/S\/aplus-media-library-service-media\/dc9a2237-b3a9-448a-af37-2b75e2cd0ab6.__CR0,0,362,453_PT0_SX362_V1___.jpg\">  <\/p>\n<h3> Excelente calidad y dise\u00f1o <\/h3>\n<p>                                                         \u00bfCu\u00e1l es nuestra misi\u00f3n?                                       <\/p>\n<p> Proporcionar a los clientes una experiencia de energ\u00eda segura y c\u00f3moda <\/p>\n<p>                                                         \u00bfQu\u00e9 hace que nuestros productos sean \u00fanicos?                                       <\/p>\n<p> Enfoque profesional, solo lo m\u00e1s importante, desarrollo sostenible <\/p>\n<p>                                                         \u00bfNuestros productos son de alta calidad?                                       <\/p>\n<p> Goneo siempre recuerda que la calidad es la raz\u00f3n por la que los clientes eligen Goneo y tambi\u00e9n es la piedra angular de la supervivencia y el desarrollo de Goneo. Siempre miramos la perspectiva de los clientes para sopesar oportunidades y riesgos y responder r\u00e1pidamente a las necesidades del cliente. <\/p>\n<p> Product Dimensions                                            \u200f                                            :                                            \u200e                                            37 x 36 x 12 cm; 3.58 kg   <br \/> Date First Available                                            \u200f                                            :                                            \u200e                                            8 Feb. 2024   <br \/> Manufacturer                                            \u200f                                            :                                            \u200e                                            GONEO   <br \/> ASIN                                            \u200f                                            :                                            \u200e                                            B0CN2Q246Y   <br \/> Item model number                                            \u200f                                            :                                            \u200e                                            22kW 5M 32A   <br \/> Country of origin                                            \u200f                                            :                                            \u200e                                            China   <br \/>       Best Sellers Rank:  349 in Automotive (See Top 100 in Automotive)    2 in Electric Vehicle Charging Station Accessories      <br \/>  Customer reviews:                                                                                            4.7               4.7 out of 5 stars                                  (1,160)                                              var dpAcrHasRegisteredArcLinkClickAction;                    P.when(&#8216;A&#8217;, &#8216;ready&#8217;).execute(function(A) {                        if (dpAcrHasRegisteredArcLinkClickAction !== true) {                            dpAcrHasRegisteredArcLinkClickAction = true;                            A.declarative(                                &#8216;acrLink-click-metrics&#8217;, &#8216;click&#8217;,                                { \u00aballowLinkDefault\u00bb: true },                                function (event) {                                    if (window.ue) {                                        ue.count(\u00abacrLinkClickCount\u00bb, (ue.count(\u00abacrLinkClickCount\u00bb) || 0) + 1);                                    }                                }                            );                        }                    });                                             P.when(&#8216;A&#8217;, &#8216;cf&#8217;).execute(function(A) {                A.declarative(&#8216;acrStarsLink-click-metrics&#8217;, &#8216;click&#8217;, { \u00aballowLinkDefault\u00bb : true },  function(event){                    if(window.ue) {                        ue.count(\u00abacrStarsLinkWithPopoverClickCount\u00bb, (ue.count(\u00abacrStarsLinkWithPopoverClickCount\u00bb) || 0) + 1);                    }                });            });                          <\/p>\n<p>Fast Charging: The type 2 electric vehicle charging cable supports a charging power of up to 22kW, allowing you to reach a range of 90km in just one hour. (Note: \u2460This is not an extension cable; just connect the vehicle charging port to the charging station port; no other cable can be connected)<br \/>Designed for Europe: GONEO electric car cable type 2 5 m Compatible with Type 2 and CCS2 electric vehicles as well as plug-in hybrid vehicles. Please confirm whether your vehicle&#8217;s charging port is type 2 (7 pins) or CCS 2 (7 pin + 2 pin). Not compatible with Type 1, CCS1, CHAdeMO or GB\/T<br \/>SUPERIOR QUALITY: Type 2 electric vehicle charging cable uses ultrasonic welding technology, which has lower temperature rise than general welding technology to protect your safety and that of your car. 8\u00b12 micron silver connector ensures better conductivity and corrosion resistance, ensuring long service life<br \/>BUY WITH CONFIDENCE &#8211; Type 2 22kw charging cable meets IEC 62196 and EN standards, with waterproof level (IP54) and UL94V-0 fire resistance rating. In addition, it uses PA66 nylon, high-quality TPU cable, halogen free, recyclable, wear-resistant and bending. It has been tested for 10,000 connections, has a load capacity of 2 tons and has successfully passed the drop test from 1 meter<br \/>Choose the right length: 5 meters for the distance between 1 car, 7 meters for the distance between 2 cars and 10 meters for the distance between 3 cars. The cable includes a sturdy carry bag and Velcro closure, ideal for storing electric vehicle charging cables. It is the best trunk accessory<\/p>\n\n","protected":false},"excerpt":{"rendered":"<p> From the brand Cable de carga tipo 2 Caja de pared m\u00f3vil GONEO Wallbox 10<\/p>","protected":false},"featured_media":31219,"comment_status":"open","ping_status":"closed","template":"","meta":[],"product_brand":[],"product_cat":[69],"product_tag":[9034,9035,731,4236,182,373,8925,138,2047,2044,1607,9036,9033,2052,2037,738,2054,2046,6292,2049,168,2050,2042,2040],"class_list":{"0":"post-31218","1":"product","2":"type-product","3":"status-publish","4":"has-post-thumbnail","6":"product_cat-cables-adapters","7":"product_tag-22kw","8":"product_tag-32a","9":"product_tag-auto","10":"product_tag-bag","11":"product_tag-cable","12":"product_tag-car","13":"product_tag-carry","14":"product_tag-charging","15":"product_tag-charging-cable","16":"product_tag-displayport-cable","17":"product_tag-electric","18":"product_tag-evphev","19":"product_tag-goneo","20":"product_tag-hdmi-adapter","21":"product_tag-hdmi-cable","22":"product_tag-mode","23":"product_tag-multiport-adapter","24":"product_tag-network-cable","25":"product_tag-phases","26":"product_tag-power-cable","27":"product_tag-type","28":"product_tag-usb-adapter","29":"product_tag-usb-c-cable","30":"product_tag-usb-cable","32":"first","33":"instock","34":"sale","35":"shipping-taxable","36":"product-type-external"},"_links":{"self":[{"href":"https:\/\/comprasyconsejos.store\/en\/wp-json\/wp\/v2\/product\/31218","targetHints":{"allow":["GET"]}}],"collection":[{"href":"https:\/\/comprasyconsejos.store\/en\/wp-json\/wp\/v2\/product"}],"about":[{"href":"https:\/\/comprasyconsejos.store\/en\/wp-json\/wp\/v2\/types\/product"}],"replies":[{"embeddable":true,"href":"https:\/\/comprasyconsejos.store\/en\/wp-json\/wp\/v2\/comments?post=31218"}],"version-history":[{"count":0,"href":"https:\/\/comprasyconsejos.store\/en\/wp-json\/wp\/v2\/product\/31218\/revisions"}],"wp:featuredmedia":[{"embeddable":true,"href":"https:\/\/comprasyconsejos.store\/en\/wp-json\/wp\/v2\/media\/31219"}],"wp:attachment":[{"href":"https:\/\/comprasyconsejos.store\/en\/wp-json\/wp\/v2\/media?parent=31218"}],"wp:term":[{"taxonomy":"product_brand","embeddable":true,"href":"https:\/\/comprasyconsejos.store\/en\/wp-json\/wp\/v2\/product_brand?post=31218"},{"taxonomy":"product_cat","embeddable":true,"href":"https:\/\/comprasyconsejos.store\/en\/wp-json\/wp\/v2\/product_cat?post=31218"},{"taxonomy":"product_tag","embeddable":true,"href":"https:\/\/comprasyconsejos.store\/en\/wp-json\/wp\/v2\/product_tag?post=31218"}],"curies":[{"name":"wp","href":"https:\/\/api.w.org\/{rel}","templated":true}]}}