{"id":31257,"date":"2026-02-22T18:05:25","date_gmt":"2026-02-22T18:05:25","guid":{"rendered":"https:\/\/comprasyconsejos.store\/product\/scansnap-ix1400-office-document-scanner-double-sided-duplex-scanner-adf-a4-usb-3-2\/"},"modified":"2026-02-22T18:05:30","modified_gmt":"2026-02-22T18:05:30","slug":"scansnap-ix1400-office-document-scanner-double-sided-duplex-scanner-adf-a4-usb-3-2","status":"publish","type":"product","link":"https:\/\/comprasyconsejos.store\/en\/product\/scansnap-ix1400-office-document-scanner-double-sided-duplex-scanner-adf-a4-usb-3-2\/","title":{"rendered":"ScanSnap iX1400 \u2013 Office Document Scanner \u2013 Double-Sided Duplex Scanner, ADF, A4, USB 3.2"},"content":{"rendered":"<p>Price: <span style=\"color:#b12704\"><del>\u20ac445.20<\/del> - \u20ac380.00<\/span><br \/><i><small>(as of Feb 22, 2026 18:05:25 UTC &#8211; <span class=\"wp_automatic_amazon_disclaimer\" title=\"Product prices and availability are accurate as of the date\/time indicated and are subject to change. Any price and availability information displayed on [relevant Amazon Site(s), as applicable] at the time of purchase will apply to the purchase of this product.\">Details<\/span>)<\/small><\/i><\/p>\n<p><a href=\"https:\/\/amazon.es\/dp\/B08QCRFWL6?tag=man008-21\"><img decoding=\"async\" src=\"https:\/\/valvepress.s3.amazonaws.com\/imgs\/buy_now.png\"><\/a><br \/>\n<\/p>\n<p>                                             Product Description   <\/p>\n<p> Para particulares y usuarios no t\u00e9cnicos, el maravillosamente simple ScanSnap iX1400 esc\u00e1ner digitaliza, procesa y organiza todos tus documentos desde tu puesto de trabajo. No necesitas saber de inform\u00e1tica. Solo tienes que pulsar el bot\u00f3n azul del esc\u00e1ner. <\/p>\n<p> El ScanSnap iX1400 ofrece a la vez la tecnolog\u00eda m\u00e1s avanzada en digitalizaci\u00f3n y una sencillez en la operaci\u00f3n, de modo que cualquiera persona puede utilizar este dispositivo. Con solo pulsar un bot\u00f3n, su escaneo supone una forma m\u00e1s inteligente de trabajar para profesionales con gran carga de trabajo, puesto que hace m\u00e1s sencillas aquellas tareas que consumen demasiado tiempo. Simplemente escanea, guarda y comparte tus documentos. As\u00ed de f\u00e1cil. <\/p>\n<p> Sin ajustes complejos en cuanto a configuraci\u00f3n, el iX1400 quedar\u00e1 listo para empezar a funcionar en tiempo r\u00e9cord. La opci\u00f3n de men\u00fa r\u00e1pido permite al usuario generar al instante el tipo de archivo que desee, ya sea un PDF con opci\u00f3n de b\u00fasqueda, archivos editables de Word, Excel o PowerPoint. Igualmente podr\u00e1 seleccionar una opci\u00f3nque le permitir\u00e1 extraer datos de recibos y tarjetas de visita. <\/p>\n<p>                                                  <img decoding=\"async\" alt=\"ScanSnap iX1400 Desktop Scanner\" src=\"https:\/\/images-na.ssl-images-amazon.com\/images\/G\/01\/x-locale\/common\/grey-pixel.gif\" class=\"a-lazy-loaded\" data-src=\"https:\/\/m.media-amazon.com\/images\/S\/aplus-media\/sc\/a8838b0a-b0a9-47c2-94e8-34c146382e83.__CR0,0,300,300_PT0_SX300_V1___.jpg\"><img decoding=\"async\" alt=\"ScanSnap iX1400 Desktop Scanner\" src=\"https:\/\/m.media-amazon.com\/images\/S\/aplus-media\/sc\/a8838b0a-b0a9-47c2-94e8-34c146382e83.__CR0,0,300,300_PT0_SX300_V1___.jpg\">  <\/p>\n<h3 class=\"a-spacing-mini\"> ScanSnap iX1400 esc\u00e1ner de oficina &#8211; Maravillosamente simple, sencillamente eficiente <\/h3>\n<p> Pensado para empresas actuales que quieran liberarse de todo desorden, el iX1400 cuenta con un dise\u00f1o compacto y elegante que encaja en la mayor\u00eda de espacios de trabajo, desde un escritorio de oficina hasta una mesa que tengas en casa. Este dispositivo estar\u00e1 siempre contigo en cualquier lugar desde el que trabajes. Y si quieres hacer que tus tareas de escaneo sean a\u00fan m\u00e1s eficientes, el intuitivo software ScanSnap Home permite crear autom\u00e1ticamente los archivos que necesites, guard\u00e1ndolos donde quieras, a la vez que ofrece una potente b\u00fasqueda y recuperaci\u00f3n de tus trabajos de digitalizaci\u00f3n. Creado por el principal fabricante de esc\u00e1neres, el maravillosamente simple iX1400 hace que el papeleo sea m\u00e1s llevadero, poniendo el papel al servicio de tu negocio. <\/p>\n<p>                                                  <img decoding=\"async\" alt=\"ScanSnap iX1400 Desktop Scanner\" src=\"https:\/\/images-na.ssl-images-amazon.com\/images\/G\/01\/x-locale\/common\/grey-pixel.gif\" class=\"a-spacing-mini a-lazy-loaded\" data-src=\"https:\/\/m.media-amazon.com\/images\/S\/aplus-media\/sc\/9130c5e8-3508-458d-9fdd-44e25cd4b1c9.__CR0,0,300,300_PT0_SX300_V1___.jpg\"><img decoding=\"async\" alt=\"ScanSnap iX1400 Desktop Scanner\" src=\"https:\/\/m.media-amazon.com\/images\/S\/aplus-media\/sc\/9130c5e8-3508-458d-9fdd-44e25cd4b1c9.__CR0,0,300,300_PT0_SX300_V1___.jpg\">  <\/p>\n<h3 class=\"a-spacing-mini\"> Listo en unos minutos <\/h3>\n<p> El iX1400 es tan f\u00e1cil de configurar que cualquiera puede hacerlo. Di adi\u00f3s a configuraciones complejas o a problemas de compatibilidad. Solo tienes que sacar el dispositivo de la caja, instalarlo en unos minutos y pulsar el bot\u00f3n azul para empezar a disfrutar de su experiencia de escaneo de inmediato. Realmente es as\u00ed de simple. <\/p>\n<p> Sin ajustes complejos en cuanto a configuraci\u00f3n, el iX1400 quedar\u00e1 listo para empezar a funcionar en tiempo r\u00e9cord. La opci\u00f3n de men\u00fa r\u00e1pido permite al usuario generar al instante el tipo de archivo que desee, ya sea un PDF con opci\u00f3n de b\u00fasqueda, archivos editables de Word, Excel o PowerPoint. Igualmente podr\u00e1 seleccionar una opci\u00f3nque le permitir\u00e1 extraer datos de recibos y tarjetas de visita. <\/p>\n<h3 class=\"a-spacing-small\"> La experiencia de escaneado que te encantar\u00e1 <\/h3>\n<p class=\"apm-text-center\">\n                                                      <img decoding=\"async\" alt=\"ScanSnap iX1400 Desktop Scanner\" src=\"https:\/\/images-na.ssl-images-amazon.com\/images\/G\/01\/x-locale\/common\/grey-pixel.gif\" class=\"a-spacing-mini a-lazy-loaded\" data-src=\"https:\/\/m.media-amazon.com\/images\/S\/aplus-media\/sc\/470fba5f-7dd1-4691-8dc4-4e384c8420a7.__CR0,0,300,300_PT0_SX300_V1___.jpg\"><img decoding=\"async\" alt=\"ScanSnap iX1400 Desktop Scanner\" src=\"https:\/\/m.media-amazon.com\/images\/S\/aplus-media\/sc\/470fba5f-7dd1-4691-8dc4-4e384c8420a7.__CR0,0,300,300_PT0_SX300_V1___.jpg\">  <\/p>\n<p>                                                    Men\u00fa r\u00e1pido para crear archivos al instante                                       <\/p>\n<p> El men\u00fa r\u00e1pido de ScanSnap permite escanear al instante a distintas aplicaciones. Elige escanear im\u00e1genes directamente a una carpeta, al correo electr\u00f3nico o incluso a una impresora. Extrae datos de recibos y tarjetas de visita en archivos csv, env\u00eda los documentos digitalizados a las plataformas de almacenamiento en la nube. Crea archivos PDF con opci\u00f3n de b\u00fasqueda o bien \u00e1brelos en el esc\u00e1ner para editarlos en Word, Excel o Powerpoint. Tambi\u00e9n puedes a\u00f1adir otras aplicaciones al men\u00fa r\u00e1pido. T\u00fa decides. <\/p>\n<p class=\"apm-text-center\">\n                                                      <img decoding=\"async\" alt=\"ScanSnap iX1400 Desktop Scanner\" src=\"https:\/\/images-na.ssl-images-amazon.com\/images\/G\/01\/x-locale\/common\/grey-pixel.gif\" class=\"a-spacing-mini a-lazy-loaded\" data-src=\"https:\/\/m.media-amazon.com\/images\/S\/aplus-media\/sc\/ea878ccb-20dc-4ec5-81a1-ad12fcbd520b.__CR0,0,300,300_PT0_SX300_V1___.jpg\"><img decoding=\"async\" alt=\"ScanSnap iX1400 Desktop Scanner\" src=\"https:\/\/m.media-amazon.com\/images\/S\/aplus-media\/sc\/ea878ccb-20dc-4ec5-81a1-ad12fcbd520b.__CR0,0,300,300_PT0_SX300_V1___.jpg\">  <\/p>\n<p>                                                    Fiabilidad l\u00edder en la industria                                       <\/p>\n<p> Con su tecnolog\u00eda de alimentaci\u00f3n profesional y sensores ultras\u00f3nicos, ScanSnap maneja documentos de varias p\u00e1ginas con facilidad y tambi\u00e9n puede avisar cuandodos o m\u00e1s hojas se han pegado y corres el riesgo de perder la imagen. De este modo, se ofrece al usuario la tranquilidad de que no se perder\u00e1 por el camino ni una sola p\u00e1gina de sus documentos y evitar\u00e1 la tediosa labor de contar las p\u00e1ginas antes y despu\u00e9s de escanear para asegurarse de que se escane\u00f3 todo. <\/p>\n<p class=\"apm-text-center\">\n                                                      <img decoding=\"async\" alt=\"ScanSnap iX1400 Desktop Scanner\" src=\"https:\/\/images-na.ssl-images-amazon.com\/images\/G\/01\/x-locale\/common\/grey-pixel.gif\" class=\"a-spacing-mini a-lazy-loaded\" data-src=\"https:\/\/m.media-amazon.com\/images\/S\/aplus-media\/sc\/52de2dc5-72aa-436c-aa31-71ef867095bf.__CR0,0,300,300_PT0_SX300_V1___.jpg\"><img decoding=\"async\" alt=\"ScanSnap iX1400 Desktop Scanner\" src=\"https:\/\/m.media-amazon.com\/images\/S\/aplus-media\/sc\/52de2dc5-72aa-436c-aa31-71ef867095bf.__CR0,0,300,300_PT0_SX300_V1___.jpg\">  <\/p>\n<p>                                                    Conexi\u00f3n segura e instant\u00e1nea                                       <\/p>\n<p> Nadie quiere perder tiempo a la hora de instalar un dispositivo y siempre quiere que est\u00e9 disponible. El conector USB 3.2 del esc\u00e1ner permite su conexi\u00f3n directa al port\u00e1til o el PC. <\/p>\n<p class=\"apm-text-center\">\n                                                      <img decoding=\"async\" alt=\"ScanSnap iX1400 Desktop Scanner\" src=\"https:\/\/images-na.ssl-images-amazon.com\/images\/G\/01\/x-locale\/common\/grey-pixel.gif\" class=\"a-spacing-mini a-lazy-loaded\" data-src=\"https:\/\/m.media-amazon.com\/images\/S\/aplus-media\/sc\/67f2698d-78a9-446a-8d9e-2d9dad423a59.__CR0,0,300,300_PT0_SX300_V1___.jpg\"><img decoding=\"async\" alt=\"ScanSnap iX1400 Desktop Scanner\" src=\"https:\/\/m.media-amazon.com\/images\/S\/aplus-media\/sc\/67f2698d-78a9-446a-8d9e-2d9dad423a59.__CR0,0,300,300_PT0_SX300_V1___.jpg\">  <\/p>\n<p>                                                    R\u00e1pido y f\u00e1cil                                       <\/p>\n<p> Simplemente levanta la cubierta del ScanSnap y listo. Escanea hasta 50 hojas de documentos a una o doble cara f\u00e1cilmente a una velocidad de 40 hojas por minuto. Gracias a su gran variedad de funciones para el procesamiento inteligente de im\u00e1genes, podr\u00e1s escanear con total confianza sin necesidad de realizar ning\u00fan ajuste en su configuraci\u00f3n. <\/p>\n<p class=\"apm-text-center\">\n                                                      <img decoding=\"async\" alt=\"ScanSnap iX1400 Desktop Scanner\" src=\"https:\/\/images-na.ssl-images-amazon.com\/images\/G\/01\/x-locale\/common\/grey-pixel.gif\" class=\"a-spacing-mini a-lazy-loaded\" data-src=\"https:\/\/m.media-amazon.com\/images\/S\/aplus-media\/sc\/fa82bc36-4c77-47a5-baf8-4fc3085903c1.__CR0,0,300,300_PT0_SX300_V1___.jpg\"><img decoding=\"async\" alt=\"ScanSnap iX1400 Desktop Scanner\" src=\"https:\/\/m.media-amazon.com\/images\/S\/aplus-media\/sc\/fa82bc36-4c77-47a5-baf8-4fc3085903c1.__CR0,0,300,300_PT0_SX300_V1___.jpg\">  <\/p>\n<p>                                                    Compacto, con estilo y vers\u00e1til                                       <\/p>\n<p> El dise\u00f1o del ScanSnap iX1400 encaja perfectamente en cualquier espacio de trabajo en la actualidad. Su alimentador autom\u00e1tico es perfecto para documentos de tama\u00f1o hasta a A4, permitiendo la digitalizaci\u00f3n de formatos mayores pleg\u00e1ndolos por la mitad. El esc\u00e1ner re\u00fane funcionalidades avanzadas en su tama\u00f1o compacto. La funci\u00f3n de escaneo a dos caras (d\u00faplex) conseguir\u00e1 asimismo reducir a la mitad los tiempos de finalizaci\u00f3n de trabajos. <\/p>\n<p class=\"apm-text-center\">\n                                                      <img decoding=\"async\" alt=\"ScanSnap iX1400 Desktop Scanner\" src=\"https:\/\/images-na.ssl-images-amazon.com\/images\/G\/01\/x-locale\/common\/grey-pixel.gif\" class=\"a-spacing-mini a-lazy-loaded\" data-src=\"https:\/\/m.media-amazon.com\/images\/S\/aplus-media\/sc\/16375682-099b-43a5-8b2e-a5f45e2e49c5.__CR0,0,300,300_PT0_SX300_V1___.jpg\"><img decoding=\"async\" alt=\"ScanSnap iX1400 Desktop Scanner\" src=\"https:\/\/m.media-amazon.com\/images\/S\/aplus-media\/sc\/16375682-099b-43a5-8b2e-a5f45e2e49c5.__CR0,0,300,300_PT0_SX300_V1___.jpg\">  <\/p>\n<p>                                                    Los recibos y las tarjetas de visita ya no ser\u00e1n una molestia                                       <\/p>\n<p> Escanea sin esfuerzo documentos peque\u00f1os gracias a la gu\u00eda de recibos incorporada. Este elemento aporta comodidad incluso cuando la cuberta del esc\u00e1ner est\u00e1 cerrada, simplificando adem\u00e1s dr\u00e1sticamente la carga de documentos antes de pulsar el bot\u00f3n de escaneo. <\/p>\n<h3 class=\"a-spacing-small\"> Total document management <\/h3>\n<p>                                                          <img decoding=\"async\" alt=\"ScanSnap iX1400 Desktop Scanner\" src=\"https:\/\/images-na.ssl-images-amazon.com\/images\/G\/01\/x-locale\/common\/grey-pixel.gif\" class=\"a-spacing-mini a-lazy-loaded\" data-src=\"https:\/\/m.media-amazon.com\/images\/S\/aplus-media\/sc\/93d78525-803e-494a-aeb5-51b271e2b7da.__CR0,0,300,300_PT0_SX300_V1___.jpg\"><img decoding=\"async\" alt=\"ScanSnap iX1400 Desktop Scanner\" src=\"https:\/\/m.media-amazon.com\/images\/S\/aplus-media\/sc\/93d78525-803e-494a-aeb5-51b271e2b7da.__CR0,0,300,300_PT0_SX300_V1___.jpg\">  <\/p>\n<p>                                                             Funciones de procesamiento de im\u00e1genes                                                                            Detecci\u00f3n de tama\u00f1o \/ detecci\u00f3n de color       Recorte \/ correcci\u00f3n de inclinaci\u00f3n \/ orientaci\u00f3n autom\u00e1tica       Detecci\u00f3n \/ eliminaci\u00f3n de p\u00e1gina en blanco       Suavizado de imagen \/ \u00e9nfasis de imagen       Difusi\u00f3n de errores       Correcci\u00f3n de bordes       Compresi\u00f3n JPEG       Reducci\u00f3n de rayas verticales                                                Detecci\u00f3n de alimentaci\u00f3n m\u00faltiple                                   <\/p>\n<p class=\"a-spacing-small a-size-small\">\n<p>Detecci\u00f3n de solapamiento (sensor ultras\u00f3nico)Detecci\u00f3n de longitud     <\/p>\n<p>                                                                                           Una gesti\u00f3n de documentos total                                     <\/p>\n<p class=\"a-spacing-base\"> Los documentos se reconocen autom\u00e1ticamente y se agrupan seg\u00fan el tipo de documento (recibos, fotograf\u00edas, tarjetas de visita, etc.), mientras que las carpetas, las etiquetas y las palabras clave posibilitan organizar, buscar y encontrar informaci\u00f3n con mayor facilidad que nunca.El software ScanSnap Home permite gestionar, editar y usar f\u00e1cilmente los datos escaneados procedentes de <\/p>\n<p class=\"a-spacing-base\">\n<p>DocumentosRecibosTarjetas de visitaFotosA3, A4, A5, A6, B4, B5, B6PostalCartaLegalTama\u00f1os personalizados     <\/p>\n<p>                         Add To Basket  <\/p>\n<p>                         Add To Basket  <\/p>\n<p>                         Add To Basket  <\/p>\n<p>                             Customer Reviews  <\/p>\n<p>                    4.5 out of 5 stars  323  <\/p>\n<p>                    4.6 out of 5 stars  1,089  <\/p>\n<p>                    4.5 out of 5 stars  349  <\/p>\n<p>                    4.6 out of 5 stars  350  <\/p>\n<p>                    3.9 out of 5 stars  94  <\/p>\n<p>                             Price  <\/p>\n<p>                                            \u2014 no data<br \/>\n                                                       \u20ac409.00\u20ac409.00                  \u20ac699.99\u20ac699.99                  \u20ac380.00\u20ac380.00<br \/>\n                                            \u2014 no data<\/p>\n<p>                             Color<br \/>\n                                Negra               Blanca               Negra               Blanca               Blanca           <\/p>\n<p>                             Scanning Speed<br \/>\n                                40ppm\/80ipm               40ppm\/80ipm               30ppm\/60ipm               40ppm\/80ipm               12ppm\/12ipm           <\/p>\n<p>                             Pantalla t\u00e1ctil  <\/p>\n<p>                                              \u2713<\/p>\n<p>                                              \u2713<\/p>\n<p>                                              \u2713<br \/>\n                                                          no data<br \/>\n                                                              no data<\/p>\n<p>                             USB  <\/p>\n<p>                                              \u2713<\/p>\n<p>                                              \u2713<\/p>\n<p>                                              \u2713<\/p>\n<p>                                              \u2713<\/p>\n<p>                                              \u2713<\/p>\n<p>                             Wi-Fi  <\/p>\n<p>                                              \u2713<\/p>\n<p>                                              \u2713<\/p>\n<p>                                              \u2713<br \/>\n                                                          no data<\/p>\n<p>                                              \u2713<\/p>\n<p>                             D\u00faplex  <\/p>\n<p>                                              \u2713<\/p>\n<p>                                              \u2713<\/p>\n<p>                                              \u2713<\/p>\n<p>                                              \u2713<br \/>\n                                                          no data<\/p>\n<p>                             ScanSnap Home  <\/p>\n<p>                                              \u2713<\/p>\n<p>                                              \u2713<\/p>\n<p>                                              \u2713<\/p>\n<p>                                              \u2713<\/p>\n<p>                                              \u2713<\/p>\n<p>                             ScanSnap Manager  <\/p>\n<p>                                              \u2713<\/p>\n<p>                                              \u2713<\/p>\n<p>                                              \u2713<\/p>\n<p>                                              \u2713<\/p>\n<p>                                              \u2713<\/p>\n<p>                             Kofax Power PDF Standard  <\/p>\n<p>                                              \u2713<\/p>\n<p>                                              \u2713<\/p>\n<p>                                              \u2713<br \/>\n                                                          no data<br \/>\n                                                              no data<\/p>\n<p>                             ABBYY FineReader for ScanSnap  <\/p>\n<p>                                              \u2713<\/p>\n<p>                                              \u2713<\/p>\n<p>                                              \u2713<\/p>\n<p>                                              \u2713<\/p>\n<p>                                              \u2713<\/p>\n<p> Batteries                                            \u200f                                            :                                            \u200e                                            1 A batteries required.   <br \/> Is discontinued by manufacturer                                            \u200f                                            :                                            \u200e                                            No   <br \/> Product Dimensions                                            \u200f                                            :                                            \u200e                                            0.9 x 16 x 0.9 cm; 4.39 kg   <br \/> Manufacturer                                            \u200f                                            :                                            \u200e                                            FUJITSU   <br \/> ASIN                                            \u200f                                            :                                            \u200e                                            B08QCRFWL6   <br \/> Item model number                                            \u200f                                            :                                            \u200e                                            PA03820-B001   <br \/> Guaranteed software updates until                                            \u200f                                            :                                            \u200e                                            unknown   <br \/>  Customer reviews:                                                                                            4.6               4.6 out of 5 stars                                  (350)                                              var dpAcrHasRegisteredArcLinkClickAction;                    P.when(&#8216;A&#8217;, &#8216;ready&#8217;).execute(function(A) {                        if (dpAcrHasRegisteredArcLinkClickAction !== true) {                            dpAcrHasRegisteredArcLinkClickAction = true;                            A.declarative(                                &#8216;acrLink-click-metrics&#8217;, &#8216;click&#8217;,                                { \u00aballowLinkDefault\u00bb: true },                                function (event) {                                    if (window.ue) {                                        ue.count(\u00abacrLinkClickCount\u00bb, (ue.count(\u00abacrLinkClickCount\u00bb) || 0) + 1);                                    }                                }                            );                        }                    });                                             P.when(&#8216;A&#8217;, &#8216;cf&#8217;).execute(function(A) {                A.declarative(&#8216;acrStarsLink-click-metrics&#8217;, &#8216;click&#8217;, { \u00aballowLinkDefault\u00bb : true },  function(event){                    if(window.ue) {                        ue.count(\u00abacrStarsLinkWithPopoverClickCount\u00bb, (ue.count(\u00abacrStarsLinkWithPopoverClickCount\u00bb) || 0) + 1);                    }                });            });                          <\/p>\n<p>Ideal for individuals and non-technical users who want to scan, organize and share their documents<br \/>Effortlessly scan your documents, invoices, receipts, and business cards in PDF, JPEG, and other editable formats such as Microsoft Excel and Word<br \/>The scanner&#8217;s USB 3.2 connector allows direct connection to your laptop or PC<br \/>Easy to set up. Just take the device out of the box, install it in a few minutes, and press the blue button to start enjoying its scanning experience right away!<\/p>\n\n","protected":false},"excerpt":{"rendered":"<p> Product Description Para particulares y usuarios no t\u00e9cnicos, el maravillosamente simple ScanSnap iX1400 esc\u00e1ner digitaliza,<\/p>","protected":false},"featured_media":31258,"comment_status":"open","ping_status":"closed","template":"","meta":[],"product_brand":[],"product_cat":[60],"product_tag":[5078,1990,1996,1982,5376,1979,1989,1983,1986,9044,585,1987,1984,1985,840,1991,5748,133,1988],"class_list":{"0":"post-31257","1":"product","2":"type-product","3":"status-publish","4":"has-post-thumbnail","6":"product_cat-scanners","7":"product_tag-adf","8":"product_tag-best-scanner","9":"product_tag-document","10":"product_tag-document-scanner","11":"product_tag-doublesided","12":"product_tag-duplex","13":"product_tag-fast-document-scanner","14":"product_tag-flatbed-scanner","15":"product_tag-high-resolution-scanner","16":"product_tag-ix1400","17":"product_tag-office","18":"product_tag-office-scanner","19":"product_tag-photo-scanner","20":"product_tag-portable-scanner","21":"product_tag-scanner","22":"product_tag-scanner-price","23":"product_tag-scansnap","24":"product_tag-usb","25":"product_tag-usb-scanner","27":"first","28":"instock","29":"sale","30":"shipping-taxable","31":"product-type-external"},"_links":{"self":[{"href":"https:\/\/comprasyconsejos.store\/en\/wp-json\/wp\/v2\/product\/31257","targetHints":{"allow":["GET"]}}],"collection":[{"href":"https:\/\/comprasyconsejos.store\/en\/wp-json\/wp\/v2\/product"}],"about":[{"href":"https:\/\/comprasyconsejos.store\/en\/wp-json\/wp\/v2\/types\/product"}],"replies":[{"embeddable":true,"href":"https:\/\/comprasyconsejos.store\/en\/wp-json\/wp\/v2\/comments?post=31257"}],"version-history":[{"count":0,"href":"https:\/\/comprasyconsejos.store\/en\/wp-json\/wp\/v2\/product\/31257\/revisions"}],"wp:featuredmedia":[{"embeddable":true,"href":"https:\/\/comprasyconsejos.store\/en\/wp-json\/wp\/v2\/media\/31258"}],"wp:attachment":[{"href":"https:\/\/comprasyconsejos.store\/en\/wp-json\/wp\/v2\/media?parent=31257"}],"wp:term":[{"taxonomy":"product_brand","embeddable":true,"href":"https:\/\/comprasyconsejos.store\/en\/wp-json\/wp\/v2\/product_brand?post=31257"},{"taxonomy":"product_cat","embeddable":true,"href":"https:\/\/comprasyconsejos.store\/en\/wp-json\/wp\/v2\/product_cat?post=31257"},{"taxonomy":"product_tag","embeddable":true,"href":"https:\/\/comprasyconsejos.store\/en\/wp-json\/wp\/v2\/product_tag?post=31257"}],"curies":[{"name":"wp","href":"https:\/\/api.w.org\/{rel}","templated":true}]}}