{"id":31289,"date":"2026-02-22T18:28:22","date_gmt":"2026-02-22T18:28:22","guid":{"rendered":"https:\/\/comprasyconsejos.store\/product\/z-edge-monitor-27-inch-gaming-curved-white-300-hz-dp-fhd-1-ms-freesync-240-hz-hdmi-169-led-gaming-pc-display-adjustable-tilt-va-hdr-30001-rgb-vesa-compatible\/"},"modified":"2026-02-22T18:28:30","modified_gmt":"2026-02-22T18:28:30","slug":"z-edge-monitor-27-inch-gaming-curved-white-300-hz-dp-fhd-1-ms-freesync-240-hz-hdmi-169-led-gaming-pc-display-adjustable-tilt-va-hdr-30001-rgb-vesa-compatible","status":"publish","type":"product","link":"https:\/\/comprasyconsejos.store\/en\/product\/z-edge-monitor-27-inch-gaming-curved-white-300-hz-dp-fhd-1-ms-freesync-240-hz-hdmi-169-led-gaming-pc-display-adjustable-tilt-va-hdr-30001-rgb-vesa-compatible\/","title":{"rendered":"Z-Edge Monitor 27 Inch Gaming Curved White 300 Hz (DP), FHD, 1 ms, FreeSync, 240 Hz (HDMI), 16:9 LED Gaming PC Display, Adjustable Tilt, VA, HDR, 3000:1, RGB, VESA Compatible"},"content":{"rendered":"<p>Price: <span style=\"color:#b12704\"><del>\u20ac189.99<\/del> - \u20ac179.99<\/span><br \/><i><small>(as of Feb 22, 2026 18:28:22 UTC &#8211; <span class=\"wp_automatic_amazon_disclaimer\" title=\"Product prices and availability are accurate as of the date\/time indicated and are subject to change. Any price and availability information displayed on [relevant Amazon Site(s), as applicable] at the time of purchase will apply to the purchase of this product.\">Details<\/span>)<\/small><\/i><\/p>\n<p><a href=\"https:\/\/amazon.es\/dp\/B0DZTBC58C?tag=man008-21\"><img decoding=\"async\" src=\"https:\/\/valvepress.s3.amazonaws.com\/imgs\/buy_now.png\"><\/a><br \/>\n<\/p>\n<p>                                             Product Description   <\/p>\n<p>                                                                                                       <img decoding=\"async\" alt=\"aplus content image\" src=\"https:\/\/images-na.ssl-images-amazon.com\/images\/G\/01\/x-locale\/common\/grey-pixel.gif\" class=\"a-lazy-loaded\" data-src=\"https:\/\/m.media-amazon.com\/images\/S\/aplus-media-library-service-media\/3e485b61-ef4e-48fe-8d54-08dc64a21689.__CR0,0,1464,600_PT0_SX1464_V1___.jpg\"><img decoding=\"async\" alt=\"aplus content image\" src=\"https:\/\/m.media-amazon.com\/images\/S\/aplus-media-library-service-media\/3e485b61-ef4e-48fe-8d54-08dc64a21689.__CR0,0,1464,600_PT0_SX1464_V1___.jpg\">                                               <\/p>\n<p>                                                                                                                <img decoding=\"async\" alt=\"aplus content image\" src=\"https:\/\/m.media-amazon.com\/images\/S\/aplus-media-library-service-media\/a0c69894-8fba-48d9-b488-84a06087f9c5.__CR0,0,1464,600_PT0_SX1464_V1___.jpg\">                                                                                                                        <\/p>\n<p class=\"description aplus-p1\"> 300 Hz puede ofrecer im\u00e1genes din\u00e1micas m\u00e1s fluidas, lo que resulta ideal para juegos y v\u00eddeo <\/p>\n<p>                                                      <img decoding=\"async\" alt=\"aplus content image\" src=\"https:\/\/m.media-amazon.com\/images\/S\/aplus-media-library-service-media\/6388bd5b-9739-4c21-8039-aa770834b671.__CR0,0,1464,600_PT0_SX1464_V1___.jpg\">                                                                                                                        <\/p>\n<p class=\"description aplus-p1\"> El tiempo de respuesta de 1 ms garantiza que sus acciones se reflejen al instante en la pantalla <\/p>\n<p>                                                      <img decoding=\"async\" alt=\"Comparaci\u00f3n de la tecnolog\u00eda de visualizaci\u00f3n, que muestra una vibrante escena espacial con un astronauta. El panel izquierdo con la etiqueta \u00abFreeSync ON\u00bb aparece m\u00e1s n\u00edtido que el panel derecho con \u00abFreeSync OFF\u00bb, que muestra una imagen borrosa por movimiento\" src=\"https:\/\/m.media-amazon.com\/images\/S\/aplus-media-library-service-media\/86440922-a641-43e1-8b9b-282d3a27b64c.__CR0,0,1464,600_PT0_SX1464_V1___.jpg\">                                                                                                                        <\/p>\n<p class=\"description aplus-p1\"> Elimina el efecto de pantalla rasgada y el efecto judder para disfrutar de juego ultrasuave <\/p>\n<p>                            1 300 HZ <\/p>\n<p>                            2 1MS <\/p>\n<p>                            3 FreeSync <\/p>\n<p>                                                                                  <img decoding=\"async\" alt=\"aplus content image\" src=\"https:\/\/m.media-amazon.com\/images\/S\/aplus-media-library-service-media\/593add13-57d0-4162-9610-335deb54f7dd.__CR0,0,1464,600_PT0_SX1464_V1___.jpg\">       <\/p>\n<p>                                                                                  <img decoding=\"async\" alt=\"aplus content image\" src=\"https:\/\/m.media-amazon.com\/images\/S\/aplus-media-library-service-media\/1705b076-a598-41c9-81f2-24e3b2414f85.__CR0,0,1464,600_PT0_SX1464_V1___.jpg\">       <\/p>\n<p>                                                                                                       <img decoding=\"async\" alt=\"aplus content image\" src=\"https:\/\/images-na.ssl-images-amazon.com\/images\/G\/01\/x-locale\/common\/grey-pixel.gif\" class=\"a-lazy-loaded\" data-src=\"https:\/\/m.media-amazon.com\/images\/S\/aplus-media-library-service-media\/15c91616-53da-4bc8-9610-a164a667df60.__CR0,0,1464,600_PT0_SX1464_V1___.jpg\"><img decoding=\"async\" alt=\"aplus content image\" src=\"https:\/\/m.media-amazon.com\/images\/S\/aplus-media-library-service-media\/15c91616-53da-4bc8-9610-a164a667df60.__CR0,0,1464,600_PT0_SX1464_V1___.jpg\">                                               <\/p>\n<p>                                                                                                       <img decoding=\"async\" alt=\"aplus content image\" src=\"https:\/\/images-na.ssl-images-amazon.com\/images\/G\/01\/x-locale\/common\/grey-pixel.gif\" class=\"a-lazy-loaded\" data-src=\"https:\/\/m.media-amazon.com\/images\/S\/aplus-media-library-service-media\/cc4d6da0-4b93-4a87-912a-85a3c2fad22b.__CR0,0,1464,600_PT0_SX1464_V1___.jpg\"><img decoding=\"async\" alt=\"aplus content image\" src=\"https:\/\/m.media-amazon.com\/images\/S\/aplus-media-library-service-media\/cc4d6da0-4b93-4a87-912a-85a3c2fad22b.__CR0,0,1464,600_PT0_SX1464_V1___.jpg\">                                               <\/p>\n<p> Product Dimensions                                            \u200f                                            :                                            \u200e                                            17.5 x 61.4 x 44.6 cm; 6.2 kg   <br \/> Manufacturer                                            \u200f                                            :                                            \u200e                                            Z-Edge   <br \/> ASIN                                            \u200f                                            :                                            \u200e                                            B0DZTBC58C   <br \/> Item model number                                            \u200f                                            :                                            \u200e                                            UG27H   <br \/> Country\/Region of Origin                                            \u200f                                            :                                            \u200e                                            China   <br \/> Guaranteed software updates until                                            \u200f                                            :                                            \u200e                                            unknown   <br \/>  Customer reviews:                                                                                            4.3               4.3 out of 5 stars                                  (1,156)                                              var dpAcrHasRegisteredArcLinkClickAction;                    P.when(&#8216;A&#8217;, &#8216;ready&#8217;).execute(function(A) {                        if (dpAcrHasRegisteredArcLinkClickAction !== true) {                            dpAcrHasRegisteredArcLinkClickAction = true;                            A.declarative(                                &#8216;acrLink-click-metrics&#8217;, &#8216;click&#8217;,                                { \u00aballowLinkDefault\u00bb: true },                                function (event) {                                    if (window.ue) {                                        ue.count(\u00abacrLinkClickCount\u00bb, (ue.count(\u00abacrLinkClickCount\u00bb) || 0) + 1);                                    }                                }                            );                        }                    });                                             P.when(&#8216;A&#8217;, &#8216;cf&#8217;).execute(function(A) {                A.declarative(&#8216;acrStarsLink-click-metrics&#8217;, &#8216;click&#8217;, { \u00aballowLinkDefault\u00bb : true },  function(event){                    if(window.ue) {                        ue.count(\u00abacrStarsLinkWithPopoverClickCount\u00bb, (ue.count(\u00abacrStarsLinkWithPopoverClickCount\u00bb) || 0) + 1);                    }                });            });                          <\/p>\n<p>300Hz Gaming Monitor: This revolutionary white gaming monitor offers a 300Hz refresh rate, ideal for esports and dynamic gaming. Dominate your opponents with a perfectly smooth and uninterrupted gaming experience. For players who prioritize performance, the 300Hz refresh rate is essential to maximizing your gaming potential.<br \/>1ms response time and FreeSync: Eliminate blur and ghosting with 1ms response time and FreeSync Premium sync. Ultra-precise images for instant reactions, along with game presets (FPS, RTS) and a tactical reticle, bring you an exceptional gaming experience.<br \/>Gorgeous visual effects: The Z-Edge PC Gamer White 27-inch display features a new generation of VA displays with 8-bit color depth, 16.7 million color gamut, and 99% SRGB (NTSC 72%), providing rich colors and capturing more image detail. Flicker-free and low blue light functions keep your eyes fresh after long time use<br \/>POWERFUL CONNECTIONS &#8211; The Z-Edge white PC monitor is equipped with 2 DisplayPort ports (300Hz) + 2 HDMI ports (240Hz) for compatibility with multiple devices. Integrated VESA 100x100mm mount for wall or articulating arm installation, optimizing your gaming space and viewing position while enjoying an unobstructed desktop.<br \/>FHD 1080P resolution and HDR support: The combination of 1080P and HDR ensures superior image quality and dynamic images: sharp contrasts, deep blacks and brilliant details. Perfect for gaming, creative work or movies, with dynamic, immersive visuals. The curved screen offers a more immersive experience, surrounding the action around your field of view and reducing eye strain during long gaming sessions.<\/p>\n\n","protected":false},"excerpt":{"rendered":"<p> Product Description 300 Hz puede ofrecer im\u00e1genes din\u00e1micas m\u00e1s fluidas, lo que resulta ideal para<\/p>","protected":false},"featured_media":31290,"comment_status":"open","ping_status":"closed","template":"","meta":[],"product_brand":[],"product_cat":[54],"product_tag":[1791,876,1789,201,754,1787,1788,1792,1784,1786,1783,1790,561,639,1922,617,544,1813,584,428,844,885,1183,1785,2342,205,8662],"class_list":{"0":"post-31289","1":"product","2":"type-product","3":"status-publish","4":"has-post-thumbnail","6":"product_cat-curved-monitors","7":"product_tag-144hz-curved-monitor","8":"product_tag-adjustable","9":"product_tag-best-curved-monitor","10":"product_tag-compatible","11":"product_tag-curved","12":"product_tag-curved-27-inch-monitor","13":"product_tag-curved-32-inch-monitor","14":"product_tag-curved-computer-monitor","15":"product_tag-curved-gaming-monitor","16":"product_tag-curved-led-monitor","17":"product_tag-curved-monitor","18":"product_tag-curved-monitor-price","19":"product_tag-display","20":"product_tag-fhd","21":"product_tag-freesync","22":"product_tag-gaming","23":"product_tag-hdmi","24":"product_tag-hdr","25":"product_tag-inch","26":"product_tag-led","27":"product_tag-monitor","28":"product_tag-rgb","29":"product_tag-tilt","30":"product_tag-ultrawide-curved-monitor","31":"product_tag-vesa","32":"product_tag-white","33":"product_tag-zedge","35":"first","36":"instock","37":"sale","38":"shipping-taxable","39":"product-type-external"},"_links":{"self":[{"href":"https:\/\/comprasyconsejos.store\/en\/wp-json\/wp\/v2\/product\/31289","targetHints":{"allow":["GET"]}}],"collection":[{"href":"https:\/\/comprasyconsejos.store\/en\/wp-json\/wp\/v2\/product"}],"about":[{"href":"https:\/\/comprasyconsejos.store\/en\/wp-json\/wp\/v2\/types\/product"}],"replies":[{"embeddable":true,"href":"https:\/\/comprasyconsejos.store\/en\/wp-json\/wp\/v2\/comments?post=31289"}],"version-history":[{"count":0,"href":"https:\/\/comprasyconsejos.store\/en\/wp-json\/wp\/v2\/product\/31289\/revisions"}],"wp:featuredmedia":[{"embeddable":true,"href":"https:\/\/comprasyconsejos.store\/en\/wp-json\/wp\/v2\/media\/31290"}],"wp:attachment":[{"href":"https:\/\/comprasyconsejos.store\/en\/wp-json\/wp\/v2\/media?parent=31289"}],"wp:term":[{"taxonomy":"product_brand","embeddable":true,"href":"https:\/\/comprasyconsejos.store\/en\/wp-json\/wp\/v2\/product_brand?post=31289"},{"taxonomy":"product_cat","embeddable":true,"href":"https:\/\/comprasyconsejos.store\/en\/wp-json\/wp\/v2\/product_cat?post=31289"},{"taxonomy":"product_tag","embeddable":true,"href":"https:\/\/comprasyconsejos.store\/en\/wp-json\/wp\/v2\/product_tag?post=31289"}],"curies":[{"name":"wp","href":"https:\/\/api.w.org\/{rel}","templated":true}]}}