{"id":31309,"date":"2026-02-22T18:43:01","date_gmt":"2026-02-22T18:43:01","guid":{"rendered":"https:\/\/comprasyconsejos.store\/product\/kitchen-in-the-box-mixer-bread-kneader-with-2-bowls-of-4-5-l-5-l-10-speeds-kitchen-robot-with-whisk-hook-kneader-mixer-blender-1300-w-light-green\/"},"modified":"2026-02-22T18:43:09","modified_gmt":"2026-02-22T18:43:09","slug":"kitchen-in-the-box-mixer-bread-kneader-with-2-bowls-of-4-5-l-5-l-10-speeds-kitchen-robot-with-whisk-hook-kneader-mixer-blender-1300-w-light-green","status":"publish","type":"product","link":"https:\/\/comprasyconsejos.store\/en\/product\/kitchen-in-the-box-mixer-bread-kneader-with-2-bowls-of-4-5-l-5-l-10-speeds-kitchen-robot-with-whisk-hook-kneader-mixer-blender-1300-w-light-green\/","title":{"rendered":"Kitchen in the box Mixer, Bread Kneader with 2 Bowls of 4.5 L + 5 L, 10 Speeds Kitchen Robot with Whisk, Hook Kneader, Mixer Blender, 1300 W (Light Green)"},"content":{"rendered":"<p>Price: <span style=\"color:#b12704\"><del>\u20ac109.99<\/del> - \u20ac104.49<\/span><br \/><i><small>(as of Feb 22, 2026 18:43:02 UTC &#8211; <span class=\"wp_automatic_amazon_disclaimer\" title=\"Product prices and availability are accurate as of the date\/time indicated and are subject to change. Any price and availability information displayed on [relevant Amazon Site(s), as applicable] at the time of purchase will apply to the purchase of this product.\">Details<\/span>)<\/small><\/i><\/p>\n<p><a href=\"https:\/\/amazon.es\/dp\/B0D9YDBJYK?tag=man008-21\"><img decoding=\"async\" src=\"https:\/\/valvepress.s3.amazonaws.com\/imgs\/buy_now.png\"><\/a><br \/>\n<\/p>\n<p>                                             From the brand   <\/p>\n<p>                                              <img decoding=\"async\" alt=\"Vista a\u00e9rea de la taza de caf\u00e9, las almendras en un taz\u00f3n y varios frutos secos esparcidos sobre una superficie blanca con la esquina azul de la servilleta visible\" src=\"https:\/\/images-na.ssl-images-amazon.com\/images\/G\/01\/x-locale\/common\/grey-pixel.gif\" class=\"a-lazy-loaded\" data-src=\"https:\/\/m.media-amazon.com\/images\/S\/aplus-media-library-service-media\/34ae3473-46cf-4d55-ba93-c59f304ab230.__CR0,0,1464,625_PT0_SX1464_V1___.jpg\"><img decoding=\"async\" alt=\"Vista a\u00e9rea de la taza de caf\u00e9, las almendras en un taz\u00f3n y varios frutos secos esparcidos sobre una superficie blanca con la esquina azul de la servilleta visible\" src=\"https:\/\/m.media-amazon.com\/images\/S\/aplus-media-library-service-media\/34ae3473-46cf-4d55-ba93-c59f304ab230.__CR0,0,1464,625_PT0_SX1464_V1___.jpg\">  <\/p>\n<p>                                              <img decoding=\"async\" alt=\"\" src=\"https:\/\/images-na.ssl-images-amazon.com\/images\/G\/01\/x-locale\/common\/grey-pixel.gif\" class=\"a-lazy-loaded\" data-src=\"https:\/\/m.media-amazon.com\/images\/S\/aplus-media-library-service-media\/9801b731-5d97-4a6f-8f85-c628a27660f5.__CR0,0,315,145_PT0_SX315_V1___.jpg\"><img decoding=\"async\" alt=\"\" src=\"https:\/\/m.media-amazon.com\/images\/S\/aplus-media-library-service-media\/9801b731-5d97-4a6f-8f85-c628a27660f5.__CR0,0,315,145_PT0_SX315_V1___.jpg\">  <\/p>\n<p> Kitchen in the box no es solo nuestra marca, sino tambi\u00e9n nuestra misi\u00f3n. Siempre nos hemos centrado en los peque\u00f1os electrodom\u00e9sticos de cocina y en la pr\u00e1ctica de la tecnolog\u00eda de mezcla, y estamos motivados para convertirnos en una marca reconocida en la categor\u00eda de minicocinas. <\/p>\n<p>                                              <img decoding=\"async\" alt=\"sobre superficie de madera con bebida de caf\u00e9, gofres e ingredientes. Entorno nocturno con\" src=\"https:\/\/images-na.ssl-images-amazon.com\/images\/G\/01\/x-locale\/common\/grey-pixel.gif\" class=\"a-lazy-loaded\" data-src=\"https:\/\/m.media-amazon.com\/images\/S\/aplus-media-library-service-media\/201b574a-1a2f-4cd7-97a5-f2c5b19fa9f4.__CR0,0,362,453_PT0_SX362_V1___.jpg\"><img decoding=\"async\" alt=\"sobre superficie de madera con bebida de caf\u00e9, gofres e ingredientes. Entorno nocturno con\" src=\"https:\/\/m.media-amazon.com\/images\/S\/aplus-media-library-service-media\/201b574a-1a2f-4cd7-97a5-f2c5b19fa9f4.__CR0,0,362,453_PT0_SX362_V1___.jpg\">  <\/p>\n<p>                                              <img decoding=\"async\" alt=\"batidora reposteria\" src=\"https:\/\/images-na.ssl-images-amazon.com\/images\/G\/01\/x-locale\/common\/grey-pixel.gif\" class=\"a-lazy-loaded\" data-src=\"https:\/\/m.media-amazon.com\/images\/S\/aplus-media-library-service-media\/caba4284-b5a0-4948-94c5-073580e4d4c8.__CR0,0,362,453_PT0_SX362_V1___.jpg\"><img decoding=\"async\" alt=\"batidora reposteria\" src=\"https:\/\/m.media-amazon.com\/images\/S\/aplus-media-library-service-media\/caba4284-b5a0-4948-94c5-073580e4d4c8.__CR0,0,362,453_PT0_SX362_V1___.jpg\">  <\/p>\n<p>                                              <img decoding=\"async\" alt=\"Batidora de pie roja sobre una superficie de concreto gris con ingredientes y accesorios para hornear, que incluyen croissants, limones y tabla de cortar de madera.\" src=\"https:\/\/images-na.ssl-images-amazon.com\/images\/G\/01\/x-locale\/common\/grey-pixel.gif\" class=\"a-lazy-loaded\" data-src=\"https:\/\/m.media-amazon.com\/images\/S\/aplus-media-library-service-media\/a1fb63d5-ed1c-403e-b8d7-7497002e61da.__CR788,455,2424,3034_PT0_SX362_V1___.jpg\"><img decoding=\"async\" alt=\"Batidora de pie roja sobre una superficie de concreto gris con ingredientes y accesorios para hornear, que incluyen croissants, limones y tabla de cortar de madera.\" src=\"https:\/\/m.media-amazon.com\/images\/S\/aplus-media-library-service-media\/a1fb63d5-ed1c-403e-b8d7-7497002e61da.__CR788,455,2424,3034_PT0_SX362_V1___.jpg\">  <\/p>\n<p>                                              <img decoding=\"async\" alt=\"aplus content image\" src=\"https:\/\/images-na.ssl-images-amazon.com\/images\/G\/01\/x-locale\/common\/grey-pixel.gif\" class=\"a-lazy-loaded\" data-src=\"https:\/\/m.media-amazon.com\/images\/S\/aplus-media-library-service-media\/d5375546-f0dc-4212-a69d-779e114ebcf0.__CR404,0,3216,4024_PT0_SX362_V1___.jpg\"><img decoding=\"async\" alt=\"aplus content image\" src=\"https:\/\/m.media-amazon.com\/images\/S\/aplus-media-library-service-media\/d5375546-f0dc-4212-a69d-779e114ebcf0.__CR404,0,3216,4024_PT0_SX362_V1___.jpg\">  <\/p>\n<p>                                              <img decoding=\"async\" alt=\"aplus content image\" src=\"https:\/\/images-na.ssl-images-amazon.com\/images\/G\/01\/x-locale\/common\/grey-pixel.gif\" class=\"a-lazy-loaded\" data-src=\"https:\/\/m.media-amazon.com\/images\/S\/aplus-media-library-service-media\/651be8f9-d694-429e-a531-07d2be984853.__CR235,0,1279,1600_PT0_SX362_V1___.jpg\"><img decoding=\"async\" alt=\"aplus content image\" src=\"https:\/\/m.media-amazon.com\/images\/S\/aplus-media-library-service-media\/651be8f9-d694-429e-a531-07d2be984853.__CR235,0,1279,1600_PT0_SX362_V1___.jpg\">  <\/p>\n<p>                                              <img decoding=\"async\" alt=\"aplus content image\" src=\"https:\/\/images-na.ssl-images-amazon.com\/images\/G\/01\/x-locale\/common\/grey-pixel.gif\" class=\"a-lazy-loaded\" data-src=\"https:\/\/m.media-amazon.com\/images\/S\/aplus-media-library-service-media\/98b6bd2e-47f3-4049-8b1e-aa9574fe7b9c.__CR1062,180,2876,3599_PT0_SX362_V1___.jpg\"><img decoding=\"async\" alt=\"aplus content image\" src=\"https:\/\/m.media-amazon.com\/images\/S\/aplus-media-library-service-media\/98b6bd2e-47f3-4049-8b1e-aa9574fe7b9c.__CR1062,180,2876,3599_PT0_SX362_V1___.jpg\">  <\/p>\n<p>                                              <img decoding=\"async\" alt=\"aplus content image\" src=\"https:\/\/images-na.ssl-images-amazon.com\/images\/G\/01\/x-locale\/common\/grey-pixel.gif\" class=\"a-lazy-loaded\" data-src=\"https:\/\/m.media-amazon.com\/images\/S\/aplus-media-library-service-media\/1b34ac94-12f9-4167-a029-6c831dc8d13d.__CR1148,242,2664,3333_PT0_SX362_V1___.jpg\"><img decoding=\"async\" alt=\"aplus content image\" src=\"https:\/\/m.media-amazon.com\/images\/S\/aplus-media-library-service-media\/1b34ac94-12f9-4167-a029-6c831dc8d13d.__CR1148,242,2664,3333_PT0_SX362_V1___.jpg\">  <\/p>\n<h3> 4.5L+5L <\/h3>\n<h3> 3.5L+3.5L <\/h3>\n<h3> 6L <\/h3>\n<p>Two bowls: The mixer comes with two bowls, a 4.5L stainless steel bowl with two handles and a 5L food grade plastic bowl, two bowls can be stacked to help you save space.<br \/>UNIQUE CRAFTSMANSHIP: The body of the food processor is crafted with a unique technique that gives it a matte finish, and the color of the plastic bowl is the same as the body, combining aesthetics and performance. It is available in 8 colors so you can choose from and add a touch of beauty to your kitchen.<br \/>10+P Speeds: The pastry kneader has 10 speeds, offering precise control for different recipes. The pulse function can instantly reach the maximum speed, achieving a perfect mixing result.<br \/>1300W Power: The bread kneader is equipped with a 1300W pure copper motor and features overheat protection. It can meet your various culinary needs and help you easily perform tasks such as kneading, mixing and beating.<br \/>3 Accessories: The accessories of the pastry mixer include a dough hook, a mixer whisk and a whisk. The accessories have been improved to last longer and can be washed in the dishwasher.<\/p>\n\n","protected":false},"excerpt":{"rendered":"<p> From the brand Kitchen in the box no es solo nuestra marca, sino tambi\u00e9n nuestra<\/p>","protected":false},"featured_media":31310,"comment_status":"open","ping_status":"closed","template":"","meta":[],"product_brand":[],"product_cat":[82],"product_tag":[1838,3205,7379,411,7377,3545,1839,1830,1833,5059,1844,1831,7378,248,1836,2682,1835,2154,1832,2671,1837,1834,7380],"class_list":{"0":"post-31309","1":"product","2":"type-product","3":"status-publish","4":"has-post-thumbnail","6":"product_cat-home-appliance","7":"product_tag-air-conditioners","8":"product_tag-blender","9":"product_tag-bowls","10":"product_tag-box","11":"product_tag-bread","12":"product_tag-green","13":"product_tag-home-appliance-deals","14":"product_tag-home-appliances","15":"product_tag-home-electronics","16":"product_tag-hook","17":"product_tag-kitchen","18":"product_tag-kitchen-appliances","19":"product_tag-kneader","20":"product_tag-light","21":"product_tag-microwave-ovens","22":"product_tag-mixer","23":"product_tag-refrigerators","24":"product_tag-robot","25":"product_tag-small-home-appliances","26":"product_tag-speeds","27":"product_tag-vacuum-cleaners","28":"product_tag-washing-machines","29":"product_tag-whisk","31":"first","32":"instock","33":"sale","34":"shipping-taxable","35":"product-type-external"},"_links":{"self":[{"href":"https:\/\/comprasyconsejos.store\/en\/wp-json\/wp\/v2\/product\/31309","targetHints":{"allow":["GET"]}}],"collection":[{"href":"https:\/\/comprasyconsejos.store\/en\/wp-json\/wp\/v2\/product"}],"about":[{"href":"https:\/\/comprasyconsejos.store\/en\/wp-json\/wp\/v2\/types\/product"}],"replies":[{"embeddable":true,"href":"https:\/\/comprasyconsejos.store\/en\/wp-json\/wp\/v2\/comments?post=31309"}],"version-history":[{"count":0,"href":"https:\/\/comprasyconsejos.store\/en\/wp-json\/wp\/v2\/product\/31309\/revisions"}],"wp:featuredmedia":[{"embeddable":true,"href":"https:\/\/comprasyconsejos.store\/en\/wp-json\/wp\/v2\/media\/31310"}],"wp:attachment":[{"href":"https:\/\/comprasyconsejos.store\/en\/wp-json\/wp\/v2\/media?parent=31309"}],"wp:term":[{"taxonomy":"product_brand","embeddable":true,"href":"https:\/\/comprasyconsejos.store\/en\/wp-json\/wp\/v2\/product_brand?post=31309"},{"taxonomy":"product_cat","embeddable":true,"href":"https:\/\/comprasyconsejos.store\/en\/wp-json\/wp\/v2\/product_cat?post=31309"},{"taxonomy":"product_tag","embeddable":true,"href":"https:\/\/comprasyconsejos.store\/en\/wp-json\/wp\/v2\/product_tag?post=31309"}],"curies":[{"name":"wp","href":"https:\/\/api.w.org\/{rel}","templated":true}]}}