{"id":31331,"date":"2026-02-22T19:05:49","date_gmt":"2026-02-22T19:05:49","guid":{"rendered":"https:\/\/comprasyconsejos.store\/product\/hotwav-a17-pro-mobile-phone-2026-16gb-256gb-1tb-free-mobile-phones-5160-mah-battery-6-75-inches-hd-screen-android-15-smartphone-camera-13mp5mp-4g-dual-sim-wifi-6-face-id-otg-gps\/"},"modified":"2026-02-22T19:06:00","modified_gmt":"2026-02-22T19:06:00","slug":"hotwav-a17-pro-mobile-phone-2026-16gb-256gb-1tb-free-mobile-phones-5160-mah-battery-6-75-inches-hd-screen-android-15-smartphone-camera-13mp5mp-4g-dual-sim-wifi-6-face-id-otg-gps","status":"publish","type":"product","link":"https:\/\/comprasyconsejos.store\/en\/product\/hotwav-a17-pro-mobile-phone-2026-16gb-256gb-1tb-free-mobile-phones-5160-mah-battery-6-75-inches-hd-screen-android-15-smartphone-camera-13mp5mp-4g-dual-sim-wifi-6-face-id-otg-gps\/","title":{"rendered":"HOTWAV A17 Pro Mobile Phone (2026) 16GB + 256GB 1TB Free Mobile Phones, 5160 mAh Battery, 6.75 Inches HD+ Screen Android 15 Smartphone, Camera 13MP+5MP, 4G Dual SIM\/WiFi 6\/Face ID\/OTG\/GPS"},"content":{"rendered":"<p>Price: <span style=\"color:#b12704\">\u20ac159.99<\/span><br \/><i><small>(as of Feb 22, 2026 19:05:49 UTC &#8211; <span class=\"wp_automatic_amazon_disclaimer\" title=\"Product prices and availability are accurate as of the date\/time indicated and are subject to change. Any price and availability information displayed on [relevant Amazon Site(s), as applicable] at the time of purchase will apply to the purchase of this product.\">Details<\/span>)<\/small><\/i><\/p>\n<p><a href=\"https:\/\/amazon.es\/dp\/B0GFD1YYN8?tag=man008-21\"><img decoding=\"async\" src=\"https:\/\/valvepress.s3.amazonaws.com\/imgs\/buy_now.png\"><\/a><br \/>\n<\/p>\n<p>                                             Product Description   <\/p>\n<p>The video showcases the product in use.The video guides you through product setup.The video compares multiple products.The video shows the product being unpacked. Hotwav A17 Pro smartphone Merchant video<\/p>\n<p>                                                                                  <img decoding=\"async\" alt=\"aplus content image\" src=\"https:\/\/m.media-amazon.com\/images\/S\/aplus-media-library-service-media\/b572ae8f-359e-49a2-8ef9-d960cb2746db.__CR0,0,1464,600_PT0_SX1464_V1___.png\">       <\/p>\n<p>                                                                                  <img decoding=\"async\" alt=\"El texto dice \u00abHegra\u00bb. Varias vistas de fundas negras para tel\u00e9fonos inteligentes sobre un fondo de paisaje monta\u00f1oso, que muestran las caracter\u00edsticas de protecci\u00f3n y el dise\u00f1o.\" src=\"https:\/\/m.media-amazon.com\/images\/S\/aplus-media-library-service-media\/5bc23cd0-b772-4b8f-a166-c7441cf0da5b.__CR0,0,1464,600_PT0_SX1464_V1___.png\">       <\/p>\n<p>                                                                                  <img decoding=\"async\" alt=\"aplus content image\" src=\"https:\/\/m.media-amazon.com\/images\/S\/aplus-media-library-service-media\/3a6356d9-00e6-4e6b-93c8-7ee214b475b0.__CR0,0,1464,600_PT0_SX1464_V1___.png\">       <\/p>\n<p>                                                                                                                    <img decoding=\"async\" alt=\"El texto dice \u00abPotencia y velocidad: Procesador de ocho n\u00facleos\u00bb. Imagen de marketing tecnol\u00f3gico que muestra un chip procesador con efectos de iluminaci\u00f3n azul y est\u00e9tica t\u00e9cnica.\" src=\"https:\/\/m.media-amazon.com\/images\/S\/aplus-media-library-service-media\/bc06fb87-c213-4572-bcb8-ab34de9beebf.__CR0,0,1464,600_PT0_SX1464_V1___.png\">                                                    <img decoding=\"async\" alt=\"aplus content image\" src=\"https:\/\/m.media-amazon.com\/images\/S\/aplus-media-library-service-media\/015b45aa-54d2-4eff-b73a-a4c18b730374.__CR0,0,1464,600_PT0_SX1464_V1___.png\">                                                    <img decoding=\"async\" alt=\"aplus content image\" src=\"https:\/\/m.media-amazon.com\/images\/S\/aplus-media-library-service-media\/478a6154-275f-456e-af67-a8590e38c8ee.__CR0,0,1464,600_PT0_SX1464_V1___.png\">                                                    <img decoding=\"async\" alt=\"El texto dice \u00abLa nueva frontera de la velocidad: WI-FI 6\u00bb. S\u00edmbolo WiFi azul brillante sobre fondo negro con un panel de texto informativo sobre la tecnolog\u00eda WiFi 6.\" src=\"https:\/\/m.media-amazon.com\/images\/S\/aplus-media-library-service-media\/d2e96cf6-dd49-4df3-bb72-7084c157f4a0.__CR0,0,1464,600_PT0_SX1464_V1___.png\">                                                    <img decoding=\"async\" alt=\"aplus content image\" src=\"https:\/\/m.media-amazon.com\/images\/S\/aplus-media-library-service-media\/596e2e67-c276-42f7-a524-364d3bd5b30b.__CR0,0,1464,600_PT0_SX1464_V1___.png\"><br \/>\n                            1 ASR8662 <\/p>\n<p>                            2 12GB + 256GB <\/p>\n<p>                            3 Android 15 <\/p>\n<p>                            4 WIFI 6 <\/p>\n<p>                            5 Bluetooth 5.4 <\/p>\n<p>                                                                                  <img decoding=\"async\" alt=\"aplus content image\" src=\"https:\/\/m.media-amazon.com\/images\/S\/aplus-media-library-service-media\/76be435f-21eb-4746-b25e-d56532aebd8d.__CR0,0,1464,600_PT0_SX1464_V1___.png\">       <\/p>\n<p>                                                                                  <img decoding=\"async\" alt=\"Collage de fotograf\u00edas dispuestas en franjas horizontales sobre fondo oscuro que muestran diversas actividades e interacciones grupales.\" src=\"https:\/\/m.media-amazon.com\/images\/S\/aplus-media-library-service-media\/495e37e2-4561-4434-ad87-8d2b8b548f36.__CR0,0,1464,600_PT0_SX1464_V1___.png\">       <\/p>\n<p>                                                                                  <img decoding=\"async\" alt=\"Pantalla de interfaz digital que muestra vistas previas de v\u00eddeos en miniatura en un dise\u00f1o de cuadr\u00edcula con controles de reproducci\u00f3n y elementos de navegaci\u00f3n.\" src=\"https:\/\/m.media-amazon.com\/images\/S\/aplus-media-library-service-media\/bcc8716b-68f3-413d-8ce7-38050a8773b8.__CR0,0,1464,600_PT0_SX1464_V1___.png\">       <\/p>\n<p>                                                                                  <img decoding=\"async\" alt=\"El texto dice \u00abModo nocturno\u00bb. Tres fotograf\u00edas de paisajes urbanos nocturnos que muestran edificios iluminados, rascacielos y vistas al agua con espectaculares colores del atardecer.\" src=\"https:\/\/m.media-amazon.com\/images\/S\/aplus-media-library-service-media\/b4589c1f-a8a0-4ada-9d04-e45635ff5a73.__CR0,0,1464,600_PT0_SX1464_V1___.png\">       <\/p>\n<p>                                                                                  <img decoding=\"async\" alt=\"aplus content image\" src=\"https:\/\/m.media-amazon.com\/images\/S\/aplus-media-library-service-media\/691fd6d0-bf35-48b2-b40f-7443fbe15c7f.__CR0,0,1464,600_PT0_SX1464_V1___.png\">       <\/p>\n<p>                                                                                  <img decoding=\"async\" alt=\"El texto dice \u00abGPS + GLONASS + Galileo + Beidou\u00bb. Manos sujetando el smartphone contra un paisaje monta\u00f1oso como tel\u00f3n de fondo.\" src=\"https:\/\/m.media-amazon.com\/images\/S\/aplus-media-library-service-media\/15c8d76c-bb75-426f-ba09-374f200fd864.__CR0,0,1464,600_PT0_SX1464_V1___.png\">       <\/p>\n<p>                                                                                  <img decoding=\"async\" alt=\"aplus content image\" src=\"https:\/\/m.media-amazon.com\/images\/S\/aplus-media-library-service-media\/bf2942d0-d0af-418b-9cc1-cc89dac448f0.__CR0,0,1464,600_PT0_SX1464_V1___.png\">       <\/p>\n<p>                                                                                  <img decoding=\"async\" alt=\"El texto dice \u00abG\u00e9minis\u00bb. Maquetas de interfaz de aplicaciones m\u00f3viles que muestran varias pantallas con un tema oscuro y un dise\u00f1o al estilo de las redes sociales.\" src=\"https:\/\/m.media-amazon.com\/images\/S\/aplus-media-library-service-media\/37c9076e-16ec-414a-83fb-03fe12cf0a51.__CR0,0,1464,600_PT0_SX1464_V1___.png\">       <\/p>\n<p>                                                                                  <img decoding=\"async\" alt=\"aplus content image\" src=\"https:\/\/m.media-amazon.com\/images\/S\/aplus-media-library-service-media\/50ffb141-4604-4569-bf8c-fa9ff6f1be0d.__CR0,0,1464,600_PT0_SX1464_V1___.png\">       <\/p>\n<p>                                                                                  <img decoding=\"async\" alt=\"El texto dice \u00abLigereza (225 g) y elegancia (8,5 mm)\u00bb. La imagen muestra las elegantes especificaciones del producto con los n\u00fameros \u00ab8,5\u00bb y \u00ab225\u00bb en un lugar destacado.\" src=\"https:\/\/m.media-amazon.com\/images\/S\/aplus-media-library-service-media\/b8cea7e4-79a3-42f3-9a5d-54bc5889b0b4.__CR0,0,1464,600_PT0_SX1464_V1___.jpg\">       <\/p>\n<p>                                                                                  <img decoding=\"async\" alt=\"aplus content image\" src=\"https:\/\/m.media-amazon.com\/images\/S\/aplus-media-library-service-media\/90a75b88-1b16-4a91-bb9c-469054238fc1.__CR0,0,1464,600_PT0_SX1464_V1___.png\">       <\/p>\n<p> Batteries                                            \u200f                                            :                                            \u200e                                            2 9V batteries required. (included)   <br \/> Product Dimensions                                            \u200f                                            :                                            \u200e                                            16.8 x 7.8 x 0.85 cm; 230 g   <br \/> Manufacturer                                            \u200f                                            :                                            \u200e                                            HOTWAV   <br \/> ASIN                                            \u200f                                            :                                            \u200e                                            B0GFD1YYN8   <br \/> Item model number                                            \u200f                                            :                                            \u200e                                            A17 Pro Max-Orange   <br \/> Country\/Region of Origin                                            \u200f                                            :                                            \u200e                                            China   <br \/> Guaranteed software updates until                                            \u200f                                            :                                            \u200e                                            unknown   <br \/>  Customer reviews:                                                                                            4.7               4.7 out of 5 stars                                  (24)                                              var dpAcrHasRegisteredArcLinkClickAction;                    P.when(&#8216;A&#8217;, &#8216;ready&#8217;).execute(function(A) {                        if (dpAcrHasRegisteredArcLinkClickAction !== true) {                            dpAcrHasRegisteredArcLinkClickAction = true;                            A.declarative(                                &#8216;acrLink-click-metrics&#8217;, &#8216;click&#8217;,                                { \u00aballowLinkDefault\u00bb: true },                                function (event) {                                    if (window.ue) {                                        ue.count(\u00abacrLinkClickCount\u00bb, (ue.count(\u00abacrLinkClickCount\u00bb) || 0) + 1);                                    }                                }                            );                        }                    });                                             P.when(&#8216;A&#8217;, &#8216;cf&#8217;).execute(function(A) {                A.declarative(&#8216;acrStarsLink-click-metrics&#8217;, &#8216;click&#8217;, { \u00aballowLinkDefault\u00bb : true },  function(event){                    if(window.ue) {                        ue.count(\u00abacrStarsLinkWithPopoverClickCount\u00bb, (ue.count(\u00abacrStarsLinkWithPopoverClickCount\u00bb) || 0) + 1);                    }                });            });                          <\/p>\n<p>\u3010Stylish Mobile Phone Design, Ultra-Thin,Affordable Price\u3011 The HOTWAV A17 Pro Max smartphone offers affordable price and exceptional quality. Weighing only 225g and a thickness of just 8.5mm, it&#8217;s incredibly portable and convenient for extended use. This smartphone features a modern design, available in three distinctive colors, ensuring you be the center of attention wherever you go.<br \/>\u30105160mAh High Capacity Battery &#038; OTG Function\u3011A 5160mAh high capacity battery ensures long life, ideal for travel, work, gaming and daily use. The HOTWAV A17 Pro Max mobile phone offers up to 400 hours of standby, 33 hours of music playback and 22 hours of talk time. Supports OTG reverse charging, allowing it to charge other small devices, making it ideal for users who use their mobile phone a lot and need a long battery life.<br \/>\u301012GB RAM + 256GB ROM\u3011HOTWAV A17 Pro MAX smartphone features 12GB RAM (4GB fixed memory + 12GB virtual memory) and 256GB ROM. Equipped with the ARS8662 processor, its eight-core ARM Cortex architecture delivers high performance and efficiency, enabling smooth multitasking and fast application change. It offers reliable performance for students, professionals, gamers and anyone who needs to stream media, perform office tasks and store large files.<br \/>\u3010Android 15 &#038; Gemini AI\u3011The A17 Pro max smartphone is powered by Android 15 and integrates Gemini AI, which provides enhanced smart assistant, optimized voice control, optimized search tools, and intuitive app recommendations. It&#8217;s ideal for productive users, students, and anyone looking for a smarter, more efficient mobile experience.<br \/>\u30106.75 inch 120Hz Ultra Wide Display\u3011 The cheap and good HOTWAV A17 Pro Max phones features a 6.75 inch ultra-wide screen with a 120Hz refresh rate, which offers a smoother scrolling and immersive viewing experience. Whether for video streaming, mobile gaming, entertainment, online reading and learning, e-book reading or multitasking and web browsing, where a large screen is needed, it is the ideal choice.<br \/>\u3010More Practical Functions\u3011 The HOTWAV A17 Pro Max smartphone is an affordable device equipped with Bluetooth 5.4 for stable connectivity, low power consumption and efficient file transfer. In addition, it retains the classic and practical 3.5mm headphone jack, ideal for users with wired headphones. It supports 4G dual SIM and dual standby, and features fast facial recognition to instantly unlock it by simply lifting the phone. An integrated high-precision GPS module provides fast positioning. It also supports Wi-Fi 6 for a more stable mobile network signal.<br \/>\u3010HOTWAV AFTER-SALES SERVICE\u3011HOTWAV A17 Pro Max mobile phone comes with a 2-year worry-free warranty. Our professional technical team is always available to solve your problems. If you have any questions about your mobile phone, please feel free to leave us a message on Amazon, we will reply you within 24 hours and provide you with a satisfactory solution.<\/p>\n\n","protected":false},"excerpt":{"rendered":"<p> Product Description The video showcases the product in use.The video guides you through product setup.The<\/p>","protected":false},"featured_media":31332,"comment_status":"open","ping_status":"closed","template":"","meta":[],"product_brand":[],"product_cat":[100],"product_tag":[4998,509,602,512,1890,9057,980,391,1891,292,1896,1893,681,298,2537,8461,9058,1611,1892,1889,2231,1275,1888,230,392,163,842,7424,1897,1894,1895,1588],"class_list":{"0":"post-31331","1":"product","2":"type-product","3":"status-publish","4":"has-post-thumbnail","6":"product_cat-smartphones","7":"product_tag-13mp5mp","8":"product_tag-16gb","9":"product_tag-1tb","10":"product_tag-256gb","11":"product_tag-5g-smartphones","12":"product_tag-6face","13":"product_tag-a17","14":"product_tag-android","15":"product_tag-android-phones","16":"product_tag-battery","17":"product_tag-best-smartphones","18":"product_tag-budget-smartphones","19":"product_tag-camera","20":"product_tag-dual","21":"product_tag-free","22":"product_tag-hotwav","23":"product_tag-idotggps","24":"product_tag-inches","25":"product_tag-iphone-smartphones","26":"product_tag-latest-smartphones","27":"product_tag-mah","28":"product_tag-mobile","29":"product_tag-mobile-phones","30":"product_tag-phone","31":"product_tag-phones","32":"product_tag-pro","33":"product_tag-screen","34":"product_tag-simwifi","35":"product_tag-smartphone","36":"product_tag-smartphone-deals","37":"product_tag-smartphone-price","38":"product_tag-smartphones","40":"first","41":"instock","42":"shipping-taxable","43":"product-type-external"},"_links":{"self":[{"href":"https:\/\/comprasyconsejos.store\/en\/wp-json\/wp\/v2\/product\/31331","targetHints":{"allow":["GET"]}}],"collection":[{"href":"https:\/\/comprasyconsejos.store\/en\/wp-json\/wp\/v2\/product"}],"about":[{"href":"https:\/\/comprasyconsejos.store\/en\/wp-json\/wp\/v2\/types\/product"}],"replies":[{"embeddable":true,"href":"https:\/\/comprasyconsejos.store\/en\/wp-json\/wp\/v2\/comments?post=31331"}],"version-history":[{"count":0,"href":"https:\/\/comprasyconsejos.store\/en\/wp-json\/wp\/v2\/product\/31331\/revisions"}],"wp:featuredmedia":[{"embeddable":true,"href":"https:\/\/comprasyconsejos.store\/en\/wp-json\/wp\/v2\/media\/31332"}],"wp:attachment":[{"href":"https:\/\/comprasyconsejos.store\/en\/wp-json\/wp\/v2\/media?parent=31331"}],"wp:term":[{"taxonomy":"product_brand","embeddable":true,"href":"https:\/\/comprasyconsejos.store\/en\/wp-json\/wp\/v2\/product_brand?post=31331"},{"taxonomy":"product_cat","embeddable":true,"href":"https:\/\/comprasyconsejos.store\/en\/wp-json\/wp\/v2\/product_cat?post=31331"},{"taxonomy":"product_tag","embeddable":true,"href":"https:\/\/comprasyconsejos.store\/en\/wp-json\/wp\/v2\/product_tag?post=31331"}],"curies":[{"name":"wp","href":"https:\/\/api.w.org\/{rel}","templated":true}]}}