{"id":31385,"date":"2026-02-22T19:40:43","date_gmt":"2026-02-22T19:40:43","guid":{"rendered":"https:\/\/comprasyconsejos.store\/product\/thermaltake-the-tower-250-mini-chassis-black\/"},"modified":"2026-02-22T19:40:44","modified_gmt":"2026-02-22T19:40:44","slug":"thermaltake-the-tower-250-mini-chassis-black","status":"publish","type":"product","link":"https:\/\/comprasyconsejos.store\/en\/product\/thermaltake-the-tower-250-mini-chassis-black\/","title":{"rendered":"Thermaltake The Tower 250 | Mini Chassis | Black"},"content":{"rendered":"<p>Price: <span style=\"color:#b12704\">\u20ac160.12<\/span><br \/><i><small>(as of Feb 22, 2026 19:40:43 UTC &#8211; <span class=\"wp_automatic_amazon_disclaimer\" title=\"Product prices and availability are accurate as of the date\/time indicated and are subject to change. Any price and availability information displayed on [relevant Amazon Site(s), as applicable] at the time of purchase will apply to the purchase of this product.\">Details<\/span>)<\/small><\/i><\/p>\n<p><a href=\"https:\/\/amazon.es\/dp\/B0DQ46LSD8?tag=man008-21\"><img decoding=\"async\" src=\"https:\/\/valvepress.s3.amazonaws.com\/imgs\/buy_now.png\"><\/a><br \/>\n<\/p>\n<p>                                             From the manufacturer   <\/p>\n<p>                                                      <img decoding=\"async\" alt=\"250 cm\" src=\"https:\/\/images-na.ssl-images-amazon.com\/images\/G\/01\/x-locale\/common\/grey-pixel.gif\" class=\"a-spacing-mini a-lazy-loaded\" data-src=\"https:\/\/m.media-amazon.com\/images\/S\/aplus-media-library-service-media\/502e34e7-47f5-4530-b3d1-d8a1d69575b1.__CR563,0,1125,1500_PT0_SX300_V1___.png\"><img decoding=\"async\" alt=\"250 cm\" src=\"https:\/\/m.media-amazon.com\/images\/S\/aplus-media-library-service-media\/502e34e7-47f5-4530-b3d1-d8a1d69575b1.__CR563,0,1125,1500_PT0_SX300_V1___.png\">  <\/p>\n<p>                                                              <img decoding=\"async\" alt=\"Logo\" src=\"https:\/\/images-na.ssl-images-amazon.com\/images\/G\/01\/x-locale\/common\/grey-pixel.gif\" class=\"a-spacing-mini a-lazy-loaded\" data-src=\"https:\/\/m.media-amazon.com\/images\/S\/aplus-media-library-service-media\/0f49fc2b-255d-4b9b-af2d-912dda90727e.__CR0,250,3000,1500_PT0_SX350_V1___.png\"><img decoding=\"async\" alt=\"Logo\" src=\"https:\/\/m.media-amazon.com\/images\/S\/aplus-media-library-service-media\/0f49fc2b-255d-4b9b-af2d-912dda90727e.__CR0,250,3000,1500_PT0_SX350_V1___.png\">                                                                 <\/p>\n<p class=\"a-spacing-small a-size-small a-color-secondary\"> Thermaltake es sin\u00f3nimo de juegos de alta gama desde 1999. La gama de productos abarca desde ventiladores simples hasta sistemas de juegos de gama alta y ofrece a los principiantes y entusiastas del bricolaje una amplia selecci\u00f3n para la construcci\u00f3n de PC. Alta calidad y aspecto atractivo no son contradicci\u00f3n para Thermaltake. <\/p>\n<p class=\"a-spacing-small a-size-small a-color-secondary\"> Thermaltake demuestra su capacidad innovadora y adapta el hardware a las necesidades y requisitos t\u00e9cnicos de los clientes. <\/p>\n<h3 class=\"a-spacing-mini\"> \u00a1La leyenda sigue viva! <\/h3>\n<p>                                          Tambi\u00e9n disponible en edici\u00f3n limitada Hydrangea Blue                                     <\/p>\n<p class=\"a-spacing-base\"> La torre 250 es el chasis Mini ITX m\u00e1s reciente de la serie torre y presenta un dise\u00f1o vertical cl\u00e1sico con forma de prisma octogonal. El factor de forma peque\u00f1o no compromete el rendimiento de refrigeraci\u00f3n, ya que incluye dos ventiladores CT120 y admite hasta ocho ventiladores de 120 mm y un radiador AIO de 360 mm en el lado derecho. con el que se vende por separado. Configure el kit de pantalla LCD de 3,9&#8243; y el kit de soporte para chasis. <\/p>\n<p>                                                          Compatibilidad con placas base: 6.7&#8243; x 6.7&#8243; (Mini ITX)       Compatible con radiadores de hasta 360 mm        Panel panor\u00e1mico de cristal templado       Panel LCD y base de chasis se venden por separado       Dise\u00f1o vertical      <\/p>\n<p class=\"apm-text-center\">\n                                                      <img decoding=\"async\" alt=\"250 cm\" src=\"https:\/\/images-na.ssl-images-amazon.com\/images\/G\/01\/x-locale\/common\/grey-pixel.gif\" class=\"a-spacing-mini a-lazy-loaded\" data-src=\"https:\/\/m.media-amazon.com\/images\/S\/aplus-media-library-service-media\/a0d6f810-b8b9-4648-8bef-b517cd122bbd.__CR375,0,1500,1500_PT0_SX300_V1___.png\"><img decoding=\"async\" alt=\"250 cm\" src=\"https:\/\/m.media-amazon.com\/images\/S\/aplus-media-library-service-media\/a0d6f810-b8b9-4648-8bef-b517cd122bbd.__CR375,0,1500,1500_PT0_SX300_V1___.png\">  <\/p>\n<p>                                                    Incre\u00edblemente ampliable                                       <\/p>\n<p> La torre 250 Matcha Green, el \u00faltimo chasis Mini-ITX de la serie torre, es un legado del dise\u00f1o cl\u00e1sico de chasis vertical y viene en forma de prisma octogonal. Tiene una compatibilidad de hardware incre\u00edble, Puede acomodar GPU de alta gama de hasta 360 mm, fuentes de alimentaci\u00f3n ATX o SFX est\u00e1ndar de hasta 200 mm y un radiador AIO de 360 mm. Adem\u00e1s, puede contener hasta ocho ventiladores de 120 mm o cinco 140 mm en la carcasa. Si desea que la torre 250 sea m\u00e1s atractiva, puede adquirir el kit de pantalla LCD de 3,9&#8243; que se vende por separado y el kit de soporte para chasis para mejorar el chasis; el primero para mostrar informaci\u00f3n en tiempo real sobre los componentes en tiempo real, y el segundo para una vista \u00fanica con una ubicaci\u00f3n horizontal especial. <\/p>\n<p class=\"apm-text-center\">\n                                                      <img decoding=\"async\" alt=\"X\" src=\"https:\/\/images-na.ssl-images-amazon.com\/images\/G\/01\/x-locale\/common\/grey-pixel.gif\" class=\"a-spacing-mini a-lazy-loaded\" data-src=\"https:\/\/m.media-amazon.com\/images\/S\/aplus-media-library-service-media\/6b36869f-e607-4c19-8436-b871fe1c073e.__CR0,87,680,680_PT0_SX300_V1___.png\"><img decoding=\"async\" alt=\"X\" src=\"https:\/\/m.media-amazon.com\/images\/S\/aplus-media-library-service-media\/6b36869f-e607-4c19-8436-b871fe1c073e.__CR0,87,680,680_PT0_SX300_V1___.png\">  <\/p>\n<p>                                                    Dise\u00f1o vertical                                       <\/p>\n<p> La torre 250 mantiene los contornos ic\u00f3nicos de sus predecesores, con un dise\u00f1o de chasis vertical pero en forma de prisma octogonal, lo que permite que el chasis tenga un espacio m\u00e1s peque\u00f1o y flexibilidad al tiempo que minimiza las obstrucciones a su espacio de juego y de trabajo. <\/p>\n<p class=\"apm-text-center\">\n                                                      <img decoding=\"async\" alt=\"X\" src=\"https:\/\/images-na.ssl-images-amazon.com\/images\/G\/01\/x-locale\/common\/grey-pixel.gif\" class=\"a-spacing-mini a-lazy-loaded\" data-src=\"https:\/\/m.media-amazon.com\/images\/S\/aplus-media-library-service-media\/09388264-2e10-432c-945e-b362ee04dee5.__CR0,0,500,500_PT0_SX300_V1___.jpg\"><img decoding=\"async\" alt=\"X\" src=\"https:\/\/m.media-amazon.com\/images\/S\/aplus-media-library-service-media\/09388264-2e10-432c-945e-b362ee04dee5.__CR0,0,500,500_PT0_SX300_V1___.jpg\">  <\/p>\n<p>                                                    Montaje sin herramientas                                       <\/p>\n<p> La torre 250 tiene tres paneles de vidrio templado de 3 mm en la parte frontal y dos discos perforados en cada lado. Todos ellos son f\u00e1cilmente desmontables sin herramientas. <\/p>\n<h3 class=\"a-size-extra-large a-spacing-base a-text-center\"> Detalles del producto: <\/h3>\n<p>                                                        Tipo de vivienda:                                    Mini Tower                                        Placas base                                    Mini ITX                                        Compatibilidad con SSD                                     2 unidades SSD de 2,5 pulgadas o 1 disco duro de 3,5 pulgadas                                        Puertos de E\/S                                    USB 3.2 (Gen 2) Type-C x 1, USB 3.0 x 2, HD Audio x 1                                        Refrigeraci\u00f3n                                    Refrigeraci\u00f3n por aire o agua                                        Material:                                    Vidrio templado, chapa de acero (SPCC)                                                         Soporte del ventilador                                    Parte superior: 2 x 120 mm. Derecha: 3 de 120 mm o 2 de 140 mm. Parte trasera: 2 x 120 mm o 2 x 140 mm. Cubierta de PSU: 1 x 120 mm o 1 x 140 mm                                        Soporte de radiador                                    Hasta 360 mm en el lado derecho                                        Refrigerador de CPU                                    Hasta 210 mm                                        Longitud de la GPU                                    Hasta 245 mm con cubierta de PSU o 360 mm sin cubierta de PSU                                        Longitud de la PSU                                    Hasta 200 mm                     <\/p>\n<p> Product Dimensions                                            \u200f                                            :                                            \u200e                                            28.1 x 30 x 50.6 cm; 7.1 kg   <br \/> Manufacturer                                            \u200f                                            :                                            \u200e                                            Thermaltake   <br \/> ASIN                                            \u200f                                            :                                            \u200e                                            B0DQ46LSD8   <br \/> Item model number                                            \u200f                                            :                                            \u200e                                            CA-1Z9-00S1WN-00   <br \/> Guaranteed software updates until                                            \u200f                                            :                                            \u200e                                            unknown   <br \/>  Customer reviews:                                                                                            4.3               4.3 out of 5 stars                                  (11)                                              var dpAcrHasRegisteredArcLinkClickAction;                    P.when(&#8216;A&#8217;, &#8216;ready&#8217;).execute(function(A) {                        if (dpAcrHasRegisteredArcLinkClickAction !== true) {                            dpAcrHasRegisteredArcLinkClickAction = true;                            A.declarative(                                &#8216;acrLink-click-metrics&#8217;, &#8216;click&#8217;,                                { \u00aballowLinkDefault\u00bb: true },                                function (event) {                                    if (window.ue) {                                        ue.count(\u00abacrLinkClickCount\u00bb, (ue.count(\u00abacrLinkClickCount\u00bb) || 0) + 1);                                    }                                }                            );                        }                    });                                             P.when(&#8216;A&#8217;, &#8216;cf&#8217;).execute(function(A) {                A.declarative(&#8216;acrStarsLink-click-metrics&#8217;, &#8216;click&#8217;, { \u00aballowLinkDefault\u00bb : true },  function(event){                    if(window.ue) {                        ue.count(\u00abacrStarsLinkWithPopoverClickCount\u00bb, (ue.count(\u00abacrStarsLinkWithPopoverClickCount\u00bb) || 0) + 1);                    }                });            });                          <\/p>\n<p>The 250 tower has good hardware support. It can support a CPU cooler with a maximum height of 210mm, a GPU with a maximum length of 360mm (without power cover), a power supply with a length of up to 200mm (including supports for both ATX and SFX PSU), two 2.5-inch SSDs, or a 3.5-inch hard drive behind the motherboard tray; a USB 3.2 (Gen 2) Type-C and two USB 3.0 ports are placed in The top panel grants direct access when needed; no more unreachable corners or screw gaps, installation can be a breeze with our detachable modular design.<br \/>Tower 250 features three 3mm tempered glass panels on the front and two perforated panels on each side. All are easily removable without tools; The 250 Tower features two 120mm PWM fans on top to provide good cooling performance; Thermaltake launches CT Series fans, allowing users to choose between white or black, RGB or non-RGB, to match whatever color scheme you have.<br \/>Maximize the visual effects of your Tower 250 by upgrading it with our LCD screen kit. The 3.9-inch LCD screen allows you to monitor information in real time and upload any images or GIFs to add an extra touch using TT RGB Plus software. It also allows you to interact with cooling components that feature the same LCD displays. The latest version includes weather mode and time mode for users to expand the use of our LCD screens.<br \/>On the right side, the Tower 250 has the ability to support three 120mm fans or two 140mm fans or one 360mm\/280mm AIO radiator. Installation is a breeze thanks to the removable fan bracket, which simplifies the process; with a vertical chassis design, the tower 250 still has well-designed cold air intakes and hot air exhausts to keep the internal temperature low at all times; the tower 250 has well-designed filters on the top, rear, inner sides and inner bottom layer to protect the system from dust.<\/p>\n\n","protected":false},"excerpt":{"rendered":"<p> From the manufacturer Thermaltake es sin\u00f3nimo de juegos de alta gama desde 1999. La gama<\/p>","protected":false},"featured_media":31386,"comment_status":"open","ping_status":"closed","template":"","meta":[],"product_brand":[],"product_cat":[74],"product_tag":[1370,1364,1371,307,3958,1367,1363,1365,215,1369,1362,1366,1368,2894,1750],"class_list":{"0":"post-31385","1":"product","2":"type-product","3":"status-publish","4":"has-post-thumbnail","6":"product_cat-cases","7":"product_tag-airflow-pc-case","8":"product_tag-atx-case","9":"product_tag-best-pc-case","10":"product_tag-black","11":"product_tag-chassis","12":"product_tag-computer-cabinet","13":"product_tag-gaming-pc-case","14":"product_tag-mid-tower-case","15":"product_tag-mini","16":"product_tag-mini-itx-case","17":"product_tag-pc-case","18":"product_tag-rgb-pc-case","19":"product_tag-tempered-glass-case","20":"product_tag-thermaltake","21":"product_tag-tower","23":"first","24":"instock","25":"shipping-taxable","26":"product-type-external"},"_links":{"self":[{"href":"https:\/\/comprasyconsejos.store\/en\/wp-json\/wp\/v2\/product\/31385","targetHints":{"allow":["GET"]}}],"collection":[{"href":"https:\/\/comprasyconsejos.store\/en\/wp-json\/wp\/v2\/product"}],"about":[{"href":"https:\/\/comprasyconsejos.store\/en\/wp-json\/wp\/v2\/types\/product"}],"replies":[{"embeddable":true,"href":"https:\/\/comprasyconsejos.store\/en\/wp-json\/wp\/v2\/comments?post=31385"}],"version-history":[{"count":0,"href":"https:\/\/comprasyconsejos.store\/en\/wp-json\/wp\/v2\/product\/31385\/revisions"}],"wp:featuredmedia":[{"embeddable":true,"href":"https:\/\/comprasyconsejos.store\/en\/wp-json\/wp\/v2\/media\/31386"}],"wp:attachment":[{"href":"https:\/\/comprasyconsejos.store\/en\/wp-json\/wp\/v2\/media?parent=31385"}],"wp:term":[{"taxonomy":"product_brand","embeddable":true,"href":"https:\/\/comprasyconsejos.store\/en\/wp-json\/wp\/v2\/product_brand?post=31385"},{"taxonomy":"product_cat","embeddable":true,"href":"https:\/\/comprasyconsejos.store\/en\/wp-json\/wp\/v2\/product_cat?post=31385"},{"taxonomy":"product_tag","embeddable":true,"href":"https:\/\/comprasyconsejos.store\/en\/wp-json\/wp\/v2\/product_tag?post=31385"}],"curies":[{"name":"wp","href":"https:\/\/api.w.org\/{rel}","templated":true}]}}