{"id":31392,"date":"2026-02-22T19:47:53","date_gmt":"2026-02-22T19:47:53","guid":{"rendered":"https:\/\/comprasyconsejos.store\/product\/micro-sd-usb-c-card-reader-tf-memory-card-reader-with-usb-c-to-usb-adapter-usb-otg-card-reader-for-macbook-samsung-galaxy-laptop-type-c-phone\/"},"modified":"2026-02-22T19:47:54","modified_gmt":"2026-02-22T19:47:54","slug":"micro-sd-usb-c-card-reader-tf-memory-card-reader-with-usb-c-to-usb-adapter-usb-otg-card-reader-for-macbook-samsung-galaxy-laptop-type-c-phone","status":"publish","type":"product","link":"https:\/\/comprasyconsejos.store\/en\/product\/micro-sd-usb-c-card-reader-tf-memory-card-reader-with-usb-c-to-usb-adapter-usb-otg-card-reader-for-macbook-samsung-galaxy-laptop-type-c-phone\/","title":{"rendered":"Micro SD USB C Card Reader, TF Memory Card Reader with USB C to USB Adapter, USB OTG Card Reader for MacBook, Samsung Galaxy, Laptop, Type-C Phone"},"content":{"rendered":"<p>Price: <span style=\"color:#b12704\">\u20ac6.88<\/span><br \/><i><small>(as of Feb 22, 2026 19:47:53 UTC &#8211; <span class=\"wp_automatic_amazon_disclaimer\" title=\"Product prices and availability are accurate as of the date\/time indicated and are subject to change. Any price and availability information displayed on [relevant Amazon Site(s), as applicable] at the time of purchase will apply to the purchase of this product.\">Details<\/span>)<\/small><\/i><\/p>\n<p><a href=\"https:\/\/amazon.es\/dp\/B0B52943TZ?tag=man008-21\"><img decoding=\"async\" src=\"https:\/\/valvepress.s3.amazonaws.com\/imgs\/buy_now.png\"><\/a><br \/>\n<\/p>\n<p>                                             Product Description   <\/p>\n<p>                                                                             <img decoding=\"async\" alt=\"aplus content image\" src=\"https:\/\/images-na.ssl-images-amazon.com\/images\/G\/01\/x-locale\/common\/grey-pixel.gif\" class=\"a-spacing-base a-lazy-loaded\" data-src=\"https:\/\/m.media-amazon.com\/images\/S\/aplus-media-library-service-media\/3c533d53-ea30-4dae-9105-09dd178fabe3.__CR0,0,970,600_PT0_SX970_V1___.jpg\"><img decoding=\"async\" alt=\"aplus content image\" src=\"https:\/\/m.media-amazon.com\/images\/S\/aplus-media-library-service-media\/3c533d53-ea30-4dae-9105-09dd178fabe3.__CR0,0,970,600_PT0_SX970_V1___.jpg\">                                                                    <\/p>\n<p>                                                                             <img decoding=\"async\" alt=\"aplus content image\" src=\"https:\/\/images-na.ssl-images-amazon.com\/images\/G\/01\/x-locale\/common\/grey-pixel.gif\" class=\"a-spacing-base a-lazy-loaded\" data-src=\"https:\/\/m.media-amazon.com\/images\/S\/aplus-media-library-service-media\/1a6348d0-582b-4b9d-ae2f-52b5999699af.__CR0,0,970,600_PT0_SX970_V1___.jpg\"><img decoding=\"async\" alt=\"aplus content image\" src=\"https:\/\/m.media-amazon.com\/images\/S\/aplus-media-library-service-media\/1a6348d0-582b-4b9d-ae2f-52b5999699af.__CR0,0,970,600_PT0_SX970_V1___.jpg\">                                                                    <\/p>\n<p>                                                                             <img decoding=\"async\" alt=\"aplus content image\" src=\"https:\/\/images-na.ssl-images-amazon.com\/images\/G\/01\/x-locale\/common\/grey-pixel.gif\" class=\"a-spacing-base a-lazy-loaded\" data-src=\"https:\/\/m.media-amazon.com\/images\/S\/aplus-media-library-service-media\/5a628857-d5c7-41af-bece-2eac3e5e8354.__CR0,0,970,600_PT0_SX970_V1___.jpg\"><img decoding=\"async\" alt=\"aplus content image\" src=\"https:\/\/m.media-amazon.com\/images\/S\/aplus-media-library-service-media\/5a628857-d5c7-41af-bece-2eac3e5e8354.__CR0,0,970,600_PT0_SX970_V1___.jpg\">                                                                     <\/p>\n<p class=\"a-spacing-base\">\n<p>Este lector de tarjetas micro SD funciona con dispositivos como computadoras port\u00e1tiles, tel\u00e9fonos inteligentes y tabletas con un puerto USB-C.Solo funciona con tarjetas de memoria TF\/MicroSD. Puede leer tarjetas de memoria de hasta 512 GB. Compatible con tarjetas de memoria TF \/ Micro SD \/ Micro SDHC \/ Micro SDXC.         <\/p>\n<p class=\"a-spacing-base\">\n<p>Este lector de tarjetas Micro SD USB-C tiene un cuerpo de metal de aleaci\u00f3n de zinc, que es hermoso y duradero.Plug-and-Play, no es necesario instalar controladores. Tama\u00f1o mini, compacto y port\u00e1til, y viene con un llavero.La luz indicadora azul integrada le facilita comprobar el estado de funcionamiento del dispositivo.         <\/p>\n<p class=\"a-spacing-base\">\n<p>Adaptador de lector de tarjetas de memoria USB C OTG compatible con MacBook, Samsung Galaxy, Google Pixel y m\u00e1s. Funciona con la mayor\u00eda de los tel\u00e9fonos, tabletas y port\u00e1tiles.Admite la transferencia USB OTG, lo que le permite ver y hacer copias de seguridad r\u00e1pidamente de fotos, videos y otros archivos.No funciona en el iPhone.         <\/p>\n<p class=\"a-spacing-base\">\n<p>Para satisfacer sus diferentes necesidades, se incluye un adaptador USB C Hembra a USB Macho,que puede conectar a este lector de tarjetas para usar con computadoras de escritorio, altavoces, reproductores multimedia para autom\u00f3viles y m\u00e1s.Amplia compatibilidad. Es compatible con los sistemas operativos Windows 11\/10\/8\/7\/XP, Linux, Mac OS, Android.La tarjeta de memoria no est\u00e1 incluida.     <\/p>\n<p class=\"apm-text-center\">\n                                                      <img decoding=\"async\" alt=\"aplus content image\" src=\"https:\/\/images-na.ssl-images-amazon.com\/images\/G\/01\/x-locale\/common\/grey-pixel.gif\" class=\"a-spacing-mini a-lazy-loaded\" data-src=\"https:\/\/m.media-amazon.com\/images\/S\/aplus-media-library-service-media\/50512527-8af7-41d7-b1dd-a3f6ac8d6783.__CR0,0,300,300_PT0_SX300_V1___.jpg\"><img decoding=\"async\" alt=\"aplus content image\" src=\"https:\/\/m.media-amazon.com\/images\/S\/aplus-media-library-service-media\/50512527-8af7-41d7-b1dd-a3f6ac8d6783.__CR0,0,300,300_PT0_SX300_V1___.jpg\">  <\/p>\n<p class=\"apm-text-center\">\n                                                      <img decoding=\"async\" alt=\"aplus content image\" src=\"https:\/\/images-na.ssl-images-amazon.com\/images\/G\/01\/x-locale\/common\/grey-pixel.gif\" class=\"a-spacing-mini a-lazy-loaded\" data-src=\"https:\/\/m.media-amazon.com\/images\/S\/aplus-media-library-service-media\/5af51692-28be-4966-b85b-670422027588.__CR0,0,300,300_PT0_SX300_V1___.jpg\"><img decoding=\"async\" alt=\"aplus content image\" src=\"https:\/\/m.media-amazon.com\/images\/S\/aplus-media-library-service-media\/5af51692-28be-4966-b85b-670422027588.__CR0,0,300,300_PT0_SX300_V1___.jpg\">  <\/p>\n<p class=\"apm-text-center\">\n                                                      <img decoding=\"async\" alt=\"aplus content image\" src=\"https:\/\/images-na.ssl-images-amazon.com\/images\/G\/01\/x-locale\/common\/grey-pixel.gif\" class=\"a-spacing-mini a-lazy-loaded\" data-src=\"https:\/\/m.media-amazon.com\/images\/S\/aplus-media-library-service-media\/56db59bc-c645-4a80-ba89-f3411ca16007.__CR0,0,300,300_PT0_SX300_V1___.jpg\"><img decoding=\"async\" alt=\"aplus content image\" src=\"https:\/\/m.media-amazon.com\/images\/S\/aplus-media-library-service-media\/56db59bc-c645-4a80-ba89-f3411ca16007.__CR0,0,300,300_PT0_SX300_V1___.jpg\">  <\/p>\n<p class=\"apm-text-center\">\n                                                      <img decoding=\"async\" alt=\"aplus content image\" src=\"https:\/\/images-na.ssl-images-amazon.com\/images\/G\/01\/x-locale\/common\/grey-pixel.gif\" class=\"a-spacing-mini a-lazy-loaded\" data-src=\"https:\/\/m.media-amazon.com\/images\/S\/aplus-media-library-service-media\/18252f1a-a03c-44c2-b89f-4047680b5c1e.__CR0,0,300,300_PT0_SX300_V1___.jpg\"><img decoding=\"async\" alt=\"aplus content image\" src=\"https:\/\/m.media-amazon.com\/images\/S\/aplus-media-library-service-media\/18252f1a-a03c-44c2-b89f-4047680b5c1e.__CR0,0,300,300_PT0_SX300_V1___.jpg\">  <\/p>\n<p class=\"apm-text-center\">\n                                                      <img decoding=\"async\" alt=\"aplus content image\" src=\"https:\/\/images-na.ssl-images-amazon.com\/images\/G\/01\/x-locale\/common\/grey-pixel.gif\" class=\"a-spacing-mini a-lazy-loaded\" data-src=\"https:\/\/m.media-amazon.com\/images\/S\/aplus-media-library-service-media\/772d0dc4-da08-4eaa-9ac7-f19e55287258.__CR0,0,300,300_PT0_SX300_V1___.jpg\"><img decoding=\"async\" alt=\"aplus content image\" src=\"https:\/\/m.media-amazon.com\/images\/S\/aplus-media-library-service-media\/772d0dc4-da08-4eaa-9ac7-f19e55287258.__CR0,0,300,300_PT0_SX300_V1___.jpg\">  <\/p>\n<p class=\"apm-text-center\">\n                                                      <img decoding=\"async\" alt=\"aplus content image\" src=\"https:\/\/images-na.ssl-images-amazon.com\/images\/G\/01\/x-locale\/common\/grey-pixel.gif\" class=\"a-spacing-mini a-lazy-loaded\" data-src=\"https:\/\/m.media-amazon.com\/images\/S\/aplus-media-library-service-media\/57bad37e-914b-4cb1-8a57-96df16372e6a.__CR0,0,300,300_PT0_SX300_V1___.jpg\"><img decoding=\"async\" alt=\"aplus content image\" src=\"https:\/\/m.media-amazon.com\/images\/S\/aplus-media-library-service-media\/57bad37e-914b-4cb1-8a57-96df16372e6a.__CR0,0,300,300_PT0_SX300_V1___.jpg\">  <\/p>\n<p>                                                                             <img decoding=\"async\" alt=\"aplus content image\" src=\"https:\/\/images-na.ssl-images-amazon.com\/images\/G\/01\/x-locale\/common\/grey-pixel.gif\" class=\"a-spacing-base a-lazy-loaded\" data-src=\"https:\/\/m.media-amazon.com\/images\/S\/aplus-media-library-service-media\/5914e2f7-4db0-43e3-9392-3dcf4de95d64.__CR0,0,970,600_PT0_SX970_V1___.jpg\"><img decoding=\"async\" alt=\"aplus content image\" src=\"https:\/\/m.media-amazon.com\/images\/S\/aplus-media-library-service-media\/5914e2f7-4db0-43e3-9392-3dcf4de95d64.__CR0,0,970,600_PT0_SX970_V1___.jpg\">                                                                    <\/p>\n<p> Product Dimensions                                            \u200f                                            :                                            \u200e                                            2.29 x 1.6 x 0.99 cm; 4.54 g   <br \/> Manufacturer                                            \u200f                                            :                                            \u200e                                            Mepsies   <br \/> ASIN                                            \u200f                                            :                                            \u200e                                            B0B52943TZ   <br \/> Item model number                                            \u200f                                            :                                            \u200e                                            XS USB C TF Card Reader G   <br \/> Country\/Region of Origin                                            \u200f                                            :                                            \u200e                                            China   <br \/> Guaranteed software updates until                                            \u200f                                            :                                            \u200e                                            unknown   <br \/>  Customer reviews:                                                                                            4.3               4.3 out of 5 stars                                  (4,084)                                              var dpAcrHasRegisteredArcLinkClickAction;                    P.when(&#8216;A&#8217;, &#8216;ready&#8217;).execute(function(A) {                        if (dpAcrHasRegisteredArcLinkClickAction !== true) {                            dpAcrHasRegisteredArcLinkClickAction = true;                            A.declarative(                                &#8216;acrLink-click-metrics&#8217;, &#8216;click&#8217;,                                { \u00aballowLinkDefault\u00bb: true },                                function (event) {                                    if (window.ue) {                                        ue.count(\u00abacrLinkClickCount\u00bb, (ue.count(\u00abacrLinkClickCount\u00bb) || 0) + 1);                                    }                                }                            );                        }                    });                                             P.when(&#8216;A&#8217;, &#8216;cf&#8217;).execute(function(A) {                A.declarative(&#8216;acrStarsLink-click-metrics&#8217;, &#8216;click&#8217;, { \u00aballowLinkDefault\u00bb : true },  function(event){                    if(window.ue) {                        ue.count(\u00abacrStarsLinkWithPopoverClickCount\u00bb, (ue.count(\u00abacrStarsLinkWithPopoverClickCount\u00bb) || 0) + 1);                    }                });            });                          <\/p>\n<p>This micro SD card reader works with devices such as laptops, smartphones, and tablets with a USB-C port. Only works with TF\/MicroSD memory cards. Support TF \/ Micro SD \/ Micro SDHC \/ Micro SDXC memory cards.<br \/>This USB-C Micro SD card reader has a zinc alloy metal body, which is beautiful and durable. Plug and play, no need to install drivers. Mini size, compact and portable, and comes with a keychain. The built-in blue indicator light makes it easy for you to check the operating status of the device.<br \/>USB C OTG memory card reader adapter compatible with MacBook, Samsung Galaxy, Google Pixel and more. Works with most phones, tablets and laptops. Supports USB OTG transfer, allowing you to quickly view and back up photos, videos and other files. Does not work on iPhone.<br \/>To meet your different needs, a USB C Female to USB Male adapter is included, which you can connect to this card reader for use with desktops, speakers, car media players and more.<br \/>Wide compatibility. It supports Mac OS, Windows 11\/10\/8\/7\/XP, Linux, Android operating systems. Memory card is not included.<\/p>\n\n","protected":false},"excerpt":{"rendered":"<p> Product Description Este lector de tarjetas micro SD funciona con dispositivos como computadoras port\u00e1tiles, tel\u00e9fonos<\/p>","protected":false},"featured_media":31393,"comment_status":"open","ping_status":"closed","template":"","meta":[],"product_brand":[],"product_cat":[47],"product_tag":[144,1420,1399,1411,165,159,1413,160,511,1407,1424,1409,1415,1164,1416,230,1417,1421,249,1405,381,133,1403],"class_list":{"0":"post-31392","1":"product","2":"type-product","3":"status-publish","4":"has-post-thumbnail","6":"product_cat-card-readers","7":"product_tag-adapter","8":"product_tag-card","9":"product_tag-card-reader","10":"product_tag-fast-card-reader","11":"product_tag-galaxy","12":"product_tag-laptop","13":"product_tag-laptop-card-reader","14":"product_tag-macbook","15":"product_tag-memory","16":"product_tag-memory-card-reader","17":"product_tag-micro","18":"product_tag-micro-sd-card-reader","19":"product_tag-multi-card-reader","20":"product_tag-otg","21":"product_tag-otg-card-reader","22":"product_tag-phone","23":"product_tag-portable-card-reader","24":"product_tag-reader","25":"product_tag-samsung","26":"product_tag-sd-card-reader","27":"product_tag-typec","28":"product_tag-usb","29":"product_tag-usb-card-reader","31":"first","32":"instock","33":"shipping-taxable","34":"product-type-external"},"_links":{"self":[{"href":"https:\/\/comprasyconsejos.store\/en\/wp-json\/wp\/v2\/product\/31392","targetHints":{"allow":["GET"]}}],"collection":[{"href":"https:\/\/comprasyconsejos.store\/en\/wp-json\/wp\/v2\/product"}],"about":[{"href":"https:\/\/comprasyconsejos.store\/en\/wp-json\/wp\/v2\/types\/product"}],"replies":[{"embeddable":true,"href":"https:\/\/comprasyconsejos.store\/en\/wp-json\/wp\/v2\/comments?post=31392"}],"version-history":[{"count":0,"href":"https:\/\/comprasyconsejos.store\/en\/wp-json\/wp\/v2\/product\/31392\/revisions"}],"wp:featuredmedia":[{"embeddable":true,"href":"https:\/\/comprasyconsejos.store\/en\/wp-json\/wp\/v2\/media\/31393"}],"wp:attachment":[{"href":"https:\/\/comprasyconsejos.store\/en\/wp-json\/wp\/v2\/media?parent=31392"}],"wp:term":[{"taxonomy":"product_brand","embeddable":true,"href":"https:\/\/comprasyconsejos.store\/en\/wp-json\/wp\/v2\/product_brand?post=31392"},{"taxonomy":"product_cat","embeddable":true,"href":"https:\/\/comprasyconsejos.store\/en\/wp-json\/wp\/v2\/product_cat?post=31392"},{"taxonomy":"product_tag","embeddable":true,"href":"https:\/\/comprasyconsejos.store\/en\/wp-json\/wp\/v2\/product_tag?post=31392"}],"curies":[{"name":"wp","href":"https:\/\/api.w.org\/{rel}","templated":true}]}}