{"id":31405,"date":"2026-02-22T20:03:02","date_gmt":"2026-02-22T20:03:02","guid":{"rendered":"https:\/\/comprasyconsejos.store\/product\/yunzii-b75-pro-wireless-mechanical-keyboard75-hot-swap-hot-swap-gaming-keyboard-custom-keyboard-with-knobpre-lubed-switches-rgbbt-type-c-2-4g-keyboard-pink-milk-switch\/"},"modified":"2026-02-22T20:03:09","modified_gmt":"2026-02-22T20:03:09","slug":"yunzii-b75-pro-wireless-mechanical-keyboard75-hot-swap-hot-swap-gaming-keyboard-custom-keyboard-with-knobpre-lubed-switches-rgbbt-type-c-2-4g-keyboard-pink-milk-switch","status":"publish","type":"product","link":"https:\/\/comprasyconsejos.store\/en\/product\/yunzii-b75-pro-wireless-mechanical-keyboard75-hot-swap-hot-swap-gaming-keyboard-custom-keyboard-with-knobpre-lubed-switches-rgbbt-type-c-2-4g-keyboard-pink-milk-switch\/","title":{"rendered":"YUNZII B75 Pro Wireless Mechanical Keyboard,75% Hot Swap Hot Swap Gaming Keyboard Custom Keyboard with Knob,Pre-lubed Switches RGB,BT\/Type-C\/2.4G Keyboard (Pink, Milk Switch)"},"content":{"rendered":"<p>Price: <span style=\"color:#b12704\">\u20ac71.19<\/span><br \/><i><small>(as of Feb 22, 2026 20:03:03 UTC &#8211; <span class=\"wp_automatic_amazon_disclaimer\" title=\"Product prices and availability are accurate as of the date\/time indicated and are subject to change. Any price and availability information displayed on [relevant Amazon Site(s), as applicable] at the time of purchase will apply to the purchase of this product.\">Details<\/span>)<\/small><\/i><\/p>\n<p><a href=\"https:\/\/amazon.es\/dp\/B0DP8D8QNF?tag=man008-21\"><img decoding=\"async\" src=\"https:\/\/valvepress.s3.amazonaws.com\/imgs\/buy_now.png\"><\/a><br \/>\n<\/p>\n<p>                                             Product Description   <\/p>\n<p>The video showcases the product in use.The video guides you through product setup.The video compares multiple products.The video shows the product being unpacked. YUNZII B75 PRO Keyboard Merchant video<\/p>\n<p>                                                                                  <img decoding=\"async\" alt=\"1\" src=\"https:\/\/m.media-amazon.com\/images\/S\/aplus-media-library-service-media\/1ec6e696-f496-4b62-b23f-ed640e4babc3.__CR0,0,1464,600_PT0_SX1464_V1___.jpg\">       <\/p>\n<p>                                                                                  <img decoding=\"async\" alt=\"1\" src=\"https:\/\/m.media-amazon.com\/images\/S\/aplus-media-library-service-media\/63d52d1e-c2f0-43d6-a9d6-8fff8edbb03b.__CR0,0,1464,600_PT0_SX1464_V1___.jpg\">       <\/p>\n<p>                                                                                  <img decoding=\"async\" alt=\"1\" src=\"https:\/\/m.media-amazon.com\/images\/S\/aplus-media-library-service-media\/8a767a34-2877-4c02-a043-45521d1f85f7.__CR0,0,1464,600_PT0_SX1464_V1___.jpg\">       <\/p>\n<p>                                                                                  <img decoding=\"async\" alt=\"1\" src=\"https:\/\/m.media-amazon.com\/images\/S\/aplus-media-library-service-media\/fb49b449-33f6-4a32-95bb-173d9e10d45c.__CR0,0,1464,600_PT0_SX1464_V1___.jpg\">       <\/p>\n<p>                                                                                  <img decoding=\"async\" alt=\"1\" src=\"https:\/\/m.media-amazon.com\/images\/S\/aplus-media-library-service-media\/c218902a-6c77-4838-9a9e-42b7326d8236.__CR0,0,1464,600_PT0_SX1464_V1___.jpg\">       <\/p>\n<p>                                                                                                                    <img decoding=\"async\" alt=\"1\" src=\"https:\/\/m.media-amazon.com\/images\/S\/aplus-media-library-service-media\/ac2bbb81-71bd-46df-b3ae-dd223ad91b2e.__CR0,0,1464,600_PT0_SX1464_V1___.jpg\">                                                    <img decoding=\"async\" alt=\"1\" src=\"https:\/\/m.media-amazon.com\/images\/S\/aplus-media-library-service-media\/a8d8c7dd-7913-4c97-850a-00f8a7397ad2.__CR0,0,1464,600_PT0_SX1464_V1___.jpg\">                                                    <img decoding=\"async\" alt=\"1\" src=\"https:\/\/m.media-amazon.com\/images\/S\/aplus-media-library-service-media\/ba2853a9-bdaa-4cb0-a33e-b870b534e870.__CR0,0,1464,600_PT0_SX1464_V1___.jpg\">                                                    <img decoding=\"async\" alt=\"1\" src=\"https:\/\/m.media-amazon.com\/images\/S\/aplus-media-library-service-media\/fb49b449-33f6-4a32-95bb-173d9e10d45c.__CR0,0,1464,600_PT0_SX1464_V1___.jpg\">                                                    <img decoding=\"async\" alt=\"1\" src=\"https:\/\/m.media-amazon.com\/images\/S\/aplus-media-library-service-media\/e51a49f0-90ae-4422-bc5f-8ec16f889b2c.__CR0,0,1464,600_PT0_SX1464_V1___.jpg\"><br \/>\n                            1 BT\/WIRELESS\/WIRED <\/p>\n<p>                            2 AMPLIA COMPATIBILIDAD <\/p>\n<p>                            3 LARGA VIDA \u00daTIL BATER\u00cdA <\/p>\n<p>                            4 QWERTY LAYOUT <\/p>\n<p>                            5 LISTA DE PAQUETE <\/p>\n<p>                                                                                                                    <img decoding=\"async\" alt=\"1\" src=\"https:\/\/m.media-amazon.com\/images\/S\/aplus-media-library-service-media\/95c5023b-4e6b-4c68-b273-b24a5c0b78f0.__CR0,0,1464,600_PT0_SX1464_V1___.jpg\">                                                    <img decoding=\"async\" alt=\"1\" src=\"https:\/\/m.media-amazon.com\/images\/S\/aplus-media-library-service-media\/73c12d83-b84b-41d2-b414-b63d280db6bd.__CR0,0,1464,600_PT0_SX1464_V1___.jpg\">                                                    <img decoding=\"async\" alt=\"1\" src=\"https:\/\/m.media-amazon.com\/images\/S\/aplus-media-library-service-media\/45f42577-b0b4-41ab-b878-388e0786646c.__CR0,0,1464,600_PT0_SX1464_V1___.jpg\">                                                    <img decoding=\"async\" alt=\"1\" src=\"https:\/\/m.media-amazon.com\/images\/S\/aplus-media-library-service-media\/4d6b8363-490d-4125-bb7e-6b7d0ae88e67.__CR0,0,1464,600_PT0_SX1464_V1___.jpg\">                                                    <img decoding=\"async\" alt=\"1\" src=\"https:\/\/m.media-amazon.com\/images\/S\/aplus-media-library-service-media\/16ba4b65-c2a4-4a40-8fce-7678aca01e82.__CR0,0,1464,600_PT0_SX1464_V1___.jpg\"><br \/>\n                            1 5 CAPAS AC\u00daSTICAS <\/p>\n<p>                            2 SWITCH LINEAL MILK V2 <\/p>\n<p>                            3 BLUETOOTH <\/p>\n<p>                            4 GU\u00cdA R\u00c1PIDA DE TECLAS FN <\/p>\n<p>                            5 SOFTWARE PERSONALIZADO <\/p>\n<p>                                                                                                                                                                                                                  Prueba de sonido del B75 Pro                                             MILK SWITCH    <\/p>\n<p class=\"aplus-p2\">\n<p>Interruptor linealPin: fuerza de operaci\u00f3n de 3 pines: 45 \u00b1 10 GF previaje: 2,0 \u00b1 0,6 mmRecorrido total: 4,0 mm nivel de sonido: bajo adecuado: juego \/ OficinaVida \u00fatil: 50m para: juegos \/ lubricaci\u00f3n de oficina: versi\u00f3n lubricada                                                  <\/p>\n<p>The video showcases the product in use.The video guides you through product setup.The video compares multiple products.The video shows the product being unpacked. YUNZII B75 PRO Keyboard Merchant video<\/p>\n<p>                                                             Prueba de sonido del B75 Pro                                             Cocoa Cream V2 Switch    <\/p>\n<p class=\"aplus-p2\">\n<p>Tipo: interruptor linealPrelubricaci\u00f3n: s\u00edPin: 5 PinFuerza m\u00e1xima: 55 GF m\u00e1xima \/ Fuerza operativa: 50 \u00b1 10 GF \/ recorrido total: 3,30 mm \/ recorrido previo: 2,00 \u00b1 0,5 mm                                                  <\/p>\n<p>The video showcases the product in use.The video guides you through product setup.The video compares multiple products.The video shows the product being unpacked. YUNZII B75 PRO Keyboard Merchant video<\/p>\n<p>                                                                                              <img decoding=\"async\" alt=\"1\" src=\"https:\/\/images-na.ssl-images-amazon.com\/images\/G\/01\/x-locale\/common\/grey-pixel.gif\" class=\"a-lazy-loaded\" data-src=\"https:\/\/m.media-amazon.com\/images\/S\/aplus-media-library-service-media\/12c33c17-7a72-4db3-84d0-af1c96669fa8.__CR0,0,300,225_PT0_SX300_V1___.jpg\"><img decoding=\"async\" alt=\"1\" src=\"https:\/\/m.media-amazon.com\/images\/S\/aplus-media-library-service-media\/12c33c17-7a72-4db3-84d0-af1c96669fa8.__CR0,0,300,225_PT0_SX300_V1___.jpg\">                                            LED hacia el Sur                                         <\/p>\n<p class=\"aplus-p3\"> El teclado utiliza RGB hacia el Sur para obtener un mejor efecto rgb. <\/p>\n<p>                                           <img decoding=\"async\" alt=\"1\" src=\"https:\/\/images-na.ssl-images-amazon.com\/images\/G\/01\/x-locale\/common\/grey-pixel.gif\" class=\"a-lazy-loaded\" data-src=\"https:\/\/m.media-amazon.com\/images\/S\/aplus-media-library-service-media\/e176761a-375a-4842-a74a-4a619671a6b8.__CR0,0,300,225_PT0_SX300_V1___.jpg\"><img decoding=\"async\" alt=\"1\" src=\"https:\/\/m.media-amazon.com\/images\/S\/aplus-media-library-service-media\/e176761a-375a-4842-a74a-4a619671a6b8.__CR0,0,300,225_PT0_SX300_V1___.jpg\">                                            Estabilizador prelubricado                                         <\/p>\n<p class=\"aplus-p3\"> Keyboad utiliza un estabilizador prelubricado finamente calibrado. No es el momento de despedirse del temblor de las teclas. <\/p>\n<p>                                           <img decoding=\"async\" alt=\"1\" src=\"https:\/\/images-na.ssl-images-amazon.com\/images\/G\/01\/x-locale\/common\/grey-pixel.gif\" class=\"a-lazy-loaded\" data-src=\"https:\/\/m.media-amazon.com\/images\/S\/aplus-media-library-service-media\/6b6f1f30-f3ae-42f3-b031-db03f0367883.__CR0,0,300,225_PT0_SX300_V1___.jpg\"><img decoding=\"async\" alt=\"1\" src=\"https:\/\/m.media-amazon.com\/images\/S\/aplus-media-library-service-media\/6b6f1f30-f3ae-42f3-b031-db03f0367883.__CR0,0,300,225_PT0_SX300_V1___.jpg\">                                            5 capas de espuma insonorizada                                         <\/p>\n<p class=\"aplus-p3\"> Cinco capas de espuma absorbente de sonido garantizan que cada tecla sea muy suave y produzca un sonido agradable de mecanograf\u00eda. <\/p>\n<p>                                           <img decoding=\"async\" alt=\"1\" src=\"https:\/\/images-na.ssl-images-amazon.com\/images\/G\/01\/x-locale\/common\/grey-pixel.gif\" class=\"a-lazy-loaded\" data-src=\"https:\/\/m.media-amazon.com\/images\/S\/aplus-media-library-service-media\/dfc53c5d-f5ae-461b-b54b-ba59ccc83d58.__CR0,0,300,225_PT0_SX300_V1___.jpg\"><img decoding=\"async\" alt=\"1\" src=\"https:\/\/m.media-amazon.com\/images\/S\/aplus-media-library-service-media\/dfc53c5d-f5ae-461b-b54b-ba59ccc83d58.__CR0,0,300,225_PT0_SX300_V1___.jpg\">                                            \u00e1ngulo del teclado ajustable                                         <\/p>\n<p class=\"aplus-p3\"> Equipado con 2 teclados ajustables, le ofrece el \u00e1ngulo c\u00f3modo que necesita para jugar un marat\u00f3n. <\/p>\n<p>                                                                                  <img decoding=\"async\" alt=\"aplus content image\" src=\"https:\/\/m.media-amazon.com\/images\/S\/aplus-media-library-service-media\/c2262839-3f03-4fbe-9c65-27ae8d27d785.__CR0,0,1464,600_PT0_SX1464_V1___.jpg\">       <\/p>\n<p>                                                                                  <img decoding=\"async\" alt=\"Configuraci\u00f3n de teclado mec\u00e1nico rosa con preguntas de soluci\u00f3n de problemas mostradas. Los paneles de texto muestran los puntos 1, 2 y 3 relacionados con el parpadeo de la luz del teclado y los problemas de funcionalidad de los botones sobre un fondo rosa.\" src=\"https:\/\/m.media-amazon.com\/images\/S\/aplus-media-library-service-media\/f0f83e9e-22bd-4a3e-bbb3-817d90fc463e.__CR0,0,1464,600_PT0_SX1464_V1___.jpg\">       <\/p>\n<p> Batteries                                            \u200f                                            :                                            \u200e                                            1 D batteries required. (included)   <br \/> Language                                            \u200f                                            :                                            \u200e                                            English   <br \/> Package Dimensions                                            \u200f                                            :                                            \u200e                                            40 x 16.7 x 6.2 cm; 900 g   <br \/> Manufacturer                                            \u200f                                            :                                            \u200e                                            YUNZII   <br \/> ASIN                                            \u200f                                            :                                            \u200e                                            B0DP8D8QNF   <br \/> Item model number                                            \u200f                                            :                                            \u200e                                            B75 PRO   <br \/> Country\/Region of Origin                                            \u200f                                            :                                            \u200e                                            China   <br \/> Guaranteed software updates until                                            \u200f                                            :                                            \u200e                                            unknown   <br \/>  Customer reviews:                                                                                            4.6               4.6 out of 5 stars                                  (1,656)                                              var dpAcrHasRegisteredArcLinkClickAction;                    P.when(&#8216;A&#8217;, &#8216;ready&#8217;).execute(function(A) {                        if (dpAcrHasRegisteredArcLinkClickAction !== true) {                            dpAcrHasRegisteredArcLinkClickAction = true;                            A.declarative(                                &#8216;acrLink-click-metrics&#8217;, &#8216;click&#8217;,                                { \u00aballowLinkDefault\u00bb: true },                                function (event) {                                    if (window.ue) {                                        ue.count(\u00abacrLinkClickCount\u00bb, (ue.count(\u00abacrLinkClickCount\u00bb) || 0) + 1);                                    }                                }                            );                        }                    });                                             P.when(&#8216;A&#8217;, &#8216;cf&#8217;).execute(function(A) {                A.declarative(&#8216;acrStarsLink-click-metrics&#8217;, &#8216;click&#8217;, { \u00aballowLinkDefault\u00bb : true },  function(event){                    if(window.ue) {                        ue.count(\u00abacrStarsLinkWithPopoverClickCount\u00bb, (ue.count(\u00abacrStarsLinkWithPopoverClickCount\u00bb) || 0) + 1);                    }                });            });                          <\/p>\n<p>75% Prozent Tastatur mit Knopf: B75 PRO ist eine kompakte Tastatur mit Knopf und 82 Tastenkappen. Die TKL-Tastatur hat Zifferntasten, Funktionstasten und Pfeiltasten gleichzeitig. Mit dem Multifunktionsknopf k\u00f6nnen Sie die Lautst\u00e4rke und die Hintergrundbeleuchtung schnell einstellen. Durch langes Dr\u00fccken des Knopfes k\u00f6nnen Sie zwischen Gaming- und Office-Modus umschalten, durch Drehen des Knopfes k\u00f6nnen Sie die Lautst\u00e4rke der Tastatur und die RGB-Hintergrundbeleuchtung einstellen.<br \/>Dichtungs-Tastatur: Die cremige Tastatur ist mit der fortschrittlichsten Dichtungs-Tastaturstruktur entworfen. Mit 5-lagiger Polsterung, Noise Cancelling Design, Double Shot Keycaps, pr\u00e4zise abgestimmten Stabilisatoren und vorgeschmierten mechanischen Schaltern bietet diese lineare Tastatur ein nahezu cremig klingendes Tastaturerlebnis und ein solide Tippgef\u00fchl.<br \/>Die drahtlose Gaming-Tastatur unterst\u00fctzt Bluetooth, 2.4Ghz drahtlose und stabile kabelgebundene Verbindung. Eingebauter 4000mah Akku mit hoher Kapazit\u00e4t, diese mechanische Tastatur wireless bietet l\u00e4ngere Nutzungszeiten in un\u00fcbersichtlicher drahtloser Einrichtung. Diese gro\u00dfe Akkukapazit\u00e4t sorgt daf\u00fcr, dass die kabellose Bluetooth-Gaming-Tastatur immer bereit f\u00fcr lange Arbeit oder intensiven Gaming-Modus ist.<br \/>Hot Swappable Keyboard: Diese mechanische Tastatur verf\u00fcgt \u00fcber Volltasten-Hot-Swappable-Buchsen und extreaktionsschnelle Low-Latency-Buchsen. Hochwertige Leiterplatte der benutzerdefinierten Tastatur, die mit 3-Pin- oder 5-Pin-Switches kompatibel ist, erf\u00fcllt Ihr gew\u00fcnschtes Schreibgef\u00fchl, egal ob f\u00fcr Spiele, Tippen oder kreative Bem\u00fchungen. Vorgeschmierte lineare und taktile Schalter haben ein einzigartiges Design, soliden Klang und ausgezeichnetes Tastaturgef\u00fchl.<br \/>Programmierbare Dichtungstatur mit Hintergrundbeleuchtung: Die beleuchtete Tastatur verf\u00fcgt \u00fcber mehr als 20 integrierte Hintergrundbeleuchtungsmodi und nach S\u00fcden gerichtete LEDs. Eine Vielzahl von dynamischen RGB-Effekten und programmierbarer Software erm\u00f6glicht es Ihnen, den unbegrenzten Spa\u00df der Anpassung zu erleben. Programmierbare Funktion dieser RGB-Tastatur erm\u00f6glicht die Neudefinition der Taste, Makro-Einstellungen und RGB in Win-System anpassen, kompatibel mit Win und MacOS.<\/p>\n\n","protected":false},"excerpt":{"rendered":"<p> Product Description The video showcases the product in use.The video guides you through product setup.The<\/p>","protected":false},"featured_media":31406,"comment_status":"open","ping_status":"closed","template":"","meta":[],"product_brand":[],"product_cat":[49],"product_tag":[5183,746,743,747,1300,617,740,3154,518,9070,9071,1227,739,6606,744,1050,163,742,9072,745,5184,1062,875,226,741,5182],"class_list":{"0":"post-31405","1":"product","2":"type-product","3":"status-publish","4":"has-post-thumbnail","6":"product_cat-keyboards","7":"product_tag-b75","8":"product_tag-backlit-keyboard","9":"product_tag-bluetooth-keyboard","10":"product_tag-compact-keyboard","11":"product_tag-custom","12":"product_tag-gaming","13":"product_tag-gaming-keyboard","14":"product_tag-hot","15":"product_tag-keyboard","16":"product_tag-keyboard75","17":"product_tag-knobprelubed","18":"product_tag-mechanical","19":"product_tag-mechanical-keyboard","20":"product_tag-milk","21":"product_tag-office-keyboard","22":"product_tag-pink","23":"product_tag-pro","24":"product_tag-rgb-keyboard","25":"product_tag-rgbbttypec2-4g","26":"product_tag-silent-keyboard","27":"product_tag-swap","28":"product_tag-switch","29":"product_tag-switches","30":"product_tag-wireless","31":"product_tag-wireless-keyboard","32":"product_tag-yunzii","34":"first","35":"instock","36":"shipping-taxable","37":"product-type-external"},"_links":{"self":[{"href":"https:\/\/comprasyconsejos.store\/en\/wp-json\/wp\/v2\/product\/31405","targetHints":{"allow":["GET"]}}],"collection":[{"href":"https:\/\/comprasyconsejos.store\/en\/wp-json\/wp\/v2\/product"}],"about":[{"href":"https:\/\/comprasyconsejos.store\/en\/wp-json\/wp\/v2\/types\/product"}],"replies":[{"embeddable":true,"href":"https:\/\/comprasyconsejos.store\/en\/wp-json\/wp\/v2\/comments?post=31405"}],"version-history":[{"count":0,"href":"https:\/\/comprasyconsejos.store\/en\/wp-json\/wp\/v2\/product\/31405\/revisions"}],"wp:featuredmedia":[{"embeddable":true,"href":"https:\/\/comprasyconsejos.store\/en\/wp-json\/wp\/v2\/media\/31406"}],"wp:attachment":[{"href":"https:\/\/comprasyconsejos.store\/en\/wp-json\/wp\/v2\/media?parent=31405"}],"wp:term":[{"taxonomy":"product_brand","embeddable":true,"href":"https:\/\/comprasyconsejos.store\/en\/wp-json\/wp\/v2\/product_brand?post=31405"},{"taxonomy":"product_cat","embeddable":true,"href":"https:\/\/comprasyconsejos.store\/en\/wp-json\/wp\/v2\/product_cat?post=31405"},{"taxonomy":"product_tag","embeddable":true,"href":"https:\/\/comprasyconsejos.store\/en\/wp-json\/wp\/v2\/product_tag?post=31405"}],"curies":[{"name":"wp","href":"https:\/\/api.w.org\/{rel}","templated":true}]}}