{"id":31422,"date":"2026-02-22T20:18:51","date_gmt":"2026-02-22T20:18:51","guid":{"rendered":"https:\/\/comprasyconsejos.store\/product\/lenovo-ideapad-slim-3-gen-8-laptop-15-6-fhd-intel-core-i5-13420h-16gb-ram-1tb-ssd-intel-uhd-graphics-integrated-wi-fi-6-no-arctic-grey-os-spanish-qwerty-keyboard\/"},"modified":"2026-02-22T20:18:59","modified_gmt":"2026-02-22T20:18:59","slug":"lenovo-ideapad-slim-3-gen-8-laptop-15-6-fhd-intel-core-i5-13420h-16gb-ram-1tb-ssd-intel-uhd-graphics-integrated-wi-fi-6-no-arctic-grey-os-spanish-qwerty-keyboard","status":"publish","type":"product","link":"https:\/\/comprasyconsejos.store\/en\/product\/lenovo-ideapad-slim-3-gen-8-laptop-15-6-fhd-intel-core-i5-13420h-16gb-ram-1tb-ssd-intel-uhd-graphics-integrated-wi-fi-6-no-arctic-grey-os-spanish-qwerty-keyboard\/","title":{"rendered":"Lenovo IdeaPad Slim 3 Gen 8 \u2013 Laptop 15.6&#8243; FHD Intel Core i5-13420H, 16GB RAM, 1TB SSD, Intel UHD Graphics Integrated, Wi-Fi 6, No Arctic Grey OS, Spanish QWERTY Keyboard"},"content":{"rendered":"<p>Price: <span style=\"color:#b12704\">\u20ac539.00<\/span><br \/><i><small>(as of Feb 22, 2026 20:18:52 UTC &#8211; <span class=\"wp_automatic_amazon_disclaimer\" title=\"Product prices and availability are accurate as of the date\/time indicated and are subject to change. Any price and availability information displayed on [relevant Amazon Site(s), as applicable] at the time of purchase will apply to the purchase of this product.\">Details<\/span>)<\/small><\/i><\/p>\n<p><a href=\"https:\/\/amazon.es\/dp\/B0DHXF3W1G?tag=man008-21\"><img decoding=\"async\" src=\"https:\/\/valvepress.s3.amazonaws.com\/imgs\/buy_now.png\"><\/a><br \/>\n<\/p>\n<p>                                             From the manufacturer   <\/p>\n<p>                                                                     Lenovo IdeaPad Slim 3 Gen 8                                            <img decoding=\"async\" alt=\"Lenovo IdeaPad Slim 3 Gen 8 imagen port\u00e1til y usuaria\" src=\"https:\/\/images-na.ssl-images-amazon.com\/images\/G\/01\/x-locale\/common\/grey-pixel.gif\" class=\"a-lazy-loaded\" data-src=\"https:\/\/m.media-amazon.com\/images\/S\/aplus-media-library-service-media\/b1298ed9-3d40-4f46-bc3b-3ae72f31250e.__CR0,0,1464,600_PT0_SX1464_V1___.jpg\"><img decoding=\"async\" alt=\"Lenovo IdeaPad Slim 3 Gen 8 imagen port\u00e1til y usuaria\" src=\"https:\/\/m.media-amazon.com\/images\/S\/aplus-media-library-service-media\/b1298ed9-3d40-4f46-bc3b-3ae72f31250e.__CR0,0,1464,600_PT0_SX1464_V1___.jpg\">                                               <\/p>\n<p>                                                                                                       <img decoding=\"async\" alt=\"Lenovo IdeaPad Slim 3 Gen 8 fotograf\u00eda usuaria y ordenador, saludando frente a c\u00e1mara\" src=\"https:\/\/images-na.ssl-images-amazon.com\/images\/G\/01\/x-locale\/common\/grey-pixel.gif\" class=\"a-lazy-loaded\" data-src=\"https:\/\/m.media-amazon.com\/images\/S\/aplus-media-library-service-media\/726fb913-f3fc-4795-bd52-c8be63a8f42b.__CR0,0,1464,600_PT0_SX1464_V1___.jpg\"><img decoding=\"async\" alt=\"Lenovo IdeaPad Slim 3 Gen 8 fotograf\u00eda usuaria y ordenador, saludando frente a c\u00e1mara\" src=\"https:\/\/m.media-amazon.com\/images\/S\/aplus-media-library-service-media\/726fb913-f3fc-4795-bd52-c8be63a8f42b.__CR0,0,1464,600_PT0_SX1464_V1___.jpg\">                                               <\/p>\n<p>The video showcases the product in use.The video guides you through product setup.The video compares multiple products.The video shows the product being unpacked.<\/p>\n<p>                                                                                                                    <img decoding=\"async\" alt=\"Lenovo IdeaPad Slim 3 Gen 8 fotograf\u00eda ordenador y pluma\" src=\"https:\/\/m.media-amazon.com\/images\/S\/aplus-media-library-service-media\/59d6f5a4-01cf-496b-b5a0-aa2a67e58b44.__CR0,0,1464,600_PT0_SX1464_V1___.jpg\">                                                    <img decoding=\"async\" alt=\"Lenovo IdeaPad Slim 3 Gen 8 Imagen Procesador\" src=\"https:\/\/m.media-amazon.com\/images\/S\/aplus-media-library-service-media\/0780320e-18ec-4d28-903a-1921878c6e83.__CR0,0,1464,600_PT0_SX1464_V1___.jpg\">                                                    <img decoding=\"async\" alt=\"Lenovo IdeaPad Slim 3 Gen 8 imagen pantalla\" src=\"https:\/\/m.media-amazon.com\/images\/S\/aplus-media-library-service-media\/4b851cb4-20cd-41c1-b358-f233c1608300.__CR0,0,1464,600_PT0_SX1464_V1___.jpg\">                                                    <img decoding=\"async\" alt=\"Lenovo IdeaPad Slim 3 Gen 8 imagen bater\u00eda y carga\" src=\"https:\/\/m.media-amazon.com\/images\/S\/aplus-media-library-service-media\/2bf4c3b0-60d6-4971-8297-020c86f37d9f.__CR0,0,1464,600_PT0_SX1464_V1___.jpg\">                                                    <img decoding=\"async\" alt=\"Lenovo Ideapad Slim 3  imagen ordenador port\u00e1til\" src=\"https:\/\/m.media-amazon.com\/images\/S\/aplus-media-library-service-media\/dcaa6ccb-6ff7-4e75-beee-06a8d942da89.__CR0,0,1464,600_PT0_SX1464_V1___.jpg\"><br \/>\n                            1 10% m\u00e1s delgado <\/p>\n<p>                            2 Intel Core i5-13420H <\/p>\n<p>                            3 Pantalla FHD 15.6&#8243; <\/p>\n<p>                            4 Bater\u00eda <\/p>\n<p>                            5 Smart Power <\/p>\n<p>                                                                                                       <img decoding=\"async\" alt=\"Lenovo IdeaPad Slim 3 Gen 8 imagen ordenador grado militar\" src=\"https:\/\/images-na.ssl-images-amazon.com\/images\/G\/01\/x-locale\/common\/grey-pixel.gif\" class=\"a-lazy-loaded\" data-src=\"https:\/\/m.media-amazon.com\/images\/S\/aplus-media-library-service-media\/e68ded16-d592-4a09-995b-d43c1fdb62b3.__CR0,0,1464,600_PT0_SX1464_V1___.jpg\"><img decoding=\"async\" alt=\"Lenovo IdeaPad Slim 3 Gen 8 imagen ordenador grado militar\" src=\"https:\/\/m.media-amazon.com\/images\/S\/aplus-media-library-service-media\/e68ded16-d592-4a09-995b-d43c1fdb62b3.__CR0,0,1464,600_PT0_SX1464_V1___.jpg\">                                               <\/p>\n<p>                                                                                                       <img decoding=\"async\" alt=\"Lenovo IdeaPad Slim 3 Gen 8 imagen puertos y ranuras\" src=\"https:\/\/images-na.ssl-images-amazon.com\/images\/G\/01\/x-locale\/common\/grey-pixel.gif\" class=\"a-lazy-loaded\" data-src=\"https:\/\/m.media-amazon.com\/images\/S\/aplus-media-library-service-media\/0bfd00cc-bcfe-49c5-8a5d-c3bda53435e5.__CR0,0,1464,600_PT0_SX1464_V1___.jpg\"><img decoding=\"async\" alt=\"Lenovo IdeaPad Slim 3 Gen 8 imagen puertos y ranuras\" src=\"https:\/\/m.media-amazon.com\/images\/S\/aplus-media-library-service-media\/0bfd00cc-bcfe-49c5-8a5d-c3bda53435e5.__CR0,0,1464,600_PT0_SX1464_V1___.jpg\">                                         <\/p>\n<p class=\"aplus-description aplus-container-3 aplus-p1\"> 1- Entrada de energ\u00eda | 2- USB 3.2 Gen 14 Type-A | 3- HDMI 1.4 | 4- USB 3.2 Gen 14 Type-C (funci\u00f3n completa) | 5- Conector de audio | 6- Lector de tarjeta SD | 7- USB 3.2 Gen 1\u00b3 Type-A <\/p>\n<h3 class=\"a-size-extra-large a-spacing-base a-text-center\"> Especificaciones t\u00e9cnicas especiales <\/h3>\n<p>                                                        Procesador                                    Intel Core i5-13420H, 8 n\u00facleos                                        Gr\u00e1ficos                                    Gr\u00e1ficos Intel UHD integrados                                        Chipset                                    Plataforma SoC Intel                                        Chip de audio                                    Audio de alta definici\u00f3n (HD)                                        Altavoces                                    Altavoces est\u00e9reo orientados al usuario, 1,5 W x2, optimizados con Dolby Audio                                        C\u00e1mara                                    FHD 1080p con obturador de privacidad                                        Micr\u00f3fono                                    2X Array                                        Bater\u00eda                                    Bater\u00eda integrada de 47 Wh                                                         Pantalla                                    Pantalla FHD de 15,6&#8243; (1920 x 1080) TN de 250 nits antirreflejo                                        Teclado                                    QWERTY espa\u00f1ol                                        Panel t\u00e1ctil                                    Panel t\u00e1ctil multit\u00e1ctil con superficie Mylar sin botones, compatible con Precision TouchPad (PTP), 69 x 104 mm (2,72 x 4,09 pulgadas)                                        WIFI                                    Wi-Fi 6                                        Bluetooth                                    5.2                                        Chip de seguridad                                     Firmware TPM 2.0 habilitado                                        Otra seguridad                                     Obturador de privacidad de la c\u00e1mara                                        Prueba militar                                    Aprobada la prueba militar MIL-STD-810H (21 elementos de prueba)                     <\/p>\n<p> Batteries                                            \u200f                                            :                                            \u200e                                            1 Lithium Ion batteries required. (included)   <br \/> Product Dimensions                                            \u200f                                            :                                            \u200e                                            35.9 x 23.5 x 1.7 cm; 1.62 kg   <br \/> Manufacturer                                            \u200f                                            :                                            \u200e                                            Lenovo   <br \/> ASIN                                            \u200f                                            :                                            \u200e                                            B0DHXF3W1G   <br \/> Item model number                                            \u200f                                            :                                            \u200e                                            83EM00FDSP   <br \/> Country of origin                                            \u200f                                            :                                            \u200e                                            China   <br \/> Guaranteed software updates until                                            \u200f                                            :                                            \u200e                                            unknown   <br \/>  Customer reviews:                                                                                            4.4               4.4 out of 5 stars                                  (231)                                              var dpAcrHasRegisteredArcLinkClickAction;                    P.when(&#8216;A&#8217;, &#8216;ready&#8217;).execute(function(A) {                        if (dpAcrHasRegisteredArcLinkClickAction !== true) {                            dpAcrHasRegisteredArcLinkClickAction = true;                            A.declarative(                                &#8216;acrLink-click-metrics&#8217;, &#8216;click&#8217;,                                { \u00aballowLinkDefault\u00bb: true },                                function (event) {                                    if (window.ue) {                                        ue.count(\u00abacrLinkClickCount\u00bb, (ue.count(\u00abacrLinkClickCount\u00bb) || 0) + 1);                                    }                                }                            );                        }                    });                                             P.when(&#8216;A&#8217;, &#8216;cf&#8217;).execute(function(A) {                A.declarative(&#8216;acrStarsLink-click-metrics&#8217;, &#8216;click&#8217;, { \u00aballowLinkDefault\u00bb : true },  function(event){                    if(window.ue) {                        ue.count(\u00abacrStarsLinkWithPopoverClickCount\u00bb, (ue.count(\u00abacrStarsLinkWithPopoverClickCount\u00bb) || 0) + 1);                    }                });            });                          <\/p>\n<p>Nothing better for studio or entertainment than the 15.6&#8243; FHD IPS display with narrow bezels on its four sides; Its 1920 x 1080 px resolution is the ideal multimedia complement to your 2 x 1.5W Dolby Audio speakers<br \/>Enjoy the exceptional performance of the Intel Core i5-13420H 8-core processor and 16GB of RAM, which provide fast response for all your applications and multitasking activities<br \/>Power at its finest: Go further and enjoy great battery life with the powerful 47Wh battery and Rapid Charge Boost function, giving you up to 2 hours of use with just 15 minutes of charge<br \/>Rugged and sophisticated: This laptop is designed for users with high degree of mobility, so its military-grade design makes it resistant to shocks, dust and extreme travel in harsh conditions<br \/>Speed up your study and work experience with its Type-C port for fast charging, screen output, and data transfer; Plus, the IdeaPad Slim 3 features Wi-Fi 6 and Bluetooth 5.2 for wire-free connectivity<\/p>\n\n","protected":false},"excerpt":{"rendered":"<p> From the manufacturer Lenovo IdeaPad Slim 3 Gen 8 The video showcases the product in<\/p>","protected":false},"featured_media":31423,"comment_status":"open","ping_status":"closed","template":"","meta":[],"product_brand":[],"product_cat":[89],"product_tag":[509,602,777,776,785,778,2880,782,784,698,639,783,855,644,204,1065,5930,2258,562,518,159,1054,780,858,587,288,779,5273,513,781,684,543],"class_list":{"0":"post-31422","1":"product","2":"type-product","3":"status-publish","4":"has-post-thumbnail","6":"product_cat-all-in-one-pcs","7":"product_tag-16gb","8":"product_tag-1tb","9":"product_tag-all-in-one-desktop","10":"product_tag-all-in-one-pc","11":"product_tag-all-in-one-pc-price","12":"product_tag-apple-imac","13":"product_tag-arctic","14":"product_tag-best-all-in-one-computer","15":"product_tag-compact-pc","16":"product_tag-core","17":"product_tag-fhd","18":"product_tag-gaming-all-in-one-pc","19":"product_tag-gen","20":"product_tag-graphics","21":"product_tag-grey","22":"product_tag-i513420h","23":"product_tag-ideapad","24":"product_tag-integrated","25":"product_tag-intel","26":"product_tag-keyboard","27":"product_tag-laptop","28":"product_tag-lenovo","29":"product_tag-office-all-in-one-pc","30":"product_tag-qwerty","31":"product_tag-ram","32":"product_tag-slim","33":"product_tag-slim-all-in-one-pc","34":"product_tag-spanish","35":"product_tag-ssd","36":"product_tag-touchscreen-all-in-one-pc","37":"product_tag-uhd","38":"product_tag-wifi","40":"first","41":"instock","42":"shipping-taxable","43":"product-type-external"},"_links":{"self":[{"href":"https:\/\/comprasyconsejos.store\/en\/wp-json\/wp\/v2\/product\/31422","targetHints":{"allow":["GET"]}}],"collection":[{"href":"https:\/\/comprasyconsejos.store\/en\/wp-json\/wp\/v2\/product"}],"about":[{"href":"https:\/\/comprasyconsejos.store\/en\/wp-json\/wp\/v2\/types\/product"}],"replies":[{"embeddable":true,"href":"https:\/\/comprasyconsejos.store\/en\/wp-json\/wp\/v2\/comments?post=31422"}],"version-history":[{"count":0,"href":"https:\/\/comprasyconsejos.store\/en\/wp-json\/wp\/v2\/product\/31422\/revisions"}],"wp:featuredmedia":[{"embeddable":true,"href":"https:\/\/comprasyconsejos.store\/en\/wp-json\/wp\/v2\/media\/31423"}],"wp:attachment":[{"href":"https:\/\/comprasyconsejos.store\/en\/wp-json\/wp\/v2\/media?parent=31422"}],"wp:term":[{"taxonomy":"product_brand","embeddable":true,"href":"https:\/\/comprasyconsejos.store\/en\/wp-json\/wp\/v2\/product_brand?post=31422"},{"taxonomy":"product_cat","embeddable":true,"href":"https:\/\/comprasyconsejos.store\/en\/wp-json\/wp\/v2\/product_cat?post=31422"},{"taxonomy":"product_tag","embeddable":true,"href":"https:\/\/comprasyconsejos.store\/en\/wp-json\/wp\/v2\/product_tag?post=31422"}],"curies":[{"name":"wp","href":"https:\/\/api.w.org\/{rel}","templated":true}]}}