{"id":31486,"date":"2026-02-22T20:49:47","date_gmt":"2026-02-22T20:49:47","guid":{"rendered":"https:\/\/comprasyconsejos.store\/product\/acemagic-ax18-laptop-computer-16gb-ram-512gb-ssd-18-5-for-students-and-office-intel-n150-processor-8000mah-battery-laptop-with-hdmi-usb-c-laptop-full-hd-display-and-3x-usb3-2\/"},"modified":"2026-02-22T20:49:55","modified_gmt":"2026-02-22T20:49:55","slug":"acemagic-ax18-laptop-computer-16gb-ram-512gb-ssd-18-5-for-students-and-office-intel-n150-processor-8000mah-battery-laptop-with-hdmi-usb-c-laptop-full-hd-display-and-3x-usb3-2","status":"publish","type":"product","link":"https:\/\/comprasyconsejos.store\/en\/product\/acemagic-ax18-laptop-computer-16gb-ram-512gb-ssd-18-5-for-students-and-office-intel-n150-processor-8000mah-battery-laptop-with-hdmi-usb-c-laptop-full-hd-display-and-3x-usb3-2\/","title":{"rendered":"ACEMAGIC AX18 Laptop Computer 16GB RAM 512GB SSD \u2013 18.5&#8243; for Students and Office (Intel N150 Processor, 8000mAh Battery), Laptop with HDMI, USB-C Laptop, Full HD Display and 3X USB3.2"},"content":{"rendered":"<p>Price: <span style=\"color:#b12704\">\u20ac429.99<\/span><br \/><i><small>(as of Feb 22, 2026 20:49:47 UTC &#8211; <span class=\"wp_automatic_amazon_disclaimer\" title=\"Product prices and availability are accurate as of the date\/time indicated and are subject to change. Any price and availability information displayed on [relevant Amazon Site(s), as applicable] at the time of purchase will apply to the purchase of this product.\">Details<\/span>)<\/small><\/i><\/p>\n<p><a href=\"https:\/\/amazon.es\/dp\/B0DWRNP25L?tag=man008-21\"><img decoding=\"async\" src=\"https:\/\/valvepress.s3.amazonaws.com\/imgs\/buy_now.png\"><\/a><br \/>\n<\/p>\n<p>                                             Product Description   <\/p>\n<p>                                                                                                       <img decoding=\"async\" alt=\"Dispositivo port\u00e1til con pantalla ultra de 18,5 pulgadas. La imagen muestra un dispositivo rob\u00f3tico para sujetar brazos, con un personaje en 3D emergiendo de la pantalla, enfatizando las capacidades visuales\" src=\"https:\/\/images-na.ssl-images-amazon.com\/images\/G\/01\/x-locale\/common\/grey-pixel.gif\" class=\"a-lazy-loaded\" data-src=\"https:\/\/m.media-amazon.com\/images\/S\/aplus-media-library-service-media\/a02c474a-63d6-4d87-8651-7940c99277e6.__CR0,0,1464,600_PT0_SX1464_V1___.png\"><img decoding=\"async\" alt=\"Dispositivo port\u00e1til con pantalla ultra de 18,5 pulgadas. La imagen muestra un dispositivo rob\u00f3tico para sujetar brazos, con un personaje en 3D emergiendo de la pantalla, enfatizando las capacidades visuales\" src=\"https:\/\/m.media-amazon.com\/images\/S\/aplus-media-library-service-media\/a02c474a-63d6-4d87-8651-7940c99277e6.__CR0,0,1464,600_PT0_SX1464_V1___.png\">                                               <\/p>\n<p>                                                                                                       <img decoding=\"async\" alt=\"Detalle de la esquina de un port\u00e1til o dispositivo electr\u00f3nico que muestra texto y un logotipo de Intel, fotografiado sobre una superficie oscura.\" src=\"https:\/\/images-na.ssl-images-amazon.com\/images\/G\/01\/x-locale\/common\/grey-pixel.gif\" class=\"a-lazy-loaded\" data-src=\"https:\/\/m.media-amazon.com\/images\/S\/aplus-media-library-service-media\/d7036763-9987-42c5-9d46-21238c37051d.__CR0,0,1464,600_PT0_SX1464_V1___.png\"><img decoding=\"async\" alt=\"Detalle de la esquina de un port\u00e1til o dispositivo electr\u00f3nico que muestra texto y un logotipo de Intel, fotografiado sobre una superficie oscura.\" src=\"https:\/\/m.media-amazon.com\/images\/S\/aplus-media-library-service-media\/d7036763-9987-42c5-9d46-21238c37051d.__CR0,0,1464,600_PT0_SX1464_V1___.png\">                                                  <\/p>\n<p>                                                                                                       <img decoding=\"async\" alt=\"1\" src=\"https:\/\/images-na.ssl-images-amazon.com\/images\/G\/01\/x-locale\/common\/grey-pixel.gif\" class=\"a-lazy-loaded\" data-src=\"https:\/\/m.media-amazon.com\/images\/S\/aplus-media-library-service-media\/9242edd3-84d9-4583-ab9f-480459d111d8.__CR0,0,1464,600_PT0_SX1464_V1___.png\"><img decoding=\"async\" alt=\"1\" src=\"https:\/\/m.media-amazon.com\/images\/S\/aplus-media-library-service-media\/9242edd3-84d9-4583-ab9f-480459d111d8.__CR0,0,1464,600_PT0_SX1464_V1___.png\">                                               <\/p>\n<p>                                                                                                       <img decoding=\"async\" alt=\"Chip de CPU Intel Twin Lake-N150 en el fondo de la placa de circuito. Las caracter\u00edsticas incluyen Turbo de hasta 3,6 GHz y 6 MB de cach\u00e9 L3. El chip tiene un efecto de iluminaci\u00f3n azul\" src=\"https:\/\/images-na.ssl-images-amazon.com\/images\/G\/01\/x-locale\/common\/grey-pixel.gif\" class=\"a-lazy-loaded\" data-src=\"https:\/\/m.media-amazon.com\/images\/S\/aplus-media-library-service-media\/e25008a0-0365-4e62-8b8d-afeb94734136.__CR0,0,1464,600_PT0_SX1464_V1___.png\"><img decoding=\"async\" alt=\"Chip de CPU Intel Twin Lake-N150 en el fondo de la placa de circuito. Las caracter\u00edsticas incluyen Turbo de hasta 3,6 GHz y 6 MB de cach\u00e9 L3. El chip tiene un efecto de iluminaci\u00f3n azul\" src=\"https:\/\/m.media-amazon.com\/images\/S\/aplus-media-library-service-media\/e25008a0-0365-4e62-8b8d-afeb94734136.__CR0,0,1464,600_PT0_SX1464_V1___.png\">                                               <\/p>\n<p>                                                                                                       <img decoding=\"async\" alt=\"con pantalla de 18,5 pulgadas que muestra una imagen art\u00edstica digital vibrante en tonos azules. El dispositivo tiene un aspecto delgado y elegante, colocado entre\" src=\"https:\/\/images-na.ssl-images-amazon.com\/images\/G\/01\/x-locale\/common\/grey-pixel.gif\" class=\"a-lazy-loaded\" data-src=\"https:\/\/m.media-amazon.com\/images\/S\/aplus-media-library-service-media\/78b52765-5bbc-4fe3-808b-94346e9ad45c.__CR0,0,1464,600_PT0_SX1464_V1___.jpg\"><img decoding=\"async\" alt=\"con pantalla de 18,5 pulgadas que muestra una imagen art\u00edstica digital vibrante en tonos azules. El dispositivo tiene un aspecto delgado y elegante, colocado entre\" src=\"https:\/\/m.media-amazon.com\/images\/S\/aplus-media-library-service-media\/78b52765-5bbc-4fe3-808b-94346e9ad45c.__CR0,0,1464,600_PT0_SX1464_V1___.jpg\">                                               <\/p>\n<p>                                                                                  <img decoding=\"async\" alt=\"Dos perfiles de computadora port\u00e1til que muestran un dise\u00f1o delgado, varios puertos que incluyen USB, HDMI y conector de audio. Las pantallas muestran coloridos patrones abstractos.\" src=\"https:\/\/m.media-amazon.com\/images\/S\/aplus-media-library-service-media\/c7275a01-7663-4fdb-8943-0ebb09b91206.__CR0,0,1464,600_PT0_SX1464_V1___.jpg\">       <\/p>\n<p>                                                                                  <img decoding=\"async\" alt=\"con teclado de tama\u00f1o completo con teclado num\u00e9rico. Chasis gris oscuro con teclas negras. El texto en espa\u00f1ol resalta la integridad del dise\u00f1o del teclado\" src=\"https:\/\/m.media-amazon.com\/images\/S\/aplus-media-library-service-media\/2897cf84-1dec-4697-bdad-02e35c1aadae.__CR0,0,1464,600_PT0_SX1464_V1___.png\">       <\/p>\n<p>                                                                                  <img decoding=\"async\" alt=\"Componentes de memoria de ordenador que muestran las especificaciones DDR4 SODIMM y SSD de 512 GB con efectos de iluminaci\u00f3n LED azul\" src=\"https:\/\/m.media-amazon.com\/images\/S\/aplus-media-library-service-media\/0830ccac-7599-40a9-8055-0a22252b0710.__CR0,0,1464,600_PT0_SX1464_V1___.png\">       <\/p>\n<p>                                                                                  <img decoding=\"async\" alt=\"La bater\u00eda de alta capacidad de 8000 mAh se muestra con un texto azul brillante y la forma de la bater\u00eda iluminada, lo que enfatiza su gran\" src=\"https:\/\/m.media-amazon.com\/images\/S\/aplus-media-library-service-media\/34d44d2c-e2a2-486c-875c-566d8b799d4e.__CR0,0,1464,600_PT0_SX1464_V1___.png\">       <\/p>\n<p>                                                                                  <img decoding=\"async\" alt=\"Configuraci\u00f3n de escritorio con port\u00e1til, monitor y teclado. La luz azul emana desde abajo, lo que sugiere una conectividad inal\u00e1mbrica. El texto menciona la \u00abConexi\u00f3n de datos estable y fiable\" src=\"https:\/\/m.media-amazon.com\/images\/S\/aplus-media-library-service-media\/88f17230-e468-467c-956d-0b496f7c2aba.__CR0,0,1464,600_PT0_SX1464_V1___.png\">       <\/p>\n<p>                                                                                  <img decoding=\"async\" alt=\"Interfaz de pantalla dividida que muestra el texto \u00abDistintivo audiovisual\u00bb con la ventana de videoconferencia a la izquierda y el icono del micr\u00f3fono a la derecha sobre\" src=\"https:\/\/m.media-amazon.com\/images\/S\/aplus-media-library-service-media\/3422dfa9-aa3d-470d-bca4-e4753b1e5a83.__CR0,0,1464,600_PT0_SX1464_V1___.png\">       <\/p>\n<p>                                                                                  <img decoding=\"async\" alt=\"con la marca \u00abAltavoces est\u00e9reo\u00bb con indicadores de altavoz azules iluminados en ambos lados, que muestran\" src=\"https:\/\/m.media-amazon.com\/images\/S\/aplus-media-library-service-media\/f5e9ba18-0eaf-47e0-b524-094cac4d503d.__CR0,0,1464,600_PT0_SX1464_V1___.png\">       <\/p>\n<p>                                                                                  <img decoding=\"async\" alt=\"Conjunto interno de ventilador de refrigeraci\u00f3n de computadora que muestra una unidad de ventilador circular iluminada en azul con tubo de calor de cobre y marco de montaje negro\" src=\"https:\/\/m.media-amazon.com\/images\/S\/aplus-media-library-service-media\/9d864ac5-f46d-49e6-87fc-e77d80c80592.__CR0,0,1464,600_PT0_SX1464_V1___.png\">       <\/p>\n<p> Batteries                                            \u200f                                            :                                            \u200e                                            1 C batteries required.   <br \/> Product Dimensions                                            \u200f                                            :                                            \u200e                                            1 x 1 x 1 cm; 3.63 kg   <br \/> Manufacturer                                            \u200f                                            :                                            \u200e                                            Shenzhen CYX Industrial Co., Ltd.   <br \/> ASIN                                            \u200f                                            :                                            \u200e                                            B0DWRNP25L   <br \/> Item model number                                            \u200f                                            :                                            \u200e                                            AX18   <br \/> Country of origin                                            \u200f                                            :                                            \u200e                                            China   <br \/> Guaranteed software updates until                                            \u200f                                            :                                            \u200e                                            unknown   <br \/>  Customer reviews:                                                                                            4.3               4.3 out of 5 stars                                  (469)                                              var dpAcrHasRegisteredArcLinkClickAction;                    P.when(&#8216;A&#8217;, &#8216;ready&#8217;).execute(function(A) {                        if (dpAcrHasRegisteredArcLinkClickAction !== true) {                            dpAcrHasRegisteredArcLinkClickAction = true;                            A.declarative(                                &#8216;acrLink-click-metrics&#8217;, &#8216;click&#8217;,                                { \u00aballowLinkDefault\u00bb: true },                                function (event) {                                    if (window.ue) {                                        ue.count(\u00abacrLinkClickCount\u00bb, (ue.count(\u00abacrLinkClickCount\u00bb) || 0) + 1);                                    }                                }                            );                        }                    });                                             P.when(&#8216;A&#8217;, &#8216;cf&#8217;).execute(function(A) {                A.declarative(&#8216;acrStarsLink-click-metrics&#8217;, &#8216;click&#8217;, { \u00aballowLinkDefault\u00bb : true },  function(event){                    if(window.ue) {                        ue.count(\u00abacrStarsLinkWithPopoverClickCount\u00bb, (ue.count(\u00abacrStarsLinkWithPopoverClickCount\u00bb) || 0) + 1);                    }                });            });                          <\/p>\n<p>Laptop 16GB RAM and 512GB SSD Upgradable: The ACEMAGIC AX18 combines 16GB DDR4 and ultra-fast storage of 512GB SSD, which can be replaced by 1TB HDD or 2TB SSD laptop according to your needs. Equipped with the N150 processor (up to 3.6 GHz), it handles slower multitasking, document editing and streaming. Perfect as a laptop for students and professionals.<br \/>18.5&#8243; FHD Anti-Glare Display for Limitless Productivity: The 18.5-inch Full HD display reduces glare and eyestrain during long studio sessions or remote work. The HDMI laptop allows connection to external monitors, ideal for professional presentations or multimedia entertainment.<br \/>Ultralight Design and Smart Portability: Weighing only 2.6kg and a rugged chassis, this USB-C laptop features 3 USB3.2 ports and fast charging via USB-C laptop, optimizing mobility for business trips or daily academic commuting.<br \/>Professional Connectivity for Efficient Workflows: Includes notebook with 4K HDMI, Bluetooth 5.0, and dual-band WiFi for stable transfers and smooth video calls. USB-C laptop interface ensures compatibility with modern devices and fast charging.<br \/>ACEMAGIC 2-Year Warranty + Priority Technical Support: We back this 16GB RAM laptop with extended warranty and 24\/7 support. Its spill-resistant keyboard and durable construction make it ideal for demanding academic and professional environments.<\/p>\n\n","protected":false},"excerpt":{"rendered":"<p> Product Description Batteries \u200f : \u200e 1 C batteries required. Product Dimensions \u200f : \u200e<\/p>","protected":false},"featured_media":31487,"comment_status":"open","ping_status":"closed","template":"","meta":[],"product_brand":[],"product_cat":[85],"product_tag":[509,536,694,529,9093,292,575,573,577,539,578,561,581,560,544,562,159,582,576,691,585,574,565,580,587,513,596,696,188,579],"class_list":{"0":"post-31486","1":"product","2":"type-product","3":"status-publish","4":"has-post-thumbnail","6":"product_cat-business-laptop","7":"product_tag-16gb","8":"product_tag-512gb","9":"product_tag-8000mah","10":"product_tag-acemagic","11":"product_tag-ax18","12":"product_tag-battery","13":"product_tag-best-laptop-for-business","14":"product_tag-business-laptop","15":"product_tag-business-laptop-with-ssd","16":"product_tag-computer","17":"product_tag-corporate-laptop","18":"product_tag-display","19":"product_tag-durable-business-laptop","20":"product_tag-full","21":"product_tag-hdmi","22":"product_tag-intel","23":"product_tag-laptop","24":"product_tag-laptop-for-work","25":"product_tag-lightweight-business-laptop","26":"product_tag-n150","27":"product_tag-office","28":"product_tag-office-laptop","29":"product_tag-processor","30":"product_tag-professional-laptop","31":"product_tag-ram","32":"product_tag-ssd","33":"product_tag-students","34":"product_tag-usb3-2","35":"product_tag-usbc","36":"product_tag-windows-business-laptop","38":"first","39":"instock","40":"shipping-taxable","41":"product-type-external"},"_links":{"self":[{"href":"https:\/\/comprasyconsejos.store\/en\/wp-json\/wp\/v2\/product\/31486","targetHints":{"allow":["GET"]}}],"collection":[{"href":"https:\/\/comprasyconsejos.store\/en\/wp-json\/wp\/v2\/product"}],"about":[{"href":"https:\/\/comprasyconsejos.store\/en\/wp-json\/wp\/v2\/types\/product"}],"replies":[{"embeddable":true,"href":"https:\/\/comprasyconsejos.store\/en\/wp-json\/wp\/v2\/comments?post=31486"}],"version-history":[{"count":0,"href":"https:\/\/comprasyconsejos.store\/en\/wp-json\/wp\/v2\/product\/31486\/revisions"}],"wp:featuredmedia":[{"embeddable":true,"href":"https:\/\/comprasyconsejos.store\/en\/wp-json\/wp\/v2\/media\/31487"}],"wp:attachment":[{"href":"https:\/\/comprasyconsejos.store\/en\/wp-json\/wp\/v2\/media?parent=31486"}],"wp:term":[{"taxonomy":"product_brand","embeddable":true,"href":"https:\/\/comprasyconsejos.store\/en\/wp-json\/wp\/v2\/product_brand?post=31486"},{"taxonomy":"product_cat","embeddable":true,"href":"https:\/\/comprasyconsejos.store\/en\/wp-json\/wp\/v2\/product_cat?post=31486"},{"taxonomy":"product_tag","embeddable":true,"href":"https:\/\/comprasyconsejos.store\/en\/wp-json\/wp\/v2\/product_tag?post=31486"}],"curies":[{"name":"wp","href":"https:\/\/api.w.org\/{rel}","templated":true}]}}