{"id":31496,"date":"2026-02-22T20:55:48","date_gmt":"2026-02-22T20:55:48","guid":{"rendered":"https:\/\/comprasyconsejos.store\/product\/a1322-portable-battery-for-apple-macbook-pro-13-a1278-mid-2009-mid-2010-early-and-late-2011-mid-2012-version-10-95v-6000mah-72wh\/"},"modified":"2026-02-22T20:55:58","modified_gmt":"2026-02-22T20:55:58","slug":"a1322-portable-battery-for-apple-macbook-pro-13-a1278-mid-2009-mid-2010-early-and-late-2011-mid-2012-version-10-95v-6000mah-72wh","status":"publish","type":"product","link":"https:\/\/comprasyconsejos.store\/en\/product\/a1322-portable-battery-for-apple-macbook-pro-13-a1278-mid-2009-mid-2010-early-and-late-2011-mid-2012-version-10-95v-6000mah-72wh\/","title":{"rendered":"A1322 Portable Battery for Apple MacBook Pro 13&#8243; A1278 (Mid 2009, Mid 2010, Early and Late 2011, Mid 2012 Version) 10.95V 6000mAh \/ 72Wh"},"content":{"rendered":"<p>Price: <span style=\"color:#b12704\">\u20ac33.99<\/span><br \/><i><small>(as of Feb 22, 2026 20:55:48 UTC &#8211; <span class=\"wp_automatic_amazon_disclaimer\" title=\"Product prices and availability are accurate as of the date\/time indicated and are subject to change. Any price and availability information displayed on [relevant Amazon Site(s), as applicable] at the time of purchase will apply to the purchase of this product.\">Details<\/span>)<\/small><\/i><\/p>\n<p><a href=\"https:\/\/amazon.es\/dp\/B0DS26Q55Q?tag=man008-21\"><img decoding=\"async\" src=\"https:\/\/valvepress.s3.amazonaws.com\/imgs\/buy_now.png\"><\/a><br \/>\n<\/p>\n<p>                                             Product Description   <\/p>\n<p>                                                         <img decoding=\"async\" alt=\"que muestra \u00abBATTREVO\u00bb en letras negras y verdes sobre un fondo blanco\" src=\"https:\/\/images-na.ssl-images-amazon.com\/images\/G\/01\/x-locale\/common\/grey-pixel.gif\" class=\"a-lazy-loaded\" data-src=\"https:\/\/m.media-amazon.com\/images\/S\/aplus-media-library-service-media\/a6559e5c-8368-49e3-8d8a-a78aa0299733.__CR0,0,600,180_PT0_SX600_V1___.jpg\"><img decoding=\"async\" alt=\"que muestra \u00abBATTREVO\u00bb en letras negras y verdes sobre un fondo blanco\" src=\"https:\/\/m.media-amazon.com\/images\/S\/aplus-media-library-service-media\/a6559e5c-8368-49e3-8d8a-a78aa0299733.__CR0,0,600,180_PT0_SX600_V1___.jpg\">      <\/p>\n<p>                                                                             <img decoding=\"async\" alt=\"BATTREVO de alta calidad anunciada como segura, profesional y confiable. La imagen muestra a una persona escribiendo en un port\u00e1til con el logotipo del producto visible\" src=\"https:\/\/images-na.ssl-images-amazon.com\/images\/G\/01\/x-locale\/common\/grey-pixel.gif\" class=\"a-spacing-base a-lazy-loaded\" data-src=\"https:\/\/m.media-amazon.com\/images\/S\/aplus-media-library-service-media\/d334f8cc-51a2-4551-b047-cf9cbc715475.__CR0,0,970,600_PT0_SX970_V1___.jpg\"><img decoding=\"async\" alt=\"BATTREVO de alta calidad anunciada como segura, profesional y confiable. La imagen muestra a una persona escribiendo en un port\u00e1til con el logotipo del producto visible\" src=\"https:\/\/m.media-amazon.com\/images\/S\/aplus-media-library-service-media\/d334f8cc-51a2-4551-b047-cf9cbc715475.__CR0,0,970,600_PT0_SX970_V1___.jpg\">                                                                    <\/p>\n<p>                                                      <img decoding=\"async\" alt=\"Bater\u00eda rectangular negra para port\u00e1til con etiqueta de advertencia y conector. Debajo de la bater\u00eda se muestran dos destornilladores, rojos y amarillos\" src=\"https:\/\/images-na.ssl-images-amazon.com\/images\/G\/01\/x-locale\/common\/grey-pixel.gif\" class=\"a-spacing-mini a-lazy-loaded\" data-src=\"https:\/\/m.media-amazon.com\/images\/S\/aplus-media-library-service-media\/c493b5ae-f7e5-49f8-ba93-9e75689e8991.__CR0,0,1600,1600_PT0_SX300_V1___.jpg\"><img decoding=\"async\" alt=\"Bater\u00eda rectangular negra para port\u00e1til con etiqueta de advertencia y conector. Debajo de la bater\u00eda se muestran dos destornilladores, rojos y amarillos\" src=\"https:\/\/m.media-amazon.com\/images\/S\/aplus-media-library-service-media\/c493b5ae-f7e5-49f8-ba93-9e75689e8991.__CR0,0,1600,1600_PT0_SX300_V1___.jpg\">  <\/p>\n<h3 class=\"a-spacing-mini\"> A1322 &#8211; Bater\u00eda para port\u00e1til MacBook Air <\/h3>\n<p class=\"a-spacing-base\"> Modelo: A1322\/A1278Kapazit\u00e4t : 6000 mAh\/72 WhVoltaje: 10,95 V. Celdas: 6 celdas <\/p>\n<p>                                           N\u00famero de pieza compatible                                     <\/p>\n<p class=\"a-spacing-base\"> A1322 &#8211; Bater\u00eda para MacBook Pro de 13 pulgadas A1278 Mid 2012, Late 2011, Early 2011, Mid2010, Mid 2009 Version <\/p>\n<p>                                                         Especificaciones del embalaje del producto                                         Marca: Battrevo       Tipo de bater\u00eda: Bater\u00eda de ion de litio       Condici\u00f3n: 100% nuevo del fabricante       Contenido del paquete: 1 x bater\u00eda       <\/p>\n<p>                                                  <img decoding=\"async\" alt=\"Dos vistas de la bater\u00eda negra de un port\u00e1til. La vista superior muestra el texto de advertencia y los conectores. La vista inferior muestra la forma y las secciones de la bater\u00eda, con conectores visibles en un extremo.\" src=\"https:\/\/images-na.ssl-images-amazon.com\/images\/G\/01\/x-locale\/common\/grey-pixel.gif\" class=\"a-spacing-mini a-lazy-loaded\" data-src=\"https:\/\/m.media-amazon.com\/images\/S\/aplus-media-library-service-media\/b963f249-1684-4768-8754-2f145d94ca14.__CR0,0,1600,1600_PT0_SX300_V1___.jpg\"><img decoding=\"async\" alt=\"Dos vistas de la bater\u00eda negra de un port\u00e1til. La vista superior muestra el texto de advertencia y los conectores. La vista inferior muestra la forma y las secciones de la bater\u00eda, con conectores visibles en un extremo.\" src=\"https:\/\/m.media-amazon.com\/images\/S\/aplus-media-library-service-media\/b963f249-1684-4768-8754-2f145d94ca14.__CR0,0,1600,1600_PT0_SX300_V1___.jpg\">  <\/p>\n<h3 class=\"a-spacing-mini\"> Compatible con port\u00e1tiles <\/h3>\n<p> Modelo adecuado: MacBook Pro (13 pulgadas, a\u00f1o de fabricaci\u00f3n 2009, A1278). Modelo de identificaci\u00f3n: MacBook Pro 5.5 MacBook Pro (13 pulgadas, a partir de 2010, A1278). Modelo de identificaci\u00f3n: MacBook Pro 7.1 MacBook Pro (13 pulgadas, a partir de 2011, A1278) ID. Modelo: MacBook 8.1 MacBook Pro (13 pulgadas, a partir de 2011, A1278). Modelo de identificaci\u00f3n: MacBook Pro 8.1 <\/p>\n<p class=\"apm-text-center\">\n                                                      <img decoding=\"async\" alt=\"Moderna computadora port\u00e1til blanca sobre un escritorio limpio con plantas de interior en el fondo, que muestra una brillante configuraci\u00f3n del espacio de trabajo.\" src=\"https:\/\/images-na.ssl-images-amazon.com\/images\/G\/01\/x-locale\/common\/grey-pixel.gif\" class=\"a-spacing-mini a-lazy-loaded\" data-src=\"https:\/\/m.media-amazon.com\/images\/S\/aplus-media-library-service-media\/bd062919-1e42-4bda-ba9a-b17d49edaf5e.__CR0,0,300,300_PT0_SX300_V1___.jpg\"><img decoding=\"async\" alt=\"Moderna computadora port\u00e1til blanca sobre un escritorio limpio con plantas de interior en el fondo, que muestra una brillante configuraci\u00f3n del espacio de trabajo.\" src=\"https:\/\/m.media-amazon.com\/images\/S\/aplus-media-library-service-media\/bd062919-1e42-4bda-ba9a-b17d49edaf5e.__CR0,0,300,300_PT0_SX300_V1___.jpg\">  <\/p>\n<p>                                                    Chip de control inteligente                                       <\/p>\n<p> Protecci\u00f3n contra sobrecargas, cortocircuitos, sobretensiones, protecci\u00f3n contra temperaturas anormales, sobrecorriente, protecci\u00f3n contra sobrecalentamiento <\/p>\n<p class=\"apm-text-center\">\n                                                      <img decoding=\"async\" alt=\"Hombre en su\u00e9ter gris que usa una computadora port\u00e1til en el escritorio con material de oficina. Entorno de oficina en casa con estanter\u00eda en segundo plano\" src=\"https:\/\/images-na.ssl-images-amazon.com\/images\/G\/01\/x-locale\/common\/grey-pixel.gif\" class=\"a-spacing-mini a-lazy-loaded\" data-src=\"https:\/\/m.media-amazon.com\/images\/S\/aplus-media-library-service-media\/4d2bd74f-f61d-4f65-ad2b-93ecaa729544.__CR0,0,300,300_PT0_SX300_V1___.jpg\"><img decoding=\"async\" alt=\"Hombre en su\u00e9ter gris que usa una computadora port\u00e1til en el escritorio con material de oficina. Entorno de oficina en casa con estanter\u00eda en segundo plano\" src=\"https:\/\/m.media-amazon.com\/images\/S\/aplus-media-library-service-media\/4d2bd74f-f61d-4f65-ad2b-93ecaa729544.__CR0,0,300,300_PT0_SX300_V1___.jpg\">  <\/p>\n<p>                                                    Mantenimiento y almacenamiento de bater\u00edas                                       <\/p>\n<p> La bater\u00eda debe estar completamente cargada por primera vez (normalmente m\u00e1s de 12 horas) y descargarse 2-3 veces, para que la nueva bater\u00eda est\u00e9 completamente despierta. Retire la bater\u00eda si utiliza una fuente de alimentaci\u00f3n externa durante mucho tiempo. Carga y descarga regulares. Evita la humedad. Evita la exposici\u00f3n al sol. Evita la erosi\u00f3n qu\u00edmica del l\u00edquido. Evita las ca\u00eddas de agua <\/p>\n<p class=\"apm-text-center\">\n                                                      <img decoding=\"async\" alt=\"Mujer sonriendo en la computadora port\u00e1til en el escritorio. Taza de caf\u00e9 cerca. Ambiente interior informal con iluminaci\u00f3n natural.\" src=\"https:\/\/images-na.ssl-images-amazon.com\/images\/G\/01\/x-locale\/common\/grey-pixel.gif\" class=\"a-spacing-mini a-lazy-loaded\" data-src=\"https:\/\/m.media-amazon.com\/images\/S\/aplus-media-library-service-media\/1a07f2c9-4c5f-4ce2-9991-c7e75487dcec.__CR0,0,300,300_PT0_SX300_V1___.jpg\"><img decoding=\"async\" alt=\"Mujer sonriendo en la computadora port\u00e1til en el escritorio. Taza de caf\u00e9 cerca. Ambiente interior informal con iluminaci\u00f3n natural.\" src=\"https:\/\/m.media-amazon.com\/images\/S\/aplus-media-library-service-media\/1a07f2c9-4c5f-4ce2-9991-c7e75487dcec.__CR0,0,300,300_PT0_SX300_V1___.jpg\">  <\/p>\n<p>                                                    Sobre la bater\u00eda BATTREVO                                       <\/p>\n<p> Las computadoras port\u00e1tiles se han convertido en una parte importante de nuestro trabajo, estudio y entretenimiento. Nuestros paquetes de bater\u00edas est\u00e1n hechos de celdas de clase \u00abA +\u00bb con materiales de bater\u00eda de iones de alta calidad. Queremos proporcionarle una bater\u00eda que no solo sea duradera, sino tambi\u00e9n segura de usar. Por lo tanto, nuestras bater\u00edas para port\u00e1tiles utilizan todas las celdas de iones de litio <\/p>\n<p> Batteries                                            \u200f                                            :                                            \u200e                                            1 AAAA batteries required. (included)   <br \/> Package Dimensions                                            \u200f                                            :                                            \u200e                                            26.7 x 12.9 x 2.4 cm; 410 g   <br \/> Manufacturer                                            \u200f                                            :                                            \u200e                                            Guangdong Greenway Technology Co.,Ltd   <br \/> ASIN                                            \u200f                                            :                                            \u200e                                            B0DS26Q55Q   <br \/> Item model number                                            \u200f                                            :                                            \u200e                                            A1322,A1278   <br \/> Country\/Region of Origin                                            \u200f                                            :                                            \u200e                                            China   <br \/> Guaranteed software updates until                                            \u200f                                            :                                            \u200e                                            unknown   <br \/>  Customer reviews:                                                                                            3.9               3.9 out of 5 stars                                  (18)                                              var dpAcrHasRegisteredArcLinkClickAction;                    P.when(&#8216;A&#8217;, &#8216;ready&#8217;).execute(function(A) {                        if (dpAcrHasRegisteredArcLinkClickAction !== true) {                            dpAcrHasRegisteredArcLinkClickAction = true;                            A.declarative(                                &#8216;acrLink-click-metrics&#8217;, &#8216;click&#8217;,                                { \u00aballowLinkDefault\u00bb: true },                                function (event) {                                    if (window.ue) {                                        ue.count(\u00abacrLinkClickCount\u00bb, (ue.count(\u00abacrLinkClickCount\u00bb) || 0) + 1);                                    }                                }                            );                        }                    });                                             P.when(&#8216;A&#8217;, &#8216;cf&#8217;).execute(function(A) {                A.declarative(&#8216;acrStarsLink-click-metrics&#8217;, &#8216;click&#8217;, { \u00aballowLinkDefault\u00bb : true },  function(event){                    if(window.ue) {                        ue.count(\u00abacrStarsLinkWithPopoverClickCount\u00bb, (ue.count(\u00abacrStarsLinkWithPopoverClickCount\u00bb) || 0) + 1);                    }                });            });                          <\/p>\n<p>\u3010Battery Specifications\u3011Model: A1322; Type: Rechargeable Lithium Polymer; Voltage: 10.95V; Capacity: 6000mAh\/72Wh; Number of Cells: 6 Cells; Battery Life: Within the life of the battery, it can reach 1000 charging cycles.<br \/>\u3010Compatible part number\u3011A1322 Battery for MacBook Pro Battery 13 inch A1278 Mid 2012, Late 2011, Early 2011, Mid2010, Mid 2009 Version<br \/>\u3010Compatible Laptop Models\u3011:Applicable model:MacBook Pro (13&#8243;, year of manufacture 2009, A1278) Model ID: MacBook Pro 5.5 MacBook Pro (13&#8243;, year of manufacture 2010, A1278) Model ID: MacBook Pro 7.1 MacBook Pro (13&#8243;, Start 2011, A1278) Model ID: MacBook Pro 8.1 MacBook Pro (13&#8243;, End 2011, A1278) Model ID: MacBook Pro 8.1 MacBook Pro (13&#8243;, Met\u00e0 2012, A1278) Model ID: MacBook Pro 9.2<br \/>\u3010100% High Quality and Safety\u3011 All of our BATTREVO laptop batteries are 100% brand new.Grade A batteries: High quality batteries, each battery is CE, FCC UKCA and RoHS certified. Each battery has the following protection measures: electromagnetic, over-current, anti-static, over-charging and over-discharging protection. Ensure the stability and security of your laptop.<br \/>\u3010Parfait apr\u00e8s-vente\u3011: Each battery has been tested with the corresponding laptop. We will try our best to provide you with a shopping experience that satisfies you.<\/p>\n\n","protected":false},"excerpt":{"rendered":"<p> Product Description A1322 &#8211; Bater\u00eda para port\u00e1til MacBook Air Modelo: A1322\/A1278Kapazit\u00e4t : 6000 mAh\/72 WhVoltaje:<\/p>","protected":false},"featured_media":31497,"comment_status":"open","ping_status":"closed","template":"","meta":[],"product_brand":[],"product_cat":[84],"product_tag":[9096,660,9097,9095,9094,175,496,498,497,292,4220,1782,160,502,503,504,499,500,501,505,3531,290,163,724],"class_list":{"0":"post-31496","1":"product","2":"type-product","3":"status-publish","4":"has-post-thumbnail","6":"product_cat-apple-macbook","7":"product_tag-10-95v","8":"product_tag-6000mah","9":"product_tag-72wh","10":"product_tag-a1278","11":"product_tag-a1322","12":"product_tag-apple","13":"product_tag-apple-macbook","14":"product_tag-apple-macbook-air","15":"product_tag-apple-macbook-pro","16":"product_tag-battery","17":"product_tag-early","18":"product_tag-late","19":"product_tag-macbook","20":"product_tag-macbook-13-inch","21":"product_tag-macbook-15-inch","22":"product_tag-macbook-16-inch","23":"product_tag-macbook-m1","24":"product_tag-macbook-m2","25":"product_tag-macbook-m3","26":"product_tag-macbook-price","27":"product_tag-mid","28":"product_tag-portable","29":"product_tag-pro","30":"product_tag-version","32":"first","33":"instock","34":"shipping-taxable","35":"product-type-external"},"_links":{"self":[{"href":"https:\/\/comprasyconsejos.store\/en\/wp-json\/wp\/v2\/product\/31496","targetHints":{"allow":["GET"]}}],"collection":[{"href":"https:\/\/comprasyconsejos.store\/en\/wp-json\/wp\/v2\/product"}],"about":[{"href":"https:\/\/comprasyconsejos.store\/en\/wp-json\/wp\/v2\/types\/product"}],"replies":[{"embeddable":true,"href":"https:\/\/comprasyconsejos.store\/en\/wp-json\/wp\/v2\/comments?post=31496"}],"version-history":[{"count":0,"href":"https:\/\/comprasyconsejos.store\/en\/wp-json\/wp\/v2\/product\/31496\/revisions"}],"wp:featuredmedia":[{"embeddable":true,"href":"https:\/\/comprasyconsejos.store\/en\/wp-json\/wp\/v2\/media\/31497"}],"wp:attachment":[{"href":"https:\/\/comprasyconsejos.store\/en\/wp-json\/wp\/v2\/media?parent=31496"}],"wp:term":[{"taxonomy":"product_brand","embeddable":true,"href":"https:\/\/comprasyconsejos.store\/en\/wp-json\/wp\/v2\/product_brand?post=31496"},{"taxonomy":"product_cat","embeddable":true,"href":"https:\/\/comprasyconsejos.store\/en\/wp-json\/wp\/v2\/product_cat?post=31496"},{"taxonomy":"product_tag","embeddable":true,"href":"https:\/\/comprasyconsejos.store\/en\/wp-json\/wp\/v2\/product_tag?post=31496"}],"curies":[{"name":"wp","href":"https:\/\/api.w.org\/{rel}","templated":true}]}}