{"id":31507,"date":"2026-02-22T21:04:33","date_gmt":"2026-02-22T21:04:33","guid":{"rendered":"https:\/\/comprasyconsejos.store\/product\/apple-iphone-12-wireless-magsafe-charger\/"},"modified":"2026-02-22T21:04:34","modified_gmt":"2026-02-22T21:04:34","slug":"apple-iphone-12-wireless-magsafe-charger","status":"publish","type":"product","link":"https:\/\/comprasyconsejos.store\/en\/product\/apple-iphone-12-wireless-magsafe-charger\/","title":{"rendered":"Apple iPhone 12 Wireless MagSafe Charger"},"content":{"rendered":"<p>Price: <span style=\"color:#b12704\"><del>\u20ac34.99<\/del> - \u20ac31.99<\/span><br \/><i><small>(as of Feb 22, 2026 21:04:33 UTC &#8211; <span class=\"wp_automatic_amazon_disclaimer\" title=\"Product prices and availability are accurate as of the date\/time indicated and are subject to change. Any price and availability information displayed on [relevant Amazon Site(s), as applicable] at the time of purchase will apply to the purchase of this product.\">Details<\/span>)<\/small><\/i><\/p>\n<p><a href=\"https:\/\/amazon.es\/dp\/B08L5R6ZHP?tag=man008-21\"><img decoding=\"async\" src=\"https:\/\/valvepress.s3.amazonaws.com\/imgs\/buy_now.png\"><\/a><br \/>\n<br \/>\n<br \/>Connect MagSafe transporter sense fil \u00e9s facil\u00edssim. It incorporates perfectly aligned magnets that allow you to attach it to the iPhone 14, iPhone 14 Pro, iPhone 13, iPhone 13 Pro, iPhone 12 i iPhone 12 Pro a l&#8217;instant i carregar-lo sense fil a tota velocitat i a maximum of 15 W.<br \/>The MagSafe charger supports Qi technology, so you can use it to wirelessly charge your iPhone 8 or later and AirPods models with wireless charging case, just like you would any other Qi-certified charger.<br \/>L&#8217;alineaci\u00f3 magn\u00e8tica nom\u00e9s works with iPhone 14, iPhone 14 Pro, iPhone 13, l&#8217;iPhone 13 Pro, l&#8217;iPhone 12 i l&#8217;iPhone 12 Pro.<br \/>Recommendations: 20W USB-C Power Adapter (sold separately)<br \/>What&#8217;s in the Box: MagSafe Charger, Built-in USB-C Cable (1m)<br \/>iPhone compatibility: iPhone 14, iPhone 14 Plus, iPhone 14 Pro, iPhone 14 Pro Max, iPhone 13 mini, iPhone 13, iPhone 13 Pro, iPhone 13 Pro Max, iPhone SE (3rd generation), iPhone 12 mini, iPhone 12, iPhone 12 Pro, iPhone 12 Pro Max, iPhone 11, iPhone 11 Pro, iPhone 11 Pro Max, iPhone SE (2nd gen ation), iPhone XS, iPhone XS Max, iPhone XR, iPhone X, iPhone 8, iPhone 8 Plus<br \/>AirPods Compatibility: AirPods Pro (1st &#038; 2nd Gen), AirPods (3rd Gen), AirPods with Wireless Charging Case (2nd Gen), Wireless Charging Case for AirPods<\/p>\n\n","protected":false},"excerpt":{"rendered":"<p> Connect MagSafe transporter sense fil \u00e9s facil\u00edssim. It incorporates perfectly aligned magnets that allow you<\/p>","protected":false},"featured_media":31508,"comment_status":"open","ping_status":"closed","template":"","meta":[],"product_brand":[],"product_cat":[104],"product_tag":[175,152,147,3004,3003,3015,3008,3007,3010,3011,3000,3001,3013,3016,3014,3005,3002,3009,3017,3006,234,3012,226],"class_list":{"0":"post-31507","1":"product","2":"type-product","3":"status-publish","4":"has-post-thumbnail","6":"product_cat-apple-iphone","7":"product_tag-apple","8":"product_tag-charger","9":"product_tag-iphone","10":"product_tag-iphone-13-accessories","11":"product_tag-iphone-14-case","12":"product_tag-iphone-adapter","13":"product_tag-iphone-battery-pack","14":"product_tag-iphone-cable","15":"product_tag-iphone-camera-lens","16":"product_tag-iphone-car-mount","17":"product_tag-iphone-case","18":"product_tag-iphone-charger","19":"product_tag-iphone-earbuds","20":"product_tag-iphone-gaming-controller","21":"product_tag-iphone-magsafe","22":"product_tag-iphone-pro-max-case","23":"product_tag-iphone-screen-protector","24":"product_tag-iphone-tempered-glass","25":"product_tag-iphone-tripod","26":"product_tag-iphone-wireless-charger","27":"product_tag-magsafe","28":"product_tag-refurbished-iphone","29":"product_tag-wireless","31":"first","32":"instock","33":"sale","34":"shipping-taxable","35":"product-type-external"},"_links":{"self":[{"href":"https:\/\/comprasyconsejos.store\/en\/wp-json\/wp\/v2\/product\/31507","targetHints":{"allow":["GET"]}}],"collection":[{"href":"https:\/\/comprasyconsejos.store\/en\/wp-json\/wp\/v2\/product"}],"about":[{"href":"https:\/\/comprasyconsejos.store\/en\/wp-json\/wp\/v2\/types\/product"}],"replies":[{"embeddable":true,"href":"https:\/\/comprasyconsejos.store\/en\/wp-json\/wp\/v2\/comments?post=31507"}],"version-history":[{"count":0,"href":"https:\/\/comprasyconsejos.store\/en\/wp-json\/wp\/v2\/product\/31507\/revisions"}],"wp:featuredmedia":[{"embeddable":true,"href":"https:\/\/comprasyconsejos.store\/en\/wp-json\/wp\/v2\/media\/31508"}],"wp:attachment":[{"href":"https:\/\/comprasyconsejos.store\/en\/wp-json\/wp\/v2\/media?parent=31507"}],"wp:term":[{"taxonomy":"product_brand","embeddable":true,"href":"https:\/\/comprasyconsejos.store\/en\/wp-json\/wp\/v2\/product_brand?post=31507"},{"taxonomy":"product_cat","embeddable":true,"href":"https:\/\/comprasyconsejos.store\/en\/wp-json\/wp\/v2\/product_cat?post=31507"},{"taxonomy":"product_tag","embeddable":true,"href":"https:\/\/comprasyconsejos.store\/en\/wp-json\/wp\/v2\/product_tag?post=31507"}],"curies":[{"name":"wp","href":"https:\/\/api.w.org\/{rel}","templated":true}]}}