{"id":31519,"date":"2026-02-22T21:21:40","date_gmt":"2026-02-22T21:21:40","guid":{"rendered":"https:\/\/comprasyconsejos.store\/product\/deerc-d70-mini-drone-with-720p-hd-camera-for-kids-adults-foldable-fpv-rc-quadcopter-for-boys-girls-with-headless-mode-tap-fly-360-flips-voice-gesture-control-2-batteries\/"},"modified":"2026-02-22T21:21:51","modified_gmt":"2026-02-22T21:21:51","slug":"deerc-d70-mini-drone-with-720p-hd-camera-for-kids-adults-foldable-fpv-rc-quadcopter-for-boys-girls-with-headless-mode-tap-fly-360-flips-voice-gesture-control-2-batteries","status":"publish","type":"product","link":"https:\/\/comprasyconsejos.store\/en\/product\/deerc-d70-mini-drone-with-720p-hd-camera-for-kids-adults-foldable-fpv-rc-quadcopter-for-boys-girls-with-headless-mode-tap-fly-360-flips-voice-gesture-control-2-batteries\/","title":{"rendered":"DEERC D70 Mini Drone with 720P HD Camera for Kids Adults, Foldable FPV RC Quadcopter for Boys Girls with Headless Mode, Tap Fly, 360\u00b0 Flips, Voice &#038; Gesture Control, 2 Batteries"},"content":{"rendered":"<p>Price: <span style=\"color:#b12704\"><del>\u20ac59.99<\/del> - \u20ac54.14<\/span><br \/><i><small>(as of Feb 22, 2026 21:21:40 UTC &#8211; <span class=\"wp_automatic_amazon_disclaimer\" title=\"Product prices and availability are accurate as of the date\/time indicated and are subject to change. Any price and availability information displayed on [relevant Amazon Site(s), as applicable] at the time of purchase will apply to the purchase of this product.\">Details<\/span>)<\/small><\/i><\/p>\n<p><a href=\"https:\/\/amazon.es\/dp\/B0CCKZYLJS?tag=man008-21\"><img decoding=\"async\" src=\"https:\/\/valvepress.s3.amazonaws.com\/imgs\/buy_now.png\"><\/a><br \/>\n<\/p>\n<p>                                             Product Description   <\/p>\n<p>The video showcases the product in use.The video guides you through product setup.The video compares multiple products.The video shows the product being unpacked. Deerc D70 DRONE Merchant video<\/p>\n<p>                                                                     DEERC D70 | Mini Dron, Grandes Posibilidades                                            <img decoding=\"async\" alt=\"1\" src=\"https:\/\/images-na.ssl-images-amazon.com\/images\/G\/01\/x-locale\/common\/grey-pixel.gif\" class=\"a-lazy-loaded\" data-src=\"https:\/\/m.media-amazon.com\/images\/S\/aplus-media-library-service-media\/7fc547ca-38b3-46e4-b365-d611029aabdd.__CR0,0,1464,600_PT0_SX1464_V1___.jpg\"><img decoding=\"async\" alt=\"1\" src=\"https:\/\/m.media-amazon.com\/images\/S\/aplus-media-library-service-media\/7fc547ca-38b3-46e4-b365-d611029aabdd.__CR0,0,1464,600_PT0_SX1464_V1___.jpg\">                                               <\/p>\n<p>                                                                                                       <img decoding=\"async\" alt=\"2\" src=\"https:\/\/images-na.ssl-images-amazon.com\/images\/G\/01\/x-locale\/common\/grey-pixel.gif\" class=\"a-lazy-loaded\" data-src=\"https:\/\/m.media-amazon.com\/images\/S\/aplus-media-library-service-media\/941b97ce-2021-429b-9e5b-d055f6aa4bf1.__CR0,0,1464,600_PT0_SX1464_V1___.jpg\"><img decoding=\"async\" alt=\"2\" src=\"https:\/\/m.media-amazon.com\/images\/S\/aplus-media-library-service-media\/941b97ce-2021-429b-9e5b-d055f6aa4bf1.__CR0,0,1464,600_PT0_SX1464_V1___.jpg\">                                               <\/p>\n<p>                                                                                                                    <img decoding=\"async\" alt=\"1\" src=\"https:\/\/m.media-amazon.com\/images\/S\/aplus-media-library-service-media\/58908b3d-bea5-4b6e-9c7c-7fd5a42baa68.__CR0,0,1464,600_PT0_SX1464_V1___.jpg\">                                                    <img decoding=\"async\" alt=\"2\" src=\"https:\/\/m.media-amazon.com\/images\/S\/aplus-media-library-service-media\/81090fdb-cd2a-4d7b-a4e1-6012d1331287.__CR0,0,1464,600_PT0_SX1464_V1___.jpg\">                                                    <img decoding=\"async\" alt=\"3\" src=\"https:\/\/m.media-amazon.com\/images\/S\/aplus-media-library-service-media\/5189d427-5d47-423a-96ca-d60b12491578.__CR0,0,1464,600_PT0_SX1464_V1___.jpg\">                                                    <img decoding=\"async\" alt=\"4\" src=\"https:\/\/m.media-amazon.com\/images\/S\/aplus-media-library-service-media\/3a240428-9fe8-476b-95c8-efab006583ab.__CR0,0,1464,600_PT0_SX1464_V1___.jpg\">                                                    <img decoding=\"async\" alt=\"5\" src=\"https:\/\/m.media-amazon.com\/images\/S\/aplus-media-library-service-media\/5bf914aa-78bd-4734-9db2-5d8c84781322.__CR0,0,1464,600_PT0_SX1464_V1___.jpg\"><br \/>\n                            1 F\u00e1cil de Usar <\/p>\n<p>                            2 Control por Voz <\/p>\n<p>                            3 Vueltas de 360\u00b0 <\/p>\n<p>                            4 3 Modos de Velocidad <\/p>\n<p>                            5 Mejor Drone <\/p>\n<p>                                                                                                       <img decoding=\"async\" alt=\"1\" src=\"https:\/\/images-na.ssl-images-amazon.com\/images\/G\/01\/x-locale\/common\/grey-pixel.gif\" class=\"a-lazy-loaded\" data-src=\"https:\/\/m.media-amazon.com\/images\/S\/aplus-media-library-service-media\/f7d9f95f-490e-49af-8094-b2a7e206317d.__CR0,0,1464,600_PT0_SX1464_V1___.jpg\"><img decoding=\"async\" alt=\"1\" src=\"https:\/\/m.media-amazon.com\/images\/S\/aplus-media-library-service-media\/f7d9f95f-490e-49af-8094-b2a7e206317d.__CR0,0,1464,600_PT0_SX1464_V1___.jpg\">                                               <\/p>\n<p>                                                                                                                                                                                                                          Peso:                                    94g                                        Dimensi\u00f3n:                                    23.6\u00d720.0\u00d74.8cm\uff08Sin plegar\uff09                                        Tiempo de vuelo:                                    Unos 11 minutos \/por bater\u00eda                                        Tiempo de carga:                                    Unos 70 minutos                                        Resoluci\u00f3n fotogr\u00e1fica:                                    1280*720P                                            Resoluci\u00f3n de v\u00eddeo:                                    1280*720P@20fps                  <\/p>\n<p>                                                                                                       <img decoding=\"async\" alt=\"1\" src=\"https:\/\/images-na.ssl-images-amazon.com\/images\/G\/01\/x-locale\/common\/grey-pixel.gif\" class=\"a-lazy-loaded\" data-src=\"https:\/\/m.media-amazon.com\/images\/S\/aplus-media-library-service-media\/657fc579-5f4b-4f5b-85c1-9433d090460f.__CR0,0,1464,600_PT0_SX1464_V1___.jpg\"><img decoding=\"async\" alt=\"1\" src=\"https:\/\/m.media-amazon.com\/images\/S\/aplus-media-library-service-media\/657fc579-5f4b-4f5b-85c1-9433d090460f.__CR0,0,1464,600_PT0_SX1464_V1___.jpg\">                                               <\/p>\n<p> Batteries                                            \u200f                                            :                                            \u200e                                            2 D batteries required. (included)   <br \/> Product Dimensions                                            \u200f                                            :                                            \u200e                                            21 x 8 x 15 cm; 94 g   <br \/> Date First Available                                            \u200f                                            :                                            \u200e                                            22 July 2023   <br \/> Manufacturer                                            \u200f                                            :                                            \u200e                                            DEERC   <br \/> ASIN                                            \u200f                                            :                                            \u200e                                            B0CCKZYLJS   <br \/> Manufacturer reference                                            \u200f                                            :                                            \u200e                                            D75   <br \/> Country of origin                                            \u200f                                            :                                            \u200e                                            China   <br \/>       Best Sellers Rank:  56,728 in Toys &#038; Games (See Top 100 in Toys &#038; Games)    295 in Remote &#038; App-Controlled Drones      <br \/>  Customer reviews:                                                                                            4.0               4.0 out of 5 stars                                  (233)                                              var dpAcrHasRegisteredArcLinkClickAction;                    P.when(&#8216;A&#8217;, &#8216;ready&#8217;).execute(function(A) {                        if (dpAcrHasRegisteredArcLinkClickAction !== true) {                            dpAcrHasRegisteredArcLinkClickAction = true;                            A.declarative(                                &#8216;acrLink-click-metrics&#8217;, &#8216;click&#8217;,                                { \u00aballowLinkDefault\u00bb: true },                                function (event) {                                    if (window.ue) {                                        ue.count(\u00abacrLinkClickCount\u00bb, (ue.count(\u00abacrLinkClickCount\u00bb) || 0) + 1);                                    }                                }                            );                        }                    });                                             P.when(&#8216;A&#8217;, &#8216;cf&#8217;).execute(function(A) {                A.declarative(&#8216;acrStarsLink-click-metrics&#8217;, &#8216;click&#8217;, { \u00aballowLinkDefault\u00bb : true },  function(event){                    if(window.ue) {                        ue.count(\u00abacrStarsLinkWithPopoverClickCount\u00bb, (ue.count(\u00abacrStarsLinkWithPopoverClickCount\u00bb) || 0) + 1);                    }                });            });                          <\/p>\n<p>ENJOY STABLE, CLEARER VIEWS &#8211; With a built-in 720P high-clearance lens and real-time FPV transmission, the D70 drone provides farther view from up to 60 meters away. Capture stunning HD footage and share them on social media with one click.<br \/>EASY TO USE FOR ALL EXPERIENCE LEVELS &#8211; The D70 drone comes with one-key start\/landing functions, altitude hold, headless mode and 3 speed settings, making it easy to fly for kids and beginners. Even experienced pilots will appreciate its intuitive controls.<br \/>Advanced features for creative flight: The D70 drone incorporates Tap Fly technology, which allows you to draw a flight course on your smartphone and watch the drone fly accordingly. With gesture control, you can take photos and videos by showing your palm or V sign to the front camera. Unleash your creativity and capture stunning aerial footage with ease.<br \/>TRAVEL FRIENDLY DESIGN &#8211; The D70 drone can be folded into a compact and portable shape, making it easy to carry everywhere. With 2 modular batteries, you can enjoy up to 22 minutes of flight. In addition, the 4 propeller guards fully protect the propellers and improve flight safety.<br \/>\u3010Intelligent Control Ways for More Fun\u3011The D70 drone can be controlled by voice and gravity, adding a new level of fun to your flying experience. Say commands like \u00abtakeoff\u00bb and \u00ablanding\u00bb, or shake your smartphone to control the direction of flight of the drone. Enjoy a truly immersive flight experience with the D70 drone.<br \/>CUSTOMER SERVICE &#8211; 30 days warranty for the whole unit for quality-related issues. You can find our contact information in the Instruction Manual.<\/p>\n\n","protected":false},"excerpt":{"rendered":"<p> Product Description The video showcases the product in use.The video guides you through product setup.The<\/p>","protected":false},"featured_media":31520,"comment_status":"open","ping_status":"closed","template":"","meta":[],"product_brand":[],"product_cat":[98],"product_tag":[687,935,1254,2845,2947,681,1124,9100,3696,2854,2852,2855,2853,2842,2844,2848,2846,2850,2838,2849,9102,3824,239,2839,3065,2840,3069,2948,2843,9101,1169,215,2851,738,2841,2847,948,1760],"class_list":{"0":"post-31519","1":"product","2":"type-product","3":"status-publish","4":"has-post-thumbnail","6":"product_cat-drones","7":"product_tag-720p","8":"product_tag-adults","9":"product_tag-batteries","10":"product_tag-beginner-drone","11":"product_tag-boys","12":"product_tag-camera","13":"product_tag-control","14":"product_tag-d70","15":"product_tag-deerc","16":"product_tag-dji-drone","17":"product_tag-dji-mavic","18":"product_tag-dji-mini-2","19":"product_tag-drone","20":"product_tag-drone-accessories","21":"product_tag-drone-battery","22":"product_tag-drone-gimbal","23":"product_tag-drone-propellers","24":"product_tag-drone-spare-parts","25":"product_tag-drone-with-camera","26":"product_tag-drones-under-200","27":"product_tag-flips","28":"product_tag-fly","29":"product_tag-foldable","30":"product_tag-foldable-drone","31":"product_tag-fpv","32":"product_tag-fpv-drone","33":"product_tag-gesture","34":"product_tag-girls","35":"product_tag-hd-drone","36":"product_tag-headless","37":"product_tag-kids","38":"product_tag-mini","39":"product_tag-mini-drone","40":"product_tag-mode","41":"product_tag-quadcopter","42":"product_tag-remote-control-drone","43":"product_tag-tap","44":"product_tag-voice","46":"first","47":"instock","48":"sale","49":"shipping-taxable","50":"product-type-external"},"_links":{"self":[{"href":"https:\/\/comprasyconsejos.store\/en\/wp-json\/wp\/v2\/product\/31519","targetHints":{"allow":["GET"]}}],"collection":[{"href":"https:\/\/comprasyconsejos.store\/en\/wp-json\/wp\/v2\/product"}],"about":[{"href":"https:\/\/comprasyconsejos.store\/en\/wp-json\/wp\/v2\/types\/product"}],"replies":[{"embeddable":true,"href":"https:\/\/comprasyconsejos.store\/en\/wp-json\/wp\/v2\/comments?post=31519"}],"version-history":[{"count":0,"href":"https:\/\/comprasyconsejos.store\/en\/wp-json\/wp\/v2\/product\/31519\/revisions"}],"wp:featuredmedia":[{"embeddable":true,"href":"https:\/\/comprasyconsejos.store\/en\/wp-json\/wp\/v2\/media\/31520"}],"wp:attachment":[{"href":"https:\/\/comprasyconsejos.store\/en\/wp-json\/wp\/v2\/media?parent=31519"}],"wp:term":[{"taxonomy":"product_brand","embeddable":true,"href":"https:\/\/comprasyconsejos.store\/en\/wp-json\/wp\/v2\/product_brand?post=31519"},{"taxonomy":"product_cat","embeddable":true,"href":"https:\/\/comprasyconsejos.store\/en\/wp-json\/wp\/v2\/product_cat?post=31519"},{"taxonomy":"product_tag","embeddable":true,"href":"https:\/\/comprasyconsejos.store\/en\/wp-json\/wp\/v2\/product_tag?post=31519"}],"curies":[{"name":"wp","href":"https:\/\/api.w.org\/{rel}","templated":true}]}}