{"id":31538,"date":"2026-02-22T21:41:49","date_gmt":"2026-02-22T21:41:49","guid":{"rendered":"https:\/\/comprasyconsejos.store\/product\/brostrend-wi-fi-6e-adaptador-wifi-linux-axe3000-adaptador-wifi-usb-para-pc-linux-tri-banda-6ghz-y-5ghz-y-2-4ghz-wi-fi-usb-3-0-plug-and-play-para-ubuntu-mint-fedora-opensuse-fedora-debian-etc\/"},"modified":"2026-02-22T21:41:51","modified_gmt":"2026-02-22T21:41:51","slug":"brostrend-wi-fi-6e-adaptador-wifi-linux-axe3000-adaptador-wifi-usb-para-pc-linux-tri-banda-6ghz-y-5ghz-y-2-4ghz-wi-fi-usb-3-0-plug-and-play-para-ubuntu-mint-fedora-opensuse-fedora-debian-etc","status":"publish","type":"product","link":"https:\/\/comprasyconsejos.store\/en\/product\/brostrend-wi-fi-6e-adaptador-wifi-linux-axe3000-adaptador-wifi-usb-para-pc-linux-tri-banda-6ghz-y-5ghz-y-2-4ghz-wi-fi-usb-3-0-plug-and-play-para-ubuntu-mint-fedora-opensuse-fedora-debian-etc\/","title":{"rendered":"BrosTrend Wi-Fi 6E Adaptador WiFi Linux AXE3000, Adaptador WiFi USB para PC Linux Tri-Banda 6GHz y 5GHz y 2.4GHz, Wi-Fi USB 3.0 Plug and Play para Ubuntu, Mint, Fedora, openSUSE, Fedora, Debian etc."},"content":{"rendered":"<p>Price: <span style=\"color:#b12704\"><del>\u20ac85.99<\/del> - \u20ac39.99<\/span><br \/><i><small>(as of Feb 22, 2026 21:41:49 UTC &#8211; <span class=\"wp_automatic_amazon_disclaimer\" title=\"Product prices and availability are accurate as of the date\/time indicated and are subject to change. Any price and availability information displayed on [relevant Amazon Site(s), as applicable] at the time of purchase will apply to the purchase of this product.\">Details<\/span>)<\/small><\/i><\/p>\n<p><a href=\"https:\/\/amazon.es\/dp\/B0F6MY7H62?tag=man008-21\"><img decoding=\"async\" src=\"https:\/\/valvepress.s3.amazonaws.com\/imgs\/buy_now.png\"><\/a><br \/>\n<\/p>\n<p>                                             Product Description   <\/p>\n<p>The video showcases the product in use.The video guides you through product setup.The video compares multiple products.The video shows the product being unpacked. BrosTrend AXE3000 Linux WiFi 6E USB Adaptador Merchant video<\/p>\n<p>                                                                                                       <img decoding=\"async\" alt=\"Serie de escenas de oficina o espacio de trabajo que muestran monitores de computadora y entornos de trabajo en entornos de oficina modernos.\" src=\"https:\/\/images-na.ssl-images-amazon.com\/images\/G\/01\/x-locale\/common\/grey-pixel.gif\" class=\"a-lazy-loaded\" data-src=\"https:\/\/m.media-amazon.com\/images\/S\/aplus-media-library-service-media\/2128dca5-2db4-4740-aa2f-3c78b7b10ea2.__CR0,0,1464,600_PT0_SX1464_V1___.jpg\"><img decoding=\"async\" alt=\"Serie de escenas de oficina o espacio de trabajo que muestran monitores de computadora y entornos de trabajo en entornos de oficina modernos.\" src=\"https:\/\/m.media-amazon.com\/images\/S\/aplus-media-library-service-media\/2128dca5-2db4-4740-aa2f-3c78b7b10ea2.__CR0,0,1464,600_PT0_SX1464_V1___.jpg\">                                                                                    Conectividad r\u00e1pida, fiable y compatible con Linux                                        <\/p>\n<p class=\"aplus-p2 aplus-module-2-description\"> \u00a1Mejora tu experiencia con Linux con el AXE3000 adaptador WiFi 6E USB! La funci\u00f3n plug-and-play con amplia compatibilidad con Linux te permite conectarte a Internet al instante. Disfruta de velocidades tribanda para codificaci\u00f3n, transferencias de archivos grandes y streaming 4K. <\/p>\n<p>                                                                                                                <img decoding=\"async\" alt=\"aplus content image\" src=\"https:\/\/m.media-amazon.com\/images\/S\/aplus-media-library-service-media\/15353d28-525a-4c67-b85d-277b704c7696.__CR0,0,1464,600_PT0_SX1464_V1___.jpg\">                                                                                           Potente chip AXE3000 WiFi 6E                                       <\/p>\n<p class=\"description aplus-p1\"> El chip avanzado con DL MU-MIMO y 1024-QAM ofrece un WiFi 6E m\u00e1s r\u00e1pido y estable <\/p>\n<p>                                                      <img decoding=\"async\" alt=\"aplus content image\" src=\"https:\/\/m.media-amazon.com\/images\/S\/aplus-media-library-service-media\/681b985b-6a89-4302-8fac-98a25e106f93.__CR0,0,1464,600_PT0_SX1464_V1___.jpg\">                                                                                           Transmisi\u00f3n de datos eficiente                                       <\/p>\n<p class=\"description aplus-p1\"> Optimiza la transferencia datos para un rendimiento m\u00e1s suave y eficiente en redes con mucho tr\u00e1fico <\/p>\n<p>                                                      <img decoding=\"async\" alt=\"La almohadilla o soporte de refrigeraci\u00f3n para port\u00e1tiles se utiliza en el escritorio, con un marco te\u00f1ido de azul que destaca la configuraci\u00f3n y la posici\u00f3n ergon\u00f3mica.\" src=\"https:\/\/m.media-amazon.com\/images\/S\/aplus-media-library-service-media\/381d8e46-bb19-4678-ac1a-995355a8ae71.__CR0,0,1464,600_PT0_SX1464_V1___.jpg\">                                                                                           Acceso seguro a la red WiFi                                       <\/p>\n<p class=\"description aplus-p1\"> Garantiza un acceso WiFi seguro con cifrado WPA3, protegiendo tus datos y tu privacidad. <\/p>\n<p>                            1 Chipset avanzado <\/p>\n<p>                            2 Tecnolog\u00eda OFDMA <\/p>\n<p>                            3 Cifrado WPA3 <\/p>\n<p>                                                                                                       <img decoding=\"async\" alt=\"aplus content image\" src=\"https:\/\/images-na.ssl-images-amazon.com\/images\/G\/01\/x-locale\/common\/grey-pixel.gif\" class=\"a-lazy-loaded\" data-src=\"https:\/\/m.media-amazon.com\/images\/S\/aplus-media-library-service-media\/2f094b0c-4bc2-4c11-8e78-9a23f1eeff3f.__CR0,0,1464,600_PT0_SX1464_V1___.jpg\"><img decoding=\"async\" alt=\"aplus content image\" src=\"https:\/\/m.media-amazon.com\/images\/S\/aplus-media-library-service-media\/2f094b0c-4bc2-4c11-8e78-9a23f1eeff3f.__CR0,0,1464,600_PT0_SX1464_V1___.jpg\">                                               <\/p>\n<p>                                                                                                                <img decoding=\"async\" alt=\"aplus content image\" src=\"https:\/\/m.media-amazon.com\/images\/S\/aplus-media-library-service-media\/50f16095-c640-48f5-9ae6-8216847b40cb.__CR0,0,1464,600_PT0_SX1464_V1___.jpg\">                                                                                           Se\u00f1al m\u00e1s potente y fiable                                       <\/p>\n<p class=\"description aplus-p1\"> Gira las antenas (90\u00b0 en vertical y 180\u00b0 en horizontal) para conseguir una cobertura WiFi \u00f3ptima. <\/p>\n<p>                                                      <img decoding=\"async\" alt=\"Diagrama t\u00e9cnico que muestra los iconos de conectividad inal\u00e1mbrica y los esquemas de los dispositivos con elementos de interfaz iluminados en azul sobre un fondo oscuro.\" src=\"https:\/\/m.media-amazon.com\/images\/S\/aplus-media-library-service-media\/f326b96b-12ab-4832-b0f7-42d8f69485fb.__CR0,0,1464,600_PT0_SX1464_V1___.jpg\">                                                                                           Funciona con cualquier router o sistema de malla                                       <\/p>\n<p class=\"description aplus-p1\"> Compatible con cualquier router o sistema mesh, con soporte completo para los est\u00e1ndares 802.11ax\/ac <\/p>\n<p>                                                      <img decoding=\"async\" alt=\"aplus content image\" src=\"https:\/\/m.media-amazon.com\/images\/S\/aplus-media-library-service-media\/e10c223f-605f-4fd1-9ff7-c2e5d3ac1f62.__CR0,0,1464,600_PT0_SX1464_V1___.jpg\">                                                                                           Tama\u00f1o real mostrado                                       <\/p>\n<p class=\"description aplus-p1\"> Se muestra en uso en un port\u00e1til para ayudar a visualizar su tama\u00f1o en una configuraci\u00f3n pr\u00e1ctica. <\/p>\n<p>                            1 Antenas ajustables <\/p>\n<p>                            2 Compatibilidad universal <\/p>\n<p>                            3 Referencia de tama\u00f1o <\/p>\n<h3>\n<p class=\"aplus-question aplus-p1\"> \u00bfQu\u00e9 distribuciones de Linux son compatibles? <\/p>\n<\/h3>\n<p class=\"aplus-answer aplus-p2\"> Todas las distribuciones de Linux son compatibles, con el software del controlador integrado en el kernel de Linux 5.18 y posteriores, como Ubuntu, Debian, Fedora, Arch y openSUSE. Los kernels m\u00e1s antiguos no son compatibles. <\/p>\n<h3>\n<p class=\"aplus-question aplus-p1\"> \u00bfNecesito instalar un controlador en Linux? <\/p>\n<\/h3>\n<p class=\"aplus-answer aplus-p2\"> No. El software del controlador est\u00e1 integrado en el kernel de Linux. Siempre que la versi\u00f3n del kernel sea 5.18 o posterior, el adaptador funciona nada m\u00e1s sacarlo de la caja: solo hay que conectarlo y ya est\u00e1 listo para usar. <\/p>\n<h3>\n<p class=\"aplus-question aplus-p1\"> \u00bfPuedo usar la banda de 6 GHz en Linux? <\/p>\n<\/h3>\n<p class=\"aplus-answer aplus-p2\"> S\u00ed, pero 6 GHz solo est\u00e1 disponible en las distribuciones recientes de Linux. Dado que Linux tiene muchas variantes, no se puede garantizar la compatibilidad total. Lo hemos probado en Ubuntu 24.04 y Debian 13, y 6 GHz funcion\u00f3 sin problemas en ambos <\/p>\n<h3>\n<p class=\"aplus-question aplus-p1\"> \u00bfQu\u00e9 hay de la compatibilidad con Windows? <\/p>\n<\/h3>\n<p class=\"aplus-answer aplus-p2\"> El adaptador funciona con Windows 10 y Windows 11. Acceda a nuestro sitio web oficial para descargar el controlador m\u00e1s reciente. Para acceder a 6 GHz en Windows, se requiere Windows 11. <\/p>\n<h3>\n<p class=\"aplus-question aplus-p1\"> Si mi sistema operativo no aparece en la lista anterior, \u00bfc\u00f3mo puedo obtener m\u00e1s detalles? <\/p>\n<\/h3>\n<p class=\"aplus-answer aplus-p2\"> Para obtener m\u00e1s informaci\u00f3n, p\u00f3ngase en contacto con el equipo de asistencia t\u00e9cnica de BrosTrend. <\/p>\n<h3 class=\"a-text-center aplus-h1 a-text-bold\"> Elija su Linux Adaptador WiFi USB Adecuado <\/h3>\n<p>                         Add To Basket  <\/p>\n<p>                         Add To Basket  <\/p>\n<p>                         Add To Basket  <\/p>\n<p>                         Add To Basket  <\/p>\n<p>                         Add To Basket  <\/p>\n<p>                         Add To Basket  <\/p>\n<p>                         Add To Basket  <\/p>\n<p>                                     Customer Reviews  <\/p>\n<p>                    4.7 out of 5 stars  211  <\/p>\n<p>                    4.3 out of 5 stars  2,131  <\/p>\n<p>                    4.1 out of 5 stars  80  <\/p>\n<p>                    4.2 out of 5 stars  167  <\/p>\n<p>                    4.3 out of 5 stars  2,023  <\/p>\n<p>                    4.1 out of 5 stars  1,719  <\/p>\n<p>                    4.3 out of 5 stars  391  <\/p>\n<p>                                     Price  <\/p>\n<p>                                                        \u20ac39.99\u20ac39.99     <\/p>\n<p>                                                        \u20ac27.99\u20ac27.99     <\/p>\n<p>                                                        \u20ac24.99\u20ac24.99     <\/p>\n<p>                                                        \u20ac35.99\u20ac35.99     <\/p>\n<p>                                                        \u20ac19.99\u20ac19.99     <\/p>\n<p>                                                        \u20ac39.99\u20ac39.99     <\/p>\n<p>                                                        \u20ac42.99\u20ac42.99     <\/p>\n<p>                                     WiFi Est\u00e1ndar  <\/p>\n<p>                                                WiFi 6E, Tribanda 802.11ax    <\/p>\n<p>                                                WiFi 5, Doble Banda 802.11ac    <\/p>\n<p>                                                WiFi 6, Doble Banda 802.11ax    <\/p>\n<p>                                                WiFi 6, Doble Banda 802.11ax    <\/p>\n<p>                                                WiFi 5, Doble Banda 802.11ac    <\/p>\n<p>                                                WiFi 5, Doble Banda 802.11ac    <\/p>\n<p>                                                WiFi 6, Doble Banda 802.11ax    <\/p>\n<p>                                     Velocidad de 6 GHz  <\/p>\n<p>                                                6GHz 1201Mbps    <\/p>\n<p>                                                &#8211;    <\/p>\n<p>                                                &#8211;    <\/p>\n<p>                                                &#8211;    <\/p>\n<p>                                                &#8211;    <\/p>\n<p>                                                &#8211;    <\/p>\n<p>                                                &#8211;    <\/p>\n<p>                                     Velocidad de 5 GHz  <\/p>\n<p>                                                5GHz 1201Mbps    <\/p>\n<p>                                                5GHz 867Mbps    <\/p>\n<p>                                                5GHz 600Mbps    <\/p>\n<p>                                                5GHz 1201Mbps    <\/p>\n<p>                                                5GHz 433Mbps    <\/p>\n<p>                                                5GHz 867Mbps    <\/p>\n<p>                                                5GHz 1201Mbps    <\/p>\n<p>                                     Velocidad de 2.4 GHz  <\/p>\n<p>                                                2.4GHz 574Mbps    <\/p>\n<p>                                                2.4GHz 300Mbps    <\/p>\n<p>                                                2.4GHz 286Mbps    <\/p>\n<p>                                                2.4GHz 574Mbps    <\/p>\n<p>                                                2.4GHz 200Mbps    <\/p>\n<p>                                                2.4GHz 300Mbps    <\/p>\n<p>                                                2.4GHz 574Mbps    <\/p>\n<p>                                     Rendimiento de Largo Alcance  <\/p>\n<p>                                                Lo Mejor, con Beamforming    <\/p>\n<p>                                                Mejor    <\/p>\n<p>                                                Bueno, con Beamforming    <\/p>\n<p>                                                Mejor, con Beamforming    <\/p>\n<p>                                                Bueno    <\/p>\n<p>                                                Lo mejor    <\/p>\n<p>                                                Lo mejor, con Beamforming    <\/p>\n<p>                                     Cantidad de Antena  <\/p>\n<p>                                                2 X Antenas Externas    <\/p>\n<p>                                                2 X Antenas Internas    <\/p>\n<p>                                                1 X Antena Interna    <\/p>\n<p>                                                2 X Antenas Internas    <\/p>\n<p>                                                1 X Antena Externa    <\/p>\n<p>                                                2 X Antenas Externas    <\/p>\n<p>                                                2 X Antenas Externas    <\/p>\n<p>                                     Tipo de Antena y Ganancia  <\/p>\n<p>                                                Fijo, 3dBi    <\/p>\n<p>                                                Interior, A Bordo, 2dBi    <\/p>\n<p>                                                Interior, A Bordo, 2dBi    <\/p>\n<p>                                                Interior, A Bordo, 2dBi    <\/p>\n<p>                                                Fijo, Alta Ganancia 5dBi    <\/p>\n<p>                                                Retirable, Alta Ganancia 5dBi    <\/p>\n<p>                                                Fijo, Alta Ganancia 5dBi    <\/p>\n<p>                                     Tipo de USB  <\/p>\n<p>                                                USB 3.0    <\/p>\n<p>                                                USB 3.0    <\/p>\n<p>                                                USB 2.0    <\/p>\n<p>                                                USB 3.0    <\/p>\n<p>                                                USB 2.0    <\/p>\n<p>                                                USB 3.0    <\/p>\n<p>                                                USB 3.0    <\/p>\n<p>                                     Extensi\u00f3n USB 3.0  <\/p>\n<p>                                                &#8211;    <\/p>\n<p>                                                &#8211;    <\/p>\n<p>                                                &#8211;    <\/p>\n<p>                                                &#8211;    <\/p>\n<p>                                                &#8211;    <\/p>\n<p>                                                Cable de extensi\u00f3n USB de 1.5m    <\/p>\n<p>                                                Cable de extensi\u00f3n USB de 1m    <\/p>\n<p>                                     Compatibilidad con Windows  <\/p>\n<p>                                                Windows 11 \/ 10    <\/p>\n<p>                                                Windows 11 \/ 10 \/ 8.1 \/ 8 \/ 7    <\/p>\n<p>                                                Windows 11 \/ 10 \/ 7    <\/p>\n<p>                                                Windows 11 \/ 10    <\/p>\n<p>                                                Windows 11 \/ 10 \/ 8.1 \/ 8 \/ 7    <\/p>\n<p>                                                Windows 11 \/ 10 \/ 8.1 \/ 8 \/ 7    <\/p>\n<p>                                                Windows 11 \/ 10    <\/p>\n<p>                                     Compatibilidad con Linux  <\/p>\n<p>                                                Todas las Distribuciones    <\/p>\n<p>                                                Todas las Distribuciones    <\/p>\n<p>                                                SO basados en Debian    <\/p>\n<p>                                                SO basados en Debian    <\/p>\n<p>                                                Todas las Distribuciones    <\/p>\n<p>                                                Todas las Distribuciones    <\/p>\n<p>                                                SO basados en Debian    <\/p>\n<p>                                     Soporte del Kernel  <\/p>\n<p>                                                Plug&amp;Play,  Kernel \u22655.18    <\/p>\n<p>                                                Plug&amp;Play, Kernel \u22656.2    <\/p>\n<p>                                                Kernel \u22646.17, Driver Incluido    <\/p>\n<p>                                                Kernel \u22646.17, Driver Incluido    <\/p>\n<p>                                                Plug&amp;Play, Kernel \u22656.2    <\/p>\n<p>                                                Plug&amp;Play, Kernel \u22656.2    <\/p>\n<p>                                                Kernel \u22646.17, Driver Incluido    <\/p>\n<p> Product Dimensions                                            \u200f                                            :                                            \u200e                                            9.1 x 5.8 x 9.3 cm; 30 g   <br \/> Manufacturer                                            \u200f                                            :                                            \u200e                                            BrosTrend Technology LLC   <br \/> ASIN                                            \u200f                                            :                                            \u200e                                            B0F6MY7H62   <br \/> Item model number                                            \u200f                                            :                                            \u200e                                            AXE3000 WiFi 6E Linux USB WiFi Adapter   <br \/> Country\/Region of Origin                                            \u200f                                            :                                            \u200e                                            China   <br \/> Guaranteed software updates until                                            \u200f                                            :                                            \u200e                                            unknown   <br \/>  Customer reviews:                                                                                            4.7               4.7 out of 5 stars                                  (211)                                              var dpAcrHasRegisteredArcLinkClickAction;                    P.when(&#8216;A&#8217;, &#8216;ready&#8217;).execute(function(A) {                        if (dpAcrHasRegisteredArcLinkClickAction !== true) {                            dpAcrHasRegisteredArcLinkClickAction = true;                            A.declarative(                                &#8216;acrLink-click-metrics&#8217;, &#8216;click&#8217;,                                { \u00aballowLinkDefault\u00bb: true },                                function (event) {                                    if (window.ue) {                                        ue.count(\u00abacrLinkClickCount\u00bb, (ue.count(\u00abacrLinkClickCount\u00bb) || 0) + 1);                                    }                                }                            );                        }                    });                                             P.when(&#8216;A&#8217;, &#8216;cf&#8217;).execute(function(A) {                A.declarative(&#8216;acrStarsLink-click-metrics&#8217;, &#8216;click&#8217;, { \u00aballowLinkDefault\u00bb : true },  function(event){                    if(window.ue) {                        ue.count(\u00abacrStarsLinkWithPopoverClickCount\u00bb, (ue.count(\u00abacrStarsLinkWithPopoverClickCount\u00bb) || 0) + 1);                    }                });            });                          <\/p>\n<p>Plug-and-Play for Linux: This AXE3000 Linux WiFi 6E USB adapter works with all Linux distributions with kernel 5.18 or higher (not compatible with older kernels).<br \/>Wide Linux Compatibility &#8211; The Linux WiFi adapter is compatible with Ubuntu, Debian, Fedora, Arch, openSUSE and more. Perfect for users running dual boot, multiple distributions, or virtual machines configurations. It is also compatible with Windows 11\/10 (driver required).<br \/>Tri-band WiFi 6E speeds: Get up to 1201Mbps on 6GHz, 1201Mbps on 5GHz or 574Mbps on 2.4GHz with USB Linux WiFi. Ideal for encoding, large file transfers, server access, and remote collaboration. 6 GHz is only available on recent Linux distributions or Windows 11.<br \/>EXTENDED RANGE WITH DUAL ANTENNAS &#8211; This USB WiFi adapter for PC Linux features two adjustable antennas and Beamforming technology to improve signal concentration, which provides more powerful and reliable coverage throughout your home or office<br \/>High Speed USB 3.0 Interface: USB 3.0 ensures that the USB Linux WiFi antenna reaches its full WiFi 6E speeds, which provides fast and stable connections. For optimal performance, plug the adapter into a USB 3.0 port<br \/>Compatible Hardware: x86_64\/x86_32 (PC, VirtualBox&#8230;), aarch64\/armhf (Raspberry Pi 2+, Odroid&#8230;) Access Point Mode (AP) Support Linux<\/p>\n\n","protected":false},"excerpt":{"rendered":"<p> Product Description The video showcases the product in use.The video guides you through product setup.The<\/p>","protected":false},"featured_media":31539,"comment_status":"open","ping_status":"closed","template":"","meta":[],"product_brand":[],"product_cat":[72],"product_tag":[889,2141,2137,4152,9108,2122,5142,2110,9109,2116,2114,2138,2118,5141,9110,3954,2112,1139,324,6138,5140,133,2108,543,2104,2120,2102,2106],"class_list":{"0":"post-31538","1":"product","2":"type-product","3":"status-publish","4":"has-post-thumbnail","6":"product_cat-wifi-sticks","7":"product_tag-2-4ghz","8":"product_tag-5ghz","9":"product_tag-6ghz","10":"product_tag-adaptador","11":"product_tag-axe3000","12":"product_tag-brostrend","13":"product_tag-debian","14":"product_tag-dual-band-wifi-adapter","15":"product_tag-fedora","16":"product_tag-high-speed-wifi-usb","17":"product_tag-laptop-wifi-adapter","18":"product_tag-linux","19":"product_tag-mini-wifi-adapter","20":"product_tag-mint","21":"product_tag-opensuse","22":"product_tag-para","23":"product_tag-pc-wifi-adapter","24":"product_tag-play","25":"product_tag-plug","26":"product_tag-tribanda","27":"product_tag-ubuntu","28":"product_tag-usb","29":"product_tag-usb-wifi-dongle","30":"product_tag-wifi","31":"product_tag-wifi-stick","32":"product_tag-wifi-stick-price","33":"product_tag-wifi-usb-adapter","34":"product_tag-wireless-usb-adapter","36":"first","37":"instock","38":"sale","39":"shipping-taxable","40":"product-type-external"},"_links":{"self":[{"href":"https:\/\/comprasyconsejos.store\/en\/wp-json\/wp\/v2\/product\/31538","targetHints":{"allow":["GET"]}}],"collection":[{"href":"https:\/\/comprasyconsejos.store\/en\/wp-json\/wp\/v2\/product"}],"about":[{"href":"https:\/\/comprasyconsejos.store\/en\/wp-json\/wp\/v2\/types\/product"}],"replies":[{"embeddable":true,"href":"https:\/\/comprasyconsejos.store\/en\/wp-json\/wp\/v2\/comments?post=31538"}],"version-history":[{"count":0,"href":"https:\/\/comprasyconsejos.store\/en\/wp-json\/wp\/v2\/product\/31538\/revisions"}],"wp:featuredmedia":[{"embeddable":true,"href":"https:\/\/comprasyconsejos.store\/en\/wp-json\/wp\/v2\/media\/31539"}],"wp:attachment":[{"href":"https:\/\/comprasyconsejos.store\/en\/wp-json\/wp\/v2\/media?parent=31538"}],"wp:term":[{"taxonomy":"product_brand","embeddable":true,"href":"https:\/\/comprasyconsejos.store\/en\/wp-json\/wp\/v2\/product_brand?post=31538"},{"taxonomy":"product_cat","embeddable":true,"href":"https:\/\/comprasyconsejos.store\/en\/wp-json\/wp\/v2\/product_cat?post=31538"},{"taxonomy":"product_tag","embeddable":true,"href":"https:\/\/comprasyconsejos.store\/en\/wp-json\/wp\/v2\/product_tag?post=31538"}],"curies":[{"name":"wp","href":"https:\/\/api.w.org\/{rel}","templated":true}]}}