{"id":31572,"date":"2026-02-22T22:00:59","date_gmt":"2026-02-22T22:00:59","guid":{"rendered":"https:\/\/comprasyconsejos.store\/product\/cpu-pc-cooler-disiber-fan-intel-lga775-775-1155-1156-amd-754-am2-am3-cpu-cooler\/"},"modified":"2026-02-22T22:01:02","modified_gmt":"2026-02-22T22:01:02","slug":"cpu-pc-cooler-disiber-fan-intel-lga775-775-1155-1156-amd-754-am2-am3-cpu-cooler","status":"publish","type":"product","link":"https:\/\/comprasyconsejos.store\/en\/product\/cpu-pc-cooler-disiber-fan-intel-lga775-775-1155-1156-amd-754-am2-am3-cpu-cooler\/","title":{"rendered":"CPU PC COOLER DISIBER FAN Intel LGA775 775 1155 1156 AMD 754 AM2 AM3 CPU COOLER"},"content":{"rendered":"<p>Price: <span style=\"color:#b12704\">\u20ac13.90<\/span><br \/><i><small>(as of Feb 22, 2026 22:00:59 UTC &#8211; <span class=\"wp_automatic_amazon_disclaimer\" title=\"Product prices and availability are accurate as of the date\/time indicated and are subject to change. Any price and availability information displayed on [relevant Amazon Site(s), as applicable] at the time of purchase will apply to the purchase of this product.\">Details<\/span>)<\/small><\/i><\/p>\n<p><a href=\"https:\/\/amazon.es\/dp\/B098JQV4Y8?tag=man008-21\"><img decoding=\"async\" src=\"https:\/\/valvepress.s3.amazonaws.com\/imgs\/buy_now.png\"><\/a><br \/>\n<\/p>\n<p>                                             Product Description   <\/p>\n<p>                                                                      <img decoding=\"async\" alt=\"ventilador\" src=\"https:\/\/images-na.ssl-images-amazon.com\/images\/G\/01\/x-locale\/common\/grey-pixel.gif\" class=\"a-spacing-mini a-lazy-loaded\" data-src=\"https:\/\/m.media-amazon.com\/images\/S\/aplus-media-library-service-media\/1114d947-8563-4ded-a063-27b9eb0336a8.__CR11,0,501,501_PT0_SX300_V1___.jpg\"><img decoding=\"async\" alt=\"ventilador\" src=\"https:\/\/m.media-amazon.com\/images\/S\/aplus-media-library-service-media\/1114d947-8563-4ded-a063-27b9eb0336a8.__CR11,0,501,501_PT0_SX300_V1___.jpg\">  <\/p>\n<h3 class=\"a-spacing-mini\"> VENTILADOR DISIPADOR CPU PC COOLER Intel LGA775 775 1155 1156 AMD 754 AM2 AM3 REFRIGERADOR CPU Marca: Vendopolis <\/h3>\n<p class=\"a-spacing-base\">\n<p>VENTILADOR DISIPADOR CPU PC COOLER Intel LGA775 775 1155 1156 AMD 754 AM2 AM2+ AM3 Disipador silencioso compatible con Omte\u00f1 LGA 775: Core 2 DUO, Celeron, Pentium 4, Pentium D; Intel LGA1156: Core i7, Core i5, Core i3; ADM 754 \/ AM2 \/ AM2+ \/ AM3 : Sempron, Athlon 64, Athlon X2, Phenom 64Adaptador y los pies incluido. El disipador de calor est\u00e1 hecho de aluminio que permite una conducci\u00f3n de calor mayor, el tama\u00f1o del ventilador 75 mm.Especificaciones: Material: Aluminio Velocidad: 2200 RPM Ventilador: 75mm Dimensiones: 112 X 80 X X112 Ventilador silencioso: 20 dBA+-10% Voltaje: 12 VDCDimensiones: Altura 80 mm &#8211; 80 mm, di\u00e1metro fregadero 80mm El paquete contiene: &#8211; Ventilador &#8211; 1 de silicona Pasta regeneradora &#8211; 1 adaptador de placa de pl\u00e1stico &#8211; 1 pies para la fijaci\u00f3n     <\/p>\n<p>                                                                    <img decoding=\"async\" alt=\"\" src=\"https:\/\/images-na.ssl-images-amazon.com\/images\/G\/01\/x-locale\/common\/grey-pixel.gif\" class=\"a-lazy-loaded\" data-src=\"https:\/\/m.media-amazon.com\/images\/S\/aplus-media-library-service-media\/1114d947-8563-4ded-a063-27b9eb0336a8.__CR11,0,501,501_PT0_SX300_V1___.jpg\"><img decoding=\"async\" alt=\"\" src=\"https:\/\/m.media-amazon.com\/images\/S\/aplus-media-library-service-media\/1114d947-8563-4ded-a063-27b9eb0336a8.__CR11,0,501,501_PT0_SX300_V1___.jpg\">   <\/p>\n<h3 class=\"a-size-extra-large aplus-13-heading-text a-text-bold\"> VENTILADOR DISIPADOR CPU PC COOLER Intel LGA775 775 1155 1156 AMD 754 AM2 AM3 REFRIGERADOR CPU  <\/h3>\n<p class=\"description\"> Ventilador disipador CPU silencioso de 75 mm compatible con Intel LGA 775\/1155\/1156 y AMD 754\/AM2\/AM2+\/AM3. Aluminio de alta conductividad t\u00e9rmica, 2200 RPM, 20 dBA. Incluye pasta t\u00e9rmica, adaptador y sistema de fijaci\u00f3n. <\/p>\n<p> Date First Available                                            \u200f                                            :                                            \u200e                                            2 July 2021   <br \/> Manufacturer                                            \u200f                                            :                                            \u200e                                            vendopoli   <br \/> ASIN                                            \u200f                                            :                                            \u200e                                            B098JQV4Y8   <br \/> Manufacturer reference                                            \u200f                                            :                                            \u200e                                            LGA1156   <br \/>       Best Sellers Rank:  35,454 in Computers (See Top 100 in Computers)    1,358 in CPU Fans      <br \/>  Customer reviews:                                                                                            3.5               3.5 out of 5 stars                                  (6)                                              var dpAcrHasRegisteredArcLinkClickAction;                    P.when(&#8216;A&#8217;, &#8216;ready&#8217;).execute(function(A) {                        if (dpAcrHasRegisteredArcLinkClickAction !== true) {                            dpAcrHasRegisteredArcLinkClickAction = true;                            A.declarative(                                &#8216;acrLink-click-metrics&#8217;, &#8216;click&#8217;,                                { \u00aballowLinkDefault\u00bb: true },                                function (event) {                                    if (window.ue) {                                        ue.count(\u00abacrLinkClickCount\u00bb, (ue.count(\u00abacrLinkClickCount\u00bb) || 0) + 1);                                    }                                }                            );                        }                    });                                             P.when(&#8216;A&#8217;, &#8216;cf&#8217;).execute(function(A) {                A.declarative(&#8216;acrStarsLink-click-metrics&#8217;, &#8216;click&#8217;, { \u00aballowLinkDefault\u00bb : true },  function(event){                    if(window.ue) {                        ue.count(\u00abacrStarsLinkWithPopoverClickCount\u00bb, (ue.count(\u00abacrStarsLinkWithPopoverClickCount\u00bb) || 0) + 1);                    }                });            });                          <\/p>\n<p>DISIBER FAN CPU PC COOLER Intel LGA775 775 1155 1156 AMD 754 AM2 AM2+ AM3 Silent Heatsink Compatible with Omte\u00f1 LGA 775: Core 2 DUO, Celeron, Pentium 4, Pentium D; Intel LGA1156: Core i7, Core i5, Core i5 3; ADM 754 \/ AM2 \/ AM2+ \/ AM3 : Sempron, Athlon 64, Athlon X2, Phenom 64<br \/>Adapter and feet included. The heat sink is made of aluminum which allows for greater heat conduction, the fan size 75mm.<br \/>Specifications: Material: Aluminum Speed: 2200 RPM Fan: 75mm Dimensions: 112 X 80 X X112 Silent Fan: 20 dBA+-10% Voltage: 12 VDC<br \/>Dimensions: Height 80 mm &#8211; 80 mm, sink diameter 80 mm Package contains: &#8211; Fan &#8211; 1 silicone regenerating paste &#8211; 1 plastic plate adapter &#8211; 1 foot for fixing<\/p>\n\n","protected":false},"excerpt":{"rendered":"<p> Product Description VENTILADOR DISIPADOR CPU PC COOLER Intel LGA775 775 1155 1156 AMD 754 AM2<\/p>","protected":false},"featured_media":31573,"comment_status":"open","ping_status":"closed","template":"","meta":[],"product_brand":[],"product_cat":[65],"product_tag":[2003,2005,9120,9121,530,2013,1998,2015,1668,2009,598,9119,910,2011,562,7257,2000,2007,2001],"class_list":{"0":"post-31572","1":"product","2":"type-product","3":"status-publish","4":"has-post-thumbnail","6":"product_cat-case-fan","7":"product_tag-120mm-case-fan","8":"product_tag-140mm-case-fan","9":"product_tag-am2","10":"product_tag-am3","11":"product_tag-amd","12":"product_tag-best-case-fan","13":"product_tag-case-fan","14":"product_tag-computer-cooling-fan","15":"product_tag-cooler","16":"product_tag-cooling-fan-for-pc","17":"product_tag-cpu","18":"product_tag-disiber","19":"product_tag-fan","20":"product_tag-high-airflow-case-fan","21":"product_tag-intel","22":"product_tag-lga775","23":"product_tag-pc-case-fan","24":"product_tag-quiet-case-fan","25":"product_tag-rgb-case-fan","27":"first","28":"instock","29":"shipping-taxable","30":"product-type-external"},"_links":{"self":[{"href":"https:\/\/comprasyconsejos.store\/en\/wp-json\/wp\/v2\/product\/31572","targetHints":{"allow":["GET"]}}],"collection":[{"href":"https:\/\/comprasyconsejos.store\/en\/wp-json\/wp\/v2\/product"}],"about":[{"href":"https:\/\/comprasyconsejos.store\/en\/wp-json\/wp\/v2\/types\/product"}],"replies":[{"embeddable":true,"href":"https:\/\/comprasyconsejos.store\/en\/wp-json\/wp\/v2\/comments?post=31572"}],"version-history":[{"count":0,"href":"https:\/\/comprasyconsejos.store\/en\/wp-json\/wp\/v2\/product\/31572\/revisions"}],"wp:featuredmedia":[{"embeddable":true,"href":"https:\/\/comprasyconsejos.store\/en\/wp-json\/wp\/v2\/media\/31573"}],"wp:attachment":[{"href":"https:\/\/comprasyconsejos.store\/en\/wp-json\/wp\/v2\/media?parent=31572"}],"wp:term":[{"taxonomy":"product_brand","embeddable":true,"href":"https:\/\/comprasyconsejos.store\/en\/wp-json\/wp\/v2\/product_brand?post=31572"},{"taxonomy":"product_cat","embeddable":true,"href":"https:\/\/comprasyconsejos.store\/en\/wp-json\/wp\/v2\/product_cat?post=31572"},{"taxonomy":"product_tag","embeddable":true,"href":"https:\/\/comprasyconsejos.store\/en\/wp-json\/wp\/v2\/product_tag?post=31572"}],"curies":[{"name":"wp","href":"https:\/\/api.w.org\/{rel}","templated":true}]}}