{"id":31577,"date":"2026-02-22T22:08:58","date_gmt":"2026-02-22T22:08:58","guid":{"rendered":"https:\/\/comprasyconsejos.store\/product\/burst-assassin-120-se-argb-cpu-cooler-6-heatpipes-silent-120mm-argb-pwm-fan-148mm-height-cpu-air-cooler-for-amd-am4-am5-intel-lga1851-1700\/"},"modified":"2026-02-22T22:09:05","modified_gmt":"2026-02-22T22:09:05","slug":"burst-assassin-120-se-argb-cpu-cooler-6-heatpipes-silent-120mm-argb-pwm-fan-148mm-height-cpu-air-cooler-for-amd-am4-am5-intel-lga1851-1700","status":"publish","type":"product","link":"https:\/\/comprasyconsejos.store\/en\/product\/burst-assassin-120-se-argb-cpu-cooler-6-heatpipes-silent-120mm-argb-pwm-fan-148mm-height-cpu-air-cooler-for-amd-am4-am5-intel-lga1851-1700\/","title":{"rendered":"Burst Assassin 120 SE ARGB CPU Cooler &#8211; 6 Heatpipes, Silent 120mm ARGB PWM Fan &#8211; 148mm Height CPU Air Cooler for AMD AM4 AM5, Intel LGA1851\/1700"},"content":{"rendered":"<p>Price: <span style=\"color:#b12704\">\u20ac30.90<\/span><br \/><i><small>(as of Feb 22, 2026 22:08:58 UTC &#8211; <span class=\"wp_automatic_amazon_disclaimer\" title=\"Product prices and availability are accurate as of the date\/time indicated and are subject to change. Any price and availability information displayed on [relevant Amazon Site(s), as applicable] at the time of purchase will apply to the purchase of this product.\">Details<\/span>)<\/small><\/i><\/p>\n<p><a href=\"https:\/\/amazon.es\/dp\/B0FMYNHZKN?tag=man008-21\"><img decoding=\"async\" src=\"https:\/\/valvepress.s3.amazonaws.com\/imgs\/buy_now.png\"><\/a><br \/>\n<\/p>\n<p>                                             Product Description   <\/p>\n<p>                                                                             <img decoding=\"async\" alt=\"Der Text lautet \u201eBURST ASSASSIN 120 SE ARGB CPU LUFTGEK\u00dcHLT\u201c. RGB-f\u00e4higer CPU-K\u00fchler mit schwarzem K\u00fchlk\u00f6rper und in Regenbogenfarben beleuchtetem L\u00fcfter vor dunklem Hintergrund.\" src=\"https:\/\/images-na.ssl-images-amazon.com\/images\/G\/01\/x-locale\/common\/grey-pixel.gif\" class=\"a-spacing-base a-lazy-loaded\" data-src=\"https:\/\/m.media-amazon.com\/images\/S\/aplus-media-library-service-media\/ef8e4998-f37e-49ab-929e-d085b22696b8.__CR0,0,970,600_PT0_SX970_V1___.jpg\"><img decoding=\"async\" alt=\"Der Text lautet \u201eBURST ASSASSIN 120 SE ARGB CPU LUFTGEK\u00dcHLT\u201c. RGB-f\u00e4higer CPU-K\u00fchler mit schwarzem K\u00fchlk\u00f6rper und in Regenbogenfarben beleuchtetem L\u00fcfter vor dunklem Hintergrund.\" src=\"https:\/\/m.media-amazon.com\/images\/S\/aplus-media-library-service-media\/ef8e4998-f37e-49ab-929e-d085b22696b8.__CR0,0,970,600_PT0_SX970_V1___.jpg\">                                                                    <\/p>\n<p>                                                                             <img decoding=\"async\" alt=\"Der Text lautet \u201eBreitere Kompatibilit\u00e4t\u201c. Computerk\u00fchlsystem mit beleuchtetem L\u00fcfter mit violetten und blauen Lichteffekten.\" src=\"https:\/\/images-na.ssl-images-amazon.com\/images\/G\/01\/x-locale\/common\/grey-pixel.gif\" class=\"a-spacing-base a-lazy-loaded\" data-src=\"https:\/\/m.media-amazon.com\/images\/S\/aplus-media-library-service-media\/24964f86-9a04-4a8c-902f-464203bd139d.__CR0,0,970,600_PT0_SX970_V1___.jpg\"><img decoding=\"async\" alt=\"Der Text lautet \u201eBreitere Kompatibilit\u00e4t\u201c. Computerk\u00fchlsystem mit beleuchtetem L\u00fcfter mit violetten und blauen Lichteffekten.\" src=\"https:\/\/m.media-amazon.com\/images\/S\/aplus-media-library-service-media\/24964f86-9a04-4a8c-902f-464203bd139d.__CR0,0,970,600_PT0_SX970_V1___.jpg\">                                                                    <\/p>\n<p>                                                                             <img decoding=\"async\" alt=\"Der Text lautet \u201eU-f\u00f6rmige vernickelte Heatpipes aus reinem Kupfer\u201c. Technisches Diagramm, das Heatpipe-Komponenten mit deutschen Textbeschreibungen zeigt.\" src=\"https:\/\/images-na.ssl-images-amazon.com\/images\/G\/01\/x-locale\/common\/grey-pixel.gif\" class=\"a-spacing-base a-lazy-loaded\" data-src=\"https:\/\/m.media-amazon.com\/images\/S\/aplus-media-library-service-media\/cfaeba14-2790-4330-baca-502bd3e1be15.__CR0,0,970,600_PT0_SX970_V1___.jpg\"><img decoding=\"async\" alt=\"Der Text lautet \u201eU-f\u00f6rmige vernickelte Heatpipes aus reinem Kupfer\u201c. Technisches Diagramm, das Heatpipe-Komponenten mit deutschen Textbeschreibungen zeigt.\" src=\"https:\/\/m.media-amazon.com\/images\/S\/aplus-media-library-service-media\/cfaeba14-2790-4330-baca-502bd3e1be15.__CR0,0,970,600_PT0_SX970_V1___.jpg\">                                                                    <\/p>\n<p>                                                                             <img decoding=\"async\" alt=\"Der Text lautet \u201e120-MM-LUFTER MIT\u201c und \u201eAUSGLEICHSLEISTUNG\u201c. Technisches Diagramm mit kreisf\u00f6rmigen Licht- oder Farbverl\u00e4ufen mit technischen Abbildungen in Schwarz und Wei\u00df.\" src=\"https:\/\/images-na.ssl-images-amazon.com\/images\/G\/01\/x-locale\/common\/grey-pixel.gif\" class=\"a-spacing-base a-lazy-loaded\" data-src=\"https:\/\/m.media-amazon.com\/images\/S\/aplus-media-library-service-media\/0f916f28-6db6-41a6-842a-f4de7b733b22.__CR0,0,970,600_PT0_SX970_V1___.jpg\"><img decoding=\"async\" alt=\"Der Text lautet \u201e120-MM-LUFTER MIT\u201c und \u201eAUSGLEICHSLEISTUNG\u201c. Technisches Diagramm mit kreisf\u00f6rmigen Licht- oder Farbverl\u00e4ufen mit technischen Abbildungen in Schwarz und Wei\u00df.\" src=\"https:\/\/m.media-amazon.com\/images\/S\/aplus-media-library-service-media\/0f916f28-6db6-41a6-842a-f4de7b733b22.__CR0,0,970,600_PT0_SX970_V1___.jpg\">                                                                    <\/p>\n<p>                                                                             <img decoding=\"async\" alt=\"Der Text lautet &amp;#39;Verfeinerte Benutzererfahrung&amp;#39; und &amp;#39;UNTERST\u00dcTZTE PLATTFORMEN&amp;#39;. Computerkomponente mit RGB-Lichteffekt und abgebildeten technischen Daten.\" src=\"https:\/\/images-na.ssl-images-amazon.com\/images\/G\/01\/x-locale\/common\/grey-pixel.gif\" class=\"a-spacing-base a-lazy-loaded\" data-src=\"https:\/\/m.media-amazon.com\/images\/S\/aplus-media-library-service-media\/5aa04aa6-74c8-4738-a40b-5a3809408bf2.__CR0,0,970,600_PT0_SX970_V1___.jpg\"><img decoding=\"async\" alt=\"Der Text lautet &amp;#39;Verfeinerte Benutzererfahrung&amp;#39; und &amp;#39;UNTERST\u00dcTZTE PLATTFORMEN&amp;#39;. Computerkomponente mit RGB-Lichteffekt und abgebildeten technischen Daten.\" src=\"https:\/\/m.media-amazon.com\/images\/S\/aplus-media-library-service-media\/5aa04aa6-74c8-4738-a40b-5a3809408bf2.__CR0,0,970,600_PT0_SX970_V1___.jpg\">                                                                    <\/p>\n<p>                                                                             <img decoding=\"async\" alt=\"Der Text lautet \u201eBURST ASSASSIN\u201c, \u201e120 SE ARGB\u201c, \u201eSPEZIFIKATION\u201c. Technisches Produktdiagramm mit Computerl\u00fcfter mit RGB-Beleuchtung und technischen Daten.\" src=\"https:\/\/images-na.ssl-images-amazon.com\/images\/G\/01\/x-locale\/common\/grey-pixel.gif\" class=\"a-spacing-base a-lazy-loaded\" data-src=\"https:\/\/m.media-amazon.com\/images\/S\/aplus-media-library-service-media\/9e8496cf-39e2-4dc9-be03-c0f7c6eef39a.__CR0,0,970,600_PT0_SX970_V1___.jpg\"><img decoding=\"async\" alt=\"Der Text lautet \u201eBURST ASSASSIN\u201c, \u201e120 SE ARGB\u201c, \u201eSPEZIFIKATION\u201c. Technisches Produktdiagramm mit Computerl\u00fcfter mit RGB-Beleuchtung und technischen Daten.\" src=\"https:\/\/m.media-amazon.com\/images\/S\/aplus-media-library-service-media\/9e8496cf-39e2-4dc9-be03-c0f7c6eef39a.__CR0,0,970,600_PT0_SX970_V1___.jpg\">                                                                    <\/p>\n<p> Product Dimensions                                            \u200f                                            :                                            \u200e                                            12.4 x 7.7 x 14.8 cm; 850 g   <br \/> Date First Available                                            \u200f                                            :                                            \u200e                                            19 Aug. 2025   <br \/> Manufacturer                                            \u200f                                            :                                            \u200e                                            TR-Thermalright   <br \/> ASIN                                            \u200f                                            :                                            \u200e                                            B0FMYNHZKN   <br \/> Item model number                                            \u200f                                            :                                            \u200e                                            Burst Assassin 120 SE ARGB   <br \/>       Best Sellers Rank:  13,804 in Computers (See Top 100 in Computers)    461 in CPU Fans      <br \/>  Customer reviews:                                                                                            5.0               5.0 out of 5 stars                                  (2)                                              var dpAcrHasRegisteredArcLinkClickAction;                    P.when(&#8216;A&#8217;, &#8216;ready&#8217;).execute(function(A) {                        if (dpAcrHasRegisteredArcLinkClickAction !== true) {                            dpAcrHasRegisteredArcLinkClickAction = true;                            A.declarative(                                &#8216;acrLink-click-metrics&#8217;, &#8216;click&#8217;,                                { \u00aballowLinkDefault\u00bb: true },                                function (event) {                                    if (window.ue) {                                        ue.count(\u00abacrLinkClickCount\u00bb, (ue.count(\u00abacrLinkClickCount\u00bb) || 0) + 1);                                    }                                }                            );                        }                    });                                             P.when(&#8216;A&#8217;, &#8216;cf&#8217;).execute(function(A) {                A.declarative(&#8216;acrStarsLink-click-metrics&#8217;, &#8216;click&#8217;, { \u00aballowLinkDefault\u00bb : true },  function(event){                    if(window.ue) {                        ue.count(\u00abacrStarsLinkWithPopoverClickCount\u00bb, (ue.count(\u00abacrStarsLinkWithPopoverClickCount\u00bb) || 0) + 1);                    }                });            });                          <\/p>\n\n","protected":false},"excerpt":{"rendered":"<p> Product Description Product Dimensions \u200f : \u200e 12.4 x 7.7 x 14.8 cm; 850 g<\/p>","protected":false},"featured_media":31578,"comment_status":"open","ping_status":"closed","template":"","meta":[],"product_brand":[],"product_cat":[66],"product_tag":[1381,9122,216,1662,1554,530,2008,1568,2020,2010,6356,1668,598,2002,2014,1997,2016,910,3594,1569,562,2006,7458,1999,2023,2012,2004,1010],"class_list":{"0":"post-31577","1":"product","2":"type-product","3":"status-publish","4":"has-post-thumbnail","6":"product_cat-cpu-fan","7":"product_tag-120mm","8":"product_tag-148mm","9":"product_tag-air","10":"product_tag-am4","11":"product_tag-am5","12":"product_tag-amd","13":"product_tag-amd-cpu-cooler","14":"product_tag-argb","15":"product_tag-assassin","16":"product_tag-best-cpu-fan","17":"product_tag-burst","18":"product_tag-cooler","19":"product_tag-cpu","20":"product_tag-cpu-air-cooler","21":"product_tag-cpu-cooling-fan","22":"product_tag-cpu-fan","23":"product_tag-cpu-fan-price","24":"product_tag-fan","25":"product_tag-heatpipes","26":"product_tag-height","27":"product_tag-intel","28":"product_tag-intel-cpu-fan","29":"product_tag-lga18511700","30":"product_tag-processor-fan","31":"product_tag-pwm","32":"product_tag-quiet-cpu-cooler","33":"product_tag-rgb-cpu-cooler","34":"product_tag-silent","36":"first","37":"instock","38":"shipping-taxable","39":"product-type-external"},"_links":{"self":[{"href":"https:\/\/comprasyconsejos.store\/en\/wp-json\/wp\/v2\/product\/31577","targetHints":{"allow":["GET"]}}],"collection":[{"href":"https:\/\/comprasyconsejos.store\/en\/wp-json\/wp\/v2\/product"}],"about":[{"href":"https:\/\/comprasyconsejos.store\/en\/wp-json\/wp\/v2\/types\/product"}],"replies":[{"embeddable":true,"href":"https:\/\/comprasyconsejos.store\/en\/wp-json\/wp\/v2\/comments?post=31577"}],"version-history":[{"count":0,"href":"https:\/\/comprasyconsejos.store\/en\/wp-json\/wp\/v2\/product\/31577\/revisions"}],"wp:featuredmedia":[{"embeddable":true,"href":"https:\/\/comprasyconsejos.store\/en\/wp-json\/wp\/v2\/media\/31578"}],"wp:attachment":[{"href":"https:\/\/comprasyconsejos.store\/en\/wp-json\/wp\/v2\/media?parent=31577"}],"wp:term":[{"taxonomy":"product_brand","embeddable":true,"href":"https:\/\/comprasyconsejos.store\/en\/wp-json\/wp\/v2\/product_brand?post=31577"},{"taxonomy":"product_cat","embeddable":true,"href":"https:\/\/comprasyconsejos.store\/en\/wp-json\/wp\/v2\/product_cat?post=31577"},{"taxonomy":"product_tag","embeddable":true,"href":"https:\/\/comprasyconsejos.store\/en\/wp-json\/wp\/v2\/product_tag?post=31577"}],"curies":[{"name":"wp","href":"https:\/\/api.w.org\/{rel}","templated":true}]}}