{"id":31586,"date":"2026-02-22T22:10:41","date_gmt":"2026-02-22T22:10:41","guid":{"rendered":"https:\/\/comprasyconsejos.store\/product\/elprico-quick-scan-portable-handheld-document-scanner-a4-high-speed-for-student-lawyers\/"},"modified":"2026-02-22T22:10:45","modified_gmt":"2026-02-22T22:10:45","slug":"elprico-quick-scan-portable-handheld-document-scanner-a4-high-speed-for-student-lawyers","status":"publish","type":"product","link":"https:\/\/comprasyconsejos.store\/en\/product\/elprico-quick-scan-portable-handheld-document-scanner-a4-high-speed-for-student-lawyers\/","title":{"rendered":"Elprico Quick Scan Portable Handheld Document Scanner A4 High Speed for Student Lawyers"},"content":{"rendered":"<p>Price: <span style=\"color:#b12704\">\u20ac77.48<\/span><br \/><i><small>(as of Feb 22, 2026 22:10:41 UTC &#8211; <span class=\"wp_automatic_amazon_disclaimer\" title=\"Product prices and availability are accurate as of the date\/time indicated and are subject to change. Any price and availability information displayed on [relevant Amazon Site(s), as applicable] at the time of purchase will apply to the purchase of this product.\">Details<\/span>)<\/small><\/i><\/p>\n<p><a href=\"https:\/\/amazon.es\/dp\/B0FSD5946Q?tag=man008-21\"><img decoding=\"async\" src=\"https:\/\/valvepress.s3.amazonaws.com\/imgs\/buy_now.png\"><\/a><br \/>\n<\/p>\n<p>                                             Product Description   <\/p>\n<p>                                                         <img decoding=\"async\" alt=\"1\" src=\"https:\/\/images-na.ssl-images-amazon.com\/images\/G\/01\/x-locale\/common\/grey-pixel.gif\" class=\"a-lazy-loaded\" data-src=\"https:\/\/m.media-amazon.com\/images\/S\/aplus-media-library-service-media\/b0ddefea-4742-4e33-8895-a7007e3a9637.__CR0,0,600,180_PT0_SX600_V1___.jpg\"><img decoding=\"async\" alt=\"1\" src=\"https:\/\/m.media-amazon.com\/images\/S\/aplus-media-library-service-media\/b0ddefea-4742-4e33-8895-a7007e3a9637.__CR0,0,600,180_PT0_SX600_V1___.jpg\">      <\/p>\n<p>                                                                             <img decoding=\"async\" alt=\"1\" src=\"https:\/\/images-na.ssl-images-amazon.com\/images\/G\/01\/x-locale\/common\/grey-pixel.gif\" class=\"a-spacing-base a-lazy-loaded\" data-src=\"https:\/\/m.media-amazon.com\/images\/S\/aplus-media-library-service-media\/07c14f77-566c-472d-8a7f-e75e217fd26a.__CR0,0,970,600_PT0_SX970_V1___.jpg\"><img decoding=\"async\" alt=\"1\" src=\"https:\/\/m.media-amazon.com\/images\/S\/aplus-media-library-service-media\/07c14f77-566c-472d-8a7f-e75e217fd26a.__CR0,0,970,600_PT0_SX970_V1___.jpg\">                                         <\/p>\n<h3 class=\"a-spacing-mini\"> Esc\u00e1ner port\u00e1til, esc\u00e1ner de documentos A4 port\u00e1til con resoluci\u00f3n de 900 DPI, modos JPEG y PDF, para oficina, banco y viajes <\/h3>\n<p>                                                                             <img decoding=\"async\" alt=\"3\" src=\"https:\/\/images-na.ssl-images-amazon.com\/images\/G\/01\/x-locale\/common\/grey-pixel.gif\" class=\"a-spacing-base a-lazy-loaded\" data-src=\"https:\/\/m.media-amazon.com\/images\/S\/aplus-media-library-service-media\/7976a222-20dd-4507-9459-26d8db0f6454.__CR0,0,970,600_PT0_SX970_V1___.jpg\"><img decoding=\"async\" alt=\"3\" src=\"https:\/\/m.media-amazon.com\/images\/S\/aplus-media-library-service-media\/7976a222-20dd-4507-9459-26d8db0f6454.__CR0,0,970,600_PT0_SX970_V1___.jpg\">                                                                    <\/p>\n<p>                                                                             <img decoding=\"async\" alt=\"El texto dice: \u00abTrabaja sobre la marcha\u00bb. Escritorio moderno con ordenador port\u00e1til, monitores y accesorios de oficina mostrados desde diferentes \u00e1ngulos en un espacio de trabajo limpio.\" src=\"https:\/\/images-na.ssl-images-amazon.com\/images\/G\/01\/x-locale\/common\/grey-pixel.gif\" class=\"a-spacing-base a-lazy-loaded\" data-src=\"https:\/\/m.media-amazon.com\/images\/S\/aplus-media-library-service-media\/e41f86bc-13a2-4cc6-a916-4a6b55556a42.__CR0,0,970,600_PT0_SX970_V1___.jpg\"><img decoding=\"async\" alt=\"El texto dice: \u00abTrabaja sobre la marcha\u00bb. Escritorio moderno con ordenador port\u00e1til, monitores y accesorios de oficina mostrados desde diferentes \u00e1ngulos en un espacio de trabajo limpio.\" src=\"https:\/\/m.media-amazon.com\/images\/S\/aplus-media-library-service-media\/e41f86bc-13a2-4cc6-a916-4a6b55556a42.__CR0,0,970,600_PT0_SX970_V1___.jpg\">                                                                    <\/p>\n<p>                                                                             <img decoding=\"async\" alt=\"4\" src=\"https:\/\/images-na.ssl-images-amazon.com\/images\/G\/01\/x-locale\/common\/grey-pixel.gif\" class=\"a-spacing-base a-lazy-loaded\" data-src=\"https:\/\/m.media-amazon.com\/images\/S\/aplus-media-library-service-media\/469e683b-bc53-49ba-8956-53eb385a5775.__CR0,0,970,600_PT0_SX970_V1___.jpg\"><img decoding=\"async\" alt=\"4\" src=\"https:\/\/m.media-amazon.com\/images\/S\/aplus-media-library-service-media\/469e683b-bc53-49ba-8956-53eb385a5775.__CR0,0,970,600_PT0_SX970_V1___.jpg\">                                                                     <\/p>\n<p class=\"a-spacing-base\">\n<p>Especificaci\u00f3nTipo de art\u00edculo: Esc\u00e1ner port\u00e1tilMaterial: ABSModo de escaneo: Blanco y negro y color\u00c1rea de escaneo: A4 (aprox. 213 mm)Bater\u00eda: 2 pilas AA (pilas no incluidas)Formato de almacenamiento: JPEG, PDF (seleccionable)Ampliable memoria: tarjeta Micro SD (de 1 GB a 32 GB) (tarjeta de memoria no incluida)Resoluci\u00f3n de escaneo: 300 ppp, 600 ppp, 900 pppSistemas compatibles: XP, 7 y OS Escaneo sin conexi\u00f3nApagado autom\u00e1tico: 3 minutosPaquete incluido: 1 esc\u00e1ner, 1 bolsa de almacenamiento, 1 cable de datos, 1 pa\u00f1o de limpieza, 1 x Manual del usuarioNota: No se requiere instalaci\u00f3n de software.Necesitas 2 pilas AA (no incluidas) y una tarjeta de memoria (no incluida) para utilizar el dispositivo directamente.     <\/p>\n<p> Package Dimensions                                            \u200f                                            :                                            \u200e                                            30.7 x 10.1 x 4.8 cm; 290 g   <br \/> Manufacturer                                            \u200f                                            :                                            \u200e                                            Elprico   <br \/> ASIN                                            \u200f                                            :                                            \u200e                                            B0FSD5946Q   <br \/> Item model number                                            \u200f                                            :                                            \u200e                                            Elpricotsdb0az4qu   <br \/> Country\/Region of Origin                                            \u200f                                            :                                            \u200e                                            China   <br \/> Guaranteed software updates until                                            \u200f                                            :                                            \u200e                                            unknown   <\/p>\n<p>[Portable &#038; Compact] Light and hand design for scanning on the go, easily fit into a bag or a briefcase.<br \/>[Enhanced Privacy] Quick important documents, eliminate the need to print transactions and ensure your information is confidential.<br \/>[Additional functions] Extensive memory with Micros memory (1g to 32GB) for storing a large number of documents and images.<br \/>[Scanning area] Documents about A4 size capable of being suitable for a variety of scanning requirements.<br \/>[Auto] has an automatic shut-off function after 3 minutes of inactivity that saves battery and energy.<\/p>\n\n","protected":false},"excerpt":{"rendered":"<p> Product Description Esc\u00e1ner port\u00e1til, esc\u00e1ner de documentos A4 port\u00e1til con resoluci\u00f3n de 900 DPI, modos<\/p>","protected":false},"featured_media":31587,"comment_status":"open","ping_status":"closed","template":"","meta":[],"product_brand":[],"product_cat":[60],"product_tag":[1990,1996,1982,9123,1989,1983,2490,197,1986,9124,1987,1984,290,1985,301,3475,840,1991,198,1310,1988],"class_list":{"0":"post-31586","1":"product","2":"type-product","3":"status-publish","4":"has-post-thumbnail","6":"product_cat-scanners","7":"product_tag-best-scanner","8":"product_tag-document","9":"product_tag-document-scanner","10":"product_tag-elprico","11":"product_tag-fast-document-scanner","12":"product_tag-flatbed-scanner","13":"product_tag-handheld","14":"product_tag-high","15":"product_tag-high-resolution-scanner","16":"product_tag-lawyers","17":"product_tag-office-scanner","18":"product_tag-photo-scanner","19":"product_tag-portable","20":"product_tag-portable-scanner","21":"product_tag-quick","22":"product_tag-scan","23":"product_tag-scanner","24":"product_tag-scanner-price","25":"product_tag-speed","26":"product_tag-student","27":"product_tag-usb-scanner","29":"first","30":"instock","31":"shipping-taxable","32":"product-type-external"},"_links":{"self":[{"href":"https:\/\/comprasyconsejos.store\/en\/wp-json\/wp\/v2\/product\/31586","targetHints":{"allow":["GET"]}}],"collection":[{"href":"https:\/\/comprasyconsejos.store\/en\/wp-json\/wp\/v2\/product"}],"about":[{"href":"https:\/\/comprasyconsejos.store\/en\/wp-json\/wp\/v2\/types\/product"}],"replies":[{"embeddable":true,"href":"https:\/\/comprasyconsejos.store\/en\/wp-json\/wp\/v2\/comments?post=31586"}],"version-history":[{"count":0,"href":"https:\/\/comprasyconsejos.store\/en\/wp-json\/wp\/v2\/product\/31586\/revisions"}],"wp:featuredmedia":[{"embeddable":true,"href":"https:\/\/comprasyconsejos.store\/en\/wp-json\/wp\/v2\/media\/31587"}],"wp:attachment":[{"href":"https:\/\/comprasyconsejos.store\/en\/wp-json\/wp\/v2\/media?parent=31586"}],"wp:term":[{"taxonomy":"product_brand","embeddable":true,"href":"https:\/\/comprasyconsejos.store\/en\/wp-json\/wp\/v2\/product_brand?post=31586"},{"taxonomy":"product_cat","embeddable":true,"href":"https:\/\/comprasyconsejos.store\/en\/wp-json\/wp\/v2\/product_cat?post=31586"},{"taxonomy":"product_tag","embeddable":true,"href":"https:\/\/comprasyconsejos.store\/en\/wp-json\/wp\/v2\/product_tag?post=31586"}],"curies":[{"name":"wp","href":"https:\/\/api.w.org\/{rel}","templated":true}]}}