{"id":31618,"date":"2026-02-22T22:32:19","date_gmt":"2026-02-22T22:32:19","guid":{"rendered":"https:\/\/comprasyconsejos.store\/product\/dell-27-plus-usb-c-monitor-s2725qc-4k-uhd-3840x2160-120hz-ips-4ms-amd-freesync-premium-99-srgb-height-adjustment-built-in-speakers-2-usb-c-2-hdmi-2-usb-3-year-warranty\/"},"modified":"2026-02-22T22:32:37","modified_gmt":"2026-02-22T22:32:37","slug":"dell-27-plus-usb-c-monitor-s2725qc-4k-uhd-3840x2160-120hz-ips-4ms-amd-freesync-premium-99-srgb-height-adjustment-built-in-speakers-2-usb-c-2-hdmi-2-usb-3-year-warranty","status":"publish","type":"product","link":"https:\/\/comprasyconsejos.store\/en\/product\/dell-27-plus-usb-c-monitor-s2725qc-4k-uhd-3840x2160-120hz-ips-4ms-amd-freesync-premium-99-srgb-height-adjustment-built-in-speakers-2-usb-c-2-hdmi-2-usb-3-year-warranty\/","title":{"rendered":"Dell 27 Plus USB-C Monitor &#8211; S2725QC, 4K UHD (3840&#215;2160), 120Hz, IPS, 4ms, AMD FreeSync Premium, 99% sRGB, Height Adjustment, Built-in Speakers, 2 USB-C, 2 HDMI, 2 USB, 3 Year Warranty"},"content":{"rendered":"<p>Price: <span style=\"color:#b12704\">\u20ac377.40<\/span><br \/><i><small>(as of Feb 22, 2026 22:32:19 UTC &#8211; <span class=\"wp_automatic_amazon_disclaimer\" title=\"Product prices and availability are accurate as of the date\/time indicated and are subject to change. Any price and availability information displayed on [relevant Amazon Site(s), as applicable] at the time of purchase will apply to the purchase of this product.\">Details<\/span>)<\/small><\/i><\/p>\n<p><a href=\"https:\/\/amazon.es\/dp\/B0F29RSLHP?tag=man008-21\"><img decoding=\"async\" src=\"https:\/\/valvepress.s3.amazonaws.com\/imgs\/buy_now.png\"><\/a><br \/>\n<\/p>\n<p>                                             From the brand   <\/p>\n<p>                                              <img decoding=\"async\" alt=\"\" src=\"https:\/\/images-na.ssl-images-amazon.com\/images\/G\/01\/x-locale\/common\/grey-pixel.gif\" class=\"a-lazy-loaded\" data-src=\"https:\/\/m.media-amazon.com\/images\/S\/aplus-media-library-service-media\/7e08296d-2e1c-4b8d-a68e-f79dbbd6afae.__CR0,0,1464,625_PT0_SX1464_V1___.jpg\"><img decoding=\"async\" alt=\"\" src=\"https:\/\/m.media-amazon.com\/images\/S\/aplus-media-library-service-media\/7e08296d-2e1c-4b8d-a68e-f79dbbd6afae.__CR0,0,1464,625_PT0_SX1464_V1___.jpg\">  <\/p>\n<h3> Accesorios para PC <\/h3>\n<p> Complete su configuraci\u00f3n con monitores, teclados, ratones y otros accesorios. <\/p>\n<h3> Complete su configuraci\u00f3n <\/h3>\n<p class=\"apm-brand-story-stores-link\">\n<h3> Complete su configuraci\u00f3n <\/h3>\n<p class=\"apm-brand-story-stores-link\">\n<h3> Complete su configuraci\u00f3n <\/h3>\n<p class=\"apm-brand-story-stores-link\">\n<p>                                              <img decoding=\"async\" alt=\"Varias vistas de alguien trabajando en una configuraci\u00f3n de escritorio con un port\u00e1til y un monitor, que muestran diferentes \u00e1ngulos de la disposici\u00f3n del espacio de trabajo.\" src=\"https:\/\/images-na.ssl-images-amazon.com\/images\/G\/01\/x-locale\/common\/grey-pixel.gif\" class=\"a-lazy-loaded\" data-src=\"https:\/\/m.media-amazon.com\/images\/S\/aplus-media-library-service-media\/f5b94167-4394-4b19-b14a-381a9677239d.__CR3,0,400,500_PT0_SX362_V1___.jpg\"><img decoding=\"async\" alt=\"Varias vistas de alguien trabajando en una configuraci\u00f3n de escritorio con un port\u00e1til y un monitor, que muestran diferentes \u00e1ngulos de la disposici\u00f3n del espacio de trabajo.\" src=\"https:\/\/m.media-amazon.com\/images\/S\/aplus-media-library-service-media\/f5b94167-4394-4b19-b14a-381a9677239d.__CR3,0,400,500_PT0_SX362_V1___.jpg\">  <\/p>\n<h3> Complete su configuraci\u00f3n <\/h3>\n<p class=\"apm-brand-story-stores-link\">\n<p> Batteries                                            \u200f                                            :                                            \u200e                                            AA batteries required.   <br \/> Language                                            \u200f                                            :                                            \u200e                                            Spanish   <br \/> Product Dimensions                                            \u200f                                            :                                            \u200e                                            20.04 x 61.16 x 38.86 cm; 6.71 kg   <br \/> Manufacturer                                            \u200f                                            :                                            \u200e                                            Dell   <br \/> ASIN                                            \u200f                                            :                                            \u200e                                            B0F29RSLHP   <br \/> Item model number                                            \u200f                                            :                                            \u200e                                            S2725QC   <br \/> Guaranteed software updates until                                            \u200f                                            :                                            \u200e                                            unknown   <br \/>  Customer reviews:                                                                                            4.5               4.5 out of 5 stars                                  (287)                                              var dpAcrHasRegisteredArcLinkClickAction;                    P.when(&#8216;A&#8217;, &#8216;ready&#8217;).execute(function(A) {                        if (dpAcrHasRegisteredArcLinkClickAction !== true) {                            dpAcrHasRegisteredArcLinkClickAction = true;                            A.declarative(                                &#8216;acrLink-click-metrics&#8217;, &#8216;click&#8217;,                                { \u00aballowLinkDefault\u00bb: true },                                function (event) {                                    if (window.ue) {                                        ue.count(\u00abacrLinkClickCount\u00bb, (ue.count(\u00abacrLinkClickCount\u00bb) || 0) + 1);                                    }                                }                            );                        }                    });                                             P.when(&#8216;A&#8217;, &#8216;cf&#8217;).execute(function(A) {                A.declarative(&#8216;acrStarsLink-click-metrics&#8217;, &#8216;click&#8217;, { \u00aballowLinkDefault\u00bb : true },  function(event){                    if(window.ue) {                        ue.count(\u00abacrStarsLinkWithPopoverClickCount\u00bb, (ue.count(\u00abacrStarsLinkWithPopoverClickCount\u00bb) || 0) + 1);                    }                });            });                          <\/p>\n<p>4K IMMERSIVE ENTERTAINMENT: Enjoy a stunning 4K visual experience with vivid colors and fluid movement. Ideal for movies, games and productivity with quality integrated sound.<br \/>PRECISE COLORS &#038; EXCEPTIONAL DETAIL: 4K UHD, IPS technology and 99% sRGB coverage ensure crisp, lifelike images for creative professionals and content enthusiasts.<br \/>ALL DAY VISUAL COMFORT: ComfortView Plus reduces blue light emission without sacrificing color accuracy. T\u00dcV Rheinland 4 star certification.<br \/>BUILT-IN POWERFUL SOUND: Dual 5W speakers with customizable sound profiles deliver a rich, immersive audio experience, without the need for external speakers.<br \/>USB-C CONNECTIVITY AND MULTIPLE PORTS: A single USB-C cable for data, video and charging (65W). Includes 2 HDMI, 2 USB-C, 2 USB-A, and easy access ports for quick connection.<\/p>\n\n","protected":false},"excerpt":{"rendered":"<p> From the brand Accesorios para PC Complete su configuraci\u00f3n con monitores, teclados, ratones y otros<\/p>","protected":false},"featured_media":31619,"comment_status":"open","ping_status":"closed","template":"","meta":[],"product_brand":[],"product_cat":[55],"product_tag":[1634,1934,1936,1935,1939,3145,1802,9130,1815,530,1940,1567,1784,809,1922,1933,544,1569,703,1937,844,1035,1938,3351,1039,1313,684,133,188,725,1128],"class_list":{"0":"post-31618","1":"product","2":"type-product","3":"status-publish","4":"has-post-thumbnail","6":"product_cat-gaming-monitors","7":"product_tag-120hz","8":"product_tag-144hz-gaming-monitor","9":"product_tag-1ms-gaming-monitor","10":"product_tag-240hz-gaming-monitor","11":"product_tag-27-inch-gaming-monitor","12":"product_tag-3840x2160","13":"product_tag-4k-gaming-monitor","14":"product_tag-4ms","15":"product_tag-adjustment","16":"product_tag-amd","17":"product_tag-best-gaming-monitor","18":"product_tag-builtin","19":"product_tag-curved-gaming-monitor","20":"product_tag-dell","21":"product_tag-freesync","22":"product_tag-gaming-monitor","23":"product_tag-hdmi","24":"product_tag-height","25":"product_tag-ips","26":"product_tag-ips-gaming-monitor","27":"product_tag-monitor","28":"product_tag-premium","29":"product_tag-rgb-gaming-monitor","30":"product_tag-s2725qc","31":"product_tag-speakers","32":"product_tag-srgb","33":"product_tag-uhd","34":"product_tag-usb","35":"product_tag-usbc","36":"product_tag-warranty","37":"product_tag-year","39":"first","40":"instock","41":"shipping-taxable","42":"product-type-external"},"_links":{"self":[{"href":"https:\/\/comprasyconsejos.store\/en\/wp-json\/wp\/v2\/product\/31618","targetHints":{"allow":["GET"]}}],"collection":[{"href":"https:\/\/comprasyconsejos.store\/en\/wp-json\/wp\/v2\/product"}],"about":[{"href":"https:\/\/comprasyconsejos.store\/en\/wp-json\/wp\/v2\/types\/product"}],"replies":[{"embeddable":true,"href":"https:\/\/comprasyconsejos.store\/en\/wp-json\/wp\/v2\/comments?post=31618"}],"version-history":[{"count":0,"href":"https:\/\/comprasyconsejos.store\/en\/wp-json\/wp\/v2\/product\/31618\/revisions"}],"wp:featuredmedia":[{"embeddable":true,"href":"https:\/\/comprasyconsejos.store\/en\/wp-json\/wp\/v2\/media\/31619"}],"wp:attachment":[{"href":"https:\/\/comprasyconsejos.store\/en\/wp-json\/wp\/v2\/media?parent=31618"}],"wp:term":[{"taxonomy":"product_brand","embeddable":true,"href":"https:\/\/comprasyconsejos.store\/en\/wp-json\/wp\/v2\/product_brand?post=31618"},{"taxonomy":"product_cat","embeddable":true,"href":"https:\/\/comprasyconsejos.store\/en\/wp-json\/wp\/v2\/product_cat?post=31618"},{"taxonomy":"product_tag","embeddable":true,"href":"https:\/\/comprasyconsejos.store\/en\/wp-json\/wp\/v2\/product_tag?post=31618"}],"curies":[{"name":"wp","href":"https:\/\/api.w.org\/{rel}","templated":true}]}}