{"id":31644,"date":"2026-02-22T22:43:00","date_gmt":"2026-02-22T22:43:00","guid":{"rendered":"https:\/\/comprasyconsejos.store\/product\/lg-32u721saw-w-smart-monitor-32-4k-3840-x-2160-va-60-hz-hdr10-5-ms-gtg-amd-freesync-premium-includes-lg-channels-portable-and-flexible-stand\/"},"modified":"2026-02-22T22:43:07","modified_gmt":"2026-02-22T22:43:07","slug":"lg-32u721saw-w-smart-monitor-32-4k-3840-x-2160-va-60-hz-hdr10-5-ms-gtg-amd-freesync-premium-includes-lg-channels-portable-and-flexible-stand","status":"publish","type":"product","link":"https:\/\/comprasyconsejos.store\/en\/product\/lg-32u721saw-w-smart-monitor-32-4k-3840-x-2160-va-60-hz-hdr10-5-ms-gtg-amd-freesync-premium-includes-lg-channels-portable-and-flexible-stand\/","title":{"rendered":"LG 32U721SAW-W &#8211; Smart Monitor, 32&#8243;, 4K (3840 x 2160), VA, 60 Hz, HDR10, 5 ms (GtG), AMD FreeSync Premium, Includes LG Channels, Portable and Flexible Stand"},"content":{"rendered":"<p>Price: <span style=\"color:#b12704\"><del>\u20ac599.00<\/del> - \u20ac499.00<\/span><br \/><i><small>(as of Feb 22, 2026 22:43:00 UTC &#8211; <span class=\"wp_automatic_amazon_disclaimer\" title=\"Product prices and availability are accurate as of the date\/time indicated and are subject to change. Any price and availability information displayed on [relevant Amazon Site(s), as applicable] at the time of purchase will apply to the purchase of this product.\">Details<\/span>)<\/small><\/i><\/p>\n<p><a href=\"https:\/\/amazon.es\/dp\/B0FRN184G6?tag=man008-21\"><img decoding=\"async\" src=\"https:\/\/valvepress.s3.amazonaws.com\/imgs\/buy_now.png\"><\/a><br \/>\n<\/p>\n<p>                                             From the manufacturer   <\/p>\n<p>                                                                                                       <img decoding=\"async\" alt=\"El texto dice \u00abLG Smart Monitor\u00bb y menciona \u00ab4K\u00bb. Imagen de marketing del producto que muestra la pantalla de un monitor delgado con una especificaci\u00f3n de \u00e1ngulo de visi\u00f3n de 670\u00b0.\" src=\"https:\/\/images-na.ssl-images-amazon.com\/images\/G\/01\/x-locale\/common\/grey-pixel.gif\" class=\"a-lazy-loaded\" data-src=\"https:\/\/m.media-amazon.com\/images\/S\/aplus-media-library-service-media\/17234d95-b363-4f52-b4cf-f1026d842665.__CR1,0,1464,600_PT0_SX1464_V1___.png\"><img decoding=\"async\" alt=\"El texto dice \u00abLG Smart Monitor\u00bb y menciona \u00ab4K\u00bb. Imagen de marketing del producto que muestra la pantalla de un monitor delgado con una especificaci\u00f3n de \u00e1ngulo de visi\u00f3n de 670\u00b0.\" src=\"https:\/\/m.media-amazon.com\/images\/S\/aplus-media-library-service-media\/17234d95-b363-4f52-b4cf-f1026d842665.__CR1,0,1464,600_PT0_SX1464_V1___.png\">                                               <\/p>\n<p>                                                                                                       <img decoding=\"async\" alt=\"El texto dice \u00abPantalla de 32 pulgadas\u00bb. Colecci\u00f3n de im\u00e1genes de pantallas digitales que muestran diversas escenas coloridas y entornos de escritorio.\" src=\"https:\/\/images-na.ssl-images-amazon.com\/images\/G\/01\/x-locale\/common\/grey-pixel.gif\" class=\"a-lazy-loaded\" data-src=\"https:\/\/m.media-amazon.com\/images\/S\/aplus-media-library-service-media\/7fe7f36c-79cb-4f38-89b2-e43315761489.__CR1,0,1464,600_PT0_SX1464_V1___.png\"><img decoding=\"async\" alt=\"El texto dice \u00abPantalla de 32 pulgadas\u00bb. Colecci\u00f3n de im\u00e1genes de pantallas digitales que muestran diversas escenas coloridas y entornos de escritorio.\" src=\"https:\/\/m.media-amazon.com\/images\/S\/aplus-media-library-service-media\/7fe7f36c-79cb-4f38-89b2-e43315761489.__CR1,0,1464,600_PT0_SX1464_V1___.png\">                                               <\/p>\n<p>                                                                                                       <img decoding=\"async\" alt=\"aplus content image\" src=\"https:\/\/images-na.ssl-images-amazon.com\/images\/G\/01\/x-locale\/common\/grey-pixel.gif\" class=\"a-lazy-loaded\" data-src=\"https:\/\/m.media-amazon.com\/images\/S\/aplus-media-library-service-media\/77a8b6c7-015b-4845-8894-14ce7dde379d.__CR1,0,1464,600_PT0_SX1464_V1___.png\"><img decoding=\"async\" alt=\"aplus content image\" src=\"https:\/\/m.media-amazon.com\/images\/S\/aplus-media-library-service-media\/77a8b6c7-015b-4845-8894-14ce7dde379d.__CR1,0,1464,600_PT0_SX1464_V1___.png\">                                               <\/p>\n<p>                                                                                  <img decoding=\"async\" alt=\"El texto dice \u00abSelezionato al caramelle\u00bb. M\u00faltiples escenas navide\u00f1as decorativas en tonos c\u00e1lidos con accesorios y decoraci\u00f3n festivos de invierno.\" src=\"https:\/\/m.media-amazon.com\/images\/S\/aplus-media-library-service-media\/1877a852-8179-4ec5-934d-d6caf68665ec.__CR1,0,1464,600_PT0_SX1464_V1___.png\">       <\/p>\n<p>                                                                                  <img decoding=\"async\" alt=\"El texto dice \u00abTu portal de contenidos personalizados\u00bb. Colecci\u00f3n de capturas de pantalla de la interfaz que muestran las opciones de gesti\u00f3n y personalizaci\u00f3n del contenido.\" src=\"https:\/\/m.media-amazon.com\/images\/S\/aplus-media-library-service-media\/ead68c8a-4052-45b7-bdc9-3746e1562169.__CR1,0,1464,600_PT0_SX1464_V1___.png\">       <\/p>\n<p>                                                                                  <img decoding=\"async\" alt=\"aplus content image\" src=\"https:\/\/m.media-amazon.com\/images\/S\/aplus-media-library-service-media\/32dd695a-756c-43bf-b720-901371353f73.__CR1,0,1464,600_PT0_SX1464_V1___.png\">       <\/p>\n<p>                                                                                  <img decoding=\"async\" alt=\"El texto dice \u00abSiente el realismo en cada detalle\u00bb. Imagen promocional de color p\u00farpura que muestra la iluminaci\u00f3n del escenario y los efectos atmosf\u00e9ricos.\" src=\"https:\/\/m.media-amazon.com\/images\/S\/aplus-media-library-service-media\/ed3ac143-ebce-4626-b05a-c571eaacea1a.__CR1,0,1464,600_PT0_SX1464_V1___.png\">       <\/p>\n<p>                                                                                  <img decoding=\"async\" alt=\"aplus content image\" src=\"https:\/\/m.media-amazon.com\/images\/S\/aplus-media-library-service-media\/048416d0-f7b1-408d-a455-535a3662f2eb.__CR1,0,1464,600_PT0_SX1464_V1___.png\">       <\/p>\n<p>                                                                                  <img decoding=\"async\" alt=\"El texto dice \u00abOptimiza tu espacio sin comprometer tu estilo\u00bb. Diagrama del producto que muestra diferentes configuraciones y soluciones que ahorran espacio en degradados abstractos de azul y rosa.\" src=\"https:\/\/m.media-amazon.com\/images\/S\/aplus-media-library-service-media\/dd987b77-452c-4066-8d20-67218ea1c8d0.__CR1,0,1464,600_PT0_SX1464_V1___.png\">       <\/p>\n<p>                                                                                  <img decoding=\"async\" alt=\"El texto dice \u00abCUSTODIA ANTIURTO\u00bb \u00abSolo para iPhone 19\u00bb. Las im\u00e1genes del producto muestran las funciones y aplicaciones de la funda protectora del tel\u00e9fono.\" src=\"https:\/\/m.media-amazon.com\/images\/S\/aplus-media-library-service-media\/2fb3d03c-3424-4b20-8ef8-de353f436b9c.__CR1,0,1464,600_PT0_SX1464_V1___.png\">       <\/p>\n<p>                                                                                  <img decoding=\"async\" alt=\"aplus content image\" src=\"https:\/\/m.media-amazon.com\/images\/S\/aplus-media-library-service-media\/fee06bb9-ec23-47f5-8359-dbe2e6f203c3.__CR1,0,1464,600_PT0_SX1464_V1___.png\">       <\/p>\n<p>                                                                                  <img decoding=\"async\" alt=\"El texto dice \u00abComparte todo tu contenido desde cualquiera de tus dispositivos\u00bb. Configuraci\u00f3n de pantalla digital que muestra m\u00faltiples pantallas y dispositivos en un entorno hogare\u00f1o moderno con paredes blancas y detalles en madera.\" src=\"https:\/\/m.media-amazon.com\/images\/S\/aplus-media-library-service-media\/28a0b582-3c86-45a4-b27f-152b518dead0.__CR1,0,1464,600_PT0_SX1464_V1___.png\">       <\/p>\n<p>                                                                                  <img decoding=\"async\" alt=\"El texto dice \u00abPotencia, conexi\u00f3n y simplicidad para maximizar tu experiencia\u00bb. Diagramas de varios puertos USB y conectores que muestran las conexiones de interfaz con l\u00edneas de conexi\u00f3n rojas.\" src=\"https:\/\/m.media-amazon.com\/images\/S\/aplus-media-library-service-media\/12632700-abe9-429b-b91b-7c0e20733ae7.__CR1,0,1464,600_PT0_SX1464_V1___.png\">       <\/p>\n<p> Product Dimensions                                            \u200f                                            :                                            \u200e                                            43.8 x 71.42 x 42.94 cm; 33 kg   <br \/> Manufacturer                                            \u200f                                            :                                            \u200e                                            LG   <br \/> ASIN                                            \u200f                                            :                                            \u200e                                            B0FRN184G6   <br \/> Item model number                                            \u200f                                            :                                            \u200e                                            32U721SAW-W.EEU   <br \/> Country of origin                                            \u200f                                            :                                            \u200e                                            Korea, Republic of   <br \/> Guaranteed software updates until                                            \u200f                                            :                                            \u200e                                            unknown   <br \/>  Customer reviews:                                                                                            4.4               4.4 out of 5 stars                                  (250)                                              var dpAcrHasRegisteredArcLinkClickAction;                    P.when(&#8216;A&#8217;, &#8216;ready&#8217;).execute(function(A) {                        if (dpAcrHasRegisteredArcLinkClickAction !== true) {                            dpAcrHasRegisteredArcLinkClickAction = true;                            A.declarative(                                &#8216;acrLink-click-metrics&#8217;, &#8216;click&#8217;,                                { \u00aballowLinkDefault\u00bb: true },                                function (event) {                                    if (window.ue) {                                        ue.count(\u00abacrLinkClickCount\u00bb, (ue.count(\u00abacrLinkClickCount\u00bb) || 0) + 1);                                    }                                }                            );                        }                    });                                             P.when(&#8216;A&#8217;, &#8216;cf&#8217;).execute(function(A) {                A.declarative(&#8216;acrStarsLink-click-metrics&#8217;, &#8216;click&#8217;, { \u00aballowLinkDefault\u00bb : true },  function(event){                    if(window.ue) {                        ue.count(\u00abacrStarsLinkWithPopoverClickCount\u00bb, (ue.count(\u00abacrStarsLinkWithPopoverClickCount\u00bb) || 0) + 1);                    }                });            });                          <\/p>\n<p>Crisp, lifelike images: 32&#8243; VA panel with 4K UHD resolution (3840&#215;2160) and HDR10. It offers vivid colors, deep blacks and great detail for an immersive visual experience.<br \/>Full flexibility with portable stand: adjust tilt, height and swivel of the monitor according to your needs, with stable base and wheels for easy movement.<br \/>Built-in webOS 24 Smart TV: direct access to Netflix, Disney+, Spotify, YouTube, TikTok and 300+ free channels with LG Channels, no PC or console needed.<br \/>Advanced connectivity and VESA support: Includes USB-C, USB-A, and VESA 100&#215;100 anchor support, adaptable to other brand monitors up to 34&#8243; and 6.5 kg.<br \/>Comfortable and smooth viewing experience: VA panel with 178\u00b0 viewing angles, 5ms (GtG) response time, and AMD FreeSync Premium technology for stable images.<\/p>\n\n","protected":false},"excerpt":{"rendered":"<p> From the manufacturer Product Dimensions \u200f : \u200e 43.8 x 71.42 x 42.94 cm; 33<\/p>","protected":false},"featured_media":31645,"comment_status":"open","ping_status":"closed","template":"","meta":[],"product_brand":[],"product_cat":[53],"product_tag":[1804,9132,1801,1802,1805,1803,1799,1807,530,1806,2456,4683,1922,6067,1925,1196,844,290,1035,1808,1593,227,1800],"class_list":{"0":"post-31644","1":"product","2":"type-product","3":"status-publish","4":"has-post-thumbnail","6":"product_cat-4k-monitors","7":"product_tag-32-inch-4k-monitor","8":"product_tag-32u721saww","9":"product_tag-3840x2160-monitor","10":"product_tag-4k-gaming-monitor","11":"product_tag-4k-hdr-monitor","12":"product_tag-4k-ips-monitor","13":"product_tag-4k-monitor","14":"product_tag-4k-monitor-price","15":"product_tag-amd","16":"product_tag-best-4k-monitor","17":"product_tag-channels","18":"product_tag-flexible","19":"product_tag-freesync","20":"product_tag-gtg","21":"product_tag-hdr10","22":"product_tag-includes","23":"product_tag-monitor","24":"product_tag-portable","25":"product_tag-premium","26":"product_tag-professional-4k-monitor","27":"product_tag-smart","28":"product_tag-stand","29":"product_tag-uhd-monitor","31":"first","32":"instock","33":"sale","34":"shipping-taxable","35":"product-type-external"},"_links":{"self":[{"href":"https:\/\/comprasyconsejos.store\/en\/wp-json\/wp\/v2\/product\/31644","targetHints":{"allow":["GET"]}}],"collection":[{"href":"https:\/\/comprasyconsejos.store\/en\/wp-json\/wp\/v2\/product"}],"about":[{"href":"https:\/\/comprasyconsejos.store\/en\/wp-json\/wp\/v2\/types\/product"}],"replies":[{"embeddable":true,"href":"https:\/\/comprasyconsejos.store\/en\/wp-json\/wp\/v2\/comments?post=31644"}],"version-history":[{"count":0,"href":"https:\/\/comprasyconsejos.store\/en\/wp-json\/wp\/v2\/product\/31644\/revisions"}],"wp:featuredmedia":[{"embeddable":true,"href":"https:\/\/comprasyconsejos.store\/en\/wp-json\/wp\/v2\/media\/31645"}],"wp:attachment":[{"href":"https:\/\/comprasyconsejos.store\/en\/wp-json\/wp\/v2\/media?parent=31644"}],"wp:term":[{"taxonomy":"product_brand","embeddable":true,"href":"https:\/\/comprasyconsejos.store\/en\/wp-json\/wp\/v2\/product_brand?post=31644"},{"taxonomy":"product_cat","embeddable":true,"href":"https:\/\/comprasyconsejos.store\/en\/wp-json\/wp\/v2\/product_cat?post=31644"},{"taxonomy":"product_tag","embeddable":true,"href":"https:\/\/comprasyconsejos.store\/en\/wp-json\/wp\/v2\/product_tag?post=31644"}],"curies":[{"name":"wp","href":"https:\/\/api.w.org\/{rel}","templated":true}]}}