{"id":31726,"date":"2026-02-22T23:25:04","date_gmt":"2026-02-22T23:25:04","guid":{"rendered":"https:\/\/comprasyconsejos.store\/product\/asus-rog-strix-b860-i-gaming-wifi-mini-itx-motherboard-advanced-ai-ready-10121-power-stages-ddr5-pcie-5-0-two-m-2-slots-wifi-7-asus-ai-advisor-ai-networking-ii\/"},"modified":"2026-02-22T23:25:23","modified_gmt":"2026-02-22T23:25:23","slug":"asus-rog-strix-b860-i-gaming-wifi-mini-itx-motherboard-advanced-ai-ready-10121-power-stages-ddr5-pcie-5-0-two-m-2-slots-wifi-7-asus-ai-advisor-ai-networking-ii","status":"publish","type":"product","link":"https:\/\/comprasyconsejos.store\/en\/product\/asus-rog-strix-b860-i-gaming-wifi-mini-itx-motherboard-advanced-ai-ready-10121-power-stages-ddr5-pcie-5-0-two-m-2-slots-wifi-7-asus-ai-advisor-ai-networking-ii\/","title":{"rendered":"ASUS ROG Strix B860-I Gaming WiFi, Mini-iTX Motherboard, Advanced AI Ready, 10+1+2+1 Power Stages, DDR5, PCIe 5.0, Two M.2 Slots, WiFi 7, ASUS AI Advisor, AI Networking II"},"content":{"rendered":"<p>Price: <span style=\"color:#b12704\">\u20ac233.99<\/span><br \/><i><small>(as of Feb 22, 2026 23:25:04 UTC &#8211; <span class=\"wp_automatic_amazon_disclaimer\" title=\"Product prices and availability are accurate as of the date\/time indicated and are subject to change. Any price and availability information displayed on [relevant Amazon Site(s), as applicable] at the time of purchase will apply to the purchase of this product.\">Details<\/span>)<\/small><\/i><\/p>\n<p><a href=\"https:\/\/amazon.es\/dp\/B0DPMRBJVC?tag=man008-21\"><img decoding=\"async\" src=\"https:\/\/valvepress.s3.amazonaws.com\/imgs\/buy_now.png\"><\/a><br \/>\n<\/p>\n<p>                                             From the manufacturer   <\/p>\n<p>                                                      <img decoding=\"async\" alt=\" \" src=\"https:\/\/images-na.ssl-images-amazon.com\/images\/G\/01\/x-locale\/common\/grey-pixel.gif\" class=\"a-spacing-mini a-lazy-loaded\" data-src=\"https:\/\/m.media-amazon.com\/images\/S\/aplus-media-library-service-media\/e60e6dab-a484-4140-8b9d-1b7fa0c25db7.__CR0,0,300,400_PT0_SX300_V1___.png\"><img decoding=\"async\" alt=\" \" src=\"https:\/\/m.media-amazon.com\/images\/S\/aplus-media-library-service-media\/e60e6dab-a484-4140-8b9d-1b7fa0c25db7.__CR0,0,300,400_PT0_SX300_V1___.png\">  <\/p>\n<p>                                                              <img decoding=\"async\" alt=\" \" src=\"https:\/\/images-na.ssl-images-amazon.com\/images\/G\/01\/x-locale\/common\/grey-pixel.gif\" class=\"a-spacing-mini a-lazy-loaded\" data-src=\"https:\/\/m.media-amazon.com\/images\/S\/aplus-media-library-service-media\/b9d349e7-b2df-41dd-bcd8-f3d7567bcda8.__CR0,0,350,175_PT0_SX350_V1___.jpg\"><img decoding=\"async\" alt=\" \" src=\"https:\/\/m.media-amazon.com\/images\/S\/aplus-media-library-service-media\/b9d349e7-b2df-41dd-bcd8-f3d7567bcda8.__CR0,0,350,175_PT0_SX350_V1___.jpg\">                                                                 <\/p>\n<p class=\"a-spacing-small a-size-small a-color-secondary\"> Republic of Gamers (ROG), parte de la familia ASUS, se dedica a crear hardware gaming innovador para jugadores. ROG se compromete a ofrecer el m\u00e1ximo rendimiento y calidad en toda su l\u00ednea de productos. ROG es para los entusiastas del mejor hardware y software gaming, permitiendo la experiencia inform\u00e1tica definitiva. Con una est\u00e9tica futurista enfocada a los jugadores, la emoci\u00f3n de los juegos se fusiona con un estilo premium excepcional. <\/p>\n<h3 class=\"a-spacing-mini\"> ROG STRIX B860-I GAMING WIFI <\/h3>\n<p class=\"a-spacing-base\"> Placa base ROG Strix B860-I Gaming WiFi Mini-iTX, preparada para PC con IA avanzada, 10+1+2+1 etapas de potencia, ranuras DDR5, PCIe 5.0, dos ranuras M.2, WiFi 7, ASUS AI Advisor, AI Networking II <\/p>\n<p>                                                          Preparado para la inform\u00e1tica de IA avanzada: Dise\u00f1ados para el futuro de la inform\u00e1tica de IA, con la potencia y conectividad necesarias para las exigentes aplicaciones de IA.       Z\u00f3calo Intel LGA 1851 Preparado para procesadores Intel Core Ultra (Serie 2)       Tecnolog\u00edas exclusivas de IA y memoria: ASUS AI Advisor, AI Networking II exclusiva de ASUS, DIMM Fit y AEMP III para simplificar la configuraci\u00f3n y mejorar el rendimiento       Soluci\u00f3n de potencia robusta: 10(80A)+1(80A)+2(80A)+1(80A) etapas de potencia con conectores de potencia ProCool, bobinas de aleaci\u00f3n MicroFine y condensadores met\u00e1licos de primera calidad       Dise\u00f1o t\u00e9rmico optimizado: Disipadores masivos con cubierta de E\/S integrada, almohadillas t\u00e9rmicas de alta conductividad y conectados con un caloducto en forma de L       Compatible con M.2 de \u00faltima generaci\u00f3n: Una ranura PCIe 5.0 M.2 integrada, refrigerada por un gran disipador para maximizar el rendimiento       Conectividad abundante: Un puerto USB Tipo-C Thunderbolt 4 , un conector USB a 20 Gbps , dos puertos USB a 10 Gbps, PCIe 5.0 x16 SafeSlot y compatibilidad con gr\u00e1ficas de pr\u00f3xima generaci\u00f3n, HDMI 2.1       Redes de alto rendimiento: Wi-Fi 7 (802.11be) con ASUS WiFi Q-Antenna, Intel Ethernet de 2,5 Gb      <\/p>\n<p class=\"apm-text-center\">\n                                                      <img decoding=\"async\" alt=\" \" src=\"https:\/\/images-na.ssl-images-amazon.com\/images\/G\/01\/x-locale\/common\/grey-pixel.gif\" class=\"a-spacing-mini a-lazy-loaded\" data-src=\"https:\/\/m.media-amazon.com\/images\/S\/aplus-media-library-service-media\/d3869a48-e6c5-48d6-a392-dcbe04d44851.__CR0,0,300,300_PT0_SX300_V1___.png\"><img decoding=\"async\" alt=\" \" src=\"https:\/\/m.media-amazon.com\/images\/S\/aplus-media-library-service-media\/d3869a48-e6c5-48d6-a392-dcbe04d44851.__CR0,0,300,300_PT0_SX300_V1___.png\">  <\/p>\n<p>                                                    ASUS AI ADVISOR                                       <\/p>\n<p> ASUS AI Advisor es un experto t\u00e9cnico de ASUS que siempre est\u00e1 disponible para responder a tus preguntas. Los propietarios de placas base ASUS compatibles pueden interactuar con esta tecnolog\u00eda basada en IA utilizando el lenguaje natural para aprender m\u00e1s sobre su hardware. Para los principiantes del bricolaje, puede proporcionar explicaciones f\u00e1ciles de entender sobre las funciones de optimizaci\u00f3n con un solo clic, como el ajuste de la velocidad de los ventiladores, y para los veteranos de la construcci\u00f3n de PC, puede ofrecer orientaci\u00f3n e instrucciones sobre las \u00faltimas funciones ofrecidas por ASUS. <\/p>\n<p> *La disponibilidad del ASUS AI Advisor puede variar seg\u00fan la regi\u00f3n. <\/p>\n<p> **Las funciones de AI Advisor pueden variar seg\u00fan la plataforma. <\/p>\n<p class=\"apm-text-center\">\n                                                      <img decoding=\"async\" alt=\" \" src=\"https:\/\/images-na.ssl-images-amazon.com\/images\/G\/01\/x-locale\/common\/grey-pixel.gif\" class=\"a-spacing-mini a-lazy-loaded\" data-src=\"https:\/\/m.media-amazon.com\/images\/S\/aplus-media-library-service-media\/45a4da42-3ed8-4659-8a92-2371b282af1d.__CR0,0,300,300_PT0_SX300_V1___.png\"><img decoding=\"async\" alt=\" \" src=\"https:\/\/m.media-amazon.com\/images\/S\/aplus-media-library-service-media\/45a4da42-3ed8-4659-8a92-2371b282af1d.__CR0,0,300,300_PT0_SX300_V1___.png\">  <\/p>\n<p>                                                    Traffic Monitor                                       <\/p>\n<p> El Traffic Monitor de Armoury Crate rastrea el uso actual de tu canal WiFi. Mu\u00e9vete a un canal menos congestionado pulsando el bot\u00f3n \u00abChannel Switch\u00bb* para mejorar el rendimiento de la red. <\/p>\n<p> *La funci\u00f3n \u00abChannel Switch\u00bb requiere la sincronizaci\u00f3n con un router ASUS. Si no est\u00e1s emparejado con un router ASUS, el proceso de cambio de canal puede realizarse en la secci\u00f3n \u00abIP del router\u00bb del Traffic Monitor. <\/p>\n<p class=\"apm-text-center\">\n                                                      <img decoding=\"async\" alt=\" \" src=\"https:\/\/images-na.ssl-images-amazon.com\/images\/G\/01\/x-locale\/common\/grey-pixel.gif\" class=\"a-spacing-mini a-lazy-loaded\" data-src=\"https:\/\/m.media-amazon.com\/images\/S\/aplus-media-library-service-media\/fb17c14d-349e-4f7f-a22f-bbcb9cc72e6f.__CR0,0,300,300_PT0_SX300_V1___.png\"><img decoding=\"async\" alt=\" \" src=\"https:\/\/m.media-amazon.com\/images\/S\/aplus-media-library-service-media\/fb17c14d-349e-4f7f-a22f-bbcb9cc72e6f.__CR0,0,300,300_PT0_SX300_V1___.png\">  <\/p>\n<p>                                                    Fast Check                                       <\/p>\n<p> Fast Check de Armoury Crate permite a los usuarios detectar r\u00e1pidamente la intensidad de la se\u00f1al WiFi. <\/p>\n<p class=\"apm-text-center\">\n                                                      <img decoding=\"async\" alt=\" \" src=\"https:\/\/images-na.ssl-images-amazon.com\/images\/G\/01\/x-locale\/common\/grey-pixel.gif\" class=\"a-spacing-mini a-lazy-loaded\" data-src=\"https:\/\/m.media-amazon.com\/images\/S\/aplus-media-library-service-media\/186cca11-5dd9-4e88-9453-852f90dbdd74.__CR0,0,300,300_PT0_SX300_V1___.png\"><img decoding=\"async\" alt=\" \" src=\"https:\/\/m.media-amazon.com\/images\/S\/aplus-media-library-service-media\/186cca11-5dd9-4e88-9453-852f90dbdd74.__CR0,0,300,300_PT0_SX300_V1___.png\">  <\/p>\n<p>                                                    PCIE SLOT Q-Release Slim                                       <\/p>\n<p> Con PCIe Slot Q-Release Slim, basta con inclinar la tarjeta hacia el mecanismo de enganche para desbloquearla autom\u00e1ticamente de la ranura PCIe. Esto hace que las actualizaciones y el mantenimiento sean m\u00e1s f\u00e1ciles que nunca. Los usuarios ya no tendr\u00e1n que juguetear con un pestillo complicado ni pulsar un bot\u00f3n para liberar la tarjeta gr\u00e1fica de la ranura. <\/p>\n<p class=\"apm-text-center\">\n                                                      <img decoding=\"async\" alt=\" \" src=\"https:\/\/images-na.ssl-images-amazon.com\/images\/G\/01\/x-locale\/common\/grey-pixel.gif\" class=\"a-spacing-mini a-lazy-loaded\" data-src=\"https:\/\/m.media-amazon.com\/images\/S\/aplus-media-library-service-media\/9a975053-dfba-44dd-b434-4f81b3e3ed0f.__CR0,0,300,300_PT0_SX300_V1___.png\"><img decoding=\"async\" alt=\" \" src=\"https:\/\/m.media-amazon.com\/images\/S\/aplus-media-library-service-media\/9a975053-dfba-44dd-b434-4f81b3e3ed0f.__CR0,0,300,300_PT0_SX300_V1___.png\">  <\/p>\n<p>                                                    M.2 Q-LATCH                                       <\/p>\n<p> El nuevo dise\u00f1o Q-Latch permite instalar o extraer las unidades SSD M.2 sin necesidad de herramientas, con una sola pulsaci\u00f3n. <\/p>\n<p class=\"apm-text-center\">\n                                                      <img decoding=\"async\" alt=\" \" src=\"https:\/\/images-na.ssl-images-amazon.com\/images\/G\/01\/x-locale\/common\/grey-pixel.gif\" class=\"a-spacing-mini a-lazy-loaded\" data-src=\"https:\/\/m.media-amazon.com\/images\/S\/aplus-media-library-service-media\/735aed90-0bb2-424a-b4c8-40f0e492c9a2.__CR0,0,300,300_PT0_SX300_V1___.png\"><img decoding=\"async\" alt=\" \" src=\"https:\/\/m.media-amazon.com\/images\/S\/aplus-media-library-service-media\/735aed90-0bb2-424a-b4c8-40f0e492c9a2.__CR0,0,300,300_PT0_SX300_V1___.png\">  <\/p>\n<p>                                                    PCIE 5.0                                       <\/p>\n<p> La Strix B860-I ofrece compatibilidad PCIe 5.0 de extremo a extremo, y la ranura de expansi\u00f3n x16 superior est\u00e1 protegida con un soporte de retenci\u00f3n SafeSlot para soportar el peso de las tarjetas gr\u00e1ficas m\u00e1s recientes. Una de las ranuras M.2 integradas puede alcanzar velocidades de lectura y escritura de hasta 16 GB\/s, mientras que el resto puede proporcionar transferencias de 8 GB\/s, todav\u00eda impresionantes. Y todas las ranuras M.2 est\u00e1n cubiertas con disipadores t\u00e9rmicos para disipar el calor de las unidades de pr\u00f3xima generaci\u00f3n. <\/p>\n<p class=\"apm-text-center\">\n                                                      <img decoding=\"async\" alt=\" \" src=\"https:\/\/images-na.ssl-images-amazon.com\/images\/G\/01\/x-locale\/common\/grey-pixel.gif\" class=\"a-spacing-mini a-lazy-loaded\" data-src=\"https:\/\/m.media-amazon.com\/images\/S\/aplus-media-library-service-media\/d254b4c9-5866-4d69-919b-e09c1fa382b8.__CR0,0,300,300_PT0_SX300_V1___.png\"><img decoding=\"async\" alt=\" \" src=\"https:\/\/m.media-amazon.com\/images\/S\/aplus-media-library-service-media\/d254b4c9-5866-4d69-919b-e09c1fa382b8.__CR0,0,300,300_PT0_SX300_V1___.png\">  <\/p>\n<p>                                                    Dise\u00f1o de alimentaci\u00f3n                                       <\/p>\n<p> 1. ARQUITECTURA DE ALIMENTACI\u00d3N <\/p>\n<p> El VRM cuenta con 10+1+2+1 etapas de potencia, cada una de las cuales puede manejar hasta 80 amperios. <\/p>\n<p> 2. BOBINAS DE ALEACI\u00d3N Y CONDENSADORES DURADEROS <\/p>\n<p> Las bobinas de aleaci\u00f3n y los condensadores duraderos est\u00e1n dise\u00f1ados para resistir temperaturas extremas, lo que permite un rendimiento que supera los est\u00e1ndares del sector. <\/p>\n<p> 3. CONECTOR DE ALIMENTACI\u00d3N PROCOOL DE 8 PINES <\/p>\n<p> El conector ProCool est\u00e1 fabricado con precisi\u00f3n para asegurar un contacto uniforme con las l\u00edneas de alimentaci\u00f3n de la fuente de alimentaci\u00f3n. Una cubierta met\u00e1lica mejora la disipaci\u00f3n del calor y reduce la impedancia el\u00e9ctrica. <\/p>\n<p> 4. PCB DE OCHO CAPAS <\/p>\n<p> Un dise\u00f1o de placa de circuito impreso multicapa disipa r\u00e1pidamente el calor alrededor de los reguladores de voltaje para mejorar la estabilidad general del sistema y proporcionar a la CPU m\u00e1s margen de overclocking. <\/p>\n<p class=\"apm-text-center\">\n                                                      <img decoding=\"async\" alt=\" \" src=\"https:\/\/images-na.ssl-images-amazon.com\/images\/G\/01\/x-locale\/common\/grey-pixel.gif\" class=\"a-spacing-mini a-lazy-loaded\" data-src=\"https:\/\/m.media-amazon.com\/images\/S\/aplus-media-library-service-media\/52d3a4a6-f3ab-42fd-a848-9b0d5851b5c0.__CR0,0,300,300_PT0_SX300_V1___.png\"><img decoding=\"async\" alt=\" \" src=\"https:\/\/m.media-amazon.com\/images\/S\/aplus-media-library-service-media\/52d3a4a6-f3ab-42fd-a848-9b0d5851b5c0.__CR0,0,300,300_PT0_SX300_V1___.png\">  <\/p>\n<p>                                                    Potencia DDR5                                       <\/p>\n<p> ROG tiene un largo historial de proporcionar memoria de alto rendimiento, y la DDR5 no es una excepci\u00f3n. El enrutamiento mejorado de la se\u00f1al puede llevar los kits para entusiastas mucho m\u00e1s all\u00e1 del umbral de 9 GT\/s en la Strix B860-I, con velocidades a\u00fan mayores en el horizonte. Para los usuarios experimentados, la UEFI ofrece una amplia gama de opciones para ajustar con precisi\u00f3n y llevar el rendimiento al l\u00edmite. <\/p>\n<p class=\"apm-text-center\">\n                                                      <img decoding=\"async\" alt=\" \" src=\"https:\/\/images-na.ssl-images-amazon.com\/images\/G\/01\/x-locale\/common\/grey-pixel.gif\" class=\"a-spacing-mini a-lazy-loaded\" data-src=\"https:\/\/m.media-amazon.com\/images\/S\/aplus-media-library-service-media\/c10ebe13-b9cd-4304-91cc-3a80b90af1fc.__CR0,0,300,300_PT0_SX300_V1___.png\"><img decoding=\"async\" alt=\" \" src=\"https:\/\/m.media-amazon.com\/images\/S\/aplus-media-library-service-media\/c10ebe13-b9cd-4304-91cc-3a80b90af1fc.__CR0,0,300,300_PT0_SX300_V1___.png\">  <\/p>\n<p>                                                    REFRIGERACI\u00d3N                                       <\/p>\n<p> 1. CONJUNTO DISIPADOR T\u00c9RMICO VRM <\/p>\n<p> El disipador t\u00e9rmico VRM se extiende por encima de la E\/S trasera para maximizar la superficie e incluir un ventilador VRM de refrigeraci\u00f3n activa para manejar h\u00e1bilmente las t\u00e9rmicas de potencia de los \u00faltimos procesadores Intel, al tiempo que deja espacio libre para grandes disipadores de CPU. <\/p>\n<p> 2. ALMOHADILLAS T\u00c9RMICAS DE ALTA CONDUCTIVIDAD <\/p>\n<p> Se utilizan almohadillas t\u00e9rmicas de alta calidad entre las etapas de potencia y los disipadores, que ayudan a mejorar la transferencia de calor y a reducir las temperaturas de funcionamiento del VRM. <\/p>\n<p> 3. DISIPADORES M.2 <\/p>\n<p> Los disipadores t\u00e9rmicos cubren cada ranura para ayudar a mantener las SSD NVME integradas a temperaturas \u00f3ptimas para un rendimiento y fiabilidad constantes. <\/p>\n<p> Language                                            \u200f                                            :                                            \u200e                                            English, English, English, English, English   <br \/> Product Dimensions                                            \u200f                                            :                                            \u200e                                            17 x 17 x 5 cm; 800 g   <br \/> Manufacturer                                            \u200f                                            :                                            \u200e                                            ASUS   <br \/> ASIN                                            \u200f                                            :                                            \u200e                                            B0DPMRBJVC   <br \/> Item model number                                            \u200f                                            :                                            \u200e                                            90MB1JB0-M0EAY0   <br \/> Country\/Region of Origin                                            \u200f                                            :                                            \u200e                                            China   <br \/> Guaranteed software updates until                                            \u200f                                            :                                            \u200e                                            unknown   <br \/>  Customer reviews:                                                                                            4.6               4.6 out of 5 stars                                  (66)                                              var dpAcrHasRegisteredArcLinkClickAction;                    P.when(&#8216;A&#8217;, &#8216;ready&#8217;).execute(function(A) {                        if (dpAcrHasRegisteredArcLinkClickAction !== true) {                            dpAcrHasRegisteredArcLinkClickAction = true;                            A.declarative(                                &#8216;acrLink-click-metrics&#8217;, &#8216;click&#8217;,                                { \u00aballowLinkDefault\u00bb: true },                                function (event) {                                    if (window.ue) {                                        ue.count(\u00abacrLinkClickCount\u00bb, (ue.count(\u00abacrLinkClickCount\u00bb) || 0) + 1);                                    }                                }                            );                        }                    });                                             P.when(&#8216;A&#8217;, &#8216;cf&#8217;).execute(function(A) {                A.declarative(&#8216;acrStarsLink-click-metrics&#8217;, &#8216;click&#8217;, { \u00aballowLinkDefault\u00bb : true },  function(event){                    if(window.ue) {                        ue.count(\u00abacrStarsLinkWithPopoverClickCount\u00bb, (ue.count(\u00abacrStarsLinkWithPopoverClickCount\u00bb) || 0) + 1);                    }                });            });                          <\/p>\n<p>PC-ready with advanced AI: designed for the future of AI computing, with the power and connectivity needed for demanding AI applications<br \/>Intel LGA 1851 Socket: Ready for Intel Core Ultra Processors (Series 2)<br \/>AI and memory technologies: ASUS AI Advisor, ASUS AI Networking II, DIMM Fit, and AEMP III to simplify configuration and improve performance<br \/>Robust Power Solution: 10(80A)+1(80A)+2(80A)+1(80A) power stages with ProCool power connectors, MicroFine alloy coils and metal capacitors<br \/>Optimized thermal design: massive sinks with integrated I\/O cover, high-conductivity thermal pads and connected with an L-shaped heat pipeline<\/p>\n\n","protected":false},"excerpt":{"rendered":"<p> From the manufacturer Republic of Gamers (ROG), parte de la familia ASUS, se dedica a<\/p>","protected":false},"featured_media":31727,"comment_status":"open","ping_status":"closed","template":"","meta":[],"product_brand":[],"product_cat":[78],"product_tag":[1281,9148,1447,850,1444,1445,9147,1451,623,1449,617,1443,1448,1119,6505,1442,1562,624,143,625,1293,2828,1462,1294,543,1450,1446],"class_list":{"0":"post-31726","1":"product","2":"type-product","3":"status-publish","4":"has-post-thumbnail","6":"product_cat-motherboards","7":"product_tag-advanced","8":"product_tag-advisor","9":"product_tag-amd-motherboard","10":"product_tag-asus","11":"product_tag-atx-motherboard","12":"product_tag-b550-motherboard","13":"product_tag-b860i","14":"product_tag-best-motherboard","15":"product_tag-ddr5","16":"product_tag-ddr5-motherboard","17":"product_tag-gaming","18":"product_tag-gaming-motherboard","19":"product_tag-intel-motherboard","20":"product_tag-m-2","21":"product_tag-miniitx","22":"product_tag-motherboard","23":"product_tag-networking","24":"product_tag-pcie","25":"product_tag-power","26":"product_tag-ready","27":"product_tag-rog","28":"product_tag-slots","29":"product_tag-stages","30":"product_tag-strix","31":"product_tag-wifi","32":"product_tag-wifi-motherboard","33":"product_tag-z790-motherboard","35":"first","36":"instock","37":"shipping-taxable","38":"product-type-external"},"_links":{"self":[{"href":"https:\/\/comprasyconsejos.store\/en\/wp-json\/wp\/v2\/product\/31726","targetHints":{"allow":["GET"]}}],"collection":[{"href":"https:\/\/comprasyconsejos.store\/en\/wp-json\/wp\/v2\/product"}],"about":[{"href":"https:\/\/comprasyconsejos.store\/en\/wp-json\/wp\/v2\/types\/product"}],"replies":[{"embeddable":true,"href":"https:\/\/comprasyconsejos.store\/en\/wp-json\/wp\/v2\/comments?post=31726"}],"version-history":[{"count":0,"href":"https:\/\/comprasyconsejos.store\/en\/wp-json\/wp\/v2\/product\/31726\/revisions"}],"wp:featuredmedia":[{"embeddable":true,"href":"https:\/\/comprasyconsejos.store\/en\/wp-json\/wp\/v2\/media\/31727"}],"wp:attachment":[{"href":"https:\/\/comprasyconsejos.store\/en\/wp-json\/wp\/v2\/media?parent=31726"}],"wp:term":[{"taxonomy":"product_brand","embeddable":true,"href":"https:\/\/comprasyconsejos.store\/en\/wp-json\/wp\/v2\/product_brand?post=31726"},{"taxonomy":"product_cat","embeddable":true,"href":"https:\/\/comprasyconsejos.store\/en\/wp-json\/wp\/v2\/product_cat?post=31726"},{"taxonomy":"product_tag","embeddable":true,"href":"https:\/\/comprasyconsejos.store\/en\/wp-json\/wp\/v2\/product_tag?post=31726"}],"curies":[{"name":"wp","href":"https:\/\/api.w.org\/{rel}","templated":true}]}}