{"id":31783,"date":"2026-02-22T23:57:30","date_gmt":"2026-02-22T23:57:30","guid":{"rendered":"https:\/\/comprasyconsejos.store\/product\/60-gaming-keyboard-with-professional-membrane-keys-mini-compact-62-keys-usb-cable-gaming-keyboard-rgb-chroma-rainbow-backlit-qwerty-layout-ultralight-for-pc-mac-laotop-blue\/"},"modified":"2026-02-22T23:57:40","modified_gmt":"2026-02-22T23:57:40","slug":"60-gaming-keyboard-with-professional-membrane-keys-mini-compact-62-keys-usb-cable-gaming-keyboard-rgb-chroma-rainbow-backlit-qwerty-layout-ultralight-for-pc-mac-laotop-blue","status":"publish","type":"product","link":"https:\/\/comprasyconsejos.store\/en\/product\/60-gaming-keyboard-with-professional-membrane-keys-mini-compact-62-keys-usb-cable-gaming-keyboard-rgb-chroma-rainbow-backlit-qwerty-layout-ultralight-for-pc-mac-laotop-blue\/","title":{"rendered":"60% Gaming Keyboard with Professional Membrane Keys, Mini Compact 62 Keys, USB Cable Gaming Keyboard, RGB Chroma Rainbow Backlit, QWERTY Layout, Ultralight, for PC Mac Laotop-Blue"},"content":{"rendered":"<p>Price: <span style=\"color:#b12704\">\u20ac24.99<\/span><br \/><i><small>(as of Feb 22, 2026 23:57:31 UTC &#8211; <span class=\"wp_automatic_amazon_disclaimer\" title=\"Product prices and availability are accurate as of the date\/time indicated and are subject to change. Any price and availability information displayed on [relevant Amazon Site(s), as applicable] at the time of purchase will apply to the purchase of this product.\">Details<\/span>)<\/small><\/i><\/p>\n<p><a href=\"https:\/\/amazon.es\/dp\/B09F8RK7R5?tag=man008-21\"><img decoding=\"async\" src=\"https:\/\/valvepress.s3.amazonaws.com\/imgs\/buy_now.png\"><\/a><br \/>\n<\/p>\n<p>                                             Product Description   <\/p>\n<p>                                                                             <img decoding=\"async\" alt=\"1\" src=\"https:\/\/images-na.ssl-images-amazon.com\/images\/G\/01\/x-locale\/common\/grey-pixel.gif\" class=\"a-spacing-base a-lazy-loaded\" data-src=\"https:\/\/m.media-amazon.com\/images\/S\/aplus-media-library-service-media\/d8138dbf-4446-4df3-88f8-70cc2bf95ca9.__CR0,0,970,600_PT0_SX970_V1___.jpg\"><img decoding=\"async\" alt=\"1\" src=\"https:\/\/m.media-amazon.com\/images\/S\/aplus-media-library-service-media\/d8138dbf-4446-4df3-88f8-70cc2bf95ca9.__CR0,0,970,600_PT0_SX970_V1___.jpg\">                                                                    <\/p>\n<p>                                                      <img decoding=\"async\" alt=\"1\" src=\"https:\/\/images-na.ssl-images-amazon.com\/images\/G\/01\/x-locale\/common\/grey-pixel.gif\" class=\"a-spacing-mini a-lazy-loaded\" data-src=\"https:\/\/m.media-amazon.com\/images\/S\/aplus-media-library-service-media\/774280c8-022f-4707-ab7c-387b59a6dd59.__CR0,0,300,300_PT0_SX300_V1___.jpg\"><img decoding=\"async\" alt=\"1\" src=\"https:\/\/m.media-amazon.com\/images\/S\/aplus-media-library-service-media\/774280c8-022f-4707-ab7c-387b59a6dd59.__CR0,0,300,300_PT0_SX300_V1___.jpg\">  <\/p>\n<h3 class=\"a-spacing-mini\"> Mini 60% Teclado para Juegos Compacto de 62 Teclas para PC, Mac, Juegos y Oficina <\/h3>\n<p>                                           1. Tama\u00f1o Peque\u00f1o, Gran Actitud                                     <\/p>\n<p class=\"a-spacing-base\">\n<p>K61 es un teclado de tama\u00f1o est\u00e1ndar al 60% con 62 teclas y un dise\u00f1o est\u00e1ndar de fila inferior, conexi\u00f3n por cable USB. El tama\u00f1o es de 11,8 x 4,3 x 1,2 pulgadas y el peso neto es de 16,93 oz. Ahorra espacio en el escritorio, es f\u00e1cil de transportar y le brinda una experiencia de juego c\u00f3moda.La barra espaciadora radiante especial y la tecla ESC resaltan su moda y personalidad, haci\u00e9ndolo \u00fanico.                                            2. Luz de Fondo RGB Fresca                                     <\/p>\n<p class=\"a-spacing-base\">\n<p>La retroiluminaci\u00f3n RGB din\u00e1mica mejora la atm\u00f3sfera del juego y le brinda una experiencia de juego inmersiva. Hay 7 tipos de modo de luz de fondo, cuando est\u00e1 en modo de luz de fondo monocromo, hay 7 colores para elegir.                                            3.Teclado de Membrana Semimec\u00e1nico                                     <\/p>\n<p class=\"a-spacing-base\"> K61 es un teclado para juegos de membrana con teclas semimec\u00e1nicas, no un teclado de interruptor mec\u00e1nico real. Integra la sensaci\u00f3n de funcionamiento profesional de un teclado mec\u00e1nico y al mismo tiempo abandona el molesto ruido de un teclado mec\u00e1nico. Es la mejor opci\u00f3n para juegos y oficina. <\/p>\n<p>                                                         Caracter\u00edsticas:                                        62 Teclas QWERTY UK Layout       7 Luz de Fondo RGB Fresca       Teclado de Membrana Semimec\u00e1nico       19 Teclas Anti-efecto Fantasma       Ultraligero       Compacto y Port\u00e1til       Conexi\u00f3n por Cable USB       Plug &amp; Play       <\/p>\n<h3 class=\"a-spacing-small\"> Mostrar Los Detalles y Las Funciones del Teclado <\/h3>\n<p class=\"apm-text-center\">\n                                                      <img decoding=\"async\" alt=\"3\" src=\"https:\/\/images-na.ssl-images-amazon.com\/images\/G\/01\/x-locale\/common\/grey-pixel.gif\" class=\"a-spacing-mini a-lazy-loaded\" data-src=\"https:\/\/m.media-amazon.com\/images\/S\/aplus-media-library-service-media\/97f60134-5c1b-40df-98dc-53859339e729.__CR0,0,300,300_PT0_SX300_V1___.jpg\"><img decoding=\"async\" alt=\"3\" src=\"https:\/\/m.media-amazon.com\/images\/S\/aplus-media-library-service-media\/97f60134-5c1b-40df-98dc-53859339e729.__CR0,0,300,300_PT0_SX300_V1___.jpg\">  <\/p>\n<p class=\"apm-text-center\">\n                                                      <img decoding=\"async\" alt=\"4\" src=\"https:\/\/images-na.ssl-images-amazon.com\/images\/G\/01\/x-locale\/common\/grey-pixel.gif\" class=\"a-spacing-mini a-lazy-loaded\" data-src=\"https:\/\/m.media-amazon.com\/images\/S\/aplus-media-library-service-media\/72d78723-4ff7-4486-851e-c83fecc0568b.__CR0,0,300,300_PT0_SX300_V1___.jpg\"><img decoding=\"async\" alt=\"4\" src=\"https:\/\/m.media-amazon.com\/images\/S\/aplus-media-library-service-media\/72d78723-4ff7-4486-851e-c83fecc0568b.__CR0,0,300,300_PT0_SX300_V1___.jpg\">  <\/p>\n<p class=\"apm-text-center\">\n                                                      <img decoding=\"async\" alt=\"5\" src=\"https:\/\/images-na.ssl-images-amazon.com\/images\/G\/01\/x-locale\/common\/grey-pixel.gif\" class=\"a-spacing-mini a-lazy-loaded\" data-src=\"https:\/\/m.media-amazon.com\/images\/S\/aplus-media-library-service-media\/ea42a189-0096-4ac5-aa06-1f4bd6faeeac.__CR0,0,300,300_PT0_SX300_V1___.jpg\"><img decoding=\"async\" alt=\"5\" src=\"https:\/\/m.media-amazon.com\/images\/S\/aplus-media-library-service-media\/ea42a189-0096-4ac5-aa06-1f4bd6faeeac.__CR0,0,300,300_PT0_SX300_V1___.jpg\">  <\/p>\n<p>                                                  <img decoding=\"async\" alt=\"10\" src=\"https:\/\/images-na.ssl-images-amazon.com\/images\/G\/01\/x-locale\/common\/grey-pixel.gif\" class=\"a-lazy-loaded\" data-src=\"https:\/\/m.media-amazon.com\/images\/S\/aplus-media-library-service-media\/94682ee8-db3f-4482-bf48-8c0c1edd3c5b.__CR0,0,970,300_PT0_SX970_V1___.jpg\"><img decoding=\"async\" alt=\"10\" src=\"https:\/\/m.media-amazon.com\/images\/S\/aplus-media-library-service-media\/94682ee8-db3f-4482-bf48-8c0c1edd3c5b.__CR0,0,970,300_PT0_SX970_V1___.jpg\">  <\/p>\n<h3> Una Variedad de Efectos de Luz de Fondo Geniales <\/h3>\n<p> FN + P para cambiar los modos de retroiluminaci\u00f3n (en el modo de luz monocrom\u00e1tica, teclas FN + [\/] para cambiar de color) <\/p>\n<p> FN + \u201d\/; teclas para cambiar el brillo de la retroiluminaci\u00f3n <\/p>\n<p> Teclas FN + [\/] para cambiar la velocidad de retroiluminaci\u00f3n (3 niveles) <\/p>\n<p class=\"apm-text-center\">\n                                                      <img decoding=\"async\" alt=\"6\" src=\"https:\/\/images-na.ssl-images-amazon.com\/images\/G\/01\/x-locale\/common\/grey-pixel.gif\" class=\"a-spacing-mini a-lazy-loaded\" data-src=\"https:\/\/m.media-amazon.com\/images\/S\/aplus-media-library-service-media\/baabaa43-6f25-4028-b51e-5bf442368221.__CR0,0,300,300_PT0_SX300_V1___.jpg\"><img decoding=\"async\" alt=\"6\" src=\"https:\/\/m.media-amazon.com\/images\/S\/aplus-media-library-service-media\/baabaa43-6f25-4028-b51e-5bf442368221.__CR0,0,300,300_PT0_SX300_V1___.jpg\">  <\/p>\n<p class=\"apm-text-center\">\n                                                      <img decoding=\"async\" alt=\"7\" src=\"https:\/\/images-na.ssl-images-amazon.com\/images\/G\/01\/x-locale\/common\/grey-pixel.gif\" class=\"a-spacing-mini a-lazy-loaded\" data-src=\"https:\/\/m.media-amazon.com\/images\/S\/aplus-media-library-service-media\/e03b9b6d-5a8a-460b-a60c-412b47708c8a.__CR0,0,300,300_PT0_SX300_V1___.jpg\"><img decoding=\"async\" alt=\"7\" src=\"https:\/\/m.media-amazon.com\/images\/S\/aplus-media-library-service-media\/e03b9b6d-5a8a-460b-a60c-412b47708c8a.__CR0,0,300,300_PT0_SX300_V1___.jpg\">  <\/p>\n<p class=\"apm-text-center\">\n                                                      <img decoding=\"async\" alt=\"8\" src=\"https:\/\/images-na.ssl-images-amazon.com\/images\/G\/01\/x-locale\/common\/grey-pixel.gif\" class=\"a-spacing-mini a-lazy-loaded\" data-src=\"https:\/\/m.media-amazon.com\/images\/S\/aplus-media-library-service-media\/fef160d5-7e94-4fed-8e96-716fadc766e2.__CR0,0,300,300_PT0_SX300_V1___.jpg\"><img decoding=\"async\" alt=\"8\" src=\"https:\/\/m.media-amazon.com\/images\/S\/aplus-media-library-service-media\/fef160d5-7e94-4fed-8e96-716fadc766e2.__CR0,0,300,300_PT0_SX300_V1___.jpg\">  <\/p>\n<p>                                                  <img decoding=\"async\" alt=\"9\" src=\"https:\/\/images-na.ssl-images-amazon.com\/images\/G\/01\/x-locale\/common\/grey-pixel.gif\" class=\"a-lazy-loaded\" data-src=\"https:\/\/m.media-amazon.com\/images\/S\/aplus-media-library-service-media\/78c97b22-7018-467d-acf2-f8190f7d20ab.__CR0,18,1500,464_PT0_SX970_V1___.jpg\"><img decoding=\"async\" alt=\"9\" src=\"https:\/\/m.media-amazon.com\/images\/S\/aplus-media-library-service-media\/78c97b22-7018-467d-acf2-f8190f7d20ab.__CR0,18,1500,464_PT0_SX970_V1___.jpg\">  <\/p>\n<p>                         Add To Basket  <\/p>\n<p>                         Add To Basket  <\/p>\n<p>                         Add To Basket  <\/p>\n<p>                         Add To Basket  <\/p>\n<p>                             Customer Reviews  <\/p>\n<p>                    4.2 out of 5 stars  524  <\/p>\n<p>                    4.2 out of 5 stars  524  <\/p>\n<p>                    4.2 out of 5 stars  524  <\/p>\n<p>                    4.2 out of 5 stars  524  <\/p>\n<p>                             Price  <\/p>\n<p>                                    \u20ac35.99\u20ac35.99                  \u20ac34.99\u20ac34.99                  \u20ac34.99\u20ac34.99                  \u20ac34.99\u20ac34.99              <\/p>\n<p>                             Dise\u00f1o<br \/>\n                                QWERTY               QWERTY               QWERTY               QWERTY              <\/p>\n<p>                             Llaves<br \/>\n                                62 llaves               62 llaves               62 llaves               62 llaves              <\/p>\n<p>                             Conexi\u00f3n por cable<br \/>\n                                Cable USB tipo C desmontable               Cable USB tipo C desmontable               Cable USB tipo C desmontable               Cable USB tipo C desmontable              <\/p>\n<p>                             Iluminar desde el fondo<br \/>\n                                19 modos de luz de fondo RGB               19 modos de luz de fondo RGB               19 modos de luz de fondo RGB               19 modos de luz de fondo RGB              <\/p>\n<p> Product Dimensions                                            \u200f                                            :                                            \u200e                                            29.97 x 10.92 x 3.05 cm; 560 g   <br \/> Manufacturer                                            \u200f                                            :                                            \u200e                                            ZIYOU LANG   <br \/> ASIN                                            \u200f                                            :                                            \u200e                                            B09F8RK7R5   <br \/> Item model number                                            \u200f                                            :                                            \u200e                                            K61   <br \/> Country of origin                                            \u200f                                            :                                            \u200e                                            China   <br \/> Guaranteed software updates until                                            \u200f                                            :                                            \u200e                                            unknown   <br \/>  Customer reviews:                                                                                            4.1               4.1 out of 5 stars                                  (953)                                              var dpAcrHasRegisteredArcLinkClickAction;                    P.when(&#8216;A&#8217;, &#8216;ready&#8217;).execute(function(A) {                        if (dpAcrHasRegisteredArcLinkClickAction !== true) {                            dpAcrHasRegisteredArcLinkClickAction = true;                            A.declarative(                                &#8216;acrLink-click-metrics&#8217;, &#8216;click&#8217;,                                { \u00aballowLinkDefault\u00bb: true },                                function (event) {                                    if (window.ue) {                                        ue.count(\u00abacrLinkClickCount\u00bb, (ue.count(\u00abacrLinkClickCount\u00bb) || 0) + 1);                                    }                                }                            );                        }                    });                                             P.when(&#8216;A&#8217;, &#8216;cf&#8217;).execute(function(A) {                A.declarative(&#8216;acrStarsLink-click-metrics&#8217;, &#8216;click&#8217;, { \u00aballowLinkDefault\u00bb : true },  function(event){                    if(window.ue) {                        ue.count(\u00abacrStarsLinkWithPopoverClickCount\u00bb, (ue.count(\u00abacrStarsLinkWithPopoverClickCount\u00bb) || 0) + 1);                    }                });            });                          <\/p>\n<p>\u301060% Gaming Keyboard\u301162 keys mini compact design, small size and large functions. Compresses the shape by 60% without reducing the functionality of the keyboard. The size is only 11.8 * 4.3 * 1.2 inches, it can be easily installed even in the narrowest space, bringing a comfortable gaming experience.<br \/>\u3010Membrane Gaming Keyboard\u3011The membrane gaming keyboard adopts a professional semi-mechanical key cap design, which gives you the tactile feeling like a real mechanical keyboard while avoiding the annoying noise caused by switches. Durable It is the UK QWERTY design.<br \/>\u3010RGB Backlit Keyboard\u3011The RGB backlit gaming keyboard has a variety of cool backlight effects, press PN+P to switch. The ever-changing backlight contrasts with the atmosphere of the game and brings you an immersive gaming experience. Backlight effect, speed change and brightness can be adjusted freely.<br \/>\u3010Custom Spacebar\u3011Dynamic RGB backlit keyboard, full of customized unique radiant backlit spacebar and ESC key with ZIYOU LANG logo, the standard design of the bottom row highlights its uniqueness, allowing it to stand out among many players.<br \/>\u3010Ergonomic Design\u3011The USB wired keyboard adopts ergonomic design and is comfortable to use. The compact and lightweight volume is easy to carry and is the best choice for travel. It is compatible with Windows XP, Win 7\/8\/10, Mac OS and other systems with wide compatibility. Plug and Play.<\/p>\n\n","protected":false},"excerpt":{"rendered":"<p> Product Description Mini 60% Teclado para Juegos Compacto de 62 Teclas para PC, Mac, Juegos<\/p>","protected":false},"featured_media":31784,"comment_status":"open","ping_status":"closed","template":"","meta":[],"product_brand":[],"product_cat":[49],"product_tag":[830,746,743,182,949,1004,747,617,740,518,1007,9151,4013,774,739,3412,215,744,814,858,1076,885,742,745,2520,133,741],"class_list":{"0":"post-31783","1":"product","2":"type-product","3":"status-publish","4":"has-post-thumbnail","6":"product_cat-keyboards","7":"product_tag-backlit","8":"product_tag-backlit-keyboard","9":"product_tag-bluetooth-keyboard","10":"product_tag-cable","11":"product_tag-chroma","12":"product_tag-compact","13":"product_tag-compact-keyboard","14":"product_tag-gaming","15":"product_tag-gaming-keyboard","16":"product_tag-keyboard","17":"product_tag-keys","18":"product_tag-laotopblue","19":"product_tag-layout","20":"product_tag-mac","21":"product_tag-mechanical-keyboard","22":"product_tag-membrane","23":"product_tag-mini","24":"product_tag-office-keyboard","25":"product_tag-professional","26":"product_tag-qwerty","27":"product_tag-rainbow","28":"product_tag-rgb","29":"product_tag-rgb-keyboard","30":"product_tag-silent-keyboard","31":"product_tag-ultralight","32":"product_tag-usb","33":"product_tag-wireless-keyboard","35":"first","36":"instock","37":"shipping-taxable","38":"product-type-external"},"_links":{"self":[{"href":"https:\/\/comprasyconsejos.store\/en\/wp-json\/wp\/v2\/product\/31783","targetHints":{"allow":["GET"]}}],"collection":[{"href":"https:\/\/comprasyconsejos.store\/en\/wp-json\/wp\/v2\/product"}],"about":[{"href":"https:\/\/comprasyconsejos.store\/en\/wp-json\/wp\/v2\/types\/product"}],"replies":[{"embeddable":true,"href":"https:\/\/comprasyconsejos.store\/en\/wp-json\/wp\/v2\/comments?post=31783"}],"version-history":[{"count":0,"href":"https:\/\/comprasyconsejos.store\/en\/wp-json\/wp\/v2\/product\/31783\/revisions"}],"wp:featuredmedia":[{"embeddable":true,"href":"https:\/\/comprasyconsejos.store\/en\/wp-json\/wp\/v2\/media\/31784"}],"wp:attachment":[{"href":"https:\/\/comprasyconsejos.store\/en\/wp-json\/wp\/v2\/media?parent=31783"}],"wp:term":[{"taxonomy":"product_brand","embeddable":true,"href":"https:\/\/comprasyconsejos.store\/en\/wp-json\/wp\/v2\/product_brand?post=31783"},{"taxonomy":"product_cat","embeddable":true,"href":"https:\/\/comprasyconsejos.store\/en\/wp-json\/wp\/v2\/product_cat?post=31783"},{"taxonomy":"product_tag","embeddable":true,"href":"https:\/\/comprasyconsejos.store\/en\/wp-json\/wp\/v2\/product_tag?post=31783"}],"curies":[{"name":"wp","href":"https:\/\/api.w.org\/{rel}","templated":true}]}}