{"id":31805,"date":"2026-02-23T00:04:08","date_gmt":"2026-02-23T00:04:08","guid":{"rendered":"https:\/\/comprasyconsejos.store\/product\/lenovo-ideacentre-gaming-5-gen-7-gaming-desktop-computer-intel-core-i5-12400f-16gb-ram-512gb-ssd-nvidia-geforce-rtx-3060-12gb-without-operating-system-black-spanish-qwerty-ke\/"},"modified":"2026-02-23T00:04:16","modified_gmt":"2026-02-23T00:04:16","slug":"lenovo-ideacentre-gaming-5-gen-7-gaming-desktop-computer-intel-core-i5-12400f-16gb-ram-512gb-ssd-nvidia-geforce-rtx-3060-12gb-without-operating-system-black-spanish-qwerty-ke","status":"publish","type":"product","link":"https:\/\/comprasyconsejos.store\/en\/product\/lenovo-ideacentre-gaming-5-gen-7-gaming-desktop-computer-intel-core-i5-12400f-16gb-ram-512gb-ssd-nvidia-geforce-rtx-3060-12gb-without-operating-system-black-spanish-qwerty-ke\/","title":{"rendered":"Lenovo IdeaCentre Gaming 5 Gen 7 \u2013 Gaming Desktop Computer (Intel Core i5-12400F, 16GB RAM, 512GB SSD, NVIDIA GeForce RTX 3060-12GB, Without Operating System) Black \u2013 Spanish QWERTY Keyboard"},"content":{"rendered":"<p>Price: <span style=\"color:#b12704\">\u20ac1,049.99<\/span><br \/><i><small>(as of Feb 23, 2026 00:04:08 UTC &#8211; <span class=\"wp_automatic_amazon_disclaimer\" title=\"Product prices and availability are accurate as of the date\/time indicated and are subject to change. Any price and availability information displayed on [relevant Amazon Site(s), as applicable] at the time of purchase will apply to the purchase of this product.\">Details<\/span>)<\/small><\/i><\/p>\n<p><a href=\"https:\/\/amazon.es\/dp\/B0B7NYSG5D?tag=man008-21\"><img decoding=\"async\" src=\"https:\/\/valvepress.s3.amazonaws.com\/imgs\/buy_now.png\"><\/a><br \/>\n<\/p>\n<p>                                             From the manufacturer   <\/p>\n<p>                                                                     IdeaCentre Gaming 5 Gen 7                                            <img decoding=\"async\" alt=\"lenovo\" src=\"https:\/\/images-na.ssl-images-amazon.com\/images\/G\/01\/x-locale\/common\/grey-pixel.gif\" class=\"a-lazy-loaded\" data-src=\"https:\/\/m.media-amazon.com\/images\/S\/aplus-media-library-service-media\/435d41aa-e9d4-4638-9b19-3628932b1dba.__CR0,932,5000,2049_PT0_SX1464_V1___.jpg\"><img decoding=\"async\" alt=\"lenovo\" src=\"https:\/\/m.media-amazon.com\/images\/S\/aplus-media-library-service-media\/435d41aa-e9d4-4638-9b19-3628932b1dba.__CR0,932,5000,2049_PT0_SX1464_V1___.jpg\">                                               <\/p>\n<p>                                                                                                                    <img decoding=\"async\" alt=\"lenovo\" src=\"https:\/\/m.media-amazon.com\/images\/S\/aplus-media-library-service-media\/92462484-7d26-4fc9-9a14-0bc8cec0c5ee.__CR181,118,1538,631_PT0_SX1464_V1___.jpg\">                                                                                           Consigue superpoderes. RTX. Listo para jugar.                                        <\/p>\n<p class=\"description aplus-p1\"> Disfruta del m\u00e1ximo rendimiento con GPU NVIDIA GeForce RTX 3060 para jugadores y creadores. <\/p>\n<p>                                                      <img decoding=\"async\" alt=\"lenovo\" src=\"https:\/\/m.media-amazon.com\/images\/S\/aplus-media-library-service-media\/487a83c8-8a31-4919-8a60-e978bdb681c6.__CR0,284,2000,820_PT0_SX1464_V1___.jpg\">                                                                                            Rendimiento optimizado                                        <\/p>\n<p class=\"description aplus-p1\"> Disfruta de una experiencia de juego innovadora con el procesador Intel Core i5-12400F. <\/p>\n<p>                                                      <img decoding=\"async\" alt=\"lenovo\" src=\"https:\/\/m.media-amazon.com\/images\/S\/aplus-media-library-service-media\/dfeae1ba-5c66-41be-80d6-b6a29e355edd.__CR169,102,1667,683_PT0_SX1464_V1___.jpg\">                                                                                           Todo bien bajo presi\u00f3n                                       <\/p>\n<p class=\"description aplus-p1\"> La torre ahora funciona de manera m\u00e1s silenciosa y fr\u00eda, en comparaci\u00f3n con la generaci\u00f3n anterior. <\/p>\n<p>                                                      <img decoding=\"async\" alt=\"lenovo\" src=\"https:\/\/m.media-amazon.com\/images\/S\/aplus-media-library-service-media\/f648617b-2d05-4e8c-841c-0011f0e9b621.__CR57,150,1538,631_PT0_SX1464_V1___.jpg\">                                                                                             Dise\u00f1o funcional                                       <\/p>\n<p class=\"description aplus-p1\"> El chasis de 17L cuenta con detalles en azul <\/p>\n<p class=\"description aplus-p1\"> Las rayas 2D y 3D funcionan como canales de ventilaci\u00f3n <\/p>\n<p>                                                      <img decoding=\"async\" alt=\"lenovo\" src=\"https:\/\/m.media-amazon.com\/images\/S\/aplus-media-library-service-media\/c0182e6e-260d-43c0-af63-4b9bf473c162.__CR6,97,1538,631_PT0_SX1464_V1___.jpg\">                                                                                           Smart Power                                       <\/p>\n<p class=\"description aplus-p1\"> Con Smart Power puedes ajustar tu sistema para crear un equilibrio entre la velocidad y la ac\u00fastica. <\/p>\n<p>                            1 NVIDIA GeForce RTX 3060 <\/p>\n<p>                            2 Intel Core i5 <\/p>\n<p>                            3 Sistema de refrigeraci\u00f3n <\/p>\n<p>                            4 Dise\u00f1o funcional <\/p>\n<p>                            5 Smart Power <\/p>\n<h3 class=\"aplus-h1 aplus-module-1-heading a-text-bold\"> Videojuegos de pr\u00f3xima generaci\u00f3n <\/h3>\n<p class=\"aplus-p2 aplus-module-1-description\"> El PC IdeaCentre Gaming 5i de 7.\u00aa generaci\u00f3n (17 l, Intel) ofrece un rendimiento de \u00e9lite con procesadores Intel Core de 12a generaci\u00f3n para los videojuegos. La nueva arquitectura innovadora dedica de manera inteligente n\u00facleos espec\u00edficos para cada carga de trabajo, de modo que las tareas en segundo plano no interrumpan tu juego. Ahora, puedes realizar m\u00faltiples tareas a la vez, chatear, navegar, transmitir,  editar, grabar y jugar sin perder el ritmo. <\/p>\n<p>                                           <img decoding=\"async\" alt=\"lenovo\" src=\"https:\/\/images-na.ssl-images-amazon.com\/images\/G\/01\/x-locale\/common\/grey-pixel.gif\" class=\"a-lazy-loaded\" data-src=\"https:\/\/m.media-amazon.com\/images\/S\/aplus-media-library-service-media\/487a83c8-8a31-4919-8a60-e978bdb681c6.__CR155,63,1667,1250_PT0_SX800_V1___.jpg\"><img decoding=\"async\" alt=\"lenovo\" src=\"https:\/\/m.media-amazon.com\/images\/S\/aplus-media-library-service-media\/487a83c8-8a31-4919-8a60-e978bdb681c6.__CR155,63,1667,1250_PT0_SX800_V1___.jpg\">          <\/p>\n<p>                                                                                                                <img decoding=\"async\" alt=\"lenovo\" src=\"https:\/\/m.media-amazon.com\/images\/S\/aplus-media-library-service-media\/50a037cc-4696-4d7e-9b77-71adfeb1be4a.__CR0,0,1464,600_PT0_SX1464_V1___.jpg\">                                                                                           Procesadores Intel Core i5 de 12\u1d43 generaci\u00f3n                                        <\/p>\n<p class=\"description aplus-p1\"> Juega, chatea, transmite y graba sin problemas con hasta 4,4GHz de velocidad de reloj m\u00e1xima. <\/p>\n<p>                                                      <img decoding=\"async\" alt=\"lenovo\" src=\"https:\/\/m.media-amazon.com\/images\/S\/aplus-media-library-service-media\/9c33a568-cabd-4b23-abfe-3b48258ab997.__CR0,0,1464,600_PT0_SX1464_V1___.jpg\">                                                                                           6 Performance-cores                                        <\/p>\n<p class=\"description aplus-p1\"> P-cores: est\u00e1n dise\u00f1ados para el rendimiento de cargas de trabajo de pocos hilos y mejoran el gaming <\/p>\n<p>                                                      <img decoding=\"async\" alt=\"lenovo\" src=\"https:\/\/m.media-amazon.com\/images\/S\/aplus-media-library-service-media\/d536c61a-f4e3-4a34-b2d5-fa6780ca4a25.__CR0,0,1464,600_PT0_SX1464_V1___.jpg\">                                                                                           Vive la verdadera experiencia gaming                                        <\/p>\n<p class=\"description aplus-p1\"> Wi-Fi 6 para una experiencia de juego con menos retraso y latencia. <\/p>\n<p>                            1 Intel Core i5 12\u1d43 gen <\/p>\n<p>                            2 6 Performance-cores  <\/p>\n<p>                            3 Wi-Fi 6 <\/p>\n<p>                                                                <img decoding=\"async\" alt=\"lenovo\" src=\"https:\/\/images-na.ssl-images-amazon.com\/images\/G\/01\/x-locale\/common\/grey-pixel.gif\" class=\"a-lazy-loaded\" data-src=\"https:\/\/m.media-amazon.com\/images\/S\/aplus-media-library-service-media\/92462484-7d26-4fc9-9a14-0bc8cec0c5ee.__CR462,4,1053,789_PT0_SX800_V1___.jpg\"><img decoding=\"async\" alt=\"lenovo\" src=\"https:\/\/m.media-amazon.com\/images\/S\/aplus-media-library-service-media\/92462484-7d26-4fc9-9a14-0bc8cec0c5ee.__CR462,4,1053,789_PT0_SX800_V1___.jpg\">                                                                          <\/p>\n<h3 class=\"aplus-h1 aplus-module-1-heading a-text-bold\"> El juego definitivo <\/h3>\n<p class=\"aplus-p2 aplus-module-1-description\"> Las tarjetas gr\u00e1ficas NVIDIA GeForce RTX brindan gr\u00e1ficos  realistas y funciones de inteligencia artificial de vanguardia para  jugadores y creadores por igual. Equipado con tecnolog\u00eda de Ampere, la arquitectura RTX de 2a generaci\u00f3n de NVIDIA cuenta con Ray Tracing Cores y Tensor Cores avanzados, adem\u00e1s de multiprocesadores de  transmisi\u00f3n para obtener el m\u00e1ximo rendimiento. <\/p>\n<p>                                                                     Puertos y ranuras                                            <img decoding=\"async\" alt=\"lenovo\" src=\"https:\/\/images-na.ssl-images-amazon.com\/images\/G\/01\/x-locale\/common\/grey-pixel.gif\" class=\"a-lazy-loaded\" data-src=\"https:\/\/m.media-amazon.com\/images\/S\/aplus-media-library-service-media\/ecc88e88-1b18-4fbe-9dc3-2f71903ccaa1.__CR0,0,2529,1036_PT0_SX1464_V1___.png\"><img decoding=\"async\" alt=\"lenovo\" src=\"https:\/\/m.media-amazon.com\/images\/S\/aplus-media-library-service-media\/ecc88e88-1b18-4fbe-9dc3-2f71903ccaa1.__CR0,0,2529,1036_PT0_SX1464_V1___.png\">                                               <\/p>\n<p> Product Dimensions                                            \u200f                                            :                                            \u200e                                            50 x 50 x 28 cm; 7.93 kg   <br \/> Manufacturer                                            \u200f                                            :                                            \u200e                                            Lenovo   <br \/> ASIN                                            \u200f                                            :                                            \u200e                                            B0B7NYSG5D   <br \/> Item model number                                            \u200f                                            :                                            \u200e                                            90T1004GES   <br \/> Guaranteed software updates until                                            \u200f                                            :                                            \u200e                                            unknown   <br \/>  Customer reviews:                                                                                            4.4               4.4 out of 5 stars                                  (110)                                              var dpAcrHasRegisteredArcLinkClickAction;                    P.when(&#8216;A&#8217;, &#8216;ready&#8217;).execute(function(A) {                        if (dpAcrHasRegisteredArcLinkClickAction !== true) {                            dpAcrHasRegisteredArcLinkClickAction = true;                            A.declarative(                                &#8216;acrLink-click-metrics&#8217;, &#8216;click&#8217;,                                { \u00aballowLinkDefault\u00bb: true },                                function (event) {                                    if (window.ue) {                                        ue.count(\u00abacrLinkClickCount\u00bb, (ue.count(\u00abacrLinkClickCount\u00bb) || 0) + 1);                                    }                                }                            );                        }                    });                                             P.when(&#8216;A&#8217;, &#8216;cf&#8217;).execute(function(A) {                A.declarative(&#8216;acrStarsLink-click-metrics&#8217;, &#8216;click&#8217;, { \u00aballowLinkDefault\u00bb : true },  function(event){                    if(window.ue) {                        ue.count(\u00abacrStarsLinkWithPopoverClickCount\u00bb, (ue.count(\u00abacrStarsLinkWithPopoverClickCount\u00bb) || 0) + 1);                    }                });            });                          <\/p>\n<p>Its powerful Intel Core i5-12400F processor gives you superior performance and high flexibility to multitask, giving you the freedom to chat, browse, stream, edit, record and play without missing a beat<br \/>Be amazed at peak performance for gaming or creation: The NVIDIA GeForce RTX 3060 is equipped with Ampere, new RT cores, Tensor cores, and streaming multiprocessors that deliver more realistic ray tracing and more advanced AI capabilities<br \/>Stay calmer, cooler, and faster while gaming or creating; now everything is up to 5\u00b0C faster and quieter in the IdeaCentre Gaming 5, with its spacious 65W CPU cooler, more power and 50% better airflow<br \/>Its spacious 17L chassis features a full set of ports and expansion slots, modern look with blue 2D and 3D lines that also function as front ventilation channels<br \/>Enjoy cool style thanks to its minimalist design that fits into any environment, whether it&#8217;s an office desk, at home or a combat station: The IdeaCentre Gaming 5 is art with a purpose<\/p>\n\n","protected":false},"excerpt":{"rendered":"<p> From the manufacturer IdeaCentre Gaming 5 Gen 7 Consigue superpoderes. RTX. Listo para jugar. Disfruta<\/p>","protected":false},"featured_media":31806,"comment_status":"open","ping_status":"closed","template":"","meta":[],"product_brand":[],"product_cat":[89],"product_tag":[509,9152,536,777,776,785,778,782,307,784,539,698,787,617,783,620,855,8550,8549,562,518,1054,821,780,4444,858,587,621,779,5273,513,1578,781],"class_list":{"0":"post-31805","1":"product","2":"type-product","3":"status-publish","4":"has-post-thumbnail","6":"product_cat-all-in-one-pcs","7":"product_tag-16gb","8":"product_tag-306012gb","9":"product_tag-512gb","10":"product_tag-all-in-one-desktop","11":"product_tag-all-in-one-pc","12":"product_tag-all-in-one-pc-price","13":"product_tag-apple-imac","14":"product_tag-best-all-in-one-computer","15":"product_tag-black","16":"product_tag-compact-pc","17":"product_tag-computer","18":"product_tag-core","19":"product_tag-desktop","20":"product_tag-gaming","21":"product_tag-gaming-all-in-one-pc","22":"product_tag-geforce","23":"product_tag-gen","24":"product_tag-i512400f","25":"product_tag-ideacentre","26":"product_tag-intel","27":"product_tag-keyboard","28":"product_tag-lenovo","29":"product_tag-nvidia","30":"product_tag-office-all-in-one-pc","31":"product_tag-operating","32":"product_tag-qwerty","33":"product_tag-ram","34":"product_tag-rtx","35":"product_tag-slim-all-in-one-pc","36":"product_tag-spanish","37":"product_tag-ssd","38":"product_tag-system","39":"product_tag-touchscreen-all-in-one-pc","41":"first","42":"instock","43":"shipping-taxable","44":"product-type-external"},"_links":{"self":[{"href":"https:\/\/comprasyconsejos.store\/en\/wp-json\/wp\/v2\/product\/31805","targetHints":{"allow":["GET"]}}],"collection":[{"href":"https:\/\/comprasyconsejos.store\/en\/wp-json\/wp\/v2\/product"}],"about":[{"href":"https:\/\/comprasyconsejos.store\/en\/wp-json\/wp\/v2\/types\/product"}],"replies":[{"embeddable":true,"href":"https:\/\/comprasyconsejos.store\/en\/wp-json\/wp\/v2\/comments?post=31805"}],"version-history":[{"count":0,"href":"https:\/\/comprasyconsejos.store\/en\/wp-json\/wp\/v2\/product\/31805\/revisions"}],"wp:featuredmedia":[{"embeddable":true,"href":"https:\/\/comprasyconsejos.store\/en\/wp-json\/wp\/v2\/media\/31806"}],"wp:attachment":[{"href":"https:\/\/comprasyconsejos.store\/en\/wp-json\/wp\/v2\/media?parent=31805"}],"wp:term":[{"taxonomy":"product_brand","embeddable":true,"href":"https:\/\/comprasyconsejos.store\/en\/wp-json\/wp\/v2\/product_brand?post=31805"},{"taxonomy":"product_cat","embeddable":true,"href":"https:\/\/comprasyconsejos.store\/en\/wp-json\/wp\/v2\/product_cat?post=31805"},{"taxonomy":"product_tag","embeddable":true,"href":"https:\/\/comprasyconsejos.store\/en\/wp-json\/wp\/v2\/product_tag?post=31805"}],"curies":[{"name":"wp","href":"https:\/\/api.w.org\/{rel}","templated":true}]}}