{"id":31816,"date":"2026-02-23T00:08:08","date_gmt":"2026-02-23T00:08:08","guid":{"rendered":"https:\/\/comprasyconsejos.store\/product\/acemagician-am06pro-mini-pc-amd-ryzen-5-7430u-6c-12t-up-to-4-3ghz-mini-desktop-computers-16gb-ram-ddr4-512gb-m-2-2280-ssd-dual-ethernet-wifi-6-for-office-small-computer\/"},"modified":"2026-02-23T00:08:18","modified_gmt":"2026-02-23T00:08:18","slug":"acemagician-am06pro-mini-pc-amd-ryzen-5-7430u-6c-12t-up-to-4-3ghz-mini-desktop-computers-16gb-ram-ddr4-512gb-m-2-2280-ssd-dual-ethernet-wifi-6-for-office-small-computer","status":"publish","type":"product","link":"https:\/\/comprasyconsejos.store\/en\/product\/acemagician-am06pro-mini-pc-amd-ryzen-5-7430u-6c-12t-up-to-4-3ghz-mini-desktop-computers-16gb-ram-ddr4-512gb-m-2-2280-ssd-dual-ethernet-wifi-6-for-office-small-computer\/","title":{"rendered":"ACEMAGICIAN AM06PRO Mini PC, AMD Ryzen 5 7430U (6C\/12T, up to 4.3GHz), Mini Desktop Computers 16GB RAM DDR4 512GB M.2 2280 SSD, Dual Ethernet\/WiFi 6\/for Office, Small Computer"},"content":{"rendered":"<p>Price: <span style=\"color:#b12704\">\u20ac379.00<\/span><br \/><i><small>(as of Feb 23, 2026 00:08:08 UTC &#8211; <span class=\"wp_automatic_amazon_disclaimer\" title=\"Product prices and availability are accurate as of the date\/time indicated and are subject to change. Any price and availability information displayed on [relevant Amazon Site(s), as applicable] at the time of purchase will apply to the purchase of this product.\">Details<\/span>)<\/small><\/i><\/p>\n<p><a href=\"https:\/\/amazon.es\/dp\/B0C7Q3JMKN?tag=man008-21\"><img decoding=\"async\" src=\"https:\/\/valvepress.s3.amazonaws.com\/imgs\/buy_now.png\"><\/a><br \/>\n<\/p>\n<p>                                             Product Description   <\/p>\n<h3 class=\"a-text-center aplus-container-3 aplus-h1 a-text-bold\"> ACEMAGICIAN AM06PRO MINI PC AMD Ryzen 5 7430U-16GB RAM+512GB SSD <\/h3>\n<p>The video showcases the product in use.The video guides you through product setup.The video compares multiple products.The video shows the product being unpacked. ACEMAGICIAN AM06PRO MINI PC AMD Ryzen 5 7430U Merchant video<\/p>\n<p>                                                                                                       <img decoding=\"async\" alt=\"aplus content image\" src=\"https:\/\/images-na.ssl-images-amazon.com\/images\/G\/01\/x-locale\/common\/grey-pixel.gif\" class=\"a-lazy-loaded\" data-src=\"https:\/\/m.media-amazon.com\/images\/S\/aplus-media-library-service-media\/47c44e73-462f-4690-a561-6ec353679912.__CR0,0,1464,600_PT0_SX1464_V1___.jpg\"><img decoding=\"async\" alt=\"aplus content image\" src=\"https:\/\/m.media-amazon.com\/images\/S\/aplus-media-library-service-media\/47c44e73-462f-4690-a561-6ec353679912.__CR0,0,1464,600_PT0_SX1464_V1___.jpg\">                                               <\/p>\n<p>                                                                                                              <img decoding=\"async\" alt=\"El texto muestra la tabla de especificaciones del \u00abAMD Ryzen 5 7430U\u00bb que muestra detalles t\u00e9cnicos, velocidades y m\u00e9tricas de rendimiento sobre un fondo oscuro con componentes iluminados.\" src=\"https:\/\/m.media-amazon.com\/images\/S\/aplus-media-library-service-media\/d7502bff-e056-4776-b6fe-a49c6ef335e0.__CR0,0,1464,600_PT0_SX1464_V1___.jpg\">                                                    <img decoding=\"async\" alt=\"aplus content image\" src=\"https:\/\/m.media-amazon.com\/images\/S\/aplus-media-library-service-media\/5c25a56a-faf3-40fb-a365-85cb2d8ddf3b.__CR0,0,1464,600_PT0_SX1464_V1___.jpg\"><br \/>\n                            1 AMD Ryzen 5 7430U <\/p>\n<p>                            2 AMD Radeon RX Vega 7 <\/p>\n<p>                                                                                                                <img decoding=\"async\" alt=\"aplus content image\" src=\"https:\/\/m.media-amazon.com\/images\/S\/aplus-media-library-service-media\/06fd9080-9e92-4b44-8779-92ed558bb595.__CR0,0,1464,600_PT0_SX1464_V1___.jpg\">                                                    <img decoding=\"async\" alt=\"aplus content image\" src=\"https:\/\/m.media-amazon.com\/images\/S\/aplus-media-library-service-media\/fbee5565-74ce-4916-b4f2-37115f6f0790.__CR0,0,1464,600_PT0_SX1464_V1___.jpg\">                                                    <img decoding=\"async\" alt=\"El texto dice \u00abWi-Fi 6\u00bb y se muestra en grandes letras rojas iluminadas sobre un fondo negro con elementos de dise\u00f1o de tem\u00e1tica tecnol\u00f3gica.\" src=\"https:\/\/m.media-amazon.com\/images\/S\/aplus-media-library-service-media\/e8ffe1d6-23d3-4383-a557-8f3815c5195d.__CR0,0,1464,600_PT0_SX1464_V1___.jpg\"><br \/>\n                            1 Triple pantalla <\/p>\n<p>                            2 16GB RAM + 512GB SSD <\/p>\n<p>                            3 WiFi 6 <\/p>\n<p>                                                                                  <img decoding=\"async\" alt=\"Secuencia de diagramas t\u00e9cnicos que muestra los componentes del sistema de disipaci\u00f3n de calor y las especificaciones para dispositivos electr\u00f3nicos con detalles de iluminaci\u00f3n LED rojos.\" src=\"https:\/\/m.media-amazon.com\/images\/S\/aplus-media-library-service-media\/85c0e0b8-a14e-41ef-af62-4112dcdf2d0d.__CR0,0,1464,600_PT0_SX1464_V1___.jpg\">       <\/p>\n<p>                                                                                  <img decoding=\"async\" alt=\"aplus content image\" src=\"https:\/\/m.media-amazon.com\/images\/S\/aplus-media-library-service-media\/2fbdc86f-ce99-494f-8768-0520aaa9a553.__CR0,0,1464,600_PT0_SX1464_V1___.jpg\">       <\/p>\n<p>                                                                                  <img decoding=\"async\" alt=\"El texto dice \u00abThink Big, Go Mini!\u00bb Se muestran las dimensiones del producto: \u00ab12 cm\u00bb y \u00ab5 cm\u00bb. Banner promocional rojo oscuro con especificaciones t\u00e9cnicas.\" src=\"https:\/\/m.media-amazon.com\/images\/S\/aplus-media-library-service-media\/a3719701-9eaf-480c-98f9-b2c329fdff7d.__CR0,0,1464,600_PT0_SX1464_V1___.jpg\">       <\/p>\n<p>                                                                                  <img decoding=\"async\" alt=\"Serie de cinco p\u00f3sters promocionales de pel\u00edculas o juegos dispuestos horizontalmente, con escenas de acci\u00f3n dram\u00e1ticas en estilo de arte digital.\" src=\"https:\/\/m.media-amazon.com\/images\/S\/aplus-media-library-service-media\/e23bd5a1-3938-4ef0-85b8-7ebb48c7f4d4.__CR0,0,1464,600_PT0_SX1464_V1___.jpg\">       <\/p>\n<p>                                                                                  <img decoding=\"async\" alt=\"de portadas de videojuegos con t\u00edtulos como Tomb Raider, Grand Theft Auto V, Assassin&amp;#39;s Creed Rogue, God of War y The Witcher\" src=\"https:\/\/m.media-amazon.com\/images\/S\/aplus-media-library-service-media\/87221e34-8ca0-451e-a42e-a6c998e53fbd.__CR0,0,1464,600_PT0_SX1464_V1___.jpg\">       <\/p>\n<p>                                                                                  <img decoding=\"async\" alt=\"de im\u00e1genes promocionales de videojuegos con logotipos de Borderlands 3, CS:GO y Apex Legends\" src=\"https:\/\/m.media-amazon.com\/images\/S\/aplus-media-library-service-media\/76683874-f6cc-4962-880b-fd942d49bc1b.__CR0,0,1464,600_PT0_SX1464_V1___.jpg\">       <\/p>\n<p>                                                                                     <img decoding=\"async\" alt=\"mini pc gaming 5700U\" src=\"https:\/\/m.media-amazon.com\/images\/S\/aplus-media-library-service-media\/92e0605c-d692-4962-b1f3-03968498f0f7.__CR0,0,1464,600_PT0_SX1464_V1___.jpg\">       <\/p>\n<p> Product Dimensions                                            \u200f                                            :                                            \u200e                                            13.2 x 13.2 x 5 cm; 1.1 kg   <br \/> Manufacturer                                            \u200f                                            :                                            \u200e                                            ACEMAGICIAN   <br \/> ASIN                                            \u200f                                            :                                            \u200e                                            B0C7Q3JMKN   <br \/> Item model number                                            \u200f                                            :                                            \u200e                                            ACE-AM06PRO   <br \/> Guaranteed software updates until                                            \u200f                                            :                                            \u200e                                            unknown   <br \/>  Customer reviews:                                                                                            4.4               4.4 out of 5 stars                                  (557)                                              var dpAcrHasRegisteredArcLinkClickAction;                    P.when(&#8216;A&#8217;, &#8216;ready&#8217;).execute(function(A) {                        if (dpAcrHasRegisteredArcLinkClickAction !== true) {                            dpAcrHasRegisteredArcLinkClickAction = true;                            A.declarative(                                &#8216;acrLink-click-metrics&#8217;, &#8216;click&#8217;,                                { \u00aballowLinkDefault\u00bb: true },                                function (event) {                                    if (window.ue) {                                        ue.count(\u00abacrLinkClickCount\u00bb, (ue.count(\u00abacrLinkClickCount\u00bb) || 0) + 1);                                    }                                }                            );                        }                    });                                             P.when(&#8216;A&#8217;, &#8216;cf&#8217;).execute(function(A) {                A.declarative(&#8216;acrStarsLink-click-metrics&#8217;, &#8216;click&#8217;, { \u00aballowLinkDefault\u00bb : true },  function(event){                    if(window.ue) {                        ue.count(\u00abacrStarsLinkWithPopoverClickCount\u00bb, (ue.count(\u00abacrStarsLinkWithPopoverClickCount\u00bb) || 0) + 1);                    }                });            });                          <\/p>\n<p>\u3010Mini PC RYZEN 5 7430U Processor\u3011 ACEMAGICIAN mini PC is equipped with AMD Ryzen 5 7430U (2.3-4.3GHz, 6 cores 12 threads, 16MB L3 cache). 7nm lithographic process, smaller and more powerful chip than Ryzen 5 5600U\/5500U, can easily run office software like PS, PR, CAD, ArcGIS, etc. It can also play great games like LOL, GTA5, CSGO, etc.<br \/>\u3010Super Speed &#038; Large Capacity\u3011This mini desktop computer comes with 16GB DDR4 RAM and a huge 512GB SSD hard drive, which is stable and fast without speed drop when handling large files and running multiple programs at the same time. If you&#8217;re worried about running out of capacity, you can add an additional 2.5&#8243; hard drive to expand your storage space to 2TB.<br \/>\u3010Powerful Cooling\u3011With 2 USB 2.0 ports, 2 USB 3.0 ports, 1 HDMI port, 1 DC port, 1 microphone port, 1 Type-C port and 2 RJ45 ports, this compact PC is equipped with plenty of ports for your daily office options. A powerful built-in cooling fan quickly cools the small PC, allowing heat to come out faster, reducing hardware loss and ensuring faster response times.<br \/>\u30104K@60HZ &#038; DISPALY\u3011Desktop Micro PC is integrated with AMD Radeon Vega 7 1800MHz GPU, providing powerful graphics processing power for extremely smooth playback of 4K UHD movies, allowing every detail to be perfectly reflected for an amazing big screen viewing experience. With dual HDMI and Type-C ports, you can easily connect up to 3 monitors, reducing waiting time and multiplying work efficiency.<br \/>\u3010Say goodbye to latency\u3011The small computer has built-in WiFi 6, Bluetooth 5.2, 1000Mbps network with higher transmission speed, which can better reduce buffering and latency, improve wireless network performance, and keep it stable and reliable. It can connect with your mouse, keyboard or headset, or work with servers, monitoring devices, office equipment, monitors, projectors, TVs and more.<\/p>\n\n","protected":false},"excerpt":{"rendered":"<p> Product Description ACEMAGICIAN AM06PRO MINI PC AMD Ryzen 5 7430U-16GB RAM+512GB SSD The video showcases<\/p>","protected":false},"featured_media":31817,"comment_status":"open","ping_status":"closed","template":"","meta":[],"product_brand":[],"product_cat":[91],"product_tag":[509,642,536,641,5812,640,6755,6756,530,803,801,805,539,903,535,787,800,298,6013,1119,215,585,808,799,806,587,807,531,293,802,513,804],"class_list":{"0":"post-31816","1":"product","2":"type-product","3":"status-publish","4":"has-post-thumbnail","6":"product_cat-office-pcs","7":"product_tag-16gb","8":"product_tag-4-3ghz","9":"product_tag-512gb","10":"product_tag-6c12t","11":"product_tag-6for","12":"product_tag-7430u","13":"product_tag-acemagician","14":"product_tag-am06pro","15":"product_tag-amd","16":"product_tag-budget-office-pc","17":"product_tag-business-desktop-pc","18":"product_tag-compact-desktop-pc","19":"product_tag-computer","20":"product_tag-computers","21":"product_tag-ddr4","22":"product_tag-desktop","23":"product_tag-desktop-computer-for-office","24":"product_tag-dual","25":"product_tag-ethernetwifi","26":"product_tag-m-2","27":"product_tag-mini","28":"product_tag-office","29":"product_tag-office-computer-setup","30":"product_tag-office-pc","31":"product_tag-office-pc-ssd","32":"product_tag-ram","33":"product_tag-reliable-office-pc","34":"product_tag-ryzen","35":"product_tag-small","36":"product_tag-small-office-pc","37":"product_tag-ssd","38":"product_tag-windows-office-pc","40":"first","41":"instock","42":"shipping-taxable","43":"product-type-external"},"_links":{"self":[{"href":"https:\/\/comprasyconsejos.store\/en\/wp-json\/wp\/v2\/product\/31816","targetHints":{"allow":["GET"]}}],"collection":[{"href":"https:\/\/comprasyconsejos.store\/en\/wp-json\/wp\/v2\/product"}],"about":[{"href":"https:\/\/comprasyconsejos.store\/en\/wp-json\/wp\/v2\/types\/product"}],"replies":[{"embeddable":true,"href":"https:\/\/comprasyconsejos.store\/en\/wp-json\/wp\/v2\/comments?post=31816"}],"version-history":[{"count":0,"href":"https:\/\/comprasyconsejos.store\/en\/wp-json\/wp\/v2\/product\/31816\/revisions"}],"wp:featuredmedia":[{"embeddable":true,"href":"https:\/\/comprasyconsejos.store\/en\/wp-json\/wp\/v2\/media\/31817"}],"wp:attachment":[{"href":"https:\/\/comprasyconsejos.store\/en\/wp-json\/wp\/v2\/media?parent=31816"}],"wp:term":[{"taxonomy":"product_brand","embeddable":true,"href":"https:\/\/comprasyconsejos.store\/en\/wp-json\/wp\/v2\/product_brand?post=31816"},{"taxonomy":"product_cat","embeddable":true,"href":"https:\/\/comprasyconsejos.store\/en\/wp-json\/wp\/v2\/product_cat?post=31816"},{"taxonomy":"product_tag","embeddable":true,"href":"https:\/\/comprasyconsejos.store\/en\/wp-json\/wp\/v2\/product_tag?post=31816"}],"curies":[{"name":"wp","href":"https:\/\/api.w.org\/{rel}","templated":true}]}}