{"id":31826,"date":"2026-02-23T00:11:06","date_gmt":"2026-02-23T00:11:06","guid":{"rendered":"https:\/\/comprasyconsejos.store\/product\/greed-mk2-lite-4k-high-end-gaming-pc-raytracing-intel-core-i5-10400f-nvidia-geforce-rtx-3050-4-3ghz-ultra-fast-rgb-desktop-computer-16gb-ddr4-ram-512gb-ssd-wlan-w11-pro\/"},"modified":"2026-02-23T00:11:14","modified_gmt":"2026-02-23T00:11:14","slug":"greed-mk2-lite-4k-high-end-gaming-pc-raytracing-intel-core-i5-10400f-nvidia-geforce-rtx-3050-4-3ghz-ultra-fast-rgb-desktop-computer-16gb-ddr4-ram-512gb-ssd-wlan-w11-pro","status":"publish","type":"product","link":"https:\/\/comprasyconsejos.store\/en\/product\/greed-mk2-lite-4k-high-end-gaming-pc-raytracing-intel-core-i5-10400f-nvidia-geforce-rtx-3050-4-3ghz-ultra-fast-rgb-desktop-computer-16gb-ddr4-ram-512gb-ssd-wlan-w11-pro\/","title":{"rendered":"Greed\u00ae Mk2 Lite &#8211; 4K High End Gaming PC Raytracing &#8211; Intel Core i5 10400F + Nvidia Geforce RTX 3050-4.3GHz Ultra-Fast RGB + Desktop Computer &#8211; 16GB DDR4 RAM &#8211; 512GB SSD &#8211; WLAN + W11 Pro"},"content":{"rendered":"<p>Price: <span style=\"color:#b12704\">\u20ac829.90<\/span><br \/><i><small>(as of Feb 23, 2026 00:11:07 UTC &#8211; <span class=\"wp_automatic_amazon_disclaimer\" title=\"Product prices and availability are accurate as of the date\/time indicated and are subject to change. Any price and availability information displayed on [relevant Amazon Site(s), as applicable] at the time of purchase will apply to the purchase of this product.\">Details<\/span>)<\/small><\/i><\/p>\n<p><a href=\"https:\/\/amazon.es\/dp\/B0CX1YHBWB?tag=man008-21\"><img decoding=\"async\" src=\"https:\/\/valvepress.s3.amazonaws.com\/imgs\/buy_now.png\"><\/a><br \/>\n<\/p>\n<p>                                             From the brand   <\/p>\n<p>                                              <img decoding=\"async\" alt=\"\" src=\"https:\/\/images-na.ssl-images-amazon.com\/images\/G\/01\/x-locale\/common\/grey-pixel.gif\" class=\"a-lazy-loaded\" data-src=\"https:\/\/m.media-amazon.com\/images\/S\/aplus-media-library-service-media\/d842d609-e788-4d13-a74f-77428335f42a.__CR0,0,1464,625_PT0_SX1464_V1___.jpg\"><img decoding=\"async\" alt=\"\" src=\"https:\/\/m.media-amazon.com\/images\/S\/aplus-media-library-service-media\/d842d609-e788-4d13-a74f-77428335f42a.__CR0,0,1464,625_PT0_SX1464_V1___.jpg\">  <\/p>\n<h3> GREED &#8211; Sistemas de PC Premium <\/h3>\n<p> Ya sea para la oficina o para jugar, en GREED encontrar\u00e1 su nuevo producto favorito. <\/p>\n<p>                                              <img decoding=\"async\" alt=\"\" src=\"https:\/\/images-na.ssl-images-amazon.com\/images\/G\/01\/x-locale\/common\/grey-pixel.gif\" class=\"a-lazy-loaded\" data-src=\"https:\/\/m.media-amazon.com\/images\/S\/aplus-media-library-service-media\/1e4799a3-52bb-4f27-bbfd-5a940a88d479.__CR0,0,362,453_PT0_SX362_V1___.jpg\"><img decoding=\"async\" alt=\"\" src=\"https:\/\/m.media-amazon.com\/images\/S\/aplus-media-library-service-media\/1e4799a3-52bb-4f27-bbfd-5a940a88d479.__CR0,0,362,453_PT0_SX362_V1___.jpg\">  <\/p>\n<h3> GREED | MK2 Gaming PC <\/h3>\n<p> Nuestro sistema de juego MK2 es ideal tanto para los juegos de competici\u00f3n como para los reci\u00e9n llegados a los juegos de PC. <\/p>\n<p>                                              <img decoding=\"async\" alt=\"\" src=\"https:\/\/images-na.ssl-images-amazon.com\/images\/G\/01\/x-locale\/common\/grey-pixel.gif\" class=\"a-lazy-loaded\" data-src=\"https:\/\/m.media-amazon.com\/images\/S\/aplus-media-library-service-media\/bb844385-53d6-4f95-ae25-a95087b757aa.__CR0,0,362,453_PT0_SX362_V1___.jpg\"><img decoding=\"async\" alt=\"\" src=\"https:\/\/m.media-amazon.com\/images\/S\/aplus-media-library-service-media\/bb844385-53d6-4f95-ae25-a95087b757aa.__CR0,0,362,453_PT0_SX362_V1___.jpg\">  <\/p>\n<h3> GREED | Office Systeme <\/h3>\n<p> El empleado m\u00e1s r\u00e1pido en cualquier oficina. Fiables, potentes y silenciosos, benef\u00edciese ahora de nuestros sistemas de oficina. <\/p>\n<p>                                              <img decoding=\"async\" alt=\"\" src=\"https:\/\/images-na.ssl-images-amazon.com\/images\/G\/01\/x-locale\/common\/grey-pixel.gif\" class=\"a-lazy-loaded\" data-src=\"https:\/\/m.media-amazon.com\/images\/S\/aplus-media-library-service-media\/0e5f9800-0b4d-4c5d-9a20-bd9bb668d392.__CR0,0,362,453_PT0_SX362_V1___.jpg\"><img decoding=\"async\" alt=\"\" src=\"https:\/\/m.media-amazon.com\/images\/S\/aplus-media-library-service-media\/0e5f9800-0b4d-4c5d-9a20-bd9bb668d392.__CR0,0,362,453_PT0_SX362_V1___.jpg\">  <\/p>\n<h3> Greed MK5 | GAMING PC <\/h3>\n<p> Los ordenadores para juegos MK5 est\u00e1n optimizados para juegos de alta resoluci\u00f3n y cuentan con los componentes m\u00e1s modernos. <\/p>\n<p> Product Dimensions                                            \u200f                                            :                                            \u200e                                            41.5 x 19.5 x 43.8 cm; 7 kg   <br \/> Manufacturer                                            \u200f                                            :                                            \u200e                                            LS ecom O\u00dc, Poldheina tee 13-3, Haabneeme alevik, Viimsi vald, Harju maakond, 74001 Estland   <br \/> Label                                            \u200f                                            :                                            \u200e                                            LS ecom O\u00dc, Poldheina tee 13-3, Haabneeme alevik, Viimsi vald, Harju maakond, 74001 Estland   <br \/> ASIN                                            \u200f                                            :                                            \u200e                                            B0CX1YHBWB   <br \/> Item model number                                            \u200f                                            :                                            \u200e                                            MK2Limk2   <br \/>       Best Sellers Rank:  1,799 in Computers (See Top 100 in Computers)    9 in Desktop Computer Towers      <br \/>  Customer reviews:                                                                                            3.8               3.8 out of 5 stars                                  (1,776)                                              var dpAcrHasRegisteredArcLinkClickAction;                    P.when(&#8216;A&#8217;, &#8216;ready&#8217;).execute(function(A) {                        if (dpAcrHasRegisteredArcLinkClickAction !== true) {                            dpAcrHasRegisteredArcLinkClickAction = true;                            A.declarative(                                &#8216;acrLink-click-metrics&#8217;, &#8216;click&#8217;,                                { \u00aballowLinkDefault\u00bb: true },                                function (event) {                                    if (window.ue) {                                        ue.count(\u00abacrLinkClickCount\u00bb, (ue.count(\u00abacrLinkClickCount\u00bb) || 0) + 1);                                    }                                }                            );                        }                    });                                             P.when(&#8216;A&#8217;, &#8216;cf&#8217;).execute(function(A) {                A.declarative(&#8216;acrStarsLink-click-metrics&#8217;, &#8216;click&#8217;, { \u00aballowLinkDefault\u00bb : true },  function(event){                    if(window.ue) {                        ue.count(\u00abacrStarsLinkWithPopoverClickCount\u00bb, (ue.count(\u00abacrStarsLinkWithPopoverClickCount\u00bb) || 0) + 1);                    }                });            });                          <\/p>\n\n","protected":false},"excerpt":{"rendered":"<p> From the brand GREED &#8211; Sistemas de PC Premium Ya sea para la oficina o<\/p>","protected":false},"featured_media":31827,"comment_status":"open","ping_status":"closed","template":"","meta":[],"product_brand":[],"product_cat":[90],"product_tag":[9154,509,9155,536,613,539,698,611,535,787,617,607,604,609,606,612,620,5706,197,608,562,3977,9153,821,605,163,587,6760,885,610,621,513,1619,1214,4782],"class_list":{"0":"post-31826","1":"product","2":"type-product","3":"status-publish","4":"has-post-thumbnail","6":"product_cat-gaming-pcs","7":"product_tag-10400f","8":"product_tag-16gb","9":"product_tag-30504-3ghz","10":"product_tag-512gb","11":"product_tag-best-gaming-pc","12":"product_tag-computer","13":"product_tag-core","14":"product_tag-custom-gaming-pc","15":"product_tag-ddr4","16":"product_tag-desktop","17":"product_tag-gaming","18":"product_tag-gaming-desktop","19":"product_tag-gaming-pc","20":"product_tag-gaming-pc-16gb-ram","21":"product_tag-gaming-pc-rtx","22":"product_tag-gaming-pc-ssd","23":"product_tag-geforce","24":"product_tag-greed","25":"product_tag-high","26":"product_tag-high-end-gaming-pc","27":"product_tag-intel","28":"product_tag-lite","29":"product_tag-mk2","30":"product_tag-nvidia","31":"product_tag-prebuilt-gaming-pc","32":"product_tag-pro","33":"product_tag-ram","34":"product_tag-raytracing","35":"product_tag-rgb","36":"product_tag-rgb-gaming-pc","37":"product_tag-rtx","38":"product_tag-ssd","39":"product_tag-ultrafast","40":"product_tag-w11","41":"product_tag-wlan","43":"first","44":"instock","45":"shipping-taxable","46":"product-type-external"},"_links":{"self":[{"href":"https:\/\/comprasyconsejos.store\/en\/wp-json\/wp\/v2\/product\/31826","targetHints":{"allow":["GET"]}}],"collection":[{"href":"https:\/\/comprasyconsejos.store\/en\/wp-json\/wp\/v2\/product"}],"about":[{"href":"https:\/\/comprasyconsejos.store\/en\/wp-json\/wp\/v2\/types\/product"}],"replies":[{"embeddable":true,"href":"https:\/\/comprasyconsejos.store\/en\/wp-json\/wp\/v2\/comments?post=31826"}],"version-history":[{"count":0,"href":"https:\/\/comprasyconsejos.store\/en\/wp-json\/wp\/v2\/product\/31826\/revisions"}],"wp:featuredmedia":[{"embeddable":true,"href":"https:\/\/comprasyconsejos.store\/en\/wp-json\/wp\/v2\/media\/31827"}],"wp:attachment":[{"href":"https:\/\/comprasyconsejos.store\/en\/wp-json\/wp\/v2\/media?parent=31826"}],"wp:term":[{"taxonomy":"product_brand","embeddable":true,"href":"https:\/\/comprasyconsejos.store\/en\/wp-json\/wp\/v2\/product_brand?post=31826"},{"taxonomy":"product_cat","embeddable":true,"href":"https:\/\/comprasyconsejos.store\/en\/wp-json\/wp\/v2\/product_cat?post=31826"},{"taxonomy":"product_tag","embeddable":true,"href":"https:\/\/comprasyconsejos.store\/en\/wp-json\/wp\/v2\/product_tag?post=31826"}],"curies":[{"name":"wp","href":"https:\/\/api.w.org\/{rel}","templated":true}]}}