{"id":31834,"date":"2026-02-23T00:18:54","date_gmt":"2026-02-23T00:18:54","guid":{"rendered":"https:\/\/comprasyconsejos.store\/product\/lapiz-stylus-para-tablet-lapiz-tactil-recargable-con-punta-fina-2-puntas-de-repuesto-compatible-con-apple-ipad-iphone-samsung-tab-android-windows-alta-precision-capacitiva\/"},"modified":"2026-02-23T00:19:04","modified_gmt":"2026-02-23T00:19:04","slug":"lapiz-stylus-para-tablet-lapiz-tactil-recargable-con-punta-fina-2-puntas-de-repuesto-compatible-con-apple-ipad-iphone-samsung-tab-android-windows-alta-precision-capacitiva","status":"publish","type":"product","link":"https:\/\/comprasyconsejos.store\/en\/product\/lapiz-stylus-para-tablet-lapiz-tactil-recargable-con-punta-fina-2-puntas-de-repuesto-compatible-con-apple-ipad-iphone-samsung-tab-android-windows-alta-precision-capacitiva\/","title":{"rendered":"L\u00e1piz Stylus para Tablet &#8211; L\u00e1piz t\u00e1ctil recargable con punta fina &#8211; 2 puntas de repuesto &#8211; Compatible con Apple iPad &#8211; iPhone &#8211; Samsung Tab &#8211; Android &#8211; Windows &#8211; Alta precisi\u00f3n capacitiva"},"content":{"rendered":"<p>Price: <span style=\"color:#b12704\">\u20ac16.86<\/span><br \/><i><small>(as of Feb 23, 2026 00:18:54 UTC &#8211; <span class=\"wp_automatic_amazon_disclaimer\" title=\"Product prices and availability are accurate as of the date\/time indicated and are subject to change. Any price and availability information displayed on [relevant Amazon Site(s), as applicable] at the time of purchase will apply to the purchase of this product.\">Details<\/span>)<\/small><\/i><\/p>\n<p><a href=\"https:\/\/amazon.es\/dp\/B0FY31KRX7?tag=man008-21\"><img decoding=\"async\" src=\"https:\/\/valvepress.s3.amazonaws.com\/imgs\/buy_now.png\"><\/a><br \/>\n<\/p>\n<p>                                             Product Description   <\/p>\n<h3 class=\"a-spacing-mini\"> L\u00e1piz t\u00e1ctil para tablet <\/h3>\n<p>                                          <img decoding=\"async\" alt=\"aplus content image\" src=\"https:\/\/images-na.ssl-images-amazon.com\/images\/G\/01\/x-locale\/common\/grey-pixel.gif\" class=\"a-spacing-base a-lazy-loaded\" data-src=\"https:\/\/m.media-amazon.com\/images\/S\/aplus-media-library-service-media\/7900ea54-3514-4f02-b043-a274ff6d7f94.__CR0,0,970,600_PT0_SX970_V1___.jpg\"><img decoding=\"async\" alt=\"aplus content image\" src=\"https:\/\/m.media-amazon.com\/images\/S\/aplus-media-library-service-media\/7900ea54-3514-4f02-b043-a274ff6d7f94.__CR0,0,970,600_PT0_SX970_V1___.jpg\">                                                                     <\/p>\n<p class=\"a-spacing-base\"> Precisi\u00f3n, confort, tecnolog\u00eda, incluye 2 puntas + cable USB-C <\/p>\n<h3 class=\"a-spacing-mini\"> Las 3 ventajas principales <\/h3>\n<p>                                          <img decoding=\"async\" alt=\"Serie de diagramas t\u00e9cnicos minimalistas o bocetos que muestran dise\u00f1os de dispositivos o productos sobre fondos claros\" src=\"https:\/\/images-na.ssl-images-amazon.com\/images\/G\/01\/x-locale\/common\/grey-pixel.gif\" class=\"a-spacing-base a-lazy-loaded\" data-src=\"https:\/\/m.media-amazon.com\/images\/S\/aplus-media-library-service-media\/28d9a880-1d63-4b6a-b954-f9dec2d2a8d0.__CR0,0,970,600_PT0_SX970_V1___.jpg\"><img decoding=\"async\" alt=\"Serie de diagramas t\u00e9cnicos minimalistas o bocetos que muestran dise\u00f1os de dispositivos o productos sobre fondos claros\" src=\"https:\/\/m.media-amazon.com\/images\/S\/aplus-media-library-service-media\/28d9a880-1d63-4b6a-b954-f9dec2d2a8d0.__CR0,0,970,600_PT0_SX970_V1___.jpg\">                                                                     <\/p>\n<p class=\"a-spacing-base\"> . Escritura fluida <\/p>\n<p class=\"a-spacing-base\"> . Sin retraso o retraso <\/p>\n<p class=\"a-spacing-base\"> . 2 puntas incluidas f\u00e1ciles de reemplazar <\/p>\n<p class=\"a-spacing-base\"> . Sensibilidad a la inclinaci\u00f3n <\/p>\n<h3 class=\"a-spacing-mini\"> Detalles que marcan la diferencia <\/h3>\n<p>                                          <img decoding=\"async\" alt=\"aplus content image\" src=\"https:\/\/images-na.ssl-images-amazon.com\/images\/G\/01\/x-locale\/common\/grey-pixel.gif\" class=\"a-spacing-base a-lazy-loaded\" data-src=\"https:\/\/m.media-amazon.com\/images\/S\/aplus-media-library-service-media\/93e87c9d-7853-429c-9f4d-b970665f92a3.__CR0,0,970,600_PT0_SX970_V1___.jpg\"><img decoding=\"async\" alt=\"aplus content image\" src=\"https:\/\/m.media-amazon.com\/images\/S\/aplus-media-library-service-media\/93e87c9d-7853-429c-9f4d-b970665f92a3.__CR0,0,970,600_PT0_SX970_V1___.jpg\">                                                                     <\/p>\n<p class=\"a-spacing-base\"> . Dispone de una punta ultra precisa <\/p>\n<p class=\"a-spacing-base\"> . Tiene un dise\u00f1o ergon\u00f3mico <\/p>\n<p class=\"a-spacing-base\"> . Dispone de un puerto USB-C para una carga r\u00e1pida <\/p>\n<h3 class=\"a-spacing-mini\"> Estilo de vida <\/h3>\n<p>                                          <img decoding=\"async\" alt=\"aplus content image\" src=\"https:\/\/images-na.ssl-images-amazon.com\/images\/G\/01\/x-locale\/common\/grey-pixel.gif\" class=\"a-spacing-base a-lazy-loaded\" data-src=\"https:\/\/m.media-amazon.com\/images\/S\/aplus-media-library-service-media\/5d69000a-f60d-4ec7-a54a-957da59dfac4.__CR0,0,970,600_PT0_SX970_V1___.jpg\"><img decoding=\"async\" alt=\"aplus content image\" src=\"https:\/\/m.media-amazon.com\/images\/S\/aplus-media-library-service-media\/5d69000a-f60d-4ec7-a54a-957da59dfac4.__CR0,0,970,600_PT0_SX970_V1___.jpg\">                                                                     <\/p>\n<p class=\"a-spacing-base\"> . Perfecto para tomar notas <\/p>\n<p class=\"a-spacing-base\"> . Ideal para dibujar <\/p>\n<p class=\"a-spacing-base\"> . Firmar documentos <\/p>\n<p class=\"a-spacing-base\"> . M\u00e1xima precisi\u00f3n incluso en pantallas m\u00e1s peque\u00f1as <\/p>\n<h3 class=\"a-spacing-mini\"> Sin configuraci\u00f3n <\/h3>\n<p>                                          <img decoding=\"async\" alt=\"Se est\u00e1n mostrando o sujetando varios cables y adaptadores de carga USB, que muestran diferentes tipos de conexi\u00f3n y orientaciones.\" src=\"https:\/\/images-na.ssl-images-amazon.com\/images\/G\/01\/x-locale\/common\/grey-pixel.gif\" class=\"a-spacing-base a-lazy-loaded\" data-src=\"https:\/\/m.media-amazon.com\/images\/S\/aplus-media-library-service-media\/478e3c02-9247-417f-8dc8-1dff82e52835.__CR0,0,970,600_PT0_SX970_V1___.jpg\"><img decoding=\"async\" alt=\"Se est\u00e1n mostrando o sujetando varios cables y adaptadores de carga USB, que muestran diferentes tipos de conexi\u00f3n y orientaciones.\" src=\"https:\/\/m.media-amazon.com\/images\/S\/aplus-media-library-service-media\/478e3c02-9247-417f-8dc8-1dff82e52835.__CR0,0,970,600_PT0_SX970_V1___.jpg\">                                                                     <\/p>\n<p class=\"a-spacing-base\"> . El l\u00e1piz no necesita Bluetooth ni configuraci\u00f3n <\/p>\n<p class=\"a-spacing-base\"> . Dos clics para encenderla <\/p>\n<p class=\"a-spacing-base\"> . Dos clics para apagarla <\/p>\n<p class=\"a-spacing-base\"> . Apagado autom\u00e1tico por inuso <\/p>\n<p> Batteries                                            \u200f                                            :                                            \u200e                                            1 Nonstandard Battery batteries required. (included)   <br \/> Package Dimensions                                            \u200f                                            :                                            \u200e                                            18 x 5.5 x 1.4 cm; 30 g   <br \/> Manufacturer                                            \u200f                                            :                                            \u200e                                            REAMAL   <br \/> ASIN                                            \u200f                                            :                                            \u200e                                            B0FY31KRX7   <br \/> Item model number                                            \u200f                                            :                                            \u200e                                            REA001   <br \/> Guaranteed software updates until                                            \u200f                                            :                                            \u200e                                            unknown   <br \/>  Customer reviews:                                                                                            3.1               3.1 out of 5 stars                                  (15)                                              var dpAcrHasRegisteredArcLinkClickAction;                    P.when(&#8216;A&#8217;, &#8216;ready&#8217;).execute(function(A) {                        if (dpAcrHasRegisteredArcLinkClickAction !== true) {                            dpAcrHasRegisteredArcLinkClickAction = true;                            A.declarative(                                &#8216;acrLink-click-metrics&#8217;, &#8216;click&#8217;,                                { \u00aballowLinkDefault\u00bb: true },                                function (event) {                                    if (window.ue) {                                        ue.count(\u00abacrLinkClickCount\u00bb, (ue.count(\u00abacrLinkClickCount\u00bb) || 0) + 1);                                    }                                }                            );                        }                    });                                             P.when(&#8216;A&#8217;, &#8216;cf&#8217;).execute(function(A) {                A.declarative(&#8216;acrStarsLink-click-metrics&#8217;, &#8216;click&#8217;, { \u00aballowLinkDefault\u00bb : true },  function(event){                    if(window.ue) {                        ue.count(\u00abacrStarsLinkWithPopoverClickCount\u00bb, (ue.count(\u00abacrStarsLinkWithPopoverClickCount\u00bb) || 0) + 1);                    }                });            });                          <\/p>\n<p>Compatibilidad universal: compatible con la mayor\u00eda de los dispositivos Apple y Android, incluidos iPad, iPhone, Samsung Galaxy, Huawei, Xiaomi, tabletas Android y otras pantallas t\u00e1ctiles. No requiere Bluetooth.<br \/>Dise\u00f1o elegante y ligero: cuerpo de aluminio blanco mate, elegante y moderno. Dise\u00f1o ergon\u00f3mico y ligero para una escritura natural, ideal para el trabajo, estudio y dibujo digital.<br \/>Alta precisi\u00f3n y punta fina: punta capacitiva ultrasensible de 1,5 mm para un toque preciso y fluido. Perfecto para escritura a mano alzada, notas, dibujo, edici\u00f3n de fotos y firma digital.<br \/>Recargable y de larga duraci\u00f3n: bater\u00eda integrada de larga duraci\u00f3n, hasta 10 horas de uso continuo con una sola carga. Carga r\u00e1pida mediante cable USB incluido.<br \/>2 puntas de repuesto incluidas: equipada con 2 puntas de repuesto f\u00e1ciles de reemplazar, para una mayor durabilidad y ahorro. Mant\u00e9n tu bol\u00edgrafo siempre preciso y funcional.<br \/>Contenido del paquete: dentro del paquete encontrar\u00e1s: 1 bol\u00edgrafo, 2 puntas de repuesto, 1 cable USB para la carga.<\/p>\n\n","protected":false},"excerpt":{"rendered":"<p> Product Description L\u00e1piz t\u00e1ctil para tablet Precisi\u00f3n, confort, tecnolog\u00eda, incluye 2 puntas + cable USB-C<\/p>","protected":false},"featured_media":31835,"comment_status":"open","ping_status":"closed","template":"","meta":[],"product_brand":[],"product_cat":[95],"product_tag":[631,4658,391,175,632,9160,201,3994,9158,162,147,9156,629,3954,637,2971,9157,9159,4029,6102,249,918,831,157,636,4110,635,537,628,634,633,630],"class_list":{"0":"post-31834","1":"product","2":"type-product","3":"status-publish","4":"has-post-thumbnail","6":"product_cat-windows-tablets","7":"product_tag-2-in-1-tablet","8":"product_tag-alta","9":"product_tag-android","10":"product_tag-apple","11":"product_tag-business-tablet-windows","12":"product_tag-capacitiva","13":"product_tag-compatible","14":"product_tag-con","15":"product_tag-fina","16":"product_tag-ipad","17":"product_tag-iphone","18":"product_tag-lapiz","19":"product_tag-microsoft-surface-tablet","20":"product_tag-para","21":"product_tag-portable-windows-tablet","22":"product_tag-precision","23":"product_tag-punta","24":"product_tag-puntas","25":"product_tag-recargable","26":"product_tag-repuesto","27":"product_tag-samsung","28":"product_tag-stylus","29":"product_tag-tab","30":"product_tag-tablet","31":"product_tag-tablet-laptop-combo","32":"product_tag-tactil","33":"product_tag-touchscreen-windows-tablet","34":"product_tag-windows","35":"product_tag-windows-tablet","36":"product_tag-windows-tablet-for-work","37":"product_tag-windows-tablet-price","38":"product_tag-windows-tablet-with-keyboard","40":"first","41":"instock","42":"shipping-taxable","43":"product-type-external"},"_links":{"self":[{"href":"https:\/\/comprasyconsejos.store\/en\/wp-json\/wp\/v2\/product\/31834","targetHints":{"allow":["GET"]}}],"collection":[{"href":"https:\/\/comprasyconsejos.store\/en\/wp-json\/wp\/v2\/product"}],"about":[{"href":"https:\/\/comprasyconsejos.store\/en\/wp-json\/wp\/v2\/types\/product"}],"replies":[{"embeddable":true,"href":"https:\/\/comprasyconsejos.store\/en\/wp-json\/wp\/v2\/comments?post=31834"}],"version-history":[{"count":0,"href":"https:\/\/comprasyconsejos.store\/en\/wp-json\/wp\/v2\/product\/31834\/revisions"}],"wp:featuredmedia":[{"embeddable":true,"href":"https:\/\/comprasyconsejos.store\/en\/wp-json\/wp\/v2\/media\/31835"}],"wp:attachment":[{"href":"https:\/\/comprasyconsejos.store\/en\/wp-json\/wp\/v2\/media?parent=31834"}],"wp:term":[{"taxonomy":"product_brand","embeddable":true,"href":"https:\/\/comprasyconsejos.store\/en\/wp-json\/wp\/v2\/product_brand?post=31834"},{"taxonomy":"product_cat","embeddable":true,"href":"https:\/\/comprasyconsejos.store\/en\/wp-json\/wp\/v2\/product_cat?post=31834"},{"taxonomy":"product_tag","embeddable":true,"href":"https:\/\/comprasyconsejos.store\/en\/wp-json\/wp\/v2\/product_tag?post=31834"}],"curies":[{"name":"wp","href":"https:\/\/api.w.org\/{rel}","templated":true}]}}