{"id":31874,"date":"2026-02-23T00:39:38","date_gmt":"2026-02-23T00:39:38","guid":{"rendered":"https:\/\/comprasyconsejos.store\/product\/lenovo-ideapad-slim-3-gen-8-laptop-15-6-inch-fhd-intel-core-i7-13620h-intel-uhd-graphics-16gb-ram-512gb-ssd-wi-fi-6-windows-11-home-spanish-qwerty-keyboard-abyss-blue\/"},"modified":"2026-02-23T00:39:53","modified_gmt":"2026-02-23T00:39:53","slug":"lenovo-ideapad-slim-3-gen-8-laptop-15-6-inch-fhd-intel-core-i7-13620h-intel-uhd-graphics-16gb-ram-512gb-ssd-wi-fi-6-windows-11-home-spanish-qwerty-keyboard-abyss-blue","status":"publish","type":"product","link":"https:\/\/comprasyconsejos.store\/en\/product\/lenovo-ideapad-slim-3-gen-8-laptop-15-6-inch-fhd-intel-core-i7-13620h-intel-uhd-graphics-16gb-ram-512gb-ssd-wi-fi-6-windows-11-home-spanish-qwerty-keyboard-abyss-blue\/","title":{"rendered":"Lenovo IdeaPad Slim 3 Gen 8 \u2013 Laptop 15.6 Inch FHD Intel Core i7-13620H, Intel UHD Graphics, 16GB RAM, 512GB SSD, Wi-Fi 6, Windows 11 Home Spanish QWERTY Keyboard, Abyss Blue"},"content":{"rendered":"<p>Price: <span style=\"color:#b12704\"><del>\u20ac799.00<\/del> - \u20ac449.00<\/span><br \/><i><small>(as of Feb 23, 2026 00:39:38 UTC &#8211; <span class=\"wp_automatic_amazon_disclaimer\" title=\"Product prices and availability are accurate as of the date\/time indicated and are subject to change. Any price and availability information displayed on [relevant Amazon Site(s), as applicable] at the time of purchase will apply to the purchase of this product.\">Details<\/span>)<\/small><\/i><\/p>\n<p><a href=\"https:\/\/amazon.es\/dp\/B0D8TRHM31?tag=man008-21\"><img decoding=\"async\" src=\"https:\/\/valvepress.s3.amazonaws.com\/imgs\/buy_now.png\"><\/a><br \/>\n<\/p>\n<p>                                             From the manufacturer   <\/p>\n<p>                                                                                                       <img decoding=\"async\" alt=\"Lenovo IdeaPad Slim 3 Gen 8 - fotograf\u00eda mujer  y ordenador azul\" src=\"https:\/\/images-na.ssl-images-amazon.com\/images\/G\/01\/x-locale\/common\/grey-pixel.gif\" class=\"a-lazy-loaded\" data-src=\"https:\/\/m.media-amazon.com\/images\/S\/aplus-media-library-service-media\/22a7c6d4-9fb4-4a2c-a0df-a698debb48b4.__CR0,0,1464,600_PT0_SX1464_V1___.jpg\"><img decoding=\"async\" alt=\"Lenovo IdeaPad Slim 3 Gen 8 - fotograf\u00eda mujer  y ordenador azul\" src=\"https:\/\/m.media-amazon.com\/images\/S\/aplus-media-library-service-media\/22a7c6d4-9fb4-4a2c-a0df-a698debb48b4.__CR0,0,1464,600_PT0_SX1464_V1___.jpg\">                                               <\/p>\n<p>                                                                                                       <img decoding=\"async\" alt=\"Lenovo IdeaPad Slim 3 Gen 8 - fotograf\u00eda ordenador azul\" src=\"https:\/\/images-na.ssl-images-amazon.com\/images\/G\/01\/x-locale\/common\/grey-pixel.gif\" class=\"a-lazy-loaded\" data-src=\"https:\/\/m.media-amazon.com\/images\/S\/aplus-media-library-service-media\/d9f98f1e-c28a-4a51-83a8-c94a3b511fd8.__CR0,0,1464,600_PT0_SX1464_V1___.jpg\"><img decoding=\"async\" alt=\"Lenovo IdeaPad Slim 3 Gen 8 - fotograf\u00eda ordenador azul\" src=\"https:\/\/m.media-amazon.com\/images\/S\/aplus-media-library-service-media\/d9f98f1e-c28a-4a51-83a8-c94a3b511fd8.__CR0,0,1464,600_PT0_SX1464_V1___.jpg\">                                               <\/p>\n<p>The video showcases the product in use.The video guides you through product setup.The video compares multiple products.The video shows the product being unpacked.<\/p>\n<p>                                                                                                                    <img decoding=\"async\" alt=\"Lenovo IdeaPad Slim 3 Gen 8 imagen ordenador y pluma\" src=\"https:\/\/m.media-amazon.com\/images\/S\/aplus-media-library-service-media\/908957e1-28ee-4d82-9337-bcdc5983b9cb.__CR0,0,1464,600_PT0_SX1464_V1___.jpg\">                                                    <img decoding=\"async\" alt=\"Lenovo IdeaPad Slim 3 Gen 8 procesador\" src=\"https:\/\/m.media-amazon.com\/images\/S\/aplus-media-library-service-media\/60bb3020-8bd3-4a49-9965-1d0b828918f6.__CR0,0,1464,600_PT0_SX1464_V1___.jpg\">                                                    <img decoding=\"async\" alt=\"Lenovo IdeaPad Slim 3 Gen 8 imagen monitor\" src=\"https:\/\/m.media-amazon.com\/images\/S\/aplus-media-library-service-media\/a7a7c457-d888-4219-ae9e-1472b2853be1.__CR0,0,1464,600_PT0_SX1464_V1___.jpg\">                                                    <img decoding=\"async\" alt=\"Lenovo IdeaPad Slim 3 Gen 8 imagen carga r\u00e1pida\" src=\"https:\/\/m.media-amazon.com\/images\/S\/aplus-media-library-service-media\/00ed4b98-256f-43cb-a7d1-97b9f97ec1c1.__CR0,0,1464,600_PT0_SX1464_V1___.jpg\">                                                    <img decoding=\"async\" alt=\"Lenovo IdeaPad Slim 3 Gen 8 imagen Lenovo AI engine\" src=\"https:\/\/m.media-amazon.com\/images\/S\/aplus-media-library-service-media\/d6d8672c-0db1-4eee-8025-7ed1c1c3bab7.__CR0,0,1464,600_PT0_SX1464_V1___.jpg\"><br \/>\n                            1 Ligero y resistente <\/p>\n<p>                            2 Procesador <\/p>\n<p>                            3 Pantalla <\/p>\n<p>                            4 Carga r\u00e1pida <\/p>\n<p>                            5 Lenovo AI Engine <\/p>\n<p>                                                                                                       <img decoding=\"async\" alt=\"Lenovo IdeaPad Slim 3 Gen 8 imagen equipo resistente a condiciones extremas\" src=\"https:\/\/images-na.ssl-images-amazon.com\/images\/G\/01\/x-locale\/common\/grey-pixel.gif\" class=\"a-lazy-loaded\" data-src=\"https:\/\/m.media-amazon.com\/images\/S\/aplus-media-library-service-media\/866fcf1e-0d1b-4941-8947-bae714becdfe.__CR0,0,1464,600_PT0_SX1464_V1___.jpg\"><img decoding=\"async\" alt=\"Lenovo IdeaPad Slim 3 Gen 8 imagen equipo resistente a condiciones extremas\" src=\"https:\/\/m.media-amazon.com\/images\/S\/aplus-media-library-service-media\/866fcf1e-0d1b-4941-8947-bae714becdfe.__CR0,0,1464,600_PT0_SX1464_V1___.jpg\">                                               <\/p>\n<p>                                                                                                       <img decoding=\"async\" alt=\"Lenovo IdeaPad Slim 3 Gen 8 imagen puertos y ranuras\" src=\"https:\/\/images-na.ssl-images-amazon.com\/images\/G\/01\/x-locale\/common\/grey-pixel.gif\" class=\"a-lazy-loaded\" data-src=\"https:\/\/m.media-amazon.com\/images\/S\/aplus-media-library-service-media\/0bfd00cc-bcfe-49c5-8a5d-c3bda53435e5.__CR0,0,1464,600_PT0_SX1464_V1___.jpg\"><img decoding=\"async\" alt=\"Lenovo IdeaPad Slim 3 Gen 8 imagen puertos y ranuras\" src=\"https:\/\/m.media-amazon.com\/images\/S\/aplus-media-library-service-media\/0bfd00cc-bcfe-49c5-8a5d-c3bda53435e5.__CR0,0,1464,600_PT0_SX1464_V1___.jpg\">                                         <\/p>\n<p class=\"aplus-description aplus-container-3 aplus-p1\"> 1- Entrada de energ\u00eda   |   2- USB 3.2 Gen 14 Type-A   |   3- HDMI 1.4   |   4- USB 3.2 Gen 14 Type-C (funci\u00f3n completa)    |   5- Conector de Audio   |   6- Lector de tarjeta SD   |   7- USB 3.2 Gen 1 Type-A <\/p>\n<h3 class=\"a-size-extra-large a-spacing-base a-text-center\"> Otras Especificaciones  <\/h3>\n<p>                                                        Audio                                    Audio de alta definici\u00f3n (HD)                                        Altavoces                                    Altavoces est\u00e9reo orientados al usuario, 1,5 W x2, optimizados con Dolby Audio                                        C\u00e1mara                                    FHD 1080p con obturador de privacidad                                        Micr\u00f3fono                                    2x, Array                                                         Chip de seguridad                                     Firmware TPM 2.0 habilitado                                        Cumple con                                    ENERGY STAR 8.0, EPEAT Silver Registered, ErP Lot 6, ErP Lot 26, RoHS compliant                                        Protecci\u00f3n visual                                    T\u00dcV Rheinland Luz azul baja (soluci\u00f3n de software)                                        Especificaciones militares                                    Aprobada la prueba militar MIL-STD-810H (21 elementos de prueba)                     <\/p>\n<p> Batteries                                            \u200f                                            :                                            \u200e                                            2 Lithium Ion batteries required. (included)   <br \/> Product Dimensions                                            \u200f                                            :                                            \u200e                                            35.9 x 23.5 x 1.79 cm; 1.62 kg   <br \/> Manufacturer                                            \u200f                                            :                                            \u200e                                            Lenovo   <br \/> ASIN                                            \u200f                                            :                                            \u200e                                            B0D8TRHM31   <br \/> Item model number                                            \u200f                                            :                                            \u200e                                            83EM00DSSP   <br \/> Guaranteed software updates until                                            \u200f                                            :                                            \u200e                                            unknown   <br \/>  Customer reviews:                                                                                            4.4               4.4 out of 5 stars                                  (88)                                              var dpAcrHasRegisteredArcLinkClickAction;                    P.when(&#8216;A&#8217;, &#8216;ready&#8217;).execute(function(A) {                        if (dpAcrHasRegisteredArcLinkClickAction !== true) {                            dpAcrHasRegisteredArcLinkClickAction = true;                            A.declarative(                                &#8216;acrLink-click-metrics&#8217;, &#8216;click&#8217;,                                { \u00aballowLinkDefault\u00bb: true },                                function (event) {                                    if (window.ue) {                                        ue.count(\u00abacrLinkClickCount\u00bb, (ue.count(\u00abacrLinkClickCount\u00bb) || 0) + 1);                                    }                                }                            );                        }                    });                                             P.when(&#8216;A&#8217;, &#8216;cf&#8217;).execute(function(A) {                A.declarative(&#8216;acrStarsLink-click-metrics&#8217;, &#8216;click&#8217;, { \u00aballowLinkDefault\u00bb : true },  function(event){                    if(window.ue) {                        ue.count(\u00abacrStarsLinkWithPopoverClickCount\u00bb, (ue.count(\u00abacrStarsLinkWithPopoverClickCount\u00bb) || 0) + 1);                    }                });            });                          <\/p>\n<p>Nothing better for studio or entertainment than the 15.6&#8243; FHD IPS display with narrow bezels on its four sides. Its resolution of 1920&#215;1080 px is the ideal multimedia complement for your 2 Dolby Audio 1.5W speakers<br \/>Be amazed with its powerful 10-core Intel Core i7-13620H processor, which lets you multitask on the go thanks to its 16GB RAM and integrated Intel UHD Graphics<br \/>Speed up your study and work experience with the full-function Type-C port, which allows you power delivery, display output, and faster data transfer<br \/>Rugged and sophisticated: Available in Abyss Blue, the IdeaPad Slim 3 laptop is military-grade and resistant to shock, dust and extreme travel in the harshest conditions<br \/>Your vision is protected thanks to the T\u00dcV Low Blue Light certification, which guarantees the reduction of harmful blue light emissions, generating fatigue and visual fatigue<\/p>\n\n","protected":false},"excerpt":{"rendered":"<p> From the manufacturer The video showcases the product in use.The video guides you through product<\/p>","protected":false},"featured_media":31875,"comment_status":"open","ping_status":"closed","template":"","meta":[],"product_brand":[],"product_cat":[85],"product_tag":[509,536,7331,575,367,573,577,698,578,581,639,855,644,626,1776,5930,584,562,518,159,582,1054,576,574,580,858,587,288,5273,513,684,543,537,579],"class_list":{"0":"post-31874","1":"product","2":"type-product","3":"status-publish","4":"has-post-thumbnail","6":"product_cat-business-laptop","7":"product_tag-16gb","8":"product_tag-512gb","9":"product_tag-abyss","10":"product_tag-best-laptop-for-business","11":"product_tag-blue","12":"product_tag-business-laptop","13":"product_tag-business-laptop-with-ssd","14":"product_tag-core","15":"product_tag-corporate-laptop","16":"product_tag-durable-business-laptop","17":"product_tag-fhd","18":"product_tag-gen","19":"product_tag-graphics","20":"product_tag-home","21":"product_tag-i713620h","22":"product_tag-ideapad","23":"product_tag-inch","24":"product_tag-intel","25":"product_tag-keyboard","26":"product_tag-laptop","27":"product_tag-laptop-for-work","28":"product_tag-lenovo","29":"product_tag-lightweight-business-laptop","30":"product_tag-office-laptop","31":"product_tag-professional-laptop","32":"product_tag-qwerty","33":"product_tag-ram","34":"product_tag-slim","35":"product_tag-spanish","36":"product_tag-ssd","37":"product_tag-uhd","38":"product_tag-wifi","39":"product_tag-windows","40":"product_tag-windows-business-laptop","42":"first","43":"instock","44":"sale","45":"shipping-taxable","46":"product-type-external"},"_links":{"self":[{"href":"https:\/\/comprasyconsejos.store\/en\/wp-json\/wp\/v2\/product\/31874","targetHints":{"allow":["GET"]}}],"collection":[{"href":"https:\/\/comprasyconsejos.store\/en\/wp-json\/wp\/v2\/product"}],"about":[{"href":"https:\/\/comprasyconsejos.store\/en\/wp-json\/wp\/v2\/types\/product"}],"replies":[{"embeddable":true,"href":"https:\/\/comprasyconsejos.store\/en\/wp-json\/wp\/v2\/comments?post=31874"}],"version-history":[{"count":0,"href":"https:\/\/comprasyconsejos.store\/en\/wp-json\/wp\/v2\/product\/31874\/revisions"}],"wp:featuredmedia":[{"embeddable":true,"href":"https:\/\/comprasyconsejos.store\/en\/wp-json\/wp\/v2\/media\/31875"}],"wp:attachment":[{"href":"https:\/\/comprasyconsejos.store\/en\/wp-json\/wp\/v2\/media?parent=31874"}],"wp:term":[{"taxonomy":"product_brand","embeddable":true,"href":"https:\/\/comprasyconsejos.store\/en\/wp-json\/wp\/v2\/product_brand?post=31874"},{"taxonomy":"product_cat","embeddable":true,"href":"https:\/\/comprasyconsejos.store\/en\/wp-json\/wp\/v2\/product_cat?post=31874"},{"taxonomy":"product_tag","embeddable":true,"href":"https:\/\/comprasyconsejos.store\/en\/wp-json\/wp\/v2\/product_tag?post=31874"}],"curies":[{"name":"wp","href":"https:\/\/api.w.org\/{rel}","templated":true}]}}