{"id":31896,"date":"2026-02-23T00:50:19","date_gmt":"2026-02-23T00:50:19","guid":{"rendered":"https:\/\/comprasyconsejos.store\/product\/wireless-iphone-charger-charging-station-for-iphone-air-17-16-15-14-13-12-series-3-in-1-for-apple-watch-11-10-9-8-7-ultra-3-air-pods-swanscout-703a-without-adapter\/"},"modified":"2026-02-23T00:50:25","modified_gmt":"2026-02-23T00:50:25","slug":"wireless-iphone-charger-charging-station-for-iphone-air-17-16-15-14-13-12-series-3-in-1-for-apple-watch-11-10-9-8-7-ultra-3-air-pods-swanscout-703a-without-adapter","status":"publish","type":"product","link":"https:\/\/comprasyconsejos.store\/en\/product\/wireless-iphone-charger-charging-station-for-iphone-air-17-16-15-14-13-12-series-3-in-1-for-apple-watch-11-10-9-8-7-ultra-3-air-pods-swanscout-703a-without-adapter\/","title":{"rendered":"Wireless iPhone Charger, Charging Station for iPhone Air\/17\/16\/15\/14\/13\/12 Series, 3 in 1 for Apple Watch 11\/10\/9\/8\/7\/Ultra 3\/Air-Pods, SwanScout 703A, Without Adapter"},"content":{"rendered":"<p>Price: <span style=\"color:#b12704\"><del>\u20ac39.99<\/del> - \u20ac45.98<\/span><br \/><i><small>(as of Feb 23, 2026 00:50:20 UTC &#8211; <span class=\"wp_automatic_amazon_disclaimer\" title=\"Product prices and availability are accurate as of the date\/time indicated and are subject to change. Any price and availability information displayed on [relevant Amazon Site(s), as applicable] at the time of purchase will apply to the purchase of this product.\">Details<\/span>)<\/small><\/i><\/p>\n<p><a href=\"https:\/\/amazon.es\/dp\/B0C5LHGNL5?tag=man008-21\"><img decoding=\"async\" src=\"https:\/\/valvepress.s3.amazonaws.com\/imgs\/buy_now.png\"><\/a><br \/>\n<\/p>\n<p>                                             Product Description   <\/p>\n<p>                                                                                                       <img decoding=\"async\" alt=\"El texto dice \u00abEstaci\u00f3n de carga 3 en 1 SwanScout 703A\u00bb. La imagen del producto muestra una base de carga negra y naranja con pantalla digital.\" src=\"https:\/\/images-na.ssl-images-amazon.com\/images\/G\/01\/x-locale\/common\/grey-pixel.gif\" class=\"a-lazy-loaded\" data-src=\"https:\/\/m.media-amazon.com\/images\/S\/aplus-media-library-service-media\/231c6533-f5f0-4fef-9cd3-a4c70514b587.__CR0,0,1464,600_PT0_SX1464_V1___.jpg\"><img decoding=\"async\" alt=\"El texto dice \u00abEstaci\u00f3n de carga 3 en 1 SwanScout 703A\u00bb. La imagen del producto muestra una base de carga negra y naranja con pantalla digital.\" src=\"https:\/\/m.media-amazon.com\/images\/S\/aplus-media-library-service-media\/231c6533-f5f0-4fef-9cd3-a4c70514b587.__CR0,0,1464,600_PT0_SX1464_V1___.jpg\">                                               <\/p>\n<p>                                                                                                       <img decoding=\"async\" alt=\"aplus content image\" src=\"https:\/\/images-na.ssl-images-amazon.com\/images\/G\/01\/x-locale\/common\/grey-pixel.gif\" class=\"a-lazy-loaded\" data-src=\"https:\/\/m.media-amazon.com\/images\/S\/aplus-media-library-service-media\/d33367d6-f1ff-4d3d-a60d-434cb23eee81.__CR0,0,1464,600_PT0_SX1464_V1___.jpg\"><img decoding=\"async\" alt=\"aplus content image\" src=\"https:\/\/m.media-amazon.com\/images\/S\/aplus-media-library-service-media\/d33367d6-f1ff-4d3d-a60d-434cb23eee81.__CR0,0,1464,600_PT0_SX1464_V1___.jpg\">                                               <\/p>\n<p>                                                                                                              <img decoding=\"async\" alt=\"El texto dice \u00abTouch Dimmer Clock\u00bb. Varias vistas de la pantalla de un reloj digital que muestra la hora a las 06:28 en condiciones de iluminaci\u00f3n ambiental c\u00e1lida.\" src=\"https:\/\/m.media-amazon.com\/images\/S\/aplus-media-library-service-media\/bcf25a80-a82a-4921-8046-17a2a772b35b.__CR0,0,1464,600_PT0_SX1464_V1___.jpg\">                                                    <img decoding=\"async\" alt=\"aplus content image\" src=\"https:\/\/m.media-amazon.com\/images\/S\/aplus-media-library-service-media\/86bb7584-2819-49e6-a9b7-bcc6ee824a2b.__CR0,0,1464,600_PT0_SX1464_V1___.jpg\"><br \/>\n                            1 Funci\u00f3n Reloj <\/p>\n<p>                            2 Botones del reloj <\/p>\n<p>                                                                                  <img decoding=\"async\" alt=\"El texto dice \u00abDise\u00f1o plegable\u00bb. Varias im\u00e1genes muestran un soporte negro para tel\u00e9fonos o tabletas plegados en varias posiciones, lo que demuestra \u00e1ngulos de visi\u00f3n ajustables.\" src=\"https:\/\/m.media-amazon.com\/images\/S\/aplus-media-library-service-media\/12250018-55d7-4466-b551-70a5a3b81872.__CR0,0,1464,600_PT0_SX1464_V1___.jpg\">       <\/p>\n<p>                                                                                  <img decoding=\"async\" alt=\"aplus content image\" src=\"https:\/\/m.media-amazon.com\/images\/S\/aplus-media-library-service-media\/a316637c-6ad3-4e2a-8b8c-3f1f6d03495a.__CR0,0,1464,600_PT0_SX1464_V1___.jpg\">       <\/p>\n<p>                                                                                  <img decoding=\"async\" alt=\"El texto dice \u00abDise\u00f1o elegante patentado\u00bb. La base o el soporte de carga negros se muestran desde varios \u00e1ngulos sobre un fondo blanco.\" src=\"https:\/\/m.media-amazon.com\/images\/S\/aplus-media-library-service-media\/f74e5a05-e36d-4333-b6ba-8b7da03723b7.__CR0,0,1464,600_PT0_SX1464_V1___.jpg\">       <\/p>\n<p>                                                                                                                  <img decoding=\"async\" alt=\"El texto dice \u00abPara tel\u00e9fonos inal\u00e1mbricos\u00bb, seguido de una extensa lista de modelos de iPhone compatibles que abarcan varias generaciones. Dise\u00f1o de pantalla con especificaciones t\u00e9cnicas.\" src=\"https:\/\/m.media-amazon.com\/images\/S\/aplus-media-library-service-media\/1dc2b1bd-5f15-4eb7-9416-6192d7b197dc.__CR0,0,1464,600_PT0_SX1464_V1___.jpg\">                                                    <img decoding=\"async\" alt=\"El texto dice \u00abPara modelos Apple Watch\u00bb seguido de una lista de compatibilidad detallada que incluye varios modelos de la serie Apple Watch. Dise\u00f1o del gr\u00e1fico de especificaciones t\u00e9cnicas.\" src=\"https:\/\/m.media-amazon.com\/images\/S\/aplus-media-library-service-media\/b98c38fd-8959-469e-89ed-e249684ef158.__CR0,0,1464,600_PT0_SX1464_V1___.jpg\">                                                    <img decoding=\"async\" alt=\"El texto dice \u00ab3,5 W para auriculares inal\u00e1mbricos\u00bb y la lista de dispositivos compatibles incluye AirPods Pro, AirPods 2, AirPods 3 y otras fundas para auriculares inal\u00e1mbricos.\" src=\"https:\/\/m.media-amazon.com\/images\/S\/aplus-media-library-service-media\/4a2b8066-e4cb-4468-8f8d-9aef95be6739.__CR0,0,1464,600_PT0_SX1464_V1___.jpg\">                                                    <img decoding=\"async\" alt=\"aplus content image\" src=\"https:\/\/m.media-amazon.com\/images\/S\/aplus-media-library-service-media\/9f0154e7-fcd0-4520-bf00-e10feebf0f92.__CR0,0,1464,600_PT0_SX1464_V1___.jpg\"><br \/>\n                            1 Para tel\u00e9fonos <\/p>\n<p>                            2 Para Apple Watch <\/p>\n<p>                            3 Para auriculares <\/p>\n<p>                            4 Compatible con funda <\/p>\n<p>                                                                                  <img decoding=\"async\" alt=\"El texto dice \u00abControl de encendido\/apagado de carga del tel\u00e9fono\u00bb. Vistas m\u00faltiples de una estaci\u00f3n de carga de tel\u00e9fonos con base de carga inal\u00e1mbrica y soporte ajustable para tel\u00e9fono.\" src=\"https:\/\/m.media-amazon.com\/images\/S\/aplus-media-library-service-media\/783990a3-38ad-427c-a0fa-abfbb7178b0a.__CR0,0,1464,600_PT0_SX1464_V1___.jpg\">       <\/p>\n<p>                                                                                  <img decoding=\"async\" alt=\"El texto dice \u00abDise\u00f1o de doble bobina para una carga flexible\u00bb. Varias vistas de un dispositivo de carga inal\u00e1mbrico con bobinas dobles se muestran en una superficie blanca en diferentes orientaciones.\" src=\"https:\/\/m.media-amazon.com\/images\/S\/aplus-media-library-service-media\/d3de74dd-b481-4a6b-b8f1-b7f45428b302.__CR0,0,1464,600_PT0_SX1464_V1___.jpg\">       <\/p>\n<p>                                                                                  <img decoding=\"async\" alt=\"aplus content image\" src=\"https:\/\/m.media-amazon.com\/images\/S\/aplus-media-library-service-media\/d87735a3-4e2b-48af-907d-9b1d99b54d91.__CR0,0,1464,600_PT0_SX1464_V1___.jpg\">       <\/p>\n<p>                                                                                  <img decoding=\"async\" alt=\"aplus content image\" src=\"https:\/\/m.media-amazon.com\/images\/S\/aplus-media-library-service-media\/187341a4-adda-4c0e-a429-c5ce789a9c98.__CR0,0,1464,600_PT0_SX1464_V1___.jpg\">       <\/p>\n<p>                                                                                  <img decoding=\"async\" alt=\"Im\u00e1genes secuenciales que muestran un dispositivo electr\u00f3nico port\u00e1til colocado sobre lo que parece ser una superficie de color beige.\" src=\"https:\/\/m.media-amazon.com\/images\/S\/aplus-media-library-service-media\/44336ef2-d487-43cc-8382-ca9c1a69a7fd.__CR0,0,1464,600_PT0_SX1464_V1___.jpg\">       <\/p>\n<p>                                                                                  <img decoding=\"async\" alt=\"aplus content image\" src=\"https:\/\/m.media-amazon.com\/images\/S\/aplus-media-library-service-media\/bf23b20a-c257-440f-9842-5b5909c726e9.__CR0,0,1464,600_PT0_SX1464_V1___.jpg\">       <\/p>\n<p> Batteries                                            \u200f                                            :                                            \u200e                                            1 D batteries required. (included)   <br \/> Product Dimensions                                            \u200f                                            :                                            \u200e                                            7.68 x 2.7 x 14.9 cm; 248 g   <br \/> Manufacturer                                            \u200f                                            :                                            \u200e                                            \u200eShenzhen Swanscout Innovations Technology Co., Ltd.   <br \/> ASIN                                            \u200f                                            :                                            \u200e                                            B0C5LHGNL5   <br \/> Item model number                                            \u200f                                            :                                            \u200e                                            S10010   <br \/> Country\/Region of Origin                                            \u200f                                            :                                            \u200e                                            China   <br \/> Guaranteed software updates until                                            \u200f                                            :                                            \u200e                                            unknown   <br \/>  Customer reviews:                                                                                            4.0               4.0 out of 5 stars                                  (1,359)                                              var dpAcrHasRegisteredArcLinkClickAction;                    P.when(&#8216;A&#8217;, &#8216;ready&#8217;).execute(function(A) {                        if (dpAcrHasRegisteredArcLinkClickAction !== true) {                            dpAcrHasRegisteredArcLinkClickAction = true;                            A.declarative(                                &#8216;acrLink-click-metrics&#8217;, &#8216;click&#8217;,                                { \u00aballowLinkDefault\u00bb: true },                                function (event) {                                    if (window.ue) {                                        ue.count(\u00abacrLinkClickCount\u00bb, (ue.count(\u00abacrLinkClickCount\u00bb) || 0) + 1);                                    }                                }                            );                        }                    });                                             P.when(&#8216;A&#8217;, &#8216;cf&#8217;).execute(function(A) {                A.declarative(&#8216;acrStarsLink-click-metrics&#8217;, &#8216;click&#8217;, { \u00aballowLinkDefault\u00bb : true },  function(event){                    if(window.ue) {                        ue.count(\u00abacrStarsLinkWithPopoverClickCount\u00bb, (ue.count(\u00abacrStarsLinkWithPopoverClickCount\u00bb) || 0) + 1);                    }                });            });                          <\/p>\n<p>Foldable and portable design: Take the convenience of wireless charging everywhere with the SwanScout 703A, designed for mobile lifestyles, from coffee shops to global adventures.<br \/>4 Level Light Clock: Adjust to a soft glow ideal for sleeping, with a dimmable digital clock with just a touch. Ensures a perfect night&#8217;s rest.<br \/>3-in-1 Wireless Charger: Keep your workspace tidy with the SwanScout 703A, which charges your phone, watch (Apple Watch only) and headphones at the same time.<br \/>2 in 1 Charger and Stand: The SwanScout 703A has a charge control button. Press it to pause\/resume power instantly, switching between charging and stand mode, adapting to work and entertainment.<br \/>What&#8217;s included: SwanScout 703A (3-in-1 foldable), 1.5m USB-C cable (without adapter), welcome guide, 24-month warranty and our friendly customer service.<\/p>\n\n","protected":false},"excerpt":{"rendered":"<p> Product Description 1 Funci\u00f3n Reloj 2 Botones del reloj 1 Para tel\u00e9fonos 2 Para Apple<\/p>","protected":false},"featured_media":31897,"comment_status":"open","ping_status":"closed","template":"","meta":[],"product_brand":[],"product_cat":[104],"product_tag":[9169,9170,9172,144,9168,175,152,138,147,3004,3003,3015,3008,3007,3010,3011,3000,3001,3013,3016,3014,3005,3002,3009,3017,3006,3012,361,156,9171,229,226],"class_list":{"0":"post-31896","1":"product","2":"type-product","3":"status-publish","4":"has-post-thumbnail","6":"product_cat-apple-iphone","7":"product_tag-1110987ultra","8":"product_tag-3airpods","9":"product_tag-703a","10":"product_tag-adapter","11":"product_tag-air171615141312","12":"product_tag-apple","13":"product_tag-charger","14":"product_tag-charging","15":"product_tag-iphone","16":"product_tag-iphone-13-accessories","17":"product_tag-iphone-14-case","18":"product_tag-iphone-adapter","19":"product_tag-iphone-battery-pack","20":"product_tag-iphone-cable","21":"product_tag-iphone-camera-lens","22":"product_tag-iphone-car-mount","23":"product_tag-iphone-case","24":"product_tag-iphone-charger","25":"product_tag-iphone-earbuds","26":"product_tag-iphone-gaming-controller","27":"product_tag-iphone-magsafe","28":"product_tag-iphone-pro-max-case","29":"product_tag-iphone-screen-protector","30":"product_tag-iphone-tempered-glass","31":"product_tag-iphone-tripod","32":"product_tag-iphone-wireless-charger","33":"product_tag-refurbished-iphone","34":"product_tag-series","35":"product_tag-station","36":"product_tag-swanscout","37":"product_tag-watch","38":"product_tag-wireless","40":"first","41":"instock","42":"shipping-taxable","43":"product-type-external"},"_links":{"self":[{"href":"https:\/\/comprasyconsejos.store\/en\/wp-json\/wp\/v2\/product\/31896","targetHints":{"allow":["GET"]}}],"collection":[{"href":"https:\/\/comprasyconsejos.store\/en\/wp-json\/wp\/v2\/product"}],"about":[{"href":"https:\/\/comprasyconsejos.store\/en\/wp-json\/wp\/v2\/types\/product"}],"replies":[{"embeddable":true,"href":"https:\/\/comprasyconsejos.store\/en\/wp-json\/wp\/v2\/comments?post=31896"}],"version-history":[{"count":0,"href":"https:\/\/comprasyconsejos.store\/en\/wp-json\/wp\/v2\/product\/31896\/revisions"}],"wp:featuredmedia":[{"embeddable":true,"href":"https:\/\/comprasyconsejos.store\/en\/wp-json\/wp\/v2\/media\/31897"}],"wp:attachment":[{"href":"https:\/\/comprasyconsejos.store\/en\/wp-json\/wp\/v2\/media?parent=31896"}],"wp:term":[{"taxonomy":"product_brand","embeddable":true,"href":"https:\/\/comprasyconsejos.store\/en\/wp-json\/wp\/v2\/product_brand?post=31896"},{"taxonomy":"product_cat","embeddable":true,"href":"https:\/\/comprasyconsejos.store\/en\/wp-json\/wp\/v2\/product_cat?post=31896"},{"taxonomy":"product_tag","embeddable":true,"href":"https:\/\/comprasyconsejos.store\/en\/wp-json\/wp\/v2\/product_tag?post=31896"}],"curies":[{"name":"wp","href":"https:\/\/api.w.org\/{rel}","templated":true}]}}