{"id":31917,"date":"2026-02-23T01:02:52","date_gmt":"2026-02-23T01:02:52","guid":{"rendered":"https:\/\/comprasyconsejos.store\/product\/qwiizlab-mac-mini-m4-m4-pro-stand-hub-with-nvme-ssd-alloggiamento-da-40-gbps-docking-station-with-2-usb-a-10-gbps-lettori-di-schede-tf-sd-4-0-312-mb-s-usb-a-2-0-compatible-with-m-2-pcie-fine-to-8\/"},"modified":"2026-02-23T01:02:59","modified_gmt":"2026-02-23T01:02:59","slug":"qwiizlab-mac-mini-m4-m4-pro-stand-hub-with-nvme-ssd-alloggiamento-da-40-gbps-docking-station-with-2-usb-a-10-gbps-lettori-di-schede-tf-sd-4-0-312-mb-s-usb-a-2-0-compatible-with-m-2-pcie-fine-to-8","status":"publish","type":"product","link":"https:\/\/comprasyconsejos.store\/en\/product\/qwiizlab-mac-mini-m4-m4-pro-stand-hub-with-nvme-ssd-alloggiamento-da-40-gbps-docking-station-with-2-usb-a-10-gbps-lettori-di-schede-tf-sd-4-0-312-mb-s-usb-a-2-0-compatible-with-m-2-pcie-fine-to-8\/","title":{"rendered":"Qwiizlab Mac Mini M4\/M4 Pro Stand Hub with NVMe SSD alloggiamento da 40 Gbps, Docking Station with 2 USB-A 10 Gbps, lettori di schede TF\/SD 4.0 312 MB\/s, USB-A 2.0, compatible with M.2 PCIe Fine to 8"},"content":{"rendered":"<p>Price: <span style=\"color:#b12704\">\u20ac109.99<\/span><br \/><i><small>(as of Feb 23, 2026 01:02:52 UTC &#8211; <span class=\"wp_automatic_amazon_disclaimer\" title=\"Product prices and availability are accurate as of the date\/time indicated and are subject to change. Any price and availability information displayed on [relevant Amazon Site(s), as applicable] at the time of purchase will apply to the purchase of this product.\">Details<\/span>)<\/small><\/i><\/p>\n<p><a href=\"https:\/\/amazon.es\/dp\/B0F6LHP892?tag=man008-21\"><img decoding=\"async\" src=\"https:\/\/valvepress.s3.amazonaws.com\/imgs\/buy_now.png\"><\/a><br \/>\n<\/p>\n<p>                                             Product Description   <\/p>\n<p>                                                                                                       <img decoding=\"async\" alt=\"El texto dice \u00abSoporte vertical y hub con USB 4 GB Gigs\u00bb. Configuraci\u00f3n de ordenador o dispositivo que muestra m\u00faltiples pantallas y equipos t\u00e9cnicos.\" src=\"https:\/\/images-na.ssl-images-amazon.com\/images\/G\/01\/x-locale\/common\/grey-pixel.gif\" class=\"a-lazy-loaded\" data-src=\"https:\/\/m.media-amazon.com\/images\/S\/aplus-media-library-service-media\/9c82b197-22f7-4655-a387-82d894090dc9.__CR0,0,1464,600_PT0_SX1464_V1___.jpg\"><img decoding=\"async\" alt=\"El texto dice \u00abSoporte vertical y hub con USB 4 GB Gigs\u00bb. Configuraci\u00f3n de ordenador o dispositivo que muestra m\u00faltiples pantallas y equipos t\u00e9cnicos.\" src=\"https:\/\/m.media-amazon.com\/images\/S\/aplus-media-library-service-media\/9c82b197-22f7-4655-a387-82d894090dc9.__CR0,0,1464,600_PT0_SX1464_V1___.jpg\">                                               <\/p>\n<p>                                                                                                       <img decoding=\"async\" alt=\"aplus content image\" src=\"https:\/\/images-na.ssl-images-amazon.com\/images\/G\/01\/x-locale\/common\/grey-pixel.gif\" class=\"a-lazy-loaded\" data-src=\"https:\/\/m.media-amazon.com\/images\/S\/aplus-media-library-service-media\/c934ea28-2dd9-4b43-b2d6-775c418ec52b.__CR0,0,1464,600_PT0_SX1464_V1___.jpg\"><img decoding=\"async\" alt=\"aplus content image\" src=\"https:\/\/m.media-amazon.com\/images\/S\/aplus-media-library-service-media\/c934ea28-2dd9-4b43-b2d6-775c418ec52b.__CR0,0,1464,600_PT0_SX1464_V1___.jpg\">                                               <\/p>\n<p>                                                                                                       <img decoding=\"async\" alt=\"aplus content image\" src=\"https:\/\/images-na.ssl-images-amazon.com\/images\/G\/01\/x-locale\/common\/grey-pixel.gif\" class=\"a-lazy-loaded\" data-src=\"https:\/\/m.media-amazon.com\/images\/S\/aplus-media-library-service-media\/fcd457b6-82ca-4988-bda0-2f9de6bc5441.__CR0,0,1464,600_PT0_SX1464_V1___.jpg\"><img decoding=\"async\" alt=\"aplus content image\" src=\"https:\/\/m.media-amazon.com\/images\/S\/aplus-media-library-service-media\/fcd457b6-82ca-4988-bda0-2f9de6bc5441.__CR0,0,1464,600_PT0_SX1464_V1___.jpg\">                                               <\/p>\n<p>                                                                                                       <img decoding=\"async\" alt=\"aplus content image\" src=\"https:\/\/images-na.ssl-images-amazon.com\/images\/G\/01\/x-locale\/common\/grey-pixel.gif\" class=\"a-lazy-loaded\" data-src=\"https:\/\/m.media-amazon.com\/images\/S\/aplus-media-library-service-media\/17918687-db1a-4fcd-8590-f9ad064d6514.__CR0,0,1464,600_PT0_SX1464_V1___.jpg\"><img decoding=\"async\" alt=\"aplus content image\" src=\"https:\/\/m.media-amazon.com\/images\/S\/aplus-media-library-service-media\/17918687-db1a-4fcd-8590-f9ad064d6514.__CR0,0,1464,600_PT0_SX1464_V1___.jpg\">                                               <\/p>\n<p>                                                                                                       <img decoding=\"async\" alt=\"aplus content image\" src=\"https:\/\/images-na.ssl-images-amazon.com\/images\/G\/01\/x-locale\/common\/grey-pixel.gif\" class=\"a-lazy-loaded\" data-src=\"https:\/\/m.media-amazon.com\/images\/S\/aplus-media-library-service-media\/23086407-0867-450b-8f2a-0d26585e32df.__CR0,0,1464,600_PT0_SX1464_V1___.jpg\"><img decoding=\"async\" alt=\"aplus content image\" src=\"https:\/\/m.media-amazon.com\/images\/S\/aplus-media-library-service-media\/23086407-0867-450b-8f2a-0d26585e32df.__CR0,0,1464,600_PT0_SX1464_V1___.jpg\">                                               <\/p>\n<p>                                                                                                       <img decoding=\"async\" alt=\"aplus content image\" src=\"https:\/\/images-na.ssl-images-amazon.com\/images\/G\/01\/x-locale\/common\/grey-pixel.gif\" class=\"a-lazy-loaded\" data-src=\"https:\/\/m.media-amazon.com\/images\/S\/aplus-media-library-service-media\/c58d2c9e-eec8-4d85-a7f2-f948f3e2c875.__CR0,0,1464,600_PT0_SX1464_V1___.jpg\"><img decoding=\"async\" alt=\"aplus content image\" src=\"https:\/\/m.media-amazon.com\/images\/S\/aplus-media-library-service-media\/c58d2c9e-eec8-4d85-a7f2-f948f3e2c875.__CR0,0,1464,600_PT0_SX1464_V1___.jpg\">                                               <\/p>\n<p>                                                                                  <img decoding=\"async\" alt=\"El texto dice \u00abQu\u00e9date con el Mac mini\u00bb. Espacio de trabajo de escritorio con ordenador Mac mini configurado con teclado y dispositivos conectados.\" src=\"https:\/\/m.media-amazon.com\/images\/S\/aplus-media-library-service-media\/77d5659c-68ea-450d-84f4-6e5b9a8b2e5e.__CR0,0,1464,600_PT0_SX1464_V1___.jpg\">       <\/p>\n<p>                                                                                  <img decoding=\"async\" alt=\"Gu\u00eda de configuraci\u00f3n t\u00e9cnica que muestra los pasos de instalaci\u00f3n del controlador de impresora con iconos numerados e ilustraciones de conexi\u00f3n de dispositivos. El texto indica \u00ablo que obtienes\u00bb e incluye elementos como el controlador y el manual de usuario.\" src=\"https:\/\/m.media-amazon.com\/images\/S\/aplus-media-library-service-media\/cbf6b706-aaef-4589-ab77-f0dbf63deb79.__CR0,0,1464,600_PT0_SX1464_V1___.jpg\">       <\/p>\n<p> Product Dimensions                                            \u200f                                            :                                            \u200e                                            8.99 x 14.35 x 7.19 cm; 481.94 g   <br \/> Manufacturer                                            \u200f                                            :                                            \u200e                                            Qwiizlab   <br \/> ASIN                                            \u200f                                            :                                            \u200e                                            B0F6LHP892   <br \/> Item model number                                            \u200f                                            :                                            \u200e                                            MC61   <br \/> Country\/Region of Origin                                            \u200f                                            :                                            \u200e                                            China   <br \/> Guaranteed software updates until                                            \u200f                                            :                                            \u200e                                            unknown   <br \/>  Customer reviews:                                                                                            4.1               4.1 out of 5 stars                                  (185)                                              var dpAcrHasRegisteredArcLinkClickAction;                    P.when(&#8216;A&#8217;, &#8216;ready&#8217;).execute(function(A) {                        if (dpAcrHasRegisteredArcLinkClickAction !== true) {                            dpAcrHasRegisteredArcLinkClickAction = true;                            A.declarative(                                &#8216;acrLink-click-metrics&#8217;, &#8216;click&#8217;,                                { \u00aballowLinkDefault\u00bb: true },                                function (event) {                                    if (window.ue) {                                        ue.count(\u00abacrLinkClickCount\u00bb, (ue.count(\u00abacrLinkClickCount\u00bb) || 0) + 1);                                    }                                }                            );                        }                    });                                             P.when(&#8216;A&#8217;, &#8216;cf&#8217;).execute(function(A) {                A.declarative(&#8216;acrStarsLink-click-metrics&#8217;, &#8216;click&#8217;, { \u00aballowLinkDefault\u00bb : true },  function(event){                    if(window.ue) {                        ue.count(\u00abacrStarsLinkWithPopoverClickCount\u00bb, (ue.count(\u00abacrStarsLinkWithPopoverClickCount\u00bb) || 0) + 1);                    }                });            });                          <\/p>\n<p>Well-Stylized Design &#8211; Fits the size of Mac Mini M4\/M4 Pro models with elegant lines. It is made of high quality and durable plastic material.<\/p>\n\n","protected":false},"excerpt":{"rendered":"<p> Product Description Product Dimensions \u200f : \u200e 8.99 x 14.35 x 7.19 cm; 481.94 g<\/p>","protected":false},"featured_media":31918,"comment_status":"open","ping_status":"closed","template":"","meta":[],"product_brand":[],"product_cat":[70],"product_tag":[9175,2109,201,2117,1264,2119,2111,2105,2101,2113,6409,2090,169,9176,1119,9174,774,1532,215,822,624,2107,163,8389,9177,513,227,156,9178,2115,2103,399],"class_list":{"0":"post-31917","1":"product","2":"type-product","3":"status-publish","4":"has-post-thumbnail","6":"product_cat-disc-drives","7":"product_tag-alloggiamento","8":"product_tag-blu-ray-drive","9":"product_tag-compatible","10":"product_tag-disc-drive-for-laptop","11":"product_tag-docking","12":"product_tag-dvd-drive-price","13":"product_tag-dvd-writer","14":"product_tag-external-cd-drive","15":"product_tag-external-dvd-drive","16":"product_tag-external-optical-drive","17":"product_tag-fine","18":"product_tag-gbps","19":"product_tag-hub","20":"product_tag-lettori","21":"product_tag-m-2","22":"product_tag-m4m4","23":"product_tag-mac","24":"product_tag-mbs","25":"product_tag-mini","26":"product_tag-nvme","27":"product_tag-pcie","28":"product_tag-portable-disc-drive","29":"product_tag-pro","30":"product_tag-qwiizlab","31":"product_tag-schede","32":"product_tag-ssd","33":"product_tag-stand","34":"product_tag-station","35":"product_tag-tfsd","36":"product_tag-usb-cd-writer","37":"product_tag-usb-dvd-drive","38":"product_tag-usba","40":"first","41":"instock","42":"shipping-taxable","43":"product-type-external"},"_links":{"self":[{"href":"https:\/\/comprasyconsejos.store\/en\/wp-json\/wp\/v2\/product\/31917","targetHints":{"allow":["GET"]}}],"collection":[{"href":"https:\/\/comprasyconsejos.store\/en\/wp-json\/wp\/v2\/product"}],"about":[{"href":"https:\/\/comprasyconsejos.store\/en\/wp-json\/wp\/v2\/types\/product"}],"replies":[{"embeddable":true,"href":"https:\/\/comprasyconsejos.store\/en\/wp-json\/wp\/v2\/comments?post=31917"}],"version-history":[{"count":0,"href":"https:\/\/comprasyconsejos.store\/en\/wp-json\/wp\/v2\/product\/31917\/revisions"}],"wp:featuredmedia":[{"embeddable":true,"href":"https:\/\/comprasyconsejos.store\/en\/wp-json\/wp\/v2\/media\/31918"}],"wp:attachment":[{"href":"https:\/\/comprasyconsejos.store\/en\/wp-json\/wp\/v2\/media?parent=31917"}],"wp:term":[{"taxonomy":"product_brand","embeddable":true,"href":"https:\/\/comprasyconsejos.store\/en\/wp-json\/wp\/v2\/product_brand?post=31917"},{"taxonomy":"product_cat","embeddable":true,"href":"https:\/\/comprasyconsejos.store\/en\/wp-json\/wp\/v2\/product_cat?post=31917"},{"taxonomy":"product_tag","embeddable":true,"href":"https:\/\/comprasyconsejos.store\/en\/wp-json\/wp\/v2\/product_tag?post=31917"}],"curies":[{"name":"wp","href":"https:\/\/api.w.org\/{rel}","templated":true}]}}