{"id":31947,"date":"2026-02-23T01:17:36","date_gmt":"2026-02-23T01:17:36","guid":{"rendered":"https:\/\/comprasyconsejos.store\/product\/kold-01-premium-silicone-thermal-paste-for-cooling-all-processors-cpu-gpu-pc-heatsinks-ps4-xbox-odorless-includes-gloves-and-wipes-1-8-ml-1-8-g\/"},"modified":"2026-02-23T01:17:40","modified_gmt":"2026-02-23T01:17:40","slug":"kold-01-premium-silicone-thermal-paste-for-cooling-all-processors-cpu-gpu-pc-heatsinks-ps4-xbox-odorless-includes-gloves-and-wipes-1-8-ml-1-8-g","status":"publish","type":"product","link":"https:\/\/comprasyconsejos.store\/en\/product\/kold-01-premium-silicone-thermal-paste-for-cooling-all-processors-cpu-gpu-pc-heatsinks-ps4-xbox-odorless-includes-gloves-and-wipes-1-8-ml-1-8-g\/","title":{"rendered":"KOLD-01, Premium Silicone Thermal Paste for Cooling All Processors (CPU, GPU, PC, Heatsinks, PS4, Xbox), Odorless, Includes Gloves and Wipes (1.8 ml\/1.8 g)"},"content":{"rendered":"<p>Price: <span style=\"color:#b12704\">\u20ac13.00<\/span><br \/><i><small>(as of Feb 23, 2026 01:17:37 UTC &#8211; <span class=\"wp_automatic_amazon_disclaimer\" title=\"Product prices and availability are accurate as of the date\/time indicated and are subject to change. Any price and availability information displayed on [relevant Amazon Site(s), as applicable] at the time of purchase will apply to the purchase of this product.\">Details<\/span>)<\/small><\/i><\/p>\n<p><a href=\"https:\/\/amazon.es\/dp\/B09NQLM7TG?tag=man008-21\"><img decoding=\"async\" src=\"https:\/\/valvepress.s3.amazonaws.com\/imgs\/buy_now.png\"><\/a><br \/>\n<\/p>\n<p>                                             Product Description   <\/p>\n<p>                                                                                                       <img decoding=\"async\" alt=\"con la etiqueta KOLD-01 se muestra en el contexto del hardware de la computadora. La publicidad hace hincapi\u00e9 en la capacidad de refrigeraci\u00f3n con el eslogan \u00abMantente fresco, mantente poderoso\u00bb (Mantente fresco, mantente\" src=\"https:\/\/images-na.ssl-images-amazon.com\/images\/G\/01\/x-locale\/common\/grey-pixel.gif\" class=\"a-lazy-loaded\" data-src=\"https:\/\/m.media-amazon.com\/images\/S\/aplus-media-library-service-media\/0bc771e7-5c27-42b9-a5c9-ea9e6f9fdbe6.__CR0,0,1464,600_PT0_SX1464_V1___.png\"><img decoding=\"async\" alt=\"con la etiqueta KOLD-01 se muestra en el contexto del hardware de la computadora. La publicidad hace hincapi\u00e9 en la capacidad de refrigeraci\u00f3n con el eslogan \u00abMantente fresco, mantente poderoso\u00bb (Mantente fresco, mantente\" src=\"https:\/\/m.media-amazon.com\/images\/S\/aplus-media-library-service-media\/0bc771e7-5c27-42b9-a5c9-ea9e6f9fdbe6.__CR0,0,1464,600_PT0_SX1464_V1___.png\">                                               <\/p>\n<p>                                                                <img decoding=\"async\" alt=\"KOLD-01\" src=\"https:\/\/images-na.ssl-images-amazon.com\/images\/G\/01\/x-locale\/common\/grey-pixel.gif\" class=\"a-lazy-loaded\" data-src=\"https:\/\/m.media-amazon.com\/images\/S\/aplus-media-library-service-media\/34a0708d-bdaa-47de-a5c8-22cde793a3ff.__CR0,0,800,600_PT0_SX800_V1___.png\"><img decoding=\"async\" alt=\"KOLD-01\" src=\"https:\/\/m.media-amazon.com\/images\/S\/aplus-media-library-service-media\/34a0708d-bdaa-47de-a5c8-22cde793a3ff.__CR0,0,800,600_PT0_SX800_V1___.png\">                                    \u00a1Actualiza ahora y mant\u00e9n la frescura!                                          <\/p>\n<h3 class=\"aplus-h1 aplus-module-1-heading a-text-bold\"> Pasta t\u00e9rmica de silicona KOLD-01 <\/h3>\n<p class=\"aplus-p2 aplus-module-1-description\"> Rendimiento excepcional: KOLD-01 logra un equilibrio perfecto entre conductividad t\u00e9rmica excepcional y resistencia, asegurando una disipaci\u00f3n eficiente del calor para los componentes de tu ordenador. <\/p>\n<p class=\"aplus-p2 aplus-module-1-description\"> F\u00f3rmula innovadora: KOLD-01 destaca por su f\u00f3rmula libre de solventes, garantizando estabilidad a largo plazo sin preocupaciones de p\u00e9rdida de aceite. <\/p>\n<p class=\"aplus-p2 aplus-module-1-description\"> Kit completo: Cada paquete incluye guantes, toallitas limpiadoras, un esparcidor y una esp\u00e1tula para una aplicaci\u00f3n eficiente y segura. <\/p>\n<p>                                                                                                       <img decoding=\"async\" alt=\"Fondo azul con efecto de papel rasgado que revela el texto \u00abEXCLUSIVO NO SOLVENTE\u00bb en may\u00fasculas rojas.\" src=\"https:\/\/images-na.ssl-images-amazon.com\/images\/G\/01\/x-locale\/common\/grey-pixel.gif\" class=\"a-lazy-loaded\" data-src=\"https:\/\/m.media-amazon.com\/images\/S\/aplus-media-library-service-media\/96e9bb7b-a414-4c61-a518-bd07f059effc.__CR0,0,1464,600_PT0_SX1464_V1___.png\"><img decoding=\"async\" alt=\"Fondo azul con efecto de papel rasgado que revela el texto \u00abEXCLUSIVO NO SOLVENTE\u00bb en may\u00fasculas rojas.\" src=\"https:\/\/m.media-amazon.com\/images\/S\/aplus-media-library-service-media\/96e9bb7b-a414-4c61-a518-bd07f059effc.__CR0,0,1464,600_PT0_SX1464_V1___.png\">                                                                                     \u00a1Mejora tu experiencia inform\u00e1tica!                                        <\/p>\n<p class=\"aplus-p2 aplus-module-2-description\"> Con una f\u00f3rmula especial sin solventes, KOLD-01 asegura una dispersi\u00f3n excepcional del calor, potenciando el rendimiento de FPS, CPU y GPU. A diferencia de otras pastas t\u00e9rmicas con solventes que sufren grietas y evaporaci\u00f3n, KOLD-01 se destaca por su rendimiento y fiabilidad. <\/p>\n<p>                                                                                              <img decoding=\"async\" alt=\"KOLD-01\" src=\"https:\/\/images-na.ssl-images-amazon.com\/images\/G\/01\/x-locale\/common\/grey-pixel.gif\" class=\"a-lazy-loaded\" data-src=\"https:\/\/m.media-amazon.com\/images\/S\/aplus-media-library-service-media\/63a8e249-3d6d-49c2-8c78-67072c6ecf48.__CR0,0,300,225_PT0_SX300_V1___.png\"><img decoding=\"async\" alt=\"KOLD-01\" src=\"https:\/\/m.media-amazon.com\/images\/S\/aplus-media-library-service-media\/63a8e249-3d6d-49c2-8c78-67072c6ecf48.__CR0,0,300,225_PT0_SX300_V1___.png\">                                            Excelente Rendimiento                                         <\/p>\n<p class=\"aplus-p3\"> Dise\u00f1o ultrafino disipa calor eficientemente, baja resistencia t\u00e9rmica para control \u00f3ptimo de temperatura. <\/p>\n<p>                                           <img decoding=\"async\" alt=\"KOLD-01\" src=\"https:\/\/images-na.ssl-images-amazon.com\/images\/G\/01\/x-locale\/common\/grey-pixel.gif\" class=\"a-lazy-loaded\" data-src=\"https:\/\/m.media-amazon.com\/images\/S\/aplus-media-library-service-media\/18e47004-c15d-46ff-8bba-bb10441b6707.__CR0,0,300,225_PT0_SX300_V1___.png\"><img decoding=\"async\" alt=\"KOLD-01\" src=\"https:\/\/m.media-amazon.com\/images\/S\/aplus-media-library-service-media\/18e47004-c15d-46ff-8bba-bb10441b6707.__CR0,0,300,225_PT0_SX300_V1___.png\">                                            Estabilidad a Largo Plazo                                         <\/p>\n<p class=\"aplus-p3\"> La f\u00f3rmula libre de solventes garantiza estabilidad a largo plazo, eliminando el riesgo de grietas, secado y problemas de evaporaci\u00f3n. <\/p>\n<p>                                           <img decoding=\"async\" alt=\"KOLD-01\" src=\"https:\/\/images-na.ssl-images-amazon.com\/images\/G\/01\/x-locale\/common\/grey-pixel.gif\" class=\"a-lazy-loaded\" data-src=\"https:\/\/m.media-amazon.com\/images\/S\/aplus-media-library-service-media\/305f212e-82b7-4158-ab9d-0347ef010467.__CR0,0,300,225_PT0_SX300_V1___.png\"><img decoding=\"async\" alt=\"KOLD-01\" src=\"https:\/\/m.media-amazon.com\/images\/S\/aplus-media-library-service-media\/305f212e-82b7-4158-ab9d-0347ef010467.__CR0,0,300,225_PT0_SX300_V1___.png\">                                            F\u00e1cil Aplicaci\u00f3n                                         <\/p>\n<p class=\"aplus-p3\"> F\u00e1cil de aplicar y manejar, nuestra pasta t\u00e9rmica cuenta con un dise\u00f1o reol\u00f3gico \u00fanico con viscosidad y grosor ajustados de manera precisa. <\/p>\n<p>                                           <img decoding=\"async\" alt=\"KOLD-01\" src=\"https:\/\/images-na.ssl-images-amazon.com\/images\/G\/01\/x-locale\/common\/grey-pixel.gif\" class=\"a-lazy-loaded\" data-src=\"https:\/\/m.media-amazon.com\/images\/S\/aplus-media-library-service-media\/4948ef47-cce9-4c45-90c4-d8f58653a61f.__CR0,0,300,225_PT0_SX300_V1___.png\"><img decoding=\"async\" alt=\"KOLD-01\" src=\"https:\/\/m.media-amazon.com\/images\/S\/aplus-media-library-service-media\/4948ef47-cce9-4c45-90c4-d8f58653a61f.__CR0,0,300,225_PT0_SX300_V1___.png\">                                            Sin Olores                                         <\/p>\n<p class=\"aplus-p3\"> Sin volatilidad, KOLD-01 no emite sustancias qu\u00edmicas ni olores al aire, proporcionando un ambiente m\u00e1s seguro para los usuarios que otras pastas. <\/p>\n<p>                                                                                              <img decoding=\"async\" alt=\"Gr\u00e1fico que muestra los datos de rendimiento de la computadora. Las barras azules indican las lecturas de temperatura de varios componentes, con un icono de marca de verificaci\u00f3n y un texto en espa\u00f1ol\" src=\"https:\/\/images-na.ssl-images-amazon.com\/images\/G\/01\/x-locale\/common\/grey-pixel.gif\" class=\"a-lazy-loaded\" data-src=\"https:\/\/m.media-amazon.com\/images\/S\/aplus-media-library-service-media\/fc5b3bf4-0433-402e-ab82-fc5f9b70640b.__CR0,0,650,350_PT0_SX650_V1___.png\"><img decoding=\"async\" alt=\"Gr\u00e1fico que muestra los datos de rendimiento de la computadora. Las barras azules indican las lecturas de temperatura de varios componentes, con un icono de marca de verificaci\u00f3n y un texto en espa\u00f1ol\" src=\"https:\/\/m.media-amazon.com\/images\/S\/aplus-media-library-service-media\/fc5b3bf4-0433-402e-ab82-fc5f9b70640b.__CR0,0,650,350_PT0_SX650_V1___.png\">                                                                           <\/p>\n<p class=\"aplus-p3\"> La conductividad t\u00e9rmica sola no basta para medir el rendimiento de una pasta t\u00e9rmica. Por eso, hicimos pruebas de estr\u00e9s en CPU con varias marcas para evaluar c\u00f3mo enfr\u00edan en usos reales. <\/p>\n<p>                                           <img decoding=\"async\" alt=\"Gr\u00e1fico comparativo de rendimiento que muestra las mejoras en la temperatura de la CPU (-31%), la potencia de la CPU (+49%) y los FPS (+38%) para un producto\" src=\"https:\/\/images-na.ssl-images-amazon.com\/images\/G\/01\/x-locale\/common\/grey-pixel.gif\" class=\"a-lazy-loaded\" data-src=\"https:\/\/m.media-amazon.com\/images\/S\/aplus-media-library-service-media\/da48330f-3e5c-4ef8-b404-0d5c16118868.__CR0,0,650,350_PT0_SX650_V1___.png\"><img decoding=\"async\" alt=\"Gr\u00e1fico comparativo de rendimiento que muestra las mejoras en la temperatura de la CPU (-31%), la potencia de la CPU (+49%) y los FPS (+38%) para un producto\" src=\"https:\/\/m.media-amazon.com\/images\/S\/aplus-media-library-service-media\/da48330f-3e5c-4ef8-b404-0d5c16118868.__CR0,0,650,350_PT0_SX650_V1___.png\">                                                                           <\/p>\n<p class=\"aplus-p3\"> Con KOLD-01, observa una reducci\u00f3n significativa en la temperatura de la CPU en un impresionante 31%. Desbloquea todo el potencial de tu CPU, ya que su rendimiento experimenta un notable aumento del 49%. Prep\u00e1rate para mejorar tu experiencia de juego con un notable incremento del 38% en los FPS. <\/p>\n<p>                                                                                                              <img decoding=\"async\" alt=\"Surtido de productos de empaque m\u00e9dico azules y blancos que incluyen almohadillas est\u00e9riles, gasas y vendajes. Logotipo visible en el embalaje.\" src=\"https:\/\/m.media-amazon.com\/images\/S\/aplus-media-library-service-media\/9d692cab-3b9c-4619-a40e-049ccd5e78ce.__CR0,0,1464,600_PT0_SX1464_V1___.png\">                                                                                                                        <\/p>\n<p class=\"description aplus-p1\"> Este paquete incluye: KOLD-01 x1, KLEAN-01 Toallitas de Limpieza x2, Esparcidor, Esp\u00e1tula y Guantes <\/p>\n<p>                                                      <img decoding=\"async\" alt=\"Infograf\u00eda que muestra las cantidades de pasta t\u00e9rmica para CPU y GPU. Enumera tres opciones: 0,7 ml\/1,5 g para dispositivos port\u00e1tiles, 1,4 ml\/3,5 g para ordenadores de sobremesa y 2,1 ml\/5,4 g para sistemas\" src=\"https:\/\/m.media-amazon.com\/images\/S\/aplus-media-library-service-media\/6cbf34bc-b4e0-43e9-a0a5-32aff406d981.__CR0,0,1464,600_PT0_SX1464_V1___.png\"><br \/>\n                            1 Package del Producto <\/p>\n<p>                            2 Gu\u00eda de Compra <\/p>\n<h3 class=\"a-text-center aplus-h1 a-text-bold\"> Recomendaci\u00f3n de Producto <\/h3>\n<p>                         Add To Basket  <\/p>\n<p>                         Add To Basket  <\/p>\n<p>                         Add To Basket  <\/p>\n<p>                                     Customer Reviews  <\/p>\n<p>                    4.4 out of 5 stars  482  <\/p>\n<p>                    4.5 out of 5 stars  414  <\/p>\n<p>                    4.5 out of 5 stars  414  <\/p>\n<p>                    4.7 out of 5 stars  685  <\/p>\n<p>                    4.5 out of 5 stars  220  <\/p>\n<p>                                     Price  <\/p>\n<p>                                                        \u20ac13.00\u20ac13.00     <\/p>\n<p>                                                        \u2014    <\/p>\n<p>                                                        \u2014    <\/p>\n<p>                                                        \u20ac15.00\u20ac15.00     <\/p>\n<p>                                                        \u20ac22.00\u20ac22.00     <\/p>\n<p>                                     Descripci\u00f3n  <\/p>\n<p>                                                 Pasta t\u00e9rmica de silicona    <\/p>\n<p>                                                 Pasta t\u00e9rmica de silicona    <\/p>\n<p>                                                 Pasta t\u00e9rmica de silicona    <\/p>\n<p>                                                Limpiador para pasta t\u00e9rmica    <\/p>\n<p>                                                 Juego de destornilladores    <\/p>\n<p>                                     Volumen  <\/p>\n<p>                                                0.7ml    <\/p>\n<p>                                                1.4ml    <\/p>\n<p>                                                2.1ml    <\/p>\n<p>                                                    \u2014    <\/p>\n<p>                                                    \u2014    <\/p>\n<p>                                     Peso  <\/p>\n<p>                                                1.8g    <\/p>\n<p>                                                3.6g    <\/p>\n<p>                                                5.4g    <\/p>\n<p>                                                    \u2014    <\/p>\n<p>                                                    \u2014    <\/p>\n<p>                                     Toallitas de Limpieza KLEAN-01  <\/p>\n<p>                                                2    <\/p>\n<p>                                                2    <\/p>\n<p>                                                2    <\/p>\n<p>                                                20    <\/p>\n<p>                                                    \u2014    <\/p>\n<p>                                     Juego de Herramientas  <\/p>\n<p>                                                Esp\u00e1tula, Guantes, Esparcidor    <\/p>\n<p>                                                Esp\u00e1tula, Guantes, Esparcidor    <\/p>\n<p>                                                Esp\u00e1tula, Guantes, Esparcidor    <\/p>\n<p>                                                Esp\u00e1tula, Guantes, Esparcidor    <\/p>\n<p>                                                    \u2014    <\/p>\n<p> Product Dimensions                                            \u200f                                            :                                            \u200e                                            1 x 1 x 12 cm; 32 g   <br \/> Date First Available                                            \u200f                                            :                                            \u200e                                            7 Jan. 2022   <br \/> Manufacturer                                            \u200f                                            :                                            \u200e                                            Shang Hai Kai Meng Ke Ji You Xian Gong Si   <br \/> ASIN                                            \u200f                                            :                                            \u200e                                            B09NQLM7TG   <br \/> Item model number                                            \u200f                                            :                                            \u200e                                            0.7ml\/1.8g   <br \/> Country of origin                                            \u200f                                            :                                            \u200e                                            China   <br \/>       Best Sellers Rank:  7,956 in Computers (See Top 100 in Computers)    61 in Thermal Paste      <br \/>  Customer reviews:                                                                                            4.4               4.4 out of 5 stars                                  (482)                                              var dpAcrHasRegisteredArcLinkClickAction;                    P.when(&#8216;A&#8217;, &#8216;ready&#8217;).execute(function(A) {                        if (dpAcrHasRegisteredArcLinkClickAction !== true) {                            dpAcrHasRegisteredArcLinkClickAction = true;                            A.declarative(                                &#8216;acrLink-click-metrics&#8217;, &#8216;click&#8217;,                                { \u00aballowLinkDefault\u00bb: true },                                function (event) {                                    if (window.ue) {                                        ue.count(\u00abacrLinkClickCount\u00bb, (ue.count(\u00abacrLinkClickCount\u00bb) || 0) + 1);                                    }                                }                            );                        }                    });                                             P.when(&#8216;A&#8217;, &#8216;cf&#8217;).execute(function(A) {                A.declarative(&#8216;acrStarsLink-click-metrics&#8217;, &#8216;click&#8217;, { \u00aballowLinkDefault\u00bb : true },  function(event){                    if(window.ue) {                        ue.count(\u00abacrStarsLinkWithPopoverClickCount\u00bb, (ue.count(\u00abacrStarsLinkWithPopoverClickCount\u00bb) || 0) + 1);                    }                });            });                          <\/p>\n<p>\u2744\ufe0f\u3010HIGH PERFORMANCE\u3011- Our unique formulation of silicone materials, which dissipate heat from heat sources efficiently, has a proven track record of high cooling performance on consumer PCs and industrial servers.<br \/>\ud83d\udcaa\u3010STABILITY\u3011- Unlike traditional thermal pastes, Kooling Master silicone thermal paste does NOT contain oil solvent, eliminating the risk of future cracking and oil bleeding problems that often occur in traditional thermal pastes<br \/>\u241e\u3010ASSISTANCE TOOLS\u3011- Kooling Monster provides tools including gloves, cleaning wipes, trowel and spatula to help you remove the original thermal compound and apply our paste conveniently<br \/>\ud83c\udf3c\u3010ODOR FREE\u3011- Kooling Monster uses a unique formulation of chemical compounds without volatility, giving users a cleaner and safer environment than other thermal pastes.<br \/>\u3010Easy to Spread\u3011- Kooling Monster has adjusted the viscosity and thickness so that all beginners can easily spread, apply and manipulate the thermal paste.<\/p>\n\n","protected":false},"excerpt":{"rendered":"<p> Product Description \u00a1Actualiza ahora y mant\u00e9n la frescura! Pasta t\u00e9rmica de silicona KOLD-01 Rendimiento excepcional:<\/p>","protected":false},"featured_media":31948,"comment_status":"open","ping_status":"closed","template":"","meta":[],"product_brand":[],"product_cat":[67],"product_tag":[2039,989,598,2045,2034,9186,599,2043,3301,2038,1196,9184,9187,9185,2056,1035,2794,1525,2295,2053,2035,2036,2033,2041,2048,2950,1079],"class_list":{"0":"post-31947","1":"product","2":"type-product","3":"status-publish","4":"has-post-thumbnail","6":"product_cat-thermal-paste","7":"product_tag-best-thermal-paste","8":"product_tag-cooling","9":"product_tag-cpu","10":"product_tag-cpu-cooling-paste","11":"product_tag-cpu-thermal-paste","12":"product_tag-gloves","13":"product_tag-gpu","14":"product_tag-heat-sink-paste","15":"product_tag-heatsinks","16":"product_tag-high-performance-thermal-paste","17":"product_tag-includes","18":"product_tag-kold01","19":"product_tag-ml1-8","20":"product_tag-odorless","21":"product_tag-paste","22":"product_tag-premium","23":"product_tag-processors","24":"product_tag-ps4","25":"product_tag-silicone","26":"product_tag-thermal","27":"product_tag-thermal-compound","28":"product_tag-thermal-grease","29":"product_tag-thermal-paste","30":"product_tag-thermal-paste-for-gaming-pc","31":"product_tag-thermal-paste-price","32":"product_tag-wipes","33":"product_tag-xbox","35":"first","36":"instock","37":"shipping-taxable","38":"product-type-external"},"_links":{"self":[{"href":"https:\/\/comprasyconsejos.store\/en\/wp-json\/wp\/v2\/product\/31947","targetHints":{"allow":["GET"]}}],"collection":[{"href":"https:\/\/comprasyconsejos.store\/en\/wp-json\/wp\/v2\/product"}],"about":[{"href":"https:\/\/comprasyconsejos.store\/en\/wp-json\/wp\/v2\/types\/product"}],"replies":[{"embeddable":true,"href":"https:\/\/comprasyconsejos.store\/en\/wp-json\/wp\/v2\/comments?post=31947"}],"version-history":[{"count":0,"href":"https:\/\/comprasyconsejos.store\/en\/wp-json\/wp\/v2\/product\/31947\/revisions"}],"wp:featuredmedia":[{"embeddable":true,"href":"https:\/\/comprasyconsejos.store\/en\/wp-json\/wp\/v2\/media\/31948"}],"wp:attachment":[{"href":"https:\/\/comprasyconsejos.store\/en\/wp-json\/wp\/v2\/media?parent=31947"}],"wp:term":[{"taxonomy":"product_brand","embeddable":true,"href":"https:\/\/comprasyconsejos.store\/en\/wp-json\/wp\/v2\/product_brand?post=31947"},{"taxonomy":"product_cat","embeddable":true,"href":"https:\/\/comprasyconsejos.store\/en\/wp-json\/wp\/v2\/product_cat?post=31947"},{"taxonomy":"product_tag","embeddable":true,"href":"https:\/\/comprasyconsejos.store\/en\/wp-json\/wp\/v2\/product_tag?post=31947"}],"curies":[{"name":"wp","href":"https:\/\/api.w.org\/{rel}","templated":true}]}}