{"id":31953,"date":"2026-02-23T01:22:30","date_gmt":"2026-02-23T01:22:30","guid":{"rendered":"https:\/\/comprasyconsejos.store\/product\/corsair-icue-link-rx140-max-rgb-140mm-pwm-thick-fan-high-static-pressure-magnetic-dome-bearing-single-fan-black\/"},"modified":"2026-02-23T01:22:42","modified_gmt":"2026-02-23T01:22:42","slug":"corsair-icue-link-rx140-max-rgb-140mm-pwm-thick-fan-high-static-pressure-magnetic-dome-bearing-single-fan-black","status":"publish","type":"product","link":"https:\/\/comprasyconsejos.store\/en\/product\/corsair-icue-link-rx140-max-rgb-140mm-pwm-thick-fan-high-static-pressure-magnetic-dome-bearing-single-fan-black\/","title":{"rendered":"CORSAIR iCUE Link RX140 MAX RGB 140mm PWM Thick Fan &#8211; High Static Pressure &#8211; Magnetic Dome Bearing &#8211; Single Fan &#8211; Black"},"content":{"rendered":"<p>Price: <span style=\"color:#b12704\"><del>\u20ac54.90<\/del> - \u20ac24.90<\/span><br \/><i><small>(as of Feb 23, 2026 01:22:30 UTC &#8211; <span class=\"wp_automatic_amazon_disclaimer\" title=\"Product prices and availability are accurate as of the date\/time indicated and are subject to change. Any price and availability information displayed on [relevant Amazon Site(s), as applicable] at the time of purchase will apply to the purchase of this product.\">Details<\/span>)<\/small><\/i><\/p>\n<p><a href=\"https:\/\/amazon.es\/dp\/B0D97M9M8C?tag=man008-21\"><img decoding=\"async\" src=\"https:\/\/valvepress.s3.amazonaws.com\/imgs\/buy_now.png\"><\/a><br \/>\n<\/p>\n<p>                                             From the manufacturer   <\/p>\n<p>The video showcases the product in use.The video guides you through product setup.The video compares multiple products.The video shows the product being unpacked. RX140 MAX RGB Merchant video<\/p>\n<p>                                                                                                       <img decoding=\"async\" alt=\"Ventiladores RX MAX; ventiladores gruesos; ventiladores gruesos; gran caudal de aire; \" src=\"https:\/\/images-na.ssl-images-amazon.com\/images\/G\/01\/x-locale\/common\/grey-pixel.gif\" class=\"a-lazy-loaded\" data-src=\"https:\/\/m.media-amazon.com\/images\/S\/aplus-media-library-service-media\/b80e36de-75d3-4987-b6c3-392e0ae7ec87.__CR0,0,1464,600_PT0_SX1464_V1___.jpg\"><img decoding=\"async\" alt=\"Ventiladores RX MAX; ventiladores gruesos; ventiladores gruesos; gran caudal de aire; \" src=\"https:\/\/m.media-amazon.com\/images\/S\/aplus-media-library-service-media\/b80e36de-75d3-4987-b6c3-392e0ae7ec87.__CR0,0,1464,600_PT0_SX1464_V1___.jpg\">                                               <\/p>\n<p>                                                                                                       <img decoding=\"async\" alt=\"Corsair AirGuide; Tecnolog\u00eda AirGuide; ventilador de alto flujo de aire; refrigeraci\u00f3n de pc\" src=\"https:\/\/images-na.ssl-images-amazon.com\/images\/G\/01\/x-locale\/common\/grey-pixel.gif\" class=\"a-lazy-loaded\" data-src=\"https:\/\/m.media-amazon.com\/images\/S\/aplus-media-library-service-media\/fa08813f-d864-4c50-9055-28809a080fda.__CR0,0,1464,600_PT0_SX1464_V1___.jpg\"><img decoding=\"async\" alt=\"Corsair AirGuide; Tecnolog\u00eda AirGuide; ventilador de alto flujo de aire; refrigeraci\u00f3n de pc\" src=\"https:\/\/m.media-amazon.com\/images\/S\/aplus-media-library-service-media\/fa08813f-d864-4c50-9055-28809a080fda.__CR0,0,1464,600_PT0_SX1464_V1___.jpg\">                                               <\/p>\n<p>                                                                                  <img decoding=\"async\" alt=\"rodamiento de c\u00fapula magn\u00e9tica; modo zero rpm; ventilador de fibra de vidrio; \" src=\"https:\/\/m.media-amazon.com\/images\/S\/aplus-media-library-service-media\/f361b769-1520-47db-96da-cf91e8dbbf54.__CR0,0,1464,600_PT0_SX1464_V1___.jpg\">       <\/p>\n<p>                                                                                  <img decoding=\"async\" alt=\"Tornillos QuikTurn de Corsair; f\u00e1cil instalaci\u00f3n; instalaci\u00f3n segura del ventilador;\" src=\"https:\/\/m.media-amazon.com\/images\/S\/aplus-media-library-service-media\/ee775a4b-560d-4725-b9bd-9d5178ec95d1.__CR0,0,1464,600_PT0_SX1464_V1___.jpg\">       <\/p>\n<p>                                                                                  <img decoding=\"async\" alt=\"iCUE LINK; iCUE; gesti\u00f3n de cables; conectores puente icue link; concentrador del sistema icue link\" src=\"https:\/\/m.media-amazon.com\/images\/S\/aplus-media-library-service-media\/442dc1cf-1df0-4ad1-aae6-47b923bb19eb.__CR0,0,1464,600_PT0_SX1464_V1___.jpg\">       <\/p>\n<p>                                                                                  <img decoding=\"async\" alt=\"Velocidades de ventilador controladas por PWM; icue link; sensor de temperatura\" src=\"https:\/\/m.media-amazon.com\/images\/S\/aplus-media-library-service-media\/eb9a8a6e-1cdb-4c24-8f7a-1d0290bb0265.__CR0,0,1464,600_PT0_SX1464_V1___.jpg\">       <\/p>\n<p>                                                                                                       <img decoding=\"async\" alt=\"RX140 MAX RGB; rendimiento del radiador; gran flujo de aire; presi\u00f3n est\u00e1tica;\" src=\"https:\/\/images-na.ssl-images-amazon.com\/images\/G\/01\/x-locale\/common\/grey-pixel.gif\" class=\"a-lazy-loaded\" data-src=\"https:\/\/m.media-amazon.com\/images\/S\/aplus-media-library-service-media\/792ce175-d417-4481-8199-b806acce66ae.__CR0,0,1464,600_PT0_SX1464_V1___.jpg\"><img decoding=\"async\" alt=\"RX140 MAX RGB; rendimiento del radiador; gran flujo de aire; presi\u00f3n est\u00e1tica;\" src=\"https:\/\/m.media-amazon.com\/images\/S\/aplus-media-library-service-media\/792ce175-d417-4481-8199-b806acce66ae.__CR0,0,1464,600_PT0_SX1464_V1___.jpg\">                                               <\/p>\n<p> Product Dimensions                                            \u200f                                            :                                            \u200e                                            14 x 14 x 3 cm; 240.4 g   <br \/> Manufacturer                                            \u200f                                            :                                            \u200e                                            Corsair   <br \/> ASIN                                            \u200f                                            :                                            \u200e                                            B0D97M9M8C   <br \/> Item model number                                            \u200f                                            :                                            \u200e                                            CO-9051035-WW   <br \/> Country of origin                                            \u200f                                            :                                            \u200e                                            China   <br \/> Guaranteed software updates until                                            \u200f                                            :                                            \u200e                                            unknown   <br \/>  Customer reviews:                                                                                            4.5               4.5 out of 5 stars                                  (354)                                              var dpAcrHasRegisteredArcLinkClickAction;                    P.when(&#8216;A&#8217;, &#8216;ready&#8217;).execute(function(A) {                        if (dpAcrHasRegisteredArcLinkClickAction !== true) {                            dpAcrHasRegisteredArcLinkClickAction = true;                            A.declarative(                                &#8216;acrLink-click-metrics&#8217;, &#8216;click&#8217;,                                { \u00aballowLinkDefault\u00bb: true },                                function (event) {                                    if (window.ue) {                                        ue.count(\u00abacrLinkClickCount\u00bb, (ue.count(\u00abacrLinkClickCount\u00bb) || 0) + 1);                                    }                                }                            );                        }                    });                                             P.when(&#8216;A&#8217;, &#8216;cf&#8217;).execute(function(A) {                A.declarative(&#8216;acrStarsLink-click-metrics&#8217;, &#8216;click&#8217;, { \u00aballowLinkDefault\u00bb : true },  function(event){                    if(window.ue) {                        ue.count(\u00abacrStarsLinkWithPopoverClickCount\u00bb, (ue.count(\u00abacrStarsLinkWithPopoverClickCount\u00bb) || 0) + 1);                    }                });            });                          <\/p>\n<p>Improved airflow, reduced noise: A 5mm thicker fan blade improves cooling by moving air at the same speed as thinner fans, while reducing noise, as the RX MAX can spin slower to produce the same airflow<br \/>Speeds with PWM control via iCUE LINK: Accurately adjust fan speed up to 1,600 RPM while providing airflow of up to 102.9 CFM to your system<br \/>High static pressure: With 2.4mm-H2O of static pressure, the RX MAX RGB series is ideal for boosting air when there are obstacles such as high-density radiators<br \/>Vivid RGB lighting: Eight RGB LEDs display intense lighting effects; in addition, a window is integrated in the frame that allows you to see your lighting from the side<br \/>LINK to connect your fans: The included iCUE LINK jumper connectors allow you to connect your fans directly to each other, creating a set of fans that works perfectly; all connect to the iCUE LINK System Hub (sold separately) using a single cable<\/p>\n\n","protected":false},"excerpt":{"rendered":"<p> From the manufacturer The video showcases the product in use.The video guides you through product<\/p>","protected":false},"featured_media":31954,"comment_status":"open","ping_status":"closed","template":"","meta":[],"product_brand":[],"product_cat":[65],"product_tag":[2003,2461,2005,2026,2013,307,1998,2015,2009,1372,2204,910,197,2011,1658,4083,238,164,2000,2891,2023,2007,885,2001,9188,1905,7839,7361],"class_list":{"0":"post-31953","1":"product","2":"type-product","3":"status-publish","4":"has-post-thumbnail","6":"product_cat-case-fan","7":"product_tag-120mm-case-fan","8":"product_tag-140mm","9":"product_tag-140mm-case-fan","10":"product_tag-bearing","11":"product_tag-best-case-fan","12":"product_tag-black","13":"product_tag-case-fan","14":"product_tag-computer-cooling-fan","15":"product_tag-cooling-fan-for-pc","16":"product_tag-corsair","17":"product_tag-dome","18":"product_tag-fan","19":"product_tag-high","20":"product_tag-high-airflow-case-fan","21":"product_tag-icue","22":"product_tag-link","23":"product_tag-magnetic","24":"product_tag-max","25":"product_tag-pc-case-fan","26":"product_tag-pressure","27":"product_tag-pwm","28":"product_tag-quiet-case-fan","29":"product_tag-rgb","30":"product_tag-rgb-case-fan","31":"product_tag-rx140","32":"product_tag-single","33":"product_tag-static","34":"product_tag-thick","36":"first","37":"instock","38":"sale","39":"shipping-taxable","40":"product-type-external"},"_links":{"self":[{"href":"https:\/\/comprasyconsejos.store\/en\/wp-json\/wp\/v2\/product\/31953","targetHints":{"allow":["GET"]}}],"collection":[{"href":"https:\/\/comprasyconsejos.store\/en\/wp-json\/wp\/v2\/product"}],"about":[{"href":"https:\/\/comprasyconsejos.store\/en\/wp-json\/wp\/v2\/types\/product"}],"replies":[{"embeddable":true,"href":"https:\/\/comprasyconsejos.store\/en\/wp-json\/wp\/v2\/comments?post=31953"}],"version-history":[{"count":0,"href":"https:\/\/comprasyconsejos.store\/en\/wp-json\/wp\/v2\/product\/31953\/revisions"}],"wp:featuredmedia":[{"embeddable":true,"href":"https:\/\/comprasyconsejos.store\/en\/wp-json\/wp\/v2\/media\/31954"}],"wp:attachment":[{"href":"https:\/\/comprasyconsejos.store\/en\/wp-json\/wp\/v2\/media?parent=31953"}],"wp:term":[{"taxonomy":"product_brand","embeddable":true,"href":"https:\/\/comprasyconsejos.store\/en\/wp-json\/wp\/v2\/product_brand?post=31953"},{"taxonomy":"product_cat","embeddable":true,"href":"https:\/\/comprasyconsejos.store\/en\/wp-json\/wp\/v2\/product_cat?post=31953"},{"taxonomy":"product_tag","embeddable":true,"href":"https:\/\/comprasyconsejos.store\/en\/wp-json\/wp\/v2\/product_tag?post=31953"}],"curies":[{"name":"wp","href":"https:\/\/api.w.org\/{rel}","templated":true}]}}