{"id":31963,"date":"2026-02-23T01:24:39","date_gmt":"2026-02-23T01:24:39","guid":{"rendered":"https:\/\/comprasyconsejos.store\/product\/uphere-gaming-argb-cpu-fan-dual-tower-6-heat-pipes-cpu-cooler-120mm-pwm-rgb-pc-fans-without-removing-the-fan-to-install-it-cpu-heatsink-for-am4-am5-intel-2011-2066-ue2kc6\/"},"modified":"2026-02-23T01:24:47","modified_gmt":"2026-02-23T01:24:47","slug":"uphere-gaming-argb-cpu-fan-dual-tower-6-heat-pipes-cpu-cooler-120mm-pwm-rgb-pc-fans-without-removing-the-fan-to-install-it-cpu-heatsink-for-am4-am5-intel-2011-2066-ue2kc6","status":"publish","type":"product","link":"https:\/\/comprasyconsejos.store\/en\/product\/uphere-gaming-argb-cpu-fan-dual-tower-6-heat-pipes-cpu-cooler-120mm-pwm-rgb-pc-fans-without-removing-the-fan-to-install-it-cpu-heatsink-for-am4-am5-intel-2011-2066-ue2kc6\/","title":{"rendered":"upHere gaming ARGB CPU Fan, Dual Tower 6 Heat Pipes CPU Cooler, 120MM PWM RGB PC Fans, Without Removing the Fan to Install it, CPU Heatsink, for AM4 AM5\/Intel 2011\/2066, UE2KC6."},"content":{"rendered":"<p>Price: <span style=\"color:#b12704\"><del>\u20ac35.99<\/del> - \u20ac25.99<\/span><br \/><i><small>(as of Feb 23, 2026 01:24:39 UTC &#8211; <span class=\"wp_automatic_amazon_disclaimer\" title=\"Product prices and availability are accurate as of the date\/time indicated and are subject to change. Any price and availability information displayed on [relevant Amazon Site(s), as applicable] at the time of purchase will apply to the purchase of this product.\">Details<\/span>)<\/small><\/i><\/p>\n<p><a href=\"https:\/\/amazon.es\/dp\/B0D8HZVRM1?tag=man008-21\"><img decoding=\"async\" src=\"https:\/\/valvepress.s3.amazonaws.com\/imgs\/buy_now.png\"><\/a><br \/>\n<\/p>\n<p>                                             Product Description   <\/p>\n<h3 class=\"a-text-center aplus-container-3 aplus-h1 a-text-bold\"> upHere gaming UE2KC6 DISSIPADOR DE CALOR POR AIRE DE ALTA RENDIMIENTO PARA CPU <\/h3>\n<p>The video showcases the product in use.The video guides you through product setup.The video compares multiple products.The video shows the product being unpacked.<\/p>\n<p class=\"aplus-description aplus-container-3 aplus-p1\"> El upHere gaming UE2KC6 es un potente dissipador de calor por aire para CPU con un dise\u00f1o elegante y negro. Cuenta con  tuber\u00edas de calor de 6X\u03a66mm y dos ventiladores PWM. Es compatible con Intel LGA2066\/2011\/1700\/1200\/115X y AMD AM4\/AM5. Tiene una m\u00e1xima TDP de 265W y una altura compacta de 155 mm. <\/p>\n<p>                                                                                                       <img decoding=\"async\" alt=\"Ventilador CPU\" src=\"https:\/\/images-na.ssl-images-amazon.com\/images\/G\/01\/x-locale\/common\/grey-pixel.gif\" class=\"a-lazy-loaded\" data-src=\"https:\/\/m.media-amazon.com\/images\/S\/aplus-media-library-service-media\/01d8300c-2fbf-4f49-a9a3-6728dead1a02.__CR0,0,1464,600_PT0_SX1464_V1___.png\"><img decoding=\"async\" alt=\"Ventilador CPU\" src=\"https:\/\/m.media-amazon.com\/images\/S\/aplus-media-library-service-media\/01d8300c-2fbf-4f49-a9a3-6728dead1a02.__CR0,0,1464,600_PT0_SX1464_V1___.png\">                                                 EFFICIENCIA DE REFRIGERACI\u00d3N EXCELENTE                                             Ventiladores PWM Dobles                                        <\/p>\n<p class=\"aplus-p2 aplus-module-2-description\"> El enfriador de CPU UE2KC6 cuenta con ventiladores PWM dobles que ajustan la velocidad seg\u00fan la temperatura, asegurando un flujo de aire \u00f3ptimo y un funcionamiento silencioso (\u226425dB(A)). Con un flujo de aire de 68.2CFM y un rango de velocidad de 600 a 1650RPM, proporciona un enfriamiento eficiente. <\/p>\n<p>                                                                                                       <img decoding=\"async\" alt=\"Ventilador CPU\" src=\"https:\/\/images-na.ssl-images-amazon.com\/images\/G\/01\/x-locale\/common\/grey-pixel.gif\" class=\"a-lazy-loaded\" data-src=\"https:\/\/m.media-amazon.com\/images\/S\/aplus-media-library-service-media\/93e38be3-b60f-4723-a77b-f7ba2bcfdc08.__CR0,0,1464,600_PT0_SX1464_V1___.png\"><img decoding=\"async\" alt=\"Ventilador CPU\" src=\"https:\/\/m.media-amazon.com\/images\/S\/aplus-media-library-service-media\/93e38be3-b60f-4723-a77b-f7ba2bcfdc08.__CR0,0,1464,600_PT0_SX1464_V1___.png\">                                                 RENDIMIENTO DE ENFRIAMIENTO SIN PARELES                                             Tubos de Calor de Cobre Puro de 6x6mm                                        <\/p>\n<p class=\"aplus-p2 aplus-module-2-description\"> El enfriador de CPU UE2KC6 cuenta con 6 tubos de calor de cobre puro y un dise\u00f1o de doble torre, lo que proporciona una transferencia de calor m\u00e1xima y un enfriamiento eficiente. Con una \u00e1rea de contacto de 30 mm entre la base y la CPU. <\/p>\n<p>                                                                                                       <img decoding=\"async\" alt=\"Ventilador CPU\" src=\"https:\/\/images-na.ssl-images-amazon.com\/images\/G\/01\/x-locale\/common\/grey-pixel.gif\" class=\"a-lazy-loaded\" data-src=\"https:\/\/m.media-amazon.com\/images\/S\/aplus-media-library-service-media\/ae73c578-e6ed-414b-9702-624ef3f2b35e.__CR0,0,1464,600_PT0_SX1464_V1___.png\"><img decoding=\"async\" alt=\"Ventilador CPU\" src=\"https:\/\/m.media-amazon.com\/images\/S\/aplus-media-library-service-media\/ae73c578-e6ed-414b-9702-624ef3f2b35e.__CR0,0,1464,600_PT0_SX1464_V1___.png\">                                                 SOLUCI\u00d3N DE ENFRIAMIENTO DEFINITIVA                                             SILENCIOSA, FIABLE Y VISUALMENTE IMPACTANTE                                        <\/p>\n<p class=\"aplus-p2 aplus-module-2-description\"> El enfriador de aire para CPU UE2KC6 cuenta con ventiladores ARGB PWM y almohadillas de gel de silicio, con una vida \u00fatil de hasta 60,000 horas.Adem\u00e1s, el control del efecto de iluminaci\u00f3n ARGB 5V permite una sincronizaci\u00f3n perfecta con la iluminaci\u00f3n RGB de su sistema. <\/p>\n<p>                                                                                                       <img decoding=\"async\" alt=\"Ventilador CPU\" src=\"https:\/\/images-na.ssl-images-amazon.com\/images\/G\/01\/x-locale\/common\/grey-pixel.gif\" class=\"a-lazy-loaded\" data-src=\"https:\/\/m.media-amazon.com\/images\/S\/aplus-media-library-service-media\/7378f3ea-155f-4fd3-951c-ad2f419aaa9e.__CR0,0,1464,600_PT0_SX1464_V1___.png\"><img decoding=\"async\" alt=\"Ventilador CPU\" src=\"https:\/\/m.media-amazon.com\/images\/S\/aplus-media-library-service-media\/7378f3ea-155f-4fd3-951c-ad2f419aaa9e.__CR0,0,1464,600_PT0_SX1464_V1___.png\">                                                 INSTALACI\u00d3N F\u00c1CIL                                             100% COMPATIBILIDAD CON RAM                                        <\/p>\n<p class=\"aplus-p2 aplus-module-2-description\"> El enfriador de aire para CPU UE2KC6 cuenta con compatibilidad total con RAM, una altura de 155 mm para ser compatible con la mayor\u00eda de los casos, y una instalaci\u00f3n f\u00e1cil sin necesidad de retirar los ventiladores. <\/p>\n<p>                                                                     UE2KC6 Dimensiones del Producto del Enfriador de Aire para CPU                                            <img decoding=\"async\" alt=\"Ventilador CPU\" src=\"https:\/\/images-na.ssl-images-amazon.com\/images\/G\/01\/x-locale\/common\/grey-pixel.gif\" class=\"a-lazy-loaded\" data-src=\"https:\/\/m.media-amazon.com\/images\/S\/aplus-media-library-service-media\/fde8e3ef-9e0c-4079-a83d-50962e78c8d2.__CR0,0,1464,600_PT0_SX1464_V1___.png\"><img decoding=\"async\" alt=\"Ventilador CPU\" src=\"https:\/\/m.media-amazon.com\/images\/S\/aplus-media-library-service-media\/fde8e3ef-9e0c-4079-a83d-50962e78c8d2.__CR0,0,1464,600_PT0_SX1464_V1___.png\">                                               <\/p>\n<h3 class=\"a-text-center aplus-h1 a-text-bold\"> \u00bfQu\u00e9 enfriador de aire para CPU es el adecuado para ti? <\/h3>\n<p>                         Add To Basket  <\/p>\n<p>                         Add To Basket  <\/p>\n<p>                         Add To Basket  <\/p>\n<p>                         Add To Basket  <\/p>\n<p>                                     Customer Reviews  <\/p>\n<p>                    4.4 out of 5 stars  54  <\/p>\n<p>                    4.4 out of 5 stars  54  <\/p>\n<p>                    4.6 out of 5 stars  52  <\/p>\n<p>                    4.6 out of 5 stars  52  <\/p>\n<p>                                     Price  <\/p>\n<p>                                                        \u20ac25.99\u20ac25.99     <\/p>\n<p>                                                        \u20ac23.99\u20ac23.99     <\/p>\n<p>                                                        \u20ac19.99\u20ac19.99     <\/p>\n<p>                                                        \u20ac35.99\u20ac35.99     <\/p>\n<p>                                     Dimensiones del Producto  <\/p>\n<p>                                                 155*122*123mm\/6.1*4.8*4.8in     <\/p>\n<p>                                                 155*122*123mm\/6.1*4.8*4.8in     <\/p>\n<p>                                                 155*130*71mm\/6.1*5.1*2.8     <\/p>\n<p>                                                 158*130*122mm\/6.2*5.1*4.8in     <\/p>\n<p>                                     Peso Neto  <\/p>\n<p>                                                 950g\/2.09lb     <\/p>\n<p>                                                 950g\/2.09lb     <\/p>\n<p>                                                 685g\/1.51lb     <\/p>\n<p>                                                 973g\/2.14lb     <\/p>\n<p>                                     Tubos de Calor  <\/p>\n<p>                                                \u00d86 mm \u00d7 6 piezas    <\/p>\n<p>                                                \u00d86 mm \u00d7 6 piezas    <\/p>\n<p>                                                \u00d86 mm \u00d7 4 piezas    <\/p>\n<p>                                                \u00d86 mm \u00d7 6 piezas    <\/p>\n<p>                                     Cantidad de Ventiladores  <\/p>\n<p>                                                 2     <\/p>\n<p>                                                 2     <\/p>\n<p>                                                1    <\/p>\n<p>                                                 2     <\/p>\n<p>                                     Sincronizaci\u00f3n ARGB 5V  <\/p>\n<p>                                                s\u00ed    <\/p>\n<p>                                                no puede    <\/p>\n<p>                                                s\u00ed    <\/p>\n<p>                                                s\u00ed    <\/p>\n<p>                                     Flujo de Aire  <\/p>\n<p>                                                 68.2CFM     <\/p>\n<p>                                                 68.2CFM     <\/p>\n<p>                                                 68.2CFM     <\/p>\n<p>                                                 68.2CFM     <\/p>\n<p>                                     Velocidad del Ventilador  <\/p>\n<p>                                                 600-1650RPM+\/-10%     <\/p>\n<p>                                                 600-1650RPM+\/-10%     <\/p>\n<p>                                                 600-1650RPM+\/-10%     <\/p>\n<p>                                                 600-1650RPM+\/-10%     <\/p>\n<p>                                     Conector del Ventilador  <\/p>\n<p>                                                 4-pin PWM + 5V 3-pin ARGB     <\/p>\n<p>                                                 4-pin PWM     <\/p>\n<p>                                                 4-pin PWM + 5V 3-pin ARGB     <\/p>\n<p>                                                 4-pin PWM + 5V 3-pin ARGB     <\/p>\n<p>                                     Compatibilidad con RAM  <\/p>\n<p>                                                100% Compatible    <\/p>\n<p>                                                100% Compatible    <\/p>\n<p>                                                100% Compatible    <\/p>\n<p>                                                100% Compatible    <\/p>\n<p>                                     Instalaci\u00f3n Simple  <\/p>\n<p>                                                s\u00ed    <\/p>\n<p>                                                s\u00ed    <\/p>\n<p>                                                s\u00ed    <\/p>\n<p>                                                s\u00ed    <\/p>\n<p>                                     Intel LGA  <\/p>\n<p>                                                 2011\/2066\/1700\/1200\/115X\/1356    <\/p>\n<p>                                                 2011\/2066\/1700\/1200\/115X\/1356    <\/p>\n<p>                                                 2011\/2066\/1700\/1200\/115X\/1356    <\/p>\n<p>                                                 2011\/2066\/1700\/1200\/115X\/1356    <\/p>\n<p>                                     AMD  <\/p>\n<p>                                                AM5\/AM4\/AM3\/AM2\/AM3+\/AM2+\/FM2    <\/p>\n<p>                                                AM5\/AM4\/AM3\/AM2\/AM3+\/AM2+\/FM2    <\/p>\n<p>                                                AM5\/AM4\/AM3\/AM2\/AM3+\/AM2+\/FM2    <\/p>\n<p>                                                AM5\/AM4\/AM3\/AM2\/AM3+\/AM2+\/FM2    <\/p>\n<p> Package Dimensions                                            \u200f                                            :                                            \u200e                                            20.2 x 15.8 x 15.8 cm; 1.13 kg   <br \/> Date First Available                                            \u200f                                            :                                            \u200e                                            1 July 2024   <br \/> Manufacturer                                            \u200f                                            :                                            \u200e                                            upHere gaming   <br \/> ASIN                                            \u200f                                            :                                            \u200e                                            B0D8HZVRM1   <br \/> Manufacturer reference                                            \u200f                                            :                                            \u200e                                            UE2KC6 ES UG   <br \/> Country of origin                                            \u200f                                            :                                            \u200e                                            China   <br \/>       Best Sellers Rank:  333 in Computers (See Top 100 in Computers)    2 in CPU Fans      <br \/>  Customer reviews:                                                                                            4.4               4.4 out of 5 stars                                  (54)                                              var dpAcrHasRegisteredArcLinkClickAction;                    P.when(&#8216;A&#8217;, &#8216;ready&#8217;).execute(function(A) {                        if (dpAcrHasRegisteredArcLinkClickAction !== true) {                            dpAcrHasRegisteredArcLinkClickAction = true;                            A.declarative(                                &#8216;acrLink-click-metrics&#8217;, &#8216;click&#8217;,                                { \u00aballowLinkDefault\u00bb: true },                                function (event) {                                    if (window.ue) {                                        ue.count(\u00abacrLinkClickCount\u00bb, (ue.count(\u00abacrLinkClickCount\u00bb) || 0) + 1);                                    }                                }                            );                        }                    });                                             P.when(&#8216;A&#8217;, &#8216;cf&#8217;).execute(function(A) {                A.declarative(&#8216;acrStarsLink-click-metrics&#8217;, &#8216;click&#8217;, { \u00aballowLinkDefault\u00bb : true },  function(event){                    if(window.ue) {                        ue.count(\u00abacrStarsLinkWithPopoverClickCount\u00bb, (ue.count(\u00abacrStarsLinkWithPopoverClickCount\u00bb) || 0) + 1);                    }                });            });                          <\/p>\n<p>[Support for Intel &#038; AMD] UE2 series cpu fan air cooler is compatible with multiple socket types, including Intel LGA2011\/2066\/1700 and AMD AM5\/AM4\/AM3\/AM2\/AM3+\/AM2+\/FM2\/FM1.<br \/>[100% Room for RAM] UE2 PC Series CPU Cooler Air Cooler is designed for easy upgrade and maintenance. Its cpu fan cooler scroll design ensures 100% compatibility with memory modules, making it easy to upgrade or swap components.<br \/>[6X\u03a66mm diameter copper heat pipes] UE2 series CPU sink air cooler features unique heat pipe arrangement and dual tower design for higher heat dissipation. 6X\u03a66mm diameter copper heat pipes, precision manufactured to fit snugly around the CPU fan core, come into direct contact with the CPU fan, providing maximum heat transfer and efficient cooling for optimal heat dissipation.<br \/>[2 PWM Fans] The UE2 Series CPU Cooler Air Cooler features two PWM fans for quiet operation and balanced cooling performance.With a unique heat piping arrangement and dual tower design, the cooler provides an optimal heat CPU Cooler while maintaining quiet operation, making it perfect for gaming and everyday use.<br \/>[5V ARGB SYNC] The UE2 Series CPU Processor Air Cooler supports ARGB lighting, allowing users to customize their lighting effects for a stunning visual spectacle that fits their system&#8217;s unique style.<br \/>[Design &#038; Aesthetics] UE2 Series CPU Fan Air Cooler prides itself on an all-black design with a sleek, modern aesthetic. The top cover effectively hides heat pipes, giving your PC system a clean, streamlined look.<br \/>[Easy Installation] UE2 series CPU processor air cooler is designed for easy installation without dismantling the fan, saving time and effort. It is also compatible with most motherboards and fans, and supports a wide range of PC cases with a fan height of 155mm, offering flexible installation options.<\/p>\n\n","protected":false},"excerpt":{"rendered":"<p> Product Description upHere gaming UE2KC6 DISSIPADOR DE CALOR POR AIRE DE ALTA RENDIMIENTO PARA CPU<\/p>","protected":false},"featured_media":31964,"comment_status":"open","ping_status":"closed","template":"","meta":[],"product_brand":[],"product_cat":[66],"product_tag":[1381,1662,3843,2008,1568,2010,1668,598,2002,2014,1997,2016,298,910,1378,617,1123,1301,6900,2006,2022,1999,2023,2012,6899,885,2004,1750,9189,6898],"class_list":{"0":"post-31963","1":"product","2":"type-product","3":"status-publish","4":"has-post-thumbnail","6":"product_cat-cpu-fan","7":"product_tag-120mm","8":"product_tag-am4","9":"product_tag-am5intel","10":"product_tag-amd-cpu-cooler","11":"product_tag-argb","12":"product_tag-best-cpu-fan","13":"product_tag-cooler","14":"product_tag-cpu","15":"product_tag-cpu-air-cooler","16":"product_tag-cpu-cooling-fan","17":"product_tag-cpu-fan","18":"product_tag-cpu-fan-price","19":"product_tag-dual","20":"product_tag-fan","21":"product_tag-fans","22":"product_tag-gaming","23":"product_tag-heat","24":"product_tag-heatsink","25":"product_tag-install","26":"product_tag-intel-cpu-fan","27":"product_tag-pipes","28":"product_tag-processor-fan","29":"product_tag-pwm","30":"product_tag-quiet-cpu-cooler","31":"product_tag-removing","32":"product_tag-rgb","33":"product_tag-rgb-cpu-cooler","34":"product_tag-tower","35":"product_tag-ue2kc6","36":"product_tag-uphere","38":"first","39":"instock","40":"sale","41":"shipping-taxable","42":"product-type-external"},"_links":{"self":[{"href":"https:\/\/comprasyconsejos.store\/en\/wp-json\/wp\/v2\/product\/31963","targetHints":{"allow":["GET"]}}],"collection":[{"href":"https:\/\/comprasyconsejos.store\/en\/wp-json\/wp\/v2\/product"}],"about":[{"href":"https:\/\/comprasyconsejos.store\/en\/wp-json\/wp\/v2\/types\/product"}],"replies":[{"embeddable":true,"href":"https:\/\/comprasyconsejos.store\/en\/wp-json\/wp\/v2\/comments?post=31963"}],"version-history":[{"count":0,"href":"https:\/\/comprasyconsejos.store\/en\/wp-json\/wp\/v2\/product\/31963\/revisions"}],"wp:featuredmedia":[{"embeddable":true,"href":"https:\/\/comprasyconsejos.store\/en\/wp-json\/wp\/v2\/media\/31964"}],"wp:attachment":[{"href":"https:\/\/comprasyconsejos.store\/en\/wp-json\/wp\/v2\/media?parent=31963"}],"wp:term":[{"taxonomy":"product_brand","embeddable":true,"href":"https:\/\/comprasyconsejos.store\/en\/wp-json\/wp\/v2\/product_brand?post=31963"},{"taxonomy":"product_cat","embeddable":true,"href":"https:\/\/comprasyconsejos.store\/en\/wp-json\/wp\/v2\/product_cat?post=31963"},{"taxonomy":"product_tag","embeddable":true,"href":"https:\/\/comprasyconsejos.store\/en\/wp-json\/wp\/v2\/product_tag?post=31963"}],"curies":[{"name":"wp","href":"https:\/\/api.w.org\/{rel}","templated":true}]}}