{"id":31974,"date":"2026-02-23T01:27:11","date_gmt":"2026-02-23T01:27:11","guid":{"rendered":"https:\/\/comprasyconsejos.store\/product\/escaner-de-libros-t101-escaner-automatico-de-documentos-tamano-maximo-a4-a3-con-lampara-de-escritorio-led-ocr-inteligente-for-oficina-en-casa-familiar-para-la-oficinat101\/"},"modified":"2026-02-23T01:27:19","modified_gmt":"2026-02-23T01:27:19","slug":"escaner-de-libros-t101-escaner-automatico-de-documentos-tamano-maximo-a4-a3-con-lampara-de-escritorio-led-ocr-inteligente-for-oficina-en-casa-familiar-para-la-oficinat101","status":"publish","type":"product","link":"https:\/\/comprasyconsejos.store\/en\/product\/escaner-de-libros-t101-escaner-automatico-de-documentos-tamano-maximo-a4-a3-con-lampara-de-escritorio-led-ocr-inteligente-for-oficina-en-casa-familiar-para-la-oficinat101\/","title":{"rendered":"Esc\u00e1ner de Libros T101, esc\u00e1ner autom\u00e1tico de Documentos, tama\u00f1o m\u00e1ximo A4 A3 con l\u00e1mpara de Escritorio Led OCR Inteligente for Oficina en casa Familiar para la Oficina(T101)"},"content":{"rendered":"<p>Price: <span style=\"color:#b12704\">\u20ac235.67<\/span><br \/><i><small>(as of Feb 23, 2026 01:27:12 UTC &#8211; <span class=\"wp_automatic_amazon_disclaimer\" title=\"Product prices and availability are accurate as of the date\/time indicated and are subject to change. Any price and availability information displayed on [relevant Amazon Site(s), as applicable] at the time of purchase will apply to the purchase of this product.\">Details<\/span>)<\/small><\/i><\/p>\n<p><a href=\"https:\/\/amazon.es\/dp\/B0G2RNNTTF?tag=man008-21\"><img decoding=\"async\" src=\"https:\/\/valvepress.s3.amazonaws.com\/imgs\/buy_now.png\"><\/a><br \/>\n<br \/>\n    <span>Aviso:<br \/>El esc\u00e1ner de documentos se conectar\u00e1 autom\u00e1ticamente a su computadora. (Es un dispositivo sin controlador que se utiliza con los s operativos Windows 10, 8, 7, Vista o XP. Su computadora reconocer\u00e1 el dispositivo en C\u00e1maras en el men\u00fa del Administrador de dispositivos de Windows).<br \/>Empezando<br \/>1. Descargue la gu\u00eda y el software de configuraci\u00f3n de la c\u00e1mara de documentos a continuaci\u00f3n<br \/>2. for iniciar el programa, doble k en el software NetumScan Pro en el escritorio o k Men\u00fa Inicio de Windows y luego [Todas las aplicaciones] for seleccionar Scan Pro Software.<br \/>3. Coloque un documento en el panel de posici\u00f3n y alin\u00e9elo con la marca de posici\u00f3n.<br \/>4. Seleccione una de las funciones for escanear su material desde el men\u00fa principal. Puede realizar cambios seg\u00fan sus preferencias en el men\u00fa y luego k bot\u00f3n [Escanear] for escanear un documento.<br \/>Esc\u00e1ner de libros Scan T101, esc\u00e1ner autom\u00e1tico de documentos, tama\u00f1o m\u00e1ximo A3\/A4 de 13MP con l\u00e1mpara Led de mesa de escritorio OCR inteligente for oficina en casa familiar<br \/>El Scan T101 es un potente presentador visual que es capaz de utilizar su funci\u00f3n autom\u00e1tica for capturar im\u00e1genes en tiempo real de objetos 3D, revistas, libros, documentos e im\u00e1genes.<br \/>y tarjetas de visita y presentarlas a trav\u00e9s de un monitor o proyector. Combinado con nuestro software que permite al usuario controlar m\u00e1s funciones como formato de video, imagen<br \/>formato de archivo, formato de archivo Doc, \u00e1rea de disparo e incluso escaneo de p\u00e1ginas individuales o m\u00faltiples.<br \/>Esc\u00e1ner de documentos port\u00e1til NETUM SD-3000NC 8MP Tama\u00f1o m\u00e1ximo A4<br \/>Sensor CMOS de 8,0 megap\u00edxeles<br \/>Con el sensor CMOS de 5,0 MP y la lente fija orientada hacia abajo, la c\u00e1mara de documentos es capaz de capturar im\u00e1genes, revistas, libros, documentos, fotograf\u00edas y tarjetas de presentaci\u00f3n y proyectarlas a trav\u00e9s de un monitor o proyector. Incluso puedes mostrar im\u00e1genes en tiempo real de objetos 3D.<br \/>Fijo con zoom digital<br \/>La lente orientada hacia abajo facilita la captura de im\u00e1genes. Le permite hacer zoom en secciones espec\u00edficas de la imagen mostrada.<br \/>Grabaci\u00f3n de v\u00eddeo<br \/>Graba y edita v\u00eddeos con las herramientas de edici\u00f3n avanzadas.<br \/>Captura de fotos<br \/>La lente orientada hacia abajo hace que la captura de im\u00e1genes repetitivas sea c\u00f3moda y sencilla.<\/p>\n<p>Esc\u00e1ner de documentos port\u00e1til SD-800NC, tama\u00f1o m\u00e1ximo A4 de 8MP con l\u00e1mpara de escritorio Led OCR inteligente for oficina en casa familiar<br \/>El Scan SD-800NC es un potente presentador visual capaz de utilizar su funci\u00f3n fija for capturar im\u00e1genes en tiempo real de objetos 3D, revistas, libros, documentos e im\u00e1genes.<br \/>y tarjetas de visita y presentarlas a trav\u00e9s de un monitor o proyector. Combinado con nuestro software, permite al usuario controlar m\u00e1s funciones como el formato de video, el formato de archivo de imagen, el formato de archivo Doc, el \u00e1rea de captura e incluso el escaneo de p\u00e1ginas individuales o m\u00faltiples.<br \/>Captura de fotos<br \/>La lente orientada hacia abajo hace que la captura de im\u00e1genes repetitivas sea c\u00f3moda y sencilla.<br \/>Especificaciones:<br \/>Sensor de imagen: Sensor de color CMOS de 8,0 megap\u00edxeles<br \/>Interfaz: USB 2.0<br \/>Resoluci\u00f3n: 3264 x 2488<br \/>Formato de archivo de imagen: TIF, JPG, BMP, PNG<br \/>Velocidad de captura de imagen: 1 segundo<br \/>Formato de archivo Doc: DOC, TXT, PDF, XLS<br \/>Archivo de formato de v\u00eddeo: AVI<br \/>\u00c1rea de disparo: hasta tama\u00f1o A4 8,27 x 11,69 (210 x 297 mm)<br \/>Longitud focal: 4 a 15 (101 a 381 mm)<br \/>: Auto-<br \/>Luces LED: 6<br \/>Efectos: Color\/B\/N Gris<br \/>Balance de blancos autom\u00e1tico<br \/>Modo de funcionamiento Gr\u00e1ficos de texto\/Marco alto<br \/>Dimensiones de funcionamiento: 12,2 x 3,5 x 13,8 (310 x 89 x 350 mm)<br \/>Dimensiones plegado: 4,1 x 3,5 x 13,8 (105 x 89 x 350 mm)<br \/>Peso: 1,8 libras (800 g)<br \/>Requisitos:<br \/> operativo: Windows 2000 \/ XP \/ Vista \/ 7 \/ 8 \/ 10<br \/>Procesador basado<br \/>Interfaz de conectividad: Puerto USB 2.0<br \/>Incluye:<br \/>SD-800NC<br \/>Cable USB<br \/>Almohadilla de posici\u00f3n suave<br \/>Gu\u00eda de inicio r\u00e1pido<\/p>\n<p>Atenci\u00f3n:<br \/>Cada esc\u00e1ner viene con una pel\u00edcula protectora de f\u00e1brica, qu\u00edtela antes de usarlo. (Los esc\u00e1neres est\u00e1n en buenas condiciones)<\/span>    <br \/> Package Dimensions                                            \u200f                                            :                                            \u200e                                            1 x 1 x 1 cm; 10 g   <br \/> Manufacturer                                            \u200f                                            :                                            \u200e                                            CVFRDD   <br \/> ASIN                                            \u200f                                            :                                            \u200e                                            B0G2RNNTTF   <br \/> Item model number                                            \u200f                                            :                                            \u200e                                            1005003098021636   <br \/> Country\/Region of Origin                                            \u200f                                            :                                            \u200e                                            China   <br \/> Guaranteed software updates until                                            \u200f                                            :                                            \u200e                                            unknown   <\/p>\n<p>Presentaci\u00f3n en aulas y salas de conferencias: El Scan SD-800NC hace que la captura de im\u00e1genes repetitivas, demostraciones, tutoriales y conferencias sean c\u00f3modas y sencillas, y hace que las experiencias de presentaci\u00f3n en aulas y oficinas sean perfectas.<br \/>Sensor CMOS de 8,0 megap\u00edxeles: con el sensor CMOS de 8,0 MP y la lente fija orientada hacia abajo, la c\u00e1mara de documentos es capaz de capturar im\u00e1genes, im\u00e1genes en tiempo real de objetos 3D, revistas, libros, documentos, fotograf\u00edas y tarjetas de presentaci\u00f3n y presentarlas a trav\u00e9s de un monitor o proyector.<br \/>Potente reconocimiento de texto OCR: la c\u00e1mara de documentos Scan SD-800NC es la herramienta for presentaciones y captura de im\u00e1genes utilizando su reconocimiento de texto avanzado.<br \/>Fijo con zoom digital: la lente orientada hacia abajo hace que la captura de im\u00e1genes repetitivas, demostraciones, tutoriales y conferencias sean c\u00f3modas y sencillas con su imagen clara.<br \/>Grabaci\u00f3n de video: grabe videos de casi cualquier cosa, edite im\u00e1genes y videos con las herramientas de edici\u00f3n avanzadas y disfrute de la comodidad de compartir.<\/p>\n\n","protected":false},"excerpt":{"rendered":"<p> Aviso:El esc\u00e1ner de documentos se conectar\u00e1 autom\u00e1ticamente a su computadora. (Es un dispositivo sin controlador<\/p>","protected":false},"featured_media":31975,"comment_status":"open","ping_status":"closed","template":"","meta":[],"product_brand":[],"product_cat":[60],"product_tag":[5346,1990,7049,3994,1982,7716,7551,4303,9193,1989,1983,1986,4430,9192,428,7715,9191,6803,1987,7048,9194,3954,1984,1985,1991,9190,4598,1988],"class_list":{"0":"post-31974","1":"product","2":"type-product","3":"status-publish","4":"has-post-thumbnail","6":"product_cat-scanners","7":"product_tag-automatico","8":"product_tag-best-scanner","9":"product_tag-casa","10":"product_tag-con","11":"product_tag-document-scanner","12":"product_tag-documentos","13":"product_tag-escaner","14":"product_tag-escritorio","15":"product_tag-familiar","16":"product_tag-fast-document-scanner","17":"product_tag-flatbed-scanner","18":"product_tag-high-resolution-scanner","19":"product_tag-inteligente","20":"product_tag-lampara","21":"product_tag-led","22":"product_tag-libros","23":"product_tag-maximo","24":"product_tag-ocr","25":"product_tag-office-scanner","26":"product_tag-oficina","27":"product_tag-oficinat101","28":"product_tag-para","29":"product_tag-photo-scanner","30":"product_tag-portable-scanner","31":"product_tag-scanner-price","32":"product_tag-t101","33":"product_tag-tamano","34":"product_tag-usb-scanner","36":"first","37":"instock","38":"shipping-taxable","39":"product-type-external"},"_links":{"self":[{"href":"https:\/\/comprasyconsejos.store\/en\/wp-json\/wp\/v2\/product\/31974","targetHints":{"allow":["GET"]}}],"collection":[{"href":"https:\/\/comprasyconsejos.store\/en\/wp-json\/wp\/v2\/product"}],"about":[{"href":"https:\/\/comprasyconsejos.store\/en\/wp-json\/wp\/v2\/types\/product"}],"replies":[{"embeddable":true,"href":"https:\/\/comprasyconsejos.store\/en\/wp-json\/wp\/v2\/comments?post=31974"}],"version-history":[{"count":0,"href":"https:\/\/comprasyconsejos.store\/en\/wp-json\/wp\/v2\/product\/31974\/revisions"}],"wp:featuredmedia":[{"embeddable":true,"href":"https:\/\/comprasyconsejos.store\/en\/wp-json\/wp\/v2\/media\/31975"}],"wp:attachment":[{"href":"https:\/\/comprasyconsejos.store\/en\/wp-json\/wp\/v2\/media?parent=31974"}],"wp:term":[{"taxonomy":"product_brand","embeddable":true,"href":"https:\/\/comprasyconsejos.store\/en\/wp-json\/wp\/v2\/product_brand?post=31974"},{"taxonomy":"product_cat","embeddable":true,"href":"https:\/\/comprasyconsejos.store\/en\/wp-json\/wp\/v2\/product_cat?post=31974"},{"taxonomy":"product_tag","embeddable":true,"href":"https:\/\/comprasyconsejos.store\/en\/wp-json\/wp\/v2\/product_tag?post=31974"}],"curies":[{"name":"wp","href":"https:\/\/api.w.org\/{rel}","templated":true}]}}