{"id":31988,"date":"2026-02-23T01:37:31","date_gmt":"2026-02-23T01:37:31","guid":{"rendered":"https:\/\/comprasyconsejos.store\/product\/epson-inkjet-printer-black-standard\/"},"modified":"2026-02-23T01:37:31","modified_gmt":"2026-02-23T01:37:31","slug":"epson-inkjet-printer-black-standard","status":"publish","type":"product","link":"https:\/\/comprasyconsejos.store\/en\/product\/epson-inkjet-printer-black-standard\/","title":{"rendered":"Epson Inkjet Printer, Black, Standard"},"content":{"rendered":"<p>Price: <span style=\"color:#b12704\"><del>\u20ac17.12<\/del> - \u20ac15.90<\/span><br \/><i><small>(as of Feb 23, 2026 01:37:31 UTC &#8211; <span class=\"wp_automatic_amazon_disclaimer\" title=\"Product prices and availability are accurate as of the date\/time indicated and are subject to change. Any price and availability information displayed on [relevant Amazon Site(s), as applicable] at the time of purchase will apply to the purchase of this product.\">Details<\/span>)<\/small><\/i><\/p>\n<p><a href=\"https:\/\/amazon.es\/dp\/B0B8X64NYL?tag=man008-21\"><img decoding=\"async\" src=\"https:\/\/valvepress.s3.amazonaws.com\/imgs\/buy_now.png\"><\/a><br \/>\n<\/p>\n<p>                                             From the manufacturer   <\/p>\n<p>                                                  <img decoding=\"async\" alt=\"Epson 604\/XL Ink Singlepacks\" src=\"https:\/\/images-na.ssl-images-amazon.com\/images\/G\/01\/x-locale\/common\/grey-pixel.gif\" class=\"a-lazy-loaded\" data-src=\"https:\/\/m.media-amazon.com\/images\/S\/aplus-media-library-service-media\/4d4c2b5a-cbb4-4e5a-bc51-1acd676adc16.__CR0,0,1940,600_PT0_SX970_V1___.png\"><img decoding=\"async\" alt=\"Epson 604\/XL Ink Singlepacks\" src=\"https:\/\/m.media-amazon.com\/images\/S\/aplus-media-library-service-media\/4d4c2b5a-cbb4-4e5a-bc51-1acd676adc16.__CR0,0,1940,600_PT0_SX970_V1___.png\">  <\/p>\n<p>                                                      <img decoding=\"async\" alt=\"Epson 604\/XL Ink Singlepacks\" src=\"https:\/\/images-na.ssl-images-amazon.com\/images\/G\/01\/x-locale\/common\/grey-pixel.gif\" class=\"a-spacing-mini a-lazy-loaded\" data-src=\"https:\/\/m.media-amazon.com\/images\/S\/aplus-media-library-service-media\/1cf8f772-8281-494f-a904-a2014d03ccf7.__CR0,0,900,1200_PT0_SX300_V1___.png\"><img decoding=\"async\" alt=\"Epson 604\/XL Ink Singlepacks\" src=\"https:\/\/m.media-amazon.com\/images\/S\/aplus-media-library-service-media\/1cf8f772-8281-494f-a904-a2014d03ccf7.__CR0,0,900,1200_PT0_SX300_V1___.png\">  <\/p>\n<p>                                                              <img decoding=\"async\" alt=\"Logotipo de Epson\" src=\"https:\/\/images-na.ssl-images-amazon.com\/images\/G\/01\/x-locale\/common\/grey-pixel.gif\" class=\"a-spacing-mini a-lazy-loaded\" data-src=\"https:\/\/m.media-amazon.com\/images\/S\/aplus-media-library-service-media\/0c65f7e1-e345-404a-91fa-83850403f438.__CR0,0,700,350_PT0_SX350_V1___.png\"><img decoding=\"async\" alt=\"Logotipo de Epson\" src=\"https:\/\/m.media-amazon.com\/images\/S\/aplus-media-library-service-media\/0c65f7e1-e345-404a-91fa-83850403f438.__CR0,0,700,350_PT0_SX350_V1___.png\">                                                                 <\/p>\n<p class=\"a-spacing-small a-size-small a-color-secondary\"> Las tintas y los papeles Epson est\u00e1n dise\u00f1ados espec\u00edficamente para su uso con impresoras Epson y ofrecen resultados fiables. Invertimos en investigaci\u00f3n y equipos de fabricaci\u00f3n de alta tecnolog\u00eda y sometimos nuestros productos a rigurosas pruebas para ofrecerle una calidad \u00f3ptima. Tambi\u00e9n ofrece un programa de reciclaje de cartuchos de tinta. <\/p>\n<h3 class=\"a-spacing-mini\"> Serie de tinta 604\/604XL \u00abPi\u00f1a\u00bb <\/h3>\n<p>                                          Paquete individual original de Epson                                     <\/p>\n<p class=\"a-spacing-base\"> Las tintas individuales de la serie 604 \u00abPi\u00f1a\u00bb ofrecen una soluci\u00f3n de impresi\u00f3n econ\u00f3mica y fiable. Se adapta a cualquier tipo de usuario, las tintas de 4 colores est\u00e1n disponibles tanto en tama\u00f1o est\u00e1ndar como XL. <\/p>\n<p class=\"a-spacing-base\"> Optimizada espec\u00edficamente para impresoras Epson Expression y WorkForce, la tinta es ideal para una amplia gama de documentos de texto y gr\u00e1ficos. Obtenga impresiones n\u00edtidas de la m\u00e1s alta calidad. Ideal para el uso diario <\/p>\n<p>                                                          Como cartuchos est\u00e1ndar o XL       Disponible en negro, cian, amarillo y magenta       Dise\u00f1o de pi\u00f1a       Tambi\u00e9n disponible como multipack       Compatible con: XP-2205, XP-3200, XP-3205, XP-4200, XP-4205, WF-2910DWF, WF-2930DWF, WF-2935DWF, WF-2950DWF      <\/p>\n<h3 class=\"a-spacing-small\"> Conf\u00ede en el original. <\/h3>\n<p class=\"apm-text-center\">\n                                                      <img decoding=\"async\" alt=\"Epson 604\/XL Ink Singlepacks\" src=\"https:\/\/images-na.ssl-images-amazon.com\/images\/G\/01\/x-locale\/common\/grey-pixel.gif\" class=\"a-spacing-mini a-lazy-loaded\" data-src=\"https:\/\/m.media-amazon.com\/images\/S\/aplus-media-library-service-media\/a619fef9-0757-4c6b-9fcc-ce2c40a9f44c.__CR0,0,900,900_PT0_SX300_V1___.png\"><img decoding=\"async\" alt=\"Epson 604\/XL Ink Singlepacks\" src=\"https:\/\/m.media-amazon.com\/images\/S\/aplus-media-library-service-media\/a619fef9-0757-4c6b-9fcc-ce2c40a9f44c.__CR0,0,900,900_PT0_SX300_V1___.png\">  <\/p>\n<p>                                                    Varios tama\u00f1os                                       <\/p>\n<p> Ya sea que s\u00f3lo imprima ocasionalmente o su impresora est\u00e1 en uso mucho: Con Epson recibir\u00e1s el cartucho de tinta adecuado. En comparaci\u00f3n con el tama\u00f1o est\u00e1ndar, los cartuchos XL contienen una mayor cantidad de tinta que le permite imprimir hasta 500 p\u00e1ginas en blanco y negro y 350 p\u00e1ginas en color. <\/p>\n<p class=\"apm-text-center\">\n                                                      <img decoding=\"async\" alt=\"Epson 604\/XL Ink Singlepacks\" src=\"https:\/\/images-na.ssl-images-amazon.com\/images\/G\/01\/x-locale\/common\/grey-pixel.gif\" class=\"a-spacing-mini a-lazy-loaded\" data-src=\"https:\/\/m.media-amazon.com\/images\/S\/aplus-media-library-service-media\/bae83c88-83fc-4c88-ab0d-3336f2e496c9.__CR0,0,900,900_PT0_SX300_V1___.png\"><img decoding=\"async\" alt=\"Epson 604\/XL Ink Singlepacks\" src=\"https:\/\/m.media-amazon.com\/images\/S\/aplus-media-library-service-media\/bae83c88-83fc-4c88-ab0d-3336f2e496c9.__CR0,0,900,900_PT0_SX300_V1___.png\">  <\/p>\n<p>                                                    Reducir los costos                                       <\/p>\n<p> El juego de 4 colores es el resultado de la amplia investigaci\u00f3n y desarrollo de Epson. Los cartuchos individuales separados ofrecen fiabilidad a bajo costo. Dado que los colores est\u00e1n disponibles individualmente, solo tienes que reemplazar el cartucho consumido. <\/p>\n<p class=\"apm-text-center\">\n                                                      <img decoding=\"async\" alt=\"Epson 604\/XL Ink Singlepacks\" src=\"https:\/\/images-na.ssl-images-amazon.com\/images\/G\/01\/x-locale\/common\/grey-pixel.gif\" class=\"a-spacing-mini a-lazy-loaded\" data-src=\"https:\/\/m.media-amazon.com\/images\/S\/aplus-media-library-service-media\/99becf38-8b5d-4794-8eac-1d52f3dcb09a.__CR0,0,900,900_PT0_SX300_V1___.png\"><img decoding=\"async\" alt=\"Epson 604\/XL Ink Singlepacks\" src=\"https:\/\/m.media-amazon.com\/images\/S\/aplus-media-library-service-media\/99becf38-8b5d-4794-8eac-1d52f3dcb09a.__CR0,0,900,900_PT0_SX300_V1___.png\">  <\/p>\n<p>                                                    Resultados \u00f3ptimos                                       <\/p>\n<p> Disfrute de una impresi\u00f3n sencilla y fiable con el m\u00ednimo esfuerzo. Con la combinaci\u00f3n de tintas de tinte y tinta negra de pigmento, la serie 604 de Epson ofrece colores vivos y resultados de impresi\u00f3n n\u00edtidos. Para impresiones claras de la m\u00e1s alta calidad <\/p>\n<p>                         Add To Basket  <\/p>\n<p>                         Add To Basket  <\/p>\n<p>                         Add To Basket  <\/p>\n<p>                         Add To Basket  <\/p>\n<p>                         Add To Basket  <\/p>\n<p>                         Add To Basket  <\/p>\n<p>                             Customer Reviews  <\/p>\n<p>                    4.2 out of 5 stars  7,353  <\/p>\n<p>                    4.2 out of 5 stars  7,353  <\/p>\n<p>                    4.2 out of 5 stars  7,353  <\/p>\n<p>                    4.2 out of 5 stars  7,353  <\/p>\n<p>                    4.2 out of 5 stars  7,353  <\/p>\n<p>                    4.2 out of 5 stars  7,353  <\/p>\n<p>                             Price  <\/p>\n<p>                                    \u20ac41.99\u20ac41.99                  \u20ac15.90\u20ac15.90                  \u20ac47.35\u20ac47.35                  \u20ac89.99\u20ac89.99                  \u20ac33.99\u20ac33.99                  \u20ac80.00\u20ac80.00        <\/p>\n<p>                             Serie de tinta<br \/>\n                                604 \u00abPi\u00f1a\u00bb               604 \u00abPi\u00f1a\u00bb               604 \u00abPi\u00f1a\u00bb               604XL Pi\u00f1a               604XL Pi\u00f1a               604XL Pi\u00f1a        <\/p>\n<p>                             Color de tinta<br \/>\n                                Negro, Cian, Amarillo, Magenta                Negro               Negro, Cian, Amarillo, Magenta                Negro, Cian, Amarillo, Magenta                Negro               Negro, Cian, Amarillo, Magenta         <\/p>\n<p>                             Rendimiento (p\u00e1ginas)<br \/>\n                                150 en S\/W, 130 en color               150 in S\/W               150 en S\/W, 130 en color               500 en S\/W, 350 en color               500 en S\/W               500 en S\/W, 350 en color        <\/p>\n<p>                             Impresi\u00f3n confiable  <\/p>\n<p>                                              \u2713<\/p>\n<p>                                              \u2713<\/p>\n<p>                                              \u2713<\/p>\n<p>                                              \u2713<\/p>\n<p>                                              \u2713<\/p>\n<p>                                              \u2713<\/p>\n<p>                             Impresiones n\u00edtidas  <\/p>\n<p>                                              \u2713<\/p>\n<p>                                              \u2713<\/p>\n<p>                                              \u2713<\/p>\n<p>                                              \u2713<\/p>\n<p>                                              \u2713<\/p>\n<p>                                              \u2713<\/p>\n<p>                             Colores vivos  <\/p>\n<p>                                              \u2713<\/p>\n<p>                                              \u2713<\/p>\n<p>                                              \u2713<\/p>\n<p>                                              \u2713<\/p>\n<p>                                              \u2713<\/p>\n<p>                                              \u2713<\/p>\n<p>                             Particularidad<br \/>\n                                \u2013               \u2013               Embalaje compacto, adecuado para la mayor\u00eda de buzones               \u2013               \u2013               Embalaje compacto, adecuado para la mayor\u00eda de buzones        <\/p>\n<p> Is discontinued by manufacturer                                            \u200f                                            :                                            \u200e                                            No   <br \/> Product Dimensions                                            \u200f                                            :                                            \u200e                                            4.4 x 11.7 x 24.5 cm; 33 g   <br \/> Manufacturer                                            \u200f                                            :                                            \u200e                                            Epson   <br \/> ASIN                                            \u200f                                            :                                            \u200e                                            B0B8X64NYL   <br \/> Item model number                                            \u200f                                            :                                            \u200e                                            C13T10G14010   <br \/> Country of origin                                            \u200f                                            :                                            \u200e                                            China   <br \/>  Customer reviews:                                                                                            4.2               4.2 out of 5 stars                                  (7,353)                                              var dpAcrHasRegisteredArcLinkClickAction;                    P.when(&#8216;A&#8217;, &#8216;ready&#8217;).execute(function(A) {                        if (dpAcrHasRegisteredArcLinkClickAction !== true) {                            dpAcrHasRegisteredArcLinkClickAction = true;                            A.declarative(                                &#8216;acrLink-click-metrics&#8217;, &#8216;click&#8217;,                                { \u00aballowLinkDefault\u00bb: true },                                function (event) {                                    if (window.ue) {                                        ue.count(\u00abacrLinkClickCount\u00bb, (ue.count(\u00abacrLinkClickCount\u00bb) || 0) + 1);                                    }                                }                            );                        }                    });                                             P.when(&#8216;A&#8217;, &#8216;cf&#8217;).execute(function(A) {                A.declarative(&#8216;acrStarsLink-click-metrics&#8217;, &#8216;click&#8217;, { \u00aballowLinkDefault\u00bb : true },  function(event){                    if(window.ue) {                        ue.count(\u00abacrStarsLinkWithPopoverClickCount\u00bb, (ue.count(\u00abacrStarsLinkWithPopoverClickCount\u00bb) || 0) + 1);                    }                });            });                          <\/p>\n<p>Coloring Prints<br \/>Composite Material<br \/>Colour: black<br \/>Brand: Epson<\/p>\n\n","protected":false},"excerpt":{"rendered":"<p> From the manufacturer Las tintas y los papeles Epson est\u00e1n dise\u00f1ados espec\u00edficamente para su uso<\/p>","protected":false},"featured_media":31989,"comment_status":"open","ping_status":"closed","template":"","meta":[],"product_brand":[],"product_cat":[57],"product_tag":[2140,307,2134,2126,1992,2129,1953,1961,2145,2142,2143,2132,1962,3571,2136],"class_list":{"0":"post-31988","1":"product","2":"type-product","3":"status-publish","4":"has-post-thumbnail","6":"product_cat-inkjet-printers","7":"product_tag-best-inkjet-printer","8":"product_tag-black","9":"product_tag-cheap-inkjet-printer","10":"product_tag-color-inkjet-printer","11":"product_tag-epson","12":"product_tag-home-inkjet-printer","13":"product_tag-ink-tank-printer","14":"product_tag-inkjet","15":"product_tag-inkjet-printer","16":"product_tag-inkjet-printer-price","17":"product_tag-office-inkjet-printer","18":"product_tag-photo-inkjet-printer","19":"product_tag-printer","20":"product_tag-standard","21":"product_tag-wireless-inkjet-printer","23":"first","24":"instock","25":"sale","26":"shipping-taxable","27":"product-type-external"},"_links":{"self":[{"href":"https:\/\/comprasyconsejos.store\/en\/wp-json\/wp\/v2\/product\/31988","targetHints":{"allow":["GET"]}}],"collection":[{"href":"https:\/\/comprasyconsejos.store\/en\/wp-json\/wp\/v2\/product"}],"about":[{"href":"https:\/\/comprasyconsejos.store\/en\/wp-json\/wp\/v2\/types\/product"}],"replies":[{"embeddable":true,"href":"https:\/\/comprasyconsejos.store\/en\/wp-json\/wp\/v2\/comments?post=31988"}],"version-history":[{"count":0,"href":"https:\/\/comprasyconsejos.store\/en\/wp-json\/wp\/v2\/product\/31988\/revisions"}],"wp:featuredmedia":[{"embeddable":true,"href":"https:\/\/comprasyconsejos.store\/en\/wp-json\/wp\/v2\/media\/31989"}],"wp:attachment":[{"href":"https:\/\/comprasyconsejos.store\/en\/wp-json\/wp\/v2\/media?parent=31988"}],"wp:term":[{"taxonomy":"product_brand","embeddable":true,"href":"https:\/\/comprasyconsejos.store\/en\/wp-json\/wp\/v2\/product_brand?post=31988"},{"taxonomy":"product_cat","embeddable":true,"href":"https:\/\/comprasyconsejos.store\/en\/wp-json\/wp\/v2\/product_cat?post=31988"},{"taxonomy":"product_tag","embeddable":true,"href":"https:\/\/comprasyconsejos.store\/en\/wp-json\/wp\/v2\/product_tag?post=31988"}],"curies":[{"name":"wp","href":"https:\/\/api.w.org\/{rel}","templated":true}]}}