{"id":32026,"date":"2026-02-23T01:54:32","date_gmt":"2026-02-23T01:54:32","guid":{"rendered":"https:\/\/comprasyconsejos.store\/product\/ktc-monitor-32-inch-qhd-2k120hz-oc-white-ips-panel-%ce%b4e\/"},"modified":"2026-02-23T01:54:39","modified_gmt":"2026-02-23T01:54:39","slug":"ktc-monitor-32-inch-qhd-2k120hz-oc-white-ips-panel-%ce%b4e","status":"publish","type":"product","link":"https:\/\/comprasyconsejos.store\/en\/product\/ktc-monitor-32-inch-qhd-2k120hz-oc-white-ips-panel-%ce%b4e\/","title":{"rendered":"KTC Monitor 32 Inch QHD | 2K@120Hz (OC) | White | IPS Panel | \u0394E"},"content":{"rendered":"<p>Price: <span style=\"color:#b12704\"><del>\u20ac199.99<\/del> - \u20ac169.99<\/span><br \/><i><small>(as of Feb 23, 2026 01:54:33 UTC &#8211; <span class=\"wp_automatic_amazon_disclaimer\" title=\"Product prices and availability are accurate as of the date\/time indicated and are subject to change. Any price and availability information displayed on [relevant Amazon Site(s), as applicable] at the time of purchase will apply to the purchase of this product.\">Details<\/span>)<\/small><\/i><\/p>\n<p><a href=\"https:\/\/amazon.es\/dp\/B0FKH3BW6B?tag=man008-21\"><img decoding=\"async\" src=\"https:\/\/valvepress.s3.amazonaws.com\/imgs\/buy_now.png\"><\/a><br \/>\n<\/p>\n<p>                                             From the brand   <\/p>\n<p>                                              <img decoding=\"async\" alt=\"Imagen promocional oscura que muestra el texto \u00abKTC\u00bb iluminado y los efectos de iluminaci\u00f3n sobre un fondo negro.\" src=\"https:\/\/images-na.ssl-images-amazon.com\/images\/G\/01\/x-locale\/common\/grey-pixel.gif\" class=\"a-lazy-loaded\" data-src=\"https:\/\/m.media-amazon.com\/images\/S\/aplus-media-library-service-media\/cde76802-36da-4fa9-9a79-c299d2179356.__CR0,0,1464,625_PT0_SX1464_V1___.jpg\"><img decoding=\"async\" alt=\"Imagen promocional oscura que muestra el texto \u00abKTC\u00bb iluminado y los efectos de iluminaci\u00f3n sobre un fondo negro.\" src=\"https:\/\/m.media-amazon.com\/images\/S\/aplus-media-library-service-media\/cde76802-36da-4fa9-9a79-c299d2179356.__CR0,0,1464,625_PT0_SX1464_V1___.jpg\">  <\/p>\n<p>                                              <img decoding=\"async\" alt=\"aplus content image\" src=\"https:\/\/images-na.ssl-images-amazon.com\/images\/G\/01\/x-locale\/common\/grey-pixel.gif\" class=\"a-lazy-loaded\" data-src=\"https:\/\/m.media-amazon.com\/images\/S\/aplus-media-library-service-media\/6982dad6-b377-4917-ba53-24b5489359dd.__CR0,0,362,453_PT0_SX362_V1___.jpg\"><img decoding=\"async\" alt=\"aplus content image\" src=\"https:\/\/m.media-amazon.com\/images\/S\/aplus-media-library-service-media\/6982dad6-b377-4917-ba53-24b5489359dd.__CR0,0,362,453_PT0_SX362_V1___.jpg\">  <\/p>\n<p>                                              <img decoding=\"async\" alt=\"El texto dice \u00abMonitor Gaming Plano\u00bb. Varias vistas de la configuraci\u00f3n del juego en un entorno dom\u00e9stico que muestran el monitor, el teclado y la iluminaci\u00f3n ambiental.\" src=\"https:\/\/images-na.ssl-images-amazon.com\/images\/G\/01\/x-locale\/common\/grey-pixel.gif\" class=\"a-lazy-loaded\" data-src=\"https:\/\/m.media-amazon.com\/images\/S\/aplus-media-library-service-media\/445e797c-b39a-41b4-90f4-855542c390ab.__CR0,1,724,906_PT0_SX362_V1___.jpg\"><img decoding=\"async\" alt=\"El texto dice \u00abMonitor Gaming Plano\u00bb. Varias vistas de la configuraci\u00f3n del juego en un entorno dom\u00e9stico que muestran el monitor, el teclado y la iluminaci\u00f3n ambiental.\" src=\"https:\/\/m.media-amazon.com\/images\/S\/aplus-media-library-service-media\/445e797c-b39a-41b4-90f4-855542c390ab.__CR0,1,724,906_PT0_SX362_V1___.jpg\">  <\/p>\n<h3> Monitor plano para juegos <\/h3>\n<h3> Monitor plano para juegos <\/h3>\n<h3> Monitor plano para juegos <\/h3>\n<p>                                              <img decoding=\"async\" alt=\"El texto dice \u00abMonitor Gaming Curvo\u00bb, \u00abMovimiento fluido combinado con una imagen sin segmentaci\u00f3n\u00bb. Configuraci\u00f3n de monitor de juego curvo en una habitaci\u00f3n oscura con iluminaci\u00f3n RGB.\" src=\"https:\/\/images-na.ssl-images-amazon.com\/images\/G\/01\/x-locale\/common\/grey-pixel.gif\" class=\"a-lazy-loaded\" data-src=\"https:\/\/m.media-amazon.com\/images\/S\/aplus-media-library-service-media\/dbd5dd0b-972f-4d75-b2fa-f62ac0d25557.__CR0,1,724,906_PT0_SX362_V1___.jpg\"><img decoding=\"async\" alt=\"El texto dice \u00abMonitor Gaming Curvo\u00bb, \u00abMovimiento fluido combinado con una imagen sin segmentaci\u00f3n\u00bb. Configuraci\u00f3n de monitor de juego curvo en una habitaci\u00f3n oscura con iluminaci\u00f3n RGB.\" src=\"https:\/\/m.media-amazon.com\/images\/S\/aplus-media-library-service-media\/dbd5dd0b-972f-4d75-b2fa-f62ac0d25557.__CR0,1,724,906_PT0_SX362_V1___.jpg\">  <\/p>\n<h3> Monitor curvo para juegos <\/h3>\n<p>                                              <img decoding=\"async\" alt=\"El texto dice \u00abMonitor para hogar y oficina\u00bb y \u00abVisi\u00f3n clara para espacios de trabajo modernos\u00bb. Vistas m\u00faltiples de las configuraciones de escritorio con monitores que muestran pantallas de an\u00e1lisis.\" src=\"https:\/\/images-na.ssl-images-amazon.com\/images\/G\/01\/x-locale\/common\/grey-pixel.gif\" class=\"a-lazy-loaded\" data-src=\"https:\/\/m.media-amazon.com\/images\/S\/aplus-media-library-service-media\/9de7540c-b7c7-425a-8108-60f55d06177d.__CR0,1,724,906_PT0_SX362_V1___.jpg\"><img decoding=\"async\" alt=\"El texto dice \u00abMonitor para hogar y oficina\u00bb y \u00abVisi\u00f3n clara para espacios de trabajo modernos\u00bb. Vistas m\u00faltiples de las configuraciones de escritorio con monitores que muestran pantallas de an\u00e1lisis.\" src=\"https:\/\/m.media-amazon.com\/images\/S\/aplus-media-library-service-media\/9de7540c-b7c7-425a-8108-60f55d06177d.__CR0,1,724,906_PT0_SX362_V1___.jpg\">  <\/p>\n<h3> Monitor de oficina <\/h3>\n<p> Product Dimensions                                            \u200f                                            :                                            \u200e                                            18 x 51 x 71.7 cm; 8 kg   <br \/> Manufacturer                                            \u200f                                            :                                            \u200e                                            KTC   <br \/> ASIN                                            \u200f                                            :                                            \u200e                                            B0FKH3BW6B   <br \/> Item model number                                            \u200f                                            :                                            \u200e                                            H32D6   <br \/> Country\/Region of Origin                                            \u200f                                            :                                            \u200e                                            China   <br \/> Guaranteed software updates until                                            \u200f                                            :                                            \u200e                                            unknown   <br \/>  Customer reviews:                                                                                            4.4               4.4 out of 5 stars                                  (5,685)                                              var dpAcrHasRegisteredArcLinkClickAction;                    P.when(&#8216;A&#8217;, &#8216;ready&#8217;).execute(function(A) {                        if (dpAcrHasRegisteredArcLinkClickAction !== true) {                            dpAcrHasRegisteredArcLinkClickAction = true;                            A.declarative(                                &#8216;acrLink-click-metrics&#8217;, &#8216;click&#8217;,                                { \u00aballowLinkDefault\u00bb: true },                                function (event) {                                    if (window.ue) {                                        ue.count(\u00abacrLinkClickCount\u00bb, (ue.count(\u00abacrLinkClickCount\u00bb) || 0) + 1);                                    }                                }                            );                        }                    });                                             P.when(&#8216;A&#8217;, &#8216;cf&#8217;).execute(function(A) {                A.declarative(&#8216;acrStarsLink-click-metrics&#8217;, &#8216;click&#8217;, { \u00aballowLinkDefault\u00bb : true },  function(event){                    if(window.ue) {                        ue.count(\u00abacrStarsLinkWithPopoverClickCount\u00bb, (ue.count(\u00abacrStarsLinkWithPopoverClickCount\u00bb) || 0) + 1);                    }                });            });                          <\/p>\n<p>[32&#8243; Monitor &#8211; Double Efficiency] The 32-inch 2K monitor with QHD resolution effortlessly handles multiple windows at the same time, displaying spreadsheets, documents and video conferencing on a single screen to improve productivity in work and study.<br \/>[IPS Panel &#8211; True Colors] Covering 99% sRGB and 85% DCI-P3 with \u0394E<2 accuracy, this 32-inch PC monitor faithfully reproduces the colors of images and videos, meeting professional demands in office, design, photography and video editing.<br \/>[Eye-Care Technology &#8211; Long Time Use Without Fatigue] With Flicker-Free technology and reduced blue light function, this 32-inch computer screen minimizes eyestrain caused by blue light and flicker. Ideal for long sessions of work or study.<br \/>[Multi-Interfaces &#8211; Versatile Connection] Equipped with two HDMI 2.0 ports and a DisplayPort 1.4 port, this 32-inch QHD monitor allows you to simultaneously connect multiple devices such as PCs, laptops and projectors.<br \/>[MINIMALIST WHITE DESIGN] A flawless white finish with V-shaped base offers stability and elegance, brightening up any office. Compatible with VESA 100\u00d7100mm mount, this 32 monitor allows you to freely configure the workspace.<\/p>\n\n","protected":false},"excerpt":{"rendered":"<p> From the brand Monitor plano para juegos Monitor plano para juegos Monitor plano para juegos<\/p>","protected":false},"featured_media":32027,"comment_status":"open","ping_status":"closed","template":"","meta":[],"product_brand":[],"product_cat":[52,54],"product_tag":[1817,1822,1819,1821,1816,1824,9204,1823,1825,584,703,1820,3341,844,1033,1243,1818,205,3633],"class_list":{"0":"post-32026","1":"product","2":"type-product","3":"status-publish","4":"has-post-thumbnail","6":"product_cat-2k-monitors","7":"product_cat-curved-monitors","8":"product_tag-1440p-monitor","9":"product_tag-144hz-2k-monitor","10":"product_tag-27-inch-2k-monitor","11":"product_tag-2k-gaming-monitor","12":"product_tag-2k-monitor","13":"product_tag-2k-monitor-price","14":"product_tag-2k120hz","15":"product_tag-best-2k-monitor","16":"product_tag-curved-2k-monitor","17":"product_tag-inch","18":"product_tag-ips","19":"product_tag-ips-2k-monitor","20":"product_tag-ktc","21":"product_tag-monitor","22":"product_tag-panel","23":"product_tag-qhd","24":"product_tag-qhd-monitor","25":"product_tag-white","26":"product_tag-e","28":"first","29":"instock","30":"sale","31":"shipping-taxable","32":"product-type-external"},"_links":{"self":[{"href":"https:\/\/comprasyconsejos.store\/en\/wp-json\/wp\/v2\/product\/32026","targetHints":{"allow":["GET"]}}],"collection":[{"href":"https:\/\/comprasyconsejos.store\/en\/wp-json\/wp\/v2\/product"}],"about":[{"href":"https:\/\/comprasyconsejos.store\/en\/wp-json\/wp\/v2\/types\/product"}],"replies":[{"embeddable":true,"href":"https:\/\/comprasyconsejos.store\/en\/wp-json\/wp\/v2\/comments?post=32026"}],"version-history":[{"count":0,"href":"https:\/\/comprasyconsejos.store\/en\/wp-json\/wp\/v2\/product\/32026\/revisions"}],"wp:featuredmedia":[{"embeddable":true,"href":"https:\/\/comprasyconsejos.store\/en\/wp-json\/wp\/v2\/media\/32027"}],"wp:attachment":[{"href":"https:\/\/comprasyconsejos.store\/en\/wp-json\/wp\/v2\/media?parent=32026"}],"wp:term":[{"taxonomy":"product_brand","embeddable":true,"href":"https:\/\/comprasyconsejos.store\/en\/wp-json\/wp\/v2\/product_brand?post=32026"},{"taxonomy":"product_cat","embeddable":true,"href":"https:\/\/comprasyconsejos.store\/en\/wp-json\/wp\/v2\/product_cat?post=32026"},{"taxonomy":"product_tag","embeddable":true,"href":"https:\/\/comprasyconsejos.store\/en\/wp-json\/wp\/v2\/product_tag?post=32026"}],"curies":[{"name":"wp","href":"https:\/\/api.w.org\/{rel}","templated":true}]}}