{"id":32035,"date":"2026-02-23T01:59:39","date_gmt":"2026-02-23T01:59:39","guid":{"rendered":"https:\/\/comprasyconsejos.store\/product\/timbre-inalambrico-timbre-de-camara-de-24-pulgadas-mirilla-digital-camara-inteligente-hd-mirilla-electronica-for-el-hogar-visor-timbre-visual-for-exteriores-amplio-alcance-inalambrico\/"},"modified":"2026-02-23T01:59:49","modified_gmt":"2026-02-23T01:59:49","slug":"timbre-inalambrico-timbre-de-camara-de-24-pulgadas-mirilla-digital-camara-inteligente-hd-mirilla-electronica-for-el-hogar-visor-timbre-visual-for-exteriores-amplio-alcance-inalambrico","status":"publish","type":"product","link":"https:\/\/comprasyconsejos.store\/en\/product\/timbre-inalambrico-timbre-de-camara-de-24-pulgadas-mirilla-digital-camara-inteligente-hd-mirilla-electronica-for-el-hogar-visor-timbre-visual-for-exteriores-amplio-alcance-inalambrico\/","title":{"rendered":"Timbre Inal\u00e1Mbrico Timbre De C\u00e1mara De 2,4 Pulgadas, Mirilla Digital, C\u00e1mara Inteligente HD, Mirilla Electr\u00f3nica For El Hogar, Visor, Timbre Visual For Exteriores Amplio Alcance Inal\u00e1Mbrico"},"content":{"rendered":"<p>Price: <span style=\"color:#b12704\">\u20ac36.01<\/span><br \/><i><small>(as of Feb 23, 2026 01:59:39 UTC &#8211; <span class=\"wp_automatic_amazon_disclaimer\" title=\"Product prices and availability are accurate as of the date\/time indicated and are subject to change. Any price and availability information displayed on [relevant Amazon Site(s), as applicable] at the time of purchase will apply to the purchase of this product.\">Details<\/span>)<\/small><\/i><\/p>\n<p><a href=\"https:\/\/amazon.es\/dp\/B0FMFCNTFH?tag=man008-21\"><img decoding=\"async\" src=\"https:\/\/valvepress.s3.amazonaws.com\/imgs\/buy_now.png\"><\/a><br \/>\n<br \/>\n    <span>Especificaci\u00f3n:<br \/>Tipo de art\u00edculo: Visor de puerta inteligente<br \/>De color negro<br \/>Material: Pl\u00e1stico ABS<br \/>Tama\u00f1o de pantalla: aprox. 2,4 pulgadas<br \/>Resoluci\u00f3n de pantalla: 320&#215;240<br \/>Sensor: sensor de imagen digital activo CMOS de 0,3 MP<br \/>\u00c1ngulo de visi\u00f3n: 90 \u00b0<br \/>Detecci\u00f3n de movimiento: no compatible<br \/>Visi\u00f3n nocturna: no compatible<br \/>Tomar fotos: soporte<br \/>Fuente de alimentaci\u00f3n: 600 mAh<br \/>Funci\u00f3n de timbre: no compatible<br \/>M\u00e9todo de almacenamiento: almacenamiento de tarjeta de memoria<br \/>Agujero de puerta aplicable: aprox. 14-28 mm<br \/>Grosor del panel de la puerta: aprox. 35 &#8211; 120 mm<br \/>Debido a la caracter\u00edstica de f\u00e1cil da\u00f1o al cableado del timbre. Tenga cuidado al conectar los cables. Cuando sea necesario cargar el timbre, utilice el cable de carga directamente para evitar quitar el timbre.<br \/>Operaci\u00f3n de la funci\u00f3n:<br \/>1. Encendido\/apagado: al presionar la tecla de encendido, la parte interior se encender\u00e1, mantenga presionada la tecla de encendido durante 3 segundos, el dispositivo se apagar\u00e1.<br \/>2. Revisar foto: en el modo de encendido, presione la \u00abtecla izquierda\u00bb o la \u00abtecla derecha\u00bb para revisar las fotos.<br \/>3. Eliminar todas las fotos: en el modo de encendido o al revisar las fotos, presione la \u00abtecla izquierda\u00bb durante tres segundos para eliminar todas las fotos en la memoria.<br \/>4. Eliminar una sola foto: al revisar las fotos, presione la \u00abtecla derecha\u00bb durante tres segundos para eliminar una foto en la memoria.<br \/>5. Configure el tiempo de apagado: en el modo de encendido, presione la \u00abtecla derecha\u00bb durante tres segundos para seleccionar el tiempo de apagado: 15 s\/25 s\/apagado.<\/span>    <br \/>Timbre de video, monitoreo en tiempo real de las condiciones de la puerta.<br \/>Potente procesador interno de disipaci\u00f3n de bajo consumo y alto rendimiento.<br \/>Puede ver claramente la escena exterior con una pantalla LCD de alta definici\u00f3n de 2,4 pulgadas.<br \/>\u00c1ngulo de visi\u00f3n amplio: la lente gran angular de 90 grados le permite ver una imagen m\u00e1s grande sin perderse la visita de amigos.<br \/>Presione &#8216;tecla de timbre&#8217;, el dispositivo se encender\u00e1 y tomar\u00e1 fotos. Tambi\u00e9n puede tomar fotos dentro de la casa cuando vea a alguien enga\u00f1oso afuera de la puerta.<\/p>\n\n","protected":false},"excerpt":{"rendered":"<p> Especificaci\u00f3n:Tipo de art\u00edculo: Visor de puerta inteligenteDe color negroMaterial: Pl\u00e1stico ABSTama\u00f1o de pantalla: aprox. 2,4<\/p>","protected":false},"featured_media":32036,"comment_status":"open","ping_status":"closed","template":"","meta":[],"product_brand":[],"product_cat":[82],"product_tag":[1838,4149,9210,4112,1865,9207,9209,5549,1839,1830,1833,4022,4430,1831,1836,9206,4035,1835,1832,9205,1837,9208,6343,1834],"class_list":{"0":"post-32035","1":"product","2":"type-product","3":"status-publish","4":"has-post-thumbnail","6":"product_cat-home-appliance","7":"product_tag-air-conditioners","8":"product_tag-alcance","9":"product_tag-amplio","10":"product_tag-camara","11":"product_tag-digital","12":"product_tag-electronica","13":"product_tag-exteriores","14":"product_tag-hogar","15":"product_tag-home-appliance-deals","16":"product_tag-home-appliances","17":"product_tag-home-electronics","18":"product_tag-inalambrico","19":"product_tag-inteligente","20":"product_tag-kitchen-appliances","21":"product_tag-microwave-ovens","22":"product_tag-mirilla","23":"product_tag-pulgadas","24":"product_tag-refrigerators","25":"product_tag-small-home-appliances","26":"product_tag-timbre","27":"product_tag-vacuum-cleaners","28":"product_tag-visor","29":"product_tag-visual","30":"product_tag-washing-machines","32":"first","33":"instock","34":"shipping-taxable","35":"product-type-external"},"_links":{"self":[{"href":"https:\/\/comprasyconsejos.store\/en\/wp-json\/wp\/v2\/product\/32035","targetHints":{"allow":["GET"]}}],"collection":[{"href":"https:\/\/comprasyconsejos.store\/en\/wp-json\/wp\/v2\/product"}],"about":[{"href":"https:\/\/comprasyconsejos.store\/en\/wp-json\/wp\/v2\/types\/product"}],"replies":[{"embeddable":true,"href":"https:\/\/comprasyconsejos.store\/en\/wp-json\/wp\/v2\/comments?post=32035"}],"version-history":[{"count":0,"href":"https:\/\/comprasyconsejos.store\/en\/wp-json\/wp\/v2\/product\/32035\/revisions"}],"wp:featuredmedia":[{"embeddable":true,"href":"https:\/\/comprasyconsejos.store\/en\/wp-json\/wp\/v2\/media\/32036"}],"wp:attachment":[{"href":"https:\/\/comprasyconsejos.store\/en\/wp-json\/wp\/v2\/media?parent=32035"}],"wp:term":[{"taxonomy":"product_brand","embeddable":true,"href":"https:\/\/comprasyconsejos.store\/en\/wp-json\/wp\/v2\/product_brand?post=32035"},{"taxonomy":"product_cat","embeddable":true,"href":"https:\/\/comprasyconsejos.store\/en\/wp-json\/wp\/v2\/product_cat?post=32035"},{"taxonomy":"product_tag","embeddable":true,"href":"https:\/\/comprasyconsejos.store\/en\/wp-json\/wp\/v2\/product_tag?post=32035"}],"curies":[{"name":"wp","href":"https:\/\/api.w.org\/{rel}","templated":true}]}}