{"id":32045,"date":"2026-02-23T02:04:53","date_gmt":"2026-02-23T02:04:53","guid":{"rendered":"https:\/\/comprasyconsejos.store\/product\/sports-camera-4k-wifi-64gb-mini-action-camera-150-helmet-camcorder-with-screen-body-camcorder-for-vlogs-moto-bike-sports-various-accessories\/"},"modified":"2026-02-23T02:04:58","modified_gmt":"2026-02-23T02:04:58","slug":"sports-camera-4k-wifi-64gb-mini-action-camera-150-helmet-camcorder-with-screen-body-camcorder-for-vlogs-moto-bike-sports-various-accessories","status":"publish","type":"product","link":"https:\/\/comprasyconsejos.store\/en\/product\/sports-camera-4k-wifi-64gb-mini-action-camera-150-helmet-camcorder-with-screen-body-camcorder-for-vlogs-moto-bike-sports-various-accessories\/","title":{"rendered":"Sports Camera 4K WiFi, 64GB Mini Action Camera, 150\u00b0 Helmet Camcorder with Screen Body Camcorder for Vlogs Moto Bike Sports Various Accessories"},"content":{"rendered":"<p>Price: <span style=\"color:#b12704\">\u20ac119.98<\/span><br \/><i><small>(as of Feb 23, 2026 02:04:53 UTC &#8211; <span class=\"wp_automatic_amazon_disclaimer\" title=\"Product prices and availability are accurate as of the date\/time indicated and are subject to change. Any price and availability information displayed on [relevant Amazon Site(s), as applicable] at the time of purchase will apply to the purchase of this product.\">Details<\/span>)<\/small><\/i><\/p>\n<p><a href=\"https:\/\/amazon.es\/dp\/B0FRS179CD?tag=man008-21\"><img decoding=\"async\" src=\"https:\/\/valvepress.s3.amazonaws.com\/imgs\/buy_now.png\"><\/a><br \/>\n<\/p>\n<p>                                             Product Description   <\/p>\n<p>                                                                                                       <img decoding=\"async\" alt=\"aplus content image\" src=\"https:\/\/images-na.ssl-images-amazon.com\/images\/G\/01\/x-locale\/common\/grey-pixel.gif\" class=\"a-lazy-loaded\" data-src=\"https:\/\/m.media-amazon.com\/images\/S\/aplus-media-library-service-media\/f8db3f76-023b-4027-9997-88bf6df36aa5.__CR0,0,1464,600_PT0_SX1464_V1___.png\"><img decoding=\"async\" alt=\"aplus content image\" src=\"https:\/\/m.media-amazon.com\/images\/S\/aplus-media-library-service-media\/f8db3f76-023b-4027-9997-88bf6df36aa5.__CR0,0,1464,600_PT0_SX1464_V1___.png\">                                               <\/p>\n<p>                                                                                                       <img decoding=\"async\" alt=\"aplus content image\" src=\"https:\/\/images-na.ssl-images-amazon.com\/images\/G\/01\/x-locale\/common\/grey-pixel.gif\" class=\"a-lazy-loaded\" data-src=\"https:\/\/m.media-amazon.com\/images\/S\/aplus-media-library-service-media\/da56c426-c8d7-4e8e-854b-30ebcb6f9521.__CR0,0,1464,600_PT0_SX1464_V1___.png\"><img decoding=\"async\" alt=\"aplus content image\" src=\"https:\/\/m.media-amazon.com\/images\/S\/aplus-media-library-service-media\/da56c426-c8d7-4e8e-854b-30ebcb6f9521.__CR0,0,1464,600_PT0_SX1464_V1___.png\">                                               <\/p>\n<p>                                                                                                       <img decoding=\"async\" alt=\"El texto dice \u00abIncluye Tarjeta Micro SD 64 GB para fotograf\u00edas\u00bb. Serie de tomas de c\u00e1mara de acci\u00f3n que muestran actividades de esqu\u00ed y deportes al aire libre.\" src=\"https:\/\/images-na.ssl-images-amazon.com\/images\/G\/01\/x-locale\/common\/grey-pixel.gif\" class=\"a-lazy-loaded\" data-src=\"https:\/\/m.media-amazon.com\/images\/S\/aplus-media-library-service-media\/9119d933-36ef-4f23-969c-8dbf49de4020.__CR0,0,1464,600_PT0_SX1464_V1___.png\"><img decoding=\"async\" alt=\"El texto dice \u00abIncluye Tarjeta Micro SD 64 GB para fotograf\u00edas\u00bb. Serie de tomas de c\u00e1mara de acci\u00f3n que muestran actividades de esqu\u00ed y deportes al aire libre.\" src=\"https:\/\/m.media-amazon.com\/images\/S\/aplus-media-library-service-media\/9119d933-36ef-4f23-969c-8dbf49de4020.__CR0,0,1464,600_PT0_SX1464_V1___.png\">                                               <\/p>\n<p>                                                                                                                    <img decoding=\"async\" alt=\"aplus content image\" src=\"https:\/\/m.media-amazon.com\/images\/S\/aplus-media-library-service-media\/c22e76c7-08c0-4421-b57d-dbae7380254c.__CR0,0,1464,600_PT0_SX1464_V1___.png\">                                                    <img decoding=\"async\" alt=\"aplus content image\" src=\"https:\/\/m.media-amazon.com\/images\/S\/aplus-media-library-service-media\/47cfc485-faa1-4621-9051-2be2c7d112ff.__CR0,0,1464,600_PT0_SX1464_V1___.png\">                                                    <img decoding=\"async\" alt=\"El texto dice \u00abFalta de ejercicio\u00bb, \u00abAdicto a los tel\u00e9fonos m\u00f3viles\u00bb, \u00abFalta de concentraci\u00f3n\u00bb, \u00abCoordinaci\u00f3n mano-ojo\u00bb. Gr\u00e1ficos educativos o informativos que muestran conceptos relacionados con la salud.\" src=\"https:\/\/m.media-amazon.com\/images\/S\/aplus-media-library-service-media\/dfbf7dd5-7cb6-4e4f-802c-9a2212a6702a.__CR0,0,1464,600_PT0_SX1464_V1___.png\">                                                    <img decoding=\"async\" alt=\"El texto dice \u00abTALOSSO\u00bb. Carteles promocionales azules con un dispositivo rob\u00f3tico, con texto en franc\u00e9s que describe la tecnolog\u00eda y las capacidades del hogar inteligente.\" src=\"https:\/\/m.media-amazon.com\/images\/S\/aplus-media-library-service-media\/7eaeb1ce-5dab-492d-abc1-e3feef544c85.__CR0,0,1464,600_PT0_SX1464_V1___.png\">                                                    <img decoding=\"async\" alt=\"aplus content image\" src=\"https:\/\/m.media-amazon.com\/images\/S\/aplus-media-library-service-media\/d7d924b9-2916-4450-a399-d439dc4c420c.__CR0,0,1464,600_PT0_SX1464_V1___.png\"><br \/>\n                            1 C\u00e1mara de Acci\u00f3n WiFi <\/p>\n<p>                            2 C\u00e1mara POV <\/p>\n<p>                            3 Gran Angular <\/p>\n<p>                            4 Bater\u00eda de Gran Capacidad <\/p>\n<p>                            5 Compacta y Port\u00e1til <\/p>\n<p>                                                                                                       <img decoding=\"async\" alt=\"Escena de piscina al aire libre con agua azul brillante y equipo de piscina visible en m\u00faltiples \u00e1ngulos.\" src=\"https:\/\/images-na.ssl-images-amazon.com\/images\/G\/01\/x-locale\/common\/grey-pixel.gif\" class=\"a-lazy-loaded\" data-src=\"https:\/\/m.media-amazon.com\/images\/S\/aplus-media-library-service-media\/7d7c3893-02f4-481b-a65f-6e39ff9520de.__CR0,0,1464,600_PT0_SX1464_V1___.png\"><img decoding=\"async\" alt=\"Escena de piscina al aire libre con agua azul brillante y equipo de piscina visible en m\u00faltiples \u00e1ngulos.\" src=\"https:\/\/m.media-amazon.com\/images\/S\/aplus-media-library-service-media\/7d7c3893-02f4-481b-a65f-6e39ff9520de.__CR0,0,1464,600_PT0_SX1464_V1___.png\">                                               <\/p>\n<p>                                                                                                       <img decoding=\"async\" alt=\"Diagrama de accesorios del producto que muestra varios accesorios y componentes de montaje en forma de silueta azul dispuestos horizontalmente, mostrando diferentes opciones de conexi\u00f3n y piezas ajustables.\" src=\"https:\/\/images-na.ssl-images-amazon.com\/images\/G\/01\/x-locale\/common\/grey-pixel.gif\" class=\"a-lazy-loaded\" data-src=\"https:\/\/m.media-amazon.com\/images\/S\/aplus-media-library-service-media\/33a69305-c6cf-4089-8ae0-bd8fb2ac9ad6.__CR0,0,1464,600_PT0_SX1464_V1___.jpg\"><img decoding=\"async\" alt=\"Diagrama de accesorios del producto que muestra varios accesorios y componentes de montaje en forma de silueta azul dispuestos horizontalmente, mostrando diferentes opciones de conexi\u00f3n y piezas ajustables.\" src=\"https:\/\/m.media-amazon.com\/images\/S\/aplus-media-library-service-media\/33a69305-c6cf-4089-8ae0-bd8fb2ac9ad6.__CR0,0,1464,600_PT0_SX1464_V1___.jpg\">                                               <\/p>\n<p> Batteries                                            \u200f                                            :                                            \u200e                                            1 Nonstandard Battery batteries required. (included)   <br \/> Package Dimensions                                            \u200f                                            :                                            \u200e                                            21.8 x 12 x 5.4 cm; 370 g   <br \/> Date First Available                                            \u200f                                            :                                            \u200e                                            19 Sept. 2025   <br \/> Manufacturer                                            \u200f                                            :                                            \u200e                                            NISANUKI   <br \/> ASIN                                            \u200f                                            :                                            \u200e                                            B0FRS179CD   <br \/> Item model number                                            \u200f                                            :                                            \u200e                                            AC11   <br \/> Country of origin                                            \u200f                                            :                                            \u200e                                            China   <br \/> Guaranteed software updates until                                            \u200f                                            :                                            \u200e                                            unknown   <br \/>       Best Sellers Rank:  23,597 in Electronics (See Top 100 in Electronics)    208 in Action Cameras      <br \/>  Customer reviews:                                                                                            4.5               4.5 out of 5 stars                                  (26)                                              var dpAcrHasRegisteredArcLinkClickAction;                    P.when(&#8216;A&#8217;, &#8216;ready&#8217;).execute(function(A) {                        if (dpAcrHasRegisteredArcLinkClickAction !== true) {                            dpAcrHasRegisteredArcLinkClickAction = true;                            A.declarative(                                &#8216;acrLink-click-metrics&#8217;, &#8216;click&#8217;,                                { \u00aballowLinkDefault\u00bb: true },                                function (event) {                                    if (window.ue) {                                        ue.count(\u00abacrLinkClickCount\u00bb, (ue.count(\u00abacrLinkClickCount\u00bb) || 0) + 1);                                    }                                }                            );                        }                    });                                             P.when(&#8216;A&#8217;, &#8216;cf&#8217;).execute(function(A) {                A.declarative(&#8216;acrStarsLink-click-metrics&#8217;, &#8216;click&#8217;, { \u00aballowLinkDefault\u00bb : true },  function(event){                    if(window.ue) {                        ue.count(\u00abacrStarsLinkWithPopoverClickCount\u00bb, (ue.count(\u00abacrStarsLinkWithPopoverClickCount\u00bb) || 0) + 1);                    }                });            });                          <\/p>\n<p>4K MINI ACTION CAMERA, 150\u00b0 WIDE ANGLE LENS. This sports camera captures your most exciting adventures without using your hands. With a 150\u00b0 field of view, this POV camera captures everything in sight, so you don&#8217;t miss any detail<br \/>WIRELESS SPORTS CAMERA FOR INSTANT SHARING. Enjoy horizontal (16:9) and vertical (9:16) shooting modes, a mini action camera camcorder designed for TikTok and other social platforms. With built-in 2.4GHz Wi-Fi, it&#8217;s easy to share your exciting adventures by simply downloading the app to your iOS or Android device, connect the camera via WiFi and transfer your videos and photos to your phone in minutes. (Wi-Fi signal range up to 10 meters, this vlog camera does not support live streaming)<br \/>Longer battery life, large capacity. The mini cam is equipped with a 64GB memory card (up to 256GB maximum) and a 1000mAh rechargeable battery that allows recording for 3 hours. You&#8217;ll be able to record without worrying about storage or battery life<br \/>ULTRA COMPACT DESIGN WITH LCD DISPLAY. The mini sports camera is small but powerful, with dimensions of only 65.5mm x 32.5mm x 23.5mm and a 1.3-inch screen, allowing you to record vlogs naturally and comfortably wherever you go. Review, manage or delete recordings directly on camera without the need for a computer<br \/>IP65 WATERPROOF DESIGN AND DURABLE, IDEAL FOR ANY WEATHER. The body camera is extremely sturdy and durable, able to withstand the most adverse weather and working conditions<br \/>MULTIFUNCTION VIDEO CAMERA. This mini camcorder comes with multiple accessories. Whether exploring, biking, hiking or recording vlogs, this helmet camera ensures you will never miss a moment without the hassle of holding or adjusting bulky gear. Perfect for landscapes, group photos or immersive travel vlogs<br \/>IMPORTANT USE TIPS This bike camera connects to your phone using its built-in WiFi, not your home WiFi network. For the best experience, please use the Viidure app at a distance of about 10 meters from the camera. Please note that live video previews in the app are shown in lower quality for smoother streaming; full-resolution videos can be exported through the app or by connecting the camera to a computer. A detailed user manual is included, so be sure to read it carefully before using it<\/p>\n\n","protected":false},"excerpt":{"rendered":"<p> Product Description 1 C\u00e1mara de Acci\u00f3n WiFi 2 C\u00e1mara POV 3 Gran Angular 4 Bater\u00eda<\/p>","protected":false},"featured_media":32046,"comment_status":"open","ping_status":"closed","template":"","meta":[],"product_brand":[],"product_cat":[96],"product_tag":[568,2681,2360,1858,8433,2667,3495,681,1859,1861,1854,1855,5552,215,1856,448,1863,1860,842,3969,1862,1857,4504,543],"class_list":{"0":"post-32045","1":"product","2":"type-product","3":"status-publish","4":"has-post-thumbnail","6":"product_cat-photo-video","7":"product_tag-64gb","8":"product_tag-accessories","9":"product_tag-action","10":"product_tag-action-cameras","11":"product_tag-bike","12":"product_tag-body","13":"product_tag-camcorder","14":"product_tag-camera","15":"product_tag-camera-accessories","16":"product_tag-camera-lenses","17":"product_tag-digital-cameras","18":"product_tag-dslr-cameras","19":"product_tag-helmet","20":"product_tag-mini","21":"product_tag-mirrorless-cameras","22":"product_tag-moto","23":"product_tag-photo-equipment","24":"product_tag-professional-camera","25":"product_tag-screen","26":"product_tag-sports","27":"product_tag-tripods","28":"product_tag-video-cameras","29":"product_tag-vlogs","30":"product_tag-wifi","32":"first","33":"instock","34":"shipping-taxable","35":"product-type-external"},"_links":{"self":[{"href":"https:\/\/comprasyconsejos.store\/en\/wp-json\/wp\/v2\/product\/32045","targetHints":{"allow":["GET"]}}],"collection":[{"href":"https:\/\/comprasyconsejos.store\/en\/wp-json\/wp\/v2\/product"}],"about":[{"href":"https:\/\/comprasyconsejos.store\/en\/wp-json\/wp\/v2\/types\/product"}],"replies":[{"embeddable":true,"href":"https:\/\/comprasyconsejos.store\/en\/wp-json\/wp\/v2\/comments?post=32045"}],"version-history":[{"count":0,"href":"https:\/\/comprasyconsejos.store\/en\/wp-json\/wp\/v2\/product\/32045\/revisions"}],"wp:featuredmedia":[{"embeddable":true,"href":"https:\/\/comprasyconsejos.store\/en\/wp-json\/wp\/v2\/media\/32046"}],"wp:attachment":[{"href":"https:\/\/comprasyconsejos.store\/en\/wp-json\/wp\/v2\/media?parent=32045"}],"wp:term":[{"taxonomy":"product_brand","embeddable":true,"href":"https:\/\/comprasyconsejos.store\/en\/wp-json\/wp\/v2\/product_brand?post=32045"},{"taxonomy":"product_cat","embeddable":true,"href":"https:\/\/comprasyconsejos.store\/en\/wp-json\/wp\/v2\/product_cat?post=32045"},{"taxonomy":"product_tag","embeddable":true,"href":"https:\/\/comprasyconsejos.store\/en\/wp-json\/wp\/v2\/product_tag?post=32045"}],"curies":[{"name":"wp","href":"https:\/\/api.w.org\/{rel}","templated":true}]}}