{"id":32058,"date":"2026-02-23T02:08:00","date_gmt":"2026-02-23T02:08:00","guid":{"rendered":"https:\/\/comprasyconsejos.store\/product\/doogee-n55-plus-mobile-phone-android-14-20gb-ram128gb-rom-1tb-expandable-smartphone-6-56-hd-90hz-octa-core-mobile-5150mah-battery-13mp-8mp-widevine-l1-otg-wifi-gps-face-id-2025\/"},"modified":"2026-02-23T02:08:11","modified_gmt":"2026-02-23T02:08:11","slug":"doogee-n55-plus-mobile-phone-android-14-20gb-ram128gb-rom-1tb-expandable-smartphone-6-56-hd-90hz-octa-core-mobile-5150mah-battery-13mp-8mp-widevine-l1-otg-wifi-gps-face-id-2025","status":"publish","type":"product","link":"https:\/\/comprasyconsejos.store\/en\/product\/doogee-n55-plus-mobile-phone-android-14-20gb-ram128gb-rom-1tb-expandable-smartphone-6-56-hd-90hz-octa-core-mobile-5150mah-battery-13mp-8mp-widevine-l1-otg-wifi-gps-face-id-2025\/","title":{"rendered":"DOOGEE N55 Plus Mobile Phone Android 14, 20GB RAM+128GB ROM 1TB Expandable, Smartphone 6.56 HD+ 90Hz, Octa Core Mobile 5150mAh Battery, 13MP +8MP, Widevine L1, OTG\/WiFi\/GPS\/Face ID-2025"},"content":{"rendered":"<p>Price: <span style=\"color:#b12704\"><del>\u20ac86.99<\/del> - \u20ac82.64<\/span><br \/><i><small>(as of Feb 23, 2026 02:08:00 UTC &#8211; <span class=\"wp_automatic_amazon_disclaimer\" title=\"Product prices and availability are accurate as of the date\/time indicated and are subject to change. Any price and availability information displayed on [relevant Amazon Site(s), as applicable] at the time of purchase will apply to the purchase of this product.\">Details<\/span>)<\/small><\/i><\/p>\n<p><a href=\"https:\/\/amazon.es\/dp\/B0DFMKX4QK?tag=man008-21\"><img decoding=\"async\" src=\"https:\/\/valvepress.s3.amazonaws.com\/imgs\/buy_now.png\"><\/a><br \/>\n<\/p>\n<p>                                             From the brand   <\/p>\n<p>                                              <img decoding=\"async\" alt=\"1\" src=\"https:\/\/images-na.ssl-images-amazon.com\/images\/G\/01\/x-locale\/common\/grey-pixel.gif\" class=\"a-lazy-loaded\" data-src=\"https:\/\/m.media-amazon.com\/images\/S\/aplus-media-library-service-media\/3305e445-11a6-4149-8204-59cb8b527a79.__CR0,0,1464,625_PT0_SX1464_V1___.jpg\"><img decoding=\"async\" alt=\"1\" src=\"https:\/\/m.media-amazon.com\/images\/S\/aplus-media-library-service-media\/3305e445-11a6-4149-8204-59cb8b527a79.__CR0,0,1464,625_PT0_SX1464_V1___.jpg\">  <\/p>\n<p>                                              <img decoding=\"async\" alt=\"\" src=\"https:\/\/images-na.ssl-images-amazon.com\/images\/G\/01\/x-locale\/common\/grey-pixel.gif\" class=\"a-lazy-loaded\" data-src=\"https:\/\/m.media-amazon.com\/images\/S\/aplus-media-library-service-media\/9bd8cc6d-8058-4bbc-8b53-d4e9c208fedf.__CR0,0,362,453_PT0_SX362_V1___.jpg\"><img decoding=\"async\" alt=\"\" src=\"https:\/\/m.media-amazon.com\/images\/S\/aplus-media-library-service-media\/9bd8cc6d-8058-4bbc-8b53-d4e9c208fedf.__CR0,0,362,453_PT0_SX362_V1___.jpg\">  <\/p>\n<h3> DOOGEE&#8211;OFFICIAL <\/h3>\n<p> La creencia de Doogee es crear un tel\u00e9fono m\u00f3vil que siempre sea impermeable, siempre duradero. <\/p>\n<h3> DOOGEE N55PLUS Android14 M\u00f3vil <\/h3>\n<p>                                              <img decoding=\"async\" alt=\"DOOGEE N55PLUS Android14 M\u00f3vil\" src=\"https:\/\/images-na.ssl-images-amazon.com\/images\/G\/01\/x-locale\/common\/grey-pixel.gif\" class=\"a-lazy-loaded\" data-src=\"https:\/\/m.media-amazon.com\/images\/S\/aplus-media-library-service-media\/96130f66-7e57-412b-8304-b24d087eeaca.__CR0,0,362,453_PT0_SX362_V1___.jpg\"><img decoding=\"async\" alt=\"DOOGEE N55PLUS Android14 M\u00f3vil\" src=\"https:\/\/m.media-amazon.com\/images\/S\/aplus-media-library-service-media\/96130f66-7e57-412b-8304-b24d087eeaca.__CR0,0,362,453_PT0_SX362_V1___.jpg\">  <\/p>\n<p>                                              <img decoding=\"async\" alt=\"telefono para mayores\" src=\"https:\/\/images-na.ssl-images-amazon.com\/images\/G\/01\/x-locale\/common\/grey-pixel.gif\" class=\"a-lazy-loaded\" data-src=\"https:\/\/m.media-amazon.com\/images\/S\/aplus-media-library-service-media\/f51efb6c-3283-4034-a04f-72fc3cef1e2b.__CR0,0,362,453_PT0_SX362_V1___.jpg\"><img decoding=\"async\" alt=\"telefono para mayores\" src=\"https:\/\/m.media-amazon.com\/images\/S\/aplus-media-library-service-media\/f51efb6c-3283-4034-a04f-72fc3cef1e2b.__CR0,0,362,453_PT0_SX362_V1___.jpg\">  <\/p>\n<p>                                              <img decoding=\"async\" alt=\"telefono para personas mayores\" src=\"https:\/\/images-na.ssl-images-amazon.com\/images\/G\/01\/x-locale\/common\/grey-pixel.gif\" class=\"a-lazy-loaded\" data-src=\"https:\/\/m.media-amazon.com\/images\/S\/aplus-media-library-service-media\/e0ffac9f-4834-4e9a-a1d5-2dbebd8f7c29.__CR0,0,362,453_PT0_SX362_V1___.jpg\"><img decoding=\"async\" alt=\"telefono para personas mayores\" src=\"https:\/\/m.media-amazon.com\/images\/S\/aplus-media-library-service-media\/e0ffac9f-4834-4e9a-a1d5-2dbebd8f7c29.__CR0,0,362,453_PT0_SX362_V1___.jpg\">  <\/p>\n<p>                                              <img decoding=\"async\" alt=\"movil android\" src=\"https:\/\/images-na.ssl-images-amazon.com\/images\/G\/01\/x-locale\/common\/grey-pixel.gif\" class=\"a-lazy-loaded\" data-src=\"https:\/\/m.media-amazon.com\/images\/S\/aplus-media-library-service-media\/aa4c5163-37c7-43b5-b158-0489d55dfd7f.__CR0,0,362,453_PT0_SX362_V1___.jpg\"><img decoding=\"async\" alt=\"movil android\" src=\"https:\/\/m.media-amazon.com\/images\/S\/aplus-media-library-service-media\/aa4c5163-37c7-43b5-b158-0489d55dfd7f.__CR0,0,362,453_PT0_SX362_V1___.jpg\">  <\/p>\n<p>                                              <img decoding=\"async\" alt=\"1\" src=\"https:\/\/images-na.ssl-images-amazon.com\/images\/G\/01\/x-locale\/common\/grey-pixel.gif\" class=\"a-lazy-loaded\" data-src=\"https:\/\/m.media-amazon.com\/images\/S\/aplus-media-library-service-media\/67f24eb0-1589-4994-80b1-8b01b247572c.__CR0,0,362,453_PT0_SX362_V1___.jpg\"><img decoding=\"async\" alt=\"1\" src=\"https:\/\/m.media-amazon.com\/images\/S\/aplus-media-library-service-media\/67f24eb0-1589-4994-80b1-8b01b247572c.__CR0,0,362,453_PT0_SX362_V1___.jpg\">  <\/p>\n<p>                                                         Nuestro comienzo?                                       <\/p>\n<p> DOOGEE se fund\u00f3 en marzo de 2013, la creencia de DOOGEE es crear un tel\u00e9fono m\u00f3vil que sea resistente al agua para siempre y que nunca se da\u00f1e. <\/p>\n<p>                                                         \u00bfPor qu\u00e9 usar Doogee                                       <\/p>\n<p> Para ofrecer la experiencia perfecta a cada usuario, nos dedicamos a defender \u00abCALIDAD, EXPERIENCIA\u00bb. <\/p>\n<p>                                                         \u00bfQu\u00e9 podemos proporcionar                                       <\/p>\n<p> Para ofrecer la experiencia perfecta a cada usuario, especialmente en la calidad, todos los productos de DOOGEE deben pasar por el proceso de pruebas de alto nivel e inspecci\u00f3n de calidad de alta tecnolog\u00eda. <\/p>\n<p>                                              <img decoding=\"async\" alt=\"1\" src=\"https:\/\/images-na.ssl-images-amazon.com\/images\/G\/01\/x-locale\/common\/grey-pixel.gif\" class=\"a-lazy-loaded\" data-src=\"https:\/\/m.media-amazon.com\/images\/S\/aplus-media-library-service-media\/45c73b06-afc7-4990-bccf-ec688d78b0a4.__CR0,0,362,453_PT0_SX362_V1___.jpg\"><img decoding=\"async\" alt=\"1\" src=\"https:\/\/m.media-amazon.com\/images\/S\/aplus-media-library-service-media\/45c73b06-afc7-4990-bccf-ec688d78b0a4.__CR0,0,362,453_PT0_SX362_V1___.jpg\">  <\/p>\n<p>                                              <img decoding=\"async\" alt=\"1\" src=\"https:\/\/images-na.ssl-images-amazon.com\/images\/G\/01\/x-locale\/common\/grey-pixel.gif\" class=\"a-lazy-loaded\" data-src=\"https:\/\/m.media-amazon.com\/images\/S\/aplus-media-library-service-media\/a665ff86-10a3-472a-9504-c537ce8d8b9d.__CR0,0,362,453_PT0_SX362_V1___.jpg\"><img decoding=\"async\" alt=\"1\" src=\"https:\/\/m.media-amazon.com\/images\/S\/aplus-media-library-service-media\/a665ff86-10a3-472a-9504-c537ce8d8b9d.__CR0,0,362,453_PT0_SX362_V1___.jpg\">  <\/p>\n<p>                                              <img decoding=\"async\" alt=\"\" src=\"https:\/\/images-na.ssl-images-amazon.com\/images\/G\/01\/x-locale\/common\/grey-pixel.gif\" class=\"a-lazy-loaded\" data-src=\"https:\/\/m.media-amazon.com\/images\/S\/aplus-media-library-service-media\/c7475edd-1858-4eca-8ade-a67226db6f6d.__CR0,0,362,453_PT0_SX362_V1___.jpg\"><img decoding=\"async\" alt=\"\" src=\"https:\/\/m.media-amazon.com\/images\/S\/aplus-media-library-service-media\/c7475edd-1858-4eca-8ade-a67226db6f6d.__CR0,0,362,453_PT0_SX362_V1___.jpg\">  <\/p>\n<h3> DOOGEE&#8211;OFFICIAL <\/h3>\n<p>                                              <img decoding=\"async\" alt=\"1\" src=\"https:\/\/images-na.ssl-images-amazon.com\/images\/G\/01\/x-locale\/common\/grey-pixel.gif\" class=\"a-lazy-loaded\" data-src=\"https:\/\/m.media-amazon.com\/images\/S\/aplus-media-library-service-media\/2b0f595a-3c87-444a-bac3-90baf1d3702b.__CR0,0,362,453_PT0_SX362_V1___.jpg\"><img decoding=\"async\" alt=\"1\" src=\"https:\/\/m.media-amazon.com\/images\/S\/aplus-media-library-service-media\/2b0f595a-3c87-444a-bac3-90baf1d3702b.__CR0,0,362,453_PT0_SX362_V1___.jpg\">  <\/p>\n<p> Batteries                                            \u200f                                            :                                            \u200e                                            1 C batteries required. (included)   <br \/> Product Dimensions                                            \u200f                                            :                                            \u200e                                            16.38 x 7.58 x 0.86 cm; 186 g   <br \/> Manufacturer                                            \u200f                                            :                                            \u200e                                            DOOGEE   <br \/> ASIN                                            \u200f                                            :                                            \u200e                                            B0DFMKX4QK   <br \/> Item model number                                            \u200f                                            :                                            \u200e                                            N55 Plus   <br \/> Country\/Region of Origin                                            \u200f                                            :                                            \u200e                                            China   <br \/> Guaranteed software updates until                                            \u200f                                            :                                            \u200e                                            unknown   <br \/>  Customer reviews:                                                                                            3.2               3.2 out of 5 stars                                  (19)                                              var dpAcrHasRegisteredArcLinkClickAction;                    P.when(&#8216;A&#8217;, &#8216;ready&#8217;).execute(function(A) {                        if (dpAcrHasRegisteredArcLinkClickAction !== true) {                            dpAcrHasRegisteredArcLinkClickAction = true;                            A.declarative(                                &#8216;acrLink-click-metrics&#8217;, &#8216;click&#8217;,                                { \u00aballowLinkDefault\u00bb: true },                                function (event) {                                    if (window.ue) {                                        ue.count(\u00abacrLinkClickCount\u00bb, (ue.count(\u00abacrLinkClickCount\u00bb) || 0) + 1);                                    }                                }                            );                        }                    });                                             P.when(&#8216;A&#8217;, &#8216;cf&#8217;).execute(function(A) {                A.declarative(&#8216;acrStarsLink-click-metrics&#8217;, &#8216;click&#8217;, { \u00aballowLinkDefault\u00bb : true },  function(event){                    if(window.ue) {                        ue.count(\u00abacrStarsLinkWithPopoverClickCount\u00bb, (ue.count(\u00abacrStarsLinkWithPopoverClickCount\u00bb) || 0) + 1);                    }                });            });                          <\/p>\n<p>The DOOGEE N55 Plus, a cheap and good phone, features 20GB (8GB fixed memory + 12GB expandable virtual memory) that redefines the concept of multitasking: load games, run multiple applications and switch between activities seamlessly. This mobile phone has 128GB ROM, expandable up to 1TB, ideal for storing favorite videos, pictures or files. It is an excellent choice among cheap mobile phones.<br \/>\u3010 The DOOGEE N55 Plus, a smartphone among cheap phones, has a 6.56-inch screen and a ratio of 90%, maximizing the viewing area. This mobile phone features a refresh rate of up to 90Hz to enhance the visual experience. In addition, it is equipped with anti-fingerprint technology with vacuum coating to ensure the cleanliness of the screen.<br \/>\u3010 Usable \u3011 Equipped with Android 14 system, which ensures smooth and efficient operation of applications on this phone. It not only offers customization options, but also meets privacy needs. This mobile has an octa-core chip that balances performance and energy consumption to meet all the needs of gaming, productivity and multimedia, making it one of the most competitive free mobile phones.<br \/>The DOOGEE N55 Plus has a 13MP main camera that offers extraordinary photographs and an 8MP front camera that allows you to capture all the details. Mobile offers also supports Widevine L1 to ensure the display of premium content in HD streaming. The face unlock function ensures safe and uninterrupted access, making this mobile phone an ideal choice for those looking for a cheap and good phone.<br \/>\u3010 The DOOGEE N55 Plus features a 5150mAh battery that offers powerful functions and an exceptional duration for a day of simple use. This smartphone supports Widevine L1 for high security and video quality. In addition, it supports OTG (On-The-Go) functionality. This mobile phone allows two SIM cards or a combination of a SIM card and a TF card, making it one of the most practical cheap free mobile phones.<br \/>\u3010 The DOOGEE N55 Plus has a sleek and sophisticated design, with a slim body of only 8.6 mm and an ultra-light weight of 186 grams. This mobile is backed by the four main positioning systems: GPS, Glonass, Galileo and Beidou, to ensure accurate positioning. It is an ideal smartphone for those looking for a cheap and quality mobile phone, combining style and advanced technology.<\/p>\n\n","protected":false},"excerpt":{"rendered":"<p> From the brand DOOGEE&#8211;OFFICIAL La creencia de Doogee es crear un tel\u00e9fono m\u00f3vil que siempre<\/p>","protected":false},"featured_media":32059,"comment_status":"open","ping_status":"closed","template":"","meta":[],"product_brand":[],"product_cat":[100],"product_tag":[834,602,2423,5823,1890,974,833,391,1891,292,1896,1893,698,6113,1248,9214,1892,1889,1275,1888,9212,6118,9213,230,2424,913,1897,1894,1895,1588,916],"class_list":{"0":"post-32058","1":"product","2":"type-product","3":"status-publish","4":"has-post-thumbnail","6":"product_cat-smartphones","7":"product_tag-13mp","8":"product_tag-1tb","9":"product_tag-20gb","10":"product_tag-5150mah","11":"product_tag-5g-smartphones","12":"product_tag-8mp","13":"product_tag-90hz","14":"product_tag-android","15":"product_tag-android-phones","16":"product_tag-battery","17":"product_tag-best-smartphones","18":"product_tag-budget-smartphones","19":"product_tag-core","20":"product_tag-doogee","21":"product_tag-expandable","22":"product_tag-id2025","23":"product_tag-iphone-smartphones","24":"product_tag-latest-smartphones","25":"product_tag-mobile","26":"product_tag-mobile-phones","27":"product_tag-n55","28":"product_tag-octa","29":"product_tag-otgwifigpsface","30":"product_tag-phone","31":"product_tag-ram128gb","32":"product_tag-rom","33":"product_tag-smartphone","34":"product_tag-smartphone-deals","35":"product_tag-smartphone-price","36":"product_tag-smartphones","37":"product_tag-widevine","39":"first","40":"instock","41":"sale","42":"shipping-taxable","43":"product-type-external"},"_links":{"self":[{"href":"https:\/\/comprasyconsejos.store\/en\/wp-json\/wp\/v2\/product\/32058","targetHints":{"allow":["GET"]}}],"collection":[{"href":"https:\/\/comprasyconsejos.store\/en\/wp-json\/wp\/v2\/product"}],"about":[{"href":"https:\/\/comprasyconsejos.store\/en\/wp-json\/wp\/v2\/types\/product"}],"replies":[{"embeddable":true,"href":"https:\/\/comprasyconsejos.store\/en\/wp-json\/wp\/v2\/comments?post=32058"}],"version-history":[{"count":0,"href":"https:\/\/comprasyconsejos.store\/en\/wp-json\/wp\/v2\/product\/32058\/revisions"}],"wp:featuredmedia":[{"embeddable":true,"href":"https:\/\/comprasyconsejos.store\/en\/wp-json\/wp\/v2\/media\/32059"}],"wp:attachment":[{"href":"https:\/\/comprasyconsejos.store\/en\/wp-json\/wp\/v2\/media?parent=32058"}],"wp:term":[{"taxonomy":"product_brand","embeddable":true,"href":"https:\/\/comprasyconsejos.store\/en\/wp-json\/wp\/v2\/product_brand?post=32058"},{"taxonomy":"product_cat","embeddable":true,"href":"https:\/\/comprasyconsejos.store\/en\/wp-json\/wp\/v2\/product_cat?post=32058"},{"taxonomy":"product_tag","embeddable":true,"href":"https:\/\/comprasyconsejos.store\/en\/wp-json\/wp\/v2\/product_tag?post=32058"}],"curies":[{"name":"wp","href":"https:\/\/api.w.org\/{rel}","templated":true}]}}