{"id":32069,"date":"2026-02-23T02:13:19","date_gmt":"2026-02-23T02:13:19","guid":{"rendered":"https:\/\/comprasyconsejos.store\/product\/seagate-exos-x16-6-tb-enterprise-class-internal-hard-drive-sas-hdd-3-5-data-center-st6000nm0095\/"},"modified":"2026-02-23T02:13:23","modified_gmt":"2026-02-23T02:13:23","slug":"seagate-exos-x16-6-tb-enterprise-class-internal-hard-drive-sas-hdd-3-5-data-center-st6000nm0095","status":"publish","type":"product","link":"https:\/\/comprasyconsejos.store\/en\/product\/seagate-exos-x16-6-tb-enterprise-class-internal-hard-drive-sas-hdd-3-5-data-center-st6000nm0095\/","title":{"rendered":"Seagate Exos X16, 6 TB, Enterprise Class Internal Hard Drive, SAS HDD, 3.5&#8243;, Data Center (ST6000NM0095)"},"content":{"rendered":"<p>Price: <span style=\"color:#b12704\">\u20ac169.00<\/span><br \/><i><small>(as of Feb 23, 2026 02:13:19 UTC &#8211; <span class=\"wp_automatic_amazon_disclaimer\" title=\"Product prices and availability are accurate as of the date\/time indicated and are subject to change. Any price and availability information displayed on [relevant Amazon Site(s), as applicable] at the time of purchase will apply to the purchase of this product.\">Details<\/span>)<\/small><\/i><\/p>\n<p><a href=\"https:\/\/amazon.es\/dp\/B01CG0DBXE?tag=man008-21\"><img decoding=\"async\" src=\"https:\/\/valvepress.s3.amazonaws.com\/imgs\/buy_now.png\"><\/a><br \/>\n<\/p>\n<p>                                             From the manufacturer   <\/p>\n<p>                                                  <img decoding=\"async\" alt=\"De confianza. Eficiente. Vers\u00e1til. \" src=\"https:\/\/images-na.ssl-images-amazon.com\/images\/G\/01\/x-locale\/common\/grey-pixel.gif\" class=\"a-lazy-loaded\" data-src=\"https:\/\/m.media-amazon.com\/images\/S\/aplus-media\/vc\/5938a756-1f0f-4317-bb36-12fdf1fbc717.__CR0,0,970,300_PT0_SX970_V1___.png\"><img decoding=\"async\" alt=\"De confianza. Eficiente. Vers\u00e1til. \" src=\"https:\/\/m.media-amazon.com\/images\/S\/aplus-media\/vc\/5938a756-1f0f-4317-bb36-12fdf1fbc717.__CR0,0,970,300_PT0_SX970_V1___.png\">  <\/p>\n<h3> De confianza. Eficiente. Vers\u00e1til.  <\/h3>\n<p> Las unidades Exos E admiten cargas de trabajo de hasta 550 TB al a\u00f1o: 10 veces la de las unidades de sobremesa. Con un \u00edndice de MTBF de 2 millones de horas y el respaldo de 40 a\u00f1os de innovaci\u00f3n en unidades de disco duro, las unidades Exos E ofrecen un rendimiento, una fiabilidad, una seguridad y una flexibilidad altos. Saque el m\u00e1ximo partido al almacenamiento JBOD y a los servidores NAS empresariales. <\/p>\n<h3 class=\"a-spacing-small\"> \u00bfPor qu\u00e9 elegir Exos E? <\/h3>\n<p class=\"apm-text-center\">\n                                                      <img decoding=\"async\" alt=\"Confiable\" src=\"https:\/\/images-na.ssl-images-amazon.com\/images\/G\/01\/x-locale\/common\/grey-pixel.gif\" class=\"a-spacing-mini a-lazy-loaded\" data-src=\"https:\/\/m.media-amazon.com\/images\/S\/aplus-media\/vc\/aae81289-6b1d-486b-ac6c-a803b83a3a78.__CR0,0,300,300_PT0_SX300_V1___.png\"><img decoding=\"async\" alt=\"Confiable\" src=\"https:\/\/m.media-amazon.com\/images\/S\/aplus-media\/vc\/aae81289-6b1d-486b-ac6c-a803b83a3a78.__CR0,0,300,300_PT0_SX300_V1___.png\">  <\/p>\n<p>                                                    Confiable                                       <\/p>\n<p> Con un \u00edndice de carga de trabajo de 550 TB al a\u00f1o, las unidades Exos E son una fuerza motriz dise\u00f1ada para los entornos de almacenamiento m\u00e1s exigentes. <\/p>\n<p class=\"apm-text-center\">\n                                                      <img decoding=\"async\" alt=\"Eficiente\" src=\"https:\/\/images-na.ssl-images-amazon.com\/images\/G\/01\/x-locale\/common\/grey-pixel.gif\" class=\"a-spacing-mini a-lazy-loaded\" data-src=\"https:\/\/m.media-amazon.com\/images\/S\/aplus-media\/vc\/47c328f8-58d1-4a2c-9181-17d9d2ad0d7b.__CR0,0,300,300_PT0_SX300_V1___.png\"><img decoding=\"async\" alt=\"Eficiente\" src=\"https:\/\/m.media-amazon.com\/images\/S\/aplus-media\/vc\/47c328f8-58d1-4a2c-9181-17d9d2ad0d7b.__CR0,0,300,300_PT0_SX300_V1___.png\">  <\/p>\n<p>                                                    Eficiente                                       <\/p>\n<p> Las funciones PowerChoice bajo demanda y la mejor tolerancia a la vibraci\u00f3n giratoria de su clase ayuda a mejorar la eficiencia de la unidad y mantiene los costes en un nivel bajo. <\/p>\n<p class=\"apm-text-center\">\n                                                      <img decoding=\"async\" alt=\"Vers\u00e1til\" src=\"https:\/\/images-na.ssl-images-amazon.com\/images\/G\/01\/x-locale\/common\/grey-pixel.gif\" class=\"a-spacing-mini a-lazy-loaded\" data-src=\"https:\/\/m.media-amazon.com\/images\/S\/aplus-media\/vc\/44f99d9b-0643-4254-86a3-dc3b1008158d.__CR0,0,300,300_PT0_SX300_V1___.png\"><img decoding=\"async\" alt=\"Vers\u00e1til\" src=\"https:\/\/m.media-amazon.com\/images\/S\/aplus-media\/vc\/44f99d9b-0643-4254-86a3-dc3b1008158d.__CR0,0,300,300_PT0_SX300_V1___.png\">  <\/p>\n<p>                                                    Vers\u00e1til                                       <\/p>\n<p> Las unidades Exos E son compatibles con los sistemas 512N heredados y est\u00e1n dise\u00f1adas para admitir una gran cantidad de aplicaciones. <\/p>\n<p>                                                  <img decoding=\"async\" alt=\"Rendimiento mejorado \" src=\"https:\/\/images-na.ssl-images-amazon.com\/images\/G\/01\/x-locale\/common\/grey-pixel.gif\" class=\"a-lazy-loaded\" data-src=\"https:\/\/m.media-amazon.com\/images\/S\/aplus-media\/vc\/550213ad-113f-4854-9f30-b6a82ad44f97.__CR0,0,970,300_PT0_SX970_V1___.jpg\"><img decoding=\"async\" alt=\"Rendimiento mejorado \" src=\"https:\/\/m.media-amazon.com\/images\/S\/aplus-media\/vc\/550213ad-113f-4854-9f30-b6a82ad44f97.__CR0,0,970,300_PT0_SX970_V1___.jpg\">  <\/p>\n<h3> Rendimiento mejorado  <\/h3>\n<p> Advanced Write Caching junto con TurboBoost impulsa el rendimiento y limita el riesgo de perder datos debido a una p\u00e9rdida de corriente inesperada. <\/p>\n<p>                         Add To Basket  <\/p>\n<p>                         Add To Basket  <\/p>\n<p>                             Customer Reviews  <\/p>\n<p>                    4.0 out of 5 stars  1,311  <\/p>\n<p>                    4.0 out of 5 stars  1,311  <\/p>\n<p>                    3.7 out of 5 stars  37  <\/p>\n<p>                             Price  <\/p>\n<p>                                    \u20ac167.81\u20ac167.81<br \/>\n                                            \u2014 no data<br \/>\n                                                       \u20ac449.95\u20ac449.95                 <\/p>\n<p>                             Capacidad<br \/>\n                                1,2 TB               4, 6, 8 TB               10,12, 16 TB                 <\/p>\n<p>                             Velocidad de transmisi\u00f3n de datos secuencial<br \/>\n                                194 MB\/s               249 MB\/s               261 MB\/s                 <\/p>\n<p>                             Tiempo medio entre fallos<br \/>\n                                2 millones de horas               2 millones de horas               2,5 millones de horas                 <\/p>\n<p>                             Carga de trabajo<br \/>\n                                500 TB\/a\u00f1o               550 TB\/a\u00f1o               550 TB\/a\u00f1o                 <\/p>\n<p> Is discontinued by manufacturer                                            \u200f                                            :                                            \u200e                                            No   <br \/> Product Dimensions                                            \u200f                                            :                                            \u200e                                            2.61 x 10.18 x 14.7 cm; 670 g   <br \/> Manufacturer                                            \u200f                                            :                                            \u200e                                            Seagate   <br \/> ASIN                                            \u200f                                            :                                            \u200e                                            B01CG0DBXE   <br \/> Item model number                                            \u200f                                            :                                            \u200e                                            ST6000NM0095   <br \/> Guaranteed software updates until                                            \u200f                                            :                                            \u200e                                            unknown   <br \/>  Customer reviews:                                                                                            3.8               3.8 out of 5 stars                                  (733)                                              var dpAcrHasRegisteredArcLinkClickAction;                    P.when(&#8216;A&#8217;, &#8216;ready&#8217;).execute(function(A) {                        if (dpAcrHasRegisteredArcLinkClickAction !== true) {                            dpAcrHasRegisteredArcLinkClickAction = true;                            A.declarative(                                &#8216;acrLink-click-metrics&#8217;, &#8216;click&#8217;,                                { \u00aballowLinkDefault\u00bb: true },                                function (event) {                                    if (window.ue) {                                        ue.count(\u00abacrLinkClickCount\u00bb, (ue.count(\u00abacrLinkClickCount\u00bb) || 0) + 1);                                    }                                }                            );                        }                    });                                             P.when(&#8216;A&#8217;, &#8216;cf&#8217;).execute(function(A) {                A.declarative(&#8216;acrStarsLink-click-metrics&#8217;, &#8216;click&#8217;, { \u00aballowLinkDefault\u00bb : true },  function(event){                    if(window.ue) {                        ue.count(\u00abacrStarsLinkWithPopoverClickCount\u00bb, (ue.count(\u00abacrStarsLinkWithPopoverClickCount\u00bb) || 0) + 1);                    }                });            });                          <\/p>\n<p>Manage intensive applications continuously and with high performance<br \/>Reduce total cost of ownership with customizable power options<br \/>Supports data analysis and other dense architectures for maximum shelf efficiency.<br \/>Advanced Write Caching and TurboBoost deliver good performance and limit the risk of data loss due to an unexpected power drop<br \/>Enjoy long-term peace of mind with the protection plane<\/p>\n\n","protected":false},"excerpt":{"rendered":"<p> From the manufacturer De confianza. Eficiente. Vers\u00e1til. Las unidades Exos E admiten cargas de trabajo<\/p>","protected":false},"featured_media":32070,"comment_status":"open","ping_status":"closed","template":"","meta":[],"product_brand":[],"product_cat":[76],"product_tag":[1515,1516,2930,5166,199,1519,795,3428,6615,1517,794,1514,1513,1522,1120,1518,1520,9215,1636,9216,1521,4664],"class_list":{"0":"post-32069","1":"product","2":"type-product","3":"status-publish","4":"has-post-thumbnail","6":"product_cat-hdd-drive","7":"product_tag-1tb-hard-drive","8":"product_tag-2tb-hdd","9":"product_tag-center","10":"product_tag-class","11":"product_tag-data","12":"product_tag-desktop-hdd","13":"product_tag-drive","14":"product_tag-enterprise","15":"product_tag-exos","16":"product_tag-external-hard-drive","17":"product_tag-hard","18":"product_tag-hard-drive","19":"product_tag-hdd","20":"product_tag-hdd-price","21":"product_tag-internal","22":"product_tag-internal-hard-drive","23":"product_tag-laptop-hdd","24":"product_tag-sas","25":"product_tag-seagate","26":"product_tag-st6000nm0095","27":"product_tag-storage-hard-drive","28":"product_tag-x16","30":"first","31":"instock","32":"shipping-taxable","33":"product-type-external"},"_links":{"self":[{"href":"https:\/\/comprasyconsejos.store\/en\/wp-json\/wp\/v2\/product\/32069","targetHints":{"allow":["GET"]}}],"collection":[{"href":"https:\/\/comprasyconsejos.store\/en\/wp-json\/wp\/v2\/product"}],"about":[{"href":"https:\/\/comprasyconsejos.store\/en\/wp-json\/wp\/v2\/types\/product"}],"replies":[{"embeddable":true,"href":"https:\/\/comprasyconsejos.store\/en\/wp-json\/wp\/v2\/comments?post=32069"}],"version-history":[{"count":0,"href":"https:\/\/comprasyconsejos.store\/en\/wp-json\/wp\/v2\/product\/32069\/revisions"}],"wp:featuredmedia":[{"embeddable":true,"href":"https:\/\/comprasyconsejos.store\/en\/wp-json\/wp\/v2\/media\/32070"}],"wp:attachment":[{"href":"https:\/\/comprasyconsejos.store\/en\/wp-json\/wp\/v2\/media?parent=32069"}],"wp:term":[{"taxonomy":"product_brand","embeddable":true,"href":"https:\/\/comprasyconsejos.store\/en\/wp-json\/wp\/v2\/product_brand?post=32069"},{"taxonomy":"product_cat","embeddable":true,"href":"https:\/\/comprasyconsejos.store\/en\/wp-json\/wp\/v2\/product_cat?post=32069"},{"taxonomy":"product_tag","embeddable":true,"href":"https:\/\/comprasyconsejos.store\/en\/wp-json\/wp\/v2\/product_tag?post=32069"}],"curies":[{"name":"wp","href":"https:\/\/api.w.org\/{rel}","templated":true}]}}