{"id":32089,"date":"2026-02-23T02:22:50","date_gmt":"2026-02-23T02:22:50","guid":{"rendered":"https:\/\/comprasyconsejos.store\/product\/jazer-ram-ddr4-16gb-2666mhz-desktop-computer-memory-module\/"},"modified":"2026-02-23T02:23:00","modified_gmt":"2026-02-23T02:23:00","slug":"jazer-ram-ddr4-16gb-2666mhz-desktop-computer-memory-module","status":"publish","type":"product","link":"https:\/\/comprasyconsejos.store\/en\/product\/jazer-ram-ddr4-16gb-2666mhz-desktop-computer-memory-module\/","title":{"rendered":"JAZER RAM DDR4 16GB 2666MHz Desktop Computer Memory Module"},"content":{"rendered":"<p>Price: <span style=\"color:#b12704\">\u20ac129.00<\/span><br \/><i><small>(as of Feb 23, 2026 02:22:50 UTC &#8211; <span class=\"wp_automatic_amazon_disclaimer\" title=\"Product prices and availability are accurate as of the date\/time indicated and are subject to change. Any price and availability information displayed on [relevant Amazon Site(s), as applicable] at the time of purchase will apply to the purchase of this product.\">Details<\/span>)<\/small><\/i><\/p>\n<p><a href=\"https:\/\/amazon.es\/dp\/B0G34G1495?tag=man008-21\"><img decoding=\"async\" src=\"https:\/\/valvepress.s3.amazonaws.com\/imgs\/buy_now.png\"><\/a><br \/>\n<\/p>\n<p>                                             Product Description   <\/p>\n<p>                                                                                                       <img decoding=\"async\" alt=\"aplus content image\" src=\"https:\/\/images-na.ssl-images-amazon.com\/images\/G\/01\/x-locale\/common\/grey-pixel.gif\" class=\"a-lazy-loaded\" data-src=\"https:\/\/m.media-amazon.com\/images\/S\/aplus-media-library-service-media\/227eaaef-2313-455d-9df4-324041c8dc97.__CR0,0,1464,600_PT0_SX1464_V1___.jpg\"><img decoding=\"async\" alt=\"aplus content image\" src=\"https:\/\/m.media-amazon.com\/images\/S\/aplus-media-library-service-media\/227eaaef-2313-455d-9df4-324041c8dc97.__CR0,0,1464,600_PT0_SX1464_V1___.jpg\">                                               <\/p>\n<p>                                                                                                       <img decoding=\"async\" alt=\"aplus content image\" src=\"https:\/\/images-na.ssl-images-amazon.com\/images\/G\/01\/x-locale\/common\/grey-pixel.gif\" class=\"a-lazy-loaded\" data-src=\"https:\/\/m.media-amazon.com\/images\/S\/aplus-media-library-service-media\/124d2dda-cdaa-43bd-9aaf-28107bd2fa19.__CR0,0,1464,600_PT0_SX1464_V1___.jpg\"><img decoding=\"async\" alt=\"aplus content image\" src=\"https:\/\/m.media-amazon.com\/images\/S\/aplus-media-library-service-media\/124d2dda-cdaa-43bd-9aaf-28107bd2fa19.__CR0,0,1464,600_PT0_SX1464_V1___.jpg\">                                               <\/p>\n<p>                                                                                                       <img decoding=\"async\" alt=\"El texto dice \u00abEspecificaciones del producto Serie Qinlong\u00bb y las especificaciones t\u00e9cnicas figuran como el modelo GU94, 16GB+1, 2K66, 2L19-19-19-43, 1,35 V, 1333x749. Logotipo de JAZER visible.\" src=\"https:\/\/images-na.ssl-images-amazon.com\/images\/G\/01\/x-locale\/common\/grey-pixel.gif\" class=\"a-lazy-loaded\" data-src=\"https:\/\/m.media-amazon.com\/images\/S\/aplus-media-library-service-media\/1b935b70-862b-4942-9390-b34719f59d03.__CR0,0,1464,600_PT0_SX1464_V1___.jpg\"><img decoding=\"async\" alt=\"El texto dice \u00abEspecificaciones del producto Serie Qinlong\u00bb y las especificaciones t\u00e9cnicas figuran como el modelo GU94, 16GB+1, 2K66, 2L19-19-19-43, 1,35 V, 1333x749. Logotipo de JAZER visible.\" src=\"https:\/\/m.media-amazon.com\/images\/S\/aplus-media-library-service-media\/1b935b70-862b-4942-9390-b34719f59d03.__CR0,0,1464,600_PT0_SX1464_V1___.jpg\">                                               <\/p>\n<p>                                                                                                       <img decoding=\"async\" alt=\"aplus content image\" src=\"https:\/\/images-na.ssl-images-amazon.com\/images\/G\/01\/x-locale\/common\/grey-pixel.gif\" class=\"a-lazy-loaded\" data-src=\"https:\/\/m.media-amazon.com\/images\/S\/aplus-media-library-service-media\/fe9a94f2-6176-4c5e-928e-101197137396.__CR0,0,1464,600_PT0_SX1464_V1___.jpg\"><img decoding=\"async\" alt=\"aplus content image\" src=\"https:\/\/m.media-amazon.com\/images\/S\/aplus-media-library-service-media\/fe9a94f2-6176-4c5e-928e-101197137396.__CR0,0,1464,600_PT0_SX1464_V1___.jpg\">                                               <\/p>\n<p>                                                                                                       <img decoding=\"async\" alt=\"aplus content image\" src=\"https:\/\/images-na.ssl-images-amazon.com\/images\/G\/01\/x-locale\/common\/grey-pixel.gif\" class=\"a-lazy-loaded\" data-src=\"https:\/\/m.media-amazon.com\/images\/S\/aplus-media-library-service-media\/5129cb79-5028-4706-b338-423926e68183.__CR0,0,1464,600_PT0_SX1464_V1___.jpg\"><img decoding=\"async\" alt=\"aplus content image\" src=\"https:\/\/m.media-amazon.com\/images\/S\/aplus-media-library-service-media\/5129cb79-5028-4706-b338-423926e68183.__CR0,0,1464,600_PT0_SX1464_V1___.jpg\">                                               <\/p>\n<p>                                                                                                       <img decoding=\"async\" alt=\"El texto dice \u00abRealiza m\u00faltiples\u00bb. Interfaz con tem\u00e1tica de videojuegos o pancarta promocional que muestra ilustraciones de personajes fant\u00e1sticos con espectaculares efectos de iluminaci\u00f3n.\" src=\"https:\/\/images-na.ssl-images-amazon.com\/images\/G\/01\/x-locale\/common\/grey-pixel.gif\" class=\"a-lazy-loaded\" data-src=\"https:\/\/m.media-amazon.com\/images\/S\/aplus-media-library-service-media\/c49a8085-b658-48d4-8373-3fea77bbde8c.__CR0,0,1464,600_PT0_SX1464_V1___.jpg\"><img decoding=\"async\" alt=\"El texto dice \u00abRealiza m\u00faltiples\u00bb. Interfaz con tem\u00e1tica de videojuegos o pancarta promocional que muestra ilustraciones de personajes fant\u00e1sticos con espectaculares efectos de iluminaci\u00f3n.\" src=\"https:\/\/m.media-amazon.com\/images\/S\/aplus-media-library-service-media\/c49a8085-b658-48d4-8373-3fea77bbde8c.__CR0,0,1464,600_PT0_SX1464_V1___.jpg\">                                               <\/p>\n<p>                                                                                                       <img decoding=\"async\" alt=\"El texto dice \u00abRendimiento y estabilidad excepcionales\u00bb. Imagen promocional oscura que muestra componentes mec\u00e1nicos o automotrices con una iluminaci\u00f3n espectacular.\" src=\"https:\/\/images-na.ssl-images-amazon.com\/images\/G\/01\/x-locale\/common\/grey-pixel.gif\" class=\"a-lazy-loaded\" data-src=\"https:\/\/m.media-amazon.com\/images\/S\/aplus-media-library-service-media\/da928ad5-9649-4fd6-a3c5-0de72a17eaac.__CR0,0,1464,600_PT0_SX1464_V1___.jpg\"><img decoding=\"async\" alt=\"El texto dice \u00abRendimiento y estabilidad excepcionales\u00bb. Imagen promocional oscura que muestra componentes mec\u00e1nicos o automotrices con una iluminaci\u00f3n espectacular.\" src=\"https:\/\/m.media-amazon.com\/images\/S\/aplus-media-library-service-media\/da928ad5-9649-4fd6-a3c5-0de72a17eaac.__CR0,0,1464,600_PT0_SX1464_V1___.jpg\">                                               <\/p>\n<p> Package Dimensions                                            \u200f                                            :                                            \u200e                                            15.4 x 8 x 1.6 cm; 90 g   <br \/> Manufacturer                                            \u200f                                            :                                            \u200e                                            JAZER   <br \/> ASIN                                            \u200f                                            :                                            \u200e                                            B0G34G1495   <br \/> Item model number                                            \u200f                                            :                                            \u200e                                            JAZER-DE-DDR4-16GB-2666-CL18   <br \/> Country\/Region of Origin                                            \u200f                                            :                                            \u200e                                            China   <br \/> Guaranteed software updates until                                            \u200f                                            :                                            \u200e                                            unknown   <br \/>  Customer reviews:                                                                                            4.4               4.4 out of 5 stars                                  (19)                                              var dpAcrHasRegisteredArcLinkClickAction;                    P.when(&#8216;A&#8217;, &#8216;ready&#8217;).execute(function(A) {                        if (dpAcrHasRegisteredArcLinkClickAction !== true) {                            dpAcrHasRegisteredArcLinkClickAction = true;                            A.declarative(                                &#8216;acrLink-click-metrics&#8217;, &#8216;click&#8217;,                                { \u00aballowLinkDefault\u00bb: true },                                function (event) {                                    if (window.ue) {                                        ue.count(\u00abacrLinkClickCount\u00bb, (ue.count(\u00abacrLinkClickCount\u00bb) || 0) + 1);                                    }                                }                            );                        }                    });                                             P.when(&#8216;A&#8217;, &#8216;cf&#8217;).execute(function(A) {                A.declarative(&#8216;acrStarsLink-click-metrics&#8217;, &#8216;click&#8217;, { \u00aballowLinkDefault\u00bb : true },  function(event){                    if(window.ue) {                        ue.count(\u00abacrStarsLinkWithPopoverClickCount\u00bb, (ue.count(\u00abacrStarsLinkWithPopoverClickCount\u00bb) || 0) + 1);                    }                });            });                          <\/p>\n<p>HIGH SPEED AND PERFORMANCE: This DDR4 16GB 2666MHz RAM offers a significant improvement in data transfer speed; ideal for demanding applications, smooth multitasking, and a faster, more responsive computing experience<br \/>LARGE 16GB CAPACITY: With 16GB DDR4 RAM, enjoy enough capacity for gaming, video editing and graphic design work; eliminates bottlenecks and allows multiple programs to run simultaneously without slowing downs<br \/>UNIVERSAL COMPATIBILITY: DDR4 16GB 2666 RAM module is designed for wide compatibility with motherboards that support DDR4; ensures simple installation and stable operation on a variety of computer systems<br \/>HEAT DISSIPPER CONSTRUCTION: Our DDR4 RAM includes an efficient heat sink that maintains optimal temperatures during heavy use; ensures greater product longevity and reliable performance even under prolonged load<br \/>JAZER QUALITY GUARANTEE: Each JAZER DDR4 16GB 2666MHz RAM module goes through rigorous quality control testing to ensure maximum stability and compatibility; delivers a reliable, high-performance upgrade for your PC<\/p>\n\n","protected":false},"excerpt":{"rendered":"<p> Product Description Package Dimensions \u200f : \u200e 15.4 x 8 x 1.6 cm; 90 g<\/p>","protected":false},"featured_media":32090,"comment_status":"open","ping_status":"closed","template":"","meta":[],"product_brand":[],"product_cat":[77],"product_tag":[509,1480,1543,1481,539,535,1478,1479,787,1484,1482,8344,1483,511,2387,587,1487,1486],"class_list":{"0":"post-32089","1":"product","2":"type-product","3":"status-publish","4":"has-post-thumbnail","6":"product_cat-memory-ram","7":"product_tag-16gb","8":"product_tag-16gb-ram","9":"product_tag-2666mhz","10":"product_tag-32gb-ram","11":"product_tag-computer","12":"product_tag-ddr4","13":"product_tag-ddr4-ram","14":"product_tag-ddr5-ram","15":"product_tag-desktop","16":"product_tag-desktop-ram","17":"product_tag-gaming-ram","18":"product_tag-jazer","19":"product_tag-laptop-ram","20":"product_tag-memory","21":"product_tag-module","22":"product_tag-ram","23":"product_tag-ram-price","24":"product_tag-rgb-ram","26":"first","27":"instock","28":"shipping-taxable","29":"product-type-external"},"_links":{"self":[{"href":"https:\/\/comprasyconsejos.store\/en\/wp-json\/wp\/v2\/product\/32089","targetHints":{"allow":["GET"]}}],"collection":[{"href":"https:\/\/comprasyconsejos.store\/en\/wp-json\/wp\/v2\/product"}],"about":[{"href":"https:\/\/comprasyconsejos.store\/en\/wp-json\/wp\/v2\/types\/product"}],"replies":[{"embeddable":true,"href":"https:\/\/comprasyconsejos.store\/en\/wp-json\/wp\/v2\/comments?post=32089"}],"version-history":[{"count":0,"href":"https:\/\/comprasyconsejos.store\/en\/wp-json\/wp\/v2\/product\/32089\/revisions"}],"wp:featuredmedia":[{"embeddable":true,"href":"https:\/\/comprasyconsejos.store\/en\/wp-json\/wp\/v2\/media\/32090"}],"wp:attachment":[{"href":"https:\/\/comprasyconsejos.store\/en\/wp-json\/wp\/v2\/media?parent=32089"}],"wp:term":[{"taxonomy":"product_brand","embeddable":true,"href":"https:\/\/comprasyconsejos.store\/en\/wp-json\/wp\/v2\/product_brand?post=32089"},{"taxonomy":"product_cat","embeddable":true,"href":"https:\/\/comprasyconsejos.store\/en\/wp-json\/wp\/v2\/product_cat?post=32089"},{"taxonomy":"product_tag","embeddable":true,"href":"https:\/\/comprasyconsejos.store\/en\/wp-json\/wp\/v2\/product_tag?post=32089"}],"curies":[{"name":"wp","href":"https:\/\/api.w.org\/{rel}","templated":true}]}}