{"id":32108,"date":"2026-02-23T02:33:28","date_gmt":"2026-02-23T02:33:28","guid":{"rendered":"https:\/\/comprasyconsejos.store\/product\/xppen-deco-pro-lw-gen2-bluetooth-digital-drawing-graphics-tablet-with-x3pro-16k-pressure-levels-drawing-tablet-with-wireless-express-keys-11x7\/"},"modified":"2026-02-23T02:33:30","modified_gmt":"2026-02-23T02:33:30","slug":"xppen-deco-pro-lw-gen2-bluetooth-digital-drawing-graphics-tablet-with-x3pro-16k-pressure-levels-drawing-tablet-with-wireless-express-keys-11x7","status":"publish","type":"product","link":"https:\/\/comprasyconsejos.store\/en\/product\/xppen-deco-pro-lw-gen2-bluetooth-digital-drawing-graphics-tablet-with-x3pro-16k-pressure-levels-drawing-tablet-with-wireless-express-keys-11x7\/","title":{"rendered":"XPPEN Deco Pro LW Gen2 Bluetooth Digital Drawing Graphics Tablet with X3Pro 16k Pressure Levels Drawing Tablet with Wireless Express Keys (11&#8243;x7&#8243;)"},"content":{"rendered":"<p>Price: <span style=\"color:#b12704\">\u20ac179.99<\/span><br \/><i><small>(as of Feb 23, 2026 02:33:28 UTC &#8211; <span class=\"wp_automatic_amazon_disclaimer\" title=\"Product prices and availability are accurate as of the date\/time indicated and are subject to change. Any price and availability information displayed on [relevant Amazon Site(s), as applicable] at the time of purchase will apply to the purchase of this product.\">Details<\/span>)<\/small><\/i><\/p>\n<p><a href=\"https:\/\/amazon.es\/dp\/B0CGHVNJQ9?tag=man008-21\"><img decoding=\"async\" src=\"https:\/\/valvepress.s3.amazonaws.com\/imgs\/buy_now.png\"><\/a><br \/>\n<\/p>\n<p>                                             From the brand   <\/p>\n<p>                                              <img decoding=\"async\" alt=\"\" src=\"https:\/\/images-na.ssl-images-amazon.com\/images\/G\/01\/x-locale\/common\/grey-pixel.gif\" class=\"a-lazy-loaded\" data-src=\"https:\/\/m.media-amazon.com\/images\/S\/aplus-media-library-service-media\/67406e69-faf0-4709-bc1c-0ec5524e647b.__CR0,0,1464,625_PT0_SX1464_V1___.png\"><img decoding=\"async\" alt=\"\" src=\"https:\/\/m.media-amazon.com\/images\/S\/aplus-media-library-service-media\/67406e69-faf0-4709-bc1c-0ec5524e647b.__CR0,0,1464,625_PT0_SX1464_V1___.png\">  <\/p>\n<h3> Dream \u00b7 Brave \u00b7 True <\/h3>\n<p>                                              <img decoding=\"async\" alt=\"con tecnolog\u00eda de chip X3 Pro con niveles de presi\u00f3n de 16 000, que se muestra con una colorida pantalla de texto gr\u00e1fico\" src=\"https:\/\/images-na.ssl-images-amazon.com\/images\/G\/01\/x-locale\/common\/grey-pixel.gif\" class=\"a-lazy-loaded\" data-src=\"https:\/\/m.media-amazon.com\/images\/S\/aplus-media-library-service-media\/54e7f3fc-4c42-4a28-9087-38444b7561a0.__CR0,0,362,453_PT0_SX362_V1___.jpg\"><img decoding=\"async\" alt=\"con tecnolog\u00eda de chip X3 Pro con niveles de presi\u00f3n de 16 000, que se muestra con una colorida pantalla de texto gr\u00e1fico\" src=\"https:\/\/m.media-amazon.com\/images\/S\/aplus-media-library-service-media\/54e7f3fc-4c42-4a28-9087-38444b7561a0.__CR0,0,362,453_PT0_SX362_V1___.jpg\">  <\/p>\n<p>                                              <img decoding=\"async\" alt=\"aplus content image\" src=\"https:\/\/images-na.ssl-images-amazon.com\/images\/G\/01\/x-locale\/common\/grey-pixel.gif\" class=\"a-lazy-loaded\" data-src=\"https:\/\/m.media-amazon.com\/images\/S\/aplus-media-library-service-media\/b2bcc63d-32dc-48bd-b2a4-88554f81afbe.__CR1,0,959,1200_PT0_SX362_V1___.jpg\"><img decoding=\"async\" alt=\"aplus content image\" src=\"https:\/\/m.media-amazon.com\/images\/S\/aplus-media-library-service-media\/b2bcc63d-32dc-48bd-b2a4-88554f81afbe.__CR1,0,959,1200_PT0_SX362_V1___.jpg\">  <\/p>\n<p>                                              <img decoding=\"async\" alt=\"con tres modos de color: claro, natural y tinta sobre papel. La pantalla muestra un mapa mental de recetas de pizza con coloridas ilustraciones y notas manuscritas\" src=\"https:\/\/images-na.ssl-images-amazon.com\/images\/G\/01\/x-locale\/common\/grey-pixel.gif\" class=\"a-lazy-loaded\" data-src=\"https:\/\/m.media-amazon.com\/images\/S\/aplus-media-library-service-media\/fb1ff568-4b61-406e-8673-a76c42887662.__CR0,0,362,453_PT0_SX362_V1___.jpg\"><img decoding=\"async\" alt=\"con tres modos de color: claro, natural y tinta sobre papel. La pantalla muestra un mapa mental de recetas de pizza con coloridas ilustraciones y notas manuscritas\" src=\"https:\/\/m.media-amazon.com\/images\/S\/aplus-media-library-service-media\/fb1ff568-4b61-406e-8673-a76c42887662.__CR0,0,362,453_PT0_SX362_V1___.jpg\">  <\/p>\n<p>                                              <img decoding=\"async\" alt=\"Magic Drawing Pad, una tableta de escritura electr\u00f3nica delgada con pantalla oscura. Se muestra junto a una funda similar a la piel\" src=\"https:\/\/images-na.ssl-images-amazon.com\/images\/G\/01\/x-locale\/common\/grey-pixel.gif\" class=\"a-lazy-loaded\" data-src=\"https:\/\/m.media-amazon.com\/images\/S\/aplus-media-library-service-media\/9c29a6c6-337c-483a-9f9b-8a541408596d.__CR0,0,362,453_PT0_SX362_V1___.jpg\"><img decoding=\"async\" alt=\"Magic Drawing Pad, una tableta de escritura electr\u00f3nica delgada con pantalla oscura. Se muestra junto a una funda similar a la piel\" src=\"https:\/\/m.media-amazon.com\/images\/S\/aplus-media-library-service-media\/9c29a6c6-337c-483a-9f9b-8a541408596d.__CR0,0,362,453_PT0_SX362_V1___.jpg\">  <\/p>\n<h3> 16K Niveles con X3 Pro Chip <\/h3>\n<p class=\"apm-brand-story-stores-link\">\n<h3> 16K Niveles con X3 Pro Chip <\/h3>\n<p class=\"apm-brand-story-stores-link\">\n<h3> XPPen Tabletas Gr\u00e1ficas &gt;&gt; <\/h3>\n<p class=\"apm-brand-story-stores-link\">\n<h3> XPPEN Tableta de dibujo <\/h3>\n<p class=\"apm-brand-story-stores-link\">\n<p>                                              <img decoding=\"async\" alt=\"\" src=\"https:\/\/images-na.ssl-images-amazon.com\/images\/G\/01\/x-locale\/common\/grey-pixel.gif\" class=\"a-lazy-loaded\" data-src=\"https:\/\/m.media-amazon.com\/images\/S\/aplus-media-library-service-media\/e0a01ce0-0aa6-40b0-8aec-62d965168d75.__CR0,0,315,145_PT0_SX315_V1___.jpg\"><img decoding=\"async\" alt=\"\" src=\"https:\/\/m.media-amazon.com\/images\/S\/aplus-media-library-service-media\/e0a01ce0-0aa6-40b0-8aec-62d965168d75.__CR0,0,315,145_PT0_SX315_V1___.jpg\">  <\/p>\n<p> \u2022 Estamos comprometidos a encender el fuego que nos impulsa a todos a manifestar nuestra imaginaci\u00f3n. <\/p>\n<p> \u2022 Siempre seremos partidarios de la creaci\u00f3n y expresi\u00f3n libre para la nueva generaci\u00f3n de entusiastas del arte. <\/p>\n<p> \u2022 Para hacerlo bien, los dispositivos de dibujo digital XPPen se destacan por convertir inspiraciones fugaces en obras maestras eternas. <\/p>\n<p> Product Dimensions                                            \u200f                                            :                                            \u200e                                            27.9 x 17.8 x 0.1 cm; 1.96 kg   <br \/> Manufacturer                                            \u200f                                            :                                            \u200e                                            XP-PEN   <br \/> ASIN                                            \u200f                                            :                                            \u200e                                            B0CGHVNJQ9   <br \/> Item model number                                            \u200f                                            :                                            \u200e                                            Deco Pro LW   <br \/> Country\/Region of Origin                                            \u200f                                            :                                            \u200e                                            China   <br \/> Guaranteed software updates until                                            \u200f                                            :                                            \u200e                                            unknown   <br \/>  Customer reviews:                                                                                            4.4               4.4 out of 5 stars                                  (85)                                              var dpAcrHasRegisteredArcLinkClickAction;                    P.when(&#8216;A&#8217;, &#8216;ready&#8217;).execute(function(A) {                        if (dpAcrHasRegisteredArcLinkClickAction !== true) {                            dpAcrHasRegisteredArcLinkClickAction = true;                            A.declarative(                                &#8216;acrLink-click-metrics&#8217;, &#8216;click&#8217;,                                { \u00aballowLinkDefault\u00bb: true },                                function (event) {                                    if (window.ue) {                                        ue.count(\u00abacrLinkClickCount\u00bb, (ue.count(\u00abacrLinkClickCount\u00bb) || 0) + 1);                                    }                                }                            );                        }                    });                                             P.when(&#8216;A&#8217;, &#8216;cf&#8217;).execute(function(A) {                A.declarative(&#8216;acrStarsLink-click-metrics&#8217;, &#8216;click&#8217;, { \u00aballowLinkDefault\u00bb : true },  function(event){                    if(window.ue) {                        ue.count(\u00abacrStarsLinkWithPopoverClickCount\u00bb, (ue.count(\u00abacrStarsLinkWithPopoverClickCount\u00bb) || 0) + 1);                    }                });            });                          <\/p>\n<p>[Three sizes for option] MW 9&#8243;x6&#8243;, LW 11&#8243;x7&#8243;, XLW 15&#8243;x9&#8243;. The drawing tablet has ultra slim profile, grey surface and high quality metal back panel. Ergonomic wrist rest design to edge provides maximum comfort while creating.<br \/>[WORLD&#8217;S FIRST 16K PRESSURE LEVELS] Introducing the X3 Pro Smart Chip Stylus featuring the industry&#8217;s first 16,000 pressure levels, 100% higher than its peers, the digital drawing tablet equips with this pen for more precise and fluid lines than ever before.<br \/>[Simulated Paper Surface] Make magic on this simulated paper surface of the graphics tablet seamless, no buttons or slots. Draw, edit and capture ideas in such a familiar way while having all the digital features to take your work to the next level.<br \/>[Bluetooth 5.0 &#038; 10 Hours Battery Life] Enjoy fast and stable connection via Bluetooth. Support your creation for 10 hours in a row with a high-capacity lithium battery (3030mAh\/3.7V).<br \/>[Compatible with] Wired connection: compatible with Windows 7 (or later), macOS 10.10 (or later), Chrome OS 88 (or later), Android 10.0 (or later), and Linux. Bluetooth connection: compatible with Windows 10 (or later), macOS 10.10 (or later).<\/p>\n\n","protected":false},"excerpt":{"rendered":"<p> From the brand Dream \u00b7 Brave \u00b7 True 16K Niveles con X3 Pro Chip 16K<\/p>","protected":false},"featured_media":32109,"comment_status":"open","ping_status":"closed","template":"","meta":[],"product_brand":[],"product_cat":[75],"product_tag":[9220,4609,1432,1427,1433,726,2450,1865,4608,1401,1428,2796,599,644,1425,1007,2627,1426,2891,163,1429,1430,1431,157,226,5817,4606],"class_list":{"0":"post-32108","1":"product","2":"type-product","3":"status-publish","4":"has-post-thumbnail","6":"product_cat-graphics-cards","7":"product_tag-11x7","8":"product_tag-16k","9":"product_tag-8gb-graphics-card","10":"product_tag-amd-radeon-gpu","11":"product_tag-best-gpu","12":"product_tag-bluetooth","13":"product_tag-deco","14":"product_tag-digital","15":"product_tag-drawing","16":"product_tag-express","17":"product_tag-gaming-graphics-card","18":"product_tag-gen2","19":"product_tag-gpu","20":"product_tag-graphics","21":"product_tag-graphics-card","22":"product_tag-keys","23":"product_tag-levels","24":"product_tag-nvidia-rtx-graphics-card","25":"product_tag-pressure","26":"product_tag-pro","27":"product_tag-rtx-4060","28":"product_tag-rtx-4070","29":"product_tag-rtx-4080","30":"product_tag-tablet","31":"product_tag-wireless","32":"product_tag-x3pro","33":"product_tag-xppen","35":"first","36":"instock","37":"shipping-taxable","38":"product-type-external"},"_links":{"self":[{"href":"https:\/\/comprasyconsejos.store\/en\/wp-json\/wp\/v2\/product\/32108","targetHints":{"allow":["GET"]}}],"collection":[{"href":"https:\/\/comprasyconsejos.store\/en\/wp-json\/wp\/v2\/product"}],"about":[{"href":"https:\/\/comprasyconsejos.store\/en\/wp-json\/wp\/v2\/types\/product"}],"replies":[{"embeddable":true,"href":"https:\/\/comprasyconsejos.store\/en\/wp-json\/wp\/v2\/comments?post=32108"}],"version-history":[{"count":0,"href":"https:\/\/comprasyconsejos.store\/en\/wp-json\/wp\/v2\/product\/32108\/revisions"}],"wp:featuredmedia":[{"embeddable":true,"href":"https:\/\/comprasyconsejos.store\/en\/wp-json\/wp\/v2\/media\/32109"}],"wp:attachment":[{"href":"https:\/\/comprasyconsejos.store\/en\/wp-json\/wp\/v2\/media?parent=32108"}],"wp:term":[{"taxonomy":"product_brand","embeddable":true,"href":"https:\/\/comprasyconsejos.store\/en\/wp-json\/wp\/v2\/product_brand?post=32108"},{"taxonomy":"product_cat","embeddable":true,"href":"https:\/\/comprasyconsejos.store\/en\/wp-json\/wp\/v2\/product_cat?post=32108"},{"taxonomy":"product_tag","embeddable":true,"href":"https:\/\/comprasyconsejos.store\/en\/wp-json\/wp\/v2\/product_tag?post=32108"}],"curies":[{"name":"wp","href":"https:\/\/api.w.org\/{rel}","templated":true}]}}