{"id":32119,"date":"2026-02-23T02:46:27","date_gmt":"2026-02-23T02:46:27","guid":{"rendered":"https:\/\/comprasyconsejos.store\/product\/co2crea-hard-case-for-razer-cynosa-v2-cynosa-chroma-blackwidow-v3-pro-huntman-elite-ornata-v2-huntman-v2-mechanical-gaming-tastatur-black-white-protective-portable-hard-case-waterproof\/"},"modified":"2026-02-23T02:46:32","modified_gmt":"2026-02-23T02:46:32","slug":"co2crea-hard-case-for-razer-cynosa-v2-cynosa-chroma-blackwidow-v3-pro-huntman-elite-ornata-v2-huntman-v2-mechanical-gaming-tastatur-black-white-protective-portable-hard-case-waterproof","status":"publish","type":"product","link":"https:\/\/comprasyconsejos.store\/en\/product\/co2crea-hard-case-for-razer-cynosa-v2-cynosa-chroma-blackwidow-v3-pro-huntman-elite-ornata-v2-huntman-v2-mechanical-gaming-tastatur-black-white-protective-portable-hard-case-waterproof\/","title":{"rendered":"co2CREA Hard Case for Razer Cynosa V2 \/Cynosa Chroma\/BlackWidow V3 Pro\/Huntman Elite\/Ornata V2 \/Huntman V2 Mechanical Gaming Tastatur, Black\/White, Protective Portable Hard Case, Waterproof,"},"content":{"rendered":"<p>Price: <span style=\"color:#b12704\">\u20ac17.99<\/span><br \/><i><small>(as of Feb 23, 2026 02:46:28 UTC &#8211; <span class=\"wp_automatic_amazon_disclaimer\" title=\"Product prices and availability are accurate as of the date\/time indicated and are subject to change. Any price and availability information displayed on [relevant Amazon Site(s), as applicable] at the time of purchase will apply to the purchase of this product.\">Details<\/span>)<\/small><\/i><\/p>\n<p><a href=\"https:\/\/amazon.es\/dp\/B09X1FSDB3?tag=man008-21\"><img decoding=\"async\" src=\"https:\/\/valvepress.s3.amazonaws.com\/imgs\/buy_now.png\"><\/a><br \/>\n<\/p>\n<p>                                             Product Description   <\/p>\n<p>The video showcases the product in use.The video guides you through product setup.The video compares multiple products.The video shows the product being unpacked.<\/p>\n<h3 class=\"a-text-center aplus-h1 a-text-bold\"> co2CREA Duro Viajar Caja Estuche Funda para Razer Micr\u00f3fono y Teclado y Rat\u00f3n <\/h3>\n<p>                         Add To Basket  <\/p>\n<p>                         Add To Basket  <\/p>\n<p>                         Add To Basket  <\/p>\n<p>                         Add To Basket  <\/p>\n<p>                                     Customer Reviews  <\/p>\n<p>                    4.6 out of 5 stars  412  <\/p>\n<p>                    4.6 out of 5 stars  100  <\/p>\n<p>                    4.6 out of 5 stars  412  <\/p>\n<p>                    4.6 out of 5 stars  412  <\/p>\n<p>                    4.6 out of 5 stars  412  <\/p>\n<p>                    4.6 out of 5 stars  16  <\/p>\n<p>                                     Price  <\/p>\n<p>                                                        \u20ac17.99\u20ac17.99     <\/p>\n<p>                                                        \u20ac17.09\u20ac17.09     <\/p>\n<p>                                                        \u20ac22.79\u20ac22.79     <\/p>\n<p>                                                        \u20ac19.99\u20ac19.99     <\/p>\n<p>                                                        \u2014    <\/p>\n<p>                                                        \u2014    <\/p>\n<p>                                     Color  <\/p>\n<p>                                                Negro    <\/p>\n<p>                                                Plata + Negro + Verde    <\/p>\n<p>                                                Negro    <\/p>\n<p>                                                Negro    <\/p>\n<p>                                                Blanco \/ negro    <\/p>\n<p>                                                Negro    <\/p>\n<p>                                     Compatible con  <\/p>\n<p>                                                Tartarus Pro\/V2 Keypad    <\/p>\n<p>                                                Basilisk V2 V3 X \/Viper Mini     <\/p>\n<p>                                                Cynosa V2\/Blackwidow V3 V3 Pro    <\/p>\n<p>                                                Huntsman TKL Gaming Keyboard    <\/p>\n<p>                                                Huntsman Mini Gaming Keyboard    <\/p>\n<p>                                                Seiren Mini\/X\/Emote     <\/p>\n<p>                                     Tela  <\/p>\n<p>                                                Dura EVA+Nylon    <\/p>\n<p>                                                Dura EVA+Nylon    <\/p>\n<p>                                                Dura EVA+Nylon    <\/p>\n<p>                                                Dura EVA+Nylon    <\/p>\n<p>                                                Dura EVA+Nylon    <\/p>\n<p>                                                Dura EVA+Nylon    <\/p>\n<p>                                     Pulsera  <\/p>\n<p>                                                    \u2714       <\/p>\n<p>                                                    \u2714       <\/p>\n<p>                                                    \u2714       <\/p>\n<p>                                                    \u2714       <\/p>\n<p>                                                    \u2714       <\/p>\n<p>                                                    \u2714       <\/p>\n<p>                                     Correa exterior  <\/p>\n<p>                                                    \u2718      <\/p>\n<p>                                                    \u2718      <\/p>\n<p>                                                    \u2714       <\/p>\n<p>                                                    \u2714       <\/p>\n<p>                                                    \u2714       <\/p>\n<p>                                                    \u2718      <\/p>\n<p>                                                                                                       <img decoding=\"async\" alt=\"1\" src=\"https:\/\/images-na.ssl-images-amazon.com\/images\/G\/01\/x-locale\/common\/grey-pixel.gif\" class=\"a-lazy-loaded\" data-src=\"https:\/\/m.media-amazon.com\/images\/S\/aplus-media-library-service-media\/16993d56-6226-4965-9d9e-ff545b71bcf0.__CR0,0,1464,600_PT0_SX1464_V1___.jpg\"><img decoding=\"async\" alt=\"1\" src=\"https:\/\/m.media-amazon.com\/images\/S\/aplus-media-library-service-media\/16993d56-6226-4965-9d9e-ff545b71bcf0.__CR0,0,1464,600_PT0_SX1464_V1___.jpg\">                                                  <\/p>\n<p class=\"description\">\n<p>Dise\u00f1o perfecto: funda de viaje r\u00edgida co2CREA especialmente dise\u00f1ada para teclado Razer Tartarus Pro \/ V2 Gaming, combina perfectamente con tu teclado Tartarus Pro y Tartarus V2 Razer.Material: EVA dura, color: negro. El paquete incluye: una funda para teclado Razer Tartarus.Gran protecci\u00f3n: la funda Tartarus Pro es a prueba de golpes, polvo y resistente al agua. El exterior est\u00e1 hecho de material EVA duro, y el forro interior est\u00e1 hecho de material de terciopelo suave. Y protege mejor el teclado y accesorios Tartarus Pro Razer.C\u00f3modo y duradero: la cremallera suave te permite abrir y cerrar f\u00e1cilmente la funda para Razer Tartarus V2. La funda de transporte Razer Tartarus V2 es tan ligera que puedes llevarla a cualquier lugar.Consejos: solo caso (teclado Razer Tartarus y accesorios no est\u00e1n incluidos).           <\/p>\n<p> Product Dimensions                                            \u200f                                            :                                            \u200e                                            23.09 x 21.59 x 8.41 cm; 300 g   <br \/> Manufacturer                                            \u200f                                            :                                            \u200e                                            co2CREA   <br \/> ASIN                                            \u200f                                            :                                            \u200e                                            B09X1FSDB3   <br \/> Item model number                                            \u200f                                            :                                            \u200e                                            1312412412   <br \/> Country\/Region of Origin                                            \u200f                                            :                                            \u200e                                            China   <br \/> Guaranteed software updates until                                            \u200f                                            :                                            \u200e                                            unknown   <br \/>  Customer reviews:                                                                                            4.6               4.6 out of 5 stars                                  (412)                                              var dpAcrHasRegisteredArcLinkClickAction;                    P.when(&#8216;A&#8217;, &#8216;ready&#8217;).execute(function(A) {                        if (dpAcrHasRegisteredArcLinkClickAction !== true) {                            dpAcrHasRegisteredArcLinkClickAction = true;                            A.declarative(                                &#8216;acrLink-click-metrics&#8217;, &#8216;click&#8217;,                                { \u00aballowLinkDefault\u00bb: true },                                function (event) {                                    if (window.ue) {                                        ue.count(\u00abacrLinkClickCount\u00bb, (ue.count(\u00abacrLinkClickCount\u00bb) || 0) + 1);                                    }                                }                            );                        }                    });                                             P.when(&#8216;A&#8217;, &#8216;cf&#8217;).execute(function(A) {                A.declarative(&#8216;acrStarsLink-click-metrics&#8217;, &#8216;click&#8217;, { \u00aballowLinkDefault\u00bb : true },  function(event){                    if(window.ue) {                        ue.count(\u00abacrStarsLinkWithPopoverClickCount\u00bb, (ue.count(\u00abacrStarsLinkWithPopoverClickCount\u00bb) || 0) + 1);                    }                });            });                          <\/p>\n<p>co2CREA Replacement Hard Travel Case for Razer Tartarus Pro Gaming Keyboard or Razer tartarus v2 mini gaming keyboard. EVA hard case is shockproof, dustproof and waterproof, protect your Razer keyboard for PC gaming with one hand from drops, scratches, bumps, splashes, and dust.<br \/>This Razer gaming keyboard protective cover is perfect for your Razer Tartarus Pro keyboard or Razer Tartarus v2 gaming keyboard, the one-handed keyboard case has more space to accommodate shaving pc gaming accessories.<br \/>co2CREA Razer programmable keyboard case is a great quality integrated lining that reflects superior taste and ensures long-lasting performance, the soft anti-static lining can protect your pc gaming pc accessories from bumps and scratches.<br \/>This one-handed Razer keyboard case has a comfortable hand strap, so the Razer Tartarus Pro gaming keyboard can travel with you easily, and the Razer gaming keyboard case has a special and strong zipper, which can bring you a better using experience.<br \/>Only the cover is sold (Razer gaming keyboard, PC gaming accessories not included)<\/p>\n\n","protected":false},"excerpt":{"rendered":"<p> Product Description The video showcases the product in use.The video guides you through product setup.The<\/p>","protected":false},"featured_media":32120,"comment_status":"open","ping_status":"closed","template":"","meta":[],"product_brand":[],"product_cat":[74],"product_tag":[1370,1364,1371,5372,994,9224,9222,1367,9223,9226,617,1363,794,9227,1227,1365,1369,1362,290,9225,3083,940,1366,9228,1368,1078],"class_list":{"0":"post-32119","1":"product","2":"type-product","3":"status-publish","4":"has-post-thumbnail","6":"product_cat-cases","7":"product_tag-airflow-pc-case","8":"product_tag-atx-case","9":"product_tag-best-pc-case","10":"product_tag-blackwhite","11":"product_tag-case","12":"product_tag-chromablackwidow","13":"product_tag-co2crea","14":"product_tag-computer-cabinet","15":"product_tag-cynosa","16":"product_tag-eliteornata","17":"product_tag-gaming","18":"product_tag-gaming-pc-case","19":"product_tag-hard","20":"product_tag-huntman","21":"product_tag-mechanical","22":"product_tag-mid-tower-case","23":"product_tag-mini-itx-case","24":"product_tag-pc-case","25":"product_tag-portable","26":"product_tag-prohuntman","27":"product_tag-protective","28":"product_tag-razer","29":"product_tag-rgb-pc-case","30":"product_tag-tastatur","31":"product_tag-tempered-glass-case","32":"product_tag-waterproof","34":"first","35":"instock","36":"shipping-taxable","37":"product-type-external"},"_links":{"self":[{"href":"https:\/\/comprasyconsejos.store\/en\/wp-json\/wp\/v2\/product\/32119","targetHints":{"allow":["GET"]}}],"collection":[{"href":"https:\/\/comprasyconsejos.store\/en\/wp-json\/wp\/v2\/product"}],"about":[{"href":"https:\/\/comprasyconsejos.store\/en\/wp-json\/wp\/v2\/types\/product"}],"replies":[{"embeddable":true,"href":"https:\/\/comprasyconsejos.store\/en\/wp-json\/wp\/v2\/comments?post=32119"}],"version-history":[{"count":0,"href":"https:\/\/comprasyconsejos.store\/en\/wp-json\/wp\/v2\/product\/32119\/revisions"}],"wp:featuredmedia":[{"embeddable":true,"href":"https:\/\/comprasyconsejos.store\/en\/wp-json\/wp\/v2\/media\/32120"}],"wp:attachment":[{"href":"https:\/\/comprasyconsejos.store\/en\/wp-json\/wp\/v2\/media?parent=32119"}],"wp:term":[{"taxonomy":"product_brand","embeddable":true,"href":"https:\/\/comprasyconsejos.store\/en\/wp-json\/wp\/v2\/product_brand?post=32119"},{"taxonomy":"product_cat","embeddable":true,"href":"https:\/\/comprasyconsejos.store\/en\/wp-json\/wp\/v2\/product_cat?post=32119"},{"taxonomy":"product_tag","embeddable":true,"href":"https:\/\/comprasyconsejos.store\/en\/wp-json\/wp\/v2\/product_tag?post=32119"}],"curies":[{"name":"wp","href":"https:\/\/api.w.org\/{rel}","templated":true}]}}