{"id":32134,"date":"2026-02-23T02:52:56","date_gmt":"2026-02-23T02:52:56","guid":{"rendered":"https:\/\/comprasyconsejos.store\/product\/hyperx-cloud-alpha-gaming-headset-with-removable-braided-cable-compatible-with-ps4-xbox-one-and-3-5mm-platforms\/"},"modified":"2026-02-23T02:53:03","modified_gmt":"2026-02-23T02:53:03","slug":"hyperx-cloud-alpha-gaming-headset-with-removable-braided-cable-compatible-with-ps4-xbox-one-and-3-5mm-platforms","status":"publish","type":"product","link":"https:\/\/comprasyconsejos.store\/en\/product\/hyperx-cloud-alpha-gaming-headset-with-removable-braided-cable-compatible-with-ps4-xbox-one-and-3-5mm-platforms\/","title":{"rendered":"HyperX Cloud Alpha Gaming Headset with Removable Braided Cable, Compatible with PS4, Xbox One and 3.5mm Platforms"},"content":{"rendered":"<p>Price: <span style=\"color:#b12704\">\u20ac51.42<\/span><br \/><i><small>(as of Feb 23, 2026 02:52:57 UTC &#8211; <span class=\"wp_automatic_amazon_disclaimer\" title=\"Product prices and availability are accurate as of the date\/time indicated and are subject to change. Any price and availability information displayed on [relevant Amazon Site(s), as applicable] at the time of purchase will apply to the purchase of this product.\">Details<\/span>)<\/small><\/i><\/p>\n<p><a href=\"https:\/\/amazon.es\/dp\/B076GT6XJ9?tag=man008-21\"><img decoding=\"async\" src=\"https:\/\/valvepress.s3.amazonaws.com\/imgs\/buy_now.png\"><\/a><br \/>\n<\/p>\n<p>                                             From the brand   <\/p>\n<p>                                              <img decoding=\"async\" alt=\"El texto dice \u00abHyperX\u00bb y \u00abTodo lo que necesitas para jugar, crear y rendir al m\u00e1ximo\u00bb. Cartel promocional de videojuegos o tecnolog\u00eda te\u00f1ido de rojo con efectos de iluminaci\u00f3n degradada.\" src=\"https:\/\/images-na.ssl-images-amazon.com\/images\/G\/01\/x-locale\/common\/grey-pixel.gif\" class=\"a-lazy-loaded\" data-src=\"https:\/\/m.media-amazon.com\/images\/S\/aplus-media-library-service-media\/acdb6c8e-f440-4036-99cc-d9c290a6cc5f.__CR0,0,1464,625_PT0_SX1464_V1___.jpg\"><img decoding=\"async\" alt=\"El texto dice \u00abHyperX\u00bb y \u00abTodo lo que necesitas para jugar, crear y rendir al m\u00e1ximo\u00bb. Cartel promocional de videojuegos o tecnolog\u00eda te\u00f1ido de rojo con efectos de iluminaci\u00f3n degradada.\" src=\"https:\/\/m.media-amazon.com\/images\/S\/aplus-media-library-service-media\/acdb6c8e-f440-4036-99cc-d9c290a6cc5f.__CR0,0,1464,625_PT0_SX1464_V1___.jpg\">  <\/p>\n<p>                                              <img decoding=\"async\" alt=\"El texto dice \u00abHyperX Cloud Alpha 2 Wireless\u00bb. Fotograf\u00edas de producto de unos auriculares para videojuegos con una combinaci\u00f3n de colores rojo y negro, que muestran efectos de iluminaci\u00f3n RGB y varios \u00e1ngulos.\" src=\"https:\/\/images-na.ssl-images-amazon.com\/images\/G\/01\/x-locale\/common\/grey-pixel.gif\" class=\"a-lazy-loaded\" data-src=\"https:\/\/m.media-amazon.com\/images\/S\/aplus-media-library-service-media\/e2bbe2f8-32fb-4f86-a3c7-6d934ab4964c.__CR0,23,463,579_PT0_SX362_V1___.png\"><img decoding=\"async\" alt=\"El texto dice \u00abHyperX Cloud Alpha 2 Wireless\u00bb. Fotograf\u00edas de producto de unos auriculares para videojuegos con una combinaci\u00f3n de colores rojo y negro, que muestran efectos de iluminaci\u00f3n RGB y varios \u00e1ngulos.\" src=\"https:\/\/m.media-amazon.com\/images\/S\/aplus-media-library-service-media\/e2bbe2f8-32fb-4f86-a3c7-6d934ab4964c.__CR0,23,463,579_PT0_SX362_V1___.png\">  <\/p>\n<p>                                              <img decoding=\"async\" alt=\"El texto dice \u00abHyperX QuadCast 2\u00bb. Micr\u00f3fono USB rojo profesional con rejilla de malla met\u00e1lica contra una espectacular iluminaci\u00f3n de fondo rojo-negro.\" src=\"https:\/\/images-na.ssl-images-amazon.com\/images\/G\/01\/x-locale\/common\/grey-pixel.gif\" class=\"a-lazy-loaded\" data-src=\"https:\/\/m.media-amazon.com\/images\/S\/aplus-media-library-service-media\/4dd366c9-9155-4c1f-95b6-cf01818513d9.__CR0,23,463,579_PT0_SX362_V1___.png\"><img decoding=\"async\" alt=\"El texto dice \u00abHyperX QuadCast 2\u00bb. Micr\u00f3fono USB rojo profesional con rejilla de malla met\u00e1lica contra una espectacular iluminaci\u00f3n de fondo rojo-negro.\" src=\"https:\/\/m.media-amazon.com\/images\/S\/aplus-media-library-service-media\/4dd366c9-9155-4c1f-95b6-cf01818513d9.__CR0,23,463,579_PT0_SX362_V1___.png\">  <\/p>\n<p>                                              <img decoding=\"async\" alt=\"El texto dice \u00abHyperX Flipcast\u00bb. Serie de im\u00e1genes promocionales que muestran perif\u00e9ricos para videojuegos, como el teclado RGB, el rat\u00f3n para videojuegos y los auriculares, en un entorno oscuro con iluminaci\u00f3n azul y roja.\" src=\"https:\/\/images-na.ssl-images-amazon.com\/images\/G\/01\/x-locale\/common\/grey-pixel.gif\" class=\"a-lazy-loaded\" data-src=\"https:\/\/m.media-amazon.com\/images\/S\/aplus-media-library-service-media\/9f7201ee-1f2d-4075-b6fe-1f431c01c702.__CR0,23,463,579_PT0_SX362_V1___.jpg\"><img decoding=\"async\" alt=\"El texto dice \u00abHyperX Flipcast\u00bb. Serie de im\u00e1genes promocionales que muestran perif\u00e9ricos para videojuegos, como el teclado RGB, el rat\u00f3n para videojuegos y los auriculares, en un entorno oscuro con iluminaci\u00f3n azul y roja.\" src=\"https:\/\/m.media-amazon.com\/images\/S\/aplus-media-library-service-media\/9f7201ee-1f2d-4075-b6fe-1f431c01c702.__CR0,23,463,579_PT0_SX362_V1___.jpg\">  <\/p>\n<p>                                              <img decoding=\"async\" alt=\"El texto dice \u00abHYPERX\u00bb y \u00abTODOS SOMOS JUGADORES\u00bb. Configuraci\u00f3n de juego que muestra a una persona con auriculares HyperX negros en el escritorio de la computadora con la pantalla iluminada.\" src=\"https:\/\/images-na.ssl-images-amazon.com\/images\/G\/01\/x-locale\/common\/grey-pixel.gif\" class=\"a-lazy-loaded\" data-src=\"https:\/\/m.media-amazon.com\/images\/S\/aplus-media-library-service-media\/0d539b2a-71e8-4ffe-91fc-dfe16ae4e69d.__CR0,23,463,579_PT0_SX362_V1___.jpg\"><img decoding=\"async\" alt=\"El texto dice \u00abHYPERX\u00bb y \u00abTODOS SOMOS JUGADORES\u00bb. Configuraci\u00f3n de juego que muestra a una persona con auriculares HyperX negros en el escritorio de la computadora con la pantalla iluminada.\" src=\"https:\/\/m.media-amazon.com\/images\/S\/aplus-media-library-service-media\/0d539b2a-71e8-4ffe-91fc-dfe16ae4e69d.__CR0,23,463,579_PT0_SX362_V1___.jpg\">  <\/p>\n<p>                                              <img decoding=\"async\" alt=\"El texto dice \u00abHYPER X\u00bb y \u00abTODOS SOMOS JUGADORES\u00bb. Varias fotos de perif\u00e9ricos para videojuegos con iluminaci\u00f3n RGB sobre fondos oscuros.\" src=\"https:\/\/images-na.ssl-images-amazon.com\/images\/G\/01\/x-locale\/common\/grey-pixel.gif\" class=\"a-lazy-loaded\" data-src=\"https:\/\/m.media-amazon.com\/images\/S\/aplus-media-library-service-media\/abf92562-16ad-4883-8803-23f73a781a42.__CR0,23,463,579_PT0_SX362_V1___.jpg\"><img decoding=\"async\" alt=\"El texto dice \u00abHYPER X\u00bb y \u00abTODOS SOMOS JUGADORES\u00bb. Varias fotos de perif\u00e9ricos para videojuegos con iluminaci\u00f3n RGB sobre fondos oscuros.\" src=\"https:\/\/m.media-amazon.com\/images\/S\/aplus-media-library-service-media\/abf92562-16ad-4883-8803-23f73a781a42.__CR0,23,463,579_PT0_SX362_V1___.jpg\">  <\/p>\n<p> Batteries                                            \u200f                                            :                                            \u200e                                            Lithium Polymer batteries required.   <br \/> Is discontinued by manufacturer                                            \u200f                                            :                                            \u200e                                            No   <br \/> Language                                            \u200f                                            :                                            \u200e                                            English   <br \/> Product Dimensions                                            \u200f                                            :                                            \u200e                                            19.5 x 15 x 9.7 cm; 336 g   <br \/> Manufacturer                                            \u200f                                            :                                            \u200e                                            HyperX   <br \/> ASIN                                            \u200f                                            :                                            \u200e                                            B076GT6XJ9   <br \/> Item model number                                            \u200f                                            :                                            \u200e                                            4P5L1AM#ABB   <br \/> Guaranteed software updates until                                            \u200f                                            :                                            \u200e                                            13 April 2030   <br \/>  Customer reviews:                                                                                            4.5               4.5 out of 5 stars                                  (1,727)                                              var dpAcrHasRegisteredArcLinkClickAction;                    P.when(&#8216;A&#8217;, &#8216;ready&#8217;).execute(function(A) {                        if (dpAcrHasRegisteredArcLinkClickAction !== true) {                            dpAcrHasRegisteredArcLinkClickAction = true;                            A.declarative(                                &#8216;acrLink-click-metrics&#8217;, &#8216;click&#8217;,                                { \u00aballowLinkDefault\u00bb: true },                                function (event) {                                    if (window.ue) {                                        ue.count(\u00abacrLinkClickCount\u00bb, (ue.count(\u00abacrLinkClickCount\u00bb) || 0) + 1);                                    }                                }                            );                        }                    });                                             P.when(&#8216;A&#8217;, &#8216;cf&#8217;).execute(function(A) {                A.declarative(&#8216;acrStarsLink-click-metrics&#8217;, &#8216;click&#8217;, { \u00aballowLinkDefault\u00bb : true },  function(event){                    if(window.ue) {                        ue.count(\u00abacrStarsLinkWithPopoverClickCount\u00bb, (ue.count(\u00abacrStarsLinkWithPopoverClickCount\u00bb) || 0) + 1);                    }                });            });                          <\/p>\n<p>Hyper x dual camera drivers for greater distinction and less distortion<br \/>Recognized comfort exclusive to HyperX<br \/>Sturdy aluminum frame with widened headband<br \/>Removable braided cable with integrated audio control, discord and team speak certified<br \/>Removable braided cable with built-in audio control, removable noise cancelling microphone<br \/>Cross-platform compatibility (PS5, PS4, Xbox One, Xbox Series X|S, and 3.5mm Platforms)<br \/>Since Cloud Alpha has a detachable cable, it is also important to make sure that the cable is fully inserted into the headset of the headset. No grey part should be visible on the jack connector once the cable is plugged in.<\/p>\n\n","protected":false},"excerpt":{"rendered":"<p> From the brand Batteries \u200f : \u200e Lithium Polymer batteries required. Is discontinued by manufacturer<\/p>","protected":false},"featured_media":32135,"comment_status":"open","ping_status":"closed","template":"","meta":[],"product_brand":[],"product_cat":[48],"product_tag":[546,2156,720,714,220,182,2954,201,617,712,711,717,6001,715,719,716,8610,1525,829,718,713,1079],"class_list":{"0":"post-32134","1":"product","2":"type-product","3":"status-publish","4":"has-post-thumbnail","6":"product_cat-headsets","7":"product_tag-3-5mm","8":"product_tag-alpha","9":"product_tag-best-headset","10":"product_tag-bluetooth-headset","11":"product_tag-braided","12":"product_tag-cable","13":"product_tag-cloud","14":"product_tag-compatible","15":"product_tag-gaming","16":"product_tag-gaming-headset","17":"product_tag-headset","18":"product_tag-headset-with-mic","19":"product_tag-hyperx","20":"product_tag-noise-cancelling-headset","21":"product_tag-over-ear-headset","22":"product_tag-pc-headset","23":"product_tag-platforms","24":"product_tag-ps4","25":"product_tag-removable","26":"product_tag-rgb-gaming-headset","27":"product_tag-wireless-headset","28":"product_tag-xbox","30":"first","31":"instock","32":"shipping-taxable","33":"product-type-external"},"_links":{"self":[{"href":"https:\/\/comprasyconsejos.store\/en\/wp-json\/wp\/v2\/product\/32134","targetHints":{"allow":["GET"]}}],"collection":[{"href":"https:\/\/comprasyconsejos.store\/en\/wp-json\/wp\/v2\/product"}],"about":[{"href":"https:\/\/comprasyconsejos.store\/en\/wp-json\/wp\/v2\/types\/product"}],"replies":[{"embeddable":true,"href":"https:\/\/comprasyconsejos.store\/en\/wp-json\/wp\/v2\/comments?post=32134"}],"version-history":[{"count":0,"href":"https:\/\/comprasyconsejos.store\/en\/wp-json\/wp\/v2\/product\/32134\/revisions"}],"wp:featuredmedia":[{"embeddable":true,"href":"https:\/\/comprasyconsejos.store\/en\/wp-json\/wp\/v2\/media\/32135"}],"wp:attachment":[{"href":"https:\/\/comprasyconsejos.store\/en\/wp-json\/wp\/v2\/media?parent=32134"}],"wp:term":[{"taxonomy":"product_brand","embeddable":true,"href":"https:\/\/comprasyconsejos.store\/en\/wp-json\/wp\/v2\/product_brand?post=32134"},{"taxonomy":"product_cat","embeddable":true,"href":"https:\/\/comprasyconsejos.store\/en\/wp-json\/wp\/v2\/product_cat?post=32134"},{"taxonomy":"product_tag","embeddable":true,"href":"https:\/\/comprasyconsejos.store\/en\/wp-json\/wp\/v2\/product_tag?post=32134"}],"curies":[{"name":"wp","href":"https:\/\/api.w.org\/{rel}","templated":true}]}}