{"id":32142,"date":"2026-02-23T03:00:08","date_gmt":"2026-02-23T03:00:08","guid":{"rendered":"https:\/\/comprasyconsejos.store\/product\/inateck-ultra-thin-bluetooth-keyboard-for-ipad-pro-air-10th-generation-3-devices-connection-compatible-with-windows-ipad-os-android-ios-18-month-battery-life-portable-design\/"},"modified":"2026-02-23T03:00:18","modified_gmt":"2026-02-23T03:00:18","slug":"inateck-ultra-thin-bluetooth-keyboard-for-ipad-pro-air-10th-generation-3-devices-connection-compatible-with-windows-ipad-os-android-ios-18-month-battery-life-portable-design","status":"publish","type":"product","link":"https:\/\/comprasyconsejos.store\/en\/product\/inateck-ultra-thin-bluetooth-keyboard-for-ipad-pro-air-10th-generation-3-devices-connection-compatible-with-windows-ipad-os-android-ios-18-month-battery-life-portable-design\/","title":{"rendered":"Inateck Ultra-thin Bluetooth Keyboard for iPad Pro\/Air\/10th Generation, 3 Devices Connection, Compatible with Windows\/iPad OS\/Android\/iOS, 18-month Battery Life, Portable Design"},"content":{"rendered":"<p>Price: <span style=\"color:#b12704\">\u20ac15.99<\/span><br \/><i><small>(as of Feb 23, 2026 03:00:08 UTC &#8211; <span class=\"wp_automatic_amazon_disclaimer\" title=\"Product prices and availability are accurate as of the date\/time indicated and are subject to change. Any price and availability information displayed on [relevant Amazon Site(s), as applicable] at the time of purchase will apply to the purchase of this product.\">Details<\/span>)<\/small><\/i><\/p>\n<p><a href=\"https:\/\/amazon.es\/dp\/B0F18F9MW1?tag=man008-21\"><img decoding=\"async\" src=\"https:\/\/valvepress.s3.amazonaws.com\/imgs\/buy_now.png\"><\/a><br \/>\n<\/p>\n<p>                                             Product Description   <\/p>\n<p>The video showcases the product in use.The video guides you through product setup.The video compares multiple products.The video shows the product being unpacked. Teclado Bluetooth port\u00e1til Merchant video<\/p>\n<p>                                                                                                                  <img decoding=\"async\" alt=\"aplus content image\" src=\"https:\/\/m.media-amazon.com\/images\/S\/aplus-media-library-service-media\/7a474da3-8df6-4d79-a789-b2591c117d1e.__CR0,0,1464,600_PT0_SX1464_V1___.jpg\">                                                    <img decoding=\"async\" alt=\"aplus content image\" src=\"https:\/\/m.media-amazon.com\/images\/S\/aplus-media-library-service-media\/ab411110-3bbe-4c6b-8f62-890dd2801807.__CR0,0,1464,600_PT0_SX1464_V1___.jpg\">                                                    <img decoding=\"async\" alt=\"aplus content image\" src=\"https:\/\/m.media-amazon.com\/images\/S\/aplus-media-library-service-media\/62e23afa-6739-4745-9be9-e17899a1bbc7.__CR0,0,1464,600_PT0_SX1464_V1___.jpg\">                                                    <img decoding=\"async\" alt=\"aplus content image\" src=\"https:\/\/m.media-amazon.com\/images\/S\/aplus-media-library-service-media\/54091213-1466-456f-a806-b4c826275ff7.__CR0,0,1464,600_PT0_SX1464_V1___.jpg\"><br \/>\n                            1 De viaje <\/p>\n<p>                            2 En cafeter\u00eda <\/p>\n<p>                            3 En vuelo <\/p>\n<p>                            4 En clase <\/p>\n<p>                                                                                  <img decoding=\"async\" alt=\"El texto dice &amp;#39;Pulsaci\u00f3n larga&amp;#39;, &amp;#39;Pulsaci\u00f3n corta&amp;#39;, &amp;#39;Bot\u00f3n de conexi\u00f3n&amp;#39;. Teclado de ordenador negro con teclas retroiluminadas en azul y controles multimedia.\" src=\"https:\/\/m.media-amazon.com\/images\/S\/aplus-media-library-service-media\/bff4bdd5-7f3c-4ab6-af22-09bbf0d68c28.__CR0,0,1464,600_PT0_SX1464_V1___.jpg\">       <\/p>\n<p>                                                                                  <img decoding=\"async\" alt=\"aplus content image\" src=\"https:\/\/m.media-amazon.com\/images\/S\/aplus-media-library-service-media\/896c4dec-b48d-40fa-886f-7d350b33f4bc.__CR0,0,1464,600_PT0_SX1464_V1___.jpg\">       <\/p>\n<h3>\n<p class=\"aplus-question aplus-p1\"> \u00bfCu\u00e1nto dura la bater\u00eda del teclado? <\/p>\n<\/h3>\n<p class=\"aplus-answer aplus-p2\"> Incluye dos pilas AAA (tipo 7). Las pilas proporcionadas duran 30 horas de uso continuo o 15 d\u00edas con uso diario. Para prolongar la vida \u00fatil del teclado, puedes reemplazar las pilas t\u00fa mismo cuando se agoten. <\/p>\n<h3>\n<p class=\"aplus-question aplus-p1\"> \u00bfQu\u00e9 indican las diferentes luces piloto? <\/p>\n<\/h3>\n<p class=\"aplus-answer aplus-p2\"> Luz blanca: indicador de may\u00fasculas. Luz roja: bater\u00eda baja. Luz azul\/naranja\/verde: Parpadeo: conectando; Parpadeo detenido: conexi\u00f3n establecida. <\/p>\n<h3>\n<p class=\"aplus-question aplus-p1\"> \u00bfQu\u00e9 hacer si se pierde la conexi\u00f3n Bluetooth? <\/p>\n<\/h3>\n<p class=\"aplus-answer aplus-p2\"> Mantenga pulsadas (\u00abEsc\u00bb + \u00ab\u02cb\u00bb) durante 3 segundos. La luz indicadora parpadear\u00e1 3 veces, lo que significa que se ha completado el restablecimiento de f\u00e1brica. <\/p>\n<p>                                                                                                       <img decoding=\"async\" alt=\"aplus content image\" src=\"https:\/\/images-na.ssl-images-amazon.com\/images\/G\/01\/x-locale\/common\/grey-pixel.gif\" class=\"a-lazy-loaded\" data-src=\"https:\/\/m.media-amazon.com\/images\/S\/aplus-media-library-service-media\/7a81b13c-cd99-4cc5-a1aa-0d7667d76070.__CR0,0,1464,600_PT0_SX1464_V1___.jpg\"><img decoding=\"async\" alt=\"aplus content image\" src=\"https:\/\/m.media-amazon.com\/images\/S\/aplus-media-library-service-media\/7a81b13c-cd99-4cc5-a1aa-0d7667d76070.__CR0,0,1464,600_PT0_SX1464_V1___.jpg\">                                               <\/p>\n<p>                                                                                                       <img decoding=\"async\" alt=\"aplus content image\" src=\"https:\/\/images-na.ssl-images-amazon.com\/images\/G\/01\/x-locale\/common\/grey-pixel.gif\" class=\"a-lazy-loaded\" data-src=\"https:\/\/m.media-amazon.com\/images\/S\/aplus-media-library-service-media\/29085620-842d-4889-bb8e-433f9fcd2132.__CR0,0,1464,600_PT0_SX1464_V1___.jpg\"><img decoding=\"async\" alt=\"aplus content image\" src=\"https:\/\/m.media-amazon.com\/images\/S\/aplus-media-library-service-media\/29085620-842d-4889-bb8e-433f9fcd2132.__CR0,0,1464,600_PT0_SX1464_V1___.jpg\">                                               <\/p>\n<p>                                                                                                       <img decoding=\"async\" alt=\"aplus content image\" src=\"https:\/\/images-na.ssl-images-amazon.com\/images\/G\/01\/x-locale\/common\/grey-pixel.gif\" class=\"a-lazy-loaded\" data-src=\"https:\/\/m.media-amazon.com\/images\/S\/aplus-media-library-service-media\/1ec6fdf0-8837-4d13-8d9e-71f91a1f24b4.__CR0,0,1464,600_PT0_SX1464_V1___.jpg\"><img decoding=\"async\" alt=\"aplus content image\" src=\"https:\/\/m.media-amazon.com\/images\/S\/aplus-media-library-service-media\/1ec6fdf0-8837-4d13-8d9e-71f91a1f24b4.__CR0,0,1464,600_PT0_SX1464_V1___.jpg\">                                                 Bluetooth 5.3                                             Conexi\u00f3n r\u00e1pida, estable y sencilla                                                                                       <\/p>\n<p> Batteries                                            \u200f                                            :                                            \u200e                                            1 AAA batteries required. (included)   <br \/> Product Dimensions                                            \u200f                                            :                                            \u200e                                            28.5 x 12 x 1.6 cm; 420 g   <br \/> Manufacturer                                            \u200f                                            :                                            \u200e                                            Inateck   <br \/> ASIN                                            \u200f                                            :                                            \u200e                                            B0F18F9MW1   <br \/> Item model number                                            \u200f                                            :                                            \u200e                                            KB01003   <br \/> Guaranteed software updates until                                            \u200f                                            :                                            \u200e                                            unknown   <br \/>  Customer reviews:                                                                                            4.1               4.1 out of 5 stars                                  (281)                                              var dpAcrHasRegisteredArcLinkClickAction;                    P.when(&#8216;A&#8217;, &#8216;ready&#8217;).execute(function(A) {                        if (dpAcrHasRegisteredArcLinkClickAction !== true) {                            dpAcrHasRegisteredArcLinkClickAction = true;                            A.declarative(                                &#8216;acrLink-click-metrics&#8217;, &#8216;click&#8217;,                                { \u00aballowLinkDefault\u00bb: true },                                function (event) {                                    if (window.ue) {                                        ue.count(\u00abacrLinkClickCount\u00bb, (ue.count(\u00abacrLinkClickCount\u00bb) || 0) + 1);                                    }                                }                            );                        }                    });                                             P.when(&#8216;A&#8217;, &#8216;cf&#8217;).execute(function(A) {                A.declarative(&#8216;acrStarsLink-click-metrics&#8217;, &#8216;click&#8217;, { \u00aballowLinkDefault\u00bb : true },  function(event){                    if(window.ue) {                        ue.count(\u00abacrStarsLinkWithPopoverClickCount\u00bb, (ue.count(\u00abacrStarsLinkWithPopoverClickCount\u00bb) || 0) + 1);                    }                });            });                          <\/p>\n<p>Seamless switching between three devices: connect up to three devices simultaneously and switch effortlessly with one click. Ideal for both work and entertainment, increasing efficiency. Perfectly compatible with Windows, iPadOS, Android and iOS for seamless operation between devices.<br \/>WORRY-FREE LONG BATTERY LIFE &#8211; Comes with two AAA batteries, providing up to 18 months of battery life (based on 2 hours of continuous daily use). Say goodbye to frequent charging and enjoy long-lasting company!<br \/>COMFORTABLE TYPING EXPERIENCE &#8211; Features a 1.5mm key travel and ergonomic tilt angle, ensuring a comfortable feel even during extended typing sessions<br \/>SMART INDICATOR LIGHTS &#8211; Colorful indicator lights provide clear status updates at a glance: white light: caps lock status; red light: low battery; flashing (blue\/orange\/green): connection<br \/>ULTRA-THIN &#038; PORTABLE &#8211; Weighing only 217g with a sleek 285mm compact body, this keyboard fits easily in your bag, allowing effortless typing anytime, anywhere<\/p>\n\n","protected":false},"excerpt":{"rendered":"<p> Product Description The video showcases the product in use.The video guides you through product setup.The<\/p>","protected":false},"featured_media":32143,"comment_status":"open","ping_status":"closed","template":"","meta":[],"product_brand":[],"product_cat":[49],"product_tag":[1012,746,292,726,743,747,201,2203,939,242,740,1628,6300,162,518,683,739,744,9231,290,9229,742,745,845,9230,741],"class_list":{"0":"post-32142","1":"product","2":"type-product","3":"status-publish","4":"has-post-thumbnail","6":"product_cat-keyboards","7":"product_tag-18month","8":"product_tag-backlit-keyboard","9":"product_tag-battery","10":"product_tag-bluetooth","11":"product_tag-bluetooth-keyboard","12":"product_tag-compact-keyboard","13":"product_tag-compatible","14":"product_tag-connection","15":"product_tag-design","16":"product_tag-devices","17":"product_tag-gaming-keyboard","18":"product_tag-generation","19":"product_tag-inateck","20":"product_tag-ipad","21":"product_tag-keyboard","22":"product_tag-life","23":"product_tag-mechanical-keyboard","24":"product_tag-office-keyboard","25":"product_tag-osandroidios","26":"product_tag-portable","27":"product_tag-proair10th","28":"product_tag-rgb-keyboard","29":"product_tag-silent-keyboard","30":"product_tag-ultrathin","31":"product_tag-windowsipad","32":"product_tag-wireless-keyboard","34":"first","35":"instock","36":"shipping-taxable","37":"product-type-external"},"_links":{"self":[{"href":"https:\/\/comprasyconsejos.store\/en\/wp-json\/wp\/v2\/product\/32142","targetHints":{"allow":["GET"]}}],"collection":[{"href":"https:\/\/comprasyconsejos.store\/en\/wp-json\/wp\/v2\/product"}],"about":[{"href":"https:\/\/comprasyconsejos.store\/en\/wp-json\/wp\/v2\/types\/product"}],"replies":[{"embeddable":true,"href":"https:\/\/comprasyconsejos.store\/en\/wp-json\/wp\/v2\/comments?post=32142"}],"version-history":[{"count":0,"href":"https:\/\/comprasyconsejos.store\/en\/wp-json\/wp\/v2\/product\/32142\/revisions"}],"wp:featuredmedia":[{"embeddable":true,"href":"https:\/\/comprasyconsejos.store\/en\/wp-json\/wp\/v2\/media\/32143"}],"wp:attachment":[{"href":"https:\/\/comprasyconsejos.store\/en\/wp-json\/wp\/v2\/media?parent=32142"}],"wp:term":[{"taxonomy":"product_brand","embeddable":true,"href":"https:\/\/comprasyconsejos.store\/en\/wp-json\/wp\/v2\/product_brand?post=32142"},{"taxonomy":"product_cat","embeddable":true,"href":"https:\/\/comprasyconsejos.store\/en\/wp-json\/wp\/v2\/product_cat?post=32142"},{"taxonomy":"product_tag","embeddable":true,"href":"https:\/\/comprasyconsejos.store\/en\/wp-json\/wp\/v2\/product_tag?post=32142"}],"curies":[{"name":"wp","href":"https:\/\/api.w.org\/{rel}","templated":true}]}}