{"id":32159,"date":"2026-02-23T03:10:51","date_gmt":"2026-02-23T03:10:51","guid":{"rendered":"https:\/\/comprasyconsejos.store\/product\/mele-fanless-ultra-silencious-quieter4c-n150-mini-pc-32gb-memory-512gb-ssd-compact-computer-with-functional-usb-c-and-dual-hdmi-ideal-for-iot-home-astrography\/"},"modified":"2026-02-23T03:11:00","modified_gmt":"2026-02-23T03:11:00","slug":"mele-fanless-ultra-silencious-quieter4c-n150-mini-pc-32gb-memory-512gb-ssd-compact-computer-with-functional-usb-c-and-dual-hdmi-ideal-for-iot-home-astrography","status":"publish","type":"product","link":"https:\/\/comprasyconsejos.store\/en\/product\/mele-fanless-ultra-silencious-quieter4c-n150-mini-pc-32gb-memory-512gb-ssd-compact-computer-with-functional-usb-c-and-dual-hdmi-ideal-for-iot-home-astrography\/","title":{"rendered":"MeLE Fanless Ultra-Silencious Quieter4C N150 Mini PC &#8211; 32GB Memory &#8211; 512GB SSD &#8211; Compact Computer with Functional USB-C and Dual HDMI &#8211; Ideal for IoT, Home, Astrography"},"content":{"rendered":"<p>Price: <span style=\"color:#b12704\">\u20ac569.99<\/span><br \/><i><small>(as of Feb 23, 2026 03:10:51 UTC &#8211; <span class=\"wp_automatic_amazon_disclaimer\" title=\"Product prices and availability are accurate as of the date\/time indicated and are subject to change. Any price and availability information displayed on [relevant Amazon Site(s), as applicable] at the time of purchase will apply to the purchase of this product.\">Details<\/span>)<\/small><\/i><\/p>\n<p><a href=\"https:\/\/amazon.es\/dp\/B0DZWVXNZC?tag=man008-21\"><img decoding=\"async\" src=\"https:\/\/valvepress.s3.amazonaws.com\/imgs\/buy_now.png\"><\/a><br \/>\n<\/p>\n<p>                                             Product Description   <\/p>\n<p>The video showcases the product in use.The video guides you through product setup.The video compares multiple products.The video shows the product being unpacked. ES Merchant video<\/p>\n<h3 class=\"a-size-extra-large a-spacing-base a-text-center\"> MeLE Fanless PC Quieter4C N150 32GB 512GB Nuevo Lanzamiento <\/h3>\n<p>                                                        Procesador                                     Twin Lake N150 4 n\u00facleos 4 subprocesos 6 MB de cach\u00e9 (hasta 3,60 GHz)                                        Memoria                                     Monocanal 32GB LPDDR5x ( hasta 4800 MHz)                                        Almacenamiento                                     A bordo 512GB pcie 3.0&#215;4 de bajo consumo de energ\u00eda                                        Conexi\u00f3n inal\u00e1mbrica                                     WiFi 5 (802.11ac) Soporta 2.4GHz, 5.0 GHz Compatible con 802.11ac ,Bluetooth 5.1                                        Conexi\u00f3n por cable                                     1*Puerto Gigabit Ethernet RJ45 por cable                                        Puertos USB                                     1x USB3.2 Gen 2=10Gbps, 1x USB3.2 Gen 1=510Gbps, 1x USB2.0=480Mbps                                                         Salida de audio                                     1 puerto combinado de audio de 3,5 mm                                        Salida de v\u00eddeo                                     2 puertos HDMI 2.0, 1 USB-C con todas las funciones, compatible con pantalla local 4K 60Hz                                        Expansi\u00f3n de almacenamiento                                     1 x ranura micro sd, 1x ranura SSD soporta un pcie 3.0&#215;4 o sata ssd                                        Funci\u00f3n BIOS                                    PXE Boot\/ iPXE Boot, Wake On LAN, Auto Power On, Wake On Line .etc                                        USB-C1                                     Soporta transferencia de datos, visualizaci\u00f3n de v\u00eddeo y DC IN 12V\/2A con protocolo USB PD3.0 dentro del rango de voltaje: 12V~20V                                        USB-C 2                                     S\u00f3lo DC-IN 12V\/2A, dentro de12V~20V ,NO soporta USB PD3.0                     <\/p>\n<p>                                                                                                                                                                                                                 <img decoding=\"async\" alt=\"Quieter 4C N150\" src=\"https:\/\/m.media-amazon.com\/images\/S\/aplus-media-library-service-media\/a7c7a012-3e06-41f5-9522-9e02e68b3f5d.__CR0,0,800,600_PT0_SX800_V1___.jpg\">                                             Equipado con el procesador Twin Lake N150                                             Hasta un 27,5% m\u00e1s de rendimiento que el procesador N5105    <\/p>\n<p class=\"aplus-p2\"> Experimenta un potente rendimiento con el mini PC, que cuenta con el \u00faltimo procesador Twin Lake N150. Su tecnolog\u00eda litogr\u00e1fica de 10 nm y los gr\u00e1ficos UHD ofrecen im\u00e1genes n\u00edtidas. Con un TDP de hasta 8 W y una velocidad turbo de hasta 3,6 GHz, este dispositivo de bajo consumo es perfecto para oficinas ligeras y el uso dom\u00e9stico diario. <\/p>\n<p>                                                              <img decoding=\"async\" alt=\"Quieter 4C N150\" src=\"https:\/\/m.media-amazon.com\/images\/S\/aplus-media-library-service-media\/cd4d9935-56a6-405a-b273-b27253b20bf8.__CR0,0,800,600_PT0_SX800_V1___.jpg\">                                              RAM LPDDR5x de 32 GB de un canal (m\u00e1x. 4800 MHz)                                             Original Nueva LPDDR5x (SO-DIMM)    <\/p>\n<p class=\"aplus-p2\"> Memoria original nueva y de alta calidad que ofrece un rendimiento estable. LPDDR5x funciona 3 veces m\u00e1s r\u00e1pido que DDR3, por lo que es ideal para aplicaciones de uso intensivo de memoria y cargas de trabajo exigentes. <\/p>\n<p>                                                              <img decoding=\"async\" alt=\"Quieter 4C N150\" src=\"https:\/\/m.media-amazon.com\/images\/S\/aplus-media-library-service-media\/e754ace5-8478-45e9-a157-3eacea5517f6.__CR0,0,800,600_PT0_SX800_V1___.jpg\">                                              Almacenamiento ampliable opcional                                             Gran capacidad de ampliaci\u00f3n    <\/p>\n<p class=\"aplus-p2\"> Quieter4C N150 ofrece una extraordinaria capacidad de ampliaci\u00f3n. Puede A\u00f1adir F\u00e1cilmente M\u00e1s Espacio De Almacenamiento Mediante La Ranura Micro sd, O Extraer La Ssd Existente Para Disponer De Un Almacenamiento Mayor Pcie O Sata De Hasta 4TB. <\/p>\n<p class=\"aplus-p2\"> (Nota: no soporta arranque desde la micro sd ) <\/p>\n<p>                                                              <img decoding=\"async\" alt=\"Quieter 4C N150\" src=\"https:\/\/m.media-amazon.com\/images\/S\/aplus-media-library-service-media\/b5b1a604-fa6c-4ac7-a93b-38e0bdab1650.__CR0,0,800,600_PT0_SX800_V1___.jpg\">                                              Soporte Multi-OS                                             Vers\u00e1til para Win11 pro\/ home linux debian y ubuntu    <\/p>\n<p class=\"aplus-p2\"> Soporta varios sistemas operativos como Win 10\/11 Home, Win 10 Pro, Linux, Ubuntu y Debian. Perfecto para usuarios de IoT y entusiastas de la tecnolog\u00eda, incluso permite la personalizaci\u00f3n con la opci\u00f3n de un segundo SO. <\/p>\n<p>                                                                                  <img decoding=\"async\" alt=\"Quieter 4C N150\" src=\"https:\/\/m.media-amazon.com\/images\/S\/aplus-media-library-service-media\/7d520bb6-356b-4a8f-a2a2-4b16a8ee3ea9.__CR0,0,1464,600_PT0_SX1464_V1___.jpg\">       <\/p>\n<p>                                                                                  <img decoding=\"async\" alt=\"Quieter 4C N150\" src=\"https:\/\/m.media-amazon.com\/images\/S\/aplus-media-library-service-media\/45263c99-b013-43ff-9273-0ef1d7e42956.__CR0,0,1464,600_PT0_SX1464_V1___.jpg\">       <\/p>\n<p>                                                                                  <img decoding=\"async\" alt=\"Quieter 4C N150\" src=\"https:\/\/m.media-amazon.com\/images\/S\/aplus-media-library-service-media\/c2720c9a-8a47-4ba9-8f01-f2cfc7ff031e.__CR0,0,1464,600_PT0_SX1464_V1___.jpg\">       <\/p>\n<p>                                                                                  <img decoding=\"async\" alt=\"Quieter 4C N150\" src=\"https:\/\/m.media-amazon.com\/images\/S\/aplus-media-library-service-media\/ac45802f-8a64-4779-9af0-8f9d17aa9aa1.__CR0,0,1464,600_PT0_SX1464_V1___.jpg\">       <\/p>\n<p>                                                                                  <img decoding=\"async\" alt=\"Quieter 4C N150\" src=\"https:\/\/m.media-amazon.com\/images\/S\/aplus-media-library-service-media\/d5825cfe-a099-43b6-a648-04660a7fdd98.__CR0,0,1464,600_PT0_SX1464_V1___.jpg\">       <\/p>\n<p>                                                                                  <img decoding=\"async\" alt=\"Quieter 4C N150\" src=\"https:\/\/m.media-amazon.com\/images\/S\/aplus-media-library-service-media\/d6866b40-530e-4c27-9696-e95c5dcae892.__CR0,0,1464,600_PT0_SX1464_V1___.jpg\">       <\/p>\n<p>                                                                                  <img decoding=\"async\" alt=\"Quieter 4C N150\" src=\"https:\/\/m.media-amazon.com\/images\/S\/aplus-media-library-service-media\/b3768c25-6ce3-4e58-994b-bcfbb782e1a9.__CR0,0,1464,600_PT0_SX1464_V1___.jpg\">       <\/p>\n<p>                                                                                  <img decoding=\"async\" alt=\"Quieter 4C N150\" src=\"https:\/\/m.media-amazon.com\/images\/S\/aplus-media-library-service-media\/9b1fa220-59cd-4874-b379-4411716e2c33.__CR0,0,1464,600_PT0_SX1464_V1___.jpg\">       <\/p>\n<p>                                                                                  <img decoding=\"async\" alt=\"Quieter 4C N150\" src=\"https:\/\/m.media-amazon.com\/images\/S\/aplus-media-library-service-media\/3bf9c313-1ca4-42fa-a33d-16fd8c60dfb4.__CR0,0,1464,600_PT0_SX1464_V1___.jpg\">       <\/p>\n<h3>\n<p class=\"aplus-question aplus-p1\"> \u00bfSoporta autoencendido o wake on lan? <\/p>\n<\/h3>\n<p class=\"aplus-answer aplus-p2\"> S\u00ed, el mini PC stick sin ventilador incluye una BIOS desbloqueada que permite configurar el encendido autom\u00e1tico, la activaci\u00f3n por LAN, el arranque PXE, la activaci\u00f3n por RTC y el encendido autom\u00e1tico. <\/p>\n<h3>\n<p class=\"aplus-question aplus-p1\"> \u00bfSe puede ampliar la memoria RAM? <\/p>\n<\/h3>\n<p class=\"aplus-answer aplus-p2\"> No, la memoria RAM de este mini PC no es ampliable, ya que viene con una memoria RAM LPDDR5 fija de 32 GB. <\/p>\n<h3>\n<p class=\"aplus-question aplus-p1\"> \u00bfCu\u00e1l es el voltaje de su fuente de alimentaci\u00f3n? <\/p>\n<\/h3>\n<p class=\"aplus-answer aplus-p2\"> Viene con un adaptador de corriente UK 12V\/2A con puerto USB-C. <\/p>\n<h3>\n<p class=\"aplus-question aplus-p1\"> \u00bfPermite conectar perif\u00e9ricos inal\u00e1mbricos? <\/p>\n<\/h3>\n<p class=\"aplus-answer aplus-p2\"> S\u00ed, permite conectar perif\u00e9ricos inal\u00e1mbricos. Soporta Bluetooth 5.1 para conectar con teclado inal\u00e1mbrico, rat\u00f3n, impresora, webcam. <\/p>\n<h3>\n<p class=\"aplus-question aplus-p1\"> \u00bfCu\u00e1ntos puertos USB tiene? <\/p>\n<\/h3>\n<p class=\"aplus-answer aplus-p2\"> Tiene 3 puertos usb:1x USB3.2 Gen 2=10Gbps, 1x USB3.2 Gen 1=510Gbps, 1x USB2.0=480Mbps <\/p>\n<h3 class=\"a-text-center aplus-h1 a-text-bold\"> Comparativa de Mini PC MeLE <\/h3>\n<p>                         Add To Basket  <\/p>\n<p>                         Add To Basket  <\/p>\n<p>                         Add To Basket  <\/p>\n<p>                         Add To Basket  <\/p>\n<p>                         Add To Basket  <\/p>\n<p>                                     Customer Reviews  <\/p>\n<p>                    4.3 out of 5 stars  36  <\/p>\n<p>                    4.3 out of 5 stars  1,242  <\/p>\n<p>                    4.3 out of 5 stars  1,242  <\/p>\n<p>                    4.3 out of 5 stars  1,242  <\/p>\n<p>                    4.3 out of 5 stars  1,242  <\/p>\n<p>                    4.3 out of 5 stars  432  <\/p>\n<p>                    4.3 out of 5 stars  432  <\/p>\n<p>                                     Price  <\/p>\n<p>                                                        \u2014    <\/p>\n<p>                                                        \u20ac479.99\u20ac479.99     <\/p>\n<p>                                                        \u20ac479.99\u20ac479.99     <\/p>\n<p>                                                        \u20ac479.99\u20ac479.99     <\/p>\n<p>                                                        \u2014    <\/p>\n<p>                                                        \u20ac369.99\u20ac369.99     <\/p>\n<p>                                                        \u20ac359.99\u20ac359.99     <\/p>\n<p>                                     Procesador  <\/p>\n<p>                                                N150    <\/p>\n<p>                                                N100    <\/p>\n<p>                                                N100    <\/p>\n<p>                                                N100    <\/p>\n<p>                                                Core i5 12450H    <\/p>\n<p>                                                N100    <\/p>\n<p>                                                N100    <\/p>\n<p>                                     TDP  <\/p>\n<p>                                                8W    <\/p>\n<p>                                                6W    <\/p>\n<p>                                                6W    <\/p>\n<p>                                                10W    <\/p>\n<p>                                                45W    <\/p>\n<p>                                                6W    <\/p>\n<p>                                                7W    <\/p>\n<p>                                     Tama\u00f1o memoria  <\/p>\n<p>                                                4GB\/8GB\/16GB\/32GB    <\/p>\n<p>                                                4GB\/8GB\/16GB\/32GB    <\/p>\n<p>                                                4GB\/8GB\/16GB\/32GB    <\/p>\n<p>                                                4GB\/8GB\/16GB    <\/p>\n<p>                                                16GB\/32GB    <\/p>\n<p>                                                4GB\/8GB    <\/p>\n<p>                                                4GB\/8GB    <\/p>\n<p>                                     Frecuencia de r\u00e1fagas  <\/p>\n<p>                                                2.9GHz    <\/p>\n<p>                                                3.4GHz    <\/p>\n<p>                                                3.4GHz    <\/p>\n<p>                                                3.4GHz    <\/p>\n<p>                                                3.4GHz    <\/p>\n<p>                                                3.4GHz    <\/p>\n<p>                                                3.4GHz    <\/p>\n<p>                                     Almac\u00e9n  <\/p>\n<p>                                                128GB\/256GB\/512GB     <\/p>\n<p>                                                128GB\/256GB\/512GB     <\/p>\n<p>                                                128GB\/256GB\/512GB     <\/p>\n<p>                                                128GB\/256GB\/512GB     <\/p>\n<p>                                                512GB \/1TB    <\/p>\n<p>                                                128GB\/256GB    <\/p>\n<p>                                                128GB\/256GB    <\/p>\n<p>                                     Memoria Tipo  <\/p>\n<p>                                                LPDDR5x    <\/p>\n<p>                                                LPDDR4x    <\/p>\n<p>                                                DDR4 (SO-DIMM)    <\/p>\n<p>                                                LPDDR4x    <\/p>\n<p>                                                DDR4x    <\/p>\n<p>                                                LPDDR4x    <\/p>\n<p>                                                LPDDR4x    <\/p>\n<p>                                     Wi-Fi  <\/p>\n<p>                                                Wi-Fi 5    <\/p>\n<p>                                                Wi-Fi 5    <\/p>\n<p>                                                Wi-Fi 5    <\/p>\n<p>                                                Wi-Fi 5    <\/p>\n<p>                                                Wi-Fi 5    <\/p>\n<p>                                                Wi-Fi 5    <\/p>\n<p>                                                Wi-Fi 5    <\/p>\n<p>                                     Bluetooth  <\/p>\n<p>                                                BT 5.1    <\/p>\n<p>                                                BT 5.1    <\/p>\n<p>                                                BT 5.1    <\/p>\n<p>                                                BT 5.1    <\/p>\n<p>                                                BT 5.1    <\/p>\n<p>                                                BT 5.1    <\/p>\n<p>                                                BT 5.1    <\/p>\n<p>                                     Sin ventilador  <\/p>\n<p>                                                    \u2714       <\/p>\n<p>                                                    \u2714       <\/p>\n<p>                                                    \u2718      <\/p>\n<p>                                                    \u2714       <\/p>\n<p>                                                    \u2718      <\/p>\n<p>                                                    \u2714       <\/p>\n<p>                                                    \u2714       <\/p>\n<p>                                     autoencendido  <\/p>\n<p>                                                    \u2714       <\/p>\n<p>                                                    \u2714       <\/p>\n<p>                                                    \u2714       <\/p>\n<p>                                                    \u2714       <\/p>\n<p>                                                    \u2714       <\/p>\n<p>                                                    \u2714       <\/p>\n<p>                                                    \u2714       <\/p>\n<p>                                     Despierta en l\u00ednea  <\/p>\n<p>                                                    \u2714       <\/p>\n<p>                                                    \u2714       <\/p>\n<p>                                                    \u2714       <\/p>\n<p>                                                    \u2714       <\/p>\n<p>                                                    \u2714       <\/p>\n<p>                                                    \u2714       <\/p>\n<p>                                                    \u2714       <\/p>\n<p>                                     Pxe\/ipxe  <\/p>\n<p>                                                    \u2714       <\/p>\n<p>                                                    \u2714       <\/p>\n<p>                                                    \u2714       <\/p>\n<p>                                                    \u2714       <\/p>\n<p>                                                    \u2714       <\/p>\n<p>                                                    \u2714       <\/p>\n<p>                                                    \u2714       <\/p>\n<p> Batteries                                            \u200f                                            :                                            \u200e                                            1 Nonstandard Battery batteries required. (included)   <br \/> Package Dimensions                                            \u200f                                            :                                            \u200e                                            16.69 x 11 x 6.6 cm; 481 g   <br \/> Manufacturer                                            \u200f                                            :                                            \u200e                                            MeLE Technologies (Shenzhen) Co., Ltd.   <br \/> ASIN                                            \u200f                                            :                                            \u200e                                            B0DZWVXNZC   <br \/> Item model number                                            \u200f                                            :                                            \u200e                                            Quieter 4C   <br \/> Country of origin                                            \u200f                                            :                                            \u200e                                            China   <br \/> Guaranteed software updates until                                            \u200f                                            :                                            \u200e                                            unknown   <br \/>  Customer reviews:                                                                                            4.3               4.3 out of 5 stars                                  (36)                                              var dpAcrHasRegisteredArcLinkClickAction;                    P.when(&#8216;A&#8217;, &#8216;ready&#8217;).execute(function(A) {                        if (dpAcrHasRegisteredArcLinkClickAction !== true) {                            dpAcrHasRegisteredArcLinkClickAction = true;                            A.declarative(                                &#8216;acrLink-click-metrics&#8217;, &#8216;click&#8217;,                                { \u00aballowLinkDefault\u00bb: true },                                function (event) {                                    if (window.ue) {                                        ue.count(\u00abacrLinkClickCount\u00bb, (ue.count(\u00abacrLinkClickCount\u00bb) || 0) + 1);                                    }                                }                            );                        }                    });                                             P.when(&#8216;A&#8217;, &#8216;cf&#8217;).execute(function(A) {                A.declarative(&#8216;acrStarsLink-click-metrics&#8217;, &#8216;click&#8217;, { \u00aballowLinkDefault\u00bb : true },  function(event){                    if(window.ue) {                        ue.count(\u00abacrStarsLinkWithPopoverClickCount\u00bb, (ue.count(\u00abacrStarsLinkWithPopoverClickCount\u00bb) || 0) + 1);                    }                });            });                          <\/p>\n<p>NEXT GENERATION PERFORMANCE &#8211; The MeLE Quieter 4C N150 uses the latest Intel Twin Lake N150 processor (4 cores, 4 threads, 6MB cache) with turbo speed up to 3.6GHz. Delivers 6-10% more performance than the Alder Lake series and 15% more than the N95, ideal for everyday tasks, office, home entertainment, industry and astrophotography.<br \/>High Speed and Expandable Storage \u2013 32GB of LPDDR5x RAM and 512GB of storage ensure fast for telecommuting, offices, IoT or education. Expand storage with Micro SD slot (up to 2TB) and M.2 2280 SSD slot (up to 4TB, support NVMe\/SATA).<br \/>Dual HDMI &#038; USB-C Multifunction &#8211; Supports triple display in 4K@60Hz via 2 HDMI and 1 USB-C ports. USB-C PD3.0 port manages 4K display, data transfer and power. VESA mount to optimize space.<br \/>Versatile Connectivity &#8211; Wi-Fi 5 (dual band 2.4\/5GHz) and Bluetooth 5.1 ensure stable connection. Flexible power supply via PD3.0 (12-20V, minimum 36W) for portable use.<br \/>Elegant fanless design \u2013 passive cooling without noise or dust (surface temperature: 55\u201370\u00b0C). IEC62368-1:2018 certified for industrial, home or continuous multimedia use.<\/p>\n\n","protected":false},"excerpt":{"rendered":"<p> Product Description The video showcases the product in use.The video guides you through product setup.The<\/p>","protected":false},"featured_media":32160,"comment_status":"open","ping_status":"closed","template":"","meta":[],"product_brand":[],"product_cat":[89],"product_tag":[902,536,777,776,785,778,9238,782,1004,784,539,298,2414,9237,783,544,626,1093,5155,2412,511,215,691,780,2413,779,513,781,9236,188],"class_list":{"0":"post-32159","1":"product","2":"type-product","3":"status-publish","4":"has-post-thumbnail","6":"product_cat-all-in-one-pcs","7":"product_tag-32gb","8":"product_tag-512gb","9":"product_tag-all-in-one-desktop","10":"product_tag-all-in-one-pc","11":"product_tag-all-in-one-pc-price","12":"product_tag-apple-imac","13":"product_tag-astrography","14":"product_tag-best-all-in-one-computer","15":"product_tag-compact","16":"product_tag-compact-pc","17":"product_tag-computer","18":"product_tag-dual","19":"product_tag-fanless","20":"product_tag-functional","21":"product_tag-gaming-all-in-one-pc","22":"product_tag-hdmi","23":"product_tag-home","24":"product_tag-ideal","25":"product_tag-iot","26":"product_tag-mele","27":"product_tag-memory","28":"product_tag-mini","29":"product_tag-n150","30":"product_tag-office-all-in-one-pc","31":"product_tag-quieter4c","32":"product_tag-slim-all-in-one-pc","33":"product_tag-ssd","34":"product_tag-touchscreen-all-in-one-pc","35":"product_tag-ultrasilencious","36":"product_tag-usbc","38":"first","39":"instock","40":"shipping-taxable","41":"product-type-external"},"_links":{"self":[{"href":"https:\/\/comprasyconsejos.store\/en\/wp-json\/wp\/v2\/product\/32159","targetHints":{"allow":["GET"]}}],"collection":[{"href":"https:\/\/comprasyconsejos.store\/en\/wp-json\/wp\/v2\/product"}],"about":[{"href":"https:\/\/comprasyconsejos.store\/en\/wp-json\/wp\/v2\/types\/product"}],"replies":[{"embeddable":true,"href":"https:\/\/comprasyconsejos.store\/en\/wp-json\/wp\/v2\/comments?post=32159"}],"version-history":[{"count":0,"href":"https:\/\/comprasyconsejos.store\/en\/wp-json\/wp\/v2\/product\/32159\/revisions"}],"wp:featuredmedia":[{"embeddable":true,"href":"https:\/\/comprasyconsejos.store\/en\/wp-json\/wp\/v2\/media\/32160"}],"wp:attachment":[{"href":"https:\/\/comprasyconsejos.store\/en\/wp-json\/wp\/v2\/media?parent=32159"}],"wp:term":[{"taxonomy":"product_brand","embeddable":true,"href":"https:\/\/comprasyconsejos.store\/en\/wp-json\/wp\/v2\/product_brand?post=32159"},{"taxonomy":"product_cat","embeddable":true,"href":"https:\/\/comprasyconsejos.store\/en\/wp-json\/wp\/v2\/product_cat?post=32159"},{"taxonomy":"product_tag","embeddable":true,"href":"https:\/\/comprasyconsejos.store\/en\/wp-json\/wp\/v2\/product_tag?post=32159"}],"curies":[{"name":"wp","href":"https:\/\/api.w.org\/{rel}","templated":true}]}}