{"id":32170,"date":"2026-02-23T03:14:18","date_gmt":"2026-02-23T03:14:18","guid":{"rendered":"https:\/\/comprasyconsejos.store\/product\/tribesigns-160cm-executive-desk-large-office-computer-desk-with-extra-thick-wood-table-and-metal-frame-work-table-study-table-for-office-vintage-brown\/"},"modified":"2026-02-23T03:14:29","modified_gmt":"2026-02-23T03:14:29","slug":"tribesigns-160cm-executive-desk-large-office-computer-desk-with-extra-thick-wood-table-and-metal-frame-work-table-study-table-for-office-vintage-brown","status":"publish","type":"product","link":"https:\/\/comprasyconsejos.store\/en\/product\/tribesigns-160cm-executive-desk-large-office-computer-desk-with-extra-thick-wood-table-and-metal-frame-work-table-study-table-for-office-vintage-brown\/","title":{"rendered":"Tribesigns 160cm Executive Desk, Large Office Computer Desk with Extra Thick Wood Table and Metal Frame, Work Table, Study Table for Office, Vintage Brown"},"content":{"rendered":"<p>Price: <span style=\"color:#b12704\">\u20ac195.99<\/span><br \/><i><small>(as of Feb 23, 2026 03:14:18 UTC &#8211; <span class=\"wp_automatic_amazon_disclaimer\" title=\"Product prices and availability are accurate as of the date\/time indicated and are subject to change. Any price and availability information displayed on [relevant Amazon Site(s), as applicable] at the time of purchase will apply to the purchase of this product.\">Details<\/span>)<\/small><\/i><\/p>\n<p><a href=\"https:\/\/amazon.es\/dp\/B0C4T79S1R?tag=man008-21\"><img decoding=\"async\" src=\"https:\/\/valvepress.s3.amazonaws.com\/imgs\/buy_now.png\"><\/a><br \/>\n<\/p>\n<p>                                             Product Description   <\/p>\n<p>                                                                                                       <img decoding=\"async\" alt=\"moderno para oficina en casa con tapa de madera y patas con marco en X de metal negro. Se muestra en una habitaci\u00f3n luminosa y minimalista.\" src=\"https:\/\/images-na.ssl-images-amazon.com\/images\/G\/01\/x-locale\/common\/grey-pixel.gif\" class=\"a-lazy-loaded\" data-src=\"https:\/\/m.media-amazon.com\/images\/S\/aplus-media-library-service-media\/1df4508b-7159-41c0-b5d0-56214d2ccbd8.__CR0,0,1464,600_PT0_SX1464_V1___.jpg\"><img decoding=\"async\" alt=\"moderno para oficina en casa con tapa de madera y patas con marco en X de metal negro. Se muestra en una habitaci\u00f3n luminosa y minimalista.\" src=\"https:\/\/m.media-amazon.com\/images\/S\/aplus-media-library-service-media\/1df4508b-7159-41c0-b5d0-56214d2ccbd8.__CR0,0,1464,600_PT0_SX1464_V1___.jpg\">                                               <\/p>\n<p>                                                                     Tribesigns Escritorio de oficina 160cm Gro\u00dfer Computertisch                                            <img decoding=\"async\" alt=\"Escritorio grande de madera para ordenador con patas en forma de X de metal negro, que se muestra en el entorno de la oficina con los iconos de las caracter\u00edsticas del producto en la parte inferior\" src=\"https:\/\/images-na.ssl-images-amazon.com\/images\/G\/01\/x-locale\/common\/grey-pixel.gif\" class=\"a-lazy-loaded\" data-src=\"https:\/\/m.media-amazon.com\/images\/S\/aplus-media-library-service-media\/11a17266-ee57-4d72-b560-5ce5c3114213.__CR0,0,1464,600_PT0_SX1464_V1___.jpg\"><img decoding=\"async\" alt=\"Escritorio grande de madera para ordenador con patas en forma de X de metal negro, que se muestra en el entorno de la oficina con los iconos de las caracter\u00edsticas del producto en la parte inferior\" src=\"https:\/\/m.media-amazon.com\/images\/S\/aplus-media-library-service-media\/11a17266-ee57-4d72-b560-5ce5c3114213.__CR0,0,1464,600_PT0_SX1464_V1___.jpg\">                                               <\/p>\n<h3 class=\"aplus-h1 aplus-module-1-heading a-text-bold\"> Escritorio grande Tribesigns 160cm <\/h3>\n<p class=\"aplus-p2 aplus-module-1-description\">\n<p>Un escritorio sencillo y bien dise\u00f1ado que ofrece espacio para dos monitores y se adapta a cualquier interior.Robusto gracias a su estructura de acero con recubrimiento en polvo y su gruesa tapa de madera, que adem\u00e1s es impermeable y resistente a los ara\u00f1azos.Uso vers\u00e1til como mesa de ordenador y de trabajo, escritorio, mesa de comedor, mesa de conferencias, mesa de costura o mesa de juegos.                                            <img decoding=\"async\" alt=\"de estilo industrial con tapa de madera y base met\u00e1lica con marco en X, combinado con una silla de oficina, junto a una ventana con cortinas azules\" src=\"https:\/\/images-na.ssl-images-amazon.com\/images\/G\/01\/x-locale\/common\/grey-pixel.gif\" class=\"a-lazy-loaded\" data-src=\"https:\/\/m.media-amazon.com\/images\/S\/aplus-media-library-service-media\/ce4e4bf1-061c-41bc-9a36-f08029f9c73b.__CR0,293,1800,1350_PT0_SX800_V1___.jpg\"><img decoding=\"async\" alt=\"de estilo industrial con tapa de madera y base met\u00e1lica con marco en X, combinado con una silla de oficina, junto a una ventana con cortinas azules\" src=\"https:\/\/m.media-amazon.com\/images\/S\/aplus-media-library-service-media\/ce4e4bf1-061c-41bc-9a36-f08029f9c73b.__CR0,293,1800,1350_PT0_SX800_V1___.jpg\">          <\/p>\n<p>                                                                                              <img decoding=\"async\" alt=\"de madera con marco de metal para oficina en casa. Cuenta con computadora port\u00e1til, l\u00e1mpara y art\u00edculos decorativos. Ventana grande visible en segundo plano.\" src=\"https:\/\/images-na.ssl-images-amazon.com\/images\/G\/01\/x-locale\/common\/grey-pixel.gif\" class=\"a-lazy-loaded\" data-src=\"https:\/\/m.media-amazon.com\/images\/S\/aplus-media-library-service-media\/3991cd92-9a79-40ea-a1e7-0496e5ec6ce4.__CR0,0,650,350_PT0_SX650_V1___.jpg\"><img decoding=\"async\" alt=\"de madera con marco de metal para oficina en casa. Cuenta con computadora port\u00e1til, l\u00e1mpara y art\u00edculos decorativos. Ventana grande visible en segundo plano.\" src=\"https:\/\/m.media-amazon.com\/images\/S\/aplus-media-library-service-media\/3991cd92-9a79-40ea-a1e7-0496e5ec6ce4.__CR0,0,650,350_PT0_SX650_V1___.jpg\">                                            Trabajo c\u00f3modo con mucho espacio                                         <\/p>\n<p class=\"aplus-p3\"> Este espacioso escritorio para ordenador dispone de una amplia superficie de trabajo. 160x 80 cm <\/p>\n<p class=\"aplus-p3\"> El generoso espacio bajo el escritorio garantiza la comodidad de la silla y el armario m\u00f3vil para que pueda estirar las piernas y relajarse tras un duro d\u00eda de trabajo. <\/p>\n<p>                                           <img decoding=\"async\" alt=\"Dos bancos o taburetes de madera con patas met\u00e1licas en forma de X. La tapa de madera oscura contrasta con la estructura de metal negro. Apto para uso interior o exterior.\" src=\"https:\/\/images-na.ssl-images-amazon.com\/images\/G\/01\/x-locale\/common\/grey-pixel.gif\" class=\"a-lazy-loaded\" data-src=\"https:\/\/m.media-amazon.com\/images\/S\/aplus-media-library-service-media\/8f788d28-c9cc-48df-a546-753f8410522e.__CR0,0,650,350_PT0_SX650_V1___.jpg\"><img decoding=\"async\" alt=\"Dos bancos o taburetes de madera con patas met\u00e1licas en forma de X. La tapa de madera oscura contrasta con la estructura de metal negro. Apto para uso interior o exterior.\" src=\"https:\/\/m.media-amazon.com\/images\/S\/aplus-media-library-service-media\/8f788d28-c9cc-48df-a546-753f8410522e.__CR0,0,650,350_PT0_SX650_V1___.jpg\">                                            Construcci\u00f3n duradera para un mejor servicio                                         <\/p>\n<p class=\"aplus-p3\"> Los tubos met\u00e1licos de 5 x 5 cm de grosor y los tableros extra gruesos de 4 cm hacen que este escritorio de oficina sea superestable, y el dise\u00f1o triangular soldado proporciona a\u00fan m\u00e1s estabilidad. <\/p>\n<p>                                                                                              <img decoding=\"async\" alt=\"con tapa de madera y patas en forma de X de metal negro. Dise\u00f1o de estilo industrial con l\u00edneas limpias y\" src=\"https:\/\/images-na.ssl-images-amazon.com\/images\/G\/01\/x-locale\/common\/grey-pixel.gif\" class=\"a-lazy-loaded\" data-src=\"https:\/\/m.media-amazon.com\/images\/S\/aplus-media-library-service-media\/a7868869-c905-43ba-9833-e0e4fd8cb517.__CR0,0,300,225_PT0_SX300_V1___.jpg\"><img decoding=\"async\" alt=\"con tapa de madera y patas en forma de X de metal negro. Dise\u00f1o de estilo industrial con l\u00edneas limpias y\" src=\"https:\/\/m.media-amazon.com\/images\/S\/aplus-media-library-service-media\/a7868869-c905-43ba-9833-e0e4fd8cb517.__CR0,0,300,225_PT0_SX300_V1___.jpg\">                                            Dise\u00f1o exclusivo de las patas                                         <\/p>\n<p class=\"aplus-p3\"> Con l\u00edneas limpias y un patr\u00f3n geom\u00e9trico, este escritorio ofrece un complemento moderno, funcional y con estilo para su oficina en casa. <\/p>\n<p>                                           <img decoding=\"async\" alt=\"Primer plano de la superficie de madera que muestra gotas de agua y marcas de medici\u00f3n de 4 cm, que demuestran las propiedades de resistencia al agua\" src=\"https:\/\/images-na.ssl-images-amazon.com\/images\/G\/01\/x-locale\/common\/grey-pixel.gif\" class=\"a-lazy-loaded\" data-src=\"https:\/\/m.media-amazon.com\/images\/S\/aplus-media-library-service-media\/7b9ef262-2de7-4f3f-a1d2-bb72ae3506a4.__CR0,38,300,225_PT0_SX300_V1___.jpg\"><img decoding=\"async\" alt=\"Primer plano de la superficie de madera que muestra gotas de agua y marcas de medici\u00f3n de 4 cm, que demuestran las propiedades de resistencia al agua\" src=\"https:\/\/m.media-amazon.com\/images\/S\/aplus-media-library-service-media\/7b9ef262-2de7-4f3f-a1d2-bb72ae3506a4.__CR0,38,300,225_PT0_SX300_V1___.jpg\">                                            Cart\u00f3n de alta calidad                                         <\/p>\n<p class=\"aplus-p3\"> Utilizamos cart\u00f3n de alta calidad para garantizar una larga vida \u00fatil. Impermeable y especialmente resistente a los ara\u00f1azos. <\/p>\n<p>                                           <img decoding=\"async\" alt=\"Diagrama t\u00e9cnico que muestra marcadores de medici\u00f3n de 4 cm x 4 cm sobre una superficie gris oscuro con l\u00edneas de medici\u00f3n verdes\" src=\"https:\/\/images-na.ssl-images-amazon.com\/images\/G\/01\/x-locale\/common\/grey-pixel.gif\" class=\"a-lazy-loaded\" data-src=\"https:\/\/m.media-amazon.com\/images\/S\/aplus-media-library-service-media\/1b0d4659-e0d6-41bc-980a-592dfc6c250e.__CR0,0,300,225_PT0_SX300_V1___.jpg\"><img decoding=\"async\" alt=\"Diagrama t\u00e9cnico que muestra marcadores de medici\u00f3n de 4 cm x 4 cm sobre una superficie gris oscuro con l\u00edneas de medici\u00f3n verdes\" src=\"https:\/\/m.media-amazon.com\/images\/S\/aplus-media-library-service-media\/1b0d4659-e0d6-41bc-980a-592dfc6c250e.__CR0,0,300,225_PT0_SX300_V1___.jpg\">                                            Robusto armaz\u00f3n met\u00e1lico                                         <\/p>\n<p class=\"aplus-p3\"> El armaz\u00f3n de tubos met\u00e1licos de 4 cm x 4 cm de grosor aumenta la estabilidad y durabilidad de toda la mesa y, adem\u00e1s, es f\u00e1cil de montar. <\/p>\n<p>                                           <img decoding=\"async\" alt=\"Primer plano de un dispositivo circular negro con una flecha verde que indica un movimiento de rotaci\u00f3n, probablemente una base giratoria o un tocadiscos\" src=\"https:\/\/images-na.ssl-images-amazon.com\/images\/G\/01\/x-locale\/common\/grey-pixel.gif\" class=\"a-lazy-loaded\" data-src=\"https:\/\/m.media-amazon.com\/images\/S\/aplus-media-library-service-media\/643604a5-e259-40df-91d5-7e36fed42c2c.__CR0,0,300,225_PT0_SX300_V1___.jpg\"><img decoding=\"async\" alt=\"Primer plano de un dispositivo circular negro con una flecha verde que indica un movimiento de rotaci\u00f3n, probablemente una base giratoria o un tocadiscos\" src=\"https:\/\/m.media-amazon.com\/images\/S\/aplus-media-library-service-media\/643604a5-e259-40df-91d5-7e36fed42c2c.__CR0,0,300,225_PT0_SX300_V1___.jpg\">                                            Reposapi\u00e9s ajustable                                         <\/p>\n<p class=\"aplus-p3\"> Equipada con reposapi\u00e9s ajustables que mantienen la mesa estable incluso en suelos irregulares y protegen el suelo de ara\u00f1azos. <\/p>\n<h3 class=\"a-size-extra-large a-spacing-base a-text-center\"> Especificaciones del producto <\/h3>\n<p>                                                        Dimensiones del art\u00edculo:                                    160 x 80 x 75 cm                                        Peso del art\u00edculo                                    22.8 kg                                        Material                                    Tablero aglomerado E1 + pata met\u00e1lica tubular con revestimiento en polvo                                        Color                                    Vintage marr\u00f3n+negro                                        Capacidad de carga                                    100 kg                                        Automontaje:                                    S\u00ed, se suministran todos los accesorios, herramientas e instrucciones de montaje                                        Estilo                                    Moderno e industrial                                        Uso ideal                                    Oficina en casa, estudio, dormitorio o habitaci\u00f3n                  <\/p>\n<p>                                                                                                       <img decoding=\"async\" alt=\"Moderna sala de conferencias con mesa de madera de estilo industrial, sillas de oficina color canela y accesorios de iluminaci\u00f3n contempor\u00e1neos\" src=\"https:\/\/images-na.ssl-images-amazon.com\/images\/G\/01\/x-locale\/common\/grey-pixel.gif\" class=\"a-lazy-loaded\" data-src=\"https:\/\/m.media-amazon.com\/images\/S\/aplus-media-library-service-media\/edb8c833-8a4f-4c23-8e2e-d71238a2d5eb.__CR0,0,1464,600_PT0_SX1464_V1___.jpg\"><img decoding=\"async\" alt=\"Moderna sala de conferencias con mesa de madera de estilo industrial, sillas de oficina color canela y accesorios de iluminaci\u00f3n contempor\u00e1neos\" src=\"https:\/\/m.media-amazon.com\/images\/S\/aplus-media-library-service-media\/edb8c833-8a4f-4c23-8e2e-d71238a2d5eb.__CR0,0,1464,600_PT0_SX1464_V1___.jpg\">                                               <\/p>\n<p> Product Dimensions                                            \u200f                                            :                                            \u200e                                            160.02 x 70.1 x 74.93 cm; 26 kg   <br \/> Manufacturer                                            \u200f                                            :                                            \u200e                                            Tribesigns   <br \/> ASIN                                            \u200f                                            :                                            \u200e                                            B0C4T79S1R   <br \/> Item model number                                            \u200f                                            :                                            \u200e                                            XK00700   <br \/> Country of origin                                            \u200f                                            :                                            \u200e                                            China   <br \/>  Customer reviews:                                                                                            4.6               4.6 out of 5 stars                                  (190)                                              var dpAcrHasRegisteredArcLinkClickAction;                    P.when(&#8216;A&#8217;, &#8216;ready&#8217;).execute(function(A) {                        if (dpAcrHasRegisteredArcLinkClickAction !== true) {                            dpAcrHasRegisteredArcLinkClickAction = true;                            A.declarative(                                &#8216;acrLink-click-metrics&#8217;, &#8216;click&#8217;,                                { \u00aballowLinkDefault\u00bb: true },                                function (event) {                                    if (window.ue) {                                        ue.count(\u00abacrLinkClickCount\u00bb, (ue.count(\u00abacrLinkClickCount\u00bb) || 0) + 1);                                    }                                }                            );                        }                    });                                             P.when(&#8216;A&#8217;, &#8216;cf&#8217;).execute(function(A) {                A.declarative(&#8216;acrStarsLink-click-metrics&#8217;, &#8216;click&#8217;, { \u00aballowLinkDefault\u00bb : true },  function(event){                    if(window.ue) {                        ue.count(\u00abacrStarsLinkWithPopoverClickCount\u00bb, (ue.count(\u00abacrStarsLinkWithPopoverClickCount\u00bb) || 0) + 1);                    }                });            });                          <\/p>\n<p>Spacious Work Surface &#8211; Measuring 29.5&#8243; H x 63&#8243; W x 27.6&#8243; D overall, our executive desk offers ample space for all your work essentials including your laptop, books, office supplies, and paperwork. In addition, generous legroom and ample space under the desk ensure maximum comfort.<br \/>VERSATILE DESIGN &#8211; Our desk is perfect for any home office, whether you need a large computer desk, executive desk, or small conference desk. With its wider space, you can easily hold your laptop, PC, keyboard and desk accessories compared to other home office desks. Its soft desk is waterproof and easy to clean.<br \/>ELEGANT DESIGN &#8211; This large computer desk features charming wood grain style and black finishes, clean lines and angled metal legs offer eye-catching style, which works well with any home or office decor style.<br \/>BUILT TO LAST &#8211; Made with premium E1 particle board with beautiful veneer, and thicker 1.57&#8243; x 1.57&#8243; metal tubes, as well as extra thick 1.6&#8243; desktop, this desk is super sturdy. In addition, the triangular welding design provides extra stability for this computer desk.<br \/>EASY ASSEMBLY &#038; CUSTOMER SERVICE Our executive desk is easy to assemble, with every labeled part, hardware, tools and clear instructions included in the package. Also, our friendly customer service team is always here for you if you have any issues with our desk.<\/p>\n\n","protected":false},"excerpt":{"rendered":"<p> Product Description Tribesigns Escritorio de oficina 160cm Gro\u00dfer Computertisch Escritorio grande Tribesigns 160cm Un escritorio<\/p>","protected":false},"featured_media":32171,"comment_status":"open","ping_status":"closed","template":"","meta":[],"product_brand":[],"product_cat":[91],"product_tag":[9239,5508,803,801,805,539,1609,800,9240,299,1573,1041,2343,585,808,799,806,807,802,1094,3796,7361,7780,2945,804,2995,645],"class_list":{"0":"post-32170","1":"product","2":"type-product","3":"status-publish","4":"has-post-thumbnail","6":"product_cat-office-pcs","7":"product_tag-160cm","8":"product_tag-brown","9":"product_tag-budget-office-pc","10":"product_tag-business-desktop-pc","11":"product_tag-compact-desktop-pc","12":"product_tag-computer","13":"product_tag-desk","14":"product_tag-desktop-computer-for-office","15":"product_tag-executive","16":"product_tag-extra","17":"product_tag-frame","18":"product_tag-large","19":"product_tag-metal","20":"product_tag-office","21":"product_tag-office-computer-setup","22":"product_tag-office-pc","23":"product_tag-office-pc-ssd","24":"product_tag-reliable-office-pc","25":"product_tag-small-office-pc","26":"product_tag-study","27":"product_tag-table","28":"product_tag-thick","29":"product_tag-tribesigns","30":"product_tag-vintage","31":"product_tag-windows-office-pc","32":"product_tag-wood","33":"product_tag-work","35":"first","36":"instock","37":"shipping-taxable","38":"product-type-external"},"_links":{"self":[{"href":"https:\/\/comprasyconsejos.store\/en\/wp-json\/wp\/v2\/product\/32170","targetHints":{"allow":["GET"]}}],"collection":[{"href":"https:\/\/comprasyconsejos.store\/en\/wp-json\/wp\/v2\/product"}],"about":[{"href":"https:\/\/comprasyconsejos.store\/en\/wp-json\/wp\/v2\/types\/product"}],"replies":[{"embeddable":true,"href":"https:\/\/comprasyconsejos.store\/en\/wp-json\/wp\/v2\/comments?post=32170"}],"version-history":[{"count":0,"href":"https:\/\/comprasyconsejos.store\/en\/wp-json\/wp\/v2\/product\/32170\/revisions"}],"wp:featuredmedia":[{"embeddable":true,"href":"https:\/\/comprasyconsejos.store\/en\/wp-json\/wp\/v2\/media\/32171"}],"wp:attachment":[{"href":"https:\/\/comprasyconsejos.store\/en\/wp-json\/wp\/v2\/media?parent=32170"}],"wp:term":[{"taxonomy":"product_brand","embeddable":true,"href":"https:\/\/comprasyconsejos.store\/en\/wp-json\/wp\/v2\/product_brand?post=32170"},{"taxonomy":"product_cat","embeddable":true,"href":"https:\/\/comprasyconsejos.store\/en\/wp-json\/wp\/v2\/product_cat?post=32170"},{"taxonomy":"product_tag","embeddable":true,"href":"https:\/\/comprasyconsejos.store\/en\/wp-json\/wp\/v2\/product_tag?post=32170"}],"curies":[{"name":"wp","href":"https:\/\/api.w.org\/{rel}","templated":true}]}}